{"id":8601,"date":"2019-04-28T14:46:25","date_gmt":"2019-04-28T12:46:25","guid":{"rendered":"https:\/\/empow-her.com\/?post_type=product&#038;p=8601"},"modified":"2023-03-28T11:11:22","modified_gmt":"2023-03-28T09:11:22","slug":"totebag-2019","status":"publish","type":"product","link":"https:\/\/empow-her.com\/es\/produit\/totebag-2019\/","title":{"rendered":"ToteBag &#8211; Collection 2019"},"content":{"rendered":"","protected":false},"excerpt":{"rendered":"<p class=\"normal\"><span lang=\"fr\">Tote bag unisexe couleur cr\u00e8me en coton 100% biologique. <\/span><\/p>\n<p class=\"normal\"><span lang=\"fr\">Bord sup\u00e9rieur pli\u00e9 en deux pour plus de r\u00e9sistance et une finition nette et longues anses avec point de croix renforc\u00e9<\/span><\/p>\n<p class=\"normal\"><span lang=\"fr\">Taille unique. <\/span><\/p>\n<p class=\"normal\"><span lang=\"fr\">Tous les b\u00e9n\u00e9fices de la campagne serviront \u00e0 financer les activit\u00e9s de Empow\u2019Her \u00e0 travers le monde. <\/span><\/p>\n<p><a href=\"https:\/\/empow-her.com\/wp-content\/uploads\/2020\/02\/Logo-Certification-T-Shirt-A.png\"><img fetchpriority=\"high\" decoding=\"async\" class=\" wp-image-8593 alignleft\" src=\"https:\/\/empow-her.com\/wp-content\/uploads\/2020\/02\/Logo-Certification-T-Shirt-A.png\" alt=\"\" width=\"735\" height=\"151\" srcset=\"https:\/\/empow-her.com\/wp-content\/uploads\/2020\/02\/Logo-Certification-T-Shirt-A.png 1095w, https:\/\/empow-her.com\/wp-content\/uploads\/2020\/02\/Logo-Certification-T-Shirt-A-600x123.png 600w, https:\/\/empow-her.com\/wp-content\/uploads\/2020\/02\/Logo-Certification-T-Shirt-A-300x61.png 300w, https:\/\/empow-her.com\/wp-content\/uploads\/2020\/02\/Logo-Certification-T-Shirt-A-1024x209.png 1024w, https:\/\/empow-her.com\/wp-content\/uploads\/2020\/02\/Logo-Certification-T-Shirt-A-768x157.png 768w, https:\/\/empow-her.com\/wp-content\/uploads\/2020\/02\/Logo-Certification-T-Shirt-A-24x5.png 24w, https:\/\/empow-her.com\/wp-content\/uploads\/2020\/02\/Logo-Certification-T-Shirt-A-36x7.png 36w, https:\/\/empow-her.com\/wp-content\/uploads\/2020\/02\/Logo-Certification-T-Shirt-A-48x10.png 48w\" sizes=\"(max-width: 735px) 100vw, 735px\" \/><\/a><\/p>\n","protected":false},"featured_media":7586,"template":"","format":"standard","meta":{"_acf_changed":false,"om_disable_all_campaigns":false,"_uf_show_specific_survey":0,"_uf_disable_surveys":false},"product_brand":[],"product_cat":[93],"product_tag":[],"lieu":[],"thematiques":[],"class_list":{"0":"post-8601","1":"product","2":"type-product","3":"status-publish","4":"format-standard","5":"has-post-thumbnail","7":"product_cat-non-classe","9":"first","10":"outofstock","11":"shipping-taxable","12":"purchasable","13":"product-type-variable"},"exclude_global_add_ons":[],"addons":[],"acf":[],"yoast_head":"<!-- This site is optimized with the Yoast SEO plugin v24.8 - https:\/\/yoast.com\/wordpress\/plugins\/seo\/ -->\n<title>ToteBag - Collection 2019 - Empow&#039;Her<\/title>\n<meta name=\"robots\" content=\"index, follow, max-snippet:-1, max-image-preview:large, max-video-preview:-1\" \/>\n<link rel=\"canonical\" href=\"https:\/\/empow-her.com\/produit\/totebag-2019\/\" \/>\n<meta property=\"og:locale\" content=\"es_ES\" \/>\n<meta property=\"og:type\" content=\"article\" \/>\n<meta property=\"og:title\" content=\"ToteBag - Collection 2019 - Empow&#039;Her\" \/>\n<meta property=\"og:description\" content=\"Tote bag unisexe couleur cr\u00e8me en coton 100% biologique.  Bord sup\u00e9rieur pli\u00e9 en deux pour plus de r\u00e9sistance et une finition nette et longues anses avec point de croix renforc\u00e9 Taille unique.  Tous les b\u00e9n\u00e9fices de la campagne serviront \u00e0 financer les activit\u00e9s de Empow\u2019Her \u00e0 travers le monde.\" \/>\n<meta property=\"og:url\" content=\"https:\/\/empow-her.com\/produit\/totebag-2019\/\" \/>\n<meta property=\"og:site_name\" content=\"Empow&#039;Her\" \/>\n<meta property=\"article:modified_time\" content=\"2023-03-28T09:11:22+00:00\" \/>\n<meta property=\"og:image\" content=\"https:\/\/empow-her.com\/wp-content\/uploads\/2019\/03\/Tote-Bag-1-1.jpg\" \/>\n\t<meta property=\"og:image:width\" content=\"1200\" \/>\n\t<meta property=\"og:image:height\" content=\"1598\" \/>\n\t<meta property=\"og:image:type\" content=\"image\/jpeg\" \/>\n<meta name=\"twitter:card\" content=\"summary_large_image\" \/>\n<script type=\"application\/ld+json\" class=\"yoast-schema-graph\">{\"@context\":\"https:\/\/schema.org\",\"@graph\":[{\"@type\":\"WebPage\",\"@id\":\"https:\/\/empow-her.com\/produit\/totebag-2019\/\",\"url\":\"https:\/\/empow-her.com\/produit\/totebag-2019\/\",\"name\":\"ToteBag - Collection 2019 - Empow&#039;Her\",\"isPartOf\":{\"@id\":\"https:\/\/empow-her.com\/#website\"},\"primaryImageOfPage\":{\"@id\":\"https:\/\/empow-her.com\/produit\/totebag-2019\/#primaryimage\"},\"image\":{\"@id\":\"https:\/\/empow-her.com\/produit\/totebag-2019\/#primaryimage\"},\"thumbnailUrl\":\"https:\/\/empow-her.com\/wp-content\/uploads\/2019\/03\/Tote-Bag-1-1.jpg\",\"datePublished\":\"2019-04-28T12:46:25+00:00\",\"dateModified\":\"2023-03-28T09:11:22+00:00\",\"breadcrumb\":{\"@id\":\"https:\/\/empow-her.com\/produit\/totebag-2019\/#breadcrumb\"},\"inLanguage\":\"es\",\"potentialAction\":[{\"@type\":\"ReadAction\",\"target\":[\"https:\/\/empow-her.com\/produit\/totebag-2019\/\"]}]},{\"@type\":\"ImageObject\",\"inLanguage\":\"es\",\"@id\":\"https:\/\/empow-her.com\/produit\/totebag-2019\/#primaryimage\",\"url\":\"https:\/\/empow-her.com\/wp-content\/uploads\/2019\/03\/Tote-Bag-1-1.jpg\",\"contentUrl\":\"https:\/\/empow-her.com\/wp-content\/uploads\/2019\/03\/Tote-Bag-1-1.jpg\",\"width\":1200,\"height\":1598},{\"@type\":\"BreadcrumbList\",\"@id\":\"https:\/\/empow-her.com\/produit\/totebag-2019\/#breadcrumb\",\"itemListElement\":[{\"@type\":\"ListItem\",\"position\":1,\"name\":\"Accueil\",\"item\":\"https:\/\/empow-her.com\/es\/inicio\/\"},{\"@type\":\"ListItem\",\"position\":2,\"name\":\"LA BOUTIQUE\",\"item\":\"https:\/\/empow-her.com\/boutique\/\"},{\"@type\":\"ListItem\",\"position\":3,\"name\":\"ToteBag &#8211; Collection 2019\"}]},{\"@type\":\"WebSite\",\"@id\":\"https:\/\/empow-her.com\/#website\",\"url\":\"https:\/\/empow-her.com\/\",\"name\":\"Empow&#039;Her\",\"description\":\"Women Development\",\"potentialAction\":[{\"@type\":\"SearchAction\",\"target\":{\"@type\":\"EntryPoint\",\"urlTemplate\":\"https:\/\/empow-her.com\/?s={search_term_string}\"},\"query-input\":{\"@type\":\"PropertyValueSpecification\",\"valueRequired\":true,\"valueName\":\"search_term_string\"}}],\"inLanguage\":\"es\"}]}<\/script>\n<!-- \/ Yoast SEO plugin. -->","yoast_head_json":{"title":"ToteBag - Collection 2019 - Empow&#039;Her","robots":{"index":"index","follow":"follow","max-snippet":"max-snippet:-1","max-image-preview":"max-image-preview:large","max-video-preview":"max-video-preview:-1"},"canonical":"https:\/\/empow-her.com\/produit\/totebag-2019\/","og_locale":"es_ES","og_type":"article","og_title":"ToteBag - Collection 2019 - Empow&#039;Her","og_description":"Tote bag unisexe couleur cr\u00e8me en coton 100% biologique.  Bord sup\u00e9rieur pli\u00e9 en deux pour plus de r\u00e9sistance et une finition nette et longues anses avec point de croix renforc\u00e9 Taille unique.  Tous les b\u00e9n\u00e9fices de la campagne serviront \u00e0 financer les activit\u00e9s de Empow\u2019Her \u00e0 travers le monde.","og_url":"https:\/\/empow-her.com\/produit\/totebag-2019\/","og_site_name":"Empow&#039;Her","article_modified_time":"2023-03-28T09:11:22+00:00","og_image":[{"width":1200,"height":1598,"url":"https:\/\/empow-her.com\/wp-content\/uploads\/2019\/03\/Tote-Bag-1-1.jpg","type":"image\/jpeg"}],"twitter_card":"summary_large_image","schema":{"@context":"https:\/\/schema.org","@graph":[{"@type":"WebPage","@id":"https:\/\/empow-her.com\/produit\/totebag-2019\/","url":"https:\/\/empow-her.com\/produit\/totebag-2019\/","name":"ToteBag - Collection 2019 - Empow&#039;Her","isPartOf":{"@id":"https:\/\/empow-her.com\/#website"},"primaryImageOfPage":{"@id":"https:\/\/empow-her.com\/produit\/totebag-2019\/#primaryimage"},"image":{"@id":"https:\/\/empow-her.com\/produit\/totebag-2019\/#primaryimage"},"thumbnailUrl":"https:\/\/empow-her.com\/wp-content\/uploads\/2019\/03\/Tote-Bag-1-1.jpg","datePublished":"2019-04-28T12:46:25+00:00","dateModified":"2023-03-28T09:11:22+00:00","breadcrumb":{"@id":"https:\/\/empow-her.com\/produit\/totebag-2019\/#breadcrumb"},"inLanguage":"es","potentialAction":[{"@type":"ReadAction","target":["https:\/\/empow-her.com\/produit\/totebag-2019\/"]}]},{"@type":"ImageObject","inLanguage":"es","@id":"https:\/\/empow-her.com\/produit\/totebag-2019\/#primaryimage","url":"https:\/\/empow-her.com\/wp-content\/uploads\/2019\/03\/Tote-Bag-1-1.jpg","contentUrl":"https:\/\/empow-her.com\/wp-content\/uploads\/2019\/03\/Tote-Bag-1-1.jpg","width":1200,"height":1598},{"@type":"BreadcrumbList","@id":"https:\/\/empow-her.com\/produit\/totebag-2019\/#breadcrumb","itemListElement":[{"@type":"ListItem","position":1,"name":"Accueil","item":"https:\/\/empow-her.com\/es\/inicio\/"},{"@type":"ListItem","position":2,"name":"LA BOUTIQUE","item":"https:\/\/empow-her.com\/boutique\/"},{"@type":"ListItem","position":3,"name":"ToteBag &#8211; Collection 2019"}]},{"@type":"WebSite","@id":"https:\/\/empow-her.com\/#website","url":"https:\/\/empow-her.com\/","name":"Empow&#039;Her","description":"Women Development","potentialAction":[{"@type":"SearchAction","target":{"@type":"EntryPoint","urlTemplate":"https:\/\/empow-her.com\/?s={search_term_string}"},"query-input":{"@type":"PropertyValueSpecification","valueRequired":true,"valueName":"search_term_string"}}],"inLanguage":"es"}]}},"_links":{"self":[{"href":"https:\/\/empow-her.com\/es\/wp-json\/wp\/v2\/product\/8601","targetHints":{"allow":["GET"]}}],"collection":[{"href":"https:\/\/empow-her.com\/es\/wp-json\/wp\/v2\/product"}],"about":[{"href":"https:\/\/empow-her.com\/es\/wp-json\/wp\/v2\/types\/product"}],"wp:featuredmedia":[{"embeddable":true,"href":"https:\/\/empow-her.com\/es\/wp-json\/wp\/v2\/media\/7586"}],"wp:attachment":[{"href":"https:\/\/empow-her.com\/es\/wp-json\/wp\/v2\/media?parent=8601"}],"wp:term":[{"taxonomy":"product_brand","embeddable":true,"href":"https:\/\/empow-her.com\/es\/wp-json\/wp\/v2\/product_brand?post=8601"},{"taxonomy":"product_cat","embeddable":true,"href":"https:\/\/empow-her.com\/es\/wp-json\/wp\/v2\/product_cat?post=8601"},{"taxonomy":"product_tag","embeddable":true,"href":"https:\/\/empow-her.com\/es\/wp-json\/wp\/v2\/product_tag?post=8601"},{"taxonomy":"lieu","embeddable":true,"href":"https:\/\/empow-her.com\/es\/wp-json\/wp\/v2\/lieu?post=8601"},{"taxonomy":"thematiques","embeddable":true,"href":"https:\/\/empow-her.com\/es\/wp-json\/wp\/v2\/thematiques?post=8601"}],"curies":[{"name":"wp","href":"https:\/\/api.w.org\/{rel}","templated":true}]}}