{"id":8547,"date":"2020-02-27T20:14:46","date_gmt":"2020-02-27T19:14:46","guid":{"rendered":"https:\/\/empow-her.com\/?post_type=product&#038;p=8547"},"modified":"2023-03-28T11:12:09","modified_gmt":"2023-03-28T09:12:09","slug":"t-shirt-homme-2020","status":"publish","type":"product","link":"https:\/\/empow-her.com\/es\/produit\/t-shirt-homme-2020\/","title":{"rendered":"T-Shirt Homme &#8211; Collection 2020"},"content":{"rendered":"","protected":false},"excerpt":{"rendered":"<p class=\"normal\"><span lang=\"fr\">T-shirt blanc en coton biologique (100%) lab\u00e9lis\u00e9 Fair Wear, couleur vintage white. <\/span><span lang=\"fr\">\u00a0<\/span><\/p>\n<p class=\"normal\"><span lang=\"fr\">Manches mont\u00e9es, b<\/span><span lang=\"fr\">ande de propret\u00e9 int\u00e9rieur col dans la mati\u00e8re principale, surpiq\u00fbre double \u00e9troite en bas de manches et bas de corps.<\/span><\/p>\n<p class=\"normal\"><span lang=\"fr\">Tous les b\u00e9n\u00e9fices de la campagne serviront \u00e0 financer les activit\u00e9s de Empow\u2019Her \u00e0 travers le monde.<\/span><\/p>\n<p><a href=\"https:\/\/empow-her.com\/wp-content\/uploads\/2020\/02\/Logo-Certification-T-Shirt-A.png\"><img fetchpriority=\"high\" decoding=\"async\" class=\" wp-image-8593 alignleft\" src=\"https:\/\/empow-her.com\/wp-content\/uploads\/2020\/02\/Logo-Certification-T-Shirt-A.png\" alt=\"\" width=\"721\" height=\"148\" srcset=\"https:\/\/empow-her.com\/wp-content\/uploads\/2020\/02\/Logo-Certification-T-Shirt-A.png 1095w, https:\/\/empow-her.com\/wp-content\/uploads\/2020\/02\/Logo-Certification-T-Shirt-A-600x123.png 600w, https:\/\/empow-her.com\/wp-content\/uploads\/2020\/02\/Logo-Certification-T-Shirt-A-300x61.png 300w, https:\/\/empow-her.com\/wp-content\/uploads\/2020\/02\/Logo-Certification-T-Shirt-A-1024x209.png 1024w, https:\/\/empow-her.com\/wp-content\/uploads\/2020\/02\/Logo-Certification-T-Shirt-A-768x157.png 768w, https:\/\/empow-her.com\/wp-content\/uploads\/2020\/02\/Logo-Certification-T-Shirt-A-24x5.png 24w, https:\/\/empow-her.com\/wp-content\/uploads\/2020\/02\/Logo-Certification-T-Shirt-A-36x7.png 36w, https:\/\/empow-her.com\/wp-content\/uploads\/2020\/02\/Logo-Certification-T-Shirt-A-48x10.png 48w\" sizes=\"(max-width: 721px) 100vw, 721px\" \/><\/a><\/p>\n","protected":false},"featured_media":8597,"template":"","format":"standard","meta":{"_acf_changed":false,"om_disable_all_campaigns":false,"_uf_show_specific_survey":0,"_uf_disable_surveys":false},"product_brand":[],"product_cat":[93],"product_tag":[],"lieu":[],"thematiques":[],"class_list":{"0":"post-8547","1":"product","2":"type-product","3":"status-publish","4":"format-standard","5":"has-post-thumbnail","7":"product_cat-non-classe","9":"first","10":"outofstock","11":"shipping-taxable","12":"purchasable","13":"product-type-variable"},"exclude_global_add_ons":[],"addons":[],"acf":[],"yoast_head":"<!-- This site is optimized with the Yoast SEO plugin v24.8 - https:\/\/yoast.com\/wordpress\/plugins\/seo\/ -->\n<title>T-Shirt Homme - Collection 2020 - Empow&#039;Her<\/title>\n<meta name=\"robots\" content=\"index, follow, max-snippet:-1, max-image-preview:large, max-video-preview:-1\" \/>\n<link rel=\"canonical\" href=\"https:\/\/empow-her.com\/produit\/t-shirt-homme-2020\/\" \/>\n<meta property=\"og:locale\" content=\"es_ES\" \/>\n<meta property=\"og:type\" content=\"article\" \/>\n<meta property=\"og:title\" content=\"T-Shirt Homme - Collection 2020 - Empow&#039;Her\" \/>\n<meta property=\"og:description\" content=\"T-shirt blanc en coton biologique (100%) lab\u00e9lis\u00e9 Fair Wear, couleur vintage white. \u00a0 Manches mont\u00e9es, bande de propret\u00e9 int\u00e9rieur col dans la mati\u00e8re principale, surpiq\u00fbre double \u00e9troite en bas de manches et bas de corps. Tous les b\u00e9n\u00e9fices de la campagne serviront \u00e0 financer les activit\u00e9s de Empow\u2019Her \u00e0 travers le monde.\" \/>\n<meta property=\"og:url\" content=\"https:\/\/empow-her.com\/produit\/t-shirt-homme-2020\/\" \/>\n<meta property=\"og:site_name\" content=\"Empow&#039;Her\" \/>\n<meta property=\"article:modified_time\" content=\"2023-03-28T09:12:09+00:00\" \/>\n<meta property=\"og:image\" content=\"https:\/\/empow-her.com\/wp-content\/uploads\/2020\/02\/T-Shirt-Homme-2020-1-scaled.jpg\" \/>\n\t<meta property=\"og:image:width\" content=\"1707\" \/>\n\t<meta property=\"og:image:height\" content=\"2560\" \/>\n\t<meta property=\"og:image:type\" content=\"image\/jpeg\" \/>\n<meta name=\"twitter:card\" content=\"summary_large_image\" \/>\n<script type=\"application\/ld+json\" class=\"yoast-schema-graph\">{\"@context\":\"https:\/\/schema.org\",\"@graph\":[{\"@type\":\"WebPage\",\"@id\":\"https:\/\/empow-her.com\/produit\/t-shirt-homme-2020\/\",\"url\":\"https:\/\/empow-her.com\/produit\/t-shirt-homme-2020\/\",\"name\":\"T-Shirt Homme - Collection 2020 - Empow&#039;Her\",\"isPartOf\":{\"@id\":\"https:\/\/empow-her.com\/#website\"},\"primaryImageOfPage\":{\"@id\":\"https:\/\/empow-her.com\/produit\/t-shirt-homme-2020\/#primaryimage\"},\"image\":{\"@id\":\"https:\/\/empow-her.com\/produit\/t-shirt-homme-2020\/#primaryimage\"},\"thumbnailUrl\":\"https:\/\/empow-her.com\/wp-content\/uploads\/2020\/02\/T-Shirt-Homme-2020-1-scaled.jpg\",\"datePublished\":\"2020-02-27T19:14:46+00:00\",\"dateModified\":\"2023-03-28T09:12:09+00:00\",\"breadcrumb\":{\"@id\":\"https:\/\/empow-her.com\/produit\/t-shirt-homme-2020\/#breadcrumb\"},\"inLanguage\":\"es\",\"potentialAction\":[{\"@type\":\"ReadAction\",\"target\":[\"https:\/\/empow-her.com\/produit\/t-shirt-homme-2020\/\"]}]},{\"@type\":\"ImageObject\",\"inLanguage\":\"es\",\"@id\":\"https:\/\/empow-her.com\/produit\/t-shirt-homme-2020\/#primaryimage\",\"url\":\"https:\/\/empow-her.com\/wp-content\/uploads\/2020\/02\/T-Shirt-Homme-2020-1-scaled.jpg\",\"contentUrl\":\"https:\/\/empow-her.com\/wp-content\/uploads\/2020\/02\/T-Shirt-Homme-2020-1-scaled.jpg\",\"width\":1707,\"height\":2560},{\"@type\":\"BreadcrumbList\",\"@id\":\"https:\/\/empow-her.com\/produit\/t-shirt-homme-2020\/#breadcrumb\",\"itemListElement\":[{\"@type\":\"ListItem\",\"position\":1,\"name\":\"Accueil\",\"item\":\"https:\/\/empow-her.com\/es\/inicio\/\"},{\"@type\":\"ListItem\",\"position\":2,\"name\":\"LA BOUTIQUE\",\"item\":\"https:\/\/empow-her.com\/boutique\/\"},{\"@type\":\"ListItem\",\"position\":3,\"name\":\"T-Shirt Homme &#8211; Collection 2020\"}]},{\"@type\":\"WebSite\",\"@id\":\"https:\/\/empow-her.com\/#website\",\"url\":\"https:\/\/empow-her.com\/\",\"name\":\"Empow&#039;Her\",\"description\":\"Women Development\",\"potentialAction\":[{\"@type\":\"SearchAction\",\"target\":{\"@type\":\"EntryPoint\",\"urlTemplate\":\"https:\/\/empow-her.com\/?s={search_term_string}\"},\"query-input\":{\"@type\":\"PropertyValueSpecification\",\"valueRequired\":true,\"valueName\":\"search_term_string\"}}],\"inLanguage\":\"es\"}]}<\/script>\n<!-- \/ Yoast SEO plugin. -->","yoast_head_json":{"title":"T-Shirt Homme - Collection 2020 - Empow&#039;Her","robots":{"index":"index","follow":"follow","max-snippet":"max-snippet:-1","max-image-preview":"max-image-preview:large","max-video-preview":"max-video-preview:-1"},"canonical":"https:\/\/empow-her.com\/produit\/t-shirt-homme-2020\/","og_locale":"es_ES","og_type":"article","og_title":"T-Shirt Homme - Collection 2020 - Empow&#039;Her","og_description":"T-shirt blanc en coton biologique (100%) lab\u00e9lis\u00e9 Fair Wear, couleur vintage white. \u00a0 Manches mont\u00e9es, bande de propret\u00e9 int\u00e9rieur col dans la mati\u00e8re principale, surpiq\u00fbre double \u00e9troite en bas de manches et bas de corps. Tous les b\u00e9n\u00e9fices de la campagne serviront \u00e0 financer les activit\u00e9s de Empow\u2019Her \u00e0 travers le monde.","og_url":"https:\/\/empow-her.com\/produit\/t-shirt-homme-2020\/","og_site_name":"Empow&#039;Her","article_modified_time":"2023-03-28T09:12:09+00:00","og_image":[{"width":1707,"height":2560,"url":"https:\/\/empow-her.com\/wp-content\/uploads\/2020\/02\/T-Shirt-Homme-2020-1-scaled.jpg","type":"image\/jpeg"}],"twitter_card":"summary_large_image","schema":{"@context":"https:\/\/schema.org","@graph":[{"@type":"WebPage","@id":"https:\/\/empow-her.com\/produit\/t-shirt-homme-2020\/","url":"https:\/\/empow-her.com\/produit\/t-shirt-homme-2020\/","name":"T-Shirt Homme - Collection 2020 - Empow&#039;Her","isPartOf":{"@id":"https:\/\/empow-her.com\/#website"},"primaryImageOfPage":{"@id":"https:\/\/empow-her.com\/produit\/t-shirt-homme-2020\/#primaryimage"},"image":{"@id":"https:\/\/empow-her.com\/produit\/t-shirt-homme-2020\/#primaryimage"},"thumbnailUrl":"https:\/\/empow-her.com\/wp-content\/uploads\/2020\/02\/T-Shirt-Homme-2020-1-scaled.jpg","datePublished":"2020-02-27T19:14:46+00:00","dateModified":"2023-03-28T09:12:09+00:00","breadcrumb":{"@id":"https:\/\/empow-her.com\/produit\/t-shirt-homme-2020\/#breadcrumb"},"inLanguage":"es","potentialAction":[{"@type":"ReadAction","target":["https:\/\/empow-her.com\/produit\/t-shirt-homme-2020\/"]}]},{"@type":"ImageObject","inLanguage":"es","@id":"https:\/\/empow-her.com\/produit\/t-shirt-homme-2020\/#primaryimage","url":"https:\/\/empow-her.com\/wp-content\/uploads\/2020\/02\/T-Shirt-Homme-2020-1-scaled.jpg","contentUrl":"https:\/\/empow-her.com\/wp-content\/uploads\/2020\/02\/T-Shirt-Homme-2020-1-scaled.jpg","width":1707,"height":2560},{"@type":"BreadcrumbList","@id":"https:\/\/empow-her.com\/produit\/t-shirt-homme-2020\/#breadcrumb","itemListElement":[{"@type":"ListItem","position":1,"name":"Accueil","item":"https:\/\/empow-her.com\/es\/inicio\/"},{"@type":"ListItem","position":2,"name":"LA BOUTIQUE","item":"https:\/\/empow-her.com\/boutique\/"},{"@type":"ListItem","position":3,"name":"T-Shirt Homme &#8211; Collection 2020"}]},{"@type":"WebSite","@id":"https:\/\/empow-her.com\/#website","url":"https:\/\/empow-her.com\/","name":"Empow&#039;Her","description":"Women Development","potentialAction":[{"@type":"SearchAction","target":{"@type":"EntryPoint","urlTemplate":"https:\/\/empow-her.com\/?s={search_term_string}"},"query-input":{"@type":"PropertyValueSpecification","valueRequired":true,"valueName":"search_term_string"}}],"inLanguage":"es"}]}},"_links":{"self":[{"href":"https:\/\/empow-her.com\/es\/wp-json\/wp\/v2\/product\/8547","targetHints":{"allow":["GET"]}}],"collection":[{"href":"https:\/\/empow-her.com\/es\/wp-json\/wp\/v2\/product"}],"about":[{"href":"https:\/\/empow-her.com\/es\/wp-json\/wp\/v2\/types\/product"}],"wp:featuredmedia":[{"embeddable":true,"href":"https:\/\/empow-her.com\/es\/wp-json\/wp\/v2\/media\/8597"}],"wp:attachment":[{"href":"https:\/\/empow-her.com\/es\/wp-json\/wp\/v2\/media?parent=8547"}],"wp:term":[{"taxonomy":"product_brand","embeddable":true,"href":"https:\/\/empow-her.com\/es\/wp-json\/wp\/v2\/product_brand?post=8547"},{"taxonomy":"product_cat","embeddable":true,"href":"https:\/\/empow-her.com\/es\/wp-json\/wp\/v2\/product_cat?post=8547"},{"taxonomy":"product_tag","embeddable":true,"href":"https:\/\/empow-her.com\/es\/wp-json\/wp\/v2\/product_tag?post=8547"},{"taxonomy":"lieu","embeddable":true,"href":"https:\/\/empow-her.com\/es\/wp-json\/wp\/v2\/lieu?post=8547"},{"taxonomy":"thematiques","embeddable":true,"href":"https:\/\/empow-her.com\/es\/wp-json\/wp\/v2\/thematiques?post=8547"}],"curies":[{"name":"wp","href":"https:\/\/api.w.org\/{rel}","templated":true}]}}