{"id":7475,"date":"2019-02-28T13:54:45","date_gmt":"2019-02-28T12:54:45","guid":{"rendered":"https:\/\/empow-her.com\/?post_type=product&#038;p=7475"},"modified":"2023-03-28T11:12:42","modified_gmt":"2023-03-28T09:12:42","slug":"t-shirt-femme","status":"publish","type":"product","link":"https:\/\/empow-her.com\/es\/produit\/t-shirt-femme\/","title":{"rendered":"T-Shirt Femme &#8211; Collection 2019"},"content":{"rendered":"","protected":false},"excerpt":{"rendered":"<p class=\"normal\"><span lang=\"fr\">T-shirt blanc en coton biologique (100%) lab\u00e9lis\u00e9 Fair Wear. <\/span><span lang=\"fr\">\u00a0<\/span><\/p>\n<p class=\"normal\"><span lang=\"fr\">Manches retourn\u00e9es piqu\u00e9es, col de cou rond en tissu avec surpiq\u00fbre unique. <\/span><\/p>\n<p class=\"normal\"><span lang=\"fr\">Tous les b\u00e9n\u00e9fices de la campagne serviront \u00e0 financer les activit\u00e9s de Empow\u2019Her \u00e0 travers le monde.<\/span><\/p>\n<p><img decoding=\"async\" class=\"alignleft wp-image-7556 size-thumbnail\" src=\"https:\/\/empow-her.com\/wp-content\/uploads\/2019\/02\/fair-wear-logo-150x150.jpeg\" alt=\"\" width=\"150\" height=\"150\" srcset=\"https:\/\/empow-her.com\/wp-content\/uploads\/2019\/02\/fair-wear-logo-150x150.jpeg 150w, https:\/\/empow-her.com\/wp-content\/uploads\/2019\/02\/fair-wear-logo-100x100.jpeg 100w, https:\/\/empow-her.com\/wp-content\/uploads\/2019\/02\/fair-wear-logo-50x50.jpeg 50w, https:\/\/empow-her.com\/wp-content\/uploads\/2019\/02\/fair-wear-logo-140x140.jpeg 140w, https:\/\/empow-her.com\/wp-content\/uploads\/2019\/02\/fair-wear-logo-32x32.jpeg 32w\" sizes=\"(max-width: 150px) 100vw, 150px\" \/> <img decoding=\"async\" class=\"alignnone wp-image-7558 size-thumbnail\" src=\"https:\/\/empow-her.com\/wp-content\/uploads\/2019\/02\/organic-textile-logo--150x150.png\" alt=\"\" width=\"150\" height=\"150\" srcset=\"https:\/\/empow-her.com\/wp-content\/uploads\/2019\/02\/organic-textile-logo--150x150.png 150w, https:\/\/empow-her.com\/wp-content\/uploads\/2019\/02\/organic-textile-logo--100x100.png 100w, https:\/\/empow-her.com\/wp-content\/uploads\/2019\/02\/organic-textile-logo--200x200.png 200w, https:\/\/empow-her.com\/wp-content\/uploads\/2019\/02\/organic-textile-logo--50x50.png 50w, https:\/\/empow-her.com\/wp-content\/uploads\/2019\/02\/organic-textile-logo--140x140.png 140w, https:\/\/empow-her.com\/wp-content\/uploads\/2019\/02\/organic-textile-logo--24x24.png 24w, https:\/\/empow-her.com\/wp-content\/uploads\/2019\/02\/organic-textile-logo--36x36.png 36w, https:\/\/empow-her.com\/wp-content\/uploads\/2019\/02\/organic-textile-logo--48x48.png 48w, https:\/\/empow-her.com\/wp-content\/uploads\/2019\/02\/organic-textile-logo--32x32.png 32w, https:\/\/empow-her.com\/wp-content\/uploads\/2019\/02\/organic-textile-logo--170x170.png 170w, https:\/\/empow-her.com\/wp-content\/uploads\/2019\/02\/organic-textile-logo-.png 225w\" sizes=\"(max-width: 150px) 100vw, 150px\" \/><\/p>\n","protected":false},"featured_media":7549,"template":"","format":"standard","meta":{"_acf_changed":false,"om_disable_all_campaigns":false,"_uf_show_specific_survey":0,"_uf_disable_surveys":false},"product_brand":[],"product_cat":[93],"product_tag":[],"lieu":[],"thematiques":[],"class_list":{"0":"post-7475","1":"product","2":"type-product","3":"status-publish","4":"format-standard","5":"has-post-thumbnail","7":"product_cat-non-classe","9":"first","10":"outofstock","11":"shipping-taxable","12":"purchasable","13":"product-type-variable"},"exclude_global_add_ons":[],"addons":[],"acf":[],"yoast_head":"<!-- This site is optimized with the Yoast SEO plugin v24.8 - https:\/\/yoast.com\/wordpress\/plugins\/seo\/ -->\n<title>T-Shirt Femme - Collection 2019 - Empow&#039;Her<\/title>\n<meta name=\"robots\" content=\"index, follow, max-snippet:-1, max-image-preview:large, max-video-preview:-1\" \/>\n<link rel=\"canonical\" href=\"https:\/\/empow-her.com\/produit\/t-shirt-femme\/\" \/>\n<meta property=\"og:locale\" content=\"es_ES\" \/>\n<meta property=\"og:type\" content=\"article\" \/>\n<meta property=\"og:title\" content=\"T-Shirt Femme - Collection 2019 - Empow&#039;Her\" \/>\n<meta property=\"og:description\" content=\"T-shirt blanc en coton biologique (100%) lab\u00e9lis\u00e9 Fair Wear. \u00a0 Manches retourn\u00e9es piqu\u00e9es, col de cou rond en tissu avec surpiq\u00fbre unique.  Tous les b\u00e9n\u00e9fices de la campagne serviront \u00e0 financer les activit\u00e9s de Empow\u2019Her \u00e0 travers le monde.\" \/>\n<meta property=\"og:url\" content=\"https:\/\/empow-her.com\/produit\/t-shirt-femme\/\" \/>\n<meta property=\"og:site_name\" content=\"Empow&#039;Her\" \/>\n<meta property=\"article:modified_time\" content=\"2023-03-28T09:12:42+00:00\" \/>\n<meta property=\"og:image\" content=\"https:\/\/empow-her.com\/wp-content\/uploads\/2019\/02\/TS-femme-1.jpg\" \/>\n\t<meta property=\"og:image:width\" content=\"1200\" \/>\n\t<meta property=\"og:image:height\" content=\"1598\" \/>\n\t<meta property=\"og:image:type\" content=\"image\/jpeg\" \/>\n<meta name=\"twitter:card\" content=\"summary_large_image\" \/>\n<script type=\"application\/ld+json\" class=\"yoast-schema-graph\">{\"@context\":\"https:\/\/schema.org\",\"@graph\":[{\"@type\":\"WebPage\",\"@id\":\"https:\/\/empow-her.com\/produit\/t-shirt-femme\/\",\"url\":\"https:\/\/empow-her.com\/produit\/t-shirt-femme\/\",\"name\":\"T-Shirt Femme - Collection 2019 - Empow&#039;Her\",\"isPartOf\":{\"@id\":\"https:\/\/empow-her.com\/#website\"},\"primaryImageOfPage\":{\"@id\":\"https:\/\/empow-her.com\/produit\/t-shirt-femme\/#primaryimage\"},\"image\":{\"@id\":\"https:\/\/empow-her.com\/produit\/t-shirt-femme\/#primaryimage\"},\"thumbnailUrl\":\"https:\/\/empow-her.com\/wp-content\/uploads\/2019\/02\/TS-femme-1.jpg\",\"datePublished\":\"2019-02-28T12:54:45+00:00\",\"dateModified\":\"2023-03-28T09:12:42+00:00\",\"breadcrumb\":{\"@id\":\"https:\/\/empow-her.com\/produit\/t-shirt-femme\/#breadcrumb\"},\"inLanguage\":\"es\",\"potentialAction\":[{\"@type\":\"ReadAction\",\"target\":[\"https:\/\/empow-her.com\/produit\/t-shirt-femme\/\"]}]},{\"@type\":\"ImageObject\",\"inLanguage\":\"es\",\"@id\":\"https:\/\/empow-her.com\/produit\/t-shirt-femme\/#primaryimage\",\"url\":\"https:\/\/empow-her.com\/wp-content\/uploads\/2019\/02\/TS-femme-1.jpg\",\"contentUrl\":\"https:\/\/empow-her.com\/wp-content\/uploads\/2019\/02\/TS-femme-1.jpg\",\"width\":1200,\"height\":1598},{\"@type\":\"BreadcrumbList\",\"@id\":\"https:\/\/empow-her.com\/produit\/t-shirt-femme\/#breadcrumb\",\"itemListElement\":[{\"@type\":\"ListItem\",\"position\":1,\"name\":\"Accueil\",\"item\":\"https:\/\/empow-her.com\/es\/inicio\/\"},{\"@type\":\"ListItem\",\"position\":2,\"name\":\"LA BOUTIQUE\",\"item\":\"https:\/\/empow-her.com\/boutique\/\"},{\"@type\":\"ListItem\",\"position\":3,\"name\":\"T-Shirt Femme &#8211; Collection 2019\"}]},{\"@type\":\"WebSite\",\"@id\":\"https:\/\/empow-her.com\/#website\",\"url\":\"https:\/\/empow-her.com\/\",\"name\":\"Empow&#039;Her\",\"description\":\"Women Development\",\"potentialAction\":[{\"@type\":\"SearchAction\",\"target\":{\"@type\":\"EntryPoint\",\"urlTemplate\":\"https:\/\/empow-her.com\/?s={search_term_string}\"},\"query-input\":{\"@type\":\"PropertyValueSpecification\",\"valueRequired\":true,\"valueName\":\"search_term_string\"}}],\"inLanguage\":\"es\"}]}<\/script>\n<!-- \/ Yoast SEO plugin. -->","yoast_head_json":{"title":"T-Shirt Femme - Collection 2019 - Empow&#039;Her","robots":{"index":"index","follow":"follow","max-snippet":"max-snippet:-1","max-image-preview":"max-image-preview:large","max-video-preview":"max-video-preview:-1"},"canonical":"https:\/\/empow-her.com\/produit\/t-shirt-femme\/","og_locale":"es_ES","og_type":"article","og_title":"T-Shirt Femme - Collection 2019 - Empow&#039;Her","og_description":"T-shirt blanc en coton biologique (100%) lab\u00e9lis\u00e9 Fair Wear. \u00a0 Manches retourn\u00e9es piqu\u00e9es, col de cou rond en tissu avec surpiq\u00fbre unique.  Tous les b\u00e9n\u00e9fices de la campagne serviront \u00e0 financer les activit\u00e9s de Empow\u2019Her \u00e0 travers le monde.","og_url":"https:\/\/empow-her.com\/produit\/t-shirt-femme\/","og_site_name":"Empow&#039;Her","article_modified_time":"2023-03-28T09:12:42+00:00","og_image":[{"width":1200,"height":1598,"url":"https:\/\/empow-her.com\/wp-content\/uploads\/2019\/02\/TS-femme-1.jpg","type":"image\/jpeg"}],"twitter_card":"summary_large_image","schema":{"@context":"https:\/\/schema.org","@graph":[{"@type":"WebPage","@id":"https:\/\/empow-her.com\/produit\/t-shirt-femme\/","url":"https:\/\/empow-her.com\/produit\/t-shirt-femme\/","name":"T-Shirt Femme - Collection 2019 - Empow&#039;Her","isPartOf":{"@id":"https:\/\/empow-her.com\/#website"},"primaryImageOfPage":{"@id":"https:\/\/empow-her.com\/produit\/t-shirt-femme\/#primaryimage"},"image":{"@id":"https:\/\/empow-her.com\/produit\/t-shirt-femme\/#primaryimage"},"thumbnailUrl":"https:\/\/empow-her.com\/wp-content\/uploads\/2019\/02\/TS-femme-1.jpg","datePublished":"2019-02-28T12:54:45+00:00","dateModified":"2023-03-28T09:12:42+00:00","breadcrumb":{"@id":"https:\/\/empow-her.com\/produit\/t-shirt-femme\/#breadcrumb"},"inLanguage":"es","potentialAction":[{"@type":"ReadAction","target":["https:\/\/empow-her.com\/produit\/t-shirt-femme\/"]}]},{"@type":"ImageObject","inLanguage":"es","@id":"https:\/\/empow-her.com\/produit\/t-shirt-femme\/#primaryimage","url":"https:\/\/empow-her.com\/wp-content\/uploads\/2019\/02\/TS-femme-1.jpg","contentUrl":"https:\/\/empow-her.com\/wp-content\/uploads\/2019\/02\/TS-femme-1.jpg","width":1200,"height":1598},{"@type":"BreadcrumbList","@id":"https:\/\/empow-her.com\/produit\/t-shirt-femme\/#breadcrumb","itemListElement":[{"@type":"ListItem","position":1,"name":"Accueil","item":"https:\/\/empow-her.com\/es\/inicio\/"},{"@type":"ListItem","position":2,"name":"LA BOUTIQUE","item":"https:\/\/empow-her.com\/boutique\/"},{"@type":"ListItem","position":3,"name":"T-Shirt Femme &#8211; Collection 2019"}]},{"@type":"WebSite","@id":"https:\/\/empow-her.com\/#website","url":"https:\/\/empow-her.com\/","name":"Empow&#039;Her","description":"Women Development","potentialAction":[{"@type":"SearchAction","target":{"@type":"EntryPoint","urlTemplate":"https:\/\/empow-her.com\/?s={search_term_string}"},"query-input":{"@type":"PropertyValueSpecification","valueRequired":true,"valueName":"search_term_string"}}],"inLanguage":"es"}]}},"_links":{"self":[{"href":"https:\/\/empow-her.com\/es\/wp-json\/wp\/v2\/product\/7475","targetHints":{"allow":["GET"]}}],"collection":[{"href":"https:\/\/empow-her.com\/es\/wp-json\/wp\/v2\/product"}],"about":[{"href":"https:\/\/empow-her.com\/es\/wp-json\/wp\/v2\/types\/product"}],"wp:featuredmedia":[{"embeddable":true,"href":"https:\/\/empow-her.com\/es\/wp-json\/wp\/v2\/media\/7549"}],"wp:attachment":[{"href":"https:\/\/empow-her.com\/es\/wp-json\/wp\/v2\/media?parent=7475"}],"wp:term":[{"taxonomy":"product_brand","embeddable":true,"href":"https:\/\/empow-her.com\/es\/wp-json\/wp\/v2\/product_brand?post=7475"},{"taxonomy":"product_cat","embeddable":true,"href":"https:\/\/empow-her.com\/es\/wp-json\/wp\/v2\/product_cat?post=7475"},{"taxonomy":"product_tag","embeddable":true,"href":"https:\/\/empow-her.com\/es\/wp-json\/wp\/v2\/product_tag?post=7475"},{"taxonomy":"lieu","embeddable":true,"href":"https:\/\/empow-her.com\/es\/wp-json\/wp\/v2\/lieu?post=7475"},{"taxonomy":"thematiques","embeddable":true,"href":"https:\/\/empow-her.com\/es\/wp-json\/wp\/v2\/thematiques?post=7475"}],"curies":[{"name":"wp","href":"https:\/\/api.w.org\/{rel}","templated":true}]}}