{"id":271405,"date":"2026-04-16T10:00:00","date_gmt":"2026-04-16T08:00:00","guid":{"rendered":"https:\/\/empow-her.com\/?post_type=product&#038;p=271405"},"modified":"2026-03-30T10:38:16","modified_gmt":"2026-03-30T08:38:16","slug":"pitcher-son-projet","status":"publish","type":"product","link":"https:\/\/empow-her.com\/es\/produit\/pitcher-son-projet\/","title":{"rendered":"Pitcher son projet"},"content":{"rendered":"<div class=\"atelier\">\n\u00a0<\/p>\n<h3>Structurer et pitcher son projet avec impact<\/h3>\n<p>\u00a0<\/p>\n<p>\n\u00a0\u00a0Pr\u00e9senter son projet de mani\u00e8re claire, concise et convaincante est une \u00e9tape cl\u00e9 pour capter l\u2019attention\u00a0<br \/>\n\u00a0\u00a0de ses interlocuteurs, qu\u2019il s\u2019agisse de partenaires, financeurs ou clients. Pourtant, il n\u2019est pas toujours\u00a0<br \/>\n\u00a0\u00a0\u00e9vident de savoir quoi dire, comment le dire et en combien de temps.<br \/>\n\u00a0<\/p>\n<p>\u00a0<\/p>\n<p>\n\u00a0\u00a0Cet atelier vous propose de structurer votre pitch et de travailler votre prise de parole\u00a0<br \/>\n\u00a0\u00a0pour gagner en impact et en confiance.<br \/>\n\u00a0<\/p>\n<p>\u00a0<\/p>\n<p><strong>Ce que nous pouvons aborder :<\/strong><\/p>\n<p>\u00a0<\/p>\n<ul>\n\u00a0\u00a0<\/p>\n<li>Comprendre les fondamentaux d\u2019un pitch efficace (structure, message cl\u00e9, dur\u00e9e)<\/li>\n<p>\u00a0\u00a0<\/p>\n<li>Clarifier la proposition de valeur de votre projet<\/li>\n<p>\u00a0\u00a0<\/p>\n<li>Adapter votre discours en fonction de votre interlocuteur (investisseur, partenaire, client\u2026)<\/li>\n<p>\u00a0\u00a0<\/p>\n<li>Travailler la posture et la prise de parole pour capter l\u2019attention<\/li>\n<p>\u00a0\u00a0<\/p>\n<li>S\u2019entra\u00eener \u00e0 pitcher et recevoir des retours constructifs<\/li>\n<p>\u00a0<\/ul>\n<p>\u00a0<\/p>\n<p>\n\u00a0\u00a0\u00c0 l\u2019issue de l\u2019atelier, vous repartirez avec un pitch structur\u00e9, clair et impactant,\u00a0<br \/>\n\u00a0\u00a0ainsi que des cl\u00e9s concr\u00e8tes pour le faire \u00e9voluer et le d\u00e9livrer avec assurance.<br \/>\n\u00a0<\/p>\n<\/div>\n","protected":false},"excerpt":{"rendered":"<div class=\"atelier\">\n\u00a0<\/p>\n<h3>Structurer et pitcher son projet avec impact<\/h3>\n<p>\u00a0<\/p>\n<p>\n\u00a0\u00a0Pr\u00e9senter son projet de mani\u00e8re claire, concise et convaincante est une \u00e9tape cl\u00e9 pour capter l\u2019attention\u00a0<br \/>\n\u00a0\u00a0de ses interlocuteurs, qu\u2019il s\u2019agisse de partenaires, financeurs ou clients. Pourtant, il n\u2019est pas toujours\u00a0<br \/>\n\u00a0\u00a0\u00e9vident de savoir quoi dire, comment le dire et en combien de temps.<br \/>\n\u00a0<\/p>\n<p>\u00a0<\/p>\n<p>\n\u00a0\u00a0Cet atelier vous propose de structurer votre pitch et de travailler votre prise de parole\u00a0<br \/>\n\u00a0\u00a0pour gagner en impact et en confiance.<br \/>\n\u00a0<\/p>\n<p>\u00a0<\/p>\n<p><strong>Ce que nous pouvons aborder :<\/strong><\/p>\n<p>\u00a0<\/p>\n<ul>\n\u00a0\u00a0<\/p>\n<li>Comprendre les fondamentaux d\u2019un pitch efficace (structure, message cl\u00e9, dur\u00e9e)<\/li>\n<p>\u00a0\u00a0<\/p>\n<li>Clarifier la proposition de valeur de votre projet<\/li>\n<p>\u00a0\u00a0<\/p>\n<li>Adapter votre discours en fonction de votre interlocuteur (investisseur, partenaire, client\u2026)<\/li>\n<p>\u00a0\u00a0<\/p>\n<li>Travailler la posture et la prise de parole pour capter l\u2019attention<\/li>\n<p>\u00a0\u00a0<\/p>\n<li>S\u2019entra\u00eener \u00e0 pitcher et recevoir des retours constructifs<\/li>\n<p>\u00a0<\/ul>\n<p>\u00a0<\/p>\n<p>\n\u00a0\u00a0\u00c0 l\u2019issue de l\u2019atelier, vous repartirez avec un pitch structur\u00e9, clair et impactant,\u00a0<br \/>\n\u00a0\u00a0ainsi que des cl\u00e9s concr\u00e8tes pour le faire \u00e9voluer et le d\u00e9livrer avec assurance.<br \/>\n\u00a0<\/p>\n<\/div>\n","protected":false},"featured_media":269994,"template":"","format":"standard","meta":{"_acf_changed":false,"om_disable_all_campaigns":false,"_uf_show_specific_survey":0,"_uf_disable_surveys":false},"product_brand":[],"product_cat":[118],"product_tag":[222],"lieu":[223],"thematiques":[],"class_list":{"0":"post-271405","1":"product","2":"type-product","3":"status-publish","4":"format-standard","5":"has-post-thumbnail","7":"product_cat-atelier-collectif","8":"product_tag-presentiel","9":"lieu-presentiel","11":"first","12":"instock","13":"virtual","14":"purchasable","15":"product-type-appointment"},"exclude_global_add_ons":[],"addons":[],"acf":[],"yoast_head":"<!-- This site is optimized with the Yoast SEO plugin v24.8 - https:\/\/yoast.com\/wordpress\/plugins\/seo\/ -->\n<title>Pitcher son projet - Empow&#039;Her<\/title>\n<meta name=\"robots\" content=\"index, follow, max-snippet:-1, max-image-preview:large, max-video-preview:-1\" \/>\n<link rel=\"canonical\" href=\"https:\/\/empow-her.com\/produit\/pitcher-son-projet\/\" \/>\n<meta property=\"og:locale\" content=\"es_ES\" \/>\n<meta property=\"og:type\" content=\"article\" \/>\n<meta property=\"og:title\" content=\"Pitcher son projet - Empow&#039;Her\" \/>\n<meta property=\"og:description\" content=\"\u00a0Structurer et pitcher son projet avec impact \u00a0 \u00a0\u00a0Pr\u00e9senter son projet de mani\u00e8re claire, concise et convaincante est une \u00e9tape cl\u00e9 pour capter l\u2019attention\u00a0 \u00a0\u00a0de ses interlocuteurs, qu\u2019il s\u2019agisse de partenaires, financeurs ou clients. Pourtant, il n\u2019est pas toujours\u00a0 \u00a0\u00a0\u00e9vident de savoir quoi dire, comment le dire et en combien de temps. \u00a0 \u00a0 \u00a0\u00a0Cet atelier vous propose de structurer votre pitch et de travailler votre prise de parole\u00a0 \u00a0\u00a0pour gagner en impact et en confiance. \u00a0 \u00a0Ce que nous pouvons aborder : \u00a0 \u00a0\u00a0Comprendre les fondamentaux d\u2019un pitch efficace (structure, message cl\u00e9, dur\u00e9e) \u00a0\u00a0Clarifier la proposition de valeur de votre projet \u00a0\u00a0Adapter votre discours en fonction de votre interlocuteur (investisseur, partenaire, client\u2026) \u00a0\u00a0Travailler la posture et la prise de parole pour capter l\u2019attention \u00a0\u00a0S\u2019entra\u00eener \u00e0 pitcher et recevoir des retours constructifs \u00a0 \u00a0 \u00a0\u00a0\u00c0 l\u2019issue de l\u2019atelier, vous repartirez avec un pitch structur\u00e9, clair et impactant,\u00a0 \u00a0\u00a0ainsi que des cl\u00e9s concr\u00e8tes pour le faire \u00e9voluer et le d\u00e9livrer avec assurance. \u00a0\" \/>\n<meta property=\"og:url\" content=\"https:\/\/empow-her.com\/produit\/pitcher-son-projet\/\" \/>\n<meta property=\"og:site_name\" content=\"Empow&#039;Her\" \/>\n<meta property=\"og:image\" content=\"https:\/\/empow-her.com\/wp-content\/uploads\/2025\/10\/Atelier.png\" \/>\n\t<meta property=\"og:image:width\" content=\"1080\" \/>\n\t<meta property=\"og:image:height\" content=\"1080\" \/>\n\t<meta property=\"og:image:type\" content=\"image\/png\" \/>\n<meta name=\"twitter:card\" content=\"summary_large_image\" \/>\n<meta name=\"twitter:label1\" content=\"Tiempo de lectura\" \/>\n\t<meta name=\"twitter:data1\" content=\"1 minuto\" \/>\n<script type=\"application\/ld+json\" class=\"yoast-schema-graph\">{\"@context\":\"https:\/\/schema.org\",\"@graph\":[{\"@type\":\"WebPage\",\"@id\":\"https:\/\/empow-her.com\/produit\/pitcher-son-projet\/\",\"url\":\"https:\/\/empow-her.com\/produit\/pitcher-son-projet\/\",\"name\":\"Pitcher son projet - Empow&#039;Her\",\"isPartOf\":{\"@id\":\"https:\/\/empow-her.com\/#website\"},\"primaryImageOfPage\":{\"@id\":\"https:\/\/empow-her.com\/produit\/pitcher-son-projet\/#primaryimage\"},\"image\":{\"@id\":\"https:\/\/empow-her.com\/produit\/pitcher-son-projet\/#primaryimage\"},\"thumbnailUrl\":\"https:\/\/empow-her.com\/wp-content\/uploads\/2025\/10\/Atelier.png\",\"datePublished\":\"2026-04-16T08:00:00+00:00\",\"breadcrumb\":{\"@id\":\"https:\/\/empow-her.com\/produit\/pitcher-son-projet\/#breadcrumb\"},\"inLanguage\":\"es\",\"potentialAction\":[{\"@type\":\"ReadAction\",\"target\":[\"https:\/\/empow-her.com\/produit\/pitcher-son-projet\/\"]}]},{\"@type\":\"ImageObject\",\"inLanguage\":\"es\",\"@id\":\"https:\/\/empow-her.com\/produit\/pitcher-son-projet\/#primaryimage\",\"url\":\"https:\/\/empow-her.com\/wp-content\/uploads\/2025\/10\/Atelier.png\",\"contentUrl\":\"https:\/\/empow-her.com\/wp-content\/uploads\/2025\/10\/Atelier.png\",\"width\":1080,\"height\":1080},{\"@type\":\"BreadcrumbList\",\"@id\":\"https:\/\/empow-her.com\/produit\/pitcher-son-projet\/#breadcrumb\",\"itemListElement\":[{\"@type\":\"ListItem\",\"position\":1,\"name\":\"Accueil\",\"item\":\"https:\/\/empow-her.com\/es\/inicio\/\"},{\"@type\":\"ListItem\",\"position\":2,\"name\":\"LA BOUTIQUE\",\"item\":\"https:\/\/empow-her.com\/boutique\/\"},{\"@type\":\"ListItem\",\"position\":3,\"name\":\"Pitcher son projet\"}]},{\"@type\":\"WebSite\",\"@id\":\"https:\/\/empow-her.com\/#website\",\"url\":\"https:\/\/empow-her.com\/\",\"name\":\"Empow&#039;Her\",\"description\":\"Women Development\",\"potentialAction\":[{\"@type\":\"SearchAction\",\"target\":{\"@type\":\"EntryPoint\",\"urlTemplate\":\"https:\/\/empow-her.com\/?s={search_term_string}\"},\"query-input\":{\"@type\":\"PropertyValueSpecification\",\"valueRequired\":true,\"valueName\":\"search_term_string\"}}],\"inLanguage\":\"es\"}]}<\/script>\n<!-- \/ Yoast SEO plugin. -->","yoast_head_json":{"title":"Pitcher son projet - Empow&#039;Her","robots":{"index":"index","follow":"follow","max-snippet":"max-snippet:-1","max-image-preview":"max-image-preview:large","max-video-preview":"max-video-preview:-1"},"canonical":"https:\/\/empow-her.com\/produit\/pitcher-son-projet\/","og_locale":"es_ES","og_type":"article","og_title":"Pitcher son projet - Empow&#039;Her","og_description":"\u00a0Structurer et pitcher son projet avec impact \u00a0 \u00a0\u00a0Pr\u00e9senter son projet de mani\u00e8re claire, concise et convaincante est une \u00e9tape cl\u00e9 pour capter l\u2019attention\u00a0 \u00a0\u00a0de ses interlocuteurs, qu\u2019il s\u2019agisse de partenaires, financeurs ou clients. Pourtant, il n\u2019est pas toujours\u00a0 \u00a0\u00a0\u00e9vident de savoir quoi dire, comment le dire et en combien de temps. \u00a0 \u00a0 \u00a0\u00a0Cet atelier vous propose de structurer votre pitch et de travailler votre prise de parole\u00a0 \u00a0\u00a0pour gagner en impact et en confiance. \u00a0 \u00a0Ce que nous pouvons aborder : \u00a0 \u00a0\u00a0Comprendre les fondamentaux d\u2019un pitch efficace (structure, message cl\u00e9, dur\u00e9e) \u00a0\u00a0Clarifier la proposition de valeur de votre projet \u00a0\u00a0Adapter votre discours en fonction de votre interlocuteur (investisseur, partenaire, client\u2026) \u00a0\u00a0Travailler la posture et la prise de parole pour capter l\u2019attention \u00a0\u00a0S\u2019entra\u00eener \u00e0 pitcher et recevoir des retours constructifs \u00a0 \u00a0 \u00a0\u00a0\u00c0 l\u2019issue de l\u2019atelier, vous repartirez avec un pitch structur\u00e9, clair et impactant,\u00a0 \u00a0\u00a0ainsi que des cl\u00e9s concr\u00e8tes pour le faire \u00e9voluer et le d\u00e9livrer avec assurance. \u00a0","og_url":"https:\/\/empow-her.com\/produit\/pitcher-son-projet\/","og_site_name":"Empow&#039;Her","og_image":[{"width":1080,"height":1080,"url":"https:\/\/empow-her.com\/wp-content\/uploads\/2025\/10\/Atelier.png","type":"image\/png"}],"twitter_card":"summary_large_image","twitter_misc":{"Tiempo de lectura":"1 minuto"},"schema":{"@context":"https:\/\/schema.org","@graph":[{"@type":"WebPage","@id":"https:\/\/empow-her.com\/produit\/pitcher-son-projet\/","url":"https:\/\/empow-her.com\/produit\/pitcher-son-projet\/","name":"Pitcher son projet - Empow&#039;Her","isPartOf":{"@id":"https:\/\/empow-her.com\/#website"},"primaryImageOfPage":{"@id":"https:\/\/empow-her.com\/produit\/pitcher-son-projet\/#primaryimage"},"image":{"@id":"https:\/\/empow-her.com\/produit\/pitcher-son-projet\/#primaryimage"},"thumbnailUrl":"https:\/\/empow-her.com\/wp-content\/uploads\/2025\/10\/Atelier.png","datePublished":"2026-04-16T08:00:00+00:00","breadcrumb":{"@id":"https:\/\/empow-her.com\/produit\/pitcher-son-projet\/#breadcrumb"},"inLanguage":"es","potentialAction":[{"@type":"ReadAction","target":["https:\/\/empow-her.com\/produit\/pitcher-son-projet\/"]}]},{"@type":"ImageObject","inLanguage":"es","@id":"https:\/\/empow-her.com\/produit\/pitcher-son-projet\/#primaryimage","url":"https:\/\/empow-her.com\/wp-content\/uploads\/2025\/10\/Atelier.png","contentUrl":"https:\/\/empow-her.com\/wp-content\/uploads\/2025\/10\/Atelier.png","width":1080,"height":1080},{"@type":"BreadcrumbList","@id":"https:\/\/empow-her.com\/produit\/pitcher-son-projet\/#breadcrumb","itemListElement":[{"@type":"ListItem","position":1,"name":"Accueil","item":"https:\/\/empow-her.com\/es\/inicio\/"},{"@type":"ListItem","position":2,"name":"LA BOUTIQUE","item":"https:\/\/empow-her.com\/boutique\/"},{"@type":"ListItem","position":3,"name":"Pitcher son projet"}]},{"@type":"WebSite","@id":"https:\/\/empow-her.com\/#website","url":"https:\/\/empow-her.com\/","name":"Empow&#039;Her","description":"Women Development","potentialAction":[{"@type":"SearchAction","target":{"@type":"EntryPoint","urlTemplate":"https:\/\/empow-her.com\/?s={search_term_string}"},"query-input":{"@type":"PropertyValueSpecification","valueRequired":true,"valueName":"search_term_string"}}],"inLanguage":"es"}]}},"_links":{"self":[{"href":"https:\/\/empow-her.com\/es\/wp-json\/wp\/v2\/product\/271405","targetHints":{"allow":["GET"]}}],"collection":[{"href":"https:\/\/empow-her.com\/es\/wp-json\/wp\/v2\/product"}],"about":[{"href":"https:\/\/empow-her.com\/es\/wp-json\/wp\/v2\/types\/product"}],"wp:featuredmedia":[{"embeddable":true,"href":"https:\/\/empow-her.com\/es\/wp-json\/wp\/v2\/media\/269994"}],"wp:attachment":[{"href":"https:\/\/empow-her.com\/es\/wp-json\/wp\/v2\/media?parent=271405"}],"wp:term":[{"taxonomy":"product_brand","embeddable":true,"href":"https:\/\/empow-her.com\/es\/wp-json\/wp\/v2\/product_brand?post=271405"},{"taxonomy":"product_cat","embeddable":true,"href":"https:\/\/empow-her.com\/es\/wp-json\/wp\/v2\/product_cat?post=271405"},{"taxonomy":"product_tag","embeddable":true,"href":"https:\/\/empow-her.com\/es\/wp-json\/wp\/v2\/product_tag?post=271405"},{"taxonomy":"lieu","embeddable":true,"href":"https:\/\/empow-her.com\/es\/wp-json\/wp\/v2\/lieu?post=271405"},{"taxonomy":"thematiques","embeddable":true,"href":"https:\/\/empow-her.com\/es\/wp-json\/wp\/v2\/thematiques?post=271405"}],"curies":[{"name":"wp","href":"https:\/\/api.w.org\/{rel}","templated":true}]}}