{"id":271404,"date":"2026-04-20T14:30:00","date_gmt":"2026-04-20T12:30:00","guid":{"rendered":"https:\/\/empow-her.com\/?post_type=product&#038;p=271404"},"modified":"2026-03-30T10:37:47","modified_gmt":"2026-03-30T08:37:47","slug":"comment-transformer-sa-prise-de-parole-en-levier-business-sans-y-passer-10h-par-semaine","status":"publish","type":"product","link":"https:\/\/empow-her.com\/es\/produit\/comment-transformer-sa-prise-de-parole-en-levier-business-sans-y-passer-10h-par-semaine\/","title":{"rendered":"Comment transformer sa prise de parole en levier business, sans y passer 10h par semaine"},"content":{"rendered":"<div class=\"atelier\">\n\u00a0<\/p>\n<h3>Comment transformer sa prise de parole en levier business, sans y passer 10h par semaine<\/h3>\n<p>\u00a0<\/p>\n<p>\n\u00a0\u00a0Prendre la parole est devenu incontournable pour d\u00e9velopper son activit\u00e9. Pourtant, publier r\u00e9guli\u00e8rement\u00a0<br \/>\n\u00a0\u00a0ne suffit pas toujours \u00e0 g\u00e9n\u00e9rer des opportunit\u00e9s concr\u00e8tes. Comment faire de sa communication un v\u00e9ritable levier business,\u00a0<br \/>\n\u00a0\u00a0sans y consacrer tout son temps ?<br \/>\n\u00a0<\/p>\n<p>\u00a0<\/p>\n<p>\n\u00a0\u00a0Cet atelier vous propose de prendre du recul sur votre mani\u00e8re de communiquer, afin de structurer une prise de parole\u00a0<br \/>\n\u00a0\u00a0plus strat\u00e9gique, align\u00e9e avec votre positionnement et vos objectifs de d\u00e9veloppement.<br \/>\n\u00a0<\/p>\n<p>\u00a0<\/p>\n<p><strong>Ce que nous pouvons aborder :<\/strong><\/p>\n<p>\u00a0<\/p>\n<ul>\n\u00a0\u00a0<\/p>\n<li>Comprendre pourquoi publier ne suffit pas \u00e0 g\u00e9n\u00e9rer des opportunit\u00e9s<\/li>\n<p>\u00a0\u00a0<\/p>\n<li>Clarifier le lien entre positionnement, messages et d\u00e9veloppement commercial<\/li>\n<p>\u00a0\u00a0<\/p>\n<li>Identifier les erreurs qui font perdre du temps et de l\u2019\u00e9nergie<\/li>\n<p>\u00a0\u00a0<\/p>\n<li>Structurer une communication coh\u00e9rente, efficace et adapt\u00e9e \u00e0 vos objectifs<\/li>\n<p>\u00a0<\/ul>\n<p>\u00a0<\/p>\n<p>\n\u00a0\u00a0Le format est interactif et s\u2019appuie sur des cas concrets, des \u00e9changes et des temps de questions-r\u00e9ponses\u00a0<br \/>\n\u00a0\u00a0pour vous permettre d\u2019adapter les apports \u00e0 votre propre projet.<br \/>\n\u00a0<\/p>\n<p>\u00a0<\/p>\n<p>\n\u00a0\u00a0Atelier anim\u00e9 par <strong>Le\u00efla Feghoul<\/strong>, fondatrice de l\u2019agence de conseil en strat\u00e9gie \u00e9ditoriale\u00a0<br \/>\n\u00a0\u00a0<strong>Les Mots qui p\u00e8sent<\/strong> et productrice de podcasts.<br \/>\n\u00a0<\/p>\n<\/div>\n","protected":false},"excerpt":{"rendered":"<div class=\"atelier\">\n\u00a0<\/p>\n<h3>Comment transformer sa prise de parole en levier business, sans y passer 10h par semaine<\/h3>\n<p>\u00a0<\/p>\n<p>\n\u00a0\u00a0Prendre la parole est devenu incontournable pour d\u00e9velopper son activit\u00e9. Pourtant, publier r\u00e9guli\u00e8rement\u00a0<br \/>\n\u00a0\u00a0ne suffit pas toujours \u00e0 g\u00e9n\u00e9rer des opportunit\u00e9s concr\u00e8tes. Comment faire de sa communication un v\u00e9ritable levier business,\u00a0<br \/>\n\u00a0\u00a0sans y consacrer tout son temps ?<br \/>\n\u00a0<\/p>\n<p>\u00a0<\/p>\n<p>\n\u00a0\u00a0Cet atelier vous propose de prendre du recul sur votre mani\u00e8re de communiquer, afin de structurer une prise de parole\u00a0<br \/>\n\u00a0\u00a0plus strat\u00e9gique, align\u00e9e avec votre positionnement et vos objectifs de d\u00e9veloppement.<br \/>\n\u00a0<\/p>\n<p>\u00a0<\/p>\n<p><strong>Ce que nous pouvons aborder :<\/strong><\/p>\n<p>\u00a0<\/p>\n<ul>\n\u00a0\u00a0<\/p>\n<li>Comprendre pourquoi publier ne suffit pas \u00e0 g\u00e9n\u00e9rer des opportunit\u00e9s<\/li>\n<p>\u00a0\u00a0<\/p>\n<li>Clarifier le lien entre positionnement, messages et d\u00e9veloppement commercial<\/li>\n<p>\u00a0\u00a0<\/p>\n<li>Identifier les erreurs qui font perdre du temps et de l\u2019\u00e9nergie<\/li>\n<p>\u00a0\u00a0<\/p>\n<li>Structurer une communication coh\u00e9rente, efficace et adapt\u00e9e \u00e0 vos objectifs<\/li>\n<p>\u00a0<\/ul>\n<p>\u00a0<\/p>\n<p>\n\u00a0\u00a0Le format est interactif et s\u2019appuie sur des cas concrets, des \u00e9changes et des temps de questions-r\u00e9ponses\u00a0<br \/>\n\u00a0\u00a0pour vous permettre d\u2019adapter les apports \u00e0 votre propre projet.<br \/>\n\u00a0<\/p>\n<p>\u00a0<\/p>\n<p>\n\u00a0\u00a0Atelier anim\u00e9 par <strong>Le\u00efla Feghoul<\/strong>, fondatrice de l\u2019agence de conseil en strat\u00e9gie \u00e9ditoriale\u00a0<br \/>\n\u00a0\u00a0<strong>Les Mots qui p\u00e8sent<\/strong> et productrice de podcasts.<br \/>\n\u00a0<\/p>\n<\/div>\n","protected":false},"featured_media":269994,"template":"","format":"standard","meta":{"_acf_changed":false,"om_disable_all_campaigns":false,"_uf_show_specific_survey":0,"_uf_disable_surveys":false},"product_brand":[],"product_cat":[118],"product_tag":[222],"lieu":[223],"thematiques":[],"class_list":{"0":"post-271404","1":"product","2":"type-product","3":"status-publish","4":"format-standard","5":"has-post-thumbnail","7":"product_cat-atelier-collectif","8":"product_tag-presentiel","9":"lieu-presentiel","11":"first","12":"instock","13":"virtual","14":"purchasable","15":"product-type-appointment"},"exclude_global_add_ons":[],"addons":[],"acf":[],"yoast_head":"<!-- This site is optimized with the Yoast SEO plugin v24.8 - https:\/\/yoast.com\/wordpress\/plugins\/seo\/ -->\n<title>Comment transformer sa prise de parole en levier business, sans y passer 10h par semaine - Empow&#039;Her<\/title>\n<meta name=\"robots\" content=\"index, follow, max-snippet:-1, max-image-preview:large, max-video-preview:-1\" \/>\n<link rel=\"canonical\" href=\"https:\/\/empow-her.com\/produit\/comment-transformer-sa-prise-de-parole-en-levier-business-sans-y-passer-10h-par-semaine\/\" \/>\n<meta property=\"og:locale\" content=\"es_ES\" \/>\n<meta property=\"og:type\" content=\"article\" \/>\n<meta property=\"og:title\" content=\"Comment transformer sa prise de parole en levier business, sans y passer 10h par semaine - Empow&#039;Her\" \/>\n<meta property=\"og:description\" content=\"\u00a0Comment transformer sa prise de parole en levier business, sans y passer 10h par semaine \u00a0 \u00a0\u00a0Prendre la parole est devenu incontournable pour d\u00e9velopper son activit\u00e9. Pourtant, publier r\u00e9guli\u00e8rement\u00a0 \u00a0\u00a0ne suffit pas toujours \u00e0 g\u00e9n\u00e9rer des opportunit\u00e9s concr\u00e8tes. Comment faire de sa communication un v\u00e9ritable levier business,\u00a0 \u00a0\u00a0sans y consacrer tout son temps ? \u00a0 \u00a0 \u00a0\u00a0Cet atelier vous propose de prendre du recul sur votre mani\u00e8re de communiquer, afin de structurer une prise de parole\u00a0 \u00a0\u00a0plus strat\u00e9gique, align\u00e9e avec votre positionnement et vos objectifs de d\u00e9veloppement. \u00a0 \u00a0Ce que nous pouvons aborder : \u00a0 \u00a0\u00a0Comprendre pourquoi publier ne suffit pas \u00e0 g\u00e9n\u00e9rer des opportunit\u00e9s \u00a0\u00a0Clarifier le lien entre positionnement, messages et d\u00e9veloppement commercial \u00a0\u00a0Identifier les erreurs qui font perdre du temps et de l\u2019\u00e9nergie \u00a0\u00a0Structurer une communication coh\u00e9rente, efficace et adapt\u00e9e \u00e0 vos objectifs \u00a0 \u00a0 \u00a0\u00a0Le format est interactif et s\u2019appuie sur des cas concrets, des \u00e9changes et des temps de questions-r\u00e9ponses\u00a0 \u00a0\u00a0pour vous permettre d\u2019adapter les apports \u00e0 votre propre projet. \u00a0 \u00a0 \u00a0\u00a0Atelier anim\u00e9 par Le\u00efla Feghoul, fondatrice de l\u2019agence de conseil en strat\u00e9gie \u00e9ditoriale\u00a0 \u00a0\u00a0Les Mots qui p\u00e8sent et productrice de podcasts. \u00a0\" \/>\n<meta property=\"og:url\" content=\"https:\/\/empow-her.com\/produit\/comment-transformer-sa-prise-de-parole-en-levier-business-sans-y-passer-10h-par-semaine\/\" \/>\n<meta property=\"og:site_name\" content=\"Empow&#039;Her\" \/>\n<meta property=\"og:image\" content=\"https:\/\/empow-her.com\/wp-content\/uploads\/2025\/10\/Atelier.png\" \/>\n\t<meta property=\"og:image:width\" content=\"1080\" \/>\n\t<meta property=\"og:image:height\" content=\"1080\" \/>\n\t<meta property=\"og:image:type\" content=\"image\/png\" \/>\n<meta name=\"twitter:card\" content=\"summary_large_image\" \/>\n<meta name=\"twitter:label1\" content=\"Tiempo de lectura\" \/>\n\t<meta name=\"twitter:data1\" content=\"1 minuto\" \/>\n<script type=\"application\/ld+json\" class=\"yoast-schema-graph\">{\"@context\":\"https:\/\/schema.org\",\"@graph\":[{\"@type\":\"WebPage\",\"@id\":\"https:\/\/empow-her.com\/produit\/comment-transformer-sa-prise-de-parole-en-levier-business-sans-y-passer-10h-par-semaine\/\",\"url\":\"https:\/\/empow-her.com\/produit\/comment-transformer-sa-prise-de-parole-en-levier-business-sans-y-passer-10h-par-semaine\/\",\"name\":\"Comment transformer sa prise de parole en levier business, sans y passer 10h par semaine - Empow&#039;Her\",\"isPartOf\":{\"@id\":\"https:\/\/empow-her.com\/#website\"},\"primaryImageOfPage\":{\"@id\":\"https:\/\/empow-her.com\/produit\/comment-transformer-sa-prise-de-parole-en-levier-business-sans-y-passer-10h-par-semaine\/#primaryimage\"},\"image\":{\"@id\":\"https:\/\/empow-her.com\/produit\/comment-transformer-sa-prise-de-parole-en-levier-business-sans-y-passer-10h-par-semaine\/#primaryimage\"},\"thumbnailUrl\":\"https:\/\/empow-her.com\/wp-content\/uploads\/2025\/10\/Atelier.png\",\"datePublished\":\"2026-04-20T12:30:00+00:00\",\"breadcrumb\":{\"@id\":\"https:\/\/empow-her.com\/produit\/comment-transformer-sa-prise-de-parole-en-levier-business-sans-y-passer-10h-par-semaine\/#breadcrumb\"},\"inLanguage\":\"es\",\"potentialAction\":[{\"@type\":\"ReadAction\",\"target\":[\"https:\/\/empow-her.com\/produit\/comment-transformer-sa-prise-de-parole-en-levier-business-sans-y-passer-10h-par-semaine\/\"]}]},{\"@type\":\"ImageObject\",\"inLanguage\":\"es\",\"@id\":\"https:\/\/empow-her.com\/produit\/comment-transformer-sa-prise-de-parole-en-levier-business-sans-y-passer-10h-par-semaine\/#primaryimage\",\"url\":\"https:\/\/empow-her.com\/wp-content\/uploads\/2025\/10\/Atelier.png\",\"contentUrl\":\"https:\/\/empow-her.com\/wp-content\/uploads\/2025\/10\/Atelier.png\",\"width\":1080,\"height\":1080},{\"@type\":\"BreadcrumbList\",\"@id\":\"https:\/\/empow-her.com\/produit\/comment-transformer-sa-prise-de-parole-en-levier-business-sans-y-passer-10h-par-semaine\/#breadcrumb\",\"itemListElement\":[{\"@type\":\"ListItem\",\"position\":1,\"name\":\"Accueil\",\"item\":\"https:\/\/empow-her.com\/es\/inicio\/\"},{\"@type\":\"ListItem\",\"position\":2,\"name\":\"LA BOUTIQUE\",\"item\":\"https:\/\/empow-her.com\/boutique\/\"},{\"@type\":\"ListItem\",\"position\":3,\"name\":\"Comment transformer sa prise de parole en levier business, sans y passer 10h par semaine\"}]},{\"@type\":\"WebSite\",\"@id\":\"https:\/\/empow-her.com\/#website\",\"url\":\"https:\/\/empow-her.com\/\",\"name\":\"Empow&#039;Her\",\"description\":\"Women Development\",\"potentialAction\":[{\"@type\":\"SearchAction\",\"target\":{\"@type\":\"EntryPoint\",\"urlTemplate\":\"https:\/\/empow-her.com\/?s={search_term_string}\"},\"query-input\":{\"@type\":\"PropertyValueSpecification\",\"valueRequired\":true,\"valueName\":\"search_term_string\"}}],\"inLanguage\":\"es\"}]}<\/script>\n<!-- \/ Yoast SEO plugin. -->","yoast_head_json":{"title":"Comment transformer sa prise de parole en levier business, sans y passer 10h par semaine - Empow&#039;Her","robots":{"index":"index","follow":"follow","max-snippet":"max-snippet:-1","max-image-preview":"max-image-preview:large","max-video-preview":"max-video-preview:-1"},"canonical":"https:\/\/empow-her.com\/produit\/comment-transformer-sa-prise-de-parole-en-levier-business-sans-y-passer-10h-par-semaine\/","og_locale":"es_ES","og_type":"article","og_title":"Comment transformer sa prise de parole en levier business, sans y passer 10h par semaine - Empow&#039;Her","og_description":"\u00a0Comment transformer sa prise de parole en levier business, sans y passer 10h par semaine \u00a0 \u00a0\u00a0Prendre la parole est devenu incontournable pour d\u00e9velopper son activit\u00e9. Pourtant, publier r\u00e9guli\u00e8rement\u00a0 \u00a0\u00a0ne suffit pas toujours \u00e0 g\u00e9n\u00e9rer des opportunit\u00e9s concr\u00e8tes. Comment faire de sa communication un v\u00e9ritable levier business,\u00a0 \u00a0\u00a0sans y consacrer tout son temps ? \u00a0 \u00a0 \u00a0\u00a0Cet atelier vous propose de prendre du recul sur votre mani\u00e8re de communiquer, afin de structurer une prise de parole\u00a0 \u00a0\u00a0plus strat\u00e9gique, align\u00e9e avec votre positionnement et vos objectifs de d\u00e9veloppement. \u00a0 \u00a0Ce que nous pouvons aborder : \u00a0 \u00a0\u00a0Comprendre pourquoi publier ne suffit pas \u00e0 g\u00e9n\u00e9rer des opportunit\u00e9s \u00a0\u00a0Clarifier le lien entre positionnement, messages et d\u00e9veloppement commercial \u00a0\u00a0Identifier les erreurs qui font perdre du temps et de l\u2019\u00e9nergie \u00a0\u00a0Structurer une communication coh\u00e9rente, efficace et adapt\u00e9e \u00e0 vos objectifs \u00a0 \u00a0 \u00a0\u00a0Le format est interactif et s\u2019appuie sur des cas concrets, des \u00e9changes et des temps de questions-r\u00e9ponses\u00a0 \u00a0\u00a0pour vous permettre d\u2019adapter les apports \u00e0 votre propre projet. \u00a0 \u00a0 \u00a0\u00a0Atelier anim\u00e9 par Le\u00efla Feghoul, fondatrice de l\u2019agence de conseil en strat\u00e9gie \u00e9ditoriale\u00a0 \u00a0\u00a0Les Mots qui p\u00e8sent et productrice de podcasts. \u00a0","og_url":"https:\/\/empow-her.com\/produit\/comment-transformer-sa-prise-de-parole-en-levier-business-sans-y-passer-10h-par-semaine\/","og_site_name":"Empow&#039;Her","og_image":[{"width":1080,"height":1080,"url":"https:\/\/empow-her.com\/wp-content\/uploads\/2025\/10\/Atelier.png","type":"image\/png"}],"twitter_card":"summary_large_image","twitter_misc":{"Tiempo de lectura":"1 minuto"},"schema":{"@context":"https:\/\/schema.org","@graph":[{"@type":"WebPage","@id":"https:\/\/empow-her.com\/produit\/comment-transformer-sa-prise-de-parole-en-levier-business-sans-y-passer-10h-par-semaine\/","url":"https:\/\/empow-her.com\/produit\/comment-transformer-sa-prise-de-parole-en-levier-business-sans-y-passer-10h-par-semaine\/","name":"Comment transformer sa prise de parole en levier business, sans y passer 10h par semaine - Empow&#039;Her","isPartOf":{"@id":"https:\/\/empow-her.com\/#website"},"primaryImageOfPage":{"@id":"https:\/\/empow-her.com\/produit\/comment-transformer-sa-prise-de-parole-en-levier-business-sans-y-passer-10h-par-semaine\/#primaryimage"},"image":{"@id":"https:\/\/empow-her.com\/produit\/comment-transformer-sa-prise-de-parole-en-levier-business-sans-y-passer-10h-par-semaine\/#primaryimage"},"thumbnailUrl":"https:\/\/empow-her.com\/wp-content\/uploads\/2025\/10\/Atelier.png","datePublished":"2026-04-20T12:30:00+00:00","breadcrumb":{"@id":"https:\/\/empow-her.com\/produit\/comment-transformer-sa-prise-de-parole-en-levier-business-sans-y-passer-10h-par-semaine\/#breadcrumb"},"inLanguage":"es","potentialAction":[{"@type":"ReadAction","target":["https:\/\/empow-her.com\/produit\/comment-transformer-sa-prise-de-parole-en-levier-business-sans-y-passer-10h-par-semaine\/"]}]},{"@type":"ImageObject","inLanguage":"es","@id":"https:\/\/empow-her.com\/produit\/comment-transformer-sa-prise-de-parole-en-levier-business-sans-y-passer-10h-par-semaine\/#primaryimage","url":"https:\/\/empow-her.com\/wp-content\/uploads\/2025\/10\/Atelier.png","contentUrl":"https:\/\/empow-her.com\/wp-content\/uploads\/2025\/10\/Atelier.png","width":1080,"height":1080},{"@type":"BreadcrumbList","@id":"https:\/\/empow-her.com\/produit\/comment-transformer-sa-prise-de-parole-en-levier-business-sans-y-passer-10h-par-semaine\/#breadcrumb","itemListElement":[{"@type":"ListItem","position":1,"name":"Accueil","item":"https:\/\/empow-her.com\/es\/inicio\/"},{"@type":"ListItem","position":2,"name":"LA BOUTIQUE","item":"https:\/\/empow-her.com\/boutique\/"},{"@type":"ListItem","position":3,"name":"Comment transformer sa prise de parole en levier business, sans y passer 10h par semaine"}]},{"@type":"WebSite","@id":"https:\/\/empow-her.com\/#website","url":"https:\/\/empow-her.com\/","name":"Empow&#039;Her","description":"Women Development","potentialAction":[{"@type":"SearchAction","target":{"@type":"EntryPoint","urlTemplate":"https:\/\/empow-her.com\/?s={search_term_string}"},"query-input":{"@type":"PropertyValueSpecification","valueRequired":true,"valueName":"search_term_string"}}],"inLanguage":"es"}]}},"_links":{"self":[{"href":"https:\/\/empow-her.com\/es\/wp-json\/wp\/v2\/product\/271404","targetHints":{"allow":["GET"]}}],"collection":[{"href":"https:\/\/empow-her.com\/es\/wp-json\/wp\/v2\/product"}],"about":[{"href":"https:\/\/empow-her.com\/es\/wp-json\/wp\/v2\/types\/product"}],"wp:featuredmedia":[{"embeddable":true,"href":"https:\/\/empow-her.com\/es\/wp-json\/wp\/v2\/media\/269994"}],"wp:attachment":[{"href":"https:\/\/empow-her.com\/es\/wp-json\/wp\/v2\/media?parent=271404"}],"wp:term":[{"taxonomy":"product_brand","embeddable":true,"href":"https:\/\/empow-her.com\/es\/wp-json\/wp\/v2\/product_brand?post=271404"},{"taxonomy":"product_cat","embeddable":true,"href":"https:\/\/empow-her.com\/es\/wp-json\/wp\/v2\/product_cat?post=271404"},{"taxonomy":"product_tag","embeddable":true,"href":"https:\/\/empow-her.com\/es\/wp-json\/wp\/v2\/product_tag?post=271404"},{"taxonomy":"lieu","embeddable":true,"href":"https:\/\/empow-her.com\/es\/wp-json\/wp\/v2\/lieu?post=271404"},{"taxonomy":"thematiques","embeddable":true,"href":"https:\/\/empow-her.com\/es\/wp-json\/wp\/v2\/thematiques?post=271404"}],"curies":[{"name":"wp","href":"https:\/\/api.w.org\/{rel}","templated":true}]}}