{"id":271332,"date":"2026-02-26T14:00:00","date_gmt":"2026-02-26T13:00:00","guid":{"rendered":"https:\/\/empow-her.com\/?post_type=product&#038;p=271332"},"modified":"2026-03-30T10:37:50","modified_gmt":"2026-03-30T08:37:50","slug":"prendre-en-main-son-business-plan","status":"publish","type":"product","link":"https:\/\/empow-her.com\/es\/produit\/prendre-en-main-son-business-plan\/","title":{"rendered":"Prendre en main son Business Plan"},"content":{"rendered":"<h2>Webinaire \u2013 Construire un Business Plan clair et cr\u00e9dible<\/h2>\n<p><strong>&#8220;Mon activit\u00e9 peut-elle \u00eatre rentable ? Quand pourrai-je me r\u00e9mun\u00e9rer ? Et comment r\u00e9pondre aux demandes de budget pr\u00e9visionnel des banques ou financeurs ?&#8221;<\/strong><\/p>\n<p>Ce webinaire est fait pour vous si vous vous posez ces questions.<\/p>\n<p>Le Business Plan est bien plus qu\u2019un document formel : c\u2019est un outil strat\u00e9gique qui vous permet de structurer vos id\u00e9es, de poser des hypoth\u00e8ses financi\u00e8res r\u00e9alistes et de d\u00e9montrer la viabilit\u00e9 de votre projet.<\/p>\n<h3>Au programme<\/h3>\n<ul>\n\u00a0\u00a0<\/p>\n<li>Comprendre les diff\u00e9rentes sections d\u2019un Business Plan<\/li>\n<p>\u00a0\u00a0<\/p>\n<li>Apprendre \u00e0 construire un pr\u00e9visionnel simple, lisible et coh\u00e9rent<\/li>\n<p>\u00a0\u00a0<\/p>\n<li>Identifier les bons indicateurs pour parler \u00e0 vos partenaires (banques, financeurs, investisseurs)<\/li>\n<p>\u00a0\u00a0<\/p>\n<li>Gagner en clart\u00e9 sur votre potentiel de r\u00e9mun\u00e9ration<\/li>\n<p>\u00a0\u00a0<\/p>\n<li>D\u00e9couvrir et vous initier \u00e0 notre mod\u00e8le<\/li>\n<\/ul>\n<h3>Objectifs du webinaire<\/h3>\n<ul>\n\u00a0\u00a0<\/p>\n<li>Clarifier la logique \u00e9conomique de votre projet<\/li>\n<p>\u00a0\u00a0<\/p>\n<li>Poser les bases de votre strat\u00e9gie financi\u00e8re<\/li>\n<p>\u00a0\u00a0<\/p>\n<li>Pr\u00e9senter vos chiffres cl\u00e9s dans un tableau lisible et convaincant<\/li>\n<p>\u00a0\u00a0<\/p>\n<li>Savoir parler finances avec assurance<\/li>\n<\/ul>\n<h3>Pr\u00e9-requis<\/h3>\n<p>Avoir une premi\u00e8re id\u00e9e d\u2019offre ou d\u2019activit\u00e9 (m\u00eame encore en r\u00e9flexion).<\/p>\n<p><strong>Un webinaire de 3:00 pour faire parler les chiffres, reprendre la main sur votre strat\u00e9gie financi\u00e8re et gagner en confiance.<\/strong><\/p>\n","protected":false},"excerpt":{"rendered":"<h2>Webinaire \u2013 Construire un Business Plan clair et cr\u00e9dible<\/h2>\n<p><strong>&#8220;Mon activit\u00e9 peut-elle \u00eatre rentable ? Quand pourrai-je me r\u00e9mun\u00e9rer ? Et comment r\u00e9pondre aux demandes de budget pr\u00e9visionnel des banques ou financeurs ?&#8221;<\/strong><\/p>\n<p>Ce webinaire est fait pour vous si vous vous posez ces questions.<\/p>\n<p>Le Business Plan est bien plus qu\u2019un document formel : c\u2019est un outil strat\u00e9gique qui vous permet de structurer vos id\u00e9es, de poser des hypoth\u00e8ses financi\u00e8res r\u00e9alistes et de d\u00e9montrer la viabilit\u00e9 de votre projet.<\/p>\n<h3>Au programme<\/h3>\n<ul>\n\u00a0\u00a0<\/p>\n<li>Comprendre les diff\u00e9rentes sections d\u2019un Business Plan<\/li>\n<p>\u00a0\u00a0<\/p>\n<li>Apprendre \u00e0 construire un pr\u00e9visionnel simple, lisible et coh\u00e9rent<\/li>\n<p>\u00a0\u00a0<\/p>\n<li>Identifier les bons indicateurs pour parler \u00e0 vos partenaires (banques, financeurs, investisseurs)<\/li>\n<p>\u00a0\u00a0<\/p>\n<li>Gagner en clart\u00e9 sur votre potentiel de r\u00e9mun\u00e9ration<\/li>\n<p>\u00a0\u00a0<\/p>\n<li>D\u00e9couvrir et vous initier \u00e0 notre mod\u00e8le<\/li>\n<\/ul>\n<h3>Objectifs du webinaire<\/h3>\n<ul>\n\u00a0\u00a0<\/p>\n<li>Clarifier la logique \u00e9conomique de votre projet<\/li>\n<p>\u00a0\u00a0<\/p>\n<li>Poser les bases de votre strat\u00e9gie financi\u00e8re<\/li>\n<p>\u00a0\u00a0<\/p>\n<li>Pr\u00e9senter vos chiffres cl\u00e9s dans un tableau lisible et convaincant<\/li>\n<p>\u00a0\u00a0<\/p>\n<li>Savoir parler finances avec assurance<\/li>\n<\/ul>\n<h3>Pr\u00e9-requis<\/h3>\n<p>Avoir une premi\u00e8re id\u00e9e d\u2019offre ou d\u2019activit\u00e9 (m\u00eame encore en r\u00e9flexion).<\/p>\n<p><strong>Un webinaire de 3:00 pour faire parler les chiffres, reprendre la main sur votre strat\u00e9gie financi\u00e8re et gagner en confiance.<\/strong><\/p>\n","protected":false},"featured_media":269994,"template":"","format":"standard","meta":{"_acf_changed":false,"om_disable_all_campaigns":false,"_uf_show_specific_survey":0,"_uf_disable_surveys":false},"product_brand":[],"product_cat":[118],"product_tag":[222],"lieu":[223],"thematiques":[],"class_list":{"0":"post-271332","1":"product","2":"type-product","3":"status-publish","4":"format-standard","5":"has-post-thumbnail","7":"product_cat-atelier-collectif","8":"product_tag-presentiel","9":"lieu-presentiel","11":"first","12":"instock","13":"virtual","14":"purchasable","15":"product-type-appointment"},"exclude_global_add_ons":[],"addons":[],"acf":[],"yoast_head":"<!-- This site is optimized with the Yoast SEO plugin v24.8 - https:\/\/yoast.com\/wordpress\/plugins\/seo\/ -->\n<title>Prendre en main son Business Plan - Empow&#039;Her<\/title>\n<meta name=\"robots\" content=\"index, follow, max-snippet:-1, max-image-preview:large, max-video-preview:-1\" \/>\n<link rel=\"canonical\" href=\"https:\/\/empow-her.com\/produit\/prendre-en-main-son-business-plan\/\" \/>\n<meta property=\"og:locale\" content=\"es_ES\" \/>\n<meta property=\"og:type\" content=\"article\" \/>\n<meta property=\"og:title\" content=\"Prendre en main son Business Plan - Empow&#039;Her\" \/>\n<meta property=\"og:description\" content=\"Webinaire \u2013 Construire un Business Plan clair et cr\u00e9dible &quot;Mon activit\u00e9 peut-elle \u00eatre rentable ? Quand pourrai-je me r\u00e9mun\u00e9rer ? Et comment r\u00e9pondre aux demandes de budget pr\u00e9visionnel des banques ou financeurs ?&quot; Ce webinaire est fait pour vous si vous vous posez ces questions. Le Business Plan est bien plus qu\u2019un document formel : c\u2019est un outil strat\u00e9gique qui vous permet de structurer vos id\u00e9es, de poser des hypoth\u00e8ses financi\u00e8res r\u00e9alistes et de d\u00e9montrer la viabilit\u00e9 de votre projet. Au programme \u00a0\u00a0Comprendre les diff\u00e9rentes sections d\u2019un Business Plan \u00a0\u00a0Apprendre \u00e0 construire un pr\u00e9visionnel simple, lisible et coh\u00e9rent \u00a0\u00a0Identifier les bons indicateurs pour parler \u00e0 vos partenaires (banques, financeurs, investisseurs) \u00a0\u00a0Gagner en clart\u00e9 sur votre potentiel de r\u00e9mun\u00e9ration \u00a0\u00a0D\u00e9couvrir et vous initier \u00e0 notre mod\u00e8le  Objectifs du webinaire \u00a0\u00a0Clarifier la logique \u00e9conomique de votre projet \u00a0\u00a0Poser les bases de votre strat\u00e9gie financi\u00e8re \u00a0\u00a0Pr\u00e9senter vos chiffres cl\u00e9s dans un tableau lisible et convaincant \u00a0\u00a0Savoir parler finances avec assurance  Pr\u00e9-requis Avoir une premi\u00e8re id\u00e9e d\u2019offre ou d\u2019activit\u00e9 (m\u00eame encore en r\u00e9flexion). Un webinaire de 3:00 pour faire parler les chiffres, reprendre la main sur votre strat\u00e9gie financi\u00e8re et gagner en confiance.\" \/>\n<meta property=\"og:url\" content=\"https:\/\/empow-her.com\/produit\/prendre-en-main-son-business-plan\/\" \/>\n<meta property=\"og:site_name\" content=\"Empow&#039;Her\" \/>\n<meta property=\"article:modified_time\" content=\"2026-03-30T08:37:50+00:00\" \/>\n<meta property=\"og:image\" content=\"https:\/\/empow-her.com\/wp-content\/uploads\/2025\/10\/Atelier.png\" \/>\n\t<meta property=\"og:image:width\" content=\"1080\" \/>\n\t<meta property=\"og:image:height\" content=\"1080\" \/>\n\t<meta property=\"og:image:type\" content=\"image\/png\" \/>\n<meta name=\"twitter:card\" content=\"summary_large_image\" \/>\n<meta name=\"twitter:label1\" content=\"Tiempo de lectura\" \/>\n\t<meta name=\"twitter:data1\" content=\"1 minuto\" \/>\n<script type=\"application\/ld+json\" class=\"yoast-schema-graph\">{\"@context\":\"https:\/\/schema.org\",\"@graph\":[{\"@type\":\"WebPage\",\"@id\":\"https:\/\/empow-her.com\/produit\/prendre-en-main-son-business-plan\/\",\"url\":\"https:\/\/empow-her.com\/produit\/prendre-en-main-son-business-plan\/\",\"name\":\"Prendre en main son Business Plan - Empow&#039;Her\",\"isPartOf\":{\"@id\":\"https:\/\/empow-her.com\/#website\"},\"primaryImageOfPage\":{\"@id\":\"https:\/\/empow-her.com\/produit\/prendre-en-main-son-business-plan\/#primaryimage\"},\"image\":{\"@id\":\"https:\/\/empow-her.com\/produit\/prendre-en-main-son-business-plan\/#primaryimage\"},\"thumbnailUrl\":\"https:\/\/empow-her.com\/wp-content\/uploads\/2025\/10\/Atelier.png\",\"datePublished\":\"2026-02-26T13:00:00+00:00\",\"dateModified\":\"2026-03-30T08:37:50+00:00\",\"breadcrumb\":{\"@id\":\"https:\/\/empow-her.com\/produit\/prendre-en-main-son-business-plan\/#breadcrumb\"},\"inLanguage\":\"es\",\"potentialAction\":[{\"@type\":\"ReadAction\",\"target\":[\"https:\/\/empow-her.com\/produit\/prendre-en-main-son-business-plan\/\"]}]},{\"@type\":\"ImageObject\",\"inLanguage\":\"es\",\"@id\":\"https:\/\/empow-her.com\/produit\/prendre-en-main-son-business-plan\/#primaryimage\",\"url\":\"https:\/\/empow-her.com\/wp-content\/uploads\/2025\/10\/Atelier.png\",\"contentUrl\":\"https:\/\/empow-her.com\/wp-content\/uploads\/2025\/10\/Atelier.png\",\"width\":1080,\"height\":1080},{\"@type\":\"BreadcrumbList\",\"@id\":\"https:\/\/empow-her.com\/produit\/prendre-en-main-son-business-plan\/#breadcrumb\",\"itemListElement\":[{\"@type\":\"ListItem\",\"position\":1,\"name\":\"Accueil\",\"item\":\"https:\/\/empow-her.com\/es\/inicio\/\"},{\"@type\":\"ListItem\",\"position\":2,\"name\":\"LA BOUTIQUE\",\"item\":\"https:\/\/empow-her.com\/boutique\/\"},{\"@type\":\"ListItem\",\"position\":3,\"name\":\"Prendre en main son Business Plan\"}]},{\"@type\":\"WebSite\",\"@id\":\"https:\/\/empow-her.com\/#website\",\"url\":\"https:\/\/empow-her.com\/\",\"name\":\"Empow&#039;Her\",\"description\":\"Women Development\",\"potentialAction\":[{\"@type\":\"SearchAction\",\"target\":{\"@type\":\"EntryPoint\",\"urlTemplate\":\"https:\/\/empow-her.com\/?s={search_term_string}\"},\"query-input\":{\"@type\":\"PropertyValueSpecification\",\"valueRequired\":true,\"valueName\":\"search_term_string\"}}],\"inLanguage\":\"es\"}]}<\/script>\n<!-- \/ Yoast SEO plugin. -->","yoast_head_json":{"title":"Prendre en main son Business Plan - Empow&#039;Her","robots":{"index":"index","follow":"follow","max-snippet":"max-snippet:-1","max-image-preview":"max-image-preview:large","max-video-preview":"max-video-preview:-1"},"canonical":"https:\/\/empow-her.com\/produit\/prendre-en-main-son-business-plan\/","og_locale":"es_ES","og_type":"article","og_title":"Prendre en main son Business Plan - Empow&#039;Her","og_description":"Webinaire \u2013 Construire un Business Plan clair et cr\u00e9dible \"Mon activit\u00e9 peut-elle \u00eatre rentable ? Quand pourrai-je me r\u00e9mun\u00e9rer ? Et comment r\u00e9pondre aux demandes de budget pr\u00e9visionnel des banques ou financeurs ?\" Ce webinaire est fait pour vous si vous vous posez ces questions. Le Business Plan est bien plus qu\u2019un document formel : c\u2019est un outil strat\u00e9gique qui vous permet de structurer vos id\u00e9es, de poser des hypoth\u00e8ses financi\u00e8res r\u00e9alistes et de d\u00e9montrer la viabilit\u00e9 de votre projet. Au programme \u00a0\u00a0Comprendre les diff\u00e9rentes sections d\u2019un Business Plan \u00a0\u00a0Apprendre \u00e0 construire un pr\u00e9visionnel simple, lisible et coh\u00e9rent \u00a0\u00a0Identifier les bons indicateurs pour parler \u00e0 vos partenaires (banques, financeurs, investisseurs) \u00a0\u00a0Gagner en clart\u00e9 sur votre potentiel de r\u00e9mun\u00e9ration \u00a0\u00a0D\u00e9couvrir et vous initier \u00e0 notre mod\u00e8le  Objectifs du webinaire \u00a0\u00a0Clarifier la logique \u00e9conomique de votre projet \u00a0\u00a0Poser les bases de votre strat\u00e9gie financi\u00e8re \u00a0\u00a0Pr\u00e9senter vos chiffres cl\u00e9s dans un tableau lisible et convaincant \u00a0\u00a0Savoir parler finances avec assurance  Pr\u00e9-requis Avoir une premi\u00e8re id\u00e9e d\u2019offre ou d\u2019activit\u00e9 (m\u00eame encore en r\u00e9flexion). Un webinaire de 3:00 pour faire parler les chiffres, reprendre la main sur votre strat\u00e9gie financi\u00e8re et gagner en confiance.","og_url":"https:\/\/empow-her.com\/produit\/prendre-en-main-son-business-plan\/","og_site_name":"Empow&#039;Her","article_modified_time":"2026-03-30T08:37:50+00:00","og_image":[{"width":1080,"height":1080,"url":"https:\/\/empow-her.com\/wp-content\/uploads\/2025\/10\/Atelier.png","type":"image\/png"}],"twitter_card":"summary_large_image","twitter_misc":{"Tiempo de lectura":"1 minuto"},"schema":{"@context":"https:\/\/schema.org","@graph":[{"@type":"WebPage","@id":"https:\/\/empow-her.com\/produit\/prendre-en-main-son-business-plan\/","url":"https:\/\/empow-her.com\/produit\/prendre-en-main-son-business-plan\/","name":"Prendre en main son Business Plan - Empow&#039;Her","isPartOf":{"@id":"https:\/\/empow-her.com\/#website"},"primaryImageOfPage":{"@id":"https:\/\/empow-her.com\/produit\/prendre-en-main-son-business-plan\/#primaryimage"},"image":{"@id":"https:\/\/empow-her.com\/produit\/prendre-en-main-son-business-plan\/#primaryimage"},"thumbnailUrl":"https:\/\/empow-her.com\/wp-content\/uploads\/2025\/10\/Atelier.png","datePublished":"2026-02-26T13:00:00+00:00","dateModified":"2026-03-30T08:37:50+00:00","breadcrumb":{"@id":"https:\/\/empow-her.com\/produit\/prendre-en-main-son-business-plan\/#breadcrumb"},"inLanguage":"es","potentialAction":[{"@type":"ReadAction","target":["https:\/\/empow-her.com\/produit\/prendre-en-main-son-business-plan\/"]}]},{"@type":"ImageObject","inLanguage":"es","@id":"https:\/\/empow-her.com\/produit\/prendre-en-main-son-business-plan\/#primaryimage","url":"https:\/\/empow-her.com\/wp-content\/uploads\/2025\/10\/Atelier.png","contentUrl":"https:\/\/empow-her.com\/wp-content\/uploads\/2025\/10\/Atelier.png","width":1080,"height":1080},{"@type":"BreadcrumbList","@id":"https:\/\/empow-her.com\/produit\/prendre-en-main-son-business-plan\/#breadcrumb","itemListElement":[{"@type":"ListItem","position":1,"name":"Accueil","item":"https:\/\/empow-her.com\/es\/inicio\/"},{"@type":"ListItem","position":2,"name":"LA BOUTIQUE","item":"https:\/\/empow-her.com\/boutique\/"},{"@type":"ListItem","position":3,"name":"Prendre en main son Business Plan"}]},{"@type":"WebSite","@id":"https:\/\/empow-her.com\/#website","url":"https:\/\/empow-her.com\/","name":"Empow&#039;Her","description":"Women Development","potentialAction":[{"@type":"SearchAction","target":{"@type":"EntryPoint","urlTemplate":"https:\/\/empow-her.com\/?s={search_term_string}"},"query-input":{"@type":"PropertyValueSpecification","valueRequired":true,"valueName":"search_term_string"}}],"inLanguage":"es"}]}},"_links":{"self":[{"href":"https:\/\/empow-her.com\/es\/wp-json\/wp\/v2\/product\/271332","targetHints":{"allow":["GET"]}}],"collection":[{"href":"https:\/\/empow-her.com\/es\/wp-json\/wp\/v2\/product"}],"about":[{"href":"https:\/\/empow-her.com\/es\/wp-json\/wp\/v2\/types\/product"}],"wp:featuredmedia":[{"embeddable":true,"href":"https:\/\/empow-her.com\/es\/wp-json\/wp\/v2\/media\/269994"}],"wp:attachment":[{"href":"https:\/\/empow-her.com\/es\/wp-json\/wp\/v2\/media?parent=271332"}],"wp:term":[{"taxonomy":"product_brand","embeddable":true,"href":"https:\/\/empow-her.com\/es\/wp-json\/wp\/v2\/product_brand?post=271332"},{"taxonomy":"product_cat","embeddable":true,"href":"https:\/\/empow-her.com\/es\/wp-json\/wp\/v2\/product_cat?post=271332"},{"taxonomy":"product_tag","embeddable":true,"href":"https:\/\/empow-her.com\/es\/wp-json\/wp\/v2\/product_tag?post=271332"},{"taxonomy":"lieu","embeddable":true,"href":"https:\/\/empow-her.com\/es\/wp-json\/wp\/v2\/lieu?post=271332"},{"taxonomy":"thematiques","embeddable":true,"href":"https:\/\/empow-her.com\/es\/wp-json\/wp\/v2\/thematiques?post=271332"}],"curies":[{"name":"wp","href":"https:\/\/api.w.org\/{rel}","templated":true}]}}