{"id":271331,"date":"2026-04-02T16:00:00","date_gmt":"2026-04-02T14:00:00","guid":{"rendered":"https:\/\/empow-her.com\/?post_type=product&#038;p=271331"},"modified":"2026-03-30T10:37:42","modified_gmt":"2026-03-30T08:37:42","slug":"prendre-en-main-son-business-plan-faq","status":"publish","type":"product","link":"https:\/\/empow-her.com\/es\/produit\/prendre-en-main-son-business-plan-faq\/","title":{"rendered":"Prendre en main son Business Plan &#8211; FAQ"},"content":{"rendered":"<h2>Webinaire \u2013 Prendre en main son Business Plan<\/h2>\n<p>Vous travaillez sur votre Business Plan et vous vous posez des questions ? Venez participer \u00e0 cette session collective d&#8217;une heure pour obtenir des r\u00e9ponses concr\u00e8tes et avancer sereinement sur votre projet.<\/p>\n<p>N&#8217;h\u00e9sitez pas \u00e0 nous partager vos questions en amont afin que nous puissions pr\u00e9parer des r\u00e9ponses adapt\u00e9es \u00e0 vos besoins.<\/p>\n","protected":false},"excerpt":{"rendered":"<h2>Webinaire \u2013 Prendre en main son Business Plan<\/h2>\n<p>Vous travaillez sur votre Business Plan et vous vous posez des questions ? Venez participer \u00e0 cette session collective d&#8217;une heure pour obtenir des r\u00e9ponses concr\u00e8tes et avancer sereinement sur votre projet.<\/p>\n<p>N&#8217;h\u00e9sitez pas \u00e0 nous partager vos questions en amont afin que nous puissions pr\u00e9parer des r\u00e9ponses adapt\u00e9es \u00e0 vos besoins.<\/p>\n","protected":false},"featured_media":269994,"template":"","format":"standard","meta":{"_acf_changed":false,"om_disable_all_campaigns":false,"_uf_show_specific_survey":0,"_uf_disable_surveys":false},"product_brand":[],"product_cat":[118],"product_tag":[143],"lieu":[125],"thematiques":[],"class_list":{"0":"post-271331","1":"product","2":"type-product","3":"status-publish","4":"format-standard","5":"has-post-thumbnail","7":"product_cat-atelier-collectif","8":"product_tag-en-ligne","9":"lieu-en-ligne","11":"first","12":"instock","13":"virtual","14":"purchasable","15":"product-type-appointment"},"exclude_global_add_ons":[],"addons":[],"acf":[],"yoast_head":"<!-- This site is optimized with the Yoast SEO plugin v24.8 - https:\/\/yoast.com\/wordpress\/plugins\/seo\/ -->\n<title>Prendre en main son Business Plan - FAQ - Empow&#039;Her<\/title>\n<meta name=\"robots\" content=\"index, follow, max-snippet:-1, max-image-preview:large, max-video-preview:-1\" \/>\n<link rel=\"canonical\" href=\"https:\/\/empow-her.com\/produit\/prendre-en-main-son-business-plan-faq\/\" \/>\n<meta property=\"og:locale\" content=\"es_ES\" \/>\n<meta property=\"og:type\" content=\"article\" \/>\n<meta property=\"og:title\" content=\"Prendre en main son Business Plan - FAQ - Empow&#039;Her\" \/>\n<meta property=\"og:description\" content=\"Webinaire \u2013 Prendre en main son Business Plan Vous travaillez sur votre Business Plan et vous vous posez des questions ? Venez participer \u00e0 cette session collective d&#039;une heure pour obtenir des r\u00e9ponses concr\u00e8tes et avancer sereinement sur votre projet. N&#039;h\u00e9sitez pas \u00e0 nous partager vos questions en amont afin que nous puissions pr\u00e9parer des r\u00e9ponses adapt\u00e9es \u00e0 vos besoins.\" \/>\n<meta property=\"og:url\" content=\"https:\/\/empow-her.com\/produit\/prendre-en-main-son-business-plan-faq\/\" \/>\n<meta property=\"og:site_name\" content=\"Empow&#039;Her\" \/>\n<meta property=\"og:image\" content=\"https:\/\/empow-her.com\/wp-content\/uploads\/2025\/10\/Atelier.png\" \/>\n\t<meta property=\"og:image:width\" content=\"1080\" \/>\n\t<meta property=\"og:image:height\" content=\"1080\" \/>\n\t<meta property=\"og:image:type\" content=\"image\/png\" \/>\n<meta name=\"twitter:card\" content=\"summary_large_image\" \/>\n<meta name=\"twitter:label1\" content=\"Tiempo de lectura\" \/>\n\t<meta name=\"twitter:data1\" content=\"1 minuto\" \/>\n<script type=\"application\/ld+json\" class=\"yoast-schema-graph\">{\"@context\":\"https:\/\/schema.org\",\"@graph\":[{\"@type\":\"WebPage\",\"@id\":\"https:\/\/empow-her.com\/produit\/prendre-en-main-son-business-plan-faq\/\",\"url\":\"https:\/\/empow-her.com\/produit\/prendre-en-main-son-business-plan-faq\/\",\"name\":\"Prendre en main son Business Plan - FAQ - Empow&#039;Her\",\"isPartOf\":{\"@id\":\"https:\/\/empow-her.com\/#website\"},\"primaryImageOfPage\":{\"@id\":\"https:\/\/empow-her.com\/produit\/prendre-en-main-son-business-plan-faq\/#primaryimage\"},\"image\":{\"@id\":\"https:\/\/empow-her.com\/produit\/prendre-en-main-son-business-plan-faq\/#primaryimage\"},\"thumbnailUrl\":\"https:\/\/empow-her.com\/wp-content\/uploads\/2025\/10\/Atelier.png\",\"datePublished\":\"2026-04-02T14:00:00+00:00\",\"breadcrumb\":{\"@id\":\"https:\/\/empow-her.com\/produit\/prendre-en-main-son-business-plan-faq\/#breadcrumb\"},\"inLanguage\":\"es\",\"potentialAction\":[{\"@type\":\"ReadAction\",\"target\":[\"https:\/\/empow-her.com\/produit\/prendre-en-main-son-business-plan-faq\/\"]}]},{\"@type\":\"ImageObject\",\"inLanguage\":\"es\",\"@id\":\"https:\/\/empow-her.com\/produit\/prendre-en-main-son-business-plan-faq\/#primaryimage\",\"url\":\"https:\/\/empow-her.com\/wp-content\/uploads\/2025\/10\/Atelier.png\",\"contentUrl\":\"https:\/\/empow-her.com\/wp-content\/uploads\/2025\/10\/Atelier.png\",\"width\":1080,\"height\":1080},{\"@type\":\"BreadcrumbList\",\"@id\":\"https:\/\/empow-her.com\/produit\/prendre-en-main-son-business-plan-faq\/#breadcrumb\",\"itemListElement\":[{\"@type\":\"ListItem\",\"position\":1,\"name\":\"Accueil\",\"item\":\"https:\/\/empow-her.com\/es\/inicio\/\"},{\"@type\":\"ListItem\",\"position\":2,\"name\":\"LA BOUTIQUE\",\"item\":\"https:\/\/empow-her.com\/boutique\/\"},{\"@type\":\"ListItem\",\"position\":3,\"name\":\"Prendre en main son Business Plan &#8211; FAQ\"}]},{\"@type\":\"WebSite\",\"@id\":\"https:\/\/empow-her.com\/#website\",\"url\":\"https:\/\/empow-her.com\/\",\"name\":\"Empow&#039;Her\",\"description\":\"Women Development\",\"potentialAction\":[{\"@type\":\"SearchAction\",\"target\":{\"@type\":\"EntryPoint\",\"urlTemplate\":\"https:\/\/empow-her.com\/?s={search_term_string}\"},\"query-input\":{\"@type\":\"PropertyValueSpecification\",\"valueRequired\":true,\"valueName\":\"search_term_string\"}}],\"inLanguage\":\"es\"}]}<\/script>\n<!-- \/ Yoast SEO plugin. -->","yoast_head_json":{"title":"Prendre en main son Business Plan - FAQ - Empow&#039;Her","robots":{"index":"index","follow":"follow","max-snippet":"max-snippet:-1","max-image-preview":"max-image-preview:large","max-video-preview":"max-video-preview:-1"},"canonical":"https:\/\/empow-her.com\/produit\/prendre-en-main-son-business-plan-faq\/","og_locale":"es_ES","og_type":"article","og_title":"Prendre en main son Business Plan - FAQ - Empow&#039;Her","og_description":"Webinaire \u2013 Prendre en main son Business Plan Vous travaillez sur votre Business Plan et vous vous posez des questions ? Venez participer \u00e0 cette session collective d'une heure pour obtenir des r\u00e9ponses concr\u00e8tes et avancer sereinement sur votre projet. N'h\u00e9sitez pas \u00e0 nous partager vos questions en amont afin que nous puissions pr\u00e9parer des r\u00e9ponses adapt\u00e9es \u00e0 vos besoins.","og_url":"https:\/\/empow-her.com\/produit\/prendre-en-main-son-business-plan-faq\/","og_site_name":"Empow&#039;Her","og_image":[{"width":1080,"height":1080,"url":"https:\/\/empow-her.com\/wp-content\/uploads\/2025\/10\/Atelier.png","type":"image\/png"}],"twitter_card":"summary_large_image","twitter_misc":{"Tiempo de lectura":"1 minuto"},"schema":{"@context":"https:\/\/schema.org","@graph":[{"@type":"WebPage","@id":"https:\/\/empow-her.com\/produit\/prendre-en-main-son-business-plan-faq\/","url":"https:\/\/empow-her.com\/produit\/prendre-en-main-son-business-plan-faq\/","name":"Prendre en main son Business Plan - FAQ - Empow&#039;Her","isPartOf":{"@id":"https:\/\/empow-her.com\/#website"},"primaryImageOfPage":{"@id":"https:\/\/empow-her.com\/produit\/prendre-en-main-son-business-plan-faq\/#primaryimage"},"image":{"@id":"https:\/\/empow-her.com\/produit\/prendre-en-main-son-business-plan-faq\/#primaryimage"},"thumbnailUrl":"https:\/\/empow-her.com\/wp-content\/uploads\/2025\/10\/Atelier.png","datePublished":"2026-04-02T14:00:00+00:00","breadcrumb":{"@id":"https:\/\/empow-her.com\/produit\/prendre-en-main-son-business-plan-faq\/#breadcrumb"},"inLanguage":"es","potentialAction":[{"@type":"ReadAction","target":["https:\/\/empow-her.com\/produit\/prendre-en-main-son-business-plan-faq\/"]}]},{"@type":"ImageObject","inLanguage":"es","@id":"https:\/\/empow-her.com\/produit\/prendre-en-main-son-business-plan-faq\/#primaryimage","url":"https:\/\/empow-her.com\/wp-content\/uploads\/2025\/10\/Atelier.png","contentUrl":"https:\/\/empow-her.com\/wp-content\/uploads\/2025\/10\/Atelier.png","width":1080,"height":1080},{"@type":"BreadcrumbList","@id":"https:\/\/empow-her.com\/produit\/prendre-en-main-son-business-plan-faq\/#breadcrumb","itemListElement":[{"@type":"ListItem","position":1,"name":"Accueil","item":"https:\/\/empow-her.com\/es\/inicio\/"},{"@type":"ListItem","position":2,"name":"LA BOUTIQUE","item":"https:\/\/empow-her.com\/boutique\/"},{"@type":"ListItem","position":3,"name":"Prendre en main son Business Plan &#8211; FAQ"}]},{"@type":"WebSite","@id":"https:\/\/empow-her.com\/#website","url":"https:\/\/empow-her.com\/","name":"Empow&#039;Her","description":"Women Development","potentialAction":[{"@type":"SearchAction","target":{"@type":"EntryPoint","urlTemplate":"https:\/\/empow-her.com\/?s={search_term_string}"},"query-input":{"@type":"PropertyValueSpecification","valueRequired":true,"valueName":"search_term_string"}}],"inLanguage":"es"}]}},"_links":{"self":[{"href":"https:\/\/empow-her.com\/es\/wp-json\/wp\/v2\/product\/271331","targetHints":{"allow":["GET"]}}],"collection":[{"href":"https:\/\/empow-her.com\/es\/wp-json\/wp\/v2\/product"}],"about":[{"href":"https:\/\/empow-her.com\/es\/wp-json\/wp\/v2\/types\/product"}],"wp:featuredmedia":[{"embeddable":true,"href":"https:\/\/empow-her.com\/es\/wp-json\/wp\/v2\/media\/269994"}],"wp:attachment":[{"href":"https:\/\/empow-her.com\/es\/wp-json\/wp\/v2\/media?parent=271331"}],"wp:term":[{"taxonomy":"product_brand","embeddable":true,"href":"https:\/\/empow-her.com\/es\/wp-json\/wp\/v2\/product_brand?post=271331"},{"taxonomy":"product_cat","embeddable":true,"href":"https:\/\/empow-her.com\/es\/wp-json\/wp\/v2\/product_cat?post=271331"},{"taxonomy":"product_tag","embeddable":true,"href":"https:\/\/empow-her.com\/es\/wp-json\/wp\/v2\/product_tag?post=271331"},{"taxonomy":"lieu","embeddable":true,"href":"https:\/\/empow-her.com\/es\/wp-json\/wp\/v2\/lieu?post=271331"},{"taxonomy":"thematiques","embeddable":true,"href":"https:\/\/empow-her.com\/es\/wp-json\/wp\/v2\/thematiques?post=271331"}],"curies":[{"name":"wp","href":"https:\/\/api.w.org\/{rel}","templated":true}]}}