{"id":271297,"date":"2026-03-19T10:00:00","date_gmt":"2026-03-19T09:00:00","guid":{"rendered":"https:\/\/empow-her.com\/?post_type=product&#038;p=271297"},"modified":"2026-03-30T10:37:38","modified_gmt":"2026-03-30T08:37:38","slug":"creatrices-dentreprise-lurssaf-ile-de-france-vous-accompagne","status":"publish","type":"product","link":"https:\/\/empow-her.com\/es\/produit\/creatrices-dentreprise-lurssaf-ile-de-france-vous-accompagne\/","title":{"rendered":"Cr\u00e9atrices d\u2019entreprise, l\u2019Urssaf Ile-de-France vous accompagne"},"content":{"rendered":"<p>\u00a0<\/p>\n<p>Vous \u00eates entrepreneure et souhaitez mieux comprendre le r\u00f4le de l\u2019Urssaf pour s\u00e9curiser et accompagner le d\u00e9veloppement de votre activit\u00e9 ? Cet atelier vous donnera les cl\u00e9s pour appr\u00e9hender vos obligations sociales, choisir le statut juridique adapt\u00e9 \u00e0 votre projet et acc\u00e9der aux services et dispositifs propos\u00e9s par l\u2019Urssaf Ile-de-France.<\/p>\n<p>\u00a0<\/p>\n<p><strong>Ce que nous pouvons aborder :<\/strong><\/p>\n<p>\u00a0<\/p>\n<ul>\n\u00a0\u00a0<\/p>\n<li><strong>Les missions et le r\u00f4le du r\u00e9seau Urssaf :<\/strong> comprendre comment l\u2019Urssaf accompagne les cr\u00e9atrices d\u2019entreprise et quels services sont disponibles.<\/li>\n<p>\u00a0\u00a0<\/p>\n<li><strong>Les diff\u00e9rents statuts juridiques :<\/strong> auto-entrepreneur, entreprise individuelle, EURL\/SARL, SASU \u2013 comprendre leurs implications en termes de cotisations sociales.<\/li>\n<p>\u00a0\u00a0<\/p>\n<li><strong>La protection sociale du dirigeant :<\/strong> d\u00e9couvrir les droits et protections auxquels vous avez acc\u00e8s.<\/li>\n<p>\u00a0\u00a0<\/p>\n<li><strong>L\u2019action sociale :<\/strong> savoir quels dispositifs peuvent vous soutenir dans votre parcours entrepreneurial.<\/li>\n<p>\u00a0\u00a0<\/p>\n<li><strong>Les services en ligne de l\u2019Urssaf :<\/strong> apprendre \u00e0 utiliser les outils num\u00e9riques pour g\u00e9rer vos obligations facilement et efficacement.<\/li>\n<p>\u00a0<\/ul>\n<p>\u00a0<\/p>\n<p>\u00c0 l\u2019issue de cet atelier, vous repartirez avec une vision claire de vos obligations sociales et des services disponibles, ainsi que des conseils pour structurer et s\u00e9curiser le d\u00e9veloppement de votre entreprise.<\/p>\n<\/div>\n","protected":false},"excerpt":{"rendered":"<p>\u00a0<\/p>\n<p>Vous \u00eates entrepreneure et souhaitez mieux comprendre le r\u00f4le de l\u2019Urssaf pour s\u00e9curiser et accompagner le d\u00e9veloppement de votre activit\u00e9 ? Cet atelier vous donnera les cl\u00e9s pour appr\u00e9hender vos obligations sociales, choisir le statut juridique adapt\u00e9 \u00e0 votre projet et acc\u00e9der aux services et dispositifs propos\u00e9s par l\u2019Urssaf Ile-de-France.<\/p>\n<p>\u00a0<\/p>\n<p><strong>Ce que nous pouvons aborder :<\/strong><\/p>\n<p>\u00a0<\/p>\n<ul>\n\u00a0\u00a0<\/p>\n<li><strong>Les missions et le r\u00f4le du r\u00e9seau Urssaf :<\/strong> comprendre comment l\u2019Urssaf accompagne les cr\u00e9atrices d\u2019entreprise et quels services sont disponibles.<\/li>\n<p>\u00a0\u00a0<\/p>\n<li><strong>Les diff\u00e9rents statuts juridiques :<\/strong> auto-entrepreneur, entreprise individuelle, EURL\/SARL, SASU \u2013 comprendre leurs implications en termes de cotisations sociales.<\/li>\n<p>\u00a0\u00a0<\/p>\n<li><strong>La protection sociale du dirigeant :<\/strong> d\u00e9couvrir les droits et protections auxquels vous avez acc\u00e8s.<\/li>\n<p>\u00a0\u00a0<\/p>\n<li><strong>L\u2019action sociale :<\/strong> savoir quels dispositifs peuvent vous soutenir dans votre parcours entrepreneurial.<\/li>\n<p>\u00a0\u00a0<\/p>\n<li><strong>Les services en ligne de l\u2019Urssaf :<\/strong> apprendre \u00e0 utiliser les outils num\u00e9riques pour g\u00e9rer vos obligations facilement et efficacement.<\/li>\n<p>\u00a0<\/ul>\n<p>\u00a0<\/p>\n<p>\u00c0 l\u2019issue de cet atelier, vous repartirez avec une vision claire de vos obligations sociales et des services disponibles, ainsi que des conseils pour structurer et s\u00e9curiser le d\u00e9veloppement de votre entreprise.<\/p>\n<\/div>\n","protected":false},"featured_media":269994,"template":"","format":"standard","meta":{"_acf_changed":false,"om_disable_all_campaigns":false,"_uf_show_specific_survey":0,"_uf_disable_surveys":false},"product_brand":[],"product_cat":[118],"product_tag":[222],"lieu":[223],"thematiques":[],"class_list":{"0":"post-271297","1":"product","2":"type-product","3":"status-publish","4":"format-standard","5":"has-post-thumbnail","7":"product_cat-atelier-collectif","8":"product_tag-presentiel","9":"lieu-presentiel","11":"first","12":"instock","13":"virtual","14":"purchasable","15":"product-type-appointment"},"exclude_global_add_ons":[],"addons":[],"acf":[],"yoast_head":"<!-- This site is optimized with the Yoast SEO plugin v24.8 - https:\/\/yoast.com\/wordpress\/plugins\/seo\/ -->\n<title>Cr\u00e9atrices d\u2019entreprise, l\u2019Urssaf Ile-de-France vous accompagne - Empow&#039;Her<\/title>\n<meta name=\"robots\" content=\"index, follow, max-snippet:-1, max-image-preview:large, max-video-preview:-1\" \/>\n<link rel=\"canonical\" href=\"https:\/\/empow-her.com\/produit\/creatrices-dentreprise-lurssaf-ile-de-france-vous-accompagne\/\" \/>\n<meta property=\"og:locale\" content=\"es_ES\" \/>\n<meta property=\"og:type\" content=\"article\" \/>\n<meta property=\"og:title\" content=\"Cr\u00e9atrices d\u2019entreprise, l\u2019Urssaf Ile-de-France vous accompagne - Empow&#039;Her\" \/>\n<meta property=\"og:description\" content=\"\u00a0Vous \u00eates entrepreneure et souhaitez mieux comprendre le r\u00f4le de l\u2019Urssaf pour s\u00e9curiser et accompagner le d\u00e9veloppement de votre activit\u00e9 ? Cet atelier vous donnera les cl\u00e9s pour appr\u00e9hender vos obligations sociales, choisir le statut juridique adapt\u00e9 \u00e0 votre projet et acc\u00e9der aux services et dispositifs propos\u00e9s par l\u2019Urssaf Ile-de-France. \u00a0Ce que nous pouvons aborder : \u00a0 \u00a0\u00a0Les missions et le r\u00f4le du r\u00e9seau Urssaf : comprendre comment l\u2019Urssaf accompagne les cr\u00e9atrices d\u2019entreprise et quels services sont disponibles. \u00a0\u00a0Les diff\u00e9rents statuts juridiques : auto-entrepreneur, entreprise individuelle, EURL\/SARL, SASU \u2013 comprendre leurs implications en termes de cotisations sociales. \u00a0\u00a0La protection sociale du dirigeant : d\u00e9couvrir les droits et protections auxquels vous avez acc\u00e8s. \u00a0\u00a0L\u2019action sociale : savoir quels dispositifs peuvent vous soutenir dans votre parcours entrepreneurial. \u00a0\u00a0Les services en ligne de l\u2019Urssaf : apprendre \u00e0 utiliser les outils num\u00e9riques pour g\u00e9rer vos obligations facilement et efficacement. \u00a0 \u00a0\u00c0 l\u2019issue de cet atelier, vous repartirez avec une vision claire de vos obligations sociales et des services disponibles, ainsi que des conseils pour structurer et s\u00e9curiser le d\u00e9veloppement de votre entreprise.\" \/>\n<meta property=\"og:url\" content=\"https:\/\/empow-her.com\/produit\/creatrices-dentreprise-lurssaf-ile-de-france-vous-accompagne\/\" \/>\n<meta property=\"og:site_name\" content=\"Empow&#039;Her\" \/>\n<meta property=\"article:modified_time\" content=\"2026-03-30T08:37:38+00:00\" \/>\n<meta property=\"og:image\" content=\"https:\/\/empow-her.com\/wp-content\/uploads\/2025\/10\/Atelier.png\" \/>\n\t<meta property=\"og:image:width\" content=\"1080\" \/>\n\t<meta property=\"og:image:height\" content=\"1080\" \/>\n\t<meta property=\"og:image:type\" content=\"image\/png\" \/>\n<meta name=\"twitter:card\" content=\"summary_large_image\" \/>\n<meta name=\"twitter:label1\" content=\"Tiempo de lectura\" \/>\n\t<meta name=\"twitter:data1\" content=\"1 minuto\" \/>\n<script type=\"application\/ld+json\" class=\"yoast-schema-graph\">{\"@context\":\"https:\/\/schema.org\",\"@graph\":[{\"@type\":\"WebPage\",\"@id\":\"https:\/\/empow-her.com\/produit\/creatrices-dentreprise-lurssaf-ile-de-france-vous-accompagne\/\",\"url\":\"https:\/\/empow-her.com\/produit\/creatrices-dentreprise-lurssaf-ile-de-france-vous-accompagne\/\",\"name\":\"Cr\u00e9atrices d\u2019entreprise, l\u2019Urssaf Ile-de-France vous accompagne - Empow&#039;Her\",\"isPartOf\":{\"@id\":\"https:\/\/empow-her.com\/#website\"},\"primaryImageOfPage\":{\"@id\":\"https:\/\/empow-her.com\/produit\/creatrices-dentreprise-lurssaf-ile-de-france-vous-accompagne\/#primaryimage\"},\"image\":{\"@id\":\"https:\/\/empow-her.com\/produit\/creatrices-dentreprise-lurssaf-ile-de-france-vous-accompagne\/#primaryimage\"},\"thumbnailUrl\":\"https:\/\/empow-her.com\/wp-content\/uploads\/2025\/10\/Atelier.png\",\"datePublished\":\"2026-03-19T09:00:00+00:00\",\"dateModified\":\"2026-03-30T08:37:38+00:00\",\"breadcrumb\":{\"@id\":\"https:\/\/empow-her.com\/produit\/creatrices-dentreprise-lurssaf-ile-de-france-vous-accompagne\/#breadcrumb\"},\"inLanguage\":\"es\",\"potentialAction\":[{\"@type\":\"ReadAction\",\"target\":[\"https:\/\/empow-her.com\/produit\/creatrices-dentreprise-lurssaf-ile-de-france-vous-accompagne\/\"]}]},{\"@type\":\"ImageObject\",\"inLanguage\":\"es\",\"@id\":\"https:\/\/empow-her.com\/produit\/creatrices-dentreprise-lurssaf-ile-de-france-vous-accompagne\/#primaryimage\",\"url\":\"https:\/\/empow-her.com\/wp-content\/uploads\/2025\/10\/Atelier.png\",\"contentUrl\":\"https:\/\/empow-her.com\/wp-content\/uploads\/2025\/10\/Atelier.png\",\"width\":1080,\"height\":1080},{\"@type\":\"BreadcrumbList\",\"@id\":\"https:\/\/empow-her.com\/produit\/creatrices-dentreprise-lurssaf-ile-de-france-vous-accompagne\/#breadcrumb\",\"itemListElement\":[{\"@type\":\"ListItem\",\"position\":1,\"name\":\"Accueil\",\"item\":\"https:\/\/empow-her.com\/es\/inicio\/\"},{\"@type\":\"ListItem\",\"position\":2,\"name\":\"LA BOUTIQUE\",\"item\":\"https:\/\/empow-her.com\/boutique\/\"},{\"@type\":\"ListItem\",\"position\":3,\"name\":\"Cr\u00e9atrices d\u2019entreprise, l\u2019Urssaf Ile-de-France vous accompagne\"}]},{\"@type\":\"WebSite\",\"@id\":\"https:\/\/empow-her.com\/#website\",\"url\":\"https:\/\/empow-her.com\/\",\"name\":\"Empow&#039;Her\",\"description\":\"Women Development\",\"potentialAction\":[{\"@type\":\"SearchAction\",\"target\":{\"@type\":\"EntryPoint\",\"urlTemplate\":\"https:\/\/empow-her.com\/?s={search_term_string}\"},\"query-input\":{\"@type\":\"PropertyValueSpecification\",\"valueRequired\":true,\"valueName\":\"search_term_string\"}}],\"inLanguage\":\"es\"}]}<\/script>\n<!-- \/ Yoast SEO plugin. -->","yoast_head_json":{"title":"Cr\u00e9atrices d\u2019entreprise, l\u2019Urssaf Ile-de-France vous accompagne - Empow&#039;Her","robots":{"index":"index","follow":"follow","max-snippet":"max-snippet:-1","max-image-preview":"max-image-preview:large","max-video-preview":"max-video-preview:-1"},"canonical":"https:\/\/empow-her.com\/produit\/creatrices-dentreprise-lurssaf-ile-de-france-vous-accompagne\/","og_locale":"es_ES","og_type":"article","og_title":"Cr\u00e9atrices d\u2019entreprise, l\u2019Urssaf Ile-de-France vous accompagne - Empow&#039;Her","og_description":"\u00a0Vous \u00eates entrepreneure et souhaitez mieux comprendre le r\u00f4le de l\u2019Urssaf pour s\u00e9curiser et accompagner le d\u00e9veloppement de votre activit\u00e9 ? Cet atelier vous donnera les cl\u00e9s pour appr\u00e9hender vos obligations sociales, choisir le statut juridique adapt\u00e9 \u00e0 votre projet et acc\u00e9der aux services et dispositifs propos\u00e9s par l\u2019Urssaf Ile-de-France. \u00a0Ce que nous pouvons aborder : \u00a0 \u00a0\u00a0Les missions et le r\u00f4le du r\u00e9seau Urssaf : comprendre comment l\u2019Urssaf accompagne les cr\u00e9atrices d\u2019entreprise et quels services sont disponibles. \u00a0\u00a0Les diff\u00e9rents statuts juridiques : auto-entrepreneur, entreprise individuelle, EURL\/SARL, SASU \u2013 comprendre leurs implications en termes de cotisations sociales. \u00a0\u00a0La protection sociale du dirigeant : d\u00e9couvrir les droits et protections auxquels vous avez acc\u00e8s. \u00a0\u00a0L\u2019action sociale : savoir quels dispositifs peuvent vous soutenir dans votre parcours entrepreneurial. \u00a0\u00a0Les services en ligne de l\u2019Urssaf : apprendre \u00e0 utiliser les outils num\u00e9riques pour g\u00e9rer vos obligations facilement et efficacement. \u00a0 \u00a0\u00c0 l\u2019issue de cet atelier, vous repartirez avec une vision claire de vos obligations sociales et des services disponibles, ainsi que des conseils pour structurer et s\u00e9curiser le d\u00e9veloppement de votre entreprise.","og_url":"https:\/\/empow-her.com\/produit\/creatrices-dentreprise-lurssaf-ile-de-france-vous-accompagne\/","og_site_name":"Empow&#039;Her","article_modified_time":"2026-03-30T08:37:38+00:00","og_image":[{"width":1080,"height":1080,"url":"https:\/\/empow-her.com\/wp-content\/uploads\/2025\/10\/Atelier.png","type":"image\/png"}],"twitter_card":"summary_large_image","twitter_misc":{"Tiempo de lectura":"1 minuto"},"schema":{"@context":"https:\/\/schema.org","@graph":[{"@type":"WebPage","@id":"https:\/\/empow-her.com\/produit\/creatrices-dentreprise-lurssaf-ile-de-france-vous-accompagne\/","url":"https:\/\/empow-her.com\/produit\/creatrices-dentreprise-lurssaf-ile-de-france-vous-accompagne\/","name":"Cr\u00e9atrices d\u2019entreprise, l\u2019Urssaf Ile-de-France vous accompagne - Empow&#039;Her","isPartOf":{"@id":"https:\/\/empow-her.com\/#website"},"primaryImageOfPage":{"@id":"https:\/\/empow-her.com\/produit\/creatrices-dentreprise-lurssaf-ile-de-france-vous-accompagne\/#primaryimage"},"image":{"@id":"https:\/\/empow-her.com\/produit\/creatrices-dentreprise-lurssaf-ile-de-france-vous-accompagne\/#primaryimage"},"thumbnailUrl":"https:\/\/empow-her.com\/wp-content\/uploads\/2025\/10\/Atelier.png","datePublished":"2026-03-19T09:00:00+00:00","dateModified":"2026-03-30T08:37:38+00:00","breadcrumb":{"@id":"https:\/\/empow-her.com\/produit\/creatrices-dentreprise-lurssaf-ile-de-france-vous-accompagne\/#breadcrumb"},"inLanguage":"es","potentialAction":[{"@type":"ReadAction","target":["https:\/\/empow-her.com\/produit\/creatrices-dentreprise-lurssaf-ile-de-france-vous-accompagne\/"]}]},{"@type":"ImageObject","inLanguage":"es","@id":"https:\/\/empow-her.com\/produit\/creatrices-dentreprise-lurssaf-ile-de-france-vous-accompagne\/#primaryimage","url":"https:\/\/empow-her.com\/wp-content\/uploads\/2025\/10\/Atelier.png","contentUrl":"https:\/\/empow-her.com\/wp-content\/uploads\/2025\/10\/Atelier.png","width":1080,"height":1080},{"@type":"BreadcrumbList","@id":"https:\/\/empow-her.com\/produit\/creatrices-dentreprise-lurssaf-ile-de-france-vous-accompagne\/#breadcrumb","itemListElement":[{"@type":"ListItem","position":1,"name":"Accueil","item":"https:\/\/empow-her.com\/es\/inicio\/"},{"@type":"ListItem","position":2,"name":"LA BOUTIQUE","item":"https:\/\/empow-her.com\/boutique\/"},{"@type":"ListItem","position":3,"name":"Cr\u00e9atrices d\u2019entreprise, l\u2019Urssaf Ile-de-France vous accompagne"}]},{"@type":"WebSite","@id":"https:\/\/empow-her.com\/#website","url":"https:\/\/empow-her.com\/","name":"Empow&#039;Her","description":"Women Development","potentialAction":[{"@type":"SearchAction","target":{"@type":"EntryPoint","urlTemplate":"https:\/\/empow-her.com\/?s={search_term_string}"},"query-input":{"@type":"PropertyValueSpecification","valueRequired":true,"valueName":"search_term_string"}}],"inLanguage":"es"}]}},"_links":{"self":[{"href":"https:\/\/empow-her.com\/es\/wp-json\/wp\/v2\/product\/271297","targetHints":{"allow":["GET"]}}],"collection":[{"href":"https:\/\/empow-her.com\/es\/wp-json\/wp\/v2\/product"}],"about":[{"href":"https:\/\/empow-her.com\/es\/wp-json\/wp\/v2\/types\/product"}],"wp:featuredmedia":[{"embeddable":true,"href":"https:\/\/empow-her.com\/es\/wp-json\/wp\/v2\/media\/269994"}],"wp:attachment":[{"href":"https:\/\/empow-her.com\/es\/wp-json\/wp\/v2\/media?parent=271297"}],"wp:term":[{"taxonomy":"product_brand","embeddable":true,"href":"https:\/\/empow-her.com\/es\/wp-json\/wp\/v2\/product_brand?post=271297"},{"taxonomy":"product_cat","embeddable":true,"href":"https:\/\/empow-her.com\/es\/wp-json\/wp\/v2\/product_cat?post=271297"},{"taxonomy":"product_tag","embeddable":true,"href":"https:\/\/empow-her.com\/es\/wp-json\/wp\/v2\/product_tag?post=271297"},{"taxonomy":"lieu","embeddable":true,"href":"https:\/\/empow-her.com\/es\/wp-json\/wp\/v2\/lieu?post=271297"},{"taxonomy":"thematiques","embeddable":true,"href":"https:\/\/empow-her.com\/es\/wp-json\/wp\/v2\/thematiques?post=271297"}],"curies":[{"name":"wp","href":"https:\/\/api.w.org\/{rel}","templated":true}]}}