{"id":271287,"date":"2026-03-09T13:30:00","date_gmt":"2026-03-09T12:30:00","guid":{"rendered":"https:\/\/empow-her.com\/?post_type=product&#038;p=271287"},"modified":"2026-03-30T10:38:59","modified_gmt":"2026-03-30T08:38:59","slug":"strategie-et-prospection-commerciale","status":"publish","type":"product","link":"https:\/\/empow-her.com\/es\/produit\/strategie-et-prospection-commerciale\/","title":{"rendered":"Strat\u00e9gie et prospection commerciale"},"content":{"rendered":"<div class=\"atelier\">\n\u00a0<\/p>\n<h3>Lancer et structurer sa d\u00e9marche commerciale<\/h3>\n<p>\u00a0<\/p>\n<p>\n\u00a0\u00a0Vous avez imagin\u00e9 une premi\u00e8re offre et identifi\u00e9 vos premiers clients ou b\u00e9n\u00e9ficiaires,\u00a0mais vous ne savez pas par o\u00f9 commencer pour la commercialiser ?\u00a0Vous vous interrogez sur les bons canaux \u00e0 activer, la mani\u00e8re de pr\u00e9senter votre offre\u00a0ou encore sur les objectifs commerciaux \u00e0 vous fixer et comment les atteindre ?<br \/>\n\u00a0<\/p>\n<p>\u00a0<\/p>\n<p>\n\u00a0\u00a0Cet atelier de <strong>3 heures<\/strong> vous permettra de poser les bases d\u2019une d\u00e9marche commerciale claire,\u00a0structur\u00e9e et adapt\u00e9e \u00e0 votre projet, afin de gagner en visibilit\u00e9 et en confiance dans votre prospection.<br \/>\n\u00a0<\/p>\n<p>\u00a0<\/p>\n<p><strong>Au programme :<\/strong><\/p>\n<p>\u00a0<\/p>\n<ul>\n\u00a0\u00a0<\/p>\n<li>Apprendre \u00e0 pr\u00e9senter son offre de mani\u00e8re claire, rapide et percutante<\/li>\n<p>\u00a0\u00a0<\/p>\n<li>Identifier les principaux canaux de prospection en fonction de ses cibles<\/li>\n<p>\u00a0\u00a0<\/p>\n<li>D\u00e9couvrir et ma\u00eetriser les bonnes pratiques commerciales<\/li>\n<p>\u00a0\u00a0<\/p>\n<li>Planifier sa prospection et sa vente pour se donner de la visibilit\u00e9 et de la r\u00e9gularit\u00e9<\/li>\n<p>\u00a0<\/ul>\n<p>\u00a0<\/p>\n<p>\n\u00a0\u00a0L\u2019atelier alterne des temps d\u2019apports m\u00e9thodologiques, des exercices pratiques\u00a0et des \u00e9changes collectifs pour vous permettre d\u2019adapter les outils \u00e0 votre r\u00e9alit\u00e9 de terrain.<br \/>\n\u00a0<\/p>\n<p>\u00a0<\/p>\n<p>\n\u00a0\u00a0\u00c0 l\u2019issue de l\u2019atelier, vous repartirez \u00e9galement avec une vision claire de vos prochaines actions commerciales,\u00a0pour vous lancer plus sereinement.<br \/>\n\u00a0<\/p>\n<p>\u00a0<\/p>\n<p><strong>Pr\u00e9-requis :<\/strong><\/p>\n<p>\u00a0<\/p>\n<ul>\n\u00a0\u00a0<\/p>\n<li>Avoir \u00e9bauch\u00e9 une premi\u00e8re offre de produits ou de services<\/li>\n<p>\u00a0\u00a0<\/p>\n<li>Avoir identifi\u00e9 les cibles aupr\u00e8s desquelles vous souhaitez la commercialiser<\/li>\n<p>\u00a0<\/ul>\n<p>\u00a0<\/p>\n<p>\n\u00a0\u00a0<strong>Attention :<\/strong> merci de vous pr\u00e9senter \u00e0 l\u2019heure afin de permettre le bon d\u00e9roulement de l\u2019atelier.\u00a0En cas de retard, veuillez pr\u00e9venir l\u2019intervenant\u00b7e.\u00a0Au-del\u00e0 de 15 minutes de retard, l\u2019intervenant\u00b7e se r\u00e9serve le droit de ne plus accepter la participation \u00e0 l\u2019atelier.<br \/>\n\u00a0<\/p>\n<\/div>\n","protected":false},"excerpt":{"rendered":"<div class=\"atelier\">\n\u00a0<\/p>\n<h3>Lancer et structurer sa d\u00e9marche commerciale<\/h3>\n<p>\u00a0<\/p>\n<p>\n\u00a0\u00a0Vous avez imagin\u00e9 une premi\u00e8re offre et identifi\u00e9 vos premiers clients ou b\u00e9n\u00e9ficiaires,\u00a0mais vous ne savez pas par o\u00f9 commencer pour la commercialiser ?\u00a0Vous vous interrogez sur les bons canaux \u00e0 activer, la mani\u00e8re de pr\u00e9senter votre offre\u00a0ou encore sur les objectifs commerciaux \u00e0 vous fixer et comment les atteindre ?<br \/>\n\u00a0<\/p>\n<p>\u00a0<\/p>\n<p>\n\u00a0\u00a0Cet atelier de <strong>3 heures<\/strong> vous permettra de poser les bases d\u2019une d\u00e9marche commerciale claire,\u00a0structur\u00e9e et adapt\u00e9e \u00e0 votre projet, afin de gagner en visibilit\u00e9 et en confiance dans votre prospection.<br \/>\n\u00a0<\/p>\n<p>\u00a0<\/p>\n<p><strong>Au programme :<\/strong><\/p>\n<p>\u00a0<\/p>\n<ul>\n\u00a0\u00a0<\/p>\n<li>Apprendre \u00e0 pr\u00e9senter son offre de mani\u00e8re claire, rapide et percutante<\/li>\n<p>\u00a0\u00a0<\/p>\n<li>Identifier les principaux canaux de prospection en fonction de ses cibles<\/li>\n<p>\u00a0\u00a0<\/p>\n<li>D\u00e9couvrir et ma\u00eetriser les bonnes pratiques commerciales<\/li>\n<p>\u00a0\u00a0<\/p>\n<li>Planifier sa prospection et sa vente pour se donner de la visibilit\u00e9 et de la r\u00e9gularit\u00e9<\/li>\n<p>\u00a0<\/ul>\n<p>\u00a0<\/p>\n<p>\n\u00a0\u00a0L\u2019atelier alterne des temps d\u2019apports m\u00e9thodologiques, des exercices pratiques\u00a0et des \u00e9changes collectifs pour vous permettre d\u2019adapter les outils \u00e0 votre r\u00e9alit\u00e9 de terrain.<br \/>\n\u00a0<\/p>\n<p>\u00a0<\/p>\n<p>\n\u00a0\u00a0\u00c0 l\u2019issue de l\u2019atelier, vous repartirez \u00e9galement avec une vision claire de vos prochaines actions commerciales,\u00a0pour vous lancer plus sereinement.<br \/>\n\u00a0<\/p>\n<p>\u00a0<\/p>\n<p><strong>Pr\u00e9-requis :<\/strong><\/p>\n<p>\u00a0<\/p>\n<ul>\n\u00a0\u00a0<\/p>\n<li>Avoir \u00e9bauch\u00e9 une premi\u00e8re offre de produits ou de services<\/li>\n<p>\u00a0\u00a0<\/p>\n<li>Avoir identifi\u00e9 les cibles aupr\u00e8s desquelles vous souhaitez la commercialiser<\/li>\n<p>\u00a0<\/ul>\n<p>\u00a0<\/p>\n<p>\n\u00a0\u00a0<strong>Attention :<\/strong> merci de vous pr\u00e9senter \u00e0 l\u2019heure afin de permettre le bon d\u00e9roulement de l\u2019atelier.\u00a0En cas de retard, veuillez pr\u00e9venir l\u2019intervenant\u00b7e.\u00a0Au-del\u00e0 de 15 minutes de retard, l\u2019intervenant\u00b7e se r\u00e9serve le droit de ne plus accepter la participation \u00e0 l\u2019atelier.<br \/>\n\u00a0<\/p>\n<\/div>\n","protected":false},"featured_media":269994,"template":"","format":"standard","meta":{"_acf_changed":false,"om_disable_all_campaigns":false,"_uf_show_specific_survey":0,"_uf_disable_surveys":false},"product_brand":[],"product_cat":[118],"product_tag":[222],"lieu":[223],"thematiques":[],"class_list":{"0":"post-271287","1":"product","2":"type-product","3":"status-publish","4":"format-standard","5":"has-post-thumbnail","7":"product_cat-atelier-collectif","8":"product_tag-presentiel","9":"lieu-presentiel","11":"first","12":"instock","13":"virtual","14":"purchasable","15":"product-type-appointment"},"exclude_global_add_ons":[],"addons":[],"acf":[],"yoast_head":"<!-- This site is optimized with the Yoast SEO plugin v24.8 - https:\/\/yoast.com\/wordpress\/plugins\/seo\/ -->\n<title>Strat\u00e9gie et prospection commerciale - Empow&#039;Her<\/title>\n<meta name=\"robots\" content=\"index, follow, max-snippet:-1, max-image-preview:large, max-video-preview:-1\" \/>\n<link rel=\"canonical\" href=\"https:\/\/empow-her.com\/produit\/strategie-et-prospection-commerciale\/\" \/>\n<meta property=\"og:locale\" content=\"es_ES\" \/>\n<meta property=\"og:type\" content=\"article\" \/>\n<meta property=\"og:title\" content=\"Strat\u00e9gie et prospection commerciale - Empow&#039;Her\" \/>\n<meta property=\"og:description\" content=\"\u00a0Lancer et structurer sa d\u00e9marche commerciale \u00a0 \u00a0\u00a0Vous avez imagin\u00e9 une premi\u00e8re offre et identifi\u00e9 vos premiers clients ou b\u00e9n\u00e9ficiaires,\u00a0mais vous ne savez pas par o\u00f9 commencer pour la commercialiser ?\u00a0Vous vous interrogez sur les bons canaux \u00e0 activer, la mani\u00e8re de pr\u00e9senter votre offre\u00a0ou encore sur les objectifs commerciaux \u00e0 vous fixer et comment les atteindre ? \u00a0 \u00a0 \u00a0\u00a0Cet atelier de 3 heures vous permettra de poser les bases d\u2019une d\u00e9marche commerciale claire,\u00a0structur\u00e9e et adapt\u00e9e \u00e0 votre projet, afin de gagner en visibilit\u00e9 et en confiance dans votre prospection. \u00a0 \u00a0Au programme : \u00a0 \u00a0\u00a0Apprendre \u00e0 pr\u00e9senter son offre de mani\u00e8re claire, rapide et percutante \u00a0\u00a0Identifier les principaux canaux de prospection en fonction de ses cibles \u00a0\u00a0D\u00e9couvrir et ma\u00eetriser les bonnes pratiques commerciales \u00a0\u00a0Planifier sa prospection et sa vente pour se donner de la visibilit\u00e9 et de la r\u00e9gularit\u00e9 \u00a0 \u00a0 \u00a0\u00a0L\u2019atelier alterne des temps d\u2019apports m\u00e9thodologiques, des exercices pratiques\u00a0et des \u00e9changes collectifs pour vous permettre d\u2019adapter les outils \u00e0 votre r\u00e9alit\u00e9 de terrain. \u00a0 \u00a0 \u00a0\u00a0\u00c0 l\u2019issue de l\u2019atelier, vous repartirez \u00e9galement avec une vision claire de vos prochaines actions commerciales,\u00a0pour vous lancer plus sereinement. \u00a0 \u00a0Pr\u00e9-requis : \u00a0 \u00a0\u00a0Avoir \u00e9bauch\u00e9 une premi\u00e8re offre de produits ou de services \u00a0\u00a0Avoir identifi\u00e9 les cibles aupr\u00e8s desquelles vous souhaitez la commercialiser \u00a0 \u00a0 \u00a0\u00a0Attention : merci de vous pr\u00e9senter \u00e0 l\u2019heure afin de permettre le bon d\u00e9roulement de l\u2019atelier.\u00a0En cas de retard, veuillez pr\u00e9venir l\u2019intervenant\u00b7e.\u00a0Au-del\u00e0 de 15 minutes de retard, l\u2019intervenant\u00b7e se r\u00e9serve le droit de ne plus accepter la participation \u00e0 l\u2019atelier. \u00a0\" \/>\n<meta property=\"og:url\" content=\"https:\/\/empow-her.com\/produit\/strategie-et-prospection-commerciale\/\" \/>\n<meta property=\"og:site_name\" content=\"Empow&#039;Her\" \/>\n<meta property=\"article:modified_time\" content=\"2026-03-30T08:38:59+00:00\" \/>\n<meta property=\"og:image\" content=\"https:\/\/empow-her.com\/wp-content\/uploads\/2025\/10\/Atelier.png\" \/>\n\t<meta property=\"og:image:width\" content=\"1080\" \/>\n\t<meta property=\"og:image:height\" content=\"1080\" \/>\n\t<meta property=\"og:image:type\" content=\"image\/png\" \/>\n<meta name=\"twitter:card\" content=\"summary_large_image\" \/>\n<meta name=\"twitter:label1\" content=\"Tiempo de lectura\" \/>\n\t<meta name=\"twitter:data1\" content=\"1 minuto\" \/>\n<script type=\"application\/ld+json\" class=\"yoast-schema-graph\">{\"@context\":\"https:\/\/schema.org\",\"@graph\":[{\"@type\":\"WebPage\",\"@id\":\"https:\/\/empow-her.com\/produit\/strategie-et-prospection-commerciale\/\",\"url\":\"https:\/\/empow-her.com\/produit\/strategie-et-prospection-commerciale\/\",\"name\":\"Strat\u00e9gie et prospection commerciale - Empow&#039;Her\",\"isPartOf\":{\"@id\":\"https:\/\/empow-her.com\/#website\"},\"primaryImageOfPage\":{\"@id\":\"https:\/\/empow-her.com\/produit\/strategie-et-prospection-commerciale\/#primaryimage\"},\"image\":{\"@id\":\"https:\/\/empow-her.com\/produit\/strategie-et-prospection-commerciale\/#primaryimage\"},\"thumbnailUrl\":\"https:\/\/empow-her.com\/wp-content\/uploads\/2025\/10\/Atelier.png\",\"datePublished\":\"2026-03-09T12:30:00+00:00\",\"dateModified\":\"2026-03-30T08:38:59+00:00\",\"breadcrumb\":{\"@id\":\"https:\/\/empow-her.com\/produit\/strategie-et-prospection-commerciale\/#breadcrumb\"},\"inLanguage\":\"es\",\"potentialAction\":[{\"@type\":\"ReadAction\",\"target\":[\"https:\/\/empow-her.com\/produit\/strategie-et-prospection-commerciale\/\"]}]},{\"@type\":\"ImageObject\",\"inLanguage\":\"es\",\"@id\":\"https:\/\/empow-her.com\/produit\/strategie-et-prospection-commerciale\/#primaryimage\",\"url\":\"https:\/\/empow-her.com\/wp-content\/uploads\/2025\/10\/Atelier.png\",\"contentUrl\":\"https:\/\/empow-her.com\/wp-content\/uploads\/2025\/10\/Atelier.png\",\"width\":1080,\"height\":1080},{\"@type\":\"BreadcrumbList\",\"@id\":\"https:\/\/empow-her.com\/produit\/strategie-et-prospection-commerciale\/#breadcrumb\",\"itemListElement\":[{\"@type\":\"ListItem\",\"position\":1,\"name\":\"Accueil\",\"item\":\"https:\/\/empow-her.com\/es\/inicio\/\"},{\"@type\":\"ListItem\",\"position\":2,\"name\":\"LA BOUTIQUE\",\"item\":\"https:\/\/empow-her.com\/boutique\/\"},{\"@type\":\"ListItem\",\"position\":3,\"name\":\"Strat\u00e9gie et prospection commerciale\"}]},{\"@type\":\"WebSite\",\"@id\":\"https:\/\/empow-her.com\/#website\",\"url\":\"https:\/\/empow-her.com\/\",\"name\":\"Empow&#039;Her\",\"description\":\"Women Development\",\"potentialAction\":[{\"@type\":\"SearchAction\",\"target\":{\"@type\":\"EntryPoint\",\"urlTemplate\":\"https:\/\/empow-her.com\/?s={search_term_string}\"},\"query-input\":{\"@type\":\"PropertyValueSpecification\",\"valueRequired\":true,\"valueName\":\"search_term_string\"}}],\"inLanguage\":\"es\"}]}<\/script>\n<!-- \/ Yoast SEO plugin. -->","yoast_head_json":{"title":"Strat\u00e9gie et prospection commerciale - Empow&#039;Her","robots":{"index":"index","follow":"follow","max-snippet":"max-snippet:-1","max-image-preview":"max-image-preview:large","max-video-preview":"max-video-preview:-1"},"canonical":"https:\/\/empow-her.com\/produit\/strategie-et-prospection-commerciale\/","og_locale":"es_ES","og_type":"article","og_title":"Strat\u00e9gie et prospection commerciale - Empow&#039;Her","og_description":"\u00a0Lancer et structurer sa d\u00e9marche commerciale \u00a0 \u00a0\u00a0Vous avez imagin\u00e9 une premi\u00e8re offre et identifi\u00e9 vos premiers clients ou b\u00e9n\u00e9ficiaires,\u00a0mais vous ne savez pas par o\u00f9 commencer pour la commercialiser ?\u00a0Vous vous interrogez sur les bons canaux \u00e0 activer, la mani\u00e8re de pr\u00e9senter votre offre\u00a0ou encore sur les objectifs commerciaux \u00e0 vous fixer et comment les atteindre ? \u00a0 \u00a0 \u00a0\u00a0Cet atelier de 3 heures vous permettra de poser les bases d\u2019une d\u00e9marche commerciale claire,\u00a0structur\u00e9e et adapt\u00e9e \u00e0 votre projet, afin de gagner en visibilit\u00e9 et en confiance dans votre prospection. \u00a0 \u00a0Au programme : \u00a0 \u00a0\u00a0Apprendre \u00e0 pr\u00e9senter son offre de mani\u00e8re claire, rapide et percutante \u00a0\u00a0Identifier les principaux canaux de prospection en fonction de ses cibles \u00a0\u00a0D\u00e9couvrir et ma\u00eetriser les bonnes pratiques commerciales \u00a0\u00a0Planifier sa prospection et sa vente pour se donner de la visibilit\u00e9 et de la r\u00e9gularit\u00e9 \u00a0 \u00a0 \u00a0\u00a0L\u2019atelier alterne des temps d\u2019apports m\u00e9thodologiques, des exercices pratiques\u00a0et des \u00e9changes collectifs pour vous permettre d\u2019adapter les outils \u00e0 votre r\u00e9alit\u00e9 de terrain. \u00a0 \u00a0 \u00a0\u00a0\u00c0 l\u2019issue de l\u2019atelier, vous repartirez \u00e9galement avec une vision claire de vos prochaines actions commerciales,\u00a0pour vous lancer plus sereinement. \u00a0 \u00a0Pr\u00e9-requis : \u00a0 \u00a0\u00a0Avoir \u00e9bauch\u00e9 une premi\u00e8re offre de produits ou de services \u00a0\u00a0Avoir identifi\u00e9 les cibles aupr\u00e8s desquelles vous souhaitez la commercialiser \u00a0 \u00a0 \u00a0\u00a0Attention : merci de vous pr\u00e9senter \u00e0 l\u2019heure afin de permettre le bon d\u00e9roulement de l\u2019atelier.\u00a0En cas de retard, veuillez pr\u00e9venir l\u2019intervenant\u00b7e.\u00a0Au-del\u00e0 de 15 minutes de retard, l\u2019intervenant\u00b7e se r\u00e9serve le droit de ne plus accepter la participation \u00e0 l\u2019atelier. \u00a0","og_url":"https:\/\/empow-her.com\/produit\/strategie-et-prospection-commerciale\/","og_site_name":"Empow&#039;Her","article_modified_time":"2026-03-30T08:38:59+00:00","og_image":[{"width":1080,"height":1080,"url":"https:\/\/empow-her.com\/wp-content\/uploads\/2025\/10\/Atelier.png","type":"image\/png"}],"twitter_card":"summary_large_image","twitter_misc":{"Tiempo de lectura":"1 minuto"},"schema":{"@context":"https:\/\/schema.org","@graph":[{"@type":"WebPage","@id":"https:\/\/empow-her.com\/produit\/strategie-et-prospection-commerciale\/","url":"https:\/\/empow-her.com\/produit\/strategie-et-prospection-commerciale\/","name":"Strat\u00e9gie et prospection commerciale - Empow&#039;Her","isPartOf":{"@id":"https:\/\/empow-her.com\/#website"},"primaryImageOfPage":{"@id":"https:\/\/empow-her.com\/produit\/strategie-et-prospection-commerciale\/#primaryimage"},"image":{"@id":"https:\/\/empow-her.com\/produit\/strategie-et-prospection-commerciale\/#primaryimage"},"thumbnailUrl":"https:\/\/empow-her.com\/wp-content\/uploads\/2025\/10\/Atelier.png","datePublished":"2026-03-09T12:30:00+00:00","dateModified":"2026-03-30T08:38:59+00:00","breadcrumb":{"@id":"https:\/\/empow-her.com\/produit\/strategie-et-prospection-commerciale\/#breadcrumb"},"inLanguage":"es","potentialAction":[{"@type":"ReadAction","target":["https:\/\/empow-her.com\/produit\/strategie-et-prospection-commerciale\/"]}]},{"@type":"ImageObject","inLanguage":"es","@id":"https:\/\/empow-her.com\/produit\/strategie-et-prospection-commerciale\/#primaryimage","url":"https:\/\/empow-her.com\/wp-content\/uploads\/2025\/10\/Atelier.png","contentUrl":"https:\/\/empow-her.com\/wp-content\/uploads\/2025\/10\/Atelier.png","width":1080,"height":1080},{"@type":"BreadcrumbList","@id":"https:\/\/empow-her.com\/produit\/strategie-et-prospection-commerciale\/#breadcrumb","itemListElement":[{"@type":"ListItem","position":1,"name":"Accueil","item":"https:\/\/empow-her.com\/es\/inicio\/"},{"@type":"ListItem","position":2,"name":"LA BOUTIQUE","item":"https:\/\/empow-her.com\/boutique\/"},{"@type":"ListItem","position":3,"name":"Strat\u00e9gie et prospection commerciale"}]},{"@type":"WebSite","@id":"https:\/\/empow-her.com\/#website","url":"https:\/\/empow-her.com\/","name":"Empow&#039;Her","description":"Women Development","potentialAction":[{"@type":"SearchAction","target":{"@type":"EntryPoint","urlTemplate":"https:\/\/empow-her.com\/?s={search_term_string}"},"query-input":{"@type":"PropertyValueSpecification","valueRequired":true,"valueName":"search_term_string"}}],"inLanguage":"es"}]}},"_links":{"self":[{"href":"https:\/\/empow-her.com\/es\/wp-json\/wp\/v2\/product\/271287","targetHints":{"allow":["GET"]}}],"collection":[{"href":"https:\/\/empow-her.com\/es\/wp-json\/wp\/v2\/product"}],"about":[{"href":"https:\/\/empow-her.com\/es\/wp-json\/wp\/v2\/types\/product"}],"wp:featuredmedia":[{"embeddable":true,"href":"https:\/\/empow-her.com\/es\/wp-json\/wp\/v2\/media\/269994"}],"wp:attachment":[{"href":"https:\/\/empow-her.com\/es\/wp-json\/wp\/v2\/media?parent=271287"}],"wp:term":[{"taxonomy":"product_brand","embeddable":true,"href":"https:\/\/empow-her.com\/es\/wp-json\/wp\/v2\/product_brand?post=271287"},{"taxonomy":"product_cat","embeddable":true,"href":"https:\/\/empow-her.com\/es\/wp-json\/wp\/v2\/product_cat?post=271287"},{"taxonomy":"product_tag","embeddable":true,"href":"https:\/\/empow-her.com\/es\/wp-json\/wp\/v2\/product_tag?post=271287"},{"taxonomy":"lieu","embeddable":true,"href":"https:\/\/empow-her.com\/es\/wp-json\/wp\/v2\/lieu?post=271287"},{"taxonomy":"thematiques","embeddable":true,"href":"https:\/\/empow-her.com\/es\/wp-json\/wp\/v2\/thematiques?post=271287"}],"curies":[{"name":"wp","href":"https:\/\/api.w.org\/{rel}","templated":true}]}}