{"id":271270,"date":"2026-02-19T10:00:00","date_gmt":"2026-02-19T09:00:00","guid":{"rendered":"https:\/\/empow-her.com\/?post_type=product&#038;p=271270"},"modified":"2026-03-30T10:38:48","modified_gmt":"2026-03-30T08:38:48","slug":"croyances-limitantes-autour-de-la-prospection-commerciale","status":"publish","type":"product","link":"https:\/\/empow-her.com\/es\/produit\/croyances-limitantes-autour-de-la-prospection-commerciale\/","title":{"rendered":"Croyances limitantes autour de la prospection commerciale"},"content":{"rendered":"<div class=\"atelier\">\n\u00a0<\/p>\n<p><strong>2h30 d\u2019atelier \u2013 Croyances limitantes autour de la prospection commerciale<\/strong><\/p>\n<p>\u00a0<\/p>\n<p>Vous ressentez des blocages quand il s\u2019agit de prospecter ou de contacter de nouveaux clients ? Vous avez l\u2019impression que certaines peurs ou croyances vous freinent dans le d\u00e9veloppement commercial de votre projet ? <\/p>\n<p>\u00a0<\/p>\n<p><strong>Ce que nous pouvons aborder :<\/strong><\/p>\n<p>\u00a0<\/p>\n<ul>\n\u00a0\u00a0<\/p>\n<li><strong>Identifier vos freins \u00e0 la prospection :<\/strong> comprendre quelles croyances ou pens\u00e9es limitantes vous emp\u00eachent de passer \u00e0 l\u2019action.<\/li>\n<p>\u00a0\u00a0<\/p>\n<li><strong>D\u00e9couvrir des techniques et outils concrets :<\/strong> m\u00e9thodes pour structurer vos actions commerciales, scripts et strat\u00e9gies pour gagner en assurance et en efficacit\u00e9.<\/li>\n<p>\u00a0\u00a0<\/p>\n<li><strong>Exp\u00e9rimenter en situation :<\/strong> exercices pratiques pour vous familiariser avec la prospection et transformer vos freins en leviers d\u2019action.<\/li>\n<p>\u00a0<\/ul>\n<p>\u00a0<\/p>\n<p>Un atelier concret et bienveillant pour transformer vos appr\u00e9hensions en actions positives et avancer avec confiance dans le d\u00e9veloppement commercial de votre projet.<\/p>\n<\/div>\n","protected":false},"excerpt":{"rendered":"<div class=\"atelier\">\n\u00a0<\/p>\n<p><strong>2h30 d\u2019atelier \u2013 Croyances limitantes autour de la prospection commerciale<\/strong><\/p>\n<p>\u00a0<\/p>\n<p>Vous ressentez des blocages quand il s\u2019agit de prospecter ou de contacter de nouveaux clients ? Vous avez l\u2019impression que certaines peurs ou croyances vous freinent dans le d\u00e9veloppement commercial de votre projet ? <\/p>\n<p>\u00a0<\/p>\n<p><strong>Ce que nous pouvons aborder :<\/strong><\/p>\n<p>\u00a0<\/p>\n<ul>\n\u00a0\u00a0<\/p>\n<li><strong>Identifier vos freins \u00e0 la prospection :<\/strong> comprendre quelles croyances ou pens\u00e9es limitantes vous emp\u00eachent de passer \u00e0 l\u2019action.<\/li>\n<p>\u00a0\u00a0<\/p>\n<li><strong>D\u00e9couvrir des techniques et outils concrets :<\/strong> m\u00e9thodes pour structurer vos actions commerciales, scripts et strat\u00e9gies pour gagner en assurance et en efficacit\u00e9.<\/li>\n<p>\u00a0\u00a0<\/p>\n<li><strong>Exp\u00e9rimenter en situation :<\/strong> exercices pratiques pour vous familiariser avec la prospection et transformer vos freins en leviers d\u2019action.<\/li>\n<p>\u00a0<\/ul>\n<p>\u00a0<\/p>\n<p>Un atelier concret et bienveillant pour transformer vos appr\u00e9hensions en actions positives et avancer avec confiance dans le d\u00e9veloppement commercial de votre projet.<\/p>\n<\/div>\n","protected":false},"featured_media":269994,"template":"","format":"standard","meta":{"_acf_changed":false,"om_disable_all_campaigns":false,"_uf_show_specific_survey":0,"_uf_disable_surveys":false},"product_brand":[],"product_cat":[118],"product_tag":[222],"lieu":[223],"thematiques":[],"class_list":{"0":"post-271270","1":"product","2":"type-product","3":"status-publish","4":"format-standard","5":"has-post-thumbnail","7":"product_cat-atelier-collectif","8":"product_tag-presentiel","9":"lieu-presentiel","11":"first","12":"instock","13":"virtual","14":"purchasable","15":"product-type-appointment"},"exclude_global_add_ons":[],"addons":[],"acf":[],"yoast_head":"<!-- This site is optimized with the Yoast SEO plugin v24.8 - https:\/\/yoast.com\/wordpress\/plugins\/seo\/ -->\n<title>Croyances limitantes autour de la prospection commerciale - Empow&#039;Her<\/title>\n<meta name=\"robots\" content=\"index, follow, max-snippet:-1, max-image-preview:large, max-video-preview:-1\" \/>\n<link rel=\"canonical\" href=\"https:\/\/empow-her.com\/produit\/croyances-limitantes-autour-de-la-prospection-commerciale\/\" \/>\n<meta property=\"og:locale\" content=\"es_ES\" \/>\n<meta property=\"og:type\" content=\"article\" \/>\n<meta property=\"og:title\" content=\"Croyances limitantes autour de la prospection commerciale - Empow&#039;Her\" \/>\n<meta property=\"og:description\" content=\"\u00a02h30 d\u2019atelier \u2013 Croyances limitantes autour de la prospection commerciale \u00a0Vous ressentez des blocages quand il s\u2019agit de prospecter ou de contacter de nouveaux clients ? Vous avez l\u2019impression que certaines peurs ou croyances vous freinent dans le d\u00e9veloppement commercial de votre projet ?  \u00a0Ce que nous pouvons aborder : \u00a0 \u00a0\u00a0Identifier vos freins \u00e0 la prospection : comprendre quelles croyances ou pens\u00e9es limitantes vous emp\u00eachent de passer \u00e0 l\u2019action. \u00a0\u00a0D\u00e9couvrir des techniques et outils concrets : m\u00e9thodes pour structurer vos actions commerciales, scripts et strat\u00e9gies pour gagner en assurance et en efficacit\u00e9. \u00a0\u00a0Exp\u00e9rimenter en situation : exercices pratiques pour vous familiariser avec la prospection et transformer vos freins en leviers d\u2019action. \u00a0 \u00a0Un atelier concret et bienveillant pour transformer vos appr\u00e9hensions en actions positives et avancer avec confiance dans le d\u00e9veloppement commercial de votre projet.\" \/>\n<meta property=\"og:url\" content=\"https:\/\/empow-her.com\/produit\/croyances-limitantes-autour-de-la-prospection-commerciale\/\" \/>\n<meta property=\"og:site_name\" content=\"Empow&#039;Her\" \/>\n<meta property=\"article:modified_time\" content=\"2026-03-30T08:38:48+00:00\" \/>\n<meta property=\"og:image\" content=\"https:\/\/empow-her.com\/wp-content\/uploads\/2025\/10\/Atelier.png\" \/>\n\t<meta property=\"og:image:width\" content=\"1080\" \/>\n\t<meta property=\"og:image:height\" content=\"1080\" \/>\n\t<meta property=\"og:image:type\" content=\"image\/png\" \/>\n<meta name=\"twitter:card\" content=\"summary_large_image\" \/>\n<meta name=\"twitter:label1\" content=\"Tiempo de lectura\" \/>\n\t<meta name=\"twitter:data1\" content=\"1 minuto\" \/>\n<script type=\"application\/ld+json\" class=\"yoast-schema-graph\">{\"@context\":\"https:\/\/schema.org\",\"@graph\":[{\"@type\":\"WebPage\",\"@id\":\"https:\/\/empow-her.com\/produit\/croyances-limitantes-autour-de-la-prospection-commerciale\/\",\"url\":\"https:\/\/empow-her.com\/produit\/croyances-limitantes-autour-de-la-prospection-commerciale\/\",\"name\":\"Croyances limitantes autour de la prospection commerciale - Empow&#039;Her\",\"isPartOf\":{\"@id\":\"https:\/\/empow-her.com\/#website\"},\"primaryImageOfPage\":{\"@id\":\"https:\/\/empow-her.com\/produit\/croyances-limitantes-autour-de-la-prospection-commerciale\/#primaryimage\"},\"image\":{\"@id\":\"https:\/\/empow-her.com\/produit\/croyances-limitantes-autour-de-la-prospection-commerciale\/#primaryimage\"},\"thumbnailUrl\":\"https:\/\/empow-her.com\/wp-content\/uploads\/2025\/10\/Atelier.png\",\"datePublished\":\"2026-02-19T09:00:00+00:00\",\"dateModified\":\"2026-03-30T08:38:48+00:00\",\"breadcrumb\":{\"@id\":\"https:\/\/empow-her.com\/produit\/croyances-limitantes-autour-de-la-prospection-commerciale\/#breadcrumb\"},\"inLanguage\":\"es\",\"potentialAction\":[{\"@type\":\"ReadAction\",\"target\":[\"https:\/\/empow-her.com\/produit\/croyances-limitantes-autour-de-la-prospection-commerciale\/\"]}]},{\"@type\":\"ImageObject\",\"inLanguage\":\"es\",\"@id\":\"https:\/\/empow-her.com\/produit\/croyances-limitantes-autour-de-la-prospection-commerciale\/#primaryimage\",\"url\":\"https:\/\/empow-her.com\/wp-content\/uploads\/2025\/10\/Atelier.png\",\"contentUrl\":\"https:\/\/empow-her.com\/wp-content\/uploads\/2025\/10\/Atelier.png\",\"width\":1080,\"height\":1080},{\"@type\":\"BreadcrumbList\",\"@id\":\"https:\/\/empow-her.com\/produit\/croyances-limitantes-autour-de-la-prospection-commerciale\/#breadcrumb\",\"itemListElement\":[{\"@type\":\"ListItem\",\"position\":1,\"name\":\"Accueil\",\"item\":\"https:\/\/empow-her.com\/es\/inicio\/\"},{\"@type\":\"ListItem\",\"position\":2,\"name\":\"LA BOUTIQUE\",\"item\":\"https:\/\/empow-her.com\/boutique\/\"},{\"@type\":\"ListItem\",\"position\":3,\"name\":\"Croyances limitantes autour de la prospection commerciale\"}]},{\"@type\":\"WebSite\",\"@id\":\"https:\/\/empow-her.com\/#website\",\"url\":\"https:\/\/empow-her.com\/\",\"name\":\"Empow&#039;Her\",\"description\":\"Women Development\",\"potentialAction\":[{\"@type\":\"SearchAction\",\"target\":{\"@type\":\"EntryPoint\",\"urlTemplate\":\"https:\/\/empow-her.com\/?s={search_term_string}\"},\"query-input\":{\"@type\":\"PropertyValueSpecification\",\"valueRequired\":true,\"valueName\":\"search_term_string\"}}],\"inLanguage\":\"es\"}]}<\/script>\n<!-- \/ Yoast SEO plugin. -->","yoast_head_json":{"title":"Croyances limitantes autour de la prospection commerciale - Empow&#039;Her","robots":{"index":"index","follow":"follow","max-snippet":"max-snippet:-1","max-image-preview":"max-image-preview:large","max-video-preview":"max-video-preview:-1"},"canonical":"https:\/\/empow-her.com\/produit\/croyances-limitantes-autour-de-la-prospection-commerciale\/","og_locale":"es_ES","og_type":"article","og_title":"Croyances limitantes autour de la prospection commerciale - Empow&#039;Her","og_description":"\u00a02h30 d\u2019atelier \u2013 Croyances limitantes autour de la prospection commerciale \u00a0Vous ressentez des blocages quand il s\u2019agit de prospecter ou de contacter de nouveaux clients ? Vous avez l\u2019impression que certaines peurs ou croyances vous freinent dans le d\u00e9veloppement commercial de votre projet ?  \u00a0Ce que nous pouvons aborder : \u00a0 \u00a0\u00a0Identifier vos freins \u00e0 la prospection : comprendre quelles croyances ou pens\u00e9es limitantes vous emp\u00eachent de passer \u00e0 l\u2019action. \u00a0\u00a0D\u00e9couvrir des techniques et outils concrets : m\u00e9thodes pour structurer vos actions commerciales, scripts et strat\u00e9gies pour gagner en assurance et en efficacit\u00e9. \u00a0\u00a0Exp\u00e9rimenter en situation : exercices pratiques pour vous familiariser avec la prospection et transformer vos freins en leviers d\u2019action. \u00a0 \u00a0Un atelier concret et bienveillant pour transformer vos appr\u00e9hensions en actions positives et avancer avec confiance dans le d\u00e9veloppement commercial de votre projet.","og_url":"https:\/\/empow-her.com\/produit\/croyances-limitantes-autour-de-la-prospection-commerciale\/","og_site_name":"Empow&#039;Her","article_modified_time":"2026-03-30T08:38:48+00:00","og_image":[{"width":1080,"height":1080,"url":"https:\/\/empow-her.com\/wp-content\/uploads\/2025\/10\/Atelier.png","type":"image\/png"}],"twitter_card":"summary_large_image","twitter_misc":{"Tiempo de lectura":"1 minuto"},"schema":{"@context":"https:\/\/schema.org","@graph":[{"@type":"WebPage","@id":"https:\/\/empow-her.com\/produit\/croyances-limitantes-autour-de-la-prospection-commerciale\/","url":"https:\/\/empow-her.com\/produit\/croyances-limitantes-autour-de-la-prospection-commerciale\/","name":"Croyances limitantes autour de la prospection commerciale - Empow&#039;Her","isPartOf":{"@id":"https:\/\/empow-her.com\/#website"},"primaryImageOfPage":{"@id":"https:\/\/empow-her.com\/produit\/croyances-limitantes-autour-de-la-prospection-commerciale\/#primaryimage"},"image":{"@id":"https:\/\/empow-her.com\/produit\/croyances-limitantes-autour-de-la-prospection-commerciale\/#primaryimage"},"thumbnailUrl":"https:\/\/empow-her.com\/wp-content\/uploads\/2025\/10\/Atelier.png","datePublished":"2026-02-19T09:00:00+00:00","dateModified":"2026-03-30T08:38:48+00:00","breadcrumb":{"@id":"https:\/\/empow-her.com\/produit\/croyances-limitantes-autour-de-la-prospection-commerciale\/#breadcrumb"},"inLanguage":"es","potentialAction":[{"@type":"ReadAction","target":["https:\/\/empow-her.com\/produit\/croyances-limitantes-autour-de-la-prospection-commerciale\/"]}]},{"@type":"ImageObject","inLanguage":"es","@id":"https:\/\/empow-her.com\/produit\/croyances-limitantes-autour-de-la-prospection-commerciale\/#primaryimage","url":"https:\/\/empow-her.com\/wp-content\/uploads\/2025\/10\/Atelier.png","contentUrl":"https:\/\/empow-her.com\/wp-content\/uploads\/2025\/10\/Atelier.png","width":1080,"height":1080},{"@type":"BreadcrumbList","@id":"https:\/\/empow-her.com\/produit\/croyances-limitantes-autour-de-la-prospection-commerciale\/#breadcrumb","itemListElement":[{"@type":"ListItem","position":1,"name":"Accueil","item":"https:\/\/empow-her.com\/es\/inicio\/"},{"@type":"ListItem","position":2,"name":"LA BOUTIQUE","item":"https:\/\/empow-her.com\/boutique\/"},{"@type":"ListItem","position":3,"name":"Croyances limitantes autour de la prospection commerciale"}]},{"@type":"WebSite","@id":"https:\/\/empow-her.com\/#website","url":"https:\/\/empow-her.com\/","name":"Empow&#039;Her","description":"Women Development","potentialAction":[{"@type":"SearchAction","target":{"@type":"EntryPoint","urlTemplate":"https:\/\/empow-her.com\/?s={search_term_string}"},"query-input":{"@type":"PropertyValueSpecification","valueRequired":true,"valueName":"search_term_string"}}],"inLanguage":"es"}]}},"_links":{"self":[{"href":"https:\/\/empow-her.com\/es\/wp-json\/wp\/v2\/product\/271270","targetHints":{"allow":["GET"]}}],"collection":[{"href":"https:\/\/empow-her.com\/es\/wp-json\/wp\/v2\/product"}],"about":[{"href":"https:\/\/empow-her.com\/es\/wp-json\/wp\/v2\/types\/product"}],"wp:featuredmedia":[{"embeddable":true,"href":"https:\/\/empow-her.com\/es\/wp-json\/wp\/v2\/media\/269994"}],"wp:attachment":[{"href":"https:\/\/empow-her.com\/es\/wp-json\/wp\/v2\/media?parent=271270"}],"wp:term":[{"taxonomy":"product_brand","embeddable":true,"href":"https:\/\/empow-her.com\/es\/wp-json\/wp\/v2\/product_brand?post=271270"},{"taxonomy":"product_cat","embeddable":true,"href":"https:\/\/empow-her.com\/es\/wp-json\/wp\/v2\/product_cat?post=271270"},{"taxonomy":"product_tag","embeddable":true,"href":"https:\/\/empow-her.com\/es\/wp-json\/wp\/v2\/product_tag?post=271270"},{"taxonomy":"lieu","embeddable":true,"href":"https:\/\/empow-her.com\/es\/wp-json\/wp\/v2\/lieu?post=271270"},{"taxonomy":"thematiques","embeddable":true,"href":"https:\/\/empow-her.com\/es\/wp-json\/wp\/v2\/thematiques?post=271270"}],"curies":[{"name":"wp","href":"https:\/\/api.w.org\/{rel}","templated":true}]}}