{"id":271146,"date":"2026-02-05T10:00:00","date_gmt":"2026-02-05T09:00:00","guid":{"rendered":"https:\/\/empow-her.com\/?post_type=product&#038;p=271146"},"modified":"2026-03-30T10:38:56","modified_gmt":"2026-03-30T08:38:56","slug":"structurer-son-plan-daction","status":"publish","type":"product","link":"https:\/\/empow-her.com\/es\/produit\/structurer-son-plan-daction\/","title":{"rendered":"Structurer son plan d\u2019action"},"content":{"rendered":"<p>\u00a0<\/p>\n<p><strong>Structurer son plan d\u2019action <\/strong><\/p>\n<p>\u00a0<\/p>\n<p>\n\u00a0\u00a0Vous avez du mal \u00e0 avancer sur votre projet ? Vous \u00eates bloqu\u00e9e sur vos prochaines \u00e9tapes ou vous procrastinez vos premi\u00e8res prises de contact ? Il est peut-\u00eatre temps de poser votre plan d\u2019action !<br \/>\n\u00a0<\/p>\n<p>\u00a0<\/p>\n<p>\n\u00a0\u00a0Rejoignez-nous pour un atelier de 3 heures con\u00e7u pour vous aider \u00e0 structurer votre projet pas \u00e0 pas, en vous appuyant sur des outils pratiques et la dynamique de groupe.<br \/>\n\u00a0<\/p>\n<p>\u00a0<\/p>\n<p><strong>Ce que nous allons explorer :<\/strong><\/p>\n<p>\u00a0<\/p>\n<ul>\n\u00a0\u00a0<\/p>\n<li>D\u00e9couvrir des outils de gestion du temps et d\u2019organisation adapt\u00e9s \u00e0 votre quotidien entrepreneurial<\/li>\n<p>\u00a0\u00a0<\/p>\n<li>Travailler en intelligence collective avec vos pairs pour enrichir vos id\u00e9es et d\u00e9bloquer vos difficult\u00e9s<\/li>\n<p>\u00a0\u00a0<\/p>\n<li>Utiliser un template de plan d\u2019action pour passer rapidement du concept \u00e0 l\u2019action concr\u00e8te<\/li>\n<p>\u00a0<\/ul>\n<p>\u00a0<\/p>\n<p>\n\u00a0\u00a0\u00c0 l\u2019issue de cet atelier, vous repartirez avec un plan d\u2019action structur\u00e9, pr\u00eat \u00e0 \u00eatre mis en \u0153uvre, et des m\u00e9thodes pour avancer sereinement sur vos prochaines \u00e9tapes.<br \/>\n\u00a0<\/p>\n<\/div>\n","protected":false},"excerpt":{"rendered":"<p>\u00a0<\/p>\n<p><strong>Structurer son plan d\u2019action <\/strong><\/p>\n<p>\u00a0<\/p>\n<p>\n\u00a0\u00a0Vous avez du mal \u00e0 avancer sur votre projet ? Vous \u00eates bloqu\u00e9e sur vos prochaines \u00e9tapes ou vous procrastinez vos premi\u00e8res prises de contact ? Il est peut-\u00eatre temps de poser votre plan d\u2019action !<br \/>\n\u00a0<\/p>\n<p>\u00a0<\/p>\n<p>\n\u00a0\u00a0Rejoignez-nous pour un atelier de 3 heures con\u00e7u pour vous aider \u00e0 structurer votre projet pas \u00e0 pas, en vous appuyant sur des outils pratiques et la dynamique de groupe.<br \/>\n\u00a0<\/p>\n<p>\u00a0<\/p>\n<p><strong>Ce que nous allons explorer :<\/strong><\/p>\n<p>\u00a0<\/p>\n<ul>\n\u00a0\u00a0<\/p>\n<li>D\u00e9couvrir des outils de gestion du temps et d\u2019organisation adapt\u00e9s \u00e0 votre quotidien entrepreneurial<\/li>\n<p>\u00a0\u00a0<\/p>\n<li>Travailler en intelligence collective avec vos pairs pour enrichir vos id\u00e9es et d\u00e9bloquer vos difficult\u00e9s<\/li>\n<p>\u00a0\u00a0<\/p>\n<li>Utiliser un template de plan d\u2019action pour passer rapidement du concept \u00e0 l\u2019action concr\u00e8te<\/li>\n<p>\u00a0<\/ul>\n<p>\u00a0<\/p>\n<p>\n\u00a0\u00a0\u00c0 l\u2019issue de cet atelier, vous repartirez avec un plan d\u2019action structur\u00e9, pr\u00eat \u00e0 \u00eatre mis en \u0153uvre, et des m\u00e9thodes pour avancer sereinement sur vos prochaines \u00e9tapes.<br \/>\n\u00a0<\/p>\n<\/div>\n","protected":false},"featured_media":269994,"template":"","format":"standard","meta":{"_acf_changed":false,"om_disable_all_campaigns":false,"_uf_show_specific_survey":0,"_uf_disable_surveys":false},"product_brand":[],"product_cat":[118],"product_tag":[222],"lieu":[223],"thematiques":[],"class_list":{"0":"post-271146","1":"product","2":"type-product","3":"status-publish","4":"format-standard","5":"has-post-thumbnail","7":"product_cat-atelier-collectif","8":"product_tag-presentiel","9":"lieu-presentiel","11":"first","12":"instock","13":"virtual","14":"purchasable","15":"product-type-appointment"},"exclude_global_add_ons":[],"addons":[],"acf":[],"yoast_head":"<!-- This site is optimized with the Yoast SEO plugin v24.8 - https:\/\/yoast.com\/wordpress\/plugins\/seo\/ -->\n<title>Structurer son plan d\u2019action - Empow&#039;Her<\/title>\n<meta name=\"robots\" content=\"index, follow, max-snippet:-1, max-image-preview:large, max-video-preview:-1\" \/>\n<link rel=\"canonical\" href=\"https:\/\/empow-her.com\/produit\/structurer-son-plan-daction\/\" \/>\n<meta property=\"og:locale\" content=\"es_ES\" \/>\n<meta property=\"og:type\" content=\"article\" \/>\n<meta property=\"og:title\" content=\"Structurer son plan d\u2019action - Empow&#039;Her\" \/>\n<meta property=\"og:description\" content=\"\u00a0Structurer son plan d\u2019action  \u00a0 \u00a0\u00a0Vous avez du mal \u00e0 avancer sur votre projet ? Vous \u00eates bloqu\u00e9e sur vos prochaines \u00e9tapes ou vous procrastinez vos premi\u00e8res prises de contact ? Il est peut-\u00eatre temps de poser votre plan d\u2019action ! \u00a0 \u00a0 \u00a0\u00a0Rejoignez-nous pour un atelier de 3 heures con\u00e7u pour vous aider \u00e0 structurer votre projet pas \u00e0 pas, en vous appuyant sur des outils pratiques et la dynamique de groupe. \u00a0 \u00a0Ce que nous allons explorer : \u00a0 \u00a0\u00a0D\u00e9couvrir des outils de gestion du temps et d\u2019organisation adapt\u00e9s \u00e0 votre quotidien entrepreneurial \u00a0\u00a0Travailler en intelligence collective avec vos pairs pour enrichir vos id\u00e9es et d\u00e9bloquer vos difficult\u00e9s \u00a0\u00a0Utiliser un template de plan d\u2019action pour passer rapidement du concept \u00e0 l\u2019action concr\u00e8te \u00a0 \u00a0 \u00a0\u00a0\u00c0 l\u2019issue de cet atelier, vous repartirez avec un plan d\u2019action structur\u00e9, pr\u00eat \u00e0 \u00eatre mis en \u0153uvre, et des m\u00e9thodes pour avancer sereinement sur vos prochaines \u00e9tapes. \u00a0\" \/>\n<meta property=\"og:url\" content=\"https:\/\/empow-her.com\/produit\/structurer-son-plan-daction\/\" \/>\n<meta property=\"og:site_name\" content=\"Empow&#039;Her\" \/>\n<meta property=\"article:modified_time\" content=\"2026-03-30T08:38:56+00:00\" \/>\n<meta property=\"og:image\" content=\"https:\/\/empow-her.com\/wp-content\/uploads\/2025\/10\/Atelier.png\" \/>\n\t<meta property=\"og:image:width\" content=\"1080\" \/>\n\t<meta property=\"og:image:height\" content=\"1080\" \/>\n\t<meta property=\"og:image:type\" content=\"image\/png\" \/>\n<meta name=\"twitter:card\" content=\"summary_large_image\" \/>\n<meta name=\"twitter:label1\" content=\"Tiempo de lectura\" \/>\n\t<meta name=\"twitter:data1\" content=\"1 minuto\" \/>\n<script type=\"application\/ld+json\" class=\"yoast-schema-graph\">{\"@context\":\"https:\/\/schema.org\",\"@graph\":[{\"@type\":\"WebPage\",\"@id\":\"https:\/\/empow-her.com\/produit\/structurer-son-plan-daction\/\",\"url\":\"https:\/\/empow-her.com\/produit\/structurer-son-plan-daction\/\",\"name\":\"Structurer son plan d\u2019action - Empow&#039;Her\",\"isPartOf\":{\"@id\":\"https:\/\/empow-her.com\/#website\"},\"primaryImageOfPage\":{\"@id\":\"https:\/\/empow-her.com\/produit\/structurer-son-plan-daction\/#primaryimage\"},\"image\":{\"@id\":\"https:\/\/empow-her.com\/produit\/structurer-son-plan-daction\/#primaryimage\"},\"thumbnailUrl\":\"https:\/\/empow-her.com\/wp-content\/uploads\/2025\/10\/Atelier.png\",\"datePublished\":\"2026-02-05T09:00:00+00:00\",\"dateModified\":\"2026-03-30T08:38:56+00:00\",\"breadcrumb\":{\"@id\":\"https:\/\/empow-her.com\/produit\/structurer-son-plan-daction\/#breadcrumb\"},\"inLanguage\":\"es\",\"potentialAction\":[{\"@type\":\"ReadAction\",\"target\":[\"https:\/\/empow-her.com\/produit\/structurer-son-plan-daction\/\"]}]},{\"@type\":\"ImageObject\",\"inLanguage\":\"es\",\"@id\":\"https:\/\/empow-her.com\/produit\/structurer-son-plan-daction\/#primaryimage\",\"url\":\"https:\/\/empow-her.com\/wp-content\/uploads\/2025\/10\/Atelier.png\",\"contentUrl\":\"https:\/\/empow-her.com\/wp-content\/uploads\/2025\/10\/Atelier.png\",\"width\":1080,\"height\":1080},{\"@type\":\"BreadcrumbList\",\"@id\":\"https:\/\/empow-her.com\/produit\/structurer-son-plan-daction\/#breadcrumb\",\"itemListElement\":[{\"@type\":\"ListItem\",\"position\":1,\"name\":\"Accueil\",\"item\":\"https:\/\/empow-her.com\/es\/inicio\/\"},{\"@type\":\"ListItem\",\"position\":2,\"name\":\"LA BOUTIQUE\",\"item\":\"https:\/\/empow-her.com\/boutique\/\"},{\"@type\":\"ListItem\",\"position\":3,\"name\":\"Structurer son plan d\u2019action\"}]},{\"@type\":\"WebSite\",\"@id\":\"https:\/\/empow-her.com\/#website\",\"url\":\"https:\/\/empow-her.com\/\",\"name\":\"Empow&#039;Her\",\"description\":\"Women Development\",\"potentialAction\":[{\"@type\":\"SearchAction\",\"target\":{\"@type\":\"EntryPoint\",\"urlTemplate\":\"https:\/\/empow-her.com\/?s={search_term_string}\"},\"query-input\":{\"@type\":\"PropertyValueSpecification\",\"valueRequired\":true,\"valueName\":\"search_term_string\"}}],\"inLanguage\":\"es\"}]}<\/script>\n<!-- \/ Yoast SEO plugin. -->","yoast_head_json":{"title":"Structurer son plan d\u2019action - Empow&#039;Her","robots":{"index":"index","follow":"follow","max-snippet":"max-snippet:-1","max-image-preview":"max-image-preview:large","max-video-preview":"max-video-preview:-1"},"canonical":"https:\/\/empow-her.com\/produit\/structurer-son-plan-daction\/","og_locale":"es_ES","og_type":"article","og_title":"Structurer son plan d\u2019action - Empow&#039;Her","og_description":"\u00a0Structurer son plan d\u2019action  \u00a0 \u00a0\u00a0Vous avez du mal \u00e0 avancer sur votre projet ? Vous \u00eates bloqu\u00e9e sur vos prochaines \u00e9tapes ou vous procrastinez vos premi\u00e8res prises de contact ? Il est peut-\u00eatre temps de poser votre plan d\u2019action ! \u00a0 \u00a0 \u00a0\u00a0Rejoignez-nous pour un atelier de 3 heures con\u00e7u pour vous aider \u00e0 structurer votre projet pas \u00e0 pas, en vous appuyant sur des outils pratiques et la dynamique de groupe. \u00a0 \u00a0Ce que nous allons explorer : \u00a0 \u00a0\u00a0D\u00e9couvrir des outils de gestion du temps et d\u2019organisation adapt\u00e9s \u00e0 votre quotidien entrepreneurial \u00a0\u00a0Travailler en intelligence collective avec vos pairs pour enrichir vos id\u00e9es et d\u00e9bloquer vos difficult\u00e9s \u00a0\u00a0Utiliser un template de plan d\u2019action pour passer rapidement du concept \u00e0 l\u2019action concr\u00e8te \u00a0 \u00a0 \u00a0\u00a0\u00c0 l\u2019issue de cet atelier, vous repartirez avec un plan d\u2019action structur\u00e9, pr\u00eat \u00e0 \u00eatre mis en \u0153uvre, et des m\u00e9thodes pour avancer sereinement sur vos prochaines \u00e9tapes. \u00a0","og_url":"https:\/\/empow-her.com\/produit\/structurer-son-plan-daction\/","og_site_name":"Empow&#039;Her","article_modified_time":"2026-03-30T08:38:56+00:00","og_image":[{"width":1080,"height":1080,"url":"https:\/\/empow-her.com\/wp-content\/uploads\/2025\/10\/Atelier.png","type":"image\/png"}],"twitter_card":"summary_large_image","twitter_misc":{"Tiempo de lectura":"1 minuto"},"schema":{"@context":"https:\/\/schema.org","@graph":[{"@type":"WebPage","@id":"https:\/\/empow-her.com\/produit\/structurer-son-plan-daction\/","url":"https:\/\/empow-her.com\/produit\/structurer-son-plan-daction\/","name":"Structurer son plan d\u2019action - Empow&#039;Her","isPartOf":{"@id":"https:\/\/empow-her.com\/#website"},"primaryImageOfPage":{"@id":"https:\/\/empow-her.com\/produit\/structurer-son-plan-daction\/#primaryimage"},"image":{"@id":"https:\/\/empow-her.com\/produit\/structurer-son-plan-daction\/#primaryimage"},"thumbnailUrl":"https:\/\/empow-her.com\/wp-content\/uploads\/2025\/10\/Atelier.png","datePublished":"2026-02-05T09:00:00+00:00","dateModified":"2026-03-30T08:38:56+00:00","breadcrumb":{"@id":"https:\/\/empow-her.com\/produit\/structurer-son-plan-daction\/#breadcrumb"},"inLanguage":"es","potentialAction":[{"@type":"ReadAction","target":["https:\/\/empow-her.com\/produit\/structurer-son-plan-daction\/"]}]},{"@type":"ImageObject","inLanguage":"es","@id":"https:\/\/empow-her.com\/produit\/structurer-son-plan-daction\/#primaryimage","url":"https:\/\/empow-her.com\/wp-content\/uploads\/2025\/10\/Atelier.png","contentUrl":"https:\/\/empow-her.com\/wp-content\/uploads\/2025\/10\/Atelier.png","width":1080,"height":1080},{"@type":"BreadcrumbList","@id":"https:\/\/empow-her.com\/produit\/structurer-son-plan-daction\/#breadcrumb","itemListElement":[{"@type":"ListItem","position":1,"name":"Accueil","item":"https:\/\/empow-her.com\/es\/inicio\/"},{"@type":"ListItem","position":2,"name":"LA BOUTIQUE","item":"https:\/\/empow-her.com\/boutique\/"},{"@type":"ListItem","position":3,"name":"Structurer son plan d\u2019action"}]},{"@type":"WebSite","@id":"https:\/\/empow-her.com\/#website","url":"https:\/\/empow-her.com\/","name":"Empow&#039;Her","description":"Women Development","potentialAction":[{"@type":"SearchAction","target":{"@type":"EntryPoint","urlTemplate":"https:\/\/empow-her.com\/?s={search_term_string}"},"query-input":{"@type":"PropertyValueSpecification","valueRequired":true,"valueName":"search_term_string"}}],"inLanguage":"es"}]}},"_links":{"self":[{"href":"https:\/\/empow-her.com\/es\/wp-json\/wp\/v2\/product\/271146","targetHints":{"allow":["GET"]}}],"collection":[{"href":"https:\/\/empow-her.com\/es\/wp-json\/wp\/v2\/product"}],"about":[{"href":"https:\/\/empow-her.com\/es\/wp-json\/wp\/v2\/types\/product"}],"wp:featuredmedia":[{"embeddable":true,"href":"https:\/\/empow-her.com\/es\/wp-json\/wp\/v2\/media\/269994"}],"wp:attachment":[{"href":"https:\/\/empow-her.com\/es\/wp-json\/wp\/v2\/media?parent=271146"}],"wp:term":[{"taxonomy":"product_brand","embeddable":true,"href":"https:\/\/empow-her.com\/es\/wp-json\/wp\/v2\/product_brand?post=271146"},{"taxonomy":"product_cat","embeddable":true,"href":"https:\/\/empow-her.com\/es\/wp-json\/wp\/v2\/product_cat?post=271146"},{"taxonomy":"product_tag","embeddable":true,"href":"https:\/\/empow-her.com\/es\/wp-json\/wp\/v2\/product_tag?post=271146"},{"taxonomy":"lieu","embeddable":true,"href":"https:\/\/empow-her.com\/es\/wp-json\/wp\/v2\/lieu?post=271146"},{"taxonomy":"thematiques","embeddable":true,"href":"https:\/\/empow-her.com\/es\/wp-json\/wp\/v2\/thematiques?post=271146"}],"curies":[{"name":"wp","href":"https:\/\/api.w.org\/{rel}","templated":true}]}}