{"id":271141,"date":"2026-02-10T12:00:00","date_gmt":"2026-02-10T11:00:00","guid":{"rendered":"https:\/\/empow-her.com\/?post_type=product&#038;p=271141"},"modified":"2026-03-30T10:37:13","modified_gmt":"2026-03-30T08:37:13","slug":"comment-lever-en-capital-en-2026","status":"publish","type":"product","link":"https:\/\/empow-her.com\/es\/produit\/comment-lever-en-capital-en-2026\/","title":{"rendered":"Comment lever en capital en 2026 ?"},"content":{"rendered":"<p><strong>Convaincre les fonds et Business Angels<\/strong><\/p>\n<p>\nVous envisagez de lancer une lev\u00e9e de fonds ou \u00eates d\u00e9j\u00e0 en plein roadshow ?\n<\/p>\n<p>\nCe webinaire anim\u00e9 par Antoine de The Impact Hub est fait pour vous.\n<\/p>\n<p>\n<strong>Anim\u00e9 par Antoine G\u00e9rardin<\/strong>, leveur de fonds chez Finetic, ayant accompagn\u00e9 plus de 15 startups et PME, dont deux op\u00e9rations r\u00e9alis\u00e9es en 2025 : 1,2 M\u20ac dans le secteur alimentaire et 2 M\u20ac dans la silver economy.\n<\/p>\n<p>\n<strong>Objectif :<\/strong> ma\u00eetriser les \u00e9tapes cl\u00e9s d\u2019une lev\u00e9e de fonds, comprendre les attentes des financeurs et \u00e9viter les principaux \u00e9cueils, \u00e0 travers des cas concrets.\n<\/p>\n<p><strong>Au programme :<\/strong><\/p>\n<ul>\n\u00a0<\/p>\n<li>Construire sa documentation de lev\u00e9e (business plan, pitch deck, data room)<\/li>\n<p>\u00a0<\/p>\n<li>Identifier et approcher les investisseurs les plus pertinents<\/li>\n<p>\u00a0<\/p>\n<li>D\u00e9finir sa valorisation et n\u00e9gocier une term sheet<\/li>\n<p>\u00a0<\/p>\n<li>Cr\u00e9er un effet de levier gr\u00e2ce au financement bancaire<\/li>\n<\/ul>\n<p>\n<strong>En bonus :<\/strong> acc\u00e8s \u00e0 une base de plus de 300 fonds d\u2019investissement et 40 000 Business Angels.\n<\/p>\n<p>\n<strong>En visioconf\u00e9rence<\/strong> \u2014 de 12h00 \u00e0 13h00<br \/>\n<strong>Mardi 10 f\u00e9vrier<\/strong><\/p>\n","protected":false},"excerpt":{"rendered":"<p><strong>Convaincre les fonds et Business Angels<\/strong><\/p>\n<p>\nVous envisagez de lancer une lev\u00e9e de fonds ou \u00eates d\u00e9j\u00e0 en plein roadshow ?\n<\/p>\n<p>\nCe webinaire anim\u00e9 par Antoine de The Impact Hub est fait pour vous.\n<\/p>\n<p>\n<strong>Anim\u00e9 par Antoine G\u00e9rardin<\/strong>, leveur de fonds chez Finetic, ayant accompagn\u00e9 plus de 15 startups et PME, dont deux op\u00e9rations r\u00e9alis\u00e9es en 2025 : 1,2 M\u20ac dans le secteur alimentaire et 2 M\u20ac dans la silver economy.\n<\/p>\n<p>\n<strong>Objectif :<\/strong> ma\u00eetriser les \u00e9tapes cl\u00e9s d\u2019une lev\u00e9e de fonds, comprendre les attentes des financeurs et \u00e9viter les principaux \u00e9cueils, \u00e0 travers des cas concrets.\n<\/p>\n<p><strong>Au programme :<\/strong><\/p>\n<ul>\n\u00a0<\/p>\n<li>Construire sa documentation de lev\u00e9e (business plan, pitch deck, data room)<\/li>\n<p>\u00a0<\/p>\n<li>Identifier et approcher les investisseurs les plus pertinents<\/li>\n<p>\u00a0<\/p>\n<li>D\u00e9finir sa valorisation et n\u00e9gocier une term sheet<\/li>\n<p>\u00a0<\/p>\n<li>Cr\u00e9er un effet de levier gr\u00e2ce au financement bancaire<\/li>\n<\/ul>\n<p>\n<strong>En bonus :<\/strong> acc\u00e8s \u00e0 une base de plus de 300 fonds d\u2019investissement et 40 000 Business Angels.\n<\/p>\n<p>\n<strong>En visioconf\u00e9rence<\/strong> \u2014 de 12h00 \u00e0 13h00<br \/>\n<strong>Mardi 10 f\u00e9vrier<\/strong><\/p>\n","protected":false},"featured_media":269994,"template":"","format":"standard","meta":{"_acf_changed":false,"om_disable_all_campaigns":false,"_uf_show_specific_survey":0,"_uf_disable_surveys":false},"product_brand":[],"product_cat":[118],"product_tag":[143],"lieu":[125],"thematiques":[],"class_list":{"0":"post-271141","1":"product","2":"type-product","3":"status-publish","4":"format-standard","5":"has-post-thumbnail","7":"product_cat-atelier-collectif","8":"product_tag-en-ligne","9":"lieu-en-ligne","11":"first","12":"instock","13":"virtual","14":"purchasable","15":"product-type-appointment"},"exclude_global_add_ons":[],"addons":[],"acf":[],"yoast_head":"<!-- This site is optimized with the Yoast SEO plugin v24.8 - https:\/\/yoast.com\/wordpress\/plugins\/seo\/ -->\n<title>Comment lever en capital en 2026 ? - Empow&#039;Her<\/title>\n<meta name=\"robots\" content=\"index, follow, max-snippet:-1, max-image-preview:large, max-video-preview:-1\" \/>\n<link rel=\"canonical\" href=\"https:\/\/empow-her.com\/produit\/comment-lever-en-capital-en-2026\/\" \/>\n<meta property=\"og:locale\" content=\"es_ES\" \/>\n<meta property=\"og:type\" content=\"article\" \/>\n<meta property=\"og:title\" content=\"Comment lever en capital en 2026 ? - Empow&#039;Her\" \/>\n<meta property=\"og:description\" content=\"Convaincre les fonds et Business Angels  Vous envisagez de lancer une lev\u00e9e de fonds ou \u00eates d\u00e9j\u00e0 en plein roadshow ?  Ce webinaire anim\u00e9 par Antoine de The Impact Hub est fait pour vous.  Anim\u00e9 par Antoine G\u00e9rardin, leveur de fonds chez Finetic, ayant accompagn\u00e9 plus de 15 startups et PME, dont deux op\u00e9rations r\u00e9alis\u00e9es en 2025 : 1,2 M\u20ac dans le secteur alimentaire et 2 M\u20ac dans la silver economy.  Objectif : ma\u00eetriser les \u00e9tapes cl\u00e9s d\u2019une lev\u00e9e de fonds, comprendre les attentes des financeurs et \u00e9viter les principaux \u00e9cueils, \u00e0 travers des cas concrets.  Au programme :  \u00a0Construire sa documentation de lev\u00e9e (business plan, pitch deck, data room) \u00a0Identifier et approcher les investisseurs les plus pertinents \u00a0D\u00e9finir sa valorisation et n\u00e9gocier une term sheet \u00a0Cr\u00e9er un effet de levier gr\u00e2ce au financement bancaire  En bonus : acc\u00e8s \u00e0 une base de plus de 300 fonds d\u2019investissement et 40 000 Business Angels.  En visioconf\u00e9rence \u2014 de 12h00 \u00e0 13h00 Mardi 10 f\u00e9vrier\" \/>\n<meta property=\"og:url\" content=\"https:\/\/empow-her.com\/produit\/comment-lever-en-capital-en-2026\/\" \/>\n<meta property=\"og:site_name\" content=\"Empow&#039;Her\" \/>\n<meta property=\"article:modified_time\" content=\"2026-03-30T08:37:13+00:00\" \/>\n<meta property=\"og:image\" content=\"https:\/\/empow-her.com\/wp-content\/uploads\/2025\/10\/Atelier.png\" \/>\n\t<meta property=\"og:image:width\" content=\"1080\" \/>\n\t<meta property=\"og:image:height\" content=\"1080\" \/>\n\t<meta property=\"og:image:type\" content=\"image\/png\" \/>\n<meta name=\"twitter:card\" content=\"summary_large_image\" \/>\n<meta name=\"twitter:label1\" content=\"Tiempo de lectura\" \/>\n\t<meta name=\"twitter:data1\" content=\"1 minuto\" \/>\n<script type=\"application\/ld+json\" class=\"yoast-schema-graph\">{\"@context\":\"https:\/\/schema.org\",\"@graph\":[{\"@type\":\"WebPage\",\"@id\":\"https:\/\/empow-her.com\/produit\/comment-lever-en-capital-en-2026\/\",\"url\":\"https:\/\/empow-her.com\/produit\/comment-lever-en-capital-en-2026\/\",\"name\":\"Comment lever en capital en 2026 ? - Empow&#039;Her\",\"isPartOf\":{\"@id\":\"https:\/\/empow-her.com\/#website\"},\"primaryImageOfPage\":{\"@id\":\"https:\/\/empow-her.com\/produit\/comment-lever-en-capital-en-2026\/#primaryimage\"},\"image\":{\"@id\":\"https:\/\/empow-her.com\/produit\/comment-lever-en-capital-en-2026\/#primaryimage\"},\"thumbnailUrl\":\"https:\/\/empow-her.com\/wp-content\/uploads\/2025\/10\/Atelier.png\",\"datePublished\":\"2026-02-10T11:00:00+00:00\",\"dateModified\":\"2026-03-30T08:37:13+00:00\",\"breadcrumb\":{\"@id\":\"https:\/\/empow-her.com\/produit\/comment-lever-en-capital-en-2026\/#breadcrumb\"},\"inLanguage\":\"es\",\"potentialAction\":[{\"@type\":\"ReadAction\",\"target\":[\"https:\/\/empow-her.com\/produit\/comment-lever-en-capital-en-2026\/\"]}]},{\"@type\":\"ImageObject\",\"inLanguage\":\"es\",\"@id\":\"https:\/\/empow-her.com\/produit\/comment-lever-en-capital-en-2026\/#primaryimage\",\"url\":\"https:\/\/empow-her.com\/wp-content\/uploads\/2025\/10\/Atelier.png\",\"contentUrl\":\"https:\/\/empow-her.com\/wp-content\/uploads\/2025\/10\/Atelier.png\",\"width\":1080,\"height\":1080},{\"@type\":\"BreadcrumbList\",\"@id\":\"https:\/\/empow-her.com\/produit\/comment-lever-en-capital-en-2026\/#breadcrumb\",\"itemListElement\":[{\"@type\":\"ListItem\",\"position\":1,\"name\":\"Accueil\",\"item\":\"https:\/\/empow-her.com\/es\/inicio\/\"},{\"@type\":\"ListItem\",\"position\":2,\"name\":\"LA BOUTIQUE\",\"item\":\"https:\/\/empow-her.com\/boutique\/\"},{\"@type\":\"ListItem\",\"position\":3,\"name\":\"Comment lever en capital en 2026 ?\"}]},{\"@type\":\"WebSite\",\"@id\":\"https:\/\/empow-her.com\/#website\",\"url\":\"https:\/\/empow-her.com\/\",\"name\":\"Empow&#039;Her\",\"description\":\"Women Development\",\"potentialAction\":[{\"@type\":\"SearchAction\",\"target\":{\"@type\":\"EntryPoint\",\"urlTemplate\":\"https:\/\/empow-her.com\/?s={search_term_string}\"},\"query-input\":{\"@type\":\"PropertyValueSpecification\",\"valueRequired\":true,\"valueName\":\"search_term_string\"}}],\"inLanguage\":\"es\"}]}<\/script>\n<!-- \/ Yoast SEO plugin. -->","yoast_head_json":{"title":"Comment lever en capital en 2026 ? - Empow&#039;Her","robots":{"index":"index","follow":"follow","max-snippet":"max-snippet:-1","max-image-preview":"max-image-preview:large","max-video-preview":"max-video-preview:-1"},"canonical":"https:\/\/empow-her.com\/produit\/comment-lever-en-capital-en-2026\/","og_locale":"es_ES","og_type":"article","og_title":"Comment lever en capital en 2026 ? - Empow&#039;Her","og_description":"Convaincre les fonds et Business Angels  Vous envisagez de lancer une lev\u00e9e de fonds ou \u00eates d\u00e9j\u00e0 en plein roadshow ?  Ce webinaire anim\u00e9 par Antoine de The Impact Hub est fait pour vous.  Anim\u00e9 par Antoine G\u00e9rardin, leveur de fonds chez Finetic, ayant accompagn\u00e9 plus de 15 startups et PME, dont deux op\u00e9rations r\u00e9alis\u00e9es en 2025 : 1,2 M\u20ac dans le secteur alimentaire et 2 M\u20ac dans la silver economy.  Objectif : ma\u00eetriser les \u00e9tapes cl\u00e9s d\u2019une lev\u00e9e de fonds, comprendre les attentes des financeurs et \u00e9viter les principaux \u00e9cueils, \u00e0 travers des cas concrets.  Au programme :  \u00a0Construire sa documentation de lev\u00e9e (business plan, pitch deck, data room) \u00a0Identifier et approcher les investisseurs les plus pertinents \u00a0D\u00e9finir sa valorisation et n\u00e9gocier une term sheet \u00a0Cr\u00e9er un effet de levier gr\u00e2ce au financement bancaire  En bonus : acc\u00e8s \u00e0 une base de plus de 300 fonds d\u2019investissement et 40 000 Business Angels.  En visioconf\u00e9rence \u2014 de 12h00 \u00e0 13h00 Mardi 10 f\u00e9vrier","og_url":"https:\/\/empow-her.com\/produit\/comment-lever-en-capital-en-2026\/","og_site_name":"Empow&#039;Her","article_modified_time":"2026-03-30T08:37:13+00:00","og_image":[{"width":1080,"height":1080,"url":"https:\/\/empow-her.com\/wp-content\/uploads\/2025\/10\/Atelier.png","type":"image\/png"}],"twitter_card":"summary_large_image","twitter_misc":{"Tiempo de lectura":"1 minuto"},"schema":{"@context":"https:\/\/schema.org","@graph":[{"@type":"WebPage","@id":"https:\/\/empow-her.com\/produit\/comment-lever-en-capital-en-2026\/","url":"https:\/\/empow-her.com\/produit\/comment-lever-en-capital-en-2026\/","name":"Comment lever en capital en 2026 ? - Empow&#039;Her","isPartOf":{"@id":"https:\/\/empow-her.com\/#website"},"primaryImageOfPage":{"@id":"https:\/\/empow-her.com\/produit\/comment-lever-en-capital-en-2026\/#primaryimage"},"image":{"@id":"https:\/\/empow-her.com\/produit\/comment-lever-en-capital-en-2026\/#primaryimage"},"thumbnailUrl":"https:\/\/empow-her.com\/wp-content\/uploads\/2025\/10\/Atelier.png","datePublished":"2026-02-10T11:00:00+00:00","dateModified":"2026-03-30T08:37:13+00:00","breadcrumb":{"@id":"https:\/\/empow-her.com\/produit\/comment-lever-en-capital-en-2026\/#breadcrumb"},"inLanguage":"es","potentialAction":[{"@type":"ReadAction","target":["https:\/\/empow-her.com\/produit\/comment-lever-en-capital-en-2026\/"]}]},{"@type":"ImageObject","inLanguage":"es","@id":"https:\/\/empow-her.com\/produit\/comment-lever-en-capital-en-2026\/#primaryimage","url":"https:\/\/empow-her.com\/wp-content\/uploads\/2025\/10\/Atelier.png","contentUrl":"https:\/\/empow-her.com\/wp-content\/uploads\/2025\/10\/Atelier.png","width":1080,"height":1080},{"@type":"BreadcrumbList","@id":"https:\/\/empow-her.com\/produit\/comment-lever-en-capital-en-2026\/#breadcrumb","itemListElement":[{"@type":"ListItem","position":1,"name":"Accueil","item":"https:\/\/empow-her.com\/es\/inicio\/"},{"@type":"ListItem","position":2,"name":"LA BOUTIQUE","item":"https:\/\/empow-her.com\/boutique\/"},{"@type":"ListItem","position":3,"name":"Comment lever en capital en 2026 ?"}]},{"@type":"WebSite","@id":"https:\/\/empow-her.com\/#website","url":"https:\/\/empow-her.com\/","name":"Empow&#039;Her","description":"Women Development","potentialAction":[{"@type":"SearchAction","target":{"@type":"EntryPoint","urlTemplate":"https:\/\/empow-her.com\/?s={search_term_string}"},"query-input":{"@type":"PropertyValueSpecification","valueRequired":true,"valueName":"search_term_string"}}],"inLanguage":"es"}]}},"_links":{"self":[{"href":"https:\/\/empow-her.com\/es\/wp-json\/wp\/v2\/product\/271141","targetHints":{"allow":["GET"]}}],"collection":[{"href":"https:\/\/empow-her.com\/es\/wp-json\/wp\/v2\/product"}],"about":[{"href":"https:\/\/empow-her.com\/es\/wp-json\/wp\/v2\/types\/product"}],"wp:featuredmedia":[{"embeddable":true,"href":"https:\/\/empow-her.com\/es\/wp-json\/wp\/v2\/media\/269994"}],"wp:attachment":[{"href":"https:\/\/empow-her.com\/es\/wp-json\/wp\/v2\/media?parent=271141"}],"wp:term":[{"taxonomy":"product_brand","embeddable":true,"href":"https:\/\/empow-her.com\/es\/wp-json\/wp\/v2\/product_brand?post=271141"},{"taxonomy":"product_cat","embeddable":true,"href":"https:\/\/empow-her.com\/es\/wp-json\/wp\/v2\/product_cat?post=271141"},{"taxonomy":"product_tag","embeddable":true,"href":"https:\/\/empow-her.com\/es\/wp-json\/wp\/v2\/product_tag?post=271141"},{"taxonomy":"lieu","embeddable":true,"href":"https:\/\/empow-her.com\/es\/wp-json\/wp\/v2\/lieu?post=271141"},{"taxonomy":"thematiques","embeddable":true,"href":"https:\/\/empow-her.com\/es\/wp-json\/wp\/v2\/thematiques?post=271141"}],"curies":[{"name":"wp","href":"https:\/\/api.w.org\/{rel}","templated":true}]}}