{"id":271140,"date":"2026-01-20T12:00:00","date_gmt":"2026-01-20T11:00:00","guid":{"rendered":"https:\/\/empow-her.com\/?post_type=product&#038;p=271140"},"modified":"2026-03-30T10:37:12","modified_gmt":"2026-03-30T08:37:12","slug":"go-to-market-accelerer-sa-croissance","status":"publish","type":"product","link":"https:\/\/empow-her.com\/es\/produit\/go-to-market-accelerer-sa-croissance\/","title":{"rendered":"Go-to-market : acc\u00e9l\u00e9rer sa croissance"},"content":{"rendered":"<p><strong>Organis\u00e9 par The Impact Hub<\/strong><\/p>\n<p><strong>Diagnostiquer et d\u00e9velopper ses ventes<\/strong><\/p>\n<p>\nVous avez vos premiers clients, mais votre croissance repose encore trop sur votre \u00e9nergie personnelle ?<br \/>\nVous sentez que vous pourriez aller plus vite, sans savoir quel levier activer en priorit\u00e9 ?\n<\/p>\n<p>\nCe webinaire est fait pour vous.\n<\/p>\n<p>\n<strong>Anim\u00e9 par Charles Cappart<\/strong>, entrepreneur et mentor depuis plus de 10 ans (Passage.ac), cofondateur de Play TV, la premi\u00e8re offre l\u00e9gale de t\u00e9l\u00e9vision sur Internet en France.\n<\/p>\n<p>\n<strong>Objectif :<\/strong> transformer ses ventes en une croissance durable et structur\u00e9e.\n<\/p>\n<p><strong>Au programme :<\/strong><\/p>\n<p>\n<strong>De la cible \u00e0 la rentabilit\u00e9<\/strong><br \/>\nIdentifier les 20 % de clients qui g\u00e9n\u00e8rent 80 % de la marge afin d\u2019affiner son ICP (Ideal Customer Profile).\n<\/p>\n<p>\n<strong>Focus sur les canaux d\u2019acquisition<\/strong><br \/>\nIdentifier son canal dominant et le piloter gr\u00e2ce \u00e0 la donn\u00e9e (taux de conversion, LTV \/ CAC).\n<\/p>\n<p>\n<strong>Construire une offre \u201cfrictionless\u201d<\/strong><br \/>\nRetravailler son pricing et sa proposition de valeur pour r\u00e9duire significativement le cycle de vente.\n<\/p>\n<p>\n <strong>Sortir du \u201cFounder Sales\u201d<\/strong><br \/>\nPasser de l\u2019artisanat \u00e0 un playbook de vente document\u00e9, r\u00e9plicable et scalable par une \u00e9quipe.\n<\/p>\n<p>\n <strong>En visioconf\u00e9rence<\/strong> \u2014 de 12h00 \u00e0 13h00<br \/>\n\ufe0f <strong>Mardi 20 janvier<\/strong><\/p>\n","protected":false},"excerpt":{"rendered":"<p><strong>Organis\u00e9 par The Impact Hub<\/strong><\/p>\n<p><strong>Diagnostiquer et d\u00e9velopper ses ventes<\/strong><\/p>\n<p>\nVous avez vos premiers clients, mais votre croissance repose encore trop sur votre \u00e9nergie personnelle ?<br \/>\nVous sentez que vous pourriez aller plus vite, sans savoir quel levier activer en priorit\u00e9 ?\n<\/p>\n<p>\nCe webinaire est fait pour vous.\n<\/p>\n<p>\n<strong>Anim\u00e9 par Charles Cappart<\/strong>, entrepreneur et mentor depuis plus de 10 ans (Passage.ac), cofondateur de Play TV, la premi\u00e8re offre l\u00e9gale de t\u00e9l\u00e9vision sur Internet en France.\n<\/p>\n<p>\n<strong>Objectif :<\/strong> transformer ses ventes en une croissance durable et structur\u00e9e.\n<\/p>\n<p><strong>Au programme :<\/strong><\/p>\n<p>\n<strong>De la cible \u00e0 la rentabilit\u00e9<\/strong><br \/>\nIdentifier les 20 % de clients qui g\u00e9n\u00e8rent 80 % de la marge afin d\u2019affiner son ICP (Ideal Customer Profile).\n<\/p>\n<p>\n<strong>Focus sur les canaux d\u2019acquisition<\/strong><br \/>\nIdentifier son canal dominant et le piloter gr\u00e2ce \u00e0 la donn\u00e9e (taux de conversion, LTV \/ CAC).\n<\/p>\n<p>\n<strong>Construire une offre \u201cfrictionless\u201d<\/strong><br \/>\nRetravailler son pricing et sa proposition de valeur pour r\u00e9duire significativement le cycle de vente.\n<\/p>\n<p>\n <strong>Sortir du \u201cFounder Sales\u201d<\/strong><br \/>\nPasser de l\u2019artisanat \u00e0 un playbook de vente document\u00e9, r\u00e9plicable et scalable par une \u00e9quipe.\n<\/p>\n<p>\n <strong>En visioconf\u00e9rence<\/strong> \u2014 de 12h00 \u00e0 13h00<br \/>\n\ufe0f <strong>Mardi 20 janvier<\/strong><\/p>\n","protected":false},"featured_media":269994,"template":"","format":"standard","meta":{"_acf_changed":false,"om_disable_all_campaigns":false,"_uf_show_specific_survey":0,"_uf_disable_surveys":false},"product_brand":[],"product_cat":[118],"product_tag":[143],"lieu":[125],"thematiques":[],"class_list":{"0":"post-271140","1":"product","2":"type-product","3":"status-publish","4":"format-standard","5":"has-post-thumbnail","7":"product_cat-atelier-collectif","8":"product_tag-en-ligne","9":"lieu-en-ligne","11":"first","12":"instock","13":"virtual","14":"purchasable","15":"product-type-appointment"},"exclude_global_add_ons":[],"addons":[],"acf":[],"yoast_head":"<!-- This site is optimized with the Yoast SEO plugin v24.8 - https:\/\/yoast.com\/wordpress\/plugins\/seo\/ -->\n<title>Go-to-market : acc\u00e9l\u00e9rer sa croissance - Empow&#039;Her<\/title>\n<meta name=\"robots\" content=\"index, follow, max-snippet:-1, max-image-preview:large, max-video-preview:-1\" \/>\n<link rel=\"canonical\" href=\"https:\/\/empow-her.com\/produit\/go-to-market-accelerer-sa-croissance\/\" \/>\n<meta property=\"og:locale\" content=\"es_ES\" \/>\n<meta property=\"og:type\" content=\"article\" \/>\n<meta property=\"og:title\" content=\"Go-to-market : acc\u00e9l\u00e9rer sa croissance - Empow&#039;Her\" \/>\n<meta property=\"og:description\" content=\"Organis\u00e9 par The Impact Hub Diagnostiquer et d\u00e9velopper ses ventes  Vous avez vos premiers clients, mais votre croissance repose encore trop sur votre \u00e9nergie personnelle ? Vous sentez que vous pourriez aller plus vite, sans savoir quel levier activer en priorit\u00e9 ?  Ce webinaire est fait pour vous.  Anim\u00e9 par Charles Cappart, entrepreneur et mentor depuis plus de 10 ans (Passage.ac), cofondateur de Play TV, la premi\u00e8re offre l\u00e9gale de t\u00e9l\u00e9vision sur Internet en France.  Objectif : transformer ses ventes en une croissance durable et structur\u00e9e.  Au programme :  De la cible \u00e0 la rentabilit\u00e9 Identifier les 20 % de clients qui g\u00e9n\u00e8rent 80 % de la marge afin d\u2019affiner son ICP (Ideal Customer Profile).  Focus sur les canaux d\u2019acquisition Identifier son canal dominant et le piloter gr\u00e2ce \u00e0 la donn\u00e9e (taux de conversion, LTV \/ CAC).  Construire une offre \u201cfrictionless\u201d Retravailler son pricing et sa proposition de valeur pour r\u00e9duire significativement le cycle de vente.   Sortir du \u201cFounder Sales\u201d Passer de l\u2019artisanat \u00e0 un playbook de vente document\u00e9, r\u00e9plicable et scalable par une \u00e9quipe.   En visioconf\u00e9rence \u2014 de 12h00 \u00e0 13h00 \ufe0f Mardi 20 janvier\" \/>\n<meta property=\"og:url\" content=\"https:\/\/empow-her.com\/produit\/go-to-market-accelerer-sa-croissance\/\" \/>\n<meta property=\"og:site_name\" content=\"Empow&#039;Her\" \/>\n<meta property=\"article:modified_time\" content=\"2026-03-30T08:37:12+00:00\" \/>\n<meta property=\"og:image\" content=\"https:\/\/empow-her.com\/wp-content\/uploads\/2025\/10\/Atelier.png\" \/>\n\t<meta property=\"og:image:width\" content=\"1080\" \/>\n\t<meta property=\"og:image:height\" content=\"1080\" \/>\n\t<meta property=\"og:image:type\" content=\"image\/png\" \/>\n<meta name=\"twitter:card\" content=\"summary_large_image\" \/>\n<meta name=\"twitter:label1\" content=\"Tiempo de lectura\" \/>\n\t<meta name=\"twitter:data1\" content=\"1 minuto\" \/>\n<script type=\"application\/ld+json\" class=\"yoast-schema-graph\">{\"@context\":\"https:\/\/schema.org\",\"@graph\":[{\"@type\":\"WebPage\",\"@id\":\"https:\/\/empow-her.com\/produit\/go-to-market-accelerer-sa-croissance\/\",\"url\":\"https:\/\/empow-her.com\/produit\/go-to-market-accelerer-sa-croissance\/\",\"name\":\"Go-to-market : acc\u00e9l\u00e9rer sa croissance - Empow&#039;Her\",\"isPartOf\":{\"@id\":\"https:\/\/empow-her.com\/#website\"},\"primaryImageOfPage\":{\"@id\":\"https:\/\/empow-her.com\/produit\/go-to-market-accelerer-sa-croissance\/#primaryimage\"},\"image\":{\"@id\":\"https:\/\/empow-her.com\/produit\/go-to-market-accelerer-sa-croissance\/#primaryimage\"},\"thumbnailUrl\":\"https:\/\/empow-her.com\/wp-content\/uploads\/2025\/10\/Atelier.png\",\"datePublished\":\"2026-01-20T11:00:00+00:00\",\"dateModified\":\"2026-03-30T08:37:12+00:00\",\"breadcrumb\":{\"@id\":\"https:\/\/empow-her.com\/produit\/go-to-market-accelerer-sa-croissance\/#breadcrumb\"},\"inLanguage\":\"es\",\"potentialAction\":[{\"@type\":\"ReadAction\",\"target\":[\"https:\/\/empow-her.com\/produit\/go-to-market-accelerer-sa-croissance\/\"]}]},{\"@type\":\"ImageObject\",\"inLanguage\":\"es\",\"@id\":\"https:\/\/empow-her.com\/produit\/go-to-market-accelerer-sa-croissance\/#primaryimage\",\"url\":\"https:\/\/empow-her.com\/wp-content\/uploads\/2025\/10\/Atelier.png\",\"contentUrl\":\"https:\/\/empow-her.com\/wp-content\/uploads\/2025\/10\/Atelier.png\",\"width\":1080,\"height\":1080},{\"@type\":\"BreadcrumbList\",\"@id\":\"https:\/\/empow-her.com\/produit\/go-to-market-accelerer-sa-croissance\/#breadcrumb\",\"itemListElement\":[{\"@type\":\"ListItem\",\"position\":1,\"name\":\"Accueil\",\"item\":\"https:\/\/empow-her.com\/es\/inicio\/\"},{\"@type\":\"ListItem\",\"position\":2,\"name\":\"LA BOUTIQUE\",\"item\":\"https:\/\/empow-her.com\/boutique\/\"},{\"@type\":\"ListItem\",\"position\":3,\"name\":\"Go-to-market : acc\u00e9l\u00e9rer sa croissance\"}]},{\"@type\":\"WebSite\",\"@id\":\"https:\/\/empow-her.com\/#website\",\"url\":\"https:\/\/empow-her.com\/\",\"name\":\"Empow&#039;Her\",\"description\":\"Women Development\",\"potentialAction\":[{\"@type\":\"SearchAction\",\"target\":{\"@type\":\"EntryPoint\",\"urlTemplate\":\"https:\/\/empow-her.com\/?s={search_term_string}\"},\"query-input\":{\"@type\":\"PropertyValueSpecification\",\"valueRequired\":true,\"valueName\":\"search_term_string\"}}],\"inLanguage\":\"es\"}]}<\/script>\n<!-- \/ Yoast SEO plugin. -->","yoast_head_json":{"title":"Go-to-market : acc\u00e9l\u00e9rer sa croissance - Empow&#039;Her","robots":{"index":"index","follow":"follow","max-snippet":"max-snippet:-1","max-image-preview":"max-image-preview:large","max-video-preview":"max-video-preview:-1"},"canonical":"https:\/\/empow-her.com\/produit\/go-to-market-accelerer-sa-croissance\/","og_locale":"es_ES","og_type":"article","og_title":"Go-to-market : acc\u00e9l\u00e9rer sa croissance - Empow&#039;Her","og_description":"Organis\u00e9 par The Impact Hub Diagnostiquer et d\u00e9velopper ses ventes  Vous avez vos premiers clients, mais votre croissance repose encore trop sur votre \u00e9nergie personnelle ? Vous sentez que vous pourriez aller plus vite, sans savoir quel levier activer en priorit\u00e9 ?  Ce webinaire est fait pour vous.  Anim\u00e9 par Charles Cappart, entrepreneur et mentor depuis plus de 10 ans (Passage.ac), cofondateur de Play TV, la premi\u00e8re offre l\u00e9gale de t\u00e9l\u00e9vision sur Internet en France.  Objectif : transformer ses ventes en une croissance durable et structur\u00e9e.  Au programme :  De la cible \u00e0 la rentabilit\u00e9 Identifier les 20 % de clients qui g\u00e9n\u00e8rent 80 % de la marge afin d\u2019affiner son ICP (Ideal Customer Profile).  Focus sur les canaux d\u2019acquisition Identifier son canal dominant et le piloter gr\u00e2ce \u00e0 la donn\u00e9e (taux de conversion, LTV \/ CAC).  Construire une offre \u201cfrictionless\u201d Retravailler son pricing et sa proposition de valeur pour r\u00e9duire significativement le cycle de vente.   Sortir du \u201cFounder Sales\u201d Passer de l\u2019artisanat \u00e0 un playbook de vente document\u00e9, r\u00e9plicable et scalable par une \u00e9quipe.   En visioconf\u00e9rence \u2014 de 12h00 \u00e0 13h00 \ufe0f Mardi 20 janvier","og_url":"https:\/\/empow-her.com\/produit\/go-to-market-accelerer-sa-croissance\/","og_site_name":"Empow&#039;Her","article_modified_time":"2026-03-30T08:37:12+00:00","og_image":[{"width":1080,"height":1080,"url":"https:\/\/empow-her.com\/wp-content\/uploads\/2025\/10\/Atelier.png","type":"image\/png"}],"twitter_card":"summary_large_image","twitter_misc":{"Tiempo de lectura":"1 minuto"},"schema":{"@context":"https:\/\/schema.org","@graph":[{"@type":"WebPage","@id":"https:\/\/empow-her.com\/produit\/go-to-market-accelerer-sa-croissance\/","url":"https:\/\/empow-her.com\/produit\/go-to-market-accelerer-sa-croissance\/","name":"Go-to-market : acc\u00e9l\u00e9rer sa croissance - Empow&#039;Her","isPartOf":{"@id":"https:\/\/empow-her.com\/#website"},"primaryImageOfPage":{"@id":"https:\/\/empow-her.com\/produit\/go-to-market-accelerer-sa-croissance\/#primaryimage"},"image":{"@id":"https:\/\/empow-her.com\/produit\/go-to-market-accelerer-sa-croissance\/#primaryimage"},"thumbnailUrl":"https:\/\/empow-her.com\/wp-content\/uploads\/2025\/10\/Atelier.png","datePublished":"2026-01-20T11:00:00+00:00","dateModified":"2026-03-30T08:37:12+00:00","breadcrumb":{"@id":"https:\/\/empow-her.com\/produit\/go-to-market-accelerer-sa-croissance\/#breadcrumb"},"inLanguage":"es","potentialAction":[{"@type":"ReadAction","target":["https:\/\/empow-her.com\/produit\/go-to-market-accelerer-sa-croissance\/"]}]},{"@type":"ImageObject","inLanguage":"es","@id":"https:\/\/empow-her.com\/produit\/go-to-market-accelerer-sa-croissance\/#primaryimage","url":"https:\/\/empow-her.com\/wp-content\/uploads\/2025\/10\/Atelier.png","contentUrl":"https:\/\/empow-her.com\/wp-content\/uploads\/2025\/10\/Atelier.png","width":1080,"height":1080},{"@type":"BreadcrumbList","@id":"https:\/\/empow-her.com\/produit\/go-to-market-accelerer-sa-croissance\/#breadcrumb","itemListElement":[{"@type":"ListItem","position":1,"name":"Accueil","item":"https:\/\/empow-her.com\/es\/inicio\/"},{"@type":"ListItem","position":2,"name":"LA BOUTIQUE","item":"https:\/\/empow-her.com\/boutique\/"},{"@type":"ListItem","position":3,"name":"Go-to-market : acc\u00e9l\u00e9rer sa croissance"}]},{"@type":"WebSite","@id":"https:\/\/empow-her.com\/#website","url":"https:\/\/empow-her.com\/","name":"Empow&#039;Her","description":"Women Development","potentialAction":[{"@type":"SearchAction","target":{"@type":"EntryPoint","urlTemplate":"https:\/\/empow-her.com\/?s={search_term_string}"},"query-input":{"@type":"PropertyValueSpecification","valueRequired":true,"valueName":"search_term_string"}}],"inLanguage":"es"}]}},"_links":{"self":[{"href":"https:\/\/empow-her.com\/es\/wp-json\/wp\/v2\/product\/271140","targetHints":{"allow":["GET"]}}],"collection":[{"href":"https:\/\/empow-her.com\/es\/wp-json\/wp\/v2\/product"}],"about":[{"href":"https:\/\/empow-her.com\/es\/wp-json\/wp\/v2\/types\/product"}],"wp:featuredmedia":[{"embeddable":true,"href":"https:\/\/empow-her.com\/es\/wp-json\/wp\/v2\/media\/269994"}],"wp:attachment":[{"href":"https:\/\/empow-her.com\/es\/wp-json\/wp\/v2\/media?parent=271140"}],"wp:term":[{"taxonomy":"product_brand","embeddable":true,"href":"https:\/\/empow-her.com\/es\/wp-json\/wp\/v2\/product_brand?post=271140"},{"taxonomy":"product_cat","embeddable":true,"href":"https:\/\/empow-her.com\/es\/wp-json\/wp\/v2\/product_cat?post=271140"},{"taxonomy":"product_tag","embeddable":true,"href":"https:\/\/empow-her.com\/es\/wp-json\/wp\/v2\/product_tag?post=271140"},{"taxonomy":"lieu","embeddable":true,"href":"https:\/\/empow-her.com\/es\/wp-json\/wp\/v2\/lieu?post=271140"},{"taxonomy":"thematiques","embeddable":true,"href":"https:\/\/empow-her.com\/es\/wp-json\/wp\/v2\/thematiques?post=271140"}],"curies":[{"name":"wp","href":"https:\/\/api.w.org\/{rel}","templated":true}]}}