{"id":271002,"date":"2026-02-05T13:30:00","date_gmt":"2026-02-05T12:30:00","guid":{"rendered":"https:\/\/empow-her.com\/?post_type=product&#038;p=271002"},"modified":"2026-03-30T10:38:11","modified_gmt":"2026-03-30T08:38:11","slug":"retrouver-motivation-et-clarte-pour-avancer-dans-son-projet","status":"publish","type":"product","link":"https:\/\/empow-her.com\/es\/produit\/retrouver-motivation-et-clarte-pour-avancer-dans-son-projet\/","title":{"rendered":"Retrouver motivation et clart\u00e9 pour avancer dans son projet"},"content":{"rendered":"<p>\u00a0\u00a0<\/p>\n<h3>Atelier \u2013 Retrouver motivation et clart\u00e9 pour avancer dans son projet<\/h3>\n<p>\u00a0\u00a0<\/p>\n<p>\n\u00a0\u00a0\u00a0\u00a0Retrouvez motivation, clart\u00e9 et \u00e9nergie pour avancer dans votre projet entrepreneurial \u2014 sans pression, sans culpabilit\u00e9,\u00a0<br \/>\n\u00a0\u00a0\u00a0\u00a0juste avec une meilleure compr\u00e9hension de votre fonctionnement r\u00e9el.<br \/>\n\u00a0\u00a0<\/p>\n<p>\u00a0\u00a0<\/p>\n<p>\n\u00a0\u00a0\u00a0\u00a0Cet atelier vous fait d\u00e9couvrir <strong>SINAP<\/strong>, une m\u00e9thode issue des sciences cognitives pour comprendre comment vous fonctionnez\u2026\u00a0<br \/>\n\u00a0\u00a0\u00a0\u00a0et activer ce qui vous aide vraiment \u00e0 avancer.<br \/>\n\u00a0\u00a0<\/p>\n<p>\u00a0\u00a0<\/p>\n<h4>Focus de l\u2019atelier :<\/h4>\n<p>\u00a0\u00a0<\/p>\n<ul>\n\u00a0\u00a0\u00a0\u00a0<\/p>\n<li><strong>Motivation \u00e0 long terme<\/strong> : comment l\u2019activer, la restaurer et la stabiliser.<\/li>\n<p>\u00a0\u00a0\u00a0\u00a0<\/p>\n<li><strong>Posture apprenante<\/strong> : d\u00e9velopper votre pouvoir d\u2019apprentissage, progresser r\u00e9guli\u00e8rement sans vous juger,\u00a0<br \/>\n\u00a0\u00a0\u00a0\u00a0et am\u00e9liorer votre rapport au changement et \u00e0 l\u2019incertitude.<\/li>\n<p>\u00a0\u00a0<\/ul>\n<p>\u00a0\u00a0<\/p>\n<h4>Ce que vous allez vivre :<\/h4>\n<p>\u00a0\u00a0<\/p>\n<ul>\n\u00a0\u00a0\u00a0\u00a0<\/p>\n<li>D\u00e9couvrir les 5 leviers SINAP de la performance durable.<\/li>\n<p>\u00a0\u00a0\u00a0\u00a0<\/p>\n<li>Comprendre pourquoi certaines m\u00e9thodes \u00ab ne marchent pas \u00bb pour vous.<\/li>\n<p>\u00a0\u00a0\u00a0\u00a0<\/p>\n<li>Activer un levier motivationnel cl\u00e9.<\/li>\n<p>\u00a0\u00a0\u00a0\u00a0<\/p>\n<li>Apprendre \u00e0 adopter une posture apprenante qui r\u00e9duit la pression et renforce la r\u00e9silience.<\/li>\n<p>\u00a0\u00a0\u00a0\u00a0<\/p>\n<li>Repartir avec une micro-action puissante \u00e0 appliquer d\u00e8s le lendemain.<\/li>\n<p>\u00a0\u00a0<\/ul>\n<p>\u00a0\u00a0<\/p>\n<p>\n\u00a0\u00a0\u00a0\u00a0Un atelier concret, doux et \u00e9nergisant \u2014 pens\u00e9 pour que vous repartiez plus lucide, plus confiante et plus align\u00e9e.<br \/>\n\u00a0\u00a0<\/p>\n<p>\u00a0\u00a0<\/p>\n<h4>\u00c0 propos de l\u2019intervenante :<\/h4>\n<p>\u00a0\u00a0<\/p>\n<p>\n\u00a0\u00a0\u00a0\u00a0Je suis coach certifi\u00e9e et chercheure en sciences comportementales et cognitives, sp\u00e9cialis\u00e9e dans la motivation,\u00a0<br \/>\n\u00a0\u00a0\u00a0\u00a0la prise de d\u00e9cision et les moments o\u00f9 l\u2019on se sent \u00ab bloqu\u00e9e \u00bb. Mon super-pouvoir ? Mettre de la clart\u00e9 l\u00e0 o\u00f9 tout semble confus.<br \/>\n\u00a0\u00a0<\/p>\n<p>\u00a0\u00a0<\/p>\n<p>\n\u00a0\u00a0\u00a0\u00a0J\u2019aide les entrepreneures, les personnes en transition et les projets d\u2019impact \u00e0 avancer avec plus de douceur, moins de pression,\u00a0<br \/>\n\u00a0\u00a0\u00a0\u00a0et une meilleure compr\u00e9hension de leur fonctionnement r\u00e9el pour les amener vers leur zone d&#8217;excellence.<br \/>\n\u00a0\u00a0<\/p>\n<p>\u00a0\u00a0<\/p>\n<h4>Pour qui ?<\/h4>\n<p>\u00a0\u00a0<\/p>\n<p>Pour toute femme qui souhaite :<\/p>\n<p>\u00a0\u00a0<\/p>\n<ul>\n\u00a0\u00a0\u00a0\u00a0<\/p>\n<li>Retrouver de l\u2019\u00e9lan sur son projet.<\/li>\n<p>\u00a0\u00a0\u00a0\u00a0<\/p>\n<li>Comprendre comment elle fonctionne.<\/li>\n<p>\u00a0\u00a0\u00a0\u00a0<\/p>\n<li>Apprendre plus facilement.<\/li>\n<p>\u00a0\u00a0\u00a0\u00a0<\/p>\n<li>Avancer sans s\u2019\u00e9puiser.<\/li>\n<p>\u00a0\u00a0\u00a0\u00a0<\/p>\n<li>Reprendre confiance dans sa capacit\u00e9 \u00e0 progresser.<\/li>\n<p>\u00a0\u00a0<\/ul>\n<\/div>\n","protected":false},"excerpt":{"rendered":"<p>\u00a0\u00a0<\/p>\n<h3>Atelier \u2013 Retrouver motivation et clart\u00e9 pour avancer dans son projet<\/h3>\n<p>\u00a0\u00a0<\/p>\n<p>\n\u00a0\u00a0\u00a0\u00a0Retrouvez motivation, clart\u00e9 et \u00e9nergie pour avancer dans votre projet entrepreneurial \u2014 sans pression, sans culpabilit\u00e9,\u00a0<br \/>\n\u00a0\u00a0\u00a0\u00a0juste avec une meilleure compr\u00e9hension de votre fonctionnement r\u00e9el.<br \/>\n\u00a0\u00a0<\/p>\n<p>\u00a0\u00a0<\/p>\n<p>\n\u00a0\u00a0\u00a0\u00a0Cet atelier vous fait d\u00e9couvrir <strong>SINAP<\/strong>, une m\u00e9thode issue des sciences cognitives pour comprendre comment vous fonctionnez\u2026\u00a0<br \/>\n\u00a0\u00a0\u00a0\u00a0et activer ce qui vous aide vraiment \u00e0 avancer.<br \/>\n\u00a0\u00a0<\/p>\n<p>\u00a0\u00a0<\/p>\n<h4>Focus de l\u2019atelier :<\/h4>\n<p>\u00a0\u00a0<\/p>\n<ul>\n\u00a0\u00a0\u00a0\u00a0<\/p>\n<li><strong>Motivation \u00e0 long terme<\/strong> : comment l\u2019activer, la restaurer et la stabiliser.<\/li>\n<p>\u00a0\u00a0\u00a0\u00a0<\/p>\n<li><strong>Posture apprenante<\/strong> : d\u00e9velopper votre pouvoir d\u2019apprentissage, progresser r\u00e9guli\u00e8rement sans vous juger,\u00a0<br \/>\n\u00a0\u00a0\u00a0\u00a0et am\u00e9liorer votre rapport au changement et \u00e0 l\u2019incertitude.<\/li>\n<p>\u00a0\u00a0<\/ul>\n<p>\u00a0\u00a0<\/p>\n<h4>Ce que vous allez vivre :<\/h4>\n<p>\u00a0\u00a0<\/p>\n<ul>\n\u00a0\u00a0\u00a0\u00a0<\/p>\n<li>D\u00e9couvrir les 5 leviers SINAP de la performance durable.<\/li>\n<p>\u00a0\u00a0\u00a0\u00a0<\/p>\n<li>Comprendre pourquoi certaines m\u00e9thodes \u00ab ne marchent pas \u00bb pour vous.<\/li>\n<p>\u00a0\u00a0\u00a0\u00a0<\/p>\n<li>Activer un levier motivationnel cl\u00e9.<\/li>\n<p>\u00a0\u00a0\u00a0\u00a0<\/p>\n<li>Apprendre \u00e0 adopter une posture apprenante qui r\u00e9duit la pression et renforce la r\u00e9silience.<\/li>\n<p>\u00a0\u00a0\u00a0\u00a0<\/p>\n<li>Repartir avec une micro-action puissante \u00e0 appliquer d\u00e8s le lendemain.<\/li>\n<p>\u00a0\u00a0<\/ul>\n<p>\u00a0\u00a0<\/p>\n<p>\n\u00a0\u00a0\u00a0\u00a0Un atelier concret, doux et \u00e9nergisant \u2014 pens\u00e9 pour que vous repartiez plus lucide, plus confiante et plus align\u00e9e.<br \/>\n\u00a0\u00a0<\/p>\n<p>\u00a0\u00a0<\/p>\n<h4>\u00c0 propos de l\u2019intervenante :<\/h4>\n<p>\u00a0\u00a0<\/p>\n<p>\n\u00a0\u00a0\u00a0\u00a0Je suis coach certifi\u00e9e et chercheure en sciences comportementales et cognitives, sp\u00e9cialis\u00e9e dans la motivation,\u00a0<br \/>\n\u00a0\u00a0\u00a0\u00a0la prise de d\u00e9cision et les moments o\u00f9 l\u2019on se sent \u00ab bloqu\u00e9e \u00bb. Mon super-pouvoir ? Mettre de la clart\u00e9 l\u00e0 o\u00f9 tout semble confus.<br \/>\n\u00a0\u00a0<\/p>\n<p>\u00a0\u00a0<\/p>\n<p>\n\u00a0\u00a0\u00a0\u00a0J\u2019aide les entrepreneures, les personnes en transition et les projets d\u2019impact \u00e0 avancer avec plus de douceur, moins de pression,\u00a0<br \/>\n\u00a0\u00a0\u00a0\u00a0et une meilleure compr\u00e9hension de leur fonctionnement r\u00e9el pour les amener vers leur zone d&#8217;excellence.<br \/>\n\u00a0\u00a0<\/p>\n<p>\u00a0\u00a0<\/p>\n<h4>Pour qui ?<\/h4>\n<p>\u00a0\u00a0<\/p>\n<p>Pour toute femme qui souhaite :<\/p>\n<p>\u00a0\u00a0<\/p>\n<ul>\n\u00a0\u00a0\u00a0\u00a0<\/p>\n<li>Retrouver de l\u2019\u00e9lan sur son projet.<\/li>\n<p>\u00a0\u00a0\u00a0\u00a0<\/p>\n<li>Comprendre comment elle fonctionne.<\/li>\n<p>\u00a0\u00a0\u00a0\u00a0<\/p>\n<li>Apprendre plus facilement.<\/li>\n<p>\u00a0\u00a0\u00a0\u00a0<\/p>\n<li>Avancer sans s\u2019\u00e9puiser.<\/li>\n<p>\u00a0\u00a0\u00a0\u00a0<\/p>\n<li>Reprendre confiance dans sa capacit\u00e9 \u00e0 progresser.<\/li>\n<p>\u00a0\u00a0<\/ul>\n<\/div>\n","protected":false},"featured_media":269994,"template":"","format":"standard","meta":{"_acf_changed":false,"om_disable_all_campaigns":false,"_uf_show_specific_survey":0,"_uf_disable_surveys":false},"product_brand":[],"product_cat":[118],"product_tag":[222],"lieu":[223],"thematiques":[],"class_list":{"0":"post-271002","1":"product","2":"type-product","3":"status-publish","4":"format-standard","5":"has-post-thumbnail","7":"product_cat-atelier-collectif","8":"product_tag-presentiel","9":"lieu-presentiel","11":"first","12":"instock","13":"virtual","14":"purchasable","15":"product-type-appointment"},"exclude_global_add_ons":[],"addons":[],"acf":[],"yoast_head":"<!-- This site is optimized with the Yoast SEO plugin v24.8 - https:\/\/yoast.com\/wordpress\/plugins\/seo\/ -->\n<title>Retrouver motivation et clart\u00e9 pour avancer dans son projet - Empow&#039;Her<\/title>\n<meta name=\"robots\" content=\"index, follow, max-snippet:-1, max-image-preview:large, max-video-preview:-1\" \/>\n<link rel=\"canonical\" href=\"https:\/\/empow-her.com\/produit\/retrouver-motivation-et-clarte-pour-avancer-dans-son-projet\/\" \/>\n<meta property=\"og:locale\" content=\"es_ES\" \/>\n<meta property=\"og:type\" content=\"article\" \/>\n<meta property=\"og:title\" content=\"Retrouver motivation et clart\u00e9 pour avancer dans son projet - Empow&#039;Her\" \/>\n<meta property=\"og:description\" content=\"\u00a0\u00a0Atelier \u2013 Retrouver motivation et clart\u00e9 pour avancer dans son projet \u00a0\u00a0 \u00a0\u00a0\u00a0\u00a0Retrouvez motivation, clart\u00e9 et \u00e9nergie pour avancer dans votre projet entrepreneurial \u2014 sans pression, sans culpabilit\u00e9,\u00a0 \u00a0\u00a0\u00a0\u00a0juste avec une meilleure compr\u00e9hension de votre fonctionnement r\u00e9el. \u00a0\u00a0 \u00a0\u00a0 \u00a0\u00a0\u00a0\u00a0Cet atelier vous fait d\u00e9couvrir SINAP, une m\u00e9thode issue des sciences cognitives pour comprendre comment vous fonctionnez\u2026\u00a0 \u00a0\u00a0\u00a0\u00a0et activer ce qui vous aide vraiment \u00e0 avancer. \u00a0\u00a0 \u00a0\u00a0Focus de l\u2019atelier : \u00a0\u00a0 \u00a0\u00a0\u00a0\u00a0Motivation \u00e0 long terme : comment l\u2019activer, la restaurer et la stabiliser. \u00a0\u00a0\u00a0\u00a0Posture apprenante : d\u00e9velopper votre pouvoir d\u2019apprentissage, progresser r\u00e9guli\u00e8rement sans vous juger,\u00a0 \u00a0\u00a0\u00a0\u00a0et am\u00e9liorer votre rapport au changement et \u00e0 l\u2019incertitude. \u00a0\u00a0 \u00a0\u00a0Ce que vous allez vivre : \u00a0\u00a0 \u00a0\u00a0\u00a0\u00a0D\u00e9couvrir les 5 leviers SINAP de la performance durable. \u00a0\u00a0\u00a0\u00a0Comprendre pourquoi certaines m\u00e9thodes \u00ab ne marchent pas \u00bb pour vous. \u00a0\u00a0\u00a0\u00a0Activer un levier motivationnel cl\u00e9. \u00a0\u00a0\u00a0\u00a0Apprendre \u00e0 adopter une posture apprenante qui r\u00e9duit la pression et renforce la r\u00e9silience. \u00a0\u00a0\u00a0\u00a0Repartir avec une micro-action puissante \u00e0 appliquer d\u00e8s le lendemain. \u00a0\u00a0 \u00a0\u00a0 \u00a0\u00a0\u00a0\u00a0Un atelier concret, doux et \u00e9nergisant \u2014 pens\u00e9 pour que vous repartiez plus lucide, plus confiante et plus align\u00e9e. \u00a0\u00a0 \u00a0\u00a0\u00c0 propos de l\u2019intervenante : \u00a0\u00a0 \u00a0\u00a0\u00a0\u00a0Je suis coach certifi\u00e9e et chercheure en sciences comportementales et cognitives, sp\u00e9cialis\u00e9e dans la motivation,\u00a0 \u00a0\u00a0\u00a0\u00a0la prise de d\u00e9cision et les moments o\u00f9 l\u2019on se sent \u00ab bloqu\u00e9e \u00bb. Mon super-pouvoir ? Mettre de la clart\u00e9 l\u00e0 o\u00f9 tout semble confus. \u00a0\u00a0 \u00a0\u00a0 \u00a0\u00a0\u00a0\u00a0J\u2019aide les entrepreneures, les personnes en transition et les projets d\u2019impact \u00e0 avancer avec plus de douceur, moins de pression,\u00a0 \u00a0\u00a0\u00a0\u00a0et une meilleure compr\u00e9hension de leur fonctionnement r\u00e9el pour les amener vers leur zone d&#039;excellence. \u00a0\u00a0 \u00a0\u00a0Pour qui ? \u00a0\u00a0Pour toute femme qui souhaite : \u00a0\u00a0 \u00a0\u00a0\u00a0\u00a0Retrouver de l\u2019\u00e9lan sur son projet. \u00a0\u00a0\u00a0\u00a0Comprendre comment elle fonctionne. \u00a0\u00a0\u00a0\u00a0Apprendre plus facilement. \u00a0\u00a0\u00a0\u00a0Avancer sans s\u2019\u00e9puiser. \u00a0\u00a0\u00a0\u00a0Reprendre confiance dans sa capacit\u00e9 \u00e0 progresser. \u00a0\u00a0\" \/>\n<meta property=\"og:url\" content=\"https:\/\/empow-her.com\/produit\/retrouver-motivation-et-clarte-pour-avancer-dans-son-projet\/\" \/>\n<meta property=\"og:site_name\" content=\"Empow&#039;Her\" \/>\n<meta property=\"article:modified_time\" content=\"2026-03-30T08:38:11+00:00\" \/>\n<meta property=\"og:image\" content=\"https:\/\/empow-her.com\/wp-content\/uploads\/2025\/10\/Atelier.png\" \/>\n\t<meta property=\"og:image:width\" content=\"1080\" \/>\n\t<meta property=\"og:image:height\" content=\"1080\" \/>\n\t<meta property=\"og:image:type\" content=\"image\/png\" \/>\n<meta name=\"twitter:card\" content=\"summary_large_image\" \/>\n<meta name=\"twitter:label1\" content=\"Tiempo de lectura\" \/>\n\t<meta name=\"twitter:data1\" content=\"1 minuto\" \/>\n<script type=\"application\/ld+json\" class=\"yoast-schema-graph\">{\"@context\":\"https:\/\/schema.org\",\"@graph\":[{\"@type\":\"WebPage\",\"@id\":\"https:\/\/empow-her.com\/produit\/retrouver-motivation-et-clarte-pour-avancer-dans-son-projet\/\",\"url\":\"https:\/\/empow-her.com\/produit\/retrouver-motivation-et-clarte-pour-avancer-dans-son-projet\/\",\"name\":\"Retrouver motivation et clart\u00e9 pour avancer dans son projet - Empow&#039;Her\",\"isPartOf\":{\"@id\":\"https:\/\/empow-her.com\/#website\"},\"primaryImageOfPage\":{\"@id\":\"https:\/\/empow-her.com\/produit\/retrouver-motivation-et-clarte-pour-avancer-dans-son-projet\/#primaryimage\"},\"image\":{\"@id\":\"https:\/\/empow-her.com\/produit\/retrouver-motivation-et-clarte-pour-avancer-dans-son-projet\/#primaryimage\"},\"thumbnailUrl\":\"https:\/\/empow-her.com\/wp-content\/uploads\/2025\/10\/Atelier.png\",\"datePublished\":\"2026-02-05T12:30:00+00:00\",\"dateModified\":\"2026-03-30T08:38:11+00:00\",\"breadcrumb\":{\"@id\":\"https:\/\/empow-her.com\/produit\/retrouver-motivation-et-clarte-pour-avancer-dans-son-projet\/#breadcrumb\"},\"inLanguage\":\"es\",\"potentialAction\":[{\"@type\":\"ReadAction\",\"target\":[\"https:\/\/empow-her.com\/produit\/retrouver-motivation-et-clarte-pour-avancer-dans-son-projet\/\"]}]},{\"@type\":\"ImageObject\",\"inLanguage\":\"es\",\"@id\":\"https:\/\/empow-her.com\/produit\/retrouver-motivation-et-clarte-pour-avancer-dans-son-projet\/#primaryimage\",\"url\":\"https:\/\/empow-her.com\/wp-content\/uploads\/2025\/10\/Atelier.png\",\"contentUrl\":\"https:\/\/empow-her.com\/wp-content\/uploads\/2025\/10\/Atelier.png\",\"width\":1080,\"height\":1080},{\"@type\":\"BreadcrumbList\",\"@id\":\"https:\/\/empow-her.com\/produit\/retrouver-motivation-et-clarte-pour-avancer-dans-son-projet\/#breadcrumb\",\"itemListElement\":[{\"@type\":\"ListItem\",\"position\":1,\"name\":\"Accueil\",\"item\":\"https:\/\/empow-her.com\/es\/inicio\/\"},{\"@type\":\"ListItem\",\"position\":2,\"name\":\"LA BOUTIQUE\",\"item\":\"https:\/\/empow-her.com\/boutique\/\"},{\"@type\":\"ListItem\",\"position\":3,\"name\":\"Retrouver motivation et clart\u00e9 pour avancer dans son projet\"}]},{\"@type\":\"WebSite\",\"@id\":\"https:\/\/empow-her.com\/#website\",\"url\":\"https:\/\/empow-her.com\/\",\"name\":\"Empow&#039;Her\",\"description\":\"Women Development\",\"potentialAction\":[{\"@type\":\"SearchAction\",\"target\":{\"@type\":\"EntryPoint\",\"urlTemplate\":\"https:\/\/empow-her.com\/?s={search_term_string}\"},\"query-input\":{\"@type\":\"PropertyValueSpecification\",\"valueRequired\":true,\"valueName\":\"search_term_string\"}}],\"inLanguage\":\"es\"}]}<\/script>\n<!-- \/ Yoast SEO plugin. -->","yoast_head_json":{"title":"Retrouver motivation et clart\u00e9 pour avancer dans son projet - Empow&#039;Her","robots":{"index":"index","follow":"follow","max-snippet":"max-snippet:-1","max-image-preview":"max-image-preview:large","max-video-preview":"max-video-preview:-1"},"canonical":"https:\/\/empow-her.com\/produit\/retrouver-motivation-et-clarte-pour-avancer-dans-son-projet\/","og_locale":"es_ES","og_type":"article","og_title":"Retrouver motivation et clart\u00e9 pour avancer dans son projet - Empow&#039;Her","og_description":"\u00a0\u00a0Atelier \u2013 Retrouver motivation et clart\u00e9 pour avancer dans son projet \u00a0\u00a0 \u00a0\u00a0\u00a0\u00a0Retrouvez motivation, clart\u00e9 et \u00e9nergie pour avancer dans votre projet entrepreneurial \u2014 sans pression, sans culpabilit\u00e9,\u00a0 \u00a0\u00a0\u00a0\u00a0juste avec une meilleure compr\u00e9hension de votre fonctionnement r\u00e9el. \u00a0\u00a0 \u00a0\u00a0 \u00a0\u00a0\u00a0\u00a0Cet atelier vous fait d\u00e9couvrir SINAP, une m\u00e9thode issue des sciences cognitives pour comprendre comment vous fonctionnez\u2026\u00a0 \u00a0\u00a0\u00a0\u00a0et activer ce qui vous aide vraiment \u00e0 avancer. \u00a0\u00a0 \u00a0\u00a0Focus de l\u2019atelier : \u00a0\u00a0 \u00a0\u00a0\u00a0\u00a0Motivation \u00e0 long terme : comment l\u2019activer, la restaurer et la stabiliser. \u00a0\u00a0\u00a0\u00a0Posture apprenante : d\u00e9velopper votre pouvoir d\u2019apprentissage, progresser r\u00e9guli\u00e8rement sans vous juger,\u00a0 \u00a0\u00a0\u00a0\u00a0et am\u00e9liorer votre rapport au changement et \u00e0 l\u2019incertitude. \u00a0\u00a0 \u00a0\u00a0Ce que vous allez vivre : \u00a0\u00a0 \u00a0\u00a0\u00a0\u00a0D\u00e9couvrir les 5 leviers SINAP de la performance durable. \u00a0\u00a0\u00a0\u00a0Comprendre pourquoi certaines m\u00e9thodes \u00ab ne marchent pas \u00bb pour vous. \u00a0\u00a0\u00a0\u00a0Activer un levier motivationnel cl\u00e9. \u00a0\u00a0\u00a0\u00a0Apprendre \u00e0 adopter une posture apprenante qui r\u00e9duit la pression et renforce la r\u00e9silience. \u00a0\u00a0\u00a0\u00a0Repartir avec une micro-action puissante \u00e0 appliquer d\u00e8s le lendemain. \u00a0\u00a0 \u00a0\u00a0 \u00a0\u00a0\u00a0\u00a0Un atelier concret, doux et \u00e9nergisant \u2014 pens\u00e9 pour que vous repartiez plus lucide, plus confiante et plus align\u00e9e. \u00a0\u00a0 \u00a0\u00a0\u00c0 propos de l\u2019intervenante : \u00a0\u00a0 \u00a0\u00a0\u00a0\u00a0Je suis coach certifi\u00e9e et chercheure en sciences comportementales et cognitives, sp\u00e9cialis\u00e9e dans la motivation,\u00a0 \u00a0\u00a0\u00a0\u00a0la prise de d\u00e9cision et les moments o\u00f9 l\u2019on se sent \u00ab bloqu\u00e9e \u00bb. Mon super-pouvoir ? Mettre de la clart\u00e9 l\u00e0 o\u00f9 tout semble confus. \u00a0\u00a0 \u00a0\u00a0 \u00a0\u00a0\u00a0\u00a0J\u2019aide les entrepreneures, les personnes en transition et les projets d\u2019impact \u00e0 avancer avec plus de douceur, moins de pression,\u00a0 \u00a0\u00a0\u00a0\u00a0et une meilleure compr\u00e9hension de leur fonctionnement r\u00e9el pour les amener vers leur zone d'excellence. \u00a0\u00a0 \u00a0\u00a0Pour qui ? \u00a0\u00a0Pour toute femme qui souhaite : \u00a0\u00a0 \u00a0\u00a0\u00a0\u00a0Retrouver de l\u2019\u00e9lan sur son projet. \u00a0\u00a0\u00a0\u00a0Comprendre comment elle fonctionne. \u00a0\u00a0\u00a0\u00a0Apprendre plus facilement. \u00a0\u00a0\u00a0\u00a0Avancer sans s\u2019\u00e9puiser. \u00a0\u00a0\u00a0\u00a0Reprendre confiance dans sa capacit\u00e9 \u00e0 progresser. \u00a0\u00a0","og_url":"https:\/\/empow-her.com\/produit\/retrouver-motivation-et-clarte-pour-avancer-dans-son-projet\/","og_site_name":"Empow&#039;Her","article_modified_time":"2026-03-30T08:38:11+00:00","og_image":[{"width":1080,"height":1080,"url":"https:\/\/empow-her.com\/wp-content\/uploads\/2025\/10\/Atelier.png","type":"image\/png"}],"twitter_card":"summary_large_image","twitter_misc":{"Tiempo de lectura":"1 minuto"},"schema":{"@context":"https:\/\/schema.org","@graph":[{"@type":"WebPage","@id":"https:\/\/empow-her.com\/produit\/retrouver-motivation-et-clarte-pour-avancer-dans-son-projet\/","url":"https:\/\/empow-her.com\/produit\/retrouver-motivation-et-clarte-pour-avancer-dans-son-projet\/","name":"Retrouver motivation et clart\u00e9 pour avancer dans son projet - Empow&#039;Her","isPartOf":{"@id":"https:\/\/empow-her.com\/#website"},"primaryImageOfPage":{"@id":"https:\/\/empow-her.com\/produit\/retrouver-motivation-et-clarte-pour-avancer-dans-son-projet\/#primaryimage"},"image":{"@id":"https:\/\/empow-her.com\/produit\/retrouver-motivation-et-clarte-pour-avancer-dans-son-projet\/#primaryimage"},"thumbnailUrl":"https:\/\/empow-her.com\/wp-content\/uploads\/2025\/10\/Atelier.png","datePublished":"2026-02-05T12:30:00+00:00","dateModified":"2026-03-30T08:38:11+00:00","breadcrumb":{"@id":"https:\/\/empow-her.com\/produit\/retrouver-motivation-et-clarte-pour-avancer-dans-son-projet\/#breadcrumb"},"inLanguage":"es","potentialAction":[{"@type":"ReadAction","target":["https:\/\/empow-her.com\/produit\/retrouver-motivation-et-clarte-pour-avancer-dans-son-projet\/"]}]},{"@type":"ImageObject","inLanguage":"es","@id":"https:\/\/empow-her.com\/produit\/retrouver-motivation-et-clarte-pour-avancer-dans-son-projet\/#primaryimage","url":"https:\/\/empow-her.com\/wp-content\/uploads\/2025\/10\/Atelier.png","contentUrl":"https:\/\/empow-her.com\/wp-content\/uploads\/2025\/10\/Atelier.png","width":1080,"height":1080},{"@type":"BreadcrumbList","@id":"https:\/\/empow-her.com\/produit\/retrouver-motivation-et-clarte-pour-avancer-dans-son-projet\/#breadcrumb","itemListElement":[{"@type":"ListItem","position":1,"name":"Accueil","item":"https:\/\/empow-her.com\/es\/inicio\/"},{"@type":"ListItem","position":2,"name":"LA BOUTIQUE","item":"https:\/\/empow-her.com\/boutique\/"},{"@type":"ListItem","position":3,"name":"Retrouver motivation et clart\u00e9 pour avancer dans son projet"}]},{"@type":"WebSite","@id":"https:\/\/empow-her.com\/#website","url":"https:\/\/empow-her.com\/","name":"Empow&#039;Her","description":"Women Development","potentialAction":[{"@type":"SearchAction","target":{"@type":"EntryPoint","urlTemplate":"https:\/\/empow-her.com\/?s={search_term_string}"},"query-input":{"@type":"PropertyValueSpecification","valueRequired":true,"valueName":"search_term_string"}}],"inLanguage":"es"}]}},"_links":{"self":[{"href":"https:\/\/empow-her.com\/es\/wp-json\/wp\/v2\/product\/271002","targetHints":{"allow":["GET"]}}],"collection":[{"href":"https:\/\/empow-her.com\/es\/wp-json\/wp\/v2\/product"}],"about":[{"href":"https:\/\/empow-her.com\/es\/wp-json\/wp\/v2\/types\/product"}],"wp:featuredmedia":[{"embeddable":true,"href":"https:\/\/empow-her.com\/es\/wp-json\/wp\/v2\/media\/269994"}],"wp:attachment":[{"href":"https:\/\/empow-her.com\/es\/wp-json\/wp\/v2\/media?parent=271002"}],"wp:term":[{"taxonomy":"product_brand","embeddable":true,"href":"https:\/\/empow-her.com\/es\/wp-json\/wp\/v2\/product_brand?post=271002"},{"taxonomy":"product_cat","embeddable":true,"href":"https:\/\/empow-her.com\/es\/wp-json\/wp\/v2\/product_cat?post=271002"},{"taxonomy":"product_tag","embeddable":true,"href":"https:\/\/empow-her.com\/es\/wp-json\/wp\/v2\/product_tag?post=271002"},{"taxonomy":"lieu","embeddable":true,"href":"https:\/\/empow-her.com\/es\/wp-json\/wp\/v2\/lieu?post=271002"},{"taxonomy":"thematiques","embeddable":true,"href":"https:\/\/empow-her.com\/es\/wp-json\/wp\/v2\/thematiques?post=271002"}],"curies":[{"name":"wp","href":"https:\/\/api.w.org\/{rel}","templated":true}]}}