{"id":270995,"date":"2026-02-04T10:00:00","date_gmt":"2026-02-04T09:00:00","guid":{"rendered":"https:\/\/empow-her.com\/?post_type=product&#038;p=270995"},"modified":"2026-03-30T10:37:34","modified_gmt":"2026-03-30T08:37:34","slug":"consultation-individuelle-inpi-comprendre-et-proteger-vos-innovations-3","status":"publish","type":"product","link":"https:\/\/empow-her.com\/es\/produit\/consultation-individuelle-inpi-comprendre-et-proteger-vos-innovations-3\/","title":{"rendered":"Consultation individuelle INPI \u2013 Comprendre et prot\u00e9ger vos innovations"},"content":{"rendered":"<p>\u00a0\u00a0<\/p>\n<h3>1h de permanence INPI \u2013 Comprendre et prot\u00e9ger vos innovations<\/h3>\n<p>\u00a0\u00a0<\/p>\n<p>\n\u00a0\u00a0\u00a0\u00a0L\u2019Institut National de la Propri\u00e9t\u00e9 Industrielle (INPI) accompagne les entrepreneures et porteurs de projets dans la protection de leurs cr\u00e9ations, innovations et marques.\u00a0<br \/>\n\u00a0\u00a0\u00a0\u00a0Cette permanence vous permettra de b\u00e9n\u00e9ficier de conseils d\u2019experts pour mieux comprendre vos droits, s\u00e9curiser vos projets et exploiter pleinement les outils de l\u2019INPI.<br \/>\n\u00a0\u00a0<\/p>\n<p>\u00a0\u00a0<\/p>\n<p><strong>Ce que nous pouvons aborder :<\/strong><\/p>\n<p>\u00a0\u00a0<\/p>\n<ul>\n\u00a0\u00a0\u00a0\u00a0<\/p>\n<li><strong>Identifier les diff\u00e9rents types de propri\u00e9t\u00e9 intellectuelle :<\/strong>\u00a0<br \/>\n\u00a0\u00a0\u00a0\u00a0\u00a0\u00a0comprendre la distinction entre marques, brevets, dessins et mod\u00e8les, et droits d\u2019auteur, et savoir quels outils mobiliser pour prot\u00e9ger vos cr\u00e9ations.<br \/>\n\u00a0\u00a0\u00a0\u00a0<\/li>\n<p>\u00a0\u00a0\u00a0\u00a0<\/p>\n<li><strong>Les d\u00e9marches de d\u00e9p\u00f4t et de protection :<\/strong> d\u00e9couvrir comment d\u00e9poser une marque, un brevet ou un design aupr\u00e8s de l\u2019INPI et les \u00e9tapes cl\u00e9s pour s\u00e9curiser vos innovations.<br \/>\n\u00a0\u00a0\u00a0\u00a0<\/li>\n<p>\u00a0\u00a0\u00a0\u00a0<\/p>\n<li><strong>Exploiter les ressources et services de l\u2019INPI :<\/strong> comprendre comment utiliser les bases de donn\u00e9es, outils de veille et services d\u2019accompagnement pour valoriser vos cr\u00e9ations.<br \/>\n\u00a0\u00a0\u00a0\u00a0<\/li>\n<p>\u00a0\u00a0\u00a0\u00a0<\/p>\n<li><strong>Anticiper les risques et \u00e9viter les litiges :<\/strong> rep\u00e9rer les droits des tiers, les risques d\u2019utilisation non autoris\u00e9e et savoir comment s\u00e9curiser vos projets dans le temps.<br \/>\n\u00a0\u00a0\u00a0\u00a0<\/li>\n<p>\u00a0\u00a0<\/ul>\n<p>\u00a0\u00a0<\/p>\n<p>\n\u00a0\u00a0\u00a0\u00a0Une heure pour repartir avec une compr\u00e9hension claire des protections possibles, des d\u00e9marches \u00e0 entreprendre et des conseils pratiques pour s\u00e9curiser et valoriser vos innovations gr\u00e2ce \u00e0 l\u2019INPI.<br \/>\n\u00a0\u00a0<\/p>\n<\/div>\n","protected":false},"excerpt":{"rendered":"<p>\u00a0\u00a0<\/p>\n<h3>1h de permanence INPI \u2013 Comprendre et prot\u00e9ger vos innovations<\/h3>\n<p>\u00a0\u00a0<\/p>\n<p>\n\u00a0\u00a0\u00a0\u00a0L\u2019Institut National de la Propri\u00e9t\u00e9 Industrielle (INPI) accompagne les entrepreneures et porteurs de projets dans la protection de leurs cr\u00e9ations, innovations et marques.\u00a0<br \/>\n\u00a0\u00a0\u00a0\u00a0Cette permanence vous permettra de b\u00e9n\u00e9ficier de conseils d\u2019experts pour mieux comprendre vos droits, s\u00e9curiser vos projets et exploiter pleinement les outils de l\u2019INPI.<br \/>\n\u00a0\u00a0<\/p>\n<p>\u00a0\u00a0<\/p>\n<p><strong>Ce que nous pouvons aborder :<\/strong><\/p>\n<p>\u00a0\u00a0<\/p>\n<ul>\n\u00a0\u00a0\u00a0\u00a0<\/p>\n<li><strong>Identifier les diff\u00e9rents types de propri\u00e9t\u00e9 intellectuelle :<\/strong>\u00a0<br \/>\n\u00a0\u00a0\u00a0\u00a0\u00a0\u00a0comprendre la distinction entre marques, brevets, dessins et mod\u00e8les, et droits d\u2019auteur, et savoir quels outils mobiliser pour prot\u00e9ger vos cr\u00e9ations.<br \/>\n\u00a0\u00a0\u00a0\u00a0<\/li>\n<p>\u00a0\u00a0\u00a0\u00a0<\/p>\n<li><strong>Les d\u00e9marches de d\u00e9p\u00f4t et de protection :<\/strong> d\u00e9couvrir comment d\u00e9poser une marque, un brevet ou un design aupr\u00e8s de l\u2019INPI et les \u00e9tapes cl\u00e9s pour s\u00e9curiser vos innovations.<br \/>\n\u00a0\u00a0\u00a0\u00a0<\/li>\n<p>\u00a0\u00a0\u00a0\u00a0<\/p>\n<li><strong>Exploiter les ressources et services de l\u2019INPI :<\/strong> comprendre comment utiliser les bases de donn\u00e9es, outils de veille et services d\u2019accompagnement pour valoriser vos cr\u00e9ations.<br \/>\n\u00a0\u00a0\u00a0\u00a0<\/li>\n<p>\u00a0\u00a0\u00a0\u00a0<\/p>\n<li><strong>Anticiper les risques et \u00e9viter les litiges :<\/strong> rep\u00e9rer les droits des tiers, les risques d\u2019utilisation non autoris\u00e9e et savoir comment s\u00e9curiser vos projets dans le temps.<br \/>\n\u00a0\u00a0\u00a0\u00a0<\/li>\n<p>\u00a0\u00a0<\/ul>\n<p>\u00a0\u00a0<\/p>\n<p>\n\u00a0\u00a0\u00a0\u00a0Une heure pour repartir avec une compr\u00e9hension claire des protections possibles, des d\u00e9marches \u00e0 entreprendre et des conseils pratiques pour s\u00e9curiser et valoriser vos innovations gr\u00e2ce \u00e0 l\u2019INPI.<br \/>\n\u00a0\u00a0<\/p>\n<\/div>\n","protected":false},"featured_media":270000,"template":"","format":"standard","meta":{"_acf_changed":false,"om_disable_all_campaigns":false,"_uf_show_specific_survey":0,"_uf_disable_surveys":false},"product_brand":[],"product_cat":[121],"product_tag":[143],"lieu":[125],"thematiques":[],"class_list":{"0":"post-270995","1":"product","2":"type-product","3":"status-publish","4":"format-standard","5":"has-post-thumbnail","7":"product_cat-coaching","8":"product_tag-en-ligne","9":"lieu-en-ligne","11":"first","12":"instock","13":"virtual","14":"purchasable","15":"product-type-appointment"},"exclude_global_add_ons":[],"addons":[],"acf":[],"yoast_head":"<!-- This site is optimized with the Yoast SEO plugin v24.8 - https:\/\/yoast.com\/wordpress\/plugins\/seo\/ -->\n<title>Consultation individuelle INPI \u2013 Comprendre et prot\u00e9ger vos innovations - Empow&#039;Her<\/title>\n<meta name=\"robots\" content=\"index, follow, max-snippet:-1, max-image-preview:large, max-video-preview:-1\" \/>\n<link rel=\"canonical\" href=\"https:\/\/empow-her.com\/produit\/consultation-individuelle-inpi-comprendre-et-proteger-vos-innovations-3\/\" \/>\n<meta property=\"og:locale\" content=\"es_ES\" \/>\n<meta property=\"og:type\" content=\"article\" \/>\n<meta property=\"og:title\" content=\"Consultation individuelle INPI \u2013 Comprendre et prot\u00e9ger vos innovations - Empow&#039;Her\" \/>\n<meta property=\"og:description\" content=\"\u00a0\u00a01h de permanence INPI \u2013 Comprendre et prot\u00e9ger vos innovations \u00a0\u00a0 \u00a0\u00a0\u00a0\u00a0L\u2019Institut National de la Propri\u00e9t\u00e9 Industrielle (INPI) accompagne les entrepreneures et porteurs de projets dans la protection de leurs cr\u00e9ations, innovations et marques.\u00a0 \u00a0\u00a0\u00a0\u00a0Cette permanence vous permettra de b\u00e9n\u00e9ficier de conseils d\u2019experts pour mieux comprendre vos droits, s\u00e9curiser vos projets et exploiter pleinement les outils de l\u2019INPI. \u00a0\u00a0 \u00a0\u00a0Ce que nous pouvons aborder : \u00a0\u00a0 \u00a0\u00a0\u00a0\u00a0Identifier les diff\u00e9rents types de propri\u00e9t\u00e9 intellectuelle :\u00a0 \u00a0\u00a0\u00a0\u00a0\u00a0\u00a0comprendre la distinction entre marques, brevets, dessins et mod\u00e8les, et droits d\u2019auteur, et savoir quels outils mobiliser pour prot\u00e9ger vos cr\u00e9ations. \u00a0\u00a0\u00a0\u00a0 \u00a0\u00a0\u00a0\u00a0Les d\u00e9marches de d\u00e9p\u00f4t et de protection : d\u00e9couvrir comment d\u00e9poser une marque, un brevet ou un design aupr\u00e8s de l\u2019INPI et les \u00e9tapes cl\u00e9s pour s\u00e9curiser vos innovations. \u00a0\u00a0\u00a0\u00a0 \u00a0\u00a0\u00a0\u00a0Exploiter les ressources et services de l\u2019INPI : comprendre comment utiliser les bases de donn\u00e9es, outils de veille et services d\u2019accompagnement pour valoriser vos cr\u00e9ations. \u00a0\u00a0\u00a0\u00a0 \u00a0\u00a0\u00a0\u00a0Anticiper les risques et \u00e9viter les litiges : rep\u00e9rer les droits des tiers, les risques d\u2019utilisation non autoris\u00e9e et savoir comment s\u00e9curiser vos projets dans le temps. \u00a0\u00a0\u00a0\u00a0 \u00a0\u00a0 \u00a0\u00a0 \u00a0\u00a0\u00a0\u00a0Une heure pour repartir avec une compr\u00e9hension claire des protections possibles, des d\u00e9marches \u00e0 entreprendre et des conseils pratiques pour s\u00e9curiser et valoriser vos innovations gr\u00e2ce \u00e0 l\u2019INPI. \u00a0\u00a0\" \/>\n<meta property=\"og:url\" content=\"https:\/\/empow-her.com\/produit\/consultation-individuelle-inpi-comprendre-et-proteger-vos-innovations-3\/\" \/>\n<meta property=\"og:site_name\" content=\"Empow&#039;Her\" \/>\n<meta property=\"article:modified_time\" content=\"2026-03-30T08:37:34+00:00\" \/>\n<meta property=\"og:image\" content=\"https:\/\/empow-her.com\/wp-content\/uploads\/2025\/10\/Coaching.png\" \/>\n\t<meta property=\"og:image:width\" content=\"1080\" \/>\n\t<meta property=\"og:image:height\" content=\"1080\" \/>\n\t<meta property=\"og:image:type\" content=\"image\/png\" \/>\n<meta name=\"twitter:card\" content=\"summary_large_image\" \/>\n<meta name=\"twitter:label1\" content=\"Tiempo de lectura\" \/>\n\t<meta name=\"twitter:data1\" content=\"1 minuto\" \/>\n<script type=\"application\/ld+json\" class=\"yoast-schema-graph\">{\"@context\":\"https:\/\/schema.org\",\"@graph\":[{\"@type\":\"WebPage\",\"@id\":\"https:\/\/empow-her.com\/produit\/consultation-individuelle-inpi-comprendre-et-proteger-vos-innovations-3\/\",\"url\":\"https:\/\/empow-her.com\/produit\/consultation-individuelle-inpi-comprendre-et-proteger-vos-innovations-3\/\",\"name\":\"Consultation individuelle INPI \u2013 Comprendre et prot\u00e9ger vos innovations - Empow&#039;Her\",\"isPartOf\":{\"@id\":\"https:\/\/empow-her.com\/#website\"},\"primaryImageOfPage\":{\"@id\":\"https:\/\/empow-her.com\/produit\/consultation-individuelle-inpi-comprendre-et-proteger-vos-innovations-3\/#primaryimage\"},\"image\":{\"@id\":\"https:\/\/empow-her.com\/produit\/consultation-individuelle-inpi-comprendre-et-proteger-vos-innovations-3\/#primaryimage\"},\"thumbnailUrl\":\"https:\/\/empow-her.com\/wp-content\/uploads\/2025\/10\/Coaching.png\",\"datePublished\":\"2026-02-04T09:00:00+00:00\",\"dateModified\":\"2026-03-30T08:37:34+00:00\",\"breadcrumb\":{\"@id\":\"https:\/\/empow-her.com\/produit\/consultation-individuelle-inpi-comprendre-et-proteger-vos-innovations-3\/#breadcrumb\"},\"inLanguage\":\"es\",\"potentialAction\":[{\"@type\":\"ReadAction\",\"target\":[\"https:\/\/empow-her.com\/produit\/consultation-individuelle-inpi-comprendre-et-proteger-vos-innovations-3\/\"]}]},{\"@type\":\"ImageObject\",\"inLanguage\":\"es\",\"@id\":\"https:\/\/empow-her.com\/produit\/consultation-individuelle-inpi-comprendre-et-proteger-vos-innovations-3\/#primaryimage\",\"url\":\"https:\/\/empow-her.com\/wp-content\/uploads\/2025\/10\/Coaching.png\",\"contentUrl\":\"https:\/\/empow-her.com\/wp-content\/uploads\/2025\/10\/Coaching.png\",\"width\":1080,\"height\":1080},{\"@type\":\"BreadcrumbList\",\"@id\":\"https:\/\/empow-her.com\/produit\/consultation-individuelle-inpi-comprendre-et-proteger-vos-innovations-3\/#breadcrumb\",\"itemListElement\":[{\"@type\":\"ListItem\",\"position\":1,\"name\":\"Accueil\",\"item\":\"https:\/\/empow-her.com\/es\/inicio\/\"},{\"@type\":\"ListItem\",\"position\":2,\"name\":\"LA BOUTIQUE\",\"item\":\"https:\/\/empow-her.com\/boutique\/\"},{\"@type\":\"ListItem\",\"position\":3,\"name\":\"Consultation individuelle INPI \u2013 Comprendre et prot\u00e9ger vos innovations\"}]},{\"@type\":\"WebSite\",\"@id\":\"https:\/\/empow-her.com\/#website\",\"url\":\"https:\/\/empow-her.com\/\",\"name\":\"Empow&#039;Her\",\"description\":\"Women Development\",\"potentialAction\":[{\"@type\":\"SearchAction\",\"target\":{\"@type\":\"EntryPoint\",\"urlTemplate\":\"https:\/\/empow-her.com\/?s={search_term_string}\"},\"query-input\":{\"@type\":\"PropertyValueSpecification\",\"valueRequired\":true,\"valueName\":\"search_term_string\"}}],\"inLanguage\":\"es\"}]}<\/script>\n<!-- \/ Yoast SEO plugin. -->","yoast_head_json":{"title":"Consultation individuelle INPI \u2013 Comprendre et prot\u00e9ger vos innovations - Empow&#039;Her","robots":{"index":"index","follow":"follow","max-snippet":"max-snippet:-1","max-image-preview":"max-image-preview:large","max-video-preview":"max-video-preview:-1"},"canonical":"https:\/\/empow-her.com\/produit\/consultation-individuelle-inpi-comprendre-et-proteger-vos-innovations-3\/","og_locale":"es_ES","og_type":"article","og_title":"Consultation individuelle INPI \u2013 Comprendre et prot\u00e9ger vos innovations - Empow&#039;Her","og_description":"\u00a0\u00a01h de permanence INPI \u2013 Comprendre et prot\u00e9ger vos innovations \u00a0\u00a0 \u00a0\u00a0\u00a0\u00a0L\u2019Institut National de la Propri\u00e9t\u00e9 Industrielle (INPI) accompagne les entrepreneures et porteurs de projets dans la protection de leurs cr\u00e9ations, innovations et marques.\u00a0 \u00a0\u00a0\u00a0\u00a0Cette permanence vous permettra de b\u00e9n\u00e9ficier de conseils d\u2019experts pour mieux comprendre vos droits, s\u00e9curiser vos projets et exploiter pleinement les outils de l\u2019INPI. \u00a0\u00a0 \u00a0\u00a0Ce que nous pouvons aborder : \u00a0\u00a0 \u00a0\u00a0\u00a0\u00a0Identifier les diff\u00e9rents types de propri\u00e9t\u00e9 intellectuelle :\u00a0 \u00a0\u00a0\u00a0\u00a0\u00a0\u00a0comprendre la distinction entre marques, brevets, dessins et mod\u00e8les, et droits d\u2019auteur, et savoir quels outils mobiliser pour prot\u00e9ger vos cr\u00e9ations. \u00a0\u00a0\u00a0\u00a0 \u00a0\u00a0\u00a0\u00a0Les d\u00e9marches de d\u00e9p\u00f4t et de protection : d\u00e9couvrir comment d\u00e9poser une marque, un brevet ou un design aupr\u00e8s de l\u2019INPI et les \u00e9tapes cl\u00e9s pour s\u00e9curiser vos innovations. \u00a0\u00a0\u00a0\u00a0 \u00a0\u00a0\u00a0\u00a0Exploiter les ressources et services de l\u2019INPI : comprendre comment utiliser les bases de donn\u00e9es, outils de veille et services d\u2019accompagnement pour valoriser vos cr\u00e9ations. \u00a0\u00a0\u00a0\u00a0 \u00a0\u00a0\u00a0\u00a0Anticiper les risques et \u00e9viter les litiges : rep\u00e9rer les droits des tiers, les risques d\u2019utilisation non autoris\u00e9e et savoir comment s\u00e9curiser vos projets dans le temps. \u00a0\u00a0\u00a0\u00a0 \u00a0\u00a0 \u00a0\u00a0 \u00a0\u00a0\u00a0\u00a0Une heure pour repartir avec une compr\u00e9hension claire des protections possibles, des d\u00e9marches \u00e0 entreprendre et des conseils pratiques pour s\u00e9curiser et valoriser vos innovations gr\u00e2ce \u00e0 l\u2019INPI. \u00a0\u00a0","og_url":"https:\/\/empow-her.com\/produit\/consultation-individuelle-inpi-comprendre-et-proteger-vos-innovations-3\/","og_site_name":"Empow&#039;Her","article_modified_time":"2026-03-30T08:37:34+00:00","og_image":[{"width":1080,"height":1080,"url":"https:\/\/empow-her.com\/wp-content\/uploads\/2025\/10\/Coaching.png","type":"image\/png"}],"twitter_card":"summary_large_image","twitter_misc":{"Tiempo de lectura":"1 minuto"},"schema":{"@context":"https:\/\/schema.org","@graph":[{"@type":"WebPage","@id":"https:\/\/empow-her.com\/produit\/consultation-individuelle-inpi-comprendre-et-proteger-vos-innovations-3\/","url":"https:\/\/empow-her.com\/produit\/consultation-individuelle-inpi-comprendre-et-proteger-vos-innovations-3\/","name":"Consultation individuelle INPI \u2013 Comprendre et prot\u00e9ger vos innovations - Empow&#039;Her","isPartOf":{"@id":"https:\/\/empow-her.com\/#website"},"primaryImageOfPage":{"@id":"https:\/\/empow-her.com\/produit\/consultation-individuelle-inpi-comprendre-et-proteger-vos-innovations-3\/#primaryimage"},"image":{"@id":"https:\/\/empow-her.com\/produit\/consultation-individuelle-inpi-comprendre-et-proteger-vos-innovations-3\/#primaryimage"},"thumbnailUrl":"https:\/\/empow-her.com\/wp-content\/uploads\/2025\/10\/Coaching.png","datePublished":"2026-02-04T09:00:00+00:00","dateModified":"2026-03-30T08:37:34+00:00","breadcrumb":{"@id":"https:\/\/empow-her.com\/produit\/consultation-individuelle-inpi-comprendre-et-proteger-vos-innovations-3\/#breadcrumb"},"inLanguage":"es","potentialAction":[{"@type":"ReadAction","target":["https:\/\/empow-her.com\/produit\/consultation-individuelle-inpi-comprendre-et-proteger-vos-innovations-3\/"]}]},{"@type":"ImageObject","inLanguage":"es","@id":"https:\/\/empow-her.com\/produit\/consultation-individuelle-inpi-comprendre-et-proteger-vos-innovations-3\/#primaryimage","url":"https:\/\/empow-her.com\/wp-content\/uploads\/2025\/10\/Coaching.png","contentUrl":"https:\/\/empow-her.com\/wp-content\/uploads\/2025\/10\/Coaching.png","width":1080,"height":1080},{"@type":"BreadcrumbList","@id":"https:\/\/empow-her.com\/produit\/consultation-individuelle-inpi-comprendre-et-proteger-vos-innovations-3\/#breadcrumb","itemListElement":[{"@type":"ListItem","position":1,"name":"Accueil","item":"https:\/\/empow-her.com\/es\/inicio\/"},{"@type":"ListItem","position":2,"name":"LA BOUTIQUE","item":"https:\/\/empow-her.com\/boutique\/"},{"@type":"ListItem","position":3,"name":"Consultation individuelle INPI \u2013 Comprendre et prot\u00e9ger vos innovations"}]},{"@type":"WebSite","@id":"https:\/\/empow-her.com\/#website","url":"https:\/\/empow-her.com\/","name":"Empow&#039;Her","description":"Women Development","potentialAction":[{"@type":"SearchAction","target":{"@type":"EntryPoint","urlTemplate":"https:\/\/empow-her.com\/?s={search_term_string}"},"query-input":{"@type":"PropertyValueSpecification","valueRequired":true,"valueName":"search_term_string"}}],"inLanguage":"es"}]}},"_links":{"self":[{"href":"https:\/\/empow-her.com\/es\/wp-json\/wp\/v2\/product\/270995","targetHints":{"allow":["GET"]}}],"collection":[{"href":"https:\/\/empow-her.com\/es\/wp-json\/wp\/v2\/product"}],"about":[{"href":"https:\/\/empow-her.com\/es\/wp-json\/wp\/v2\/types\/product"}],"wp:featuredmedia":[{"embeddable":true,"href":"https:\/\/empow-her.com\/es\/wp-json\/wp\/v2\/media\/270000"}],"wp:attachment":[{"href":"https:\/\/empow-her.com\/es\/wp-json\/wp\/v2\/media?parent=270995"}],"wp:term":[{"taxonomy":"product_brand","embeddable":true,"href":"https:\/\/empow-her.com\/es\/wp-json\/wp\/v2\/product_brand?post=270995"},{"taxonomy":"product_cat","embeddable":true,"href":"https:\/\/empow-her.com\/es\/wp-json\/wp\/v2\/product_cat?post=270995"},{"taxonomy":"product_tag","embeddable":true,"href":"https:\/\/empow-her.com\/es\/wp-json\/wp\/v2\/product_tag?post=270995"},{"taxonomy":"lieu","embeddable":true,"href":"https:\/\/empow-her.com\/es\/wp-json\/wp\/v2\/lieu?post=270995"},{"taxonomy":"thematiques","embeddable":true,"href":"https:\/\/empow-her.com\/es\/wp-json\/wp\/v2\/thematiques?post=270995"}],"curies":[{"name":"wp","href":"https:\/\/api.w.org\/{rel}","templated":true}]}}