{"id":270994,"date":"2026-01-27T14:30:00","date_gmt":"2026-01-27T13:30:00","guid":{"rendered":"https:\/\/empow-her.com\/?post_type=product&#038;p=270994"},"modified":"2026-03-30T10:37:33","modified_gmt":"2026-03-30T08:37:33","slug":"prototyper-tester-son-projet","status":"publish","type":"product","link":"https:\/\/empow-her.com\/es\/produit\/prototyper-tester-son-projet\/","title":{"rendered":"Prototyper &#038; tester son projet"},"content":{"rendered":"<p>\u00a0\u00a0<\/p>\n<h3>Atelier \u2013 Prototyper et tester son projet<\/h3>\n<p>\u00a0\u00a0<\/p>\n<p>\n\u00a0\u00a0\u00a0\u00a0Vous avez une id\u00e9e claire de l&#8217;activit\u00e9 que vous souhaitez lancer (produits, services ou autres) et vous souhaitez la tester en conditions r\u00e9elles ?\u00a0<br \/>\n\u00a0\u00a0\u00a0\u00a0Vous voulez v\u00e9rifier l&#8217;attractivit\u00e9 de votre proposition aupr\u00e8s de votre cible et rencontrer vos premier\u00b7\u00e8res client\u00b7es pour recueillir leurs retours ?\u00a0<br \/>\n\u00a0\u00a0\u00a0\u00a0Cet atelier vous guidera pour transformer vos id\u00e9es en prototypes concrets et tester vos hypoth\u00e8ses cl\u00e9s.<br \/>\n\u00a0\u00a0<\/p>\n<p>\u00a0\u00a0<\/p>\n<p><strong>Ce que nous pouvons aborder :<\/strong><\/p>\n<p>\u00a0\u00a0<\/p>\n<ul>\n\u00a0\u00a0\u00a0\u00a0<\/p>\n<li><strong>D\u00e9couvrir diff\u00e9rents types de prototypes :<\/strong> explorer des exemples concrets pour tester diff\u00e9rents aspects de votre projet.<\/li>\n<p>\u00a0\u00a0\u00a0\u00a0<\/p>\n<li><strong>Pr\u00e9sentation d\u2019outils de prototypage faciles \u00e0 utiliser :<\/strong> apprendre \u00e0 cr\u00e9er rapidement des versions testables de vos produits ou services.<\/li>\n<p>\u00a0\u00a0\u00a0\u00a0<\/p>\n<li><strong>Identifier les hypoth\u00e8ses \u00e0 tester :<\/strong> d\u00e9finir ce qui doit \u00eatre valid\u00e9 pour avancer en confiance dans votre projet.<\/li>\n<p>\u00a0\u00a0\u00a0\u00a0<\/p>\n<li><strong>D\u00e9finir une m\u00e9thode et un protocole de test :<\/strong> structurer vos exp\u00e9rimentations pour obtenir des retours fiables et exploitables.<\/li>\n<p>\u00a0\u00a0\u00a0\u00a0<\/p>\n<li><strong>\u00c9laborer un plan d\u2019action :<\/strong> organiser les \u00e9tapes de cr\u00e9ation et de test de vos prototypes sur le terrain.<\/li>\n<p>\u00a0\u00a0\u00a0\u00a0<\/p>\n<li><strong>R\u00e9aliser les premi\u00e8res \u00e9tapes :<\/strong> mettre en pratique imm\u00e9diatement vos apprentissages pour avancer concr\u00e8tement.<\/li>\n<p>\u00a0\u00a0<\/ul>\n<p>\u00a0\u00a0<\/p>\n<p><strong>Pr\u00e9requis :<\/strong> avoir une d\u00e9finition relativement claire de l&#8217;activit\u00e9 que vous souhaitez lancer (produit, service ou autre).<\/p>\n<\/div>\n","protected":false},"excerpt":{"rendered":"<p>\u00a0\u00a0<\/p>\n<h3>Atelier \u2013 Prototyper et tester son projet<\/h3>\n<p>\u00a0\u00a0<\/p>\n<p>\n\u00a0\u00a0\u00a0\u00a0Vous avez une id\u00e9e claire de l&#8217;activit\u00e9 que vous souhaitez lancer (produits, services ou autres) et vous souhaitez la tester en conditions r\u00e9elles ?\u00a0<br \/>\n\u00a0\u00a0\u00a0\u00a0Vous voulez v\u00e9rifier l&#8217;attractivit\u00e9 de votre proposition aupr\u00e8s de votre cible et rencontrer vos premier\u00b7\u00e8res client\u00b7es pour recueillir leurs retours ?\u00a0<br \/>\n\u00a0\u00a0\u00a0\u00a0Cet atelier vous guidera pour transformer vos id\u00e9es en prototypes concrets et tester vos hypoth\u00e8ses cl\u00e9s.<br \/>\n\u00a0\u00a0<\/p>\n<p>\u00a0\u00a0<\/p>\n<p><strong>Ce que nous pouvons aborder :<\/strong><\/p>\n<p>\u00a0\u00a0<\/p>\n<ul>\n\u00a0\u00a0\u00a0\u00a0<\/p>\n<li><strong>D\u00e9couvrir diff\u00e9rents types de prototypes :<\/strong> explorer des exemples concrets pour tester diff\u00e9rents aspects de votre projet.<\/li>\n<p>\u00a0\u00a0\u00a0\u00a0<\/p>\n<li><strong>Pr\u00e9sentation d\u2019outils de prototypage faciles \u00e0 utiliser :<\/strong> apprendre \u00e0 cr\u00e9er rapidement des versions testables de vos produits ou services.<\/li>\n<p>\u00a0\u00a0\u00a0\u00a0<\/p>\n<li><strong>Identifier les hypoth\u00e8ses \u00e0 tester :<\/strong> d\u00e9finir ce qui doit \u00eatre valid\u00e9 pour avancer en confiance dans votre projet.<\/li>\n<p>\u00a0\u00a0\u00a0\u00a0<\/p>\n<li><strong>D\u00e9finir une m\u00e9thode et un protocole de test :<\/strong> structurer vos exp\u00e9rimentations pour obtenir des retours fiables et exploitables.<\/li>\n<p>\u00a0\u00a0\u00a0\u00a0<\/p>\n<li><strong>\u00c9laborer un plan d\u2019action :<\/strong> organiser les \u00e9tapes de cr\u00e9ation et de test de vos prototypes sur le terrain.<\/li>\n<p>\u00a0\u00a0\u00a0\u00a0<\/p>\n<li><strong>R\u00e9aliser les premi\u00e8res \u00e9tapes :<\/strong> mettre en pratique imm\u00e9diatement vos apprentissages pour avancer concr\u00e8tement.<\/li>\n<p>\u00a0\u00a0<\/ul>\n<p>\u00a0\u00a0<\/p>\n<p><strong>Pr\u00e9requis :<\/strong> avoir une d\u00e9finition relativement claire de l&#8217;activit\u00e9 que vous souhaitez lancer (produit, service ou autre).<\/p>\n<\/div>\n","protected":false},"featured_media":269994,"template":"","format":"standard","meta":{"_acf_changed":false,"om_disable_all_campaigns":false,"_uf_show_specific_survey":0,"_uf_disable_surveys":false},"product_brand":[],"product_cat":[118],"product_tag":[222],"lieu":[223],"thematiques":[],"class_list":{"0":"post-270994","1":"product","2":"type-product","3":"status-publish","4":"format-standard","5":"has-post-thumbnail","7":"product_cat-atelier-collectif","8":"product_tag-presentiel","9":"lieu-presentiel","11":"first","12":"instock","13":"virtual","14":"purchasable","15":"product-type-appointment"},"exclude_global_add_ons":[],"addons":[],"acf":[],"yoast_head":"<!-- This site is optimized with the Yoast SEO plugin v24.8 - https:\/\/yoast.com\/wordpress\/plugins\/seo\/ -->\n<title>Prototyper &amp; tester son projet - Empow&#039;Her<\/title>\n<meta name=\"robots\" content=\"index, follow, max-snippet:-1, max-image-preview:large, max-video-preview:-1\" \/>\n<link rel=\"canonical\" href=\"https:\/\/empow-her.com\/produit\/prototyper-tester-son-projet\/\" \/>\n<meta property=\"og:locale\" content=\"es_ES\" \/>\n<meta property=\"og:type\" content=\"article\" \/>\n<meta property=\"og:title\" content=\"Prototyper &amp; tester son projet - Empow&#039;Her\" \/>\n<meta property=\"og:description\" content=\"\u00a0\u00a0Atelier \u2013 Prototyper et tester son projet \u00a0\u00a0 \u00a0\u00a0\u00a0\u00a0Vous avez une id\u00e9e claire de l&#039;activit\u00e9 que vous souhaitez lancer (produits, services ou autres) et vous souhaitez la tester en conditions r\u00e9elles ?\u00a0 \u00a0\u00a0\u00a0\u00a0Vous voulez v\u00e9rifier l&#039;attractivit\u00e9 de votre proposition aupr\u00e8s de votre cible et rencontrer vos premier\u00b7\u00e8res client\u00b7es pour recueillir leurs retours ?\u00a0 \u00a0\u00a0\u00a0\u00a0Cet atelier vous guidera pour transformer vos id\u00e9es en prototypes concrets et tester vos hypoth\u00e8ses cl\u00e9s. \u00a0\u00a0 \u00a0\u00a0Ce que nous pouvons aborder : \u00a0\u00a0 \u00a0\u00a0\u00a0\u00a0D\u00e9couvrir diff\u00e9rents types de prototypes : explorer des exemples concrets pour tester diff\u00e9rents aspects de votre projet. \u00a0\u00a0\u00a0\u00a0Pr\u00e9sentation d\u2019outils de prototypage faciles \u00e0 utiliser : apprendre \u00e0 cr\u00e9er rapidement des versions testables de vos produits ou services. \u00a0\u00a0\u00a0\u00a0Identifier les hypoth\u00e8ses \u00e0 tester : d\u00e9finir ce qui doit \u00eatre valid\u00e9 pour avancer en confiance dans votre projet. \u00a0\u00a0\u00a0\u00a0D\u00e9finir une m\u00e9thode et un protocole de test : structurer vos exp\u00e9rimentations pour obtenir des retours fiables et exploitables. \u00a0\u00a0\u00a0\u00a0\u00c9laborer un plan d\u2019action : organiser les \u00e9tapes de cr\u00e9ation et de test de vos prototypes sur le terrain. \u00a0\u00a0\u00a0\u00a0R\u00e9aliser les premi\u00e8res \u00e9tapes : mettre en pratique imm\u00e9diatement vos apprentissages pour avancer concr\u00e8tement. \u00a0\u00a0 \u00a0\u00a0Pr\u00e9requis : avoir une d\u00e9finition relativement claire de l&#039;activit\u00e9 que vous souhaitez lancer (produit, service ou autre).\" \/>\n<meta property=\"og:url\" content=\"https:\/\/empow-her.com\/produit\/prototyper-tester-son-projet\/\" \/>\n<meta property=\"og:site_name\" content=\"Empow&#039;Her\" \/>\n<meta property=\"article:modified_time\" content=\"2026-03-30T08:37:33+00:00\" \/>\n<meta property=\"og:image\" content=\"https:\/\/empow-her.com\/wp-content\/uploads\/2025\/10\/Atelier.png\" \/>\n\t<meta property=\"og:image:width\" content=\"1080\" \/>\n\t<meta property=\"og:image:height\" content=\"1080\" \/>\n\t<meta property=\"og:image:type\" content=\"image\/png\" \/>\n<meta name=\"twitter:card\" content=\"summary_large_image\" \/>\n<meta name=\"twitter:label1\" content=\"Tiempo de lectura\" \/>\n\t<meta name=\"twitter:data1\" content=\"1 minuto\" \/>\n<script type=\"application\/ld+json\" class=\"yoast-schema-graph\">{\"@context\":\"https:\/\/schema.org\",\"@graph\":[{\"@type\":\"WebPage\",\"@id\":\"https:\/\/empow-her.com\/produit\/prototyper-tester-son-projet\/\",\"url\":\"https:\/\/empow-her.com\/produit\/prototyper-tester-son-projet\/\",\"name\":\"Prototyper & tester son projet - Empow&#039;Her\",\"isPartOf\":{\"@id\":\"https:\/\/empow-her.com\/#website\"},\"primaryImageOfPage\":{\"@id\":\"https:\/\/empow-her.com\/produit\/prototyper-tester-son-projet\/#primaryimage\"},\"image\":{\"@id\":\"https:\/\/empow-her.com\/produit\/prototyper-tester-son-projet\/#primaryimage\"},\"thumbnailUrl\":\"https:\/\/empow-her.com\/wp-content\/uploads\/2025\/10\/Atelier.png\",\"datePublished\":\"2026-01-27T13:30:00+00:00\",\"dateModified\":\"2026-03-30T08:37:33+00:00\",\"breadcrumb\":{\"@id\":\"https:\/\/empow-her.com\/produit\/prototyper-tester-son-projet\/#breadcrumb\"},\"inLanguage\":\"es\",\"potentialAction\":[{\"@type\":\"ReadAction\",\"target\":[\"https:\/\/empow-her.com\/produit\/prototyper-tester-son-projet\/\"]}]},{\"@type\":\"ImageObject\",\"inLanguage\":\"es\",\"@id\":\"https:\/\/empow-her.com\/produit\/prototyper-tester-son-projet\/#primaryimage\",\"url\":\"https:\/\/empow-her.com\/wp-content\/uploads\/2025\/10\/Atelier.png\",\"contentUrl\":\"https:\/\/empow-her.com\/wp-content\/uploads\/2025\/10\/Atelier.png\",\"width\":1080,\"height\":1080},{\"@type\":\"BreadcrumbList\",\"@id\":\"https:\/\/empow-her.com\/produit\/prototyper-tester-son-projet\/#breadcrumb\",\"itemListElement\":[{\"@type\":\"ListItem\",\"position\":1,\"name\":\"Accueil\",\"item\":\"https:\/\/empow-her.com\/es\/inicio\/\"},{\"@type\":\"ListItem\",\"position\":2,\"name\":\"LA BOUTIQUE\",\"item\":\"https:\/\/empow-her.com\/boutique\/\"},{\"@type\":\"ListItem\",\"position\":3,\"name\":\"Prototyper &#038; tester son projet\"}]},{\"@type\":\"WebSite\",\"@id\":\"https:\/\/empow-her.com\/#website\",\"url\":\"https:\/\/empow-her.com\/\",\"name\":\"Empow&#039;Her\",\"description\":\"Women Development\",\"potentialAction\":[{\"@type\":\"SearchAction\",\"target\":{\"@type\":\"EntryPoint\",\"urlTemplate\":\"https:\/\/empow-her.com\/?s={search_term_string}\"},\"query-input\":{\"@type\":\"PropertyValueSpecification\",\"valueRequired\":true,\"valueName\":\"search_term_string\"}}],\"inLanguage\":\"es\"}]}<\/script>\n<!-- \/ Yoast SEO plugin. -->","yoast_head_json":{"title":"Prototyper & tester son projet - Empow&#039;Her","robots":{"index":"index","follow":"follow","max-snippet":"max-snippet:-1","max-image-preview":"max-image-preview:large","max-video-preview":"max-video-preview:-1"},"canonical":"https:\/\/empow-her.com\/produit\/prototyper-tester-son-projet\/","og_locale":"es_ES","og_type":"article","og_title":"Prototyper & tester son projet - Empow&#039;Her","og_description":"\u00a0\u00a0Atelier \u2013 Prototyper et tester son projet \u00a0\u00a0 \u00a0\u00a0\u00a0\u00a0Vous avez une id\u00e9e claire de l'activit\u00e9 que vous souhaitez lancer (produits, services ou autres) et vous souhaitez la tester en conditions r\u00e9elles ?\u00a0 \u00a0\u00a0\u00a0\u00a0Vous voulez v\u00e9rifier l'attractivit\u00e9 de votre proposition aupr\u00e8s de votre cible et rencontrer vos premier\u00b7\u00e8res client\u00b7es pour recueillir leurs retours ?\u00a0 \u00a0\u00a0\u00a0\u00a0Cet atelier vous guidera pour transformer vos id\u00e9es en prototypes concrets et tester vos hypoth\u00e8ses cl\u00e9s. \u00a0\u00a0 \u00a0\u00a0Ce que nous pouvons aborder : \u00a0\u00a0 \u00a0\u00a0\u00a0\u00a0D\u00e9couvrir diff\u00e9rents types de prototypes : explorer des exemples concrets pour tester diff\u00e9rents aspects de votre projet. \u00a0\u00a0\u00a0\u00a0Pr\u00e9sentation d\u2019outils de prototypage faciles \u00e0 utiliser : apprendre \u00e0 cr\u00e9er rapidement des versions testables de vos produits ou services. \u00a0\u00a0\u00a0\u00a0Identifier les hypoth\u00e8ses \u00e0 tester : d\u00e9finir ce qui doit \u00eatre valid\u00e9 pour avancer en confiance dans votre projet. \u00a0\u00a0\u00a0\u00a0D\u00e9finir une m\u00e9thode et un protocole de test : structurer vos exp\u00e9rimentations pour obtenir des retours fiables et exploitables. \u00a0\u00a0\u00a0\u00a0\u00c9laborer un plan d\u2019action : organiser les \u00e9tapes de cr\u00e9ation et de test de vos prototypes sur le terrain. \u00a0\u00a0\u00a0\u00a0R\u00e9aliser les premi\u00e8res \u00e9tapes : mettre en pratique imm\u00e9diatement vos apprentissages pour avancer concr\u00e8tement. \u00a0\u00a0 \u00a0\u00a0Pr\u00e9requis : avoir une d\u00e9finition relativement claire de l'activit\u00e9 que vous souhaitez lancer (produit, service ou autre).","og_url":"https:\/\/empow-her.com\/produit\/prototyper-tester-son-projet\/","og_site_name":"Empow&#039;Her","article_modified_time":"2026-03-30T08:37:33+00:00","og_image":[{"width":1080,"height":1080,"url":"https:\/\/empow-her.com\/wp-content\/uploads\/2025\/10\/Atelier.png","type":"image\/png"}],"twitter_card":"summary_large_image","twitter_misc":{"Tiempo de lectura":"1 minuto"},"schema":{"@context":"https:\/\/schema.org","@graph":[{"@type":"WebPage","@id":"https:\/\/empow-her.com\/produit\/prototyper-tester-son-projet\/","url":"https:\/\/empow-her.com\/produit\/prototyper-tester-son-projet\/","name":"Prototyper & tester son projet - Empow&#039;Her","isPartOf":{"@id":"https:\/\/empow-her.com\/#website"},"primaryImageOfPage":{"@id":"https:\/\/empow-her.com\/produit\/prototyper-tester-son-projet\/#primaryimage"},"image":{"@id":"https:\/\/empow-her.com\/produit\/prototyper-tester-son-projet\/#primaryimage"},"thumbnailUrl":"https:\/\/empow-her.com\/wp-content\/uploads\/2025\/10\/Atelier.png","datePublished":"2026-01-27T13:30:00+00:00","dateModified":"2026-03-30T08:37:33+00:00","breadcrumb":{"@id":"https:\/\/empow-her.com\/produit\/prototyper-tester-son-projet\/#breadcrumb"},"inLanguage":"es","potentialAction":[{"@type":"ReadAction","target":["https:\/\/empow-her.com\/produit\/prototyper-tester-son-projet\/"]}]},{"@type":"ImageObject","inLanguage":"es","@id":"https:\/\/empow-her.com\/produit\/prototyper-tester-son-projet\/#primaryimage","url":"https:\/\/empow-her.com\/wp-content\/uploads\/2025\/10\/Atelier.png","contentUrl":"https:\/\/empow-her.com\/wp-content\/uploads\/2025\/10\/Atelier.png","width":1080,"height":1080},{"@type":"BreadcrumbList","@id":"https:\/\/empow-her.com\/produit\/prototyper-tester-son-projet\/#breadcrumb","itemListElement":[{"@type":"ListItem","position":1,"name":"Accueil","item":"https:\/\/empow-her.com\/es\/inicio\/"},{"@type":"ListItem","position":2,"name":"LA BOUTIQUE","item":"https:\/\/empow-her.com\/boutique\/"},{"@type":"ListItem","position":3,"name":"Prototyper &#038; tester son projet"}]},{"@type":"WebSite","@id":"https:\/\/empow-her.com\/#website","url":"https:\/\/empow-her.com\/","name":"Empow&#039;Her","description":"Women Development","potentialAction":[{"@type":"SearchAction","target":{"@type":"EntryPoint","urlTemplate":"https:\/\/empow-her.com\/?s={search_term_string}"},"query-input":{"@type":"PropertyValueSpecification","valueRequired":true,"valueName":"search_term_string"}}],"inLanguage":"es"}]}},"_links":{"self":[{"href":"https:\/\/empow-her.com\/es\/wp-json\/wp\/v2\/product\/270994","targetHints":{"allow":["GET"]}}],"collection":[{"href":"https:\/\/empow-her.com\/es\/wp-json\/wp\/v2\/product"}],"about":[{"href":"https:\/\/empow-her.com\/es\/wp-json\/wp\/v2\/types\/product"}],"wp:featuredmedia":[{"embeddable":true,"href":"https:\/\/empow-her.com\/es\/wp-json\/wp\/v2\/media\/269994"}],"wp:attachment":[{"href":"https:\/\/empow-her.com\/es\/wp-json\/wp\/v2\/media?parent=270994"}],"wp:term":[{"taxonomy":"product_brand","embeddable":true,"href":"https:\/\/empow-her.com\/es\/wp-json\/wp\/v2\/product_brand?post=270994"},{"taxonomy":"product_cat","embeddable":true,"href":"https:\/\/empow-her.com\/es\/wp-json\/wp\/v2\/product_cat?post=270994"},{"taxonomy":"product_tag","embeddable":true,"href":"https:\/\/empow-her.com\/es\/wp-json\/wp\/v2\/product_tag?post=270994"},{"taxonomy":"lieu","embeddable":true,"href":"https:\/\/empow-her.com\/es\/wp-json\/wp\/v2\/lieu?post=270994"},{"taxonomy":"thematiques","embeddable":true,"href":"https:\/\/empow-her.com\/es\/wp-json\/wp\/v2\/thematiques?post=270994"}],"curies":[{"name":"wp","href":"https:\/\/api.w.org\/{rel}","templated":true}]}}