{"id":270986,"date":"2026-01-15T09:30:00","date_gmt":"2026-01-15T08:30:00","guid":{"rendered":"https:\/\/empow-her.com\/?post_type=product&#038;p=270986"},"modified":"2026-03-30T10:39:02","modified_gmt":"2026-03-30T08:39:02","slug":"bootcamp-de-lidee-au-projet-2","status":"publish","type":"product","link":"https:\/\/empow-her.com\/es\/produit\/bootcamp-de-lidee-au-projet-2\/","title":{"rendered":"Bootcamp &#8211; de l&#8217;id\u00e9e au projet"},"content":{"rendered":"<h3> Pr\u00eate \u00e0 r\u00e9v\u00e9ler l\u2019entrepreneure qui sommeille en toi ?<\/h3>\n<p>Tu veux construire un <strong>projet qui te ressemble<\/strong>, <strong>prendre confiance en ton potentiel<\/strong> et <strong>donner du sens \u00e0 ton parcours<\/strong> ? Ce bootcamp est fait pour toi !<\/p>\n<p>Chez <strong>Empow\u2019Her<\/strong>, on est convaincues que chacune porte en elle la <strong>force<\/strong> et les <strong>cl\u00e9s<\/strong> pour d\u00e9velopper un projet \u00e0 son image. Parfois, il suffit d\u2019un <strong>d\u00e9clic<\/strong>, d\u2019une <strong>rencontre<\/strong> ou d\u2019un <strong>r\u00e9seau<\/strong> pour se lancer .<\/p>\n<p> Pendant <strong>2 jours d\u2019immersion<\/strong>, tu rejoindras un groupe de femmes motiv\u00e9es pour :<\/p>\n<ul>\n\u00a0<\/p>\n<li><strong>Explorer tes motivations<\/strong> et aligner ton projet avec tes valeurs<\/li>\n<p>\u00a0<\/p>\n<li><strong>Identifier un probl\u00e8me<\/strong> qui te tient \u00e0 c\u0153ur et faire \u00e9merger une id\u00e9e \u00e0 fort impact<\/li>\n<p>\u00a0<\/p>\n<li><strong>Renforcer ta posture<\/strong> et ta confiance en tant qu\u2019entrepreneure<\/li>\n<p>\u00a0<\/p>\n<li><strong>Structurer ton premier plan d\u2019action<\/strong> avec la m\u00e9thode des petits pas<\/li>\n<p>\u00a0<\/p>\n<li><strong>Apprendre \u00e0 pitcher ton projet<\/strong> (et toi-m\u00eame !) avec impact et assurance<\/li>\n<\/ul>\n<p><strong> En r\u00e9sum\u00e9 :<\/strong><\/p>\n<ul>\n\u00a0<\/p>\n<li><strong>2 journ\u00e9es intenses<\/strong> (jeudi &amp; vendredi, 9h30 \u2013 17h00)<\/li>\n<p>\u00a0<\/p>\n<li>Un <strong>groupe de participantes inspirantes<\/strong> pour cr\u00e9er de vraies synergies<\/li>\n<p>\u00a0<\/p>\n<li>Une <strong>m\u00e9thodologie<\/strong> bas\u00e9e sur l\u2019intelligence collective et l\u2019entraide<\/li>\n<p>\u00a0<\/p>\n<li>Des <strong>outils concrets<\/strong> pour clarifier ton \u00e9cosyst\u00e8me, tes b\u00e9n\u00e9ficiaires, ta proposition de valeur et passer \u00e0 l\u2019action<\/li>\n<p>\u00a0<\/p>\n<li>Des <strong>temps d\u2019\u00e9change sinc\u00e8res<\/strong> pour s\u2019inspirer, se questionner et avancer ensemble<\/li>\n<\/ul>\n<p> <strong>Lieu :<\/strong> Wikivillage \u2013 8 rue de Srebrenica, 75020 Paris<\/p>\n","protected":false},"excerpt":{"rendered":"<h3> Pr\u00eate \u00e0 r\u00e9v\u00e9ler l\u2019entrepreneure qui sommeille en toi ?<\/h3>\n<p>Tu veux construire un <strong>projet qui te ressemble<\/strong>, <strong>prendre confiance en ton potentiel<\/strong> et <strong>donner du sens \u00e0 ton parcours<\/strong> ? Ce bootcamp est fait pour toi !<\/p>\n<p>Chez <strong>Empow\u2019Her<\/strong>, on est convaincues que chacune porte en elle la <strong>force<\/strong> et les <strong>cl\u00e9s<\/strong> pour d\u00e9velopper un projet \u00e0 son image. Parfois, il suffit d\u2019un <strong>d\u00e9clic<\/strong>, d\u2019une <strong>rencontre<\/strong> ou d\u2019un <strong>r\u00e9seau<\/strong> pour se lancer .<\/p>\n<p> Pendant <strong>2 jours d\u2019immersion<\/strong>, tu rejoindras un groupe de femmes motiv\u00e9es pour :<\/p>\n<ul>\n\u00a0<\/p>\n<li><strong>Explorer tes motivations<\/strong> et aligner ton projet avec tes valeurs<\/li>\n<p>\u00a0<\/p>\n<li><strong>Identifier un probl\u00e8me<\/strong> qui te tient \u00e0 c\u0153ur et faire \u00e9merger une id\u00e9e \u00e0 fort impact<\/li>\n<p>\u00a0<\/p>\n<li><strong>Renforcer ta posture<\/strong> et ta confiance en tant qu\u2019entrepreneure<\/li>\n<p>\u00a0<\/p>\n<li><strong>Structurer ton premier plan d\u2019action<\/strong> avec la m\u00e9thode des petits pas<\/li>\n<p>\u00a0<\/p>\n<li><strong>Apprendre \u00e0 pitcher ton projet<\/strong> (et toi-m\u00eame !) avec impact et assurance<\/li>\n<\/ul>\n<p><strong> En r\u00e9sum\u00e9 :<\/strong><\/p>\n<ul>\n\u00a0<\/p>\n<li><strong>2 journ\u00e9es intenses<\/strong> (jeudi &amp; vendredi, 9h30 \u2013 17h00)<\/li>\n<p>\u00a0<\/p>\n<li>Un <strong>groupe de participantes inspirantes<\/strong> pour cr\u00e9er de vraies synergies<\/li>\n<p>\u00a0<\/p>\n<li>Une <strong>m\u00e9thodologie<\/strong> bas\u00e9e sur l\u2019intelligence collective et l\u2019entraide<\/li>\n<p>\u00a0<\/p>\n<li>Des <strong>outils concrets<\/strong> pour clarifier ton \u00e9cosyst\u00e8me, tes b\u00e9n\u00e9ficiaires, ta proposition de valeur et passer \u00e0 l\u2019action<\/li>\n<p>\u00a0<\/p>\n<li>Des <strong>temps d\u2019\u00e9change sinc\u00e8res<\/strong> pour s\u2019inspirer, se questionner et avancer ensemble<\/li>\n<\/ul>\n<p> <strong>Lieu :<\/strong> Wikivillage \u2013 8 rue de Srebrenica, 75020 Paris<\/p>\n","protected":false},"featured_media":269997,"template":"","format":"standard","meta":{"_acf_changed":false,"om_disable_all_campaigns":false,"_uf_show_specific_survey":0,"_uf_disable_surveys":false},"product_brand":[],"product_cat":[122],"product_tag":[222],"lieu":[223],"thematiques":[],"class_list":{"0":"post-270986","1":"product","2":"type-product","3":"status-publish","4":"format-standard","5":"has-post-thumbnail","7":"product_cat-bootcamp","8":"product_tag-presentiel","9":"lieu-presentiel","11":"first","12":"instock","13":"virtual","14":"purchasable","15":"product-type-appointment"},"exclude_global_add_ons":[],"addons":[],"acf":[],"yoast_head":"<!-- This site is optimized with the Yoast SEO plugin v24.8 - https:\/\/yoast.com\/wordpress\/plugins\/seo\/ -->\n<title>Bootcamp - de l&#039;id\u00e9e au projet - Empow&#039;Her<\/title>\n<meta name=\"robots\" content=\"index, follow, max-snippet:-1, max-image-preview:large, max-video-preview:-1\" \/>\n<link rel=\"canonical\" href=\"https:\/\/empow-her.com\/produit\/bootcamp-de-lidee-au-projet-2\/\" \/>\n<meta property=\"og:locale\" content=\"es_ES\" \/>\n<meta property=\"og:type\" content=\"article\" \/>\n<meta property=\"og:title\" content=\"Bootcamp - de l&#039;id\u00e9e au projet - Empow&#039;Her\" \/>\n<meta property=\"og:description\" content=\"Pr\u00eate \u00e0 r\u00e9v\u00e9ler l\u2019entrepreneure qui sommeille en toi ? Tu veux construire un projet qui te ressemble, prendre confiance en ton potentiel et donner du sens \u00e0 ton parcours ? Ce bootcamp est fait pour toi ! Chez Empow\u2019Her, on est convaincues que chacune porte en elle la force et les cl\u00e9s pour d\u00e9velopper un projet \u00e0 son image. Parfois, il suffit d\u2019un d\u00e9clic, d\u2019une rencontre ou d\u2019un r\u00e9seau pour se lancer .  Pendant 2 jours d\u2019immersion, tu rejoindras un groupe de femmes motiv\u00e9es pour : \u00a0Explorer tes motivations et aligner ton projet avec tes valeurs \u00a0Identifier un probl\u00e8me qui te tient \u00e0 c\u0153ur et faire \u00e9merger une id\u00e9e \u00e0 fort impact \u00a0Renforcer ta posture et ta confiance en tant qu\u2019entrepreneure \u00a0Structurer ton premier plan d\u2019action avec la m\u00e9thode des petits pas \u00a0Apprendre \u00e0 pitcher ton projet (et toi-m\u00eame !) avec impact et assurance  En r\u00e9sum\u00e9 : \u00a02 journ\u00e9es intenses (jeudi &amp; vendredi, 9h30 \u2013 17h00) \u00a0Un groupe de participantes inspirantes pour cr\u00e9er de vraies synergies \u00a0Une m\u00e9thodologie bas\u00e9e sur l\u2019intelligence collective et l\u2019entraide \u00a0Des outils concrets pour clarifier ton \u00e9cosyst\u00e8me, tes b\u00e9n\u00e9ficiaires, ta proposition de valeur et passer \u00e0 l\u2019action \u00a0Des temps d\u2019\u00e9change sinc\u00e8res pour s\u2019inspirer, se questionner et avancer ensemble  Lieu : Wikivillage \u2013 8 rue de Srebrenica, 75020 Paris\" \/>\n<meta property=\"og:url\" content=\"https:\/\/empow-her.com\/produit\/bootcamp-de-lidee-au-projet-2\/\" \/>\n<meta property=\"og:site_name\" content=\"Empow&#039;Her\" \/>\n<meta property=\"article:modified_time\" content=\"2026-03-30T08:39:02+00:00\" \/>\n<meta property=\"og:image\" content=\"https:\/\/empow-her.com\/wp-content\/uploads\/2025\/10\/Bootcamp.png\" \/>\n\t<meta property=\"og:image:width\" content=\"1080\" \/>\n\t<meta property=\"og:image:height\" content=\"1080\" \/>\n\t<meta property=\"og:image:type\" content=\"image\/png\" \/>\n<meta name=\"twitter:card\" content=\"summary_large_image\" \/>\n<meta name=\"twitter:label1\" content=\"Tiempo de lectura\" \/>\n\t<meta name=\"twitter:data1\" content=\"1 minuto\" \/>\n<script type=\"application\/ld+json\" class=\"yoast-schema-graph\">{\"@context\":\"https:\/\/schema.org\",\"@graph\":[{\"@type\":\"WebPage\",\"@id\":\"https:\/\/empow-her.com\/produit\/bootcamp-de-lidee-au-projet-2\/\",\"url\":\"https:\/\/empow-her.com\/produit\/bootcamp-de-lidee-au-projet-2\/\",\"name\":\"Bootcamp - de l'id\u00e9e au projet - Empow&#039;Her\",\"isPartOf\":{\"@id\":\"https:\/\/empow-her.com\/#website\"},\"primaryImageOfPage\":{\"@id\":\"https:\/\/empow-her.com\/produit\/bootcamp-de-lidee-au-projet-2\/#primaryimage\"},\"image\":{\"@id\":\"https:\/\/empow-her.com\/produit\/bootcamp-de-lidee-au-projet-2\/#primaryimage\"},\"thumbnailUrl\":\"https:\/\/empow-her.com\/wp-content\/uploads\/2025\/10\/Bootcamp.png\",\"datePublished\":\"2026-01-15T08:30:00+00:00\",\"dateModified\":\"2026-03-30T08:39:02+00:00\",\"breadcrumb\":{\"@id\":\"https:\/\/empow-her.com\/produit\/bootcamp-de-lidee-au-projet-2\/#breadcrumb\"},\"inLanguage\":\"es\",\"potentialAction\":[{\"@type\":\"ReadAction\",\"target\":[\"https:\/\/empow-her.com\/produit\/bootcamp-de-lidee-au-projet-2\/\"]}]},{\"@type\":\"ImageObject\",\"inLanguage\":\"es\",\"@id\":\"https:\/\/empow-her.com\/produit\/bootcamp-de-lidee-au-projet-2\/#primaryimage\",\"url\":\"https:\/\/empow-her.com\/wp-content\/uploads\/2025\/10\/Bootcamp.png\",\"contentUrl\":\"https:\/\/empow-her.com\/wp-content\/uploads\/2025\/10\/Bootcamp.png\",\"width\":1080,\"height\":1080},{\"@type\":\"BreadcrumbList\",\"@id\":\"https:\/\/empow-her.com\/produit\/bootcamp-de-lidee-au-projet-2\/#breadcrumb\",\"itemListElement\":[{\"@type\":\"ListItem\",\"position\":1,\"name\":\"Accueil\",\"item\":\"https:\/\/empow-her.com\/es\/inicio\/\"},{\"@type\":\"ListItem\",\"position\":2,\"name\":\"LA BOUTIQUE\",\"item\":\"https:\/\/empow-her.com\/boutique\/\"},{\"@type\":\"ListItem\",\"position\":3,\"name\":\"Bootcamp &#8211; de l&#8217;id\u00e9e au projet\"}]},{\"@type\":\"WebSite\",\"@id\":\"https:\/\/empow-her.com\/#website\",\"url\":\"https:\/\/empow-her.com\/\",\"name\":\"Empow&#039;Her\",\"description\":\"Women Development\",\"potentialAction\":[{\"@type\":\"SearchAction\",\"target\":{\"@type\":\"EntryPoint\",\"urlTemplate\":\"https:\/\/empow-her.com\/?s={search_term_string}\"},\"query-input\":{\"@type\":\"PropertyValueSpecification\",\"valueRequired\":true,\"valueName\":\"search_term_string\"}}],\"inLanguage\":\"es\"}]}<\/script>\n<!-- \/ Yoast SEO plugin. -->","yoast_head_json":{"title":"Bootcamp - de l'id\u00e9e au projet - Empow&#039;Her","robots":{"index":"index","follow":"follow","max-snippet":"max-snippet:-1","max-image-preview":"max-image-preview:large","max-video-preview":"max-video-preview:-1"},"canonical":"https:\/\/empow-her.com\/produit\/bootcamp-de-lidee-au-projet-2\/","og_locale":"es_ES","og_type":"article","og_title":"Bootcamp - de l'id\u00e9e au projet - Empow&#039;Her","og_description":"Pr\u00eate \u00e0 r\u00e9v\u00e9ler l\u2019entrepreneure qui sommeille en toi ? Tu veux construire un projet qui te ressemble, prendre confiance en ton potentiel et donner du sens \u00e0 ton parcours ? Ce bootcamp est fait pour toi ! Chez Empow\u2019Her, on est convaincues que chacune porte en elle la force et les cl\u00e9s pour d\u00e9velopper un projet \u00e0 son image. Parfois, il suffit d\u2019un d\u00e9clic, d\u2019une rencontre ou d\u2019un r\u00e9seau pour se lancer .  Pendant 2 jours d\u2019immersion, tu rejoindras un groupe de femmes motiv\u00e9es pour : \u00a0Explorer tes motivations et aligner ton projet avec tes valeurs \u00a0Identifier un probl\u00e8me qui te tient \u00e0 c\u0153ur et faire \u00e9merger une id\u00e9e \u00e0 fort impact \u00a0Renforcer ta posture et ta confiance en tant qu\u2019entrepreneure \u00a0Structurer ton premier plan d\u2019action avec la m\u00e9thode des petits pas \u00a0Apprendre \u00e0 pitcher ton projet (et toi-m\u00eame !) avec impact et assurance  En r\u00e9sum\u00e9 : \u00a02 journ\u00e9es intenses (jeudi &amp; vendredi, 9h30 \u2013 17h00) \u00a0Un groupe de participantes inspirantes pour cr\u00e9er de vraies synergies \u00a0Une m\u00e9thodologie bas\u00e9e sur l\u2019intelligence collective et l\u2019entraide \u00a0Des outils concrets pour clarifier ton \u00e9cosyst\u00e8me, tes b\u00e9n\u00e9ficiaires, ta proposition de valeur et passer \u00e0 l\u2019action \u00a0Des temps d\u2019\u00e9change sinc\u00e8res pour s\u2019inspirer, se questionner et avancer ensemble  Lieu : Wikivillage \u2013 8 rue de Srebrenica, 75020 Paris","og_url":"https:\/\/empow-her.com\/produit\/bootcamp-de-lidee-au-projet-2\/","og_site_name":"Empow&#039;Her","article_modified_time":"2026-03-30T08:39:02+00:00","og_image":[{"width":1080,"height":1080,"url":"https:\/\/empow-her.com\/wp-content\/uploads\/2025\/10\/Bootcamp.png","type":"image\/png"}],"twitter_card":"summary_large_image","twitter_misc":{"Tiempo de lectura":"1 minuto"},"schema":{"@context":"https:\/\/schema.org","@graph":[{"@type":"WebPage","@id":"https:\/\/empow-her.com\/produit\/bootcamp-de-lidee-au-projet-2\/","url":"https:\/\/empow-her.com\/produit\/bootcamp-de-lidee-au-projet-2\/","name":"Bootcamp - de l'id\u00e9e au projet - Empow&#039;Her","isPartOf":{"@id":"https:\/\/empow-her.com\/#website"},"primaryImageOfPage":{"@id":"https:\/\/empow-her.com\/produit\/bootcamp-de-lidee-au-projet-2\/#primaryimage"},"image":{"@id":"https:\/\/empow-her.com\/produit\/bootcamp-de-lidee-au-projet-2\/#primaryimage"},"thumbnailUrl":"https:\/\/empow-her.com\/wp-content\/uploads\/2025\/10\/Bootcamp.png","datePublished":"2026-01-15T08:30:00+00:00","dateModified":"2026-03-30T08:39:02+00:00","breadcrumb":{"@id":"https:\/\/empow-her.com\/produit\/bootcamp-de-lidee-au-projet-2\/#breadcrumb"},"inLanguage":"es","potentialAction":[{"@type":"ReadAction","target":["https:\/\/empow-her.com\/produit\/bootcamp-de-lidee-au-projet-2\/"]}]},{"@type":"ImageObject","inLanguage":"es","@id":"https:\/\/empow-her.com\/produit\/bootcamp-de-lidee-au-projet-2\/#primaryimage","url":"https:\/\/empow-her.com\/wp-content\/uploads\/2025\/10\/Bootcamp.png","contentUrl":"https:\/\/empow-her.com\/wp-content\/uploads\/2025\/10\/Bootcamp.png","width":1080,"height":1080},{"@type":"BreadcrumbList","@id":"https:\/\/empow-her.com\/produit\/bootcamp-de-lidee-au-projet-2\/#breadcrumb","itemListElement":[{"@type":"ListItem","position":1,"name":"Accueil","item":"https:\/\/empow-her.com\/es\/inicio\/"},{"@type":"ListItem","position":2,"name":"LA BOUTIQUE","item":"https:\/\/empow-her.com\/boutique\/"},{"@type":"ListItem","position":3,"name":"Bootcamp &#8211; de l&#8217;id\u00e9e au projet"}]},{"@type":"WebSite","@id":"https:\/\/empow-her.com\/#website","url":"https:\/\/empow-her.com\/","name":"Empow&#039;Her","description":"Women Development","potentialAction":[{"@type":"SearchAction","target":{"@type":"EntryPoint","urlTemplate":"https:\/\/empow-her.com\/?s={search_term_string}"},"query-input":{"@type":"PropertyValueSpecification","valueRequired":true,"valueName":"search_term_string"}}],"inLanguage":"es"}]}},"_links":{"self":[{"href":"https:\/\/empow-her.com\/es\/wp-json\/wp\/v2\/product\/270986","targetHints":{"allow":["GET"]}}],"collection":[{"href":"https:\/\/empow-her.com\/es\/wp-json\/wp\/v2\/product"}],"about":[{"href":"https:\/\/empow-her.com\/es\/wp-json\/wp\/v2\/types\/product"}],"wp:featuredmedia":[{"embeddable":true,"href":"https:\/\/empow-her.com\/es\/wp-json\/wp\/v2\/media\/269997"}],"wp:attachment":[{"href":"https:\/\/empow-her.com\/es\/wp-json\/wp\/v2\/media?parent=270986"}],"wp:term":[{"taxonomy":"product_brand","embeddable":true,"href":"https:\/\/empow-her.com\/es\/wp-json\/wp\/v2\/product_brand?post=270986"},{"taxonomy":"product_cat","embeddable":true,"href":"https:\/\/empow-her.com\/es\/wp-json\/wp\/v2\/product_cat?post=270986"},{"taxonomy":"product_tag","embeddable":true,"href":"https:\/\/empow-her.com\/es\/wp-json\/wp\/v2\/product_tag?post=270986"},{"taxonomy":"lieu","embeddable":true,"href":"https:\/\/empow-her.com\/es\/wp-json\/wp\/v2\/lieu?post=270986"},{"taxonomy":"thematiques","embeddable":true,"href":"https:\/\/empow-her.com\/es\/wp-json\/wp\/v2\/thematiques?post=270986"}],"curies":[{"name":"wp","href":"https:\/\/api.w.org\/{rel}","templated":true}]}}