{"id":270896,"date":"2025-12-17T15:00:00","date_gmt":"2025-12-17T14:00:00","guid":{"rendered":"https:\/\/empow-her.com\/?post_type=product&#038;p=270896"},"modified":"2025-11-28T10:52:58","modified_gmt":"2025-11-28T09:52:58","slug":"confiance-en-soi-et-legitimite-8","status":"publish","type":"product","link":"https:\/\/empow-her.com\/es\/produit\/confiance-en-soi-et-legitimite-8\/","title":{"rendered":"Confiance en soi et l\u00e9gitimit\u00e9"},"content":{"rendered":"<p>\u00a0<\/p>\n<h3> 1h de coaching pour surmonter vos croyances limitantes<\/h3>\n<p>\u00a0\u00a0<br \/>\n\u00a0<\/p>\n<p>Vous vous sentez frein\u00e9e par des croyances limitantes ? Une petite voix int\u00e9rieure vous fait parfois douter de la viabilit\u00e9 de votre projet ou de votre capacit\u00e9 \u00e0 le porter. La crainte de ne pas \u00eatre \u00e0 la hauteur, la peur du jugement des autres ou une auto-critique excessive peuvent brouiller votre vision et alourdir votre \u00e9nergie d\u2019entrepreneuse. Ce coaching a pour objectif de vous aider \u00e0 vous reconnecter \u00e0 votre pleine puissance int\u00e9rieure et \u00e0 vos r\u00e9ussites pass\u00e9es.<\/p>\n<p>\u00a0\u00a0<br \/>\n\u00a0<\/p>\n<h3> Ce que nous pouvons voir ensemble :<\/h3>\n<p>\u00a0<\/p>\n<ul>\n\u00a0\u00a0<\/p>\n<li><strong>Identifier vos croyances limitantes :<\/strong> Comprendre les sources de ces doutes pour mieux les appr\u00e9hender et les d\u00e9passer.<\/li>\n<p>\u00a0\u00a0<\/p>\n<li><strong>Reconnecter avec vos r\u00e9ussites :<\/strong> Rappeler vos succ\u00e8s pass\u00e9s pour renforcer votre confiance en vous et valoriser vos comp\u00e9tences.<\/li>\n<p>\u00a0\u00a0<\/p>\n<li><strong>D\u00e9velopper une d\u00e9marche positive :<\/strong> Adopter des techniques pour transformer vos pens\u00e9es n\u00e9gatives en affirmations positives et motivantes.<\/li>\n<p>\u00a0\u00a0<\/p>\n<li><strong>\u00c9tablir des objectifs r\u00e9alistes et observables :<\/strong> Travailler ensemble pour d\u00e9finir des objectifs clairs et atteignables qui vous permettront de progresser sereinement.<\/li>\n<p>\u00a0<\/ul>\n<p>\u00a0\u00a0<br \/>\n\u00a0<\/p>\n<p>Une heure pour lib\u00e9rer votre potentiel et dynamiser votre parcours entrepreneurial !<\/p>\n<\/div>\n","protected":false},"excerpt":{"rendered":"<p>\u00a0<\/p>\n<h3> 1h de coaching pour surmonter vos croyances limitantes<\/h3>\n<p>\u00a0\u00a0<br \/>\n\u00a0<\/p>\n<p>Vous vous sentez frein\u00e9e par des croyances limitantes ? Une petite voix int\u00e9rieure vous fait parfois douter de la viabilit\u00e9 de votre projet ou de votre capacit\u00e9 \u00e0 le porter. La crainte de ne pas \u00eatre \u00e0 la hauteur, la peur du jugement des autres ou une auto-critique excessive peuvent brouiller votre vision et alourdir votre \u00e9nergie d\u2019entrepreneuse. Ce coaching a pour objectif de vous aider \u00e0 vous reconnecter \u00e0 votre pleine puissance int\u00e9rieure et \u00e0 vos r\u00e9ussites pass\u00e9es.<\/p>\n<p>\u00a0\u00a0<br \/>\n\u00a0<\/p>\n<h3> Ce que nous pouvons voir ensemble :<\/h3>\n<p>\u00a0<\/p>\n<ul>\n\u00a0\u00a0<\/p>\n<li><strong>Identifier vos croyances limitantes :<\/strong> Comprendre les sources de ces doutes pour mieux les appr\u00e9hender et les d\u00e9passer.<\/li>\n<p>\u00a0\u00a0<\/p>\n<li><strong>Reconnecter avec vos r\u00e9ussites :<\/strong> Rappeler vos succ\u00e8s pass\u00e9s pour renforcer votre confiance en vous et valoriser vos comp\u00e9tences.<\/li>\n<p>\u00a0\u00a0<\/p>\n<li><strong>D\u00e9velopper une d\u00e9marche positive :<\/strong> Adopter des techniques pour transformer vos pens\u00e9es n\u00e9gatives en affirmations positives et motivantes.<\/li>\n<p>\u00a0\u00a0<\/p>\n<li><strong>\u00c9tablir des objectifs r\u00e9alistes et observables :<\/strong> Travailler ensemble pour d\u00e9finir des objectifs clairs et atteignables qui vous permettront de progresser sereinement.<\/li>\n<p>\u00a0<\/ul>\n<p>\u00a0\u00a0<br \/>\n\u00a0<\/p>\n<p>Une heure pour lib\u00e9rer votre potentiel et dynamiser votre parcours entrepreneurial !<\/p>\n<\/div>\n","protected":false},"featured_media":270000,"template":"","format":"standard","meta":{"_acf_changed":false,"om_disable_all_campaigns":false,"_uf_show_specific_survey":0,"_uf_disable_surveys":false},"product_brand":[],"product_cat":[121],"product_tag":[143],"lieu":[125],"thematiques":[],"class_list":{"0":"post-270896","1":"product","2":"type-product","3":"status-publish","4":"format-standard","5":"has-post-thumbnail","7":"product_cat-coaching","8":"product_tag-en-ligne","9":"lieu-en-ligne","11":"first","12":"instock","13":"virtual","14":"purchasable","15":"product-type-appointment"},"exclude_global_add_ons":[],"addons":[],"acf":[],"yoast_head":"<!-- This site is optimized with the Yoast SEO plugin v24.8 - https:\/\/yoast.com\/wordpress\/plugins\/seo\/ -->\n<title>Confiance en soi et l\u00e9gitimit\u00e9 - Empow&#039;Her<\/title>\n<meta name=\"robots\" content=\"index, follow, max-snippet:-1, max-image-preview:large, max-video-preview:-1\" \/>\n<link rel=\"canonical\" href=\"https:\/\/empow-her.com\/produit\/confiance-en-soi-et-legitimite-8\/\" \/>\n<meta property=\"og:locale\" content=\"es_ES\" \/>\n<meta property=\"og:type\" content=\"article\" \/>\n<meta property=\"og:title\" content=\"Confiance en soi et l\u00e9gitimit\u00e9 - Empow&#039;Her\" \/>\n<meta property=\"og:description\" content=\"\u00a0 1h de coaching pour surmonter vos croyances limitantes \u00a0\u00a0 \u00a0Vous vous sentez frein\u00e9e par des croyances limitantes ? Une petite voix int\u00e9rieure vous fait parfois douter de la viabilit\u00e9 de votre projet ou de votre capacit\u00e9 \u00e0 le porter. La crainte de ne pas \u00eatre \u00e0 la hauteur, la peur du jugement des autres ou une auto-critique excessive peuvent brouiller votre vision et alourdir votre \u00e9nergie d\u2019entrepreneuse. Ce coaching a pour objectif de vous aider \u00e0 vous reconnecter \u00e0 votre pleine puissance int\u00e9rieure et \u00e0 vos r\u00e9ussites pass\u00e9es. \u00a0\u00a0 \u00a0 Ce que nous pouvons voir ensemble : \u00a0 \u00a0\u00a0Identifier vos croyances limitantes : Comprendre les sources de ces doutes pour mieux les appr\u00e9hender et les d\u00e9passer. \u00a0\u00a0Reconnecter avec vos r\u00e9ussites : Rappeler vos succ\u00e8s pass\u00e9s pour renforcer votre confiance en vous et valoriser vos comp\u00e9tences. \u00a0\u00a0D\u00e9velopper une d\u00e9marche positive : Adopter des techniques pour transformer vos pens\u00e9es n\u00e9gatives en affirmations positives et motivantes. \u00a0\u00a0\u00c9tablir des objectifs r\u00e9alistes et observables : Travailler ensemble pour d\u00e9finir des objectifs clairs et atteignables qui vous permettront de progresser sereinement. \u00a0 \u00a0\u00a0 \u00a0Une heure pour lib\u00e9rer votre potentiel et dynamiser votre parcours entrepreneurial !\" \/>\n<meta property=\"og:url\" content=\"https:\/\/empow-her.com\/produit\/confiance-en-soi-et-legitimite-8\/\" \/>\n<meta property=\"og:site_name\" content=\"Empow&#039;Her\" \/>\n<meta property=\"og:image\" content=\"https:\/\/empow-her.com\/wp-content\/uploads\/2025\/10\/Coaching.png\" \/>\n\t<meta property=\"og:image:width\" content=\"1080\" \/>\n\t<meta property=\"og:image:height\" content=\"1080\" \/>\n\t<meta property=\"og:image:type\" content=\"image\/png\" \/>\n<meta name=\"twitter:card\" content=\"summary_large_image\" \/>\n<meta name=\"twitter:label1\" content=\"Tiempo de lectura\" \/>\n\t<meta name=\"twitter:data1\" content=\"1 minuto\" \/>\n<script type=\"application\/ld+json\" class=\"yoast-schema-graph\">{\"@context\":\"https:\/\/schema.org\",\"@graph\":[{\"@type\":\"WebPage\",\"@id\":\"https:\/\/empow-her.com\/produit\/confiance-en-soi-et-legitimite-8\/\",\"url\":\"https:\/\/empow-her.com\/produit\/confiance-en-soi-et-legitimite-8\/\",\"name\":\"Confiance en soi et l\u00e9gitimit\u00e9 - Empow&#039;Her\",\"isPartOf\":{\"@id\":\"https:\/\/empow-her.com\/#website\"},\"primaryImageOfPage\":{\"@id\":\"https:\/\/empow-her.com\/produit\/confiance-en-soi-et-legitimite-8\/#primaryimage\"},\"image\":{\"@id\":\"https:\/\/empow-her.com\/produit\/confiance-en-soi-et-legitimite-8\/#primaryimage\"},\"thumbnailUrl\":\"https:\/\/empow-her.com\/wp-content\/uploads\/2025\/10\/Coaching.png\",\"datePublished\":\"2025-12-17T14:00:00+00:00\",\"breadcrumb\":{\"@id\":\"https:\/\/empow-her.com\/produit\/confiance-en-soi-et-legitimite-8\/#breadcrumb\"},\"inLanguage\":\"es\",\"potentialAction\":[{\"@type\":\"ReadAction\",\"target\":[\"https:\/\/empow-her.com\/produit\/confiance-en-soi-et-legitimite-8\/\"]}]},{\"@type\":\"ImageObject\",\"inLanguage\":\"es\",\"@id\":\"https:\/\/empow-her.com\/produit\/confiance-en-soi-et-legitimite-8\/#primaryimage\",\"url\":\"https:\/\/empow-her.com\/wp-content\/uploads\/2025\/10\/Coaching.png\",\"contentUrl\":\"https:\/\/empow-her.com\/wp-content\/uploads\/2025\/10\/Coaching.png\",\"width\":1080,\"height\":1080},{\"@type\":\"BreadcrumbList\",\"@id\":\"https:\/\/empow-her.com\/produit\/confiance-en-soi-et-legitimite-8\/#breadcrumb\",\"itemListElement\":[{\"@type\":\"ListItem\",\"position\":1,\"name\":\"Accueil\",\"item\":\"https:\/\/empow-her.com\/es\/inicio\/\"},{\"@type\":\"ListItem\",\"position\":2,\"name\":\"LA BOUTIQUE\",\"item\":\"https:\/\/empow-her.com\/boutique\/\"},{\"@type\":\"ListItem\",\"position\":3,\"name\":\"Confiance en soi et l\u00e9gitimit\u00e9\"}]},{\"@type\":\"WebSite\",\"@id\":\"https:\/\/empow-her.com\/#website\",\"url\":\"https:\/\/empow-her.com\/\",\"name\":\"Empow&#039;Her\",\"description\":\"Women Development\",\"potentialAction\":[{\"@type\":\"SearchAction\",\"target\":{\"@type\":\"EntryPoint\",\"urlTemplate\":\"https:\/\/empow-her.com\/?s={search_term_string}\"},\"query-input\":{\"@type\":\"PropertyValueSpecification\",\"valueRequired\":true,\"valueName\":\"search_term_string\"}}],\"inLanguage\":\"es\"}]}<\/script>\n<!-- \/ Yoast SEO plugin. -->","yoast_head_json":{"title":"Confiance en soi et l\u00e9gitimit\u00e9 - Empow&#039;Her","robots":{"index":"index","follow":"follow","max-snippet":"max-snippet:-1","max-image-preview":"max-image-preview:large","max-video-preview":"max-video-preview:-1"},"canonical":"https:\/\/empow-her.com\/produit\/confiance-en-soi-et-legitimite-8\/","og_locale":"es_ES","og_type":"article","og_title":"Confiance en soi et l\u00e9gitimit\u00e9 - Empow&#039;Her","og_description":"\u00a0 1h de coaching pour surmonter vos croyances limitantes \u00a0\u00a0 \u00a0Vous vous sentez frein\u00e9e par des croyances limitantes ? Une petite voix int\u00e9rieure vous fait parfois douter de la viabilit\u00e9 de votre projet ou de votre capacit\u00e9 \u00e0 le porter. La crainte de ne pas \u00eatre \u00e0 la hauteur, la peur du jugement des autres ou une auto-critique excessive peuvent brouiller votre vision et alourdir votre \u00e9nergie d\u2019entrepreneuse. Ce coaching a pour objectif de vous aider \u00e0 vous reconnecter \u00e0 votre pleine puissance int\u00e9rieure et \u00e0 vos r\u00e9ussites pass\u00e9es. \u00a0\u00a0 \u00a0 Ce que nous pouvons voir ensemble : \u00a0 \u00a0\u00a0Identifier vos croyances limitantes : Comprendre les sources de ces doutes pour mieux les appr\u00e9hender et les d\u00e9passer. \u00a0\u00a0Reconnecter avec vos r\u00e9ussites : Rappeler vos succ\u00e8s pass\u00e9s pour renforcer votre confiance en vous et valoriser vos comp\u00e9tences. \u00a0\u00a0D\u00e9velopper une d\u00e9marche positive : Adopter des techniques pour transformer vos pens\u00e9es n\u00e9gatives en affirmations positives et motivantes. \u00a0\u00a0\u00c9tablir des objectifs r\u00e9alistes et observables : Travailler ensemble pour d\u00e9finir des objectifs clairs et atteignables qui vous permettront de progresser sereinement. \u00a0 \u00a0\u00a0 \u00a0Une heure pour lib\u00e9rer votre potentiel et dynamiser votre parcours entrepreneurial !","og_url":"https:\/\/empow-her.com\/produit\/confiance-en-soi-et-legitimite-8\/","og_site_name":"Empow&#039;Her","og_image":[{"width":1080,"height":1080,"url":"https:\/\/empow-her.com\/wp-content\/uploads\/2025\/10\/Coaching.png","type":"image\/png"}],"twitter_card":"summary_large_image","twitter_misc":{"Tiempo de lectura":"1 minuto"},"schema":{"@context":"https:\/\/schema.org","@graph":[{"@type":"WebPage","@id":"https:\/\/empow-her.com\/produit\/confiance-en-soi-et-legitimite-8\/","url":"https:\/\/empow-her.com\/produit\/confiance-en-soi-et-legitimite-8\/","name":"Confiance en soi et l\u00e9gitimit\u00e9 - Empow&#039;Her","isPartOf":{"@id":"https:\/\/empow-her.com\/#website"},"primaryImageOfPage":{"@id":"https:\/\/empow-her.com\/produit\/confiance-en-soi-et-legitimite-8\/#primaryimage"},"image":{"@id":"https:\/\/empow-her.com\/produit\/confiance-en-soi-et-legitimite-8\/#primaryimage"},"thumbnailUrl":"https:\/\/empow-her.com\/wp-content\/uploads\/2025\/10\/Coaching.png","datePublished":"2025-12-17T14:00:00+00:00","breadcrumb":{"@id":"https:\/\/empow-her.com\/produit\/confiance-en-soi-et-legitimite-8\/#breadcrumb"},"inLanguage":"es","potentialAction":[{"@type":"ReadAction","target":["https:\/\/empow-her.com\/produit\/confiance-en-soi-et-legitimite-8\/"]}]},{"@type":"ImageObject","inLanguage":"es","@id":"https:\/\/empow-her.com\/produit\/confiance-en-soi-et-legitimite-8\/#primaryimage","url":"https:\/\/empow-her.com\/wp-content\/uploads\/2025\/10\/Coaching.png","contentUrl":"https:\/\/empow-her.com\/wp-content\/uploads\/2025\/10\/Coaching.png","width":1080,"height":1080},{"@type":"BreadcrumbList","@id":"https:\/\/empow-her.com\/produit\/confiance-en-soi-et-legitimite-8\/#breadcrumb","itemListElement":[{"@type":"ListItem","position":1,"name":"Accueil","item":"https:\/\/empow-her.com\/es\/inicio\/"},{"@type":"ListItem","position":2,"name":"LA BOUTIQUE","item":"https:\/\/empow-her.com\/boutique\/"},{"@type":"ListItem","position":3,"name":"Confiance en soi et l\u00e9gitimit\u00e9"}]},{"@type":"WebSite","@id":"https:\/\/empow-her.com\/#website","url":"https:\/\/empow-her.com\/","name":"Empow&#039;Her","description":"Women Development","potentialAction":[{"@type":"SearchAction","target":{"@type":"EntryPoint","urlTemplate":"https:\/\/empow-her.com\/?s={search_term_string}"},"query-input":{"@type":"PropertyValueSpecification","valueRequired":true,"valueName":"search_term_string"}}],"inLanguage":"es"}]}},"_links":{"self":[{"href":"https:\/\/empow-her.com\/es\/wp-json\/wp\/v2\/product\/270896","targetHints":{"allow":["GET"]}}],"collection":[{"href":"https:\/\/empow-her.com\/es\/wp-json\/wp\/v2\/product"}],"about":[{"href":"https:\/\/empow-her.com\/es\/wp-json\/wp\/v2\/types\/product"}],"wp:featuredmedia":[{"embeddable":true,"href":"https:\/\/empow-her.com\/es\/wp-json\/wp\/v2\/media\/270000"}],"wp:attachment":[{"href":"https:\/\/empow-her.com\/es\/wp-json\/wp\/v2\/media?parent=270896"}],"wp:term":[{"taxonomy":"product_brand","embeddable":true,"href":"https:\/\/empow-her.com\/es\/wp-json\/wp\/v2\/product_brand?post=270896"},{"taxonomy":"product_cat","embeddable":true,"href":"https:\/\/empow-her.com\/es\/wp-json\/wp\/v2\/product_cat?post=270896"},{"taxonomy":"product_tag","embeddable":true,"href":"https:\/\/empow-her.com\/es\/wp-json\/wp\/v2\/product_tag?post=270896"},{"taxonomy":"lieu","embeddable":true,"href":"https:\/\/empow-her.com\/es\/wp-json\/wp\/v2\/lieu?post=270896"},{"taxonomy":"thematiques","embeddable":true,"href":"https:\/\/empow-her.com\/es\/wp-json\/wp\/v2\/thematiques?post=270896"}],"curies":[{"name":"wp","href":"https:\/\/api.w.org\/{rel}","templated":true}]}}