{"id":270729,"date":"2025-11-18T16:21:23","date_gmt":"2025-11-18T15:21:23","guid":{"rendered":"https:\/\/empow-her.com\/?post_type=product&#038;p=270729"},"modified":"2025-11-18T16:29:29","modified_gmt":"2025-11-18T15:29:29","slug":"rendez-vous-de-lentrepreneuriat-feminin-echanger-partager-sinspirer","status":"publish","type":"product","link":"https:\/\/empow-her.com\/es\/produit\/rendez-vous-de-lentrepreneuriat-feminin-echanger-partager-sinspirer\/","title":{"rendered":"Rendez-vous de L&#8217;Entrepreneuriat F\u00e9minin : \u00e9changer, partager, s\u2019inspirer"},"content":{"rendered":"<p style=\"text-align: center;\"><strong>\u00a0PULSE organise un \u00e9v\u00e9nement pour les entrepreneuses le mercredi 17 d\u00e9cembre\u00a0<\/strong><u><\/u><\/p>\n<p>Le mercredi 17 d\u00e9cembre apr\u00e8s-midi, participez \u00e0 un \u00e9v\u00e9nement d\u00e9di\u00e9 aux femmes et venez partager vos exp\u00e9riences au sein de groupes de partage dans un cadre convivial, bienveillant et inspirant\u200b Dans le cadre du programme Elles Ensemble, apr\u00e8s 6 \u00e9ditions, PULSE met en avant les femmes entrepreneuses en les accompagnant \u00e0 travers des programmes d\u00e9di\u00e9s \u00e0 leur succ\u00e8s. Gr\u00e2ce au soutien de la Fondation Alstom, ils souhaitent valoriser le parcours des femmes entrepreneuses et cr\u00e9er des connexions entre elles \u00e0 travers un \u00e9v\u00e9nement unique.<\/p>\n<p><strong>Au programme :<\/strong><u><\/u><u><\/u><\/p>\n<ul>\n<li><em>Accueil autour d\u2019un caf\u00e9 pour une ambiance chaleureuse<\/em><\/li>\n<li><em>Cercles de partage : l&#8217;impact de la parentalit\u00e9 sur l&#8217;entrepreneuriat f\u00e9minin, les st\u00e9r\u00e9otypes de genre, le r\u00f4le du r\u00e9seau dans la cr\u00e9ation de communaut\u00e9s de soutien\u2026<\/em><\/li>\n<li><em>Un moment de networking pour \u00e9largir votre r\u00e9seau et renforcer vos collaborations future<\/em><\/li>\n<\/ul>\n<p>&nbsp;<\/p>\n<p>Une facilitatrice graphique sera pr\u00e9sente pour illustrer vos \u00e9changes<\/p>\n<p><strong> Lieu : <\/strong>La Marbrerie, 21 Rue Alexis Lepere, 93100 Montreuil<u><\/u><\/p>\n<p>Les places sont limit\u00e9es ! Inscrivez-vous d\u00e8s maintenant pour participer !<u><\/u><\/p>\n","protected":false},"excerpt":{"rendered":"<p style=\"text-align: center;\"><strong>\u00a0PULSE organise un \u00e9v\u00e9nement pour les entrepreneuses le mercredi 17 d\u00e9cembre\u00a0<\/strong><u><\/u><\/p>\n<p>Le mercredi 17 d\u00e9cembre apr\u00e8s-midi, participez \u00e0 un \u00e9v\u00e9nement d\u00e9di\u00e9 aux femmes et venez partager vos exp\u00e9riences au sein de groupes de partage dans un cadre convivial, bienveillant et inspirant\u200b Dans le cadre du programme Elles Ensemble, apr\u00e8s 6 \u00e9ditions, PULSE met en avant les femmes entrepreneuses en les accompagnant \u00e0 travers des programmes d\u00e9di\u00e9s \u00e0 leur succ\u00e8s. Gr\u00e2ce au soutien de la Fondation Alstom, ils souhaitent valoriser le parcours des femmes entrepreneuses et cr\u00e9er des connexions entre elles \u00e0 travers un \u00e9v\u00e9nement unique.<\/p>\n<p><strong>Au programme :<\/strong><u><\/u><u><\/u><\/p>\n<ul>\n<li><em>Accueil autour d\u2019un caf\u00e9 pour une ambiance chaleureuse<\/em><\/li>\n<li><em>Cercles de partage : l&#8217;impact de la parentalit\u00e9 sur l&#8217;entrepreneuriat f\u00e9minin, les st\u00e9r\u00e9otypes de genre, le r\u00f4le du r\u00e9seau dans la cr\u00e9ation de communaut\u00e9s de soutien\u2026<\/em><\/li>\n<li><em>Un moment de networking pour \u00e9largir votre r\u00e9seau et renforcer vos collaborations future<\/em><\/li>\n<\/ul>\n<p>&nbsp;<\/p>\n<p>Une facilitatrice graphique sera pr\u00e9sente pour illustrer vos \u00e9changes<\/p>\n<p><strong> Lieu : <\/strong>La Marbrerie, 21 Rue Alexis Lepere, 93100 Montreuil<u><\/u><\/p>\n<p>Les places sont limit\u00e9es ! Inscrivez-vous d\u00e8s maintenant pour participer !<\/p>\n","protected":false},"featured_media":270730,"template":"","format":"standard","meta":{"_acf_changed":false,"om_disable_all_campaigns":false,"_uf_show_specific_survey":0,"_uf_disable_surveys":false},"product_brand":[],"product_cat":[228],"product_tag":[],"lieu":[230],"thematiques":[],"class_list":{"0":"post-270729","1":"product","2":"type-product","3":"status-publish","4":"format-standard","5":"has-post-thumbnail","7":"product_cat-rencontre-ecosysteme","8":"lieu-la-marbrerie","10":"first","11":"instock","12":"virtual","13":"purchasable","14":"product-type-appointment"},"exclude_global_add_ons":[],"addons":[],"acf":[],"yoast_head":"<!-- This site is optimized with the Yoast SEO plugin v24.8 - https:\/\/yoast.com\/wordpress\/plugins\/seo\/ -->\n<title>Rendez-vous de L&#039;Entrepreneuriat F\u00e9minin : \u00e9changer, partager, s\u2019inspirer - Empow&#039;Her<\/title>\n<meta name=\"robots\" content=\"index, follow, max-snippet:-1, max-image-preview:large, max-video-preview:-1\" \/>\n<link rel=\"canonical\" href=\"https:\/\/empow-her.com\/produit\/rendez-vous-de-lentrepreneuriat-feminin-echanger-partager-sinspirer\/\" \/>\n<meta property=\"og:locale\" content=\"es_ES\" \/>\n<meta property=\"og:type\" content=\"article\" \/>\n<meta property=\"og:title\" content=\"Rendez-vous de L&#039;Entrepreneuriat F\u00e9minin : \u00e9changer, partager, s\u2019inspirer - Empow&#039;Her\" \/>\n<meta property=\"og:description\" content=\"\u00a0PULSE organise un \u00e9v\u00e9nement pour les entrepreneuses le mercredi 17 d\u00e9cembre\u00a0 Le mercredi 17 d\u00e9cembre apr\u00e8s-midi, participez \u00e0 un \u00e9v\u00e9nement d\u00e9di\u00e9 aux femmes et venez partager vos exp\u00e9riences au sein de groupes de partage dans un cadre convivial, bienveillant et inspirant\u200b Dans le cadre du programme Elles Ensemble, apr\u00e8s 6 \u00e9ditions, PULSE met en avant les femmes entrepreneuses en les accompagnant \u00e0 travers des programmes d\u00e9di\u00e9s \u00e0 leur succ\u00e8s. Gr\u00e2ce au soutien de la Fondation Alstom, ils souhaitent valoriser le parcours des femmes entrepreneuses et cr\u00e9er des connexions entre elles \u00e0 travers un \u00e9v\u00e9nement unique.  Au programme :   Accueil autour d\u2019un caf\u00e9 pour une ambiance chaleureuse  Cercles de partage : l&#039;impact de la parentalit\u00e9 sur l&#039;entrepreneuriat f\u00e9minin, les st\u00e9r\u00e9otypes de genre, le r\u00f4le du r\u00e9seau dans la cr\u00e9ation de communaut\u00e9s de soutien\u2026  Un moment de networking pour \u00e9largir votre r\u00e9seau et renforcer vos collaborations future  &nbsp;  Une facilitatrice graphique sera pr\u00e9sente pour illustrer vos \u00e9changes   Lieu : La Marbrerie, 21 Rue Alexis Lepere, 93100 Montreuil  Les places sont limit\u00e9es ! Inscrivez-vous d\u00e8s maintenant pour participer !\" \/>\n<meta property=\"og:url\" content=\"https:\/\/empow-her.com\/produit\/rendez-vous-de-lentrepreneuriat-feminin-echanger-partager-sinspirer\/\" \/>\n<meta property=\"og:site_name\" content=\"Empow&#039;Her\" \/>\n<meta property=\"article:modified_time\" content=\"2025-11-18T15:29:29+00:00\" \/>\n<meta property=\"og:image\" content=\"https:\/\/empow-her.com\/wp-content\/uploads\/2025\/11\/Evenement-du-17-decembre.png\" \/>\n\t<meta property=\"og:image:width\" content=\"1080\" \/>\n\t<meta property=\"og:image:height\" content=\"1350\" \/>\n\t<meta property=\"og:image:type\" content=\"image\/png\" \/>\n<meta name=\"twitter:card\" content=\"summary_large_image\" \/>\n<meta name=\"twitter:label1\" content=\"Tiempo de lectura\" \/>\n\t<meta name=\"twitter:data1\" content=\"2 minutos\" \/>\n<script type=\"application\/ld+json\" class=\"yoast-schema-graph\">{\"@context\":\"https:\/\/schema.org\",\"@graph\":[{\"@type\":\"WebPage\",\"@id\":\"https:\/\/empow-her.com\/produit\/rendez-vous-de-lentrepreneuriat-feminin-echanger-partager-sinspirer\/\",\"url\":\"https:\/\/empow-her.com\/produit\/rendez-vous-de-lentrepreneuriat-feminin-echanger-partager-sinspirer\/\",\"name\":\"Rendez-vous de L'Entrepreneuriat F\u00e9minin : \u00e9changer, partager, s\u2019inspirer - Empow&#039;Her\",\"isPartOf\":{\"@id\":\"https:\/\/empow-her.com\/#website\"},\"primaryImageOfPage\":{\"@id\":\"https:\/\/empow-her.com\/produit\/rendez-vous-de-lentrepreneuriat-feminin-echanger-partager-sinspirer\/#primaryimage\"},\"image\":{\"@id\":\"https:\/\/empow-her.com\/produit\/rendez-vous-de-lentrepreneuriat-feminin-echanger-partager-sinspirer\/#primaryimage\"},\"thumbnailUrl\":\"https:\/\/empow-her.com\/wp-content\/uploads\/2025\/11\/Evenement-du-17-decembre.png\",\"datePublished\":\"2025-11-18T15:21:23+00:00\",\"dateModified\":\"2025-11-18T15:29:29+00:00\",\"breadcrumb\":{\"@id\":\"https:\/\/empow-her.com\/produit\/rendez-vous-de-lentrepreneuriat-feminin-echanger-partager-sinspirer\/#breadcrumb\"},\"inLanguage\":\"es\",\"potentialAction\":[{\"@type\":\"ReadAction\",\"target\":[\"https:\/\/empow-her.com\/produit\/rendez-vous-de-lentrepreneuriat-feminin-echanger-partager-sinspirer\/\"]}]},{\"@type\":\"ImageObject\",\"inLanguage\":\"es\",\"@id\":\"https:\/\/empow-her.com\/produit\/rendez-vous-de-lentrepreneuriat-feminin-echanger-partager-sinspirer\/#primaryimage\",\"url\":\"https:\/\/empow-her.com\/wp-content\/uploads\/2025\/11\/Evenement-du-17-decembre.png\",\"contentUrl\":\"https:\/\/empow-her.com\/wp-content\/uploads\/2025\/11\/Evenement-du-17-decembre.png\",\"width\":1080,\"height\":1350},{\"@type\":\"BreadcrumbList\",\"@id\":\"https:\/\/empow-her.com\/produit\/rendez-vous-de-lentrepreneuriat-feminin-echanger-partager-sinspirer\/#breadcrumb\",\"itemListElement\":[{\"@type\":\"ListItem\",\"position\":1,\"name\":\"Accueil\",\"item\":\"https:\/\/empow-her.com\/es\/inicio\/\"},{\"@type\":\"ListItem\",\"position\":2,\"name\":\"LA BOUTIQUE\",\"item\":\"https:\/\/empow-her.com\/boutique\/\"},{\"@type\":\"ListItem\",\"position\":3,\"name\":\"Rendez-vous de L&#8217;Entrepreneuriat F\u00e9minin : \u00e9changer, partager, s\u2019inspirer\"}]},{\"@type\":\"WebSite\",\"@id\":\"https:\/\/empow-her.com\/#website\",\"url\":\"https:\/\/empow-her.com\/\",\"name\":\"Empow&#039;Her\",\"description\":\"Women Development\",\"potentialAction\":[{\"@type\":\"SearchAction\",\"target\":{\"@type\":\"EntryPoint\",\"urlTemplate\":\"https:\/\/empow-her.com\/?s={search_term_string}\"},\"query-input\":{\"@type\":\"PropertyValueSpecification\",\"valueRequired\":true,\"valueName\":\"search_term_string\"}}],\"inLanguage\":\"es\"}]}<\/script>\n<!-- \/ Yoast SEO plugin. -->","yoast_head_json":{"title":"Rendez-vous de L'Entrepreneuriat F\u00e9minin : \u00e9changer, partager, s\u2019inspirer - Empow&#039;Her","robots":{"index":"index","follow":"follow","max-snippet":"max-snippet:-1","max-image-preview":"max-image-preview:large","max-video-preview":"max-video-preview:-1"},"canonical":"https:\/\/empow-her.com\/produit\/rendez-vous-de-lentrepreneuriat-feminin-echanger-partager-sinspirer\/","og_locale":"es_ES","og_type":"article","og_title":"Rendez-vous de L'Entrepreneuriat F\u00e9minin : \u00e9changer, partager, s\u2019inspirer - Empow&#039;Her","og_description":"\u00a0PULSE organise un \u00e9v\u00e9nement pour les entrepreneuses le mercredi 17 d\u00e9cembre\u00a0 Le mercredi 17 d\u00e9cembre apr\u00e8s-midi, participez \u00e0 un \u00e9v\u00e9nement d\u00e9di\u00e9 aux femmes et venez partager vos exp\u00e9riences au sein de groupes de partage dans un cadre convivial, bienveillant et inspirant\u200b Dans le cadre du programme Elles Ensemble, apr\u00e8s 6 \u00e9ditions, PULSE met en avant les femmes entrepreneuses en les accompagnant \u00e0 travers des programmes d\u00e9di\u00e9s \u00e0 leur succ\u00e8s. Gr\u00e2ce au soutien de la Fondation Alstom, ils souhaitent valoriser le parcours des femmes entrepreneuses et cr\u00e9er des connexions entre elles \u00e0 travers un \u00e9v\u00e9nement unique.  Au programme :   Accueil autour d\u2019un caf\u00e9 pour une ambiance chaleureuse  Cercles de partage : l'impact de la parentalit\u00e9 sur l'entrepreneuriat f\u00e9minin, les st\u00e9r\u00e9otypes de genre, le r\u00f4le du r\u00e9seau dans la cr\u00e9ation de communaut\u00e9s de soutien\u2026  Un moment de networking pour \u00e9largir votre r\u00e9seau et renforcer vos collaborations future  &nbsp;  Une facilitatrice graphique sera pr\u00e9sente pour illustrer vos \u00e9changes   Lieu : La Marbrerie, 21 Rue Alexis Lepere, 93100 Montreuil  Les places sont limit\u00e9es ! Inscrivez-vous d\u00e8s maintenant pour participer !","og_url":"https:\/\/empow-her.com\/produit\/rendez-vous-de-lentrepreneuriat-feminin-echanger-partager-sinspirer\/","og_site_name":"Empow&#039;Her","article_modified_time":"2025-11-18T15:29:29+00:00","og_image":[{"width":1080,"height":1350,"url":"https:\/\/empow-her.com\/wp-content\/uploads\/2025\/11\/Evenement-du-17-decembre.png","type":"image\/png"}],"twitter_card":"summary_large_image","twitter_misc":{"Tiempo de lectura":"2 minutos"},"schema":{"@context":"https:\/\/schema.org","@graph":[{"@type":"WebPage","@id":"https:\/\/empow-her.com\/produit\/rendez-vous-de-lentrepreneuriat-feminin-echanger-partager-sinspirer\/","url":"https:\/\/empow-her.com\/produit\/rendez-vous-de-lentrepreneuriat-feminin-echanger-partager-sinspirer\/","name":"Rendez-vous de L'Entrepreneuriat F\u00e9minin : \u00e9changer, partager, s\u2019inspirer - Empow&#039;Her","isPartOf":{"@id":"https:\/\/empow-her.com\/#website"},"primaryImageOfPage":{"@id":"https:\/\/empow-her.com\/produit\/rendez-vous-de-lentrepreneuriat-feminin-echanger-partager-sinspirer\/#primaryimage"},"image":{"@id":"https:\/\/empow-her.com\/produit\/rendez-vous-de-lentrepreneuriat-feminin-echanger-partager-sinspirer\/#primaryimage"},"thumbnailUrl":"https:\/\/empow-her.com\/wp-content\/uploads\/2025\/11\/Evenement-du-17-decembre.png","datePublished":"2025-11-18T15:21:23+00:00","dateModified":"2025-11-18T15:29:29+00:00","breadcrumb":{"@id":"https:\/\/empow-her.com\/produit\/rendez-vous-de-lentrepreneuriat-feminin-echanger-partager-sinspirer\/#breadcrumb"},"inLanguage":"es","potentialAction":[{"@type":"ReadAction","target":["https:\/\/empow-her.com\/produit\/rendez-vous-de-lentrepreneuriat-feminin-echanger-partager-sinspirer\/"]}]},{"@type":"ImageObject","inLanguage":"es","@id":"https:\/\/empow-her.com\/produit\/rendez-vous-de-lentrepreneuriat-feminin-echanger-partager-sinspirer\/#primaryimage","url":"https:\/\/empow-her.com\/wp-content\/uploads\/2025\/11\/Evenement-du-17-decembre.png","contentUrl":"https:\/\/empow-her.com\/wp-content\/uploads\/2025\/11\/Evenement-du-17-decembre.png","width":1080,"height":1350},{"@type":"BreadcrumbList","@id":"https:\/\/empow-her.com\/produit\/rendez-vous-de-lentrepreneuriat-feminin-echanger-partager-sinspirer\/#breadcrumb","itemListElement":[{"@type":"ListItem","position":1,"name":"Accueil","item":"https:\/\/empow-her.com\/es\/inicio\/"},{"@type":"ListItem","position":2,"name":"LA BOUTIQUE","item":"https:\/\/empow-her.com\/boutique\/"},{"@type":"ListItem","position":3,"name":"Rendez-vous de L&#8217;Entrepreneuriat F\u00e9minin : \u00e9changer, partager, s\u2019inspirer"}]},{"@type":"WebSite","@id":"https:\/\/empow-her.com\/#website","url":"https:\/\/empow-her.com\/","name":"Empow&#039;Her","description":"Women Development","potentialAction":[{"@type":"SearchAction","target":{"@type":"EntryPoint","urlTemplate":"https:\/\/empow-her.com\/?s={search_term_string}"},"query-input":{"@type":"PropertyValueSpecification","valueRequired":true,"valueName":"search_term_string"}}],"inLanguage":"es"}]}},"_links":{"self":[{"href":"https:\/\/empow-her.com\/es\/wp-json\/wp\/v2\/product\/270729","targetHints":{"allow":["GET"]}}],"collection":[{"href":"https:\/\/empow-her.com\/es\/wp-json\/wp\/v2\/product"}],"about":[{"href":"https:\/\/empow-her.com\/es\/wp-json\/wp\/v2\/types\/product"}],"wp:featuredmedia":[{"embeddable":true,"href":"https:\/\/empow-her.com\/es\/wp-json\/wp\/v2\/media\/270730"}],"wp:attachment":[{"href":"https:\/\/empow-her.com\/es\/wp-json\/wp\/v2\/media?parent=270729"}],"wp:term":[{"taxonomy":"product_brand","embeddable":true,"href":"https:\/\/empow-her.com\/es\/wp-json\/wp\/v2\/product_brand?post=270729"},{"taxonomy":"product_cat","embeddable":true,"href":"https:\/\/empow-her.com\/es\/wp-json\/wp\/v2\/product_cat?post=270729"},{"taxonomy":"product_tag","embeddable":true,"href":"https:\/\/empow-her.com\/es\/wp-json\/wp\/v2\/product_tag?post=270729"},{"taxonomy":"lieu","embeddable":true,"href":"https:\/\/empow-her.com\/es\/wp-json\/wp\/v2\/lieu?post=270729"},{"taxonomy":"thematiques","embeddable":true,"href":"https:\/\/empow-her.com\/es\/wp-json\/wp\/v2\/thematiques?post=270729"}],"curies":[{"name":"wp","href":"https:\/\/api.w.org\/{rel}","templated":true}]}}