{"id":270718,"date":"2025-11-17T11:38:36","date_gmt":"2025-11-17T10:38:36","guid":{"rendered":"https:\/\/empow-her.com\/?post_type=product&#038;p=270718"},"modified":"2025-11-17T17:04:37","modified_gmt":"2025-11-17T16:04:37","slug":"entreprendre-pour-demain-marche-de-createur-ateliers","status":"publish","type":"product","link":"https:\/\/empow-her.com\/es\/produit\/entreprendre-pour-demain-marche-de-createur-ateliers\/","title":{"rendered":"Entreprendre pour demain &#8211; march\u00e9 de cr\u00e9ateur.ices &#038; ateliers"},"content":{"rendered":"<h3 style=\"text-align: center;\"><strong>Entreprendre pour demain<\/strong><\/h3>\n<p>Vous avez un projet de cr\u00e9ation d&#8217;entreprise ou vous souhaitez simplement d\u00e9couvrir des initiatives locales ? Venez rencontrer des experts, \u00e9changer avec des cr\u00e9ateurs engag\u00e9s accompagn\u00e9s par l&#8217;ADIE, et faire vos achats sur un march\u00e9 de cr\u00e9ateur.<\/p>\n<p><strong>Au programme:<\/strong><\/p>\n<ul>\n<li>March\u00e9 de cr\u00e9ateurs et d\u00e9monstrations de leur projets locaux<\/li>\n<li>\n<div class=\"meSK8 M7eMe\" role=\"heading\" aria-level=\"2\">Atelier p\u00e9dagogique<\/div>\n<ul>\n<li>\n<div class=\"meSK8 M7eMe\" role=\"heading\" aria-level=\"2\"><i>14:30 &#8211; 15:00. Les 3 pas d&#8217;un projet plus durable<\/i><i> (Anim\u00e9 par Empow&#8217;her)<\/i><\/div>\n<\/li>\n<li>\n<div class=\"meSK8 M7eMe\" role=\"heading\" aria-level=\"2\"><i><\/i><i>15:15 &#8211; 15:45. Sensibiliser \u00e0 l&#8217;achat \u00e9co responsable (Anim\u00e9 par l&#8217;ADIE)<\/i><\/div>\n<\/li>\n<li>\n<div class=\"meSK8 M7eMe\" role=\"heading\" aria-level=\"2\"><i><\/i><i>16:00 &#8211; 16:45. Pr\u00e9sentation des nouvelles r\u00e8gles d&#8217;indemnisation France Travail &amp; pr\u00e9sentation de l&#8217;ADIE (Anim\u00e9 par France Travail et l&#8217;ADIE)<\/i><i><\/i><i><\/i><\/div>\n<\/li>\n<\/ul>\n<\/li>\n<li>Ateliers participatifs\n<ul>\n<li>Confection de portes-cl\u00e9s: 16:00-16:30<\/li>\n<li>Introduction \u00e0 la r\u00e9paration de v\u00e9lo: 16:45-17:15<\/li>\n<\/ul>\n<\/li>\n<li>Tombola<\/li>\n<\/ul>\n<p>&nbsp;<\/p>\n<p><strong>Localisation:<\/strong> grande halle Wikivillage &#8211; 8 rue srebrenica 75020<\/p>\n<p>&nbsp;<\/p>\n<p>Pour vous inscrire c&#8217;est juste ici: https:\/\/docs.google.com\/forms\/d\/e\/1FAIpQLSfM6oHfmkxjMnRuVchzd5OwhcwG8-Ul4PG_gBT8UsdVXndVrQ\/viewform<\/p>\n<p>&nbsp;<\/p>\n<p><strong>Renseignement:<\/strong> <em>L\u00e9a Fortin (lfortin@adie.org &#8211; 06.75.83.82.48)<\/em><\/p>\n","protected":false},"excerpt":{"rendered":"<h3 style=\"text-align: center;\"><strong>Entreprendre pour demain<\/strong><\/h3>\n<p>Vous avez un projet de cr\u00e9ation d&#8217;entreprise ou vous souhaitez simplement d\u00e9couvrir des initiatives locales ? Venez rencontrer des experts, \u00e9changer avec des cr\u00e9ateurs engag\u00e9s accompagn\u00e9s par l&#8217;ADIE, et faire vos achats sur un march\u00e9 de cr\u00e9ateur.<\/p>\n<p><strong>Au programme:<\/strong><\/p>\n<ul>\n<li>March\u00e9 de cr\u00e9ateurs et d\u00e9monstrations de leur projets locaux<\/li>\n<li>\n<div class=\"meSK8 M7eMe\" role=\"heading\" aria-level=\"2\">Atelier p\u00e9dagogique<\/div>\n<ul>\n<li>\n<div class=\"meSK8 M7eMe\" role=\"heading\" aria-level=\"2\"><i>14:30 &#8211; 15:00. Les 3 pas d&#8217;un projet plus durable<\/i><i> (Anim\u00e9 par Empow&#8217;her)<\/i><\/div>\n<\/li>\n<li>\n<div class=\"meSK8 M7eMe\" role=\"heading\" aria-level=\"2\"><i><\/i><i>15:15 &#8211; 15:45. Sensibiliser \u00e0 l&#8217;achat \u00e9co responsable (Anim\u00e9 par l&#8217;ADIE)<\/i><\/div>\n<\/li>\n<li>\n<div class=\"meSK8 M7eMe\" role=\"heading\" aria-level=\"2\"><i><\/i><i>16:00 &#8211; 16:45. Pr\u00e9sentation des nouvelles r\u00e8gles d&#8217;indemnisation France Travail &amp; pr\u00e9sentation de l&#8217;ADIE (Anim\u00e9 par France Travail et l&#8217;ADIE)<\/i><i><\/i><i><\/i><\/div>\n<\/li>\n<\/ul>\n<\/li>\n<li>Ateliers participatifs\n<ul>\n<li>Confection de portes-cl\u00e9s: 16:00-16:30<\/li>\n<li>Introduction \u00e0 la r\u00e9paration de v\u00e9lo: 16:45-17:15<\/li>\n<\/ul>\n<\/li>\n<li>Tombola<\/li>\n<\/ul>\n<p><strong>Localisation:<\/strong> grande halle Wikivillage &#8211; 8 rue srebrenica 75020<\/p>\n<p>&nbsp;<\/p>\n<p>Pour vous inscrire c&#8217;est juste ici: https:\/\/docs.google.com\/forms\/d\/e\/1FAIpQLSfM6oHfmkxjMnRuVchzd5OwhcwG8-Ul4PG_gBT8UsdVXndVrQ\/viewform<\/p>\n<p>&nbsp;<\/p>\n<p><strong>Renseignement:<\/strong> <em>L\u00e9a Fortin (lfortin@adie.org &#8211; 06.75.83.82.48)<\/em><\/p>\n","protected":false},"featured_media":270719,"template":"","format":"standard","meta":{"_acf_changed":false,"om_disable_all_campaigns":false,"_uf_show_specific_survey":0,"_uf_disable_surveys":false},"product_brand":[],"product_cat":[228],"product_tag":[169],"lieu":[219],"thematiques":[],"class_list":{"0":"post-270718","1":"product","2":"type-product","3":"status-publish","4":"format-standard","5":"has-post-thumbnail","7":"product_cat-rencontre-ecosysteme","8":"product_tag-externe","9":"lieu-wikivillage","11":"first","12":"instock","13":"virtual","14":"purchasable","15":"product-type-appointment"},"exclude_global_add_ons":[],"addons":[],"acf":[],"yoast_head":"<!-- This site is optimized with the Yoast SEO plugin v24.8 - https:\/\/yoast.com\/wordpress\/plugins\/seo\/ -->\n<title>Entreprendre pour demain - march\u00e9 de cr\u00e9ateur.ices &amp; ateliers - Empow&#039;Her<\/title>\n<meta name=\"robots\" content=\"index, follow, max-snippet:-1, max-image-preview:large, max-video-preview:-1\" \/>\n<link rel=\"canonical\" href=\"https:\/\/empow-her.com\/produit\/entreprendre-pour-demain-marche-de-createur-ateliers\/\" \/>\n<meta property=\"og:locale\" content=\"es_ES\" \/>\n<meta property=\"og:type\" content=\"article\" \/>\n<meta property=\"og:title\" content=\"Entreprendre pour demain - march\u00e9 de cr\u00e9ateur.ices &amp; ateliers - Empow&#039;Her\" \/>\n<meta property=\"og:description\" content=\"Entreprendre pour demain Vous avez un projet de cr\u00e9ation d&#039;entreprise ou vous souhaitez simplement d\u00e9couvrir des initiatives locales ? Venez rencontrer des experts, \u00e9changer avec des cr\u00e9ateurs engag\u00e9s accompagn\u00e9s par l&#039;ADIE, et faire vos achats sur un march\u00e9 de cr\u00e9ateur.  Au programme:   March\u00e9 de cr\u00e9ateurs et d\u00e9monstrations de leur projets locaux   Atelier p\u00e9dagogique    14:30 - 15:00. Les 3 pas d&#039;un projet plus durable (Anim\u00e9 par Empow&#039;her)   15:15 - 15:45. Sensibiliser \u00e0 l&#039;achat \u00e9co responsable (Anim\u00e9 par l&#039;ADIE)   16:00 - 16:45. Pr\u00e9sentation des nouvelles r\u00e8gles d&#039;indemnisation France Travail &amp; pr\u00e9sentation de l&#039;ADIE (Anim\u00e9 par France Travail et l&#039;ADIE)    Ateliers participatifs   Confection de portes-cl\u00e9s: 16:00-16:30  Introduction \u00e0 la r\u00e9paration de v\u00e9lo: 16:45-17:15    Tombola  Localisation: grande halle Wikivillage - 8 rue srebrenica 75020  &nbsp;  Pour vous inscrire c&#039;est juste ici: https:\/\/docs.google.com\/forms\/d\/e\/1FAIpQLSfM6oHfmkxjMnRuVchzd5OwhcwG8-Ul4PG_gBT8UsdVXndVrQ\/viewform  &nbsp;  Renseignement: L\u00e9a Fortin (lfortin@adie.org - 06.75.83.82.48)\" \/>\n<meta property=\"og:url\" content=\"https:\/\/empow-her.com\/produit\/entreprendre-pour-demain-marche-de-createur-ateliers\/\" \/>\n<meta property=\"og:site_name\" content=\"Empow&#039;Her\" \/>\n<meta property=\"article:modified_time\" content=\"2025-11-17T16:04:37+00:00\" \/>\n<meta property=\"og:image\" content=\"https:\/\/empow-her.com\/wp-content\/uploads\/2025\/11\/Entreprendre-pour-demain-7-1.png\" \/>\n\t<meta property=\"og:image:width\" content=\"1414\" \/>\n\t<meta property=\"og:image:height\" content=\"2000\" \/>\n\t<meta property=\"og:image:type\" content=\"image\/png\" \/>\n<meta name=\"twitter:card\" content=\"summary_large_image\" \/>\n<meta name=\"twitter:label1\" content=\"Tiempo de lectura\" \/>\n\t<meta name=\"twitter:data1\" content=\"1 minuto\" \/>\n<script type=\"application\/ld+json\" class=\"yoast-schema-graph\">{\"@context\":\"https:\/\/schema.org\",\"@graph\":[{\"@type\":\"WebPage\",\"@id\":\"https:\/\/empow-her.com\/produit\/entreprendre-pour-demain-marche-de-createur-ateliers\/\",\"url\":\"https:\/\/empow-her.com\/produit\/entreprendre-pour-demain-marche-de-createur-ateliers\/\",\"name\":\"Entreprendre pour demain - march\u00e9 de cr\u00e9ateur.ices & ateliers - Empow&#039;Her\",\"isPartOf\":{\"@id\":\"https:\/\/empow-her.com\/#website\"},\"primaryImageOfPage\":{\"@id\":\"https:\/\/empow-her.com\/produit\/entreprendre-pour-demain-marche-de-createur-ateliers\/#primaryimage\"},\"image\":{\"@id\":\"https:\/\/empow-her.com\/produit\/entreprendre-pour-demain-marche-de-createur-ateliers\/#primaryimage\"},\"thumbnailUrl\":\"https:\/\/empow-her.com\/wp-content\/uploads\/2025\/11\/Entreprendre-pour-demain-7-1.png\",\"datePublished\":\"2025-11-17T10:38:36+00:00\",\"dateModified\":\"2025-11-17T16:04:37+00:00\",\"breadcrumb\":{\"@id\":\"https:\/\/empow-her.com\/produit\/entreprendre-pour-demain-marche-de-createur-ateliers\/#breadcrumb\"},\"inLanguage\":\"es\",\"potentialAction\":[{\"@type\":\"ReadAction\",\"target\":[\"https:\/\/empow-her.com\/produit\/entreprendre-pour-demain-marche-de-createur-ateliers\/\"]}]},{\"@type\":\"ImageObject\",\"inLanguage\":\"es\",\"@id\":\"https:\/\/empow-her.com\/produit\/entreprendre-pour-demain-marche-de-createur-ateliers\/#primaryimage\",\"url\":\"https:\/\/empow-her.com\/wp-content\/uploads\/2025\/11\/Entreprendre-pour-demain-7-1.png\",\"contentUrl\":\"https:\/\/empow-her.com\/wp-content\/uploads\/2025\/11\/Entreprendre-pour-demain-7-1.png\",\"width\":1414,\"height\":2000},{\"@type\":\"BreadcrumbList\",\"@id\":\"https:\/\/empow-her.com\/produit\/entreprendre-pour-demain-marche-de-createur-ateliers\/#breadcrumb\",\"itemListElement\":[{\"@type\":\"ListItem\",\"position\":1,\"name\":\"Accueil\",\"item\":\"https:\/\/empow-her.com\/es\/inicio\/\"},{\"@type\":\"ListItem\",\"position\":2,\"name\":\"LA BOUTIQUE\",\"item\":\"https:\/\/empow-her.com\/boutique\/\"},{\"@type\":\"ListItem\",\"position\":3,\"name\":\"Entreprendre pour demain &#8211; march\u00e9 de cr\u00e9ateur.ices &#038; ateliers\"}]},{\"@type\":\"WebSite\",\"@id\":\"https:\/\/empow-her.com\/#website\",\"url\":\"https:\/\/empow-her.com\/\",\"name\":\"Empow&#039;Her\",\"description\":\"Women Development\",\"potentialAction\":[{\"@type\":\"SearchAction\",\"target\":{\"@type\":\"EntryPoint\",\"urlTemplate\":\"https:\/\/empow-her.com\/?s={search_term_string}\"},\"query-input\":{\"@type\":\"PropertyValueSpecification\",\"valueRequired\":true,\"valueName\":\"search_term_string\"}}],\"inLanguage\":\"es\"}]}<\/script>\n<!-- \/ Yoast SEO plugin. -->","yoast_head_json":{"title":"Entreprendre pour demain - march\u00e9 de cr\u00e9ateur.ices & ateliers - Empow&#039;Her","robots":{"index":"index","follow":"follow","max-snippet":"max-snippet:-1","max-image-preview":"max-image-preview:large","max-video-preview":"max-video-preview:-1"},"canonical":"https:\/\/empow-her.com\/produit\/entreprendre-pour-demain-marche-de-createur-ateliers\/","og_locale":"es_ES","og_type":"article","og_title":"Entreprendre pour demain - march\u00e9 de cr\u00e9ateur.ices & ateliers - Empow&#039;Her","og_description":"Entreprendre pour demain Vous avez un projet de cr\u00e9ation d'entreprise ou vous souhaitez simplement d\u00e9couvrir des initiatives locales ? Venez rencontrer des experts, \u00e9changer avec des cr\u00e9ateurs engag\u00e9s accompagn\u00e9s par l'ADIE, et faire vos achats sur un march\u00e9 de cr\u00e9ateur.  Au programme:   March\u00e9 de cr\u00e9ateurs et d\u00e9monstrations de leur projets locaux   Atelier p\u00e9dagogique    14:30 - 15:00. Les 3 pas d'un projet plus durable (Anim\u00e9 par Empow'her)   15:15 - 15:45. Sensibiliser \u00e0 l'achat \u00e9co responsable (Anim\u00e9 par l'ADIE)   16:00 - 16:45. Pr\u00e9sentation des nouvelles r\u00e8gles d'indemnisation France Travail &amp; pr\u00e9sentation de l'ADIE (Anim\u00e9 par France Travail et l'ADIE)    Ateliers participatifs   Confection de portes-cl\u00e9s: 16:00-16:30  Introduction \u00e0 la r\u00e9paration de v\u00e9lo: 16:45-17:15    Tombola  Localisation: grande halle Wikivillage - 8 rue srebrenica 75020  &nbsp;  Pour vous inscrire c'est juste ici: https:\/\/docs.google.com\/forms\/d\/e\/1FAIpQLSfM6oHfmkxjMnRuVchzd5OwhcwG8-Ul4PG_gBT8UsdVXndVrQ\/viewform  &nbsp;  Renseignement: L\u00e9a Fortin (lfortin@adie.org - 06.75.83.82.48)","og_url":"https:\/\/empow-her.com\/produit\/entreprendre-pour-demain-marche-de-createur-ateliers\/","og_site_name":"Empow&#039;Her","article_modified_time":"2025-11-17T16:04:37+00:00","og_image":[{"width":1414,"height":2000,"url":"https:\/\/empow-her.com\/wp-content\/uploads\/2025\/11\/Entreprendre-pour-demain-7-1.png","type":"image\/png"}],"twitter_card":"summary_large_image","twitter_misc":{"Tiempo de lectura":"1 minuto"},"schema":{"@context":"https:\/\/schema.org","@graph":[{"@type":"WebPage","@id":"https:\/\/empow-her.com\/produit\/entreprendre-pour-demain-marche-de-createur-ateliers\/","url":"https:\/\/empow-her.com\/produit\/entreprendre-pour-demain-marche-de-createur-ateliers\/","name":"Entreprendre pour demain - march\u00e9 de cr\u00e9ateur.ices & ateliers - Empow&#039;Her","isPartOf":{"@id":"https:\/\/empow-her.com\/#website"},"primaryImageOfPage":{"@id":"https:\/\/empow-her.com\/produit\/entreprendre-pour-demain-marche-de-createur-ateliers\/#primaryimage"},"image":{"@id":"https:\/\/empow-her.com\/produit\/entreprendre-pour-demain-marche-de-createur-ateliers\/#primaryimage"},"thumbnailUrl":"https:\/\/empow-her.com\/wp-content\/uploads\/2025\/11\/Entreprendre-pour-demain-7-1.png","datePublished":"2025-11-17T10:38:36+00:00","dateModified":"2025-11-17T16:04:37+00:00","breadcrumb":{"@id":"https:\/\/empow-her.com\/produit\/entreprendre-pour-demain-marche-de-createur-ateliers\/#breadcrumb"},"inLanguage":"es","potentialAction":[{"@type":"ReadAction","target":["https:\/\/empow-her.com\/produit\/entreprendre-pour-demain-marche-de-createur-ateliers\/"]}]},{"@type":"ImageObject","inLanguage":"es","@id":"https:\/\/empow-her.com\/produit\/entreprendre-pour-demain-marche-de-createur-ateliers\/#primaryimage","url":"https:\/\/empow-her.com\/wp-content\/uploads\/2025\/11\/Entreprendre-pour-demain-7-1.png","contentUrl":"https:\/\/empow-her.com\/wp-content\/uploads\/2025\/11\/Entreprendre-pour-demain-7-1.png","width":1414,"height":2000},{"@type":"BreadcrumbList","@id":"https:\/\/empow-her.com\/produit\/entreprendre-pour-demain-marche-de-createur-ateliers\/#breadcrumb","itemListElement":[{"@type":"ListItem","position":1,"name":"Accueil","item":"https:\/\/empow-her.com\/es\/inicio\/"},{"@type":"ListItem","position":2,"name":"LA BOUTIQUE","item":"https:\/\/empow-her.com\/boutique\/"},{"@type":"ListItem","position":3,"name":"Entreprendre pour demain &#8211; march\u00e9 de cr\u00e9ateur.ices &#038; ateliers"}]},{"@type":"WebSite","@id":"https:\/\/empow-her.com\/#website","url":"https:\/\/empow-her.com\/","name":"Empow&#039;Her","description":"Women Development","potentialAction":[{"@type":"SearchAction","target":{"@type":"EntryPoint","urlTemplate":"https:\/\/empow-her.com\/?s={search_term_string}"},"query-input":{"@type":"PropertyValueSpecification","valueRequired":true,"valueName":"search_term_string"}}],"inLanguage":"es"}]}},"_links":{"self":[{"href":"https:\/\/empow-her.com\/es\/wp-json\/wp\/v2\/product\/270718","targetHints":{"allow":["GET"]}}],"collection":[{"href":"https:\/\/empow-her.com\/es\/wp-json\/wp\/v2\/product"}],"about":[{"href":"https:\/\/empow-her.com\/es\/wp-json\/wp\/v2\/types\/product"}],"wp:featuredmedia":[{"embeddable":true,"href":"https:\/\/empow-her.com\/es\/wp-json\/wp\/v2\/media\/270719"}],"wp:attachment":[{"href":"https:\/\/empow-her.com\/es\/wp-json\/wp\/v2\/media?parent=270718"}],"wp:term":[{"taxonomy":"product_brand","embeddable":true,"href":"https:\/\/empow-her.com\/es\/wp-json\/wp\/v2\/product_brand?post=270718"},{"taxonomy":"product_cat","embeddable":true,"href":"https:\/\/empow-her.com\/es\/wp-json\/wp\/v2\/product_cat?post=270718"},{"taxonomy":"product_tag","embeddable":true,"href":"https:\/\/empow-her.com\/es\/wp-json\/wp\/v2\/product_tag?post=270718"},{"taxonomy":"lieu","embeddable":true,"href":"https:\/\/empow-her.com\/es\/wp-json\/wp\/v2\/lieu?post=270718"},{"taxonomy":"thematiques","embeddable":true,"href":"https:\/\/empow-her.com\/es\/wp-json\/wp\/v2\/thematiques?post=270718"}],"curies":[{"name":"wp","href":"https:\/\/api.w.org\/{rel}","templated":true}]}}