{"id":270642,"date":"2025-11-28T10:00:00","date_gmt":"2025-11-28T09:00:00","guid":{"rendered":"https:\/\/empow-her.com\/?post_type=product&#038;p=270642"},"modified":"2026-03-30T10:39:00","modified_gmt":"2026-03-30T08:39:00","slug":"developpement-iteratif-et-proposition-de-valeur-4","status":"publish","type":"product","link":"https:\/\/empow-her.com\/es\/produit\/developpement-iteratif-et-proposition-de-valeur-4\/","title":{"rendered":"D\u00e9veloppement it\u00e9ratif et proposition de valeur"},"content":{"rendered":"<h3>Coaching &#8211; D\u00e9veloppement it\u00e9ratif et am\u00e9lioration de la proposition de valeur<\/h3>\n<p>Tester, apprendre, ajuster : l&#8217;am\u00e9lioration continue est au c\u0153ur du d\u00e9veloppement d\u2019un projet r\u00e9ussi. Ce coaching individuel vous aide \u00e0 structurer une approche it\u00e9rative, \u00e0 identifier les bons indicateurs et \u00e0 exploiter les retours utilisateurs pour affiner votre proposition de valeur et maximiser son impact.<\/p>\n<p><strong>Ce que nous pourrons aborder :<\/strong><\/p>\n<ul>\n\u00a0<\/p>\n<li><strong>Comprendre comment appliquer le d\u00e9veloppement it\u00e9ratif \u00e0 votre projet :<\/strong> structurer une d\u00e9marche d\u2019am\u00e9lioration continue et int\u00e9grer l\u2019exp\u00e9rimentation dans votre processus de cr\u00e9ation.<\/li>\n<p>\u00a0<\/p>\n<li><strong>D\u00e9finir une m\u00e9thodologie pour tester et valider vos hypoth\u00e8ses :<\/strong> d\u00e9couvrir les outils et strat\u00e9gies pour confronter votre projet au terrain et obtenir des donn\u00e9es fiables.<\/li>\n<p>\u00a0<\/p>\n<li><strong>Apprendre \u00e0 recueillir, analyser et int\u00e9grer les feedbacks pertinents :<\/strong> distinguer les retours r\u00e9ellement exploitables et les transformer en pistes d\u2019am\u00e9lioration concr\u00e8tes.<\/li>\n<p>\u00a0<\/p>\n<li><strong>Adapter votre proposition de valeur en fonction des insights obtenus :<\/strong> faire \u00e9voluer votre offre pour mieux r\u00e9pondre aux besoins du march\u00e9 et renforcer son impact.<\/li>\n<\/ul>\n<p><strong>Pr\u00e9-requis :<\/strong><\/p>\n<ul>\n\u00a0<\/p>\n<li>Avoir une id\u00e9e de projet ou une offre en cours de d\u00e9veloppement.<\/li>\n<p>\u00a0<\/p>\n<li>\u00catre ouvert.e aux retours et aux ajustements strat\u00e9giques.<\/li>\n<\/ul>\n<p>Lors de ce coaching, nous avancerons en fonction de votre projet et de vos enjeux sp\u00e9cifiques. Vous repartirez avec une m\u00e9thodologie et des outils concrets pour affiner votre offre et la faire \u00e9voluer de mani\u00e8re pertinente.<\/p>\n","protected":false},"excerpt":{"rendered":"<h3>Coaching &#8211; D\u00e9veloppement it\u00e9ratif et am\u00e9lioration de la proposition de valeur<\/h3>\n<p>Tester, apprendre, ajuster : l&#8217;am\u00e9lioration continue est au c\u0153ur du d\u00e9veloppement d\u2019un projet r\u00e9ussi. Ce coaching individuel vous aide \u00e0 structurer une approche it\u00e9rative, \u00e0 identifier les bons indicateurs et \u00e0 exploiter les retours utilisateurs pour affiner votre proposition de valeur et maximiser son impact.<\/p>\n<p><strong>Ce que nous pourrons aborder :<\/strong><\/p>\n<ul>\n\u00a0<\/p>\n<li><strong>Comprendre comment appliquer le d\u00e9veloppement it\u00e9ratif \u00e0 votre projet :<\/strong> structurer une d\u00e9marche d\u2019am\u00e9lioration continue et int\u00e9grer l\u2019exp\u00e9rimentation dans votre processus de cr\u00e9ation.<\/li>\n<p>\u00a0<\/p>\n<li><strong>D\u00e9finir une m\u00e9thodologie pour tester et valider vos hypoth\u00e8ses :<\/strong> d\u00e9couvrir les outils et strat\u00e9gies pour confronter votre projet au terrain et obtenir des donn\u00e9es fiables.<\/li>\n<p>\u00a0<\/p>\n<li><strong>Apprendre \u00e0 recueillir, analyser et int\u00e9grer les feedbacks pertinents :<\/strong> distinguer les retours r\u00e9ellement exploitables et les transformer en pistes d\u2019am\u00e9lioration concr\u00e8tes.<\/li>\n<p>\u00a0<\/p>\n<li><strong>Adapter votre proposition de valeur en fonction des insights obtenus :<\/strong> faire \u00e9voluer votre offre pour mieux r\u00e9pondre aux besoins du march\u00e9 et renforcer son impact.<\/li>\n<\/ul>\n<p><strong>Pr\u00e9-requis :<\/strong><\/p>\n<ul>\n\u00a0<\/p>\n<li>Avoir une id\u00e9e de projet ou une offre en cours de d\u00e9veloppement.<\/li>\n<p>\u00a0<\/p>\n<li>\u00catre ouvert.e aux retours et aux ajustements strat\u00e9giques.<\/li>\n<\/ul>\n<p>Lors de ce coaching, nous avancerons en fonction de votre projet et de vos enjeux sp\u00e9cifiques. Vous repartirez avec une m\u00e9thodologie et des outils concrets pour affiner votre offre et la faire \u00e9voluer de mani\u00e8re pertinente.<\/p>\n","protected":false},"featured_media":270000,"template":"","format":"standard","meta":{"_acf_changed":false,"om_disable_all_campaigns":false,"_uf_show_specific_survey":0,"_uf_disable_surveys":false},"product_brand":[],"product_cat":[121],"product_tag":[143],"lieu":[125],"thematiques":[],"class_list":{"0":"post-270642","1":"product","2":"type-product","3":"status-publish","4":"format-standard","5":"has-post-thumbnail","7":"product_cat-coaching","8":"product_tag-en-ligne","9":"lieu-en-ligne","11":"first","12":"instock","13":"virtual","14":"purchasable","15":"product-type-appointment"},"exclude_global_add_ons":[],"addons":[],"acf":[],"yoast_head":"<!-- This site is optimized with the Yoast SEO plugin v24.8 - https:\/\/yoast.com\/wordpress\/plugins\/seo\/ -->\n<title>D\u00e9veloppement it\u00e9ratif et proposition de valeur - Empow&#039;Her<\/title>\n<meta name=\"robots\" content=\"index, follow, max-snippet:-1, max-image-preview:large, max-video-preview:-1\" \/>\n<link rel=\"canonical\" href=\"https:\/\/empow-her.com\/produit\/developpement-iteratif-et-proposition-de-valeur-4\/\" \/>\n<meta property=\"og:locale\" content=\"es_ES\" \/>\n<meta property=\"og:type\" content=\"article\" \/>\n<meta property=\"og:title\" content=\"D\u00e9veloppement it\u00e9ratif et proposition de valeur - Empow&#039;Her\" \/>\n<meta property=\"og:description\" content=\"Coaching - D\u00e9veloppement it\u00e9ratif et am\u00e9lioration de la proposition de valeur Tester, apprendre, ajuster : l&#039;am\u00e9lioration continue est au c\u0153ur du d\u00e9veloppement d\u2019un projet r\u00e9ussi. Ce coaching individuel vous aide \u00e0 structurer une approche it\u00e9rative, \u00e0 identifier les bons indicateurs et \u00e0 exploiter les retours utilisateurs pour affiner votre proposition de valeur et maximiser son impact. Ce que nous pourrons aborder : \u00a0Comprendre comment appliquer le d\u00e9veloppement it\u00e9ratif \u00e0 votre projet : structurer une d\u00e9marche d\u2019am\u00e9lioration continue et int\u00e9grer l\u2019exp\u00e9rimentation dans votre processus de cr\u00e9ation. \u00a0D\u00e9finir une m\u00e9thodologie pour tester et valider vos hypoth\u00e8ses : d\u00e9couvrir les outils et strat\u00e9gies pour confronter votre projet au terrain et obtenir des donn\u00e9es fiables. \u00a0Apprendre \u00e0 recueillir, analyser et int\u00e9grer les feedbacks pertinents : distinguer les retours r\u00e9ellement exploitables et les transformer en pistes d\u2019am\u00e9lioration concr\u00e8tes. \u00a0Adapter votre proposition de valeur en fonction des insights obtenus : faire \u00e9voluer votre offre pour mieux r\u00e9pondre aux besoins du march\u00e9 et renforcer son impact.  Pr\u00e9-requis : \u00a0Avoir une id\u00e9e de projet ou une offre en cours de d\u00e9veloppement. \u00a0\u00catre ouvert.e aux retours et aux ajustements strat\u00e9giques.  Lors de ce coaching, nous avancerons en fonction de votre projet et de vos enjeux sp\u00e9cifiques. Vous repartirez avec une m\u00e9thodologie et des outils concrets pour affiner votre offre et la faire \u00e9voluer de mani\u00e8re pertinente.\" \/>\n<meta property=\"og:url\" content=\"https:\/\/empow-her.com\/produit\/developpement-iteratif-et-proposition-de-valeur-4\/\" \/>\n<meta property=\"og:site_name\" content=\"Empow&#039;Her\" \/>\n<meta property=\"article:modified_time\" content=\"2026-03-30T08:39:00+00:00\" \/>\n<meta property=\"og:image\" content=\"https:\/\/empow-her.com\/wp-content\/uploads\/2025\/10\/Coaching.png\" \/>\n\t<meta property=\"og:image:width\" content=\"1080\" \/>\n\t<meta property=\"og:image:height\" content=\"1080\" \/>\n\t<meta property=\"og:image:type\" content=\"image\/png\" \/>\n<meta name=\"twitter:card\" content=\"summary_large_image\" \/>\n<meta name=\"twitter:label1\" content=\"Tiempo de lectura\" \/>\n\t<meta name=\"twitter:data1\" content=\"1 minuto\" \/>\n<script type=\"application\/ld+json\" class=\"yoast-schema-graph\">{\"@context\":\"https:\/\/schema.org\",\"@graph\":[{\"@type\":\"WebPage\",\"@id\":\"https:\/\/empow-her.com\/produit\/developpement-iteratif-et-proposition-de-valeur-4\/\",\"url\":\"https:\/\/empow-her.com\/produit\/developpement-iteratif-et-proposition-de-valeur-4\/\",\"name\":\"D\u00e9veloppement it\u00e9ratif et proposition de valeur - Empow&#039;Her\",\"isPartOf\":{\"@id\":\"https:\/\/empow-her.com\/#website\"},\"primaryImageOfPage\":{\"@id\":\"https:\/\/empow-her.com\/produit\/developpement-iteratif-et-proposition-de-valeur-4\/#primaryimage\"},\"image\":{\"@id\":\"https:\/\/empow-her.com\/produit\/developpement-iteratif-et-proposition-de-valeur-4\/#primaryimage\"},\"thumbnailUrl\":\"https:\/\/empow-her.com\/wp-content\/uploads\/2025\/10\/Coaching.png\",\"datePublished\":\"2025-11-28T09:00:00+00:00\",\"dateModified\":\"2026-03-30T08:39:00+00:00\",\"breadcrumb\":{\"@id\":\"https:\/\/empow-her.com\/produit\/developpement-iteratif-et-proposition-de-valeur-4\/#breadcrumb\"},\"inLanguage\":\"es\",\"potentialAction\":[{\"@type\":\"ReadAction\",\"target\":[\"https:\/\/empow-her.com\/produit\/developpement-iteratif-et-proposition-de-valeur-4\/\"]}]},{\"@type\":\"ImageObject\",\"inLanguage\":\"es\",\"@id\":\"https:\/\/empow-her.com\/produit\/developpement-iteratif-et-proposition-de-valeur-4\/#primaryimage\",\"url\":\"https:\/\/empow-her.com\/wp-content\/uploads\/2025\/10\/Coaching.png\",\"contentUrl\":\"https:\/\/empow-her.com\/wp-content\/uploads\/2025\/10\/Coaching.png\",\"width\":1080,\"height\":1080},{\"@type\":\"BreadcrumbList\",\"@id\":\"https:\/\/empow-her.com\/produit\/developpement-iteratif-et-proposition-de-valeur-4\/#breadcrumb\",\"itemListElement\":[{\"@type\":\"ListItem\",\"position\":1,\"name\":\"Accueil\",\"item\":\"https:\/\/empow-her.com\/es\/inicio\/\"},{\"@type\":\"ListItem\",\"position\":2,\"name\":\"LA BOUTIQUE\",\"item\":\"https:\/\/empow-her.com\/boutique\/\"},{\"@type\":\"ListItem\",\"position\":3,\"name\":\"D\u00e9veloppement it\u00e9ratif et proposition de valeur\"}]},{\"@type\":\"WebSite\",\"@id\":\"https:\/\/empow-her.com\/#website\",\"url\":\"https:\/\/empow-her.com\/\",\"name\":\"Empow&#039;Her\",\"description\":\"Women Development\",\"potentialAction\":[{\"@type\":\"SearchAction\",\"target\":{\"@type\":\"EntryPoint\",\"urlTemplate\":\"https:\/\/empow-her.com\/?s={search_term_string}\"},\"query-input\":{\"@type\":\"PropertyValueSpecification\",\"valueRequired\":true,\"valueName\":\"search_term_string\"}}],\"inLanguage\":\"es\"}]}<\/script>\n<!-- \/ Yoast SEO plugin. -->","yoast_head_json":{"title":"D\u00e9veloppement it\u00e9ratif et proposition de valeur - Empow&#039;Her","robots":{"index":"index","follow":"follow","max-snippet":"max-snippet:-1","max-image-preview":"max-image-preview:large","max-video-preview":"max-video-preview:-1"},"canonical":"https:\/\/empow-her.com\/produit\/developpement-iteratif-et-proposition-de-valeur-4\/","og_locale":"es_ES","og_type":"article","og_title":"D\u00e9veloppement it\u00e9ratif et proposition de valeur - Empow&#039;Her","og_description":"Coaching - D\u00e9veloppement it\u00e9ratif et am\u00e9lioration de la proposition de valeur Tester, apprendre, ajuster : l'am\u00e9lioration continue est au c\u0153ur du d\u00e9veloppement d\u2019un projet r\u00e9ussi. Ce coaching individuel vous aide \u00e0 structurer une approche it\u00e9rative, \u00e0 identifier les bons indicateurs et \u00e0 exploiter les retours utilisateurs pour affiner votre proposition de valeur et maximiser son impact. Ce que nous pourrons aborder : \u00a0Comprendre comment appliquer le d\u00e9veloppement it\u00e9ratif \u00e0 votre projet : structurer une d\u00e9marche d\u2019am\u00e9lioration continue et int\u00e9grer l\u2019exp\u00e9rimentation dans votre processus de cr\u00e9ation. \u00a0D\u00e9finir une m\u00e9thodologie pour tester et valider vos hypoth\u00e8ses : d\u00e9couvrir les outils et strat\u00e9gies pour confronter votre projet au terrain et obtenir des donn\u00e9es fiables. \u00a0Apprendre \u00e0 recueillir, analyser et int\u00e9grer les feedbacks pertinents : distinguer les retours r\u00e9ellement exploitables et les transformer en pistes d\u2019am\u00e9lioration concr\u00e8tes. \u00a0Adapter votre proposition de valeur en fonction des insights obtenus : faire \u00e9voluer votre offre pour mieux r\u00e9pondre aux besoins du march\u00e9 et renforcer son impact.  Pr\u00e9-requis : \u00a0Avoir une id\u00e9e de projet ou une offre en cours de d\u00e9veloppement. \u00a0\u00catre ouvert.e aux retours et aux ajustements strat\u00e9giques.  Lors de ce coaching, nous avancerons en fonction de votre projet et de vos enjeux sp\u00e9cifiques. Vous repartirez avec une m\u00e9thodologie et des outils concrets pour affiner votre offre et la faire \u00e9voluer de mani\u00e8re pertinente.","og_url":"https:\/\/empow-her.com\/produit\/developpement-iteratif-et-proposition-de-valeur-4\/","og_site_name":"Empow&#039;Her","article_modified_time":"2026-03-30T08:39:00+00:00","og_image":[{"width":1080,"height":1080,"url":"https:\/\/empow-her.com\/wp-content\/uploads\/2025\/10\/Coaching.png","type":"image\/png"}],"twitter_card":"summary_large_image","twitter_misc":{"Tiempo de lectura":"1 minuto"},"schema":{"@context":"https:\/\/schema.org","@graph":[{"@type":"WebPage","@id":"https:\/\/empow-her.com\/produit\/developpement-iteratif-et-proposition-de-valeur-4\/","url":"https:\/\/empow-her.com\/produit\/developpement-iteratif-et-proposition-de-valeur-4\/","name":"D\u00e9veloppement it\u00e9ratif et proposition de valeur - Empow&#039;Her","isPartOf":{"@id":"https:\/\/empow-her.com\/#website"},"primaryImageOfPage":{"@id":"https:\/\/empow-her.com\/produit\/developpement-iteratif-et-proposition-de-valeur-4\/#primaryimage"},"image":{"@id":"https:\/\/empow-her.com\/produit\/developpement-iteratif-et-proposition-de-valeur-4\/#primaryimage"},"thumbnailUrl":"https:\/\/empow-her.com\/wp-content\/uploads\/2025\/10\/Coaching.png","datePublished":"2025-11-28T09:00:00+00:00","dateModified":"2026-03-30T08:39:00+00:00","breadcrumb":{"@id":"https:\/\/empow-her.com\/produit\/developpement-iteratif-et-proposition-de-valeur-4\/#breadcrumb"},"inLanguage":"es","potentialAction":[{"@type":"ReadAction","target":["https:\/\/empow-her.com\/produit\/developpement-iteratif-et-proposition-de-valeur-4\/"]}]},{"@type":"ImageObject","inLanguage":"es","@id":"https:\/\/empow-her.com\/produit\/developpement-iteratif-et-proposition-de-valeur-4\/#primaryimage","url":"https:\/\/empow-her.com\/wp-content\/uploads\/2025\/10\/Coaching.png","contentUrl":"https:\/\/empow-her.com\/wp-content\/uploads\/2025\/10\/Coaching.png","width":1080,"height":1080},{"@type":"BreadcrumbList","@id":"https:\/\/empow-her.com\/produit\/developpement-iteratif-et-proposition-de-valeur-4\/#breadcrumb","itemListElement":[{"@type":"ListItem","position":1,"name":"Accueil","item":"https:\/\/empow-her.com\/es\/inicio\/"},{"@type":"ListItem","position":2,"name":"LA BOUTIQUE","item":"https:\/\/empow-her.com\/boutique\/"},{"@type":"ListItem","position":3,"name":"D\u00e9veloppement it\u00e9ratif et proposition de valeur"}]},{"@type":"WebSite","@id":"https:\/\/empow-her.com\/#website","url":"https:\/\/empow-her.com\/","name":"Empow&#039;Her","description":"Women Development","potentialAction":[{"@type":"SearchAction","target":{"@type":"EntryPoint","urlTemplate":"https:\/\/empow-her.com\/?s={search_term_string}"},"query-input":{"@type":"PropertyValueSpecification","valueRequired":true,"valueName":"search_term_string"}}],"inLanguage":"es"}]}},"_links":{"self":[{"href":"https:\/\/empow-her.com\/es\/wp-json\/wp\/v2\/product\/270642","targetHints":{"allow":["GET"]}}],"collection":[{"href":"https:\/\/empow-her.com\/es\/wp-json\/wp\/v2\/product"}],"about":[{"href":"https:\/\/empow-her.com\/es\/wp-json\/wp\/v2\/types\/product"}],"wp:featuredmedia":[{"embeddable":true,"href":"https:\/\/empow-her.com\/es\/wp-json\/wp\/v2\/media\/270000"}],"wp:attachment":[{"href":"https:\/\/empow-her.com\/es\/wp-json\/wp\/v2\/media?parent=270642"}],"wp:term":[{"taxonomy":"product_brand","embeddable":true,"href":"https:\/\/empow-her.com\/es\/wp-json\/wp\/v2\/product_brand?post=270642"},{"taxonomy":"product_cat","embeddable":true,"href":"https:\/\/empow-her.com\/es\/wp-json\/wp\/v2\/product_cat?post=270642"},{"taxonomy":"product_tag","embeddable":true,"href":"https:\/\/empow-her.com\/es\/wp-json\/wp\/v2\/product_tag?post=270642"},{"taxonomy":"lieu","embeddable":true,"href":"https:\/\/empow-her.com\/es\/wp-json\/wp\/v2\/lieu?post=270642"},{"taxonomy":"thematiques","embeddable":true,"href":"https:\/\/empow-her.com\/es\/wp-json\/wp\/v2\/thematiques?post=270642"}],"curies":[{"name":"wp","href":"https:\/\/api.w.org\/{rel}","templated":true}]}}