{"id":270625,"date":"2025-12-02T09:30:00","date_gmt":"2025-12-02T08:30:00","guid":{"rendered":"https:\/\/empow-her.com\/?post_type=product&#038;p=270625"},"modified":"2026-03-30T10:37:54","modified_gmt":"2026-03-30T08:37:54","slug":"strategie-prospection-commerciale-5","status":"publish","type":"product","link":"https:\/\/empow-her.com\/es\/produit\/strategie-prospection-commerciale-5\/","title":{"rendered":"Strat\u00e9gie &#038; prospection commerciale"},"content":{"rendered":"<div class=\"atelier\">\n\u00a0\u00a0<\/p>\n<h3>1 atelier pour affiner votre strat\u00e9gie commerciale<\/h3>\n<p>\u00a0\u00a0<\/p>\n<p>\n\u00a0\u00a0\u00a0\u00a0Vous avez esquiss\u00e9 une offre bas\u00e9e sur un produit ou un service, mais des questions demeurent :\u00a0<br \/>\n\u00a0\u00a0\u00a0\u00a0quels sont les bons canaux pour atteindre vos cibles ? Comment diffuser et vendre vos offres de mani\u00e8re optimale ?\u00a0<br \/>\n\u00a0\u00a0\u00a0\u00a0Cet atelier est con\u00e7u pour vous aider \u00e0 clarifier votre strat\u00e9gie commerciale et \u00e0 trouver des solutions adapt\u00e9es \u00e0 vos besoins.<br \/>\n\u00a0\u00a0<\/p>\n<p>\u00a0\u00a0<\/p>\n<h4>Ce que nous pouvons voir ensemble :<\/h4>\n<p>\u00a0\u00a0<\/p>\n<ul>\n\u00a0\u00a0\u00a0\u00a0<\/p>\n<li>\n\u00a0\u00a0\u00a0\u00a0\u00a0\u00a0<strong>Analyser votre offre et votre march\u00e9<\/strong><br \/>\n\u00a0\u00a0\u00a0\u00a0\u00a0\u00a0\u00c9valuer les caract\u00e9ristiques de votre produit ou service et identifier votre audience cible.<br \/>\n\u00a0\u00a0\u00a0\u00a0<\/li>\n<p>\u00a0\u00a0\u00a0\u00a0<\/p>\n<li>\n\u00a0\u00a0\u00a0\u00a0\u00a0\u00a0<strong>D\u00e9terminer les canaux de diffusion<\/strong><br \/>\n\u00a0\u00a0\u00a0\u00a0\u00a0\u00a0Explorer les plateformes et les strat\u00e9gies les plus efficaces pour toucher vos cibles et maximiser votre port\u00e9e.<br \/>\n\u00a0\u00a0\u00a0\u00a0<\/li>\n<p>\u00a0\u00a0\u00a0\u00a0<\/p>\n<li>\n\u00a0\u00a0\u00a0\u00a0\u00a0\u00a0<strong>D\u00e9velopper des outils de vente<\/strong><br \/>\n\u00a0\u00a0\u00a0\u00a0\u00a0\u00a0Apprendre des techniques et outils pratiques pour pr\u00e9senter et vendre vos offres de mani\u00e8re convaincante.<br \/>\n\u00a0\u00a0\u00a0\u00a0<\/li>\n<p>\u00a0\u00a0\u00a0\u00a0<\/p>\n<li>\n\u00a0\u00a0\u00a0\u00a0\u00a0\u00a0<strong>\u00c9laborer une feuille de route<\/strong><br \/>\n\u00a0\u00a0\u00a0\u00a0\u00a0\u00a0Cr\u00e9er un plan d\u2019action concret avec des \u00e9tapes claires pour d\u00e9velopper votre activit\u00e9 et atteindre vos objectifs.<br \/>\n\u00a0\u00a0\u00a0\u00a0<\/li>\n<p>\u00a0\u00a0\u00a0\u00a0<\/p>\n<li>\n\u00a0\u00a0\u00a0\u00a0\u00a0\u00a0<strong>Pr\u00e9paration pour un \u00e9change constructif<\/strong><br \/>\n\u00a0\u00a0\u00a0\u00a0\u00a0\u00a0Avant la session, n&#8217;h\u00e9sitez pas \u00e0 partager vos questions sp\u00e9cifiques ou tout document utile avec l\u2019\u00e9quipe\u00a0<br \/>\n\u00a0\u00a0\u00a0\u00a0\u00a0\u00a0d\u2019accompagnement Empow&#8217;Her, afin de pr\u00e9parer au mieux votre \u00e9change.<br \/>\n\u00a0\u00a0\u00a0\u00a0<\/li>\n<p>\u00a0\u00a0<\/ul>\n<p>\u00a0\u00a0<\/p>\n<p>\n\u00a0\u00a0\u00a0\u00a0Un atelier pour transformer vos interrogations en opportunit\u00e9s et donner un nouvel \u00e9lan \u00e0 votre strat\u00e9gie commerciale.<br \/>\n\u00a0\u00a0<\/p>\n<p>\u00a0\u00a0<\/p>\n<h4>Intervenant : Alice<\/h4>\n<p>\u00a0\u00a0<\/p>\n<p><strong>Son super pouvoir :<\/strong> J&#8217;ai r\u00e9ponse \u00e0 tout (mais je ne garantis pas qu&#8217;on aime la r\u00e9ponse \u00e0 chaque fois)<\/p>\n<p>\u00a0\u00a0<\/p>\n<p><strong>Son petit mot :<\/strong> N&#8217;ayez pas peur d&#8217;oser mais ne vous oubliez jamais.<\/p>\n<p>\u00a0\u00a0<\/p>\n<p>\n\u00a0\u00a0\u00a0\u00a0<strong>Attention :<\/strong> Veuillez vous pr\u00e9senter \u00e0 l\u2019heure pour que l\u2019activit\u00e9 puisse commencer \u00e0 temps.\u00a0<br \/>\n\u00a0\u00a0\u00a0\u00a0Si vous avez du retard, veuillez pr\u00e9venir l\u2019\u00e9quipe d\u2019Empow\u2019Her : contact.france@empow-her.com.\u00a0<br \/>\n\u00a0\u00a0\u00a0\u00a0Si vous avez plus de 15 minutes de retard, l\u2019intervenant.e se r\u00e9serve le droit de ne plus vous accepter pour le coaching ou l\u2019atelier.<br \/>\n\u00a0\u00a0<\/p>\n<\/div>\n","protected":false},"excerpt":{"rendered":"<div class=\"atelier\">\n\u00a0\u00a0<\/p>\n<h3>1 atelier pour affiner votre strat\u00e9gie commerciale<\/h3>\n<p>\u00a0\u00a0<\/p>\n<p>\n\u00a0\u00a0\u00a0\u00a0Vous avez esquiss\u00e9 une offre bas\u00e9e sur un produit ou un service, mais des questions demeurent :\u00a0<br \/>\n\u00a0\u00a0\u00a0\u00a0quels sont les bons canaux pour atteindre vos cibles ? Comment diffuser et vendre vos offres de mani\u00e8re optimale ?\u00a0<br \/>\n\u00a0\u00a0\u00a0\u00a0Cet atelier est con\u00e7u pour vous aider \u00e0 clarifier votre strat\u00e9gie commerciale et \u00e0 trouver des solutions adapt\u00e9es \u00e0 vos besoins.<br \/>\n\u00a0\u00a0<\/p>\n<p>\u00a0\u00a0<\/p>\n<h4>Ce que nous pouvons voir ensemble :<\/h4>\n<p>\u00a0\u00a0<\/p>\n<ul>\n\u00a0\u00a0\u00a0\u00a0<\/p>\n<li>\n\u00a0\u00a0\u00a0\u00a0\u00a0\u00a0<strong>Analyser votre offre et votre march\u00e9<\/strong><br \/>\n\u00a0\u00a0\u00a0\u00a0\u00a0\u00a0\u00c9valuer les caract\u00e9ristiques de votre produit ou service et identifier votre audience cible.<br \/>\n\u00a0\u00a0\u00a0\u00a0<\/li>\n<p>\u00a0\u00a0\u00a0\u00a0<\/p>\n<li>\n\u00a0\u00a0\u00a0\u00a0\u00a0\u00a0<strong>D\u00e9terminer les canaux de diffusion<\/strong><br \/>\n\u00a0\u00a0\u00a0\u00a0\u00a0\u00a0Explorer les plateformes et les strat\u00e9gies les plus efficaces pour toucher vos cibles et maximiser votre port\u00e9e.<br \/>\n\u00a0\u00a0\u00a0\u00a0<\/li>\n<p>\u00a0\u00a0\u00a0\u00a0<\/p>\n<li>\n\u00a0\u00a0\u00a0\u00a0\u00a0\u00a0<strong>D\u00e9velopper des outils de vente<\/strong><br \/>\n\u00a0\u00a0\u00a0\u00a0\u00a0\u00a0Apprendre des techniques et outils pratiques pour pr\u00e9senter et vendre vos offres de mani\u00e8re convaincante.<br \/>\n\u00a0\u00a0\u00a0\u00a0<\/li>\n<p>\u00a0\u00a0\u00a0\u00a0<\/p>\n<li>\n\u00a0\u00a0\u00a0\u00a0\u00a0\u00a0<strong>\u00c9laborer une feuille de route<\/strong><br \/>\n\u00a0\u00a0\u00a0\u00a0\u00a0\u00a0Cr\u00e9er un plan d\u2019action concret avec des \u00e9tapes claires pour d\u00e9velopper votre activit\u00e9 et atteindre vos objectifs.<br \/>\n\u00a0\u00a0\u00a0\u00a0<\/li>\n<p>\u00a0\u00a0\u00a0\u00a0<\/p>\n<li>\n\u00a0\u00a0\u00a0\u00a0\u00a0\u00a0<strong>Pr\u00e9paration pour un \u00e9change constructif<\/strong><br \/>\n\u00a0\u00a0\u00a0\u00a0\u00a0\u00a0Avant la session, n&#8217;h\u00e9sitez pas \u00e0 partager vos questions sp\u00e9cifiques ou tout document utile avec l\u2019\u00e9quipe\u00a0<br \/>\n\u00a0\u00a0\u00a0\u00a0\u00a0\u00a0d\u2019accompagnement Empow&#8217;Her, afin de pr\u00e9parer au mieux votre \u00e9change.<br \/>\n\u00a0\u00a0\u00a0\u00a0<\/li>\n<p>\u00a0\u00a0<\/ul>\n<p>\u00a0\u00a0<\/p>\n<p>\n\u00a0\u00a0\u00a0\u00a0Un atelier pour transformer vos interrogations en opportunit\u00e9s et donner un nouvel \u00e9lan \u00e0 votre strat\u00e9gie commerciale.<br \/>\n\u00a0\u00a0<\/p>\n<p>\u00a0\u00a0<\/p>\n<h4>Intervenant : Alice<\/h4>\n<p>\u00a0\u00a0<\/p>\n<p><strong>Son super pouvoir :<\/strong> J&#8217;ai r\u00e9ponse \u00e0 tout (mais je ne garantis pas qu&#8217;on aime la r\u00e9ponse \u00e0 chaque fois)<\/p>\n<p>\u00a0\u00a0<\/p>\n<p><strong>Son petit mot :<\/strong> N&#8217;ayez pas peur d&#8217;oser mais ne vous oubliez jamais.<\/p>\n<p>\u00a0\u00a0<\/p>\n<p>\n\u00a0\u00a0\u00a0\u00a0<strong>Attention :<\/strong> Veuillez vous pr\u00e9senter \u00e0 l\u2019heure pour que l\u2019activit\u00e9 puisse commencer \u00e0 temps.\u00a0<br \/>\n\u00a0\u00a0\u00a0\u00a0Si vous avez du retard, veuillez pr\u00e9venir l\u2019\u00e9quipe d\u2019Empow\u2019Her : contact.france@empow-her.com.\u00a0<br \/>\n\u00a0\u00a0\u00a0\u00a0Si vous avez plus de 15 minutes de retard, l\u2019intervenant.e se r\u00e9serve le droit de ne plus vous accepter pour le coaching ou l\u2019atelier.<br \/>\n\u00a0\u00a0<\/p>\n<\/div>\n","protected":false},"featured_media":269994,"template":"","format":"standard","meta":{"_acf_changed":false,"om_disable_all_campaigns":false,"_uf_show_specific_survey":0,"_uf_disable_surveys":false},"product_brand":[],"product_cat":[118],"product_tag":[222],"lieu":[223],"thematiques":[],"class_list":{"0":"post-270625","1":"product","2":"type-product","3":"status-publish","4":"format-standard","5":"has-post-thumbnail","7":"product_cat-atelier-collectif","8":"product_tag-presentiel","9":"lieu-presentiel","11":"first","12":"instock","13":"virtual","14":"purchasable","15":"product-type-appointment"},"exclude_global_add_ons":[],"addons":[],"acf":[],"yoast_head":"<!-- This site is optimized with the Yoast SEO plugin v24.8 - https:\/\/yoast.com\/wordpress\/plugins\/seo\/ -->\n<title>Strat\u00e9gie &amp; prospection commerciale - Empow&#039;Her<\/title>\n<meta name=\"robots\" content=\"index, follow, max-snippet:-1, max-image-preview:large, max-video-preview:-1\" \/>\n<link rel=\"canonical\" href=\"https:\/\/empow-her.com\/produit\/strategie-prospection-commerciale-5\/\" \/>\n<meta property=\"og:locale\" content=\"es_ES\" \/>\n<meta property=\"og:type\" content=\"article\" \/>\n<meta property=\"og:title\" content=\"Strat\u00e9gie &amp; prospection commerciale - Empow&#039;Her\" \/>\n<meta property=\"og:description\" content=\"\u00a0\u00a01 atelier pour affiner votre strat\u00e9gie commerciale \u00a0\u00a0 \u00a0\u00a0\u00a0\u00a0Vous avez esquiss\u00e9 une offre bas\u00e9e sur un produit ou un service, mais des questions demeurent :\u00a0 \u00a0\u00a0\u00a0\u00a0quels sont les bons canaux pour atteindre vos cibles ? Comment diffuser et vendre vos offres de mani\u00e8re optimale ?\u00a0 \u00a0\u00a0\u00a0\u00a0Cet atelier est con\u00e7u pour vous aider \u00e0 clarifier votre strat\u00e9gie commerciale et \u00e0 trouver des solutions adapt\u00e9es \u00e0 vos besoins. \u00a0\u00a0 \u00a0\u00a0Ce que nous pouvons voir ensemble : \u00a0\u00a0 \u00a0\u00a0\u00a0\u00a0 \u00a0\u00a0\u00a0\u00a0\u00a0\u00a0Analyser votre offre et votre march\u00e9 \u00a0\u00a0\u00a0\u00a0\u00a0\u00a0\u00c9valuer les caract\u00e9ristiques de votre produit ou service et identifier votre audience cible. \u00a0\u00a0\u00a0\u00a0 \u00a0\u00a0\u00a0\u00a0 \u00a0\u00a0\u00a0\u00a0\u00a0\u00a0D\u00e9terminer les canaux de diffusion \u00a0\u00a0\u00a0\u00a0\u00a0\u00a0Explorer les plateformes et les strat\u00e9gies les plus efficaces pour toucher vos cibles et maximiser votre port\u00e9e. \u00a0\u00a0\u00a0\u00a0 \u00a0\u00a0\u00a0\u00a0 \u00a0\u00a0\u00a0\u00a0\u00a0\u00a0D\u00e9velopper des outils de vente \u00a0\u00a0\u00a0\u00a0\u00a0\u00a0Apprendre des techniques et outils pratiques pour pr\u00e9senter et vendre vos offres de mani\u00e8re convaincante. \u00a0\u00a0\u00a0\u00a0 \u00a0\u00a0\u00a0\u00a0 \u00a0\u00a0\u00a0\u00a0\u00a0\u00a0\u00c9laborer une feuille de route \u00a0\u00a0\u00a0\u00a0\u00a0\u00a0Cr\u00e9er un plan d\u2019action concret avec des \u00e9tapes claires pour d\u00e9velopper votre activit\u00e9 et atteindre vos objectifs. \u00a0\u00a0\u00a0\u00a0 \u00a0\u00a0\u00a0\u00a0 \u00a0\u00a0\u00a0\u00a0\u00a0\u00a0Pr\u00e9paration pour un \u00e9change constructif \u00a0\u00a0\u00a0\u00a0\u00a0\u00a0Avant la session, n&#039;h\u00e9sitez pas \u00e0 partager vos questions sp\u00e9cifiques ou tout document utile avec l\u2019\u00e9quipe\u00a0 \u00a0\u00a0\u00a0\u00a0\u00a0\u00a0d\u2019accompagnement Empow&#039;Her, afin de pr\u00e9parer au mieux votre \u00e9change. \u00a0\u00a0\u00a0\u00a0 \u00a0\u00a0 \u00a0\u00a0 \u00a0\u00a0\u00a0\u00a0Un atelier pour transformer vos interrogations en opportunit\u00e9s et donner un nouvel \u00e9lan \u00e0 votre strat\u00e9gie commerciale. \u00a0\u00a0 \u00a0\u00a0Intervenant : Alice \u00a0\u00a0Son super pouvoir : J&#039;ai r\u00e9ponse \u00e0 tout (mais je ne garantis pas qu&#039;on aime la r\u00e9ponse \u00e0 chaque fois) \u00a0\u00a0Son petit mot : N&#039;ayez pas peur d&#039;oser mais ne vous oubliez jamais. \u00a0\u00a0 \u00a0\u00a0\u00a0\u00a0Attention : Veuillez vous pr\u00e9senter \u00e0 l\u2019heure pour que l\u2019activit\u00e9 puisse commencer \u00e0 temps.\u00a0 \u00a0\u00a0\u00a0\u00a0Si vous avez du retard, veuillez pr\u00e9venir l\u2019\u00e9quipe d\u2019Empow\u2019Her : contact.france@empow-her.com.\u00a0 \u00a0\u00a0\u00a0\u00a0Si vous avez plus de 15 minutes de retard, l\u2019intervenant.e se r\u00e9serve le droit de ne plus vous accepter pour le coaching ou l\u2019atelier. \u00a0\u00a0\" \/>\n<meta property=\"og:url\" content=\"https:\/\/empow-her.com\/produit\/strategie-prospection-commerciale-5\/\" \/>\n<meta property=\"og:site_name\" content=\"Empow&#039;Her\" \/>\n<meta property=\"article:modified_time\" content=\"2026-03-30T08:37:54+00:00\" \/>\n<meta property=\"og:image\" content=\"https:\/\/empow-her.com\/wp-content\/uploads\/2025\/10\/Atelier.png\" \/>\n\t<meta property=\"og:image:width\" content=\"1080\" \/>\n\t<meta property=\"og:image:height\" content=\"1080\" \/>\n\t<meta property=\"og:image:type\" content=\"image\/png\" \/>\n<meta name=\"twitter:card\" content=\"summary_large_image\" \/>\n<meta name=\"twitter:label1\" content=\"Tiempo de lectura\" \/>\n\t<meta name=\"twitter:data1\" content=\"1 minuto\" \/>\n<script type=\"application\/ld+json\" class=\"yoast-schema-graph\">{\"@context\":\"https:\/\/schema.org\",\"@graph\":[{\"@type\":\"WebPage\",\"@id\":\"https:\/\/empow-her.com\/produit\/strategie-prospection-commerciale-5\/\",\"url\":\"https:\/\/empow-her.com\/produit\/strategie-prospection-commerciale-5\/\",\"name\":\"Strat\u00e9gie & prospection commerciale - Empow&#039;Her\",\"isPartOf\":{\"@id\":\"https:\/\/empow-her.com\/#website\"},\"primaryImageOfPage\":{\"@id\":\"https:\/\/empow-her.com\/produit\/strategie-prospection-commerciale-5\/#primaryimage\"},\"image\":{\"@id\":\"https:\/\/empow-her.com\/produit\/strategie-prospection-commerciale-5\/#primaryimage\"},\"thumbnailUrl\":\"https:\/\/empow-her.com\/wp-content\/uploads\/2025\/10\/Atelier.png\",\"datePublished\":\"2025-12-02T08:30:00+00:00\",\"dateModified\":\"2026-03-30T08:37:54+00:00\",\"breadcrumb\":{\"@id\":\"https:\/\/empow-her.com\/produit\/strategie-prospection-commerciale-5\/#breadcrumb\"},\"inLanguage\":\"es\",\"potentialAction\":[{\"@type\":\"ReadAction\",\"target\":[\"https:\/\/empow-her.com\/produit\/strategie-prospection-commerciale-5\/\"]}]},{\"@type\":\"ImageObject\",\"inLanguage\":\"es\",\"@id\":\"https:\/\/empow-her.com\/produit\/strategie-prospection-commerciale-5\/#primaryimage\",\"url\":\"https:\/\/empow-her.com\/wp-content\/uploads\/2025\/10\/Atelier.png\",\"contentUrl\":\"https:\/\/empow-her.com\/wp-content\/uploads\/2025\/10\/Atelier.png\",\"width\":1080,\"height\":1080},{\"@type\":\"BreadcrumbList\",\"@id\":\"https:\/\/empow-her.com\/produit\/strategie-prospection-commerciale-5\/#breadcrumb\",\"itemListElement\":[{\"@type\":\"ListItem\",\"position\":1,\"name\":\"Accueil\",\"item\":\"https:\/\/empow-her.com\/es\/inicio\/\"},{\"@type\":\"ListItem\",\"position\":2,\"name\":\"LA BOUTIQUE\",\"item\":\"https:\/\/empow-her.com\/boutique\/\"},{\"@type\":\"ListItem\",\"position\":3,\"name\":\"Strat\u00e9gie &#038; prospection commerciale\"}]},{\"@type\":\"WebSite\",\"@id\":\"https:\/\/empow-her.com\/#website\",\"url\":\"https:\/\/empow-her.com\/\",\"name\":\"Empow&#039;Her\",\"description\":\"Women Development\",\"potentialAction\":[{\"@type\":\"SearchAction\",\"target\":{\"@type\":\"EntryPoint\",\"urlTemplate\":\"https:\/\/empow-her.com\/?s={search_term_string}\"},\"query-input\":{\"@type\":\"PropertyValueSpecification\",\"valueRequired\":true,\"valueName\":\"search_term_string\"}}],\"inLanguage\":\"es\"}]}<\/script>\n<!-- \/ Yoast SEO plugin. -->","yoast_head_json":{"title":"Strat\u00e9gie & prospection commerciale - Empow&#039;Her","robots":{"index":"index","follow":"follow","max-snippet":"max-snippet:-1","max-image-preview":"max-image-preview:large","max-video-preview":"max-video-preview:-1"},"canonical":"https:\/\/empow-her.com\/produit\/strategie-prospection-commerciale-5\/","og_locale":"es_ES","og_type":"article","og_title":"Strat\u00e9gie & prospection commerciale - Empow&#039;Her","og_description":"\u00a0\u00a01 atelier pour affiner votre strat\u00e9gie commerciale \u00a0\u00a0 \u00a0\u00a0\u00a0\u00a0Vous avez esquiss\u00e9 une offre bas\u00e9e sur un produit ou un service, mais des questions demeurent :\u00a0 \u00a0\u00a0\u00a0\u00a0quels sont les bons canaux pour atteindre vos cibles ? Comment diffuser et vendre vos offres de mani\u00e8re optimale ?\u00a0 \u00a0\u00a0\u00a0\u00a0Cet atelier est con\u00e7u pour vous aider \u00e0 clarifier votre strat\u00e9gie commerciale et \u00e0 trouver des solutions adapt\u00e9es \u00e0 vos besoins. \u00a0\u00a0 \u00a0\u00a0Ce que nous pouvons voir ensemble : \u00a0\u00a0 \u00a0\u00a0\u00a0\u00a0 \u00a0\u00a0\u00a0\u00a0\u00a0\u00a0Analyser votre offre et votre march\u00e9 \u00a0\u00a0\u00a0\u00a0\u00a0\u00a0\u00c9valuer les caract\u00e9ristiques de votre produit ou service et identifier votre audience cible. \u00a0\u00a0\u00a0\u00a0 \u00a0\u00a0\u00a0\u00a0 \u00a0\u00a0\u00a0\u00a0\u00a0\u00a0D\u00e9terminer les canaux de diffusion \u00a0\u00a0\u00a0\u00a0\u00a0\u00a0Explorer les plateformes et les strat\u00e9gies les plus efficaces pour toucher vos cibles et maximiser votre port\u00e9e. \u00a0\u00a0\u00a0\u00a0 \u00a0\u00a0\u00a0\u00a0 \u00a0\u00a0\u00a0\u00a0\u00a0\u00a0D\u00e9velopper des outils de vente \u00a0\u00a0\u00a0\u00a0\u00a0\u00a0Apprendre des techniques et outils pratiques pour pr\u00e9senter et vendre vos offres de mani\u00e8re convaincante. \u00a0\u00a0\u00a0\u00a0 \u00a0\u00a0\u00a0\u00a0 \u00a0\u00a0\u00a0\u00a0\u00a0\u00a0\u00c9laborer une feuille de route \u00a0\u00a0\u00a0\u00a0\u00a0\u00a0Cr\u00e9er un plan d\u2019action concret avec des \u00e9tapes claires pour d\u00e9velopper votre activit\u00e9 et atteindre vos objectifs. \u00a0\u00a0\u00a0\u00a0 \u00a0\u00a0\u00a0\u00a0 \u00a0\u00a0\u00a0\u00a0\u00a0\u00a0Pr\u00e9paration pour un \u00e9change constructif \u00a0\u00a0\u00a0\u00a0\u00a0\u00a0Avant la session, n'h\u00e9sitez pas \u00e0 partager vos questions sp\u00e9cifiques ou tout document utile avec l\u2019\u00e9quipe\u00a0 \u00a0\u00a0\u00a0\u00a0\u00a0\u00a0d\u2019accompagnement Empow'Her, afin de pr\u00e9parer au mieux votre \u00e9change. \u00a0\u00a0\u00a0\u00a0 \u00a0\u00a0 \u00a0\u00a0 \u00a0\u00a0\u00a0\u00a0Un atelier pour transformer vos interrogations en opportunit\u00e9s et donner un nouvel \u00e9lan \u00e0 votre strat\u00e9gie commerciale. \u00a0\u00a0 \u00a0\u00a0Intervenant : Alice \u00a0\u00a0Son super pouvoir : J'ai r\u00e9ponse \u00e0 tout (mais je ne garantis pas qu'on aime la r\u00e9ponse \u00e0 chaque fois) \u00a0\u00a0Son petit mot : N'ayez pas peur d'oser mais ne vous oubliez jamais. \u00a0\u00a0 \u00a0\u00a0\u00a0\u00a0Attention : Veuillez vous pr\u00e9senter \u00e0 l\u2019heure pour que l\u2019activit\u00e9 puisse commencer \u00e0 temps.\u00a0 \u00a0\u00a0\u00a0\u00a0Si vous avez du retard, veuillez pr\u00e9venir l\u2019\u00e9quipe d\u2019Empow\u2019Her : contact.france@empow-her.com.\u00a0 \u00a0\u00a0\u00a0\u00a0Si vous avez plus de 15 minutes de retard, l\u2019intervenant.e se r\u00e9serve le droit de ne plus vous accepter pour le coaching ou l\u2019atelier. \u00a0\u00a0","og_url":"https:\/\/empow-her.com\/produit\/strategie-prospection-commerciale-5\/","og_site_name":"Empow&#039;Her","article_modified_time":"2026-03-30T08:37:54+00:00","og_image":[{"width":1080,"height":1080,"url":"https:\/\/empow-her.com\/wp-content\/uploads\/2025\/10\/Atelier.png","type":"image\/png"}],"twitter_card":"summary_large_image","twitter_misc":{"Tiempo de lectura":"1 minuto"},"schema":{"@context":"https:\/\/schema.org","@graph":[{"@type":"WebPage","@id":"https:\/\/empow-her.com\/produit\/strategie-prospection-commerciale-5\/","url":"https:\/\/empow-her.com\/produit\/strategie-prospection-commerciale-5\/","name":"Strat\u00e9gie & prospection commerciale - Empow&#039;Her","isPartOf":{"@id":"https:\/\/empow-her.com\/#website"},"primaryImageOfPage":{"@id":"https:\/\/empow-her.com\/produit\/strategie-prospection-commerciale-5\/#primaryimage"},"image":{"@id":"https:\/\/empow-her.com\/produit\/strategie-prospection-commerciale-5\/#primaryimage"},"thumbnailUrl":"https:\/\/empow-her.com\/wp-content\/uploads\/2025\/10\/Atelier.png","datePublished":"2025-12-02T08:30:00+00:00","dateModified":"2026-03-30T08:37:54+00:00","breadcrumb":{"@id":"https:\/\/empow-her.com\/produit\/strategie-prospection-commerciale-5\/#breadcrumb"},"inLanguage":"es","potentialAction":[{"@type":"ReadAction","target":["https:\/\/empow-her.com\/produit\/strategie-prospection-commerciale-5\/"]}]},{"@type":"ImageObject","inLanguage":"es","@id":"https:\/\/empow-her.com\/produit\/strategie-prospection-commerciale-5\/#primaryimage","url":"https:\/\/empow-her.com\/wp-content\/uploads\/2025\/10\/Atelier.png","contentUrl":"https:\/\/empow-her.com\/wp-content\/uploads\/2025\/10\/Atelier.png","width":1080,"height":1080},{"@type":"BreadcrumbList","@id":"https:\/\/empow-her.com\/produit\/strategie-prospection-commerciale-5\/#breadcrumb","itemListElement":[{"@type":"ListItem","position":1,"name":"Accueil","item":"https:\/\/empow-her.com\/es\/inicio\/"},{"@type":"ListItem","position":2,"name":"LA BOUTIQUE","item":"https:\/\/empow-her.com\/boutique\/"},{"@type":"ListItem","position":3,"name":"Strat\u00e9gie &#038; prospection commerciale"}]},{"@type":"WebSite","@id":"https:\/\/empow-her.com\/#website","url":"https:\/\/empow-her.com\/","name":"Empow&#039;Her","description":"Women Development","potentialAction":[{"@type":"SearchAction","target":{"@type":"EntryPoint","urlTemplate":"https:\/\/empow-her.com\/?s={search_term_string}"},"query-input":{"@type":"PropertyValueSpecification","valueRequired":true,"valueName":"search_term_string"}}],"inLanguage":"es"}]}},"_links":{"self":[{"href":"https:\/\/empow-her.com\/es\/wp-json\/wp\/v2\/product\/270625","targetHints":{"allow":["GET"]}}],"collection":[{"href":"https:\/\/empow-her.com\/es\/wp-json\/wp\/v2\/product"}],"about":[{"href":"https:\/\/empow-her.com\/es\/wp-json\/wp\/v2\/types\/product"}],"wp:featuredmedia":[{"embeddable":true,"href":"https:\/\/empow-her.com\/es\/wp-json\/wp\/v2\/media\/269994"}],"wp:attachment":[{"href":"https:\/\/empow-her.com\/es\/wp-json\/wp\/v2\/media?parent=270625"}],"wp:term":[{"taxonomy":"product_brand","embeddable":true,"href":"https:\/\/empow-her.com\/es\/wp-json\/wp\/v2\/product_brand?post=270625"},{"taxonomy":"product_cat","embeddable":true,"href":"https:\/\/empow-her.com\/es\/wp-json\/wp\/v2\/product_cat?post=270625"},{"taxonomy":"product_tag","embeddable":true,"href":"https:\/\/empow-her.com\/es\/wp-json\/wp\/v2\/product_tag?post=270625"},{"taxonomy":"lieu","embeddable":true,"href":"https:\/\/empow-her.com\/es\/wp-json\/wp\/v2\/lieu?post=270625"},{"taxonomy":"thematiques","embeddable":true,"href":"https:\/\/empow-her.com\/es\/wp-json\/wp\/v2\/thematiques?post=270625"}],"curies":[{"name":"wp","href":"https:\/\/api.w.org\/{rel}","templated":true}]}}