{"id":270622,"date":"2025-12-02T14:30:00","date_gmt":"2025-12-02T13:30:00","guid":{"rendered":"https:\/\/empow-her.com\/?post_type=product&#038;p=270622"},"modified":"2026-03-30T10:37:46","modified_gmt":"2026-03-30T08:37:46","slug":"developper-son-intelligence-emotionnelle","status":"publish","type":"product","link":"https:\/\/empow-her.com\/es\/produit\/developper-son-intelligence-emotionnelle\/","title":{"rendered":"D\u00e9velopper son intelligence \u00e9motionnelle"},"content":{"rendered":"<h3> Atelier &#8211; D\u00e9velopper son intelligence \u00e9motionnelle <\/h3>\n<p><strong>Besoins :<\/strong> Vous ressentez des freins dans votre mani\u00e8re de <strong>d\u00e9fendre votre projet<\/strong> ou de vous affirmer dans une discussion ?\u00a0<br \/>\nVous avez le sentiment de ne pas exprimer vos <strong>besoins<\/strong> ou vos <strong>limites<\/strong> ?\u00a0<br \/>\nVous souhaiteriez comprendre comment fonctionnent les <strong>\u00e9motions<\/strong>, pour \u00eatre plus \u00e0 l\u2019aise dans l\u2019\u00e9change et l\u2019ouverture \u00e0 d\u2019autres points de vue ?<\/p>\n<p><strong>Objectifs :<\/strong> Cet atelier est con\u00e7u pour vous aider \u00e0 <strong>comprendre le fonctionnement des \u00e9motions<\/strong>, pour mieux y r\u00e9pondre et en faire une force.\u00a0<br \/>\nL\u2019objectif est de vous aider \u00e0 <strong>prendre confiance dans vos ressentis<\/strong>, \u00e0 <strong>formuler des demandes claires<\/strong>, \u00e0 vous <strong>relier \u00e0 l\u2019autre<\/strong> sans oublier de <strong>prendre soin de vous<\/strong>.<\/p>\n<p><strong> D\u00e9roul\u00e9 :<\/strong><\/p>\n<ul>\n\u00a0<\/p>\n<li> <strong>Apports th\u00e9oriques<\/strong> en lien avec la psychologie comportementale et le coaching<\/li>\n<p>\u00a0<\/p>\n<li> <strong>S\u00e9quences ludiques<\/strong> pour exp\u00e9rimenter et ancrer les apports th\u00e9oriques (jeux, mises en sc\u00e8ne\u2026)<\/li>\n<p>\u00a0<\/p>\n<li> <strong>Temps d\u2019introspection personnelle<\/strong> pour approfondir vos r\u00e9flexions<\/li>\n<p>\u00a0<\/p>\n<li> <strong>Moments d\u2019\u00e9change en groupe<\/strong> pour partager vos exp\u00e9riences, \u00e9largir vos perspectives et favoriser des prises de conscience gr\u00e2ce \u00e0 la dynamique collective<\/li>\n<\/ul>\n","protected":false},"excerpt":{"rendered":"<h3> Atelier &#8211; D\u00e9velopper son intelligence \u00e9motionnelle <\/h3>\n<p><strong>Besoins :<\/strong> Vous ressentez des freins dans votre mani\u00e8re de <strong>d\u00e9fendre votre projet<\/strong> ou de vous affirmer dans une discussion ?\u00a0<br \/>\nVous avez le sentiment de ne pas exprimer vos <strong>besoins<\/strong> ou vos <strong>limites<\/strong> ?\u00a0<br \/>\nVous souhaiteriez comprendre comment fonctionnent les <strong>\u00e9motions<\/strong>, pour \u00eatre plus \u00e0 l\u2019aise dans l\u2019\u00e9change et l\u2019ouverture \u00e0 d\u2019autres points de vue ?<\/p>\n<p><strong>Objectifs :<\/strong> Cet atelier est con\u00e7u pour vous aider \u00e0 <strong>comprendre le fonctionnement des \u00e9motions<\/strong>, pour mieux y r\u00e9pondre et en faire une force.\u00a0<br \/>\nL\u2019objectif est de vous aider \u00e0 <strong>prendre confiance dans vos ressentis<\/strong>, \u00e0 <strong>formuler des demandes claires<\/strong>, \u00e0 vous <strong>relier \u00e0 l\u2019autre<\/strong> sans oublier de <strong>prendre soin de vous<\/strong>.<\/p>\n<p><strong> D\u00e9roul\u00e9 :<\/strong><\/p>\n<ul>\n\u00a0<\/p>\n<li> <strong>Apports th\u00e9oriques<\/strong> en lien avec la psychologie comportementale et le coaching<\/li>\n<p>\u00a0<\/p>\n<li> <strong>S\u00e9quences ludiques<\/strong> pour exp\u00e9rimenter et ancrer les apports th\u00e9oriques (jeux, mises en sc\u00e8ne\u2026)<\/li>\n<p>\u00a0<\/p>\n<li> <strong>Temps d\u2019introspection personnelle<\/strong> pour approfondir vos r\u00e9flexions<\/li>\n<p>\u00a0<\/p>\n<li> <strong>Moments d\u2019\u00e9change en groupe<\/strong> pour partager vos exp\u00e9riences, \u00e9largir vos perspectives et favoriser des prises de conscience gr\u00e2ce \u00e0 la dynamique collective<\/li>\n<\/ul>\n","protected":false},"featured_media":269994,"template":"","format":"standard","meta":{"_acf_changed":false,"om_disable_all_campaigns":false,"_uf_show_specific_survey":0,"_uf_disable_surveys":false},"product_brand":[],"product_cat":[118],"product_tag":[222],"lieu":[223],"thematiques":[],"class_list":{"0":"post-270622","1":"product","2":"type-product","3":"status-publish","4":"format-standard","5":"has-post-thumbnail","7":"product_cat-atelier-collectif","8":"product_tag-presentiel","9":"lieu-presentiel","11":"first","12":"instock","13":"virtual","14":"purchasable","15":"product-type-appointment"},"exclude_global_add_ons":[],"addons":[],"acf":[],"yoast_head":"<!-- This site is optimized with the Yoast SEO plugin v24.8 - https:\/\/yoast.com\/wordpress\/plugins\/seo\/ -->\n<title>D\u00e9velopper son intelligence \u00e9motionnelle - Empow&#039;Her<\/title>\n<meta name=\"robots\" content=\"index, follow, max-snippet:-1, max-image-preview:large, max-video-preview:-1\" \/>\n<link rel=\"canonical\" href=\"https:\/\/empow-her.com\/produit\/developper-son-intelligence-emotionnelle\/\" \/>\n<meta property=\"og:locale\" content=\"es_ES\" \/>\n<meta property=\"og:type\" content=\"article\" \/>\n<meta property=\"og:title\" content=\"D\u00e9velopper son intelligence \u00e9motionnelle - Empow&#039;Her\" \/>\n<meta property=\"og:description\" content=\"Atelier - D\u00e9velopper son intelligence \u00e9motionnelle  Besoins : Vous ressentez des freins dans votre mani\u00e8re de d\u00e9fendre votre projet ou de vous affirmer dans une discussion ?\u00a0 Vous avez le sentiment de ne pas exprimer vos besoins ou vos limites ?\u00a0 Vous souhaiteriez comprendre comment fonctionnent les \u00e9motions, pour \u00eatre plus \u00e0 l\u2019aise dans l\u2019\u00e9change et l\u2019ouverture \u00e0 d\u2019autres points de vue ? Objectifs : Cet atelier est con\u00e7u pour vous aider \u00e0 comprendre le fonctionnement des \u00e9motions, pour mieux y r\u00e9pondre et en faire une force.\u00a0 L\u2019objectif est de vous aider \u00e0 prendre confiance dans vos ressentis, \u00e0 formuler des demandes claires, \u00e0 vous relier \u00e0 l\u2019autre sans oublier de prendre soin de vous.  D\u00e9roul\u00e9 : \u00a0 Apports th\u00e9oriques en lien avec la psychologie comportementale et le coaching \u00a0 S\u00e9quences ludiques pour exp\u00e9rimenter et ancrer les apports th\u00e9oriques (jeux, mises en sc\u00e8ne\u2026) \u00a0 Temps d\u2019introspection personnelle pour approfondir vos r\u00e9flexions \u00a0 Moments d\u2019\u00e9change en groupe pour partager vos exp\u00e9riences, \u00e9largir vos perspectives et favoriser des prises de conscience gr\u00e2ce \u00e0 la dynamique collective\" \/>\n<meta property=\"og:url\" content=\"https:\/\/empow-her.com\/produit\/developper-son-intelligence-emotionnelle\/\" \/>\n<meta property=\"og:site_name\" content=\"Empow&#039;Her\" \/>\n<meta property=\"article:modified_time\" content=\"2026-03-30T08:37:46+00:00\" \/>\n<meta property=\"og:image\" content=\"https:\/\/empow-her.com\/wp-content\/uploads\/2025\/10\/Atelier.png\" \/>\n\t<meta property=\"og:image:width\" content=\"1080\" \/>\n\t<meta property=\"og:image:height\" content=\"1080\" \/>\n\t<meta property=\"og:image:type\" content=\"image\/png\" \/>\n<meta name=\"twitter:card\" content=\"summary_large_image\" \/>\n<meta name=\"twitter:label1\" content=\"Tiempo de lectura\" \/>\n\t<meta name=\"twitter:data1\" content=\"1 minuto\" \/>\n<script type=\"application\/ld+json\" class=\"yoast-schema-graph\">{\"@context\":\"https:\/\/schema.org\",\"@graph\":[{\"@type\":\"WebPage\",\"@id\":\"https:\/\/empow-her.com\/produit\/developper-son-intelligence-emotionnelle\/\",\"url\":\"https:\/\/empow-her.com\/produit\/developper-son-intelligence-emotionnelle\/\",\"name\":\"D\u00e9velopper son intelligence \u00e9motionnelle - Empow&#039;Her\",\"isPartOf\":{\"@id\":\"https:\/\/empow-her.com\/#website\"},\"primaryImageOfPage\":{\"@id\":\"https:\/\/empow-her.com\/produit\/developper-son-intelligence-emotionnelle\/#primaryimage\"},\"image\":{\"@id\":\"https:\/\/empow-her.com\/produit\/developper-son-intelligence-emotionnelle\/#primaryimage\"},\"thumbnailUrl\":\"https:\/\/empow-her.com\/wp-content\/uploads\/2025\/10\/Atelier.png\",\"datePublished\":\"2025-12-02T13:30:00+00:00\",\"dateModified\":\"2026-03-30T08:37:46+00:00\",\"breadcrumb\":{\"@id\":\"https:\/\/empow-her.com\/produit\/developper-son-intelligence-emotionnelle\/#breadcrumb\"},\"inLanguage\":\"es\",\"potentialAction\":[{\"@type\":\"ReadAction\",\"target\":[\"https:\/\/empow-her.com\/produit\/developper-son-intelligence-emotionnelle\/\"]}]},{\"@type\":\"ImageObject\",\"inLanguage\":\"es\",\"@id\":\"https:\/\/empow-her.com\/produit\/developper-son-intelligence-emotionnelle\/#primaryimage\",\"url\":\"https:\/\/empow-her.com\/wp-content\/uploads\/2025\/10\/Atelier.png\",\"contentUrl\":\"https:\/\/empow-her.com\/wp-content\/uploads\/2025\/10\/Atelier.png\",\"width\":1080,\"height\":1080},{\"@type\":\"BreadcrumbList\",\"@id\":\"https:\/\/empow-her.com\/produit\/developper-son-intelligence-emotionnelle\/#breadcrumb\",\"itemListElement\":[{\"@type\":\"ListItem\",\"position\":1,\"name\":\"Accueil\",\"item\":\"https:\/\/empow-her.com\/es\/inicio\/\"},{\"@type\":\"ListItem\",\"position\":2,\"name\":\"LA BOUTIQUE\",\"item\":\"https:\/\/empow-her.com\/boutique\/\"},{\"@type\":\"ListItem\",\"position\":3,\"name\":\"D\u00e9velopper son intelligence \u00e9motionnelle\"}]},{\"@type\":\"WebSite\",\"@id\":\"https:\/\/empow-her.com\/#website\",\"url\":\"https:\/\/empow-her.com\/\",\"name\":\"Empow&#039;Her\",\"description\":\"Women Development\",\"potentialAction\":[{\"@type\":\"SearchAction\",\"target\":{\"@type\":\"EntryPoint\",\"urlTemplate\":\"https:\/\/empow-her.com\/?s={search_term_string}\"},\"query-input\":{\"@type\":\"PropertyValueSpecification\",\"valueRequired\":true,\"valueName\":\"search_term_string\"}}],\"inLanguage\":\"es\"}]}<\/script>\n<!-- \/ Yoast SEO plugin. -->","yoast_head_json":{"title":"D\u00e9velopper son intelligence \u00e9motionnelle - Empow&#039;Her","robots":{"index":"index","follow":"follow","max-snippet":"max-snippet:-1","max-image-preview":"max-image-preview:large","max-video-preview":"max-video-preview:-1"},"canonical":"https:\/\/empow-her.com\/produit\/developper-son-intelligence-emotionnelle\/","og_locale":"es_ES","og_type":"article","og_title":"D\u00e9velopper son intelligence \u00e9motionnelle - Empow&#039;Her","og_description":"Atelier - D\u00e9velopper son intelligence \u00e9motionnelle  Besoins : Vous ressentez des freins dans votre mani\u00e8re de d\u00e9fendre votre projet ou de vous affirmer dans une discussion ?\u00a0 Vous avez le sentiment de ne pas exprimer vos besoins ou vos limites ?\u00a0 Vous souhaiteriez comprendre comment fonctionnent les \u00e9motions, pour \u00eatre plus \u00e0 l\u2019aise dans l\u2019\u00e9change et l\u2019ouverture \u00e0 d\u2019autres points de vue ? Objectifs : Cet atelier est con\u00e7u pour vous aider \u00e0 comprendre le fonctionnement des \u00e9motions, pour mieux y r\u00e9pondre et en faire une force.\u00a0 L\u2019objectif est de vous aider \u00e0 prendre confiance dans vos ressentis, \u00e0 formuler des demandes claires, \u00e0 vous relier \u00e0 l\u2019autre sans oublier de prendre soin de vous.  D\u00e9roul\u00e9 : \u00a0 Apports th\u00e9oriques en lien avec la psychologie comportementale et le coaching \u00a0 S\u00e9quences ludiques pour exp\u00e9rimenter et ancrer les apports th\u00e9oriques (jeux, mises en sc\u00e8ne\u2026) \u00a0 Temps d\u2019introspection personnelle pour approfondir vos r\u00e9flexions \u00a0 Moments d\u2019\u00e9change en groupe pour partager vos exp\u00e9riences, \u00e9largir vos perspectives et favoriser des prises de conscience gr\u00e2ce \u00e0 la dynamique collective","og_url":"https:\/\/empow-her.com\/produit\/developper-son-intelligence-emotionnelle\/","og_site_name":"Empow&#039;Her","article_modified_time":"2026-03-30T08:37:46+00:00","og_image":[{"width":1080,"height":1080,"url":"https:\/\/empow-her.com\/wp-content\/uploads\/2025\/10\/Atelier.png","type":"image\/png"}],"twitter_card":"summary_large_image","twitter_misc":{"Tiempo de lectura":"1 minuto"},"schema":{"@context":"https:\/\/schema.org","@graph":[{"@type":"WebPage","@id":"https:\/\/empow-her.com\/produit\/developper-son-intelligence-emotionnelle\/","url":"https:\/\/empow-her.com\/produit\/developper-son-intelligence-emotionnelle\/","name":"D\u00e9velopper son intelligence \u00e9motionnelle - Empow&#039;Her","isPartOf":{"@id":"https:\/\/empow-her.com\/#website"},"primaryImageOfPage":{"@id":"https:\/\/empow-her.com\/produit\/developper-son-intelligence-emotionnelle\/#primaryimage"},"image":{"@id":"https:\/\/empow-her.com\/produit\/developper-son-intelligence-emotionnelle\/#primaryimage"},"thumbnailUrl":"https:\/\/empow-her.com\/wp-content\/uploads\/2025\/10\/Atelier.png","datePublished":"2025-12-02T13:30:00+00:00","dateModified":"2026-03-30T08:37:46+00:00","breadcrumb":{"@id":"https:\/\/empow-her.com\/produit\/developper-son-intelligence-emotionnelle\/#breadcrumb"},"inLanguage":"es","potentialAction":[{"@type":"ReadAction","target":["https:\/\/empow-her.com\/produit\/developper-son-intelligence-emotionnelle\/"]}]},{"@type":"ImageObject","inLanguage":"es","@id":"https:\/\/empow-her.com\/produit\/developper-son-intelligence-emotionnelle\/#primaryimage","url":"https:\/\/empow-her.com\/wp-content\/uploads\/2025\/10\/Atelier.png","contentUrl":"https:\/\/empow-her.com\/wp-content\/uploads\/2025\/10\/Atelier.png","width":1080,"height":1080},{"@type":"BreadcrumbList","@id":"https:\/\/empow-her.com\/produit\/developper-son-intelligence-emotionnelle\/#breadcrumb","itemListElement":[{"@type":"ListItem","position":1,"name":"Accueil","item":"https:\/\/empow-her.com\/es\/inicio\/"},{"@type":"ListItem","position":2,"name":"LA BOUTIQUE","item":"https:\/\/empow-her.com\/boutique\/"},{"@type":"ListItem","position":3,"name":"D\u00e9velopper son intelligence \u00e9motionnelle"}]},{"@type":"WebSite","@id":"https:\/\/empow-her.com\/#website","url":"https:\/\/empow-her.com\/","name":"Empow&#039;Her","description":"Women Development","potentialAction":[{"@type":"SearchAction","target":{"@type":"EntryPoint","urlTemplate":"https:\/\/empow-her.com\/?s={search_term_string}"},"query-input":{"@type":"PropertyValueSpecification","valueRequired":true,"valueName":"search_term_string"}}],"inLanguage":"es"}]}},"_links":{"self":[{"href":"https:\/\/empow-her.com\/es\/wp-json\/wp\/v2\/product\/270622","targetHints":{"allow":["GET"]}}],"collection":[{"href":"https:\/\/empow-her.com\/es\/wp-json\/wp\/v2\/product"}],"about":[{"href":"https:\/\/empow-her.com\/es\/wp-json\/wp\/v2\/types\/product"}],"wp:featuredmedia":[{"embeddable":true,"href":"https:\/\/empow-her.com\/es\/wp-json\/wp\/v2\/media\/269994"}],"wp:attachment":[{"href":"https:\/\/empow-her.com\/es\/wp-json\/wp\/v2\/media?parent=270622"}],"wp:term":[{"taxonomy":"product_brand","embeddable":true,"href":"https:\/\/empow-her.com\/es\/wp-json\/wp\/v2\/product_brand?post=270622"},{"taxonomy":"product_cat","embeddable":true,"href":"https:\/\/empow-her.com\/es\/wp-json\/wp\/v2\/product_cat?post=270622"},{"taxonomy":"product_tag","embeddable":true,"href":"https:\/\/empow-her.com\/es\/wp-json\/wp\/v2\/product_tag?post=270622"},{"taxonomy":"lieu","embeddable":true,"href":"https:\/\/empow-her.com\/es\/wp-json\/wp\/v2\/lieu?post=270622"},{"taxonomy":"thematiques","embeddable":true,"href":"https:\/\/empow-her.com\/es\/wp-json\/wp\/v2\/thematiques?post=270622"}],"curies":[{"name":"wp","href":"https:\/\/api.w.org\/{rel}","templated":true}]}}