{"id":270621,"date":"2025-12-04T09:30:00","date_gmt":"2025-12-04T08:30:00","guid":{"rendered":"https:\/\/empow-her.com\/?post_type=product&#038;p=270621"},"modified":"2026-03-30T10:37:45","modified_gmt":"2026-03-30T08:37:45","slug":"les-fondamentaux-des-contrats","status":"publish","type":"product","link":"https:\/\/empow-her.com\/es\/produit\/les-fondamentaux-des-contrats\/","title":{"rendered":"Les fondamentaux des contrats"},"content":{"rendered":"<h3> Atelier &#8211;  Les fondamentaux du contrat et du RGPD<\/h3>\n<p><strong>Description :<\/strong> Vous lancez votre activit\u00e9 et vous \u00eates perdu\u00b7e dans les contrats \u00e0 mettre en place ?\u00a0<br \/>\nVous vous demandez si vous devez r\u00e9diger des <strong>CGV<\/strong>, <strong>CGU<\/strong>, <strong>CGA<\/strong> ou une <strong>politique de confidentialit\u00e9<\/strong> ?\u00a0<br \/>\nCet atelier vous pr\u00e9sente les contrats principaux li\u00e9s \u00e0 une activit\u00e9 commerciale et vous aide \u00e0 <strong>identifier les clauses essentielles<\/strong>.\u00a0<br \/>\nUne introduction \u00e0 la <strong>protection des donn\u00e9es personnelles<\/strong> au regard du RGPD est \u00e9galement incluse.<\/p>\n<p><strong> Ce que nous pouvons voir ensemble :<\/strong><\/p>\n<ul>\n\u00a0<\/p>\n<li> Comprendre les diff\u00e9rences entre CGV, CGU, CGA, contrat et politique de confidentialit\u00e9<\/li>\n<p>\u00a0<\/p>\n<li> Identifier les clauses indispensables selon le type de contrat<\/li>\n<p>\u00a0<\/p>\n<li> Comprendre ce qu\u2019est une <strong>donn\u00e9e personnelle<\/strong> et le champ d\u2019application du RGPD<\/li>\n<p>\u00a0<\/p>\n<li> Sensibilisation aux obligations cl\u00e9s du RGPD et aux risques encourus<\/li>\n<\/ul>\n","protected":false},"excerpt":{"rendered":"<h3> Atelier &#8211;  Les fondamentaux du contrat et du RGPD<\/h3>\n<p><strong>Description :<\/strong> Vous lancez votre activit\u00e9 et vous \u00eates perdu\u00b7e dans les contrats \u00e0 mettre en place ?\u00a0<br \/>\nVous vous demandez si vous devez r\u00e9diger des <strong>CGV<\/strong>, <strong>CGU<\/strong>, <strong>CGA<\/strong> ou une <strong>politique de confidentialit\u00e9<\/strong> ?\u00a0<br \/>\nCet atelier vous pr\u00e9sente les contrats principaux li\u00e9s \u00e0 une activit\u00e9 commerciale et vous aide \u00e0 <strong>identifier les clauses essentielles<\/strong>.\u00a0<br \/>\nUne introduction \u00e0 la <strong>protection des donn\u00e9es personnelles<\/strong> au regard du RGPD est \u00e9galement incluse.<\/p>\n<p><strong> Ce que nous pouvons voir ensemble :<\/strong><\/p>\n<ul>\n\u00a0<\/p>\n<li> Comprendre les diff\u00e9rences entre CGV, CGU, CGA, contrat et politique de confidentialit\u00e9<\/li>\n<p>\u00a0<\/p>\n<li> Identifier les clauses indispensables selon le type de contrat<\/li>\n<p>\u00a0<\/p>\n<li> Comprendre ce qu\u2019est une <strong>donn\u00e9e personnelle<\/strong> et le champ d\u2019application du RGPD<\/li>\n<p>\u00a0<\/p>\n<li> Sensibilisation aux obligations cl\u00e9s du RGPD et aux risques encourus<\/li>\n<\/ul>\n","protected":false},"featured_media":269994,"template":"","format":"standard","meta":{"_acf_changed":false,"om_disable_all_campaigns":false,"_uf_show_specific_survey":0,"_uf_disable_surveys":false},"product_brand":[],"product_cat":[118],"product_tag":[222],"lieu":[223],"thematiques":[],"class_list":{"0":"post-270621","1":"product","2":"type-product","3":"status-publish","4":"format-standard","5":"has-post-thumbnail","7":"product_cat-atelier-collectif","8":"product_tag-presentiel","9":"lieu-presentiel","11":"first","12":"instock","13":"virtual","14":"purchasable","15":"product-type-appointment"},"exclude_global_add_ons":[],"addons":[],"acf":[],"yoast_head":"<!-- This site is optimized with the Yoast SEO plugin v24.8 - https:\/\/yoast.com\/wordpress\/plugins\/seo\/ -->\n<title>Les fondamentaux des contrats - Empow&#039;Her<\/title>\n<meta name=\"robots\" content=\"index, follow, max-snippet:-1, max-image-preview:large, max-video-preview:-1\" \/>\n<link rel=\"canonical\" href=\"https:\/\/empow-her.com\/produit\/les-fondamentaux-des-contrats\/\" \/>\n<meta property=\"og:locale\" content=\"es_ES\" \/>\n<meta property=\"og:type\" content=\"article\" \/>\n<meta property=\"og:title\" content=\"Les fondamentaux des contrats - Empow&#039;Her\" \/>\n<meta property=\"og:description\" content=\"Atelier - Les fondamentaux du contrat et du RGPD Description : Vous lancez votre activit\u00e9 et vous \u00eates perdu\u00b7e dans les contrats \u00e0 mettre en place ?\u00a0 Vous vous demandez si vous devez r\u00e9diger des CGV, CGU, CGA ou une politique de confidentialit\u00e9 ?\u00a0 Cet atelier vous pr\u00e9sente les contrats principaux li\u00e9s \u00e0 une activit\u00e9 commerciale et vous aide \u00e0 identifier les clauses essentielles.\u00a0 Une introduction \u00e0 la protection des donn\u00e9es personnelles au regard du RGPD est \u00e9galement incluse.  Ce que nous pouvons voir ensemble : \u00a0 Comprendre les diff\u00e9rences entre CGV, CGU, CGA, contrat et politique de confidentialit\u00e9 \u00a0 Identifier les clauses indispensables selon le type de contrat \u00a0 Comprendre ce qu\u2019est une donn\u00e9e personnelle et le champ d\u2019application du RGPD \u00a0 Sensibilisation aux obligations cl\u00e9s du RGPD et aux risques encourus\" \/>\n<meta property=\"og:url\" content=\"https:\/\/empow-her.com\/produit\/les-fondamentaux-des-contrats\/\" \/>\n<meta property=\"og:site_name\" content=\"Empow&#039;Her\" \/>\n<meta property=\"article:modified_time\" content=\"2026-03-30T08:37:45+00:00\" \/>\n<meta property=\"og:image\" content=\"https:\/\/empow-her.com\/wp-content\/uploads\/2025\/10\/Atelier.png\" \/>\n\t<meta property=\"og:image:width\" content=\"1080\" \/>\n\t<meta property=\"og:image:height\" content=\"1080\" \/>\n\t<meta property=\"og:image:type\" content=\"image\/png\" \/>\n<meta name=\"twitter:card\" content=\"summary_large_image\" \/>\n<meta name=\"twitter:label1\" content=\"Tiempo de lectura\" \/>\n\t<meta name=\"twitter:data1\" content=\"1 minuto\" \/>\n<script type=\"application\/ld+json\" class=\"yoast-schema-graph\">{\"@context\":\"https:\/\/schema.org\",\"@graph\":[{\"@type\":\"WebPage\",\"@id\":\"https:\/\/empow-her.com\/produit\/les-fondamentaux-des-contrats\/\",\"url\":\"https:\/\/empow-her.com\/produit\/les-fondamentaux-des-contrats\/\",\"name\":\"Les fondamentaux des contrats - Empow&#039;Her\",\"isPartOf\":{\"@id\":\"https:\/\/empow-her.com\/#website\"},\"primaryImageOfPage\":{\"@id\":\"https:\/\/empow-her.com\/produit\/les-fondamentaux-des-contrats\/#primaryimage\"},\"image\":{\"@id\":\"https:\/\/empow-her.com\/produit\/les-fondamentaux-des-contrats\/#primaryimage\"},\"thumbnailUrl\":\"https:\/\/empow-her.com\/wp-content\/uploads\/2025\/10\/Atelier.png\",\"datePublished\":\"2025-12-04T08:30:00+00:00\",\"dateModified\":\"2026-03-30T08:37:45+00:00\",\"breadcrumb\":{\"@id\":\"https:\/\/empow-her.com\/produit\/les-fondamentaux-des-contrats\/#breadcrumb\"},\"inLanguage\":\"es\",\"potentialAction\":[{\"@type\":\"ReadAction\",\"target\":[\"https:\/\/empow-her.com\/produit\/les-fondamentaux-des-contrats\/\"]}]},{\"@type\":\"ImageObject\",\"inLanguage\":\"es\",\"@id\":\"https:\/\/empow-her.com\/produit\/les-fondamentaux-des-contrats\/#primaryimage\",\"url\":\"https:\/\/empow-her.com\/wp-content\/uploads\/2025\/10\/Atelier.png\",\"contentUrl\":\"https:\/\/empow-her.com\/wp-content\/uploads\/2025\/10\/Atelier.png\",\"width\":1080,\"height\":1080},{\"@type\":\"BreadcrumbList\",\"@id\":\"https:\/\/empow-her.com\/produit\/les-fondamentaux-des-contrats\/#breadcrumb\",\"itemListElement\":[{\"@type\":\"ListItem\",\"position\":1,\"name\":\"Accueil\",\"item\":\"https:\/\/empow-her.com\/es\/inicio\/\"},{\"@type\":\"ListItem\",\"position\":2,\"name\":\"LA BOUTIQUE\",\"item\":\"https:\/\/empow-her.com\/boutique\/\"},{\"@type\":\"ListItem\",\"position\":3,\"name\":\"Les fondamentaux des contrats\"}]},{\"@type\":\"WebSite\",\"@id\":\"https:\/\/empow-her.com\/#website\",\"url\":\"https:\/\/empow-her.com\/\",\"name\":\"Empow&#039;Her\",\"description\":\"Women Development\",\"potentialAction\":[{\"@type\":\"SearchAction\",\"target\":{\"@type\":\"EntryPoint\",\"urlTemplate\":\"https:\/\/empow-her.com\/?s={search_term_string}\"},\"query-input\":{\"@type\":\"PropertyValueSpecification\",\"valueRequired\":true,\"valueName\":\"search_term_string\"}}],\"inLanguage\":\"es\"}]}<\/script>\n<!-- \/ Yoast SEO plugin. -->","yoast_head_json":{"title":"Les fondamentaux des contrats - Empow&#039;Her","robots":{"index":"index","follow":"follow","max-snippet":"max-snippet:-1","max-image-preview":"max-image-preview:large","max-video-preview":"max-video-preview:-1"},"canonical":"https:\/\/empow-her.com\/produit\/les-fondamentaux-des-contrats\/","og_locale":"es_ES","og_type":"article","og_title":"Les fondamentaux des contrats - Empow&#039;Her","og_description":"Atelier - Les fondamentaux du contrat et du RGPD Description : Vous lancez votre activit\u00e9 et vous \u00eates perdu\u00b7e dans les contrats \u00e0 mettre en place ?\u00a0 Vous vous demandez si vous devez r\u00e9diger des CGV, CGU, CGA ou une politique de confidentialit\u00e9 ?\u00a0 Cet atelier vous pr\u00e9sente les contrats principaux li\u00e9s \u00e0 une activit\u00e9 commerciale et vous aide \u00e0 identifier les clauses essentielles.\u00a0 Une introduction \u00e0 la protection des donn\u00e9es personnelles au regard du RGPD est \u00e9galement incluse.  Ce que nous pouvons voir ensemble : \u00a0 Comprendre les diff\u00e9rences entre CGV, CGU, CGA, contrat et politique de confidentialit\u00e9 \u00a0 Identifier les clauses indispensables selon le type de contrat \u00a0 Comprendre ce qu\u2019est une donn\u00e9e personnelle et le champ d\u2019application du RGPD \u00a0 Sensibilisation aux obligations cl\u00e9s du RGPD et aux risques encourus","og_url":"https:\/\/empow-her.com\/produit\/les-fondamentaux-des-contrats\/","og_site_name":"Empow&#039;Her","article_modified_time":"2026-03-30T08:37:45+00:00","og_image":[{"width":1080,"height":1080,"url":"https:\/\/empow-her.com\/wp-content\/uploads\/2025\/10\/Atelier.png","type":"image\/png"}],"twitter_card":"summary_large_image","twitter_misc":{"Tiempo de lectura":"1 minuto"},"schema":{"@context":"https:\/\/schema.org","@graph":[{"@type":"WebPage","@id":"https:\/\/empow-her.com\/produit\/les-fondamentaux-des-contrats\/","url":"https:\/\/empow-her.com\/produit\/les-fondamentaux-des-contrats\/","name":"Les fondamentaux des contrats - Empow&#039;Her","isPartOf":{"@id":"https:\/\/empow-her.com\/#website"},"primaryImageOfPage":{"@id":"https:\/\/empow-her.com\/produit\/les-fondamentaux-des-contrats\/#primaryimage"},"image":{"@id":"https:\/\/empow-her.com\/produit\/les-fondamentaux-des-contrats\/#primaryimage"},"thumbnailUrl":"https:\/\/empow-her.com\/wp-content\/uploads\/2025\/10\/Atelier.png","datePublished":"2025-12-04T08:30:00+00:00","dateModified":"2026-03-30T08:37:45+00:00","breadcrumb":{"@id":"https:\/\/empow-her.com\/produit\/les-fondamentaux-des-contrats\/#breadcrumb"},"inLanguage":"es","potentialAction":[{"@type":"ReadAction","target":["https:\/\/empow-her.com\/produit\/les-fondamentaux-des-contrats\/"]}]},{"@type":"ImageObject","inLanguage":"es","@id":"https:\/\/empow-her.com\/produit\/les-fondamentaux-des-contrats\/#primaryimage","url":"https:\/\/empow-her.com\/wp-content\/uploads\/2025\/10\/Atelier.png","contentUrl":"https:\/\/empow-her.com\/wp-content\/uploads\/2025\/10\/Atelier.png","width":1080,"height":1080},{"@type":"BreadcrumbList","@id":"https:\/\/empow-her.com\/produit\/les-fondamentaux-des-contrats\/#breadcrumb","itemListElement":[{"@type":"ListItem","position":1,"name":"Accueil","item":"https:\/\/empow-her.com\/es\/inicio\/"},{"@type":"ListItem","position":2,"name":"LA BOUTIQUE","item":"https:\/\/empow-her.com\/boutique\/"},{"@type":"ListItem","position":3,"name":"Les fondamentaux des contrats"}]},{"@type":"WebSite","@id":"https:\/\/empow-her.com\/#website","url":"https:\/\/empow-her.com\/","name":"Empow&#039;Her","description":"Women Development","potentialAction":[{"@type":"SearchAction","target":{"@type":"EntryPoint","urlTemplate":"https:\/\/empow-her.com\/?s={search_term_string}"},"query-input":{"@type":"PropertyValueSpecification","valueRequired":true,"valueName":"search_term_string"}}],"inLanguage":"es"}]}},"_links":{"self":[{"href":"https:\/\/empow-her.com\/es\/wp-json\/wp\/v2\/product\/270621","targetHints":{"allow":["GET"]}}],"collection":[{"href":"https:\/\/empow-her.com\/es\/wp-json\/wp\/v2\/product"}],"about":[{"href":"https:\/\/empow-her.com\/es\/wp-json\/wp\/v2\/types\/product"}],"wp:featuredmedia":[{"embeddable":true,"href":"https:\/\/empow-her.com\/es\/wp-json\/wp\/v2\/media\/269994"}],"wp:attachment":[{"href":"https:\/\/empow-her.com\/es\/wp-json\/wp\/v2\/media?parent=270621"}],"wp:term":[{"taxonomy":"product_brand","embeddable":true,"href":"https:\/\/empow-her.com\/es\/wp-json\/wp\/v2\/product_brand?post=270621"},{"taxonomy":"product_cat","embeddable":true,"href":"https:\/\/empow-her.com\/es\/wp-json\/wp\/v2\/product_cat?post=270621"},{"taxonomy":"product_tag","embeddable":true,"href":"https:\/\/empow-her.com\/es\/wp-json\/wp\/v2\/product_tag?post=270621"},{"taxonomy":"lieu","embeddable":true,"href":"https:\/\/empow-her.com\/es\/wp-json\/wp\/v2\/lieu?post=270621"},{"taxonomy":"thematiques","embeddable":true,"href":"https:\/\/empow-her.com\/es\/wp-json\/wp\/v2\/thematiques?post=270621"}],"curies":[{"name":"wp","href":"https:\/\/api.w.org\/{rel}","templated":true}]}}