{"id":270620,"date":"2025-12-11T14:00:00","date_gmt":"2025-12-11T13:00:00","guid":{"rendered":"https:\/\/empow-her.com\/?post_type=product&#038;p=270620"},"modified":"2026-03-30T10:37:43","modified_gmt":"2026-03-30T08:37:43","slug":"deposer-sa-marque-mode-demploi","status":"publish","type":"product","link":"https:\/\/empow-her.com\/es\/produit\/deposer-sa-marque-mode-demploi\/","title":{"rendered":"D\u00e9poser sa marque : mode d\u2019emploi"},"content":{"rendered":"<h3>Atelier \u2013 Propri\u00e9t\u00e9 intellectuelle : d\u00e9p\u00f4t de marque<\/h3>\n<p>Prot\u00e9ger son nom, son logo ou ses cr\u00e9ations est une \u00e9tape essentielle pour toute personne qui lance son activit\u00e9.\u00a0<br \/>\nCet atelier vous permettra de <strong>comprendre les principes de base de la propri\u00e9t\u00e9 intellectuelle (PI)<\/strong>,\u00a0<br \/>\nd\u2019<strong>identifier les outils adapt\u00e9s \u00e0 votre projet<\/strong>, et de <strong>d\u00e9couvrir les d\u00e9marches concr\u00e8tes<\/strong>\u00a0<br \/>\npour s\u00e9curiser votre marque et vos cr\u00e9ations.<\/p>\n<p><strong>Ce que nous pourrons explorer :<\/strong><\/p>\n<ul>\n\u00a0<\/p>\n<li><strong>Comprendre la notion de marque :<\/strong> faire la diff\u00e9rence entre marque et nom de soci\u00e9t\u00e9.<\/li>\n<p>\u00a0<\/p>\n<li><strong>Les \u00e9tapes cl\u00e9s du d\u00e9p\u00f4t de marque :<\/strong> du choix du nom \u00e0 la validation par l\u2019INPI.<\/li>\n<p>\u00a0<\/p>\n<li><strong>Prot\u00e9ger sa marque au quotidien :<\/strong> points de vigilance et bonnes pratiques.<\/li>\n<p>\u00a0<\/p>\n<li><strong>Explorer les autres volets de la propri\u00e9t\u00e9 intellectuelle :<\/strong> RGPD, logos, brevets et cr\u00e9ations.<\/li>\n<\/ul>\n<p><strong>Pr\u00e9-requis :<\/strong><br \/>\nAvoir une premi\u00e8re id\u00e9e du projet et une r\u00e9flexion sur la forme juridique envisag\u00e9e.<\/p>\n<p>Un atelier concret pour <strong>s\u00e9curiser votre identit\u00e9 de marque<\/strong> et\u00a0<br \/>\n<strong>pr\u00e9server vos cr\u00e9ations d\u00e8s le lancement de votre activit\u00e9<\/strong>.<\/p>\n","protected":false},"excerpt":{"rendered":"<h3>Atelier \u2013 Propri\u00e9t\u00e9 intellectuelle : d\u00e9p\u00f4t de marque<\/h3>\n<p>Prot\u00e9ger son nom, son logo ou ses cr\u00e9ations est une \u00e9tape essentielle pour toute personne qui lance son activit\u00e9.\u00a0<br \/>\nCet atelier vous permettra de <strong>comprendre les principes de base de la propri\u00e9t\u00e9 intellectuelle (PI)<\/strong>,\u00a0<br \/>\nd\u2019<strong>identifier les outils adapt\u00e9s \u00e0 votre projet<\/strong>, et de <strong>d\u00e9couvrir les d\u00e9marches concr\u00e8tes<\/strong>\u00a0<br \/>\npour s\u00e9curiser votre marque et vos cr\u00e9ations.<\/p>\n<p><strong>Ce que nous pourrons explorer :<\/strong><\/p>\n<ul>\n\u00a0<\/p>\n<li><strong>Comprendre la notion de marque :<\/strong> faire la diff\u00e9rence entre marque et nom de soci\u00e9t\u00e9.<\/li>\n<p>\u00a0<\/p>\n<li><strong>Les \u00e9tapes cl\u00e9s du d\u00e9p\u00f4t de marque :<\/strong> du choix du nom \u00e0 la validation par l\u2019INPI.<\/li>\n<p>\u00a0<\/p>\n<li><strong>Prot\u00e9ger sa marque au quotidien :<\/strong> points de vigilance et bonnes pratiques.<\/li>\n<p>\u00a0<\/p>\n<li><strong>Explorer les autres volets de la propri\u00e9t\u00e9 intellectuelle :<\/strong> RGPD, logos, brevets et cr\u00e9ations.<\/li>\n<\/ul>\n<p><strong>Pr\u00e9-requis :<\/strong><br \/>\nAvoir une premi\u00e8re id\u00e9e du projet et une r\u00e9flexion sur la forme juridique envisag\u00e9e.<\/p>\n<p>Un atelier concret pour <strong>s\u00e9curiser votre identit\u00e9 de marque<\/strong> et\u00a0<br \/>\n<strong>pr\u00e9server vos cr\u00e9ations d\u00e8s le lancement de votre activit\u00e9<\/strong>.<\/p>\n","protected":false},"featured_media":269994,"template":"","format":"standard","meta":{"_acf_changed":false,"om_disable_all_campaigns":false,"_uf_show_specific_survey":0,"_uf_disable_surveys":false},"product_brand":[],"product_cat":[118],"product_tag":[222],"lieu":[223],"thematiques":[],"class_list":{"0":"post-270620","1":"product","2":"type-product","3":"status-publish","4":"format-standard","5":"has-post-thumbnail","7":"product_cat-atelier-collectif","8":"product_tag-presentiel","9":"lieu-presentiel","11":"first","12":"instock","13":"virtual","14":"purchasable","15":"product-type-appointment"},"exclude_global_add_ons":[],"addons":[],"acf":[],"yoast_head":"<!-- This site is optimized with the Yoast SEO plugin v24.8 - https:\/\/yoast.com\/wordpress\/plugins\/seo\/ -->\n<title>D\u00e9poser sa marque : mode d\u2019emploi - Empow&#039;Her<\/title>\n<meta name=\"robots\" content=\"index, follow, max-snippet:-1, max-image-preview:large, max-video-preview:-1\" \/>\n<link rel=\"canonical\" href=\"https:\/\/empow-her.com\/produit\/deposer-sa-marque-mode-demploi\/\" \/>\n<meta property=\"og:locale\" content=\"es_ES\" \/>\n<meta property=\"og:type\" content=\"article\" \/>\n<meta property=\"og:title\" content=\"D\u00e9poser sa marque : mode d\u2019emploi - Empow&#039;Her\" \/>\n<meta property=\"og:description\" content=\"Atelier \u2013 Propri\u00e9t\u00e9 intellectuelle : d\u00e9p\u00f4t de marque Prot\u00e9ger son nom, son logo ou ses cr\u00e9ations est une \u00e9tape essentielle pour toute personne qui lance son activit\u00e9.\u00a0 Cet atelier vous permettra de comprendre les principes de base de la propri\u00e9t\u00e9 intellectuelle (PI),\u00a0 d\u2019identifier les outils adapt\u00e9s \u00e0 votre projet, et de d\u00e9couvrir les d\u00e9marches concr\u00e8tes\u00a0 pour s\u00e9curiser votre marque et vos cr\u00e9ations. Ce que nous pourrons explorer : \u00a0Comprendre la notion de marque : faire la diff\u00e9rence entre marque et nom de soci\u00e9t\u00e9. \u00a0Les \u00e9tapes cl\u00e9s du d\u00e9p\u00f4t de marque : du choix du nom \u00e0 la validation par l\u2019INPI. \u00a0Prot\u00e9ger sa marque au quotidien : points de vigilance et bonnes pratiques. \u00a0Explorer les autres volets de la propri\u00e9t\u00e9 intellectuelle : RGPD, logos, brevets et cr\u00e9ations.  Pr\u00e9-requis : Avoir une premi\u00e8re id\u00e9e du projet et une r\u00e9flexion sur la forme juridique envisag\u00e9e. Un atelier concret pour s\u00e9curiser votre identit\u00e9 de marque et\u00a0 pr\u00e9server vos cr\u00e9ations d\u00e8s le lancement de votre activit\u00e9.\" \/>\n<meta property=\"og:url\" content=\"https:\/\/empow-her.com\/produit\/deposer-sa-marque-mode-demploi\/\" \/>\n<meta property=\"og:site_name\" content=\"Empow&#039;Her\" \/>\n<meta property=\"article:modified_time\" content=\"2026-03-30T08:37:43+00:00\" \/>\n<meta property=\"og:image\" content=\"https:\/\/empow-her.com\/wp-content\/uploads\/2025\/10\/Atelier.png\" \/>\n\t<meta property=\"og:image:width\" content=\"1080\" \/>\n\t<meta property=\"og:image:height\" content=\"1080\" \/>\n\t<meta property=\"og:image:type\" content=\"image\/png\" \/>\n<meta name=\"twitter:card\" content=\"summary_large_image\" \/>\n<meta name=\"twitter:label1\" content=\"Tiempo de lectura\" \/>\n\t<meta name=\"twitter:data1\" content=\"1 minuto\" \/>\n<script type=\"application\/ld+json\" class=\"yoast-schema-graph\">{\"@context\":\"https:\/\/schema.org\",\"@graph\":[{\"@type\":\"WebPage\",\"@id\":\"https:\/\/empow-her.com\/produit\/deposer-sa-marque-mode-demploi\/\",\"url\":\"https:\/\/empow-her.com\/produit\/deposer-sa-marque-mode-demploi\/\",\"name\":\"D\u00e9poser sa marque : mode d\u2019emploi - Empow&#039;Her\",\"isPartOf\":{\"@id\":\"https:\/\/empow-her.com\/#website\"},\"primaryImageOfPage\":{\"@id\":\"https:\/\/empow-her.com\/produit\/deposer-sa-marque-mode-demploi\/#primaryimage\"},\"image\":{\"@id\":\"https:\/\/empow-her.com\/produit\/deposer-sa-marque-mode-demploi\/#primaryimage\"},\"thumbnailUrl\":\"https:\/\/empow-her.com\/wp-content\/uploads\/2025\/10\/Atelier.png\",\"datePublished\":\"2025-12-11T13:00:00+00:00\",\"dateModified\":\"2026-03-30T08:37:43+00:00\",\"breadcrumb\":{\"@id\":\"https:\/\/empow-her.com\/produit\/deposer-sa-marque-mode-demploi\/#breadcrumb\"},\"inLanguage\":\"es\",\"potentialAction\":[{\"@type\":\"ReadAction\",\"target\":[\"https:\/\/empow-her.com\/produit\/deposer-sa-marque-mode-demploi\/\"]}]},{\"@type\":\"ImageObject\",\"inLanguage\":\"es\",\"@id\":\"https:\/\/empow-her.com\/produit\/deposer-sa-marque-mode-demploi\/#primaryimage\",\"url\":\"https:\/\/empow-her.com\/wp-content\/uploads\/2025\/10\/Atelier.png\",\"contentUrl\":\"https:\/\/empow-her.com\/wp-content\/uploads\/2025\/10\/Atelier.png\",\"width\":1080,\"height\":1080},{\"@type\":\"BreadcrumbList\",\"@id\":\"https:\/\/empow-her.com\/produit\/deposer-sa-marque-mode-demploi\/#breadcrumb\",\"itemListElement\":[{\"@type\":\"ListItem\",\"position\":1,\"name\":\"Accueil\",\"item\":\"https:\/\/empow-her.com\/es\/inicio\/\"},{\"@type\":\"ListItem\",\"position\":2,\"name\":\"LA BOUTIQUE\",\"item\":\"https:\/\/empow-her.com\/boutique\/\"},{\"@type\":\"ListItem\",\"position\":3,\"name\":\"D\u00e9poser sa marque : mode d\u2019emploi\"}]},{\"@type\":\"WebSite\",\"@id\":\"https:\/\/empow-her.com\/#website\",\"url\":\"https:\/\/empow-her.com\/\",\"name\":\"Empow&#039;Her\",\"description\":\"Women Development\",\"potentialAction\":[{\"@type\":\"SearchAction\",\"target\":{\"@type\":\"EntryPoint\",\"urlTemplate\":\"https:\/\/empow-her.com\/?s={search_term_string}\"},\"query-input\":{\"@type\":\"PropertyValueSpecification\",\"valueRequired\":true,\"valueName\":\"search_term_string\"}}],\"inLanguage\":\"es\"}]}<\/script>\n<!-- \/ Yoast SEO plugin. -->","yoast_head_json":{"title":"D\u00e9poser sa marque : mode d\u2019emploi - Empow&#039;Her","robots":{"index":"index","follow":"follow","max-snippet":"max-snippet:-1","max-image-preview":"max-image-preview:large","max-video-preview":"max-video-preview:-1"},"canonical":"https:\/\/empow-her.com\/produit\/deposer-sa-marque-mode-demploi\/","og_locale":"es_ES","og_type":"article","og_title":"D\u00e9poser sa marque : mode d\u2019emploi - Empow&#039;Her","og_description":"Atelier \u2013 Propri\u00e9t\u00e9 intellectuelle : d\u00e9p\u00f4t de marque Prot\u00e9ger son nom, son logo ou ses cr\u00e9ations est une \u00e9tape essentielle pour toute personne qui lance son activit\u00e9.\u00a0 Cet atelier vous permettra de comprendre les principes de base de la propri\u00e9t\u00e9 intellectuelle (PI),\u00a0 d\u2019identifier les outils adapt\u00e9s \u00e0 votre projet, et de d\u00e9couvrir les d\u00e9marches concr\u00e8tes\u00a0 pour s\u00e9curiser votre marque et vos cr\u00e9ations. Ce que nous pourrons explorer : \u00a0Comprendre la notion de marque : faire la diff\u00e9rence entre marque et nom de soci\u00e9t\u00e9. \u00a0Les \u00e9tapes cl\u00e9s du d\u00e9p\u00f4t de marque : du choix du nom \u00e0 la validation par l\u2019INPI. \u00a0Prot\u00e9ger sa marque au quotidien : points de vigilance et bonnes pratiques. \u00a0Explorer les autres volets de la propri\u00e9t\u00e9 intellectuelle : RGPD, logos, brevets et cr\u00e9ations.  Pr\u00e9-requis : Avoir une premi\u00e8re id\u00e9e du projet et une r\u00e9flexion sur la forme juridique envisag\u00e9e. Un atelier concret pour s\u00e9curiser votre identit\u00e9 de marque et\u00a0 pr\u00e9server vos cr\u00e9ations d\u00e8s le lancement de votre activit\u00e9.","og_url":"https:\/\/empow-her.com\/produit\/deposer-sa-marque-mode-demploi\/","og_site_name":"Empow&#039;Her","article_modified_time":"2026-03-30T08:37:43+00:00","og_image":[{"width":1080,"height":1080,"url":"https:\/\/empow-her.com\/wp-content\/uploads\/2025\/10\/Atelier.png","type":"image\/png"}],"twitter_card":"summary_large_image","twitter_misc":{"Tiempo de lectura":"1 minuto"},"schema":{"@context":"https:\/\/schema.org","@graph":[{"@type":"WebPage","@id":"https:\/\/empow-her.com\/produit\/deposer-sa-marque-mode-demploi\/","url":"https:\/\/empow-her.com\/produit\/deposer-sa-marque-mode-demploi\/","name":"D\u00e9poser sa marque : mode d\u2019emploi - Empow&#039;Her","isPartOf":{"@id":"https:\/\/empow-her.com\/#website"},"primaryImageOfPage":{"@id":"https:\/\/empow-her.com\/produit\/deposer-sa-marque-mode-demploi\/#primaryimage"},"image":{"@id":"https:\/\/empow-her.com\/produit\/deposer-sa-marque-mode-demploi\/#primaryimage"},"thumbnailUrl":"https:\/\/empow-her.com\/wp-content\/uploads\/2025\/10\/Atelier.png","datePublished":"2025-12-11T13:00:00+00:00","dateModified":"2026-03-30T08:37:43+00:00","breadcrumb":{"@id":"https:\/\/empow-her.com\/produit\/deposer-sa-marque-mode-demploi\/#breadcrumb"},"inLanguage":"es","potentialAction":[{"@type":"ReadAction","target":["https:\/\/empow-her.com\/produit\/deposer-sa-marque-mode-demploi\/"]}]},{"@type":"ImageObject","inLanguage":"es","@id":"https:\/\/empow-her.com\/produit\/deposer-sa-marque-mode-demploi\/#primaryimage","url":"https:\/\/empow-her.com\/wp-content\/uploads\/2025\/10\/Atelier.png","contentUrl":"https:\/\/empow-her.com\/wp-content\/uploads\/2025\/10\/Atelier.png","width":1080,"height":1080},{"@type":"BreadcrumbList","@id":"https:\/\/empow-her.com\/produit\/deposer-sa-marque-mode-demploi\/#breadcrumb","itemListElement":[{"@type":"ListItem","position":1,"name":"Accueil","item":"https:\/\/empow-her.com\/es\/inicio\/"},{"@type":"ListItem","position":2,"name":"LA BOUTIQUE","item":"https:\/\/empow-her.com\/boutique\/"},{"@type":"ListItem","position":3,"name":"D\u00e9poser sa marque : mode d\u2019emploi"}]},{"@type":"WebSite","@id":"https:\/\/empow-her.com\/#website","url":"https:\/\/empow-her.com\/","name":"Empow&#039;Her","description":"Women Development","potentialAction":[{"@type":"SearchAction","target":{"@type":"EntryPoint","urlTemplate":"https:\/\/empow-her.com\/?s={search_term_string}"},"query-input":{"@type":"PropertyValueSpecification","valueRequired":true,"valueName":"search_term_string"}}],"inLanguage":"es"}]}},"_links":{"self":[{"href":"https:\/\/empow-her.com\/es\/wp-json\/wp\/v2\/product\/270620","targetHints":{"allow":["GET"]}}],"collection":[{"href":"https:\/\/empow-her.com\/es\/wp-json\/wp\/v2\/product"}],"about":[{"href":"https:\/\/empow-her.com\/es\/wp-json\/wp\/v2\/types\/product"}],"wp:featuredmedia":[{"embeddable":true,"href":"https:\/\/empow-her.com\/es\/wp-json\/wp\/v2\/media\/269994"}],"wp:attachment":[{"href":"https:\/\/empow-her.com\/es\/wp-json\/wp\/v2\/media?parent=270620"}],"wp:term":[{"taxonomy":"product_brand","embeddable":true,"href":"https:\/\/empow-her.com\/es\/wp-json\/wp\/v2\/product_brand?post=270620"},{"taxonomy":"product_cat","embeddable":true,"href":"https:\/\/empow-her.com\/es\/wp-json\/wp\/v2\/product_cat?post=270620"},{"taxonomy":"product_tag","embeddable":true,"href":"https:\/\/empow-her.com\/es\/wp-json\/wp\/v2\/product_tag?post=270620"},{"taxonomy":"lieu","embeddable":true,"href":"https:\/\/empow-her.com\/es\/wp-json\/wp\/v2\/lieu?post=270620"},{"taxonomy":"thematiques","embeddable":true,"href":"https:\/\/empow-her.com\/es\/wp-json\/wp\/v2\/thematiques?post=270620"}],"curies":[{"name":"wp","href":"https:\/\/api.w.org\/{rel}","templated":true}]}}