{"id":270618,"date":"2025-12-11T10:00:00","date_gmt":"2025-12-11T09:00:00","guid":{"rendered":"https:\/\/empow-her.com\/?post_type=product&#038;p=270618"},"modified":"2026-03-30T10:37:38","modified_gmt":"2026-03-30T08:37:38","slug":"theorie-de-leffectuation","status":"publish","type":"product","link":"https:\/\/empow-her.com\/es\/produit\/theorie-de-leffectuation\/","title":{"rendered":"Th\u00e9orie de l&#8217;effectuation"},"content":{"rendered":"<h3> Atelier : Cr\u00e9e ton entreprise autrement \u2013 D\u00e9couvre la puissance de l\u2019effectuation !<\/h3>\n<p>Envie de passer \u00e0 l\u2019action sans attendre le bon moment ou le bon business plan ? Cet atelier est fait pour toi !<\/p>\n<p>Viens d\u00e9couvrir la th\u00e9orie de l\u2019effectuation, une approche utilis\u00e9e par les entrepreneurs \u00e0 succ\u00e8s pour transformer les ressources qu\u2019ils ont sous la main en v\u00e9ritables opportunit\u00e9s.<\/p>\n<p> Ce que tu vas vivre :<\/p>\n<ul>\n\u00a0<\/p>\n<li>Une m\u00e9thode concr\u00e8te pour avancer malgr\u00e9 l\u2019incertitude<\/li>\n<p>\u00a0<\/p>\n<li>Des cl\u00e9s pour transformer les obstacles en leviers<\/li>\n<p>\u00a0<\/p>\n<li>Un moment d\u2019\u00e9change entre femmes entrepreneures motiv\u00e9es<\/li>\n<\/ul>\n<p> Accessible \u00e0 toutes, que tu sois en phase d\u2019id\u00e9e, de lancement ou en pleine remise en question. Repartez avec des outils puissants et une nouvelle vision de l\u2019entrepreneuriat !<\/p>\n<p> Inscris-toi et donne un nouvel \u00e9lan \u00e0 ton projet !<\/p>\n","protected":false},"excerpt":{"rendered":"<h3> Atelier : Cr\u00e9e ton entreprise autrement \u2013 D\u00e9couvre la puissance de l\u2019effectuation !<\/h3>\n<p>Envie de passer \u00e0 l\u2019action sans attendre le bon moment ou le bon business plan ? Cet atelier est fait pour toi !<\/p>\n<p>Viens d\u00e9couvrir la th\u00e9orie de l\u2019effectuation, une approche utilis\u00e9e par les entrepreneurs \u00e0 succ\u00e8s pour transformer les ressources qu\u2019ils ont sous la main en v\u00e9ritables opportunit\u00e9s.<\/p>\n<p> Ce que tu vas vivre :<\/p>\n<ul>\n\u00a0<\/p>\n<li>Une m\u00e9thode concr\u00e8te pour avancer malgr\u00e9 l\u2019incertitude<\/li>\n<p>\u00a0<\/p>\n<li>Des cl\u00e9s pour transformer les obstacles en leviers<\/li>\n<p>\u00a0<\/p>\n<li>Un moment d\u2019\u00e9change entre femmes entrepreneures motiv\u00e9es<\/li>\n<\/ul>\n<p> Accessible \u00e0 toutes, que tu sois en phase d\u2019id\u00e9e, de lancement ou en pleine remise en question. Repartez avec des outils puissants et une nouvelle vision de l\u2019entrepreneuriat !<\/p>\n<p> Inscris-toi et donne un nouvel \u00e9lan \u00e0 ton projet !<\/p>\n","protected":false},"featured_media":269994,"template":"","format":"standard","meta":{"_acf_changed":false,"om_disable_all_campaigns":false,"_uf_show_specific_survey":0,"_uf_disable_surveys":false},"product_brand":[],"product_cat":[118],"product_tag":[222],"lieu":[223],"thematiques":[],"class_list":{"0":"post-270618","1":"product","2":"type-product","3":"status-publish","4":"format-standard","5":"has-post-thumbnail","7":"product_cat-atelier-collectif","8":"product_tag-presentiel","9":"lieu-presentiel","11":"first","12":"instock","13":"virtual","14":"purchasable","15":"product-type-appointment"},"exclude_global_add_ons":[],"addons":[],"acf":[],"yoast_head":"<!-- This site is optimized with the Yoast SEO plugin v24.8 - https:\/\/yoast.com\/wordpress\/plugins\/seo\/ -->\n<title>Th\u00e9orie de l&#039;effectuation - Empow&#039;Her<\/title>\n<meta name=\"robots\" content=\"index, follow, max-snippet:-1, max-image-preview:large, max-video-preview:-1\" \/>\n<link rel=\"canonical\" href=\"https:\/\/empow-her.com\/produit\/theorie-de-leffectuation\/\" \/>\n<meta property=\"og:locale\" content=\"es_ES\" \/>\n<meta property=\"og:type\" content=\"article\" \/>\n<meta property=\"og:title\" content=\"Th\u00e9orie de l&#039;effectuation - Empow&#039;Her\" \/>\n<meta property=\"og:description\" content=\"Atelier : Cr\u00e9e ton entreprise autrement \u2013 D\u00e9couvre la puissance de l\u2019effectuation ! Envie de passer \u00e0 l\u2019action sans attendre le bon moment ou le bon business plan ? Cet atelier est fait pour toi ! Viens d\u00e9couvrir la th\u00e9orie de l\u2019effectuation, une approche utilis\u00e9e par les entrepreneurs \u00e0 succ\u00e8s pour transformer les ressources qu\u2019ils ont sous la main en v\u00e9ritables opportunit\u00e9s.  Ce que tu vas vivre : \u00a0Une m\u00e9thode concr\u00e8te pour avancer malgr\u00e9 l\u2019incertitude \u00a0Des cl\u00e9s pour transformer les obstacles en leviers \u00a0Un moment d\u2019\u00e9change entre femmes entrepreneures motiv\u00e9es  Accessible \u00e0 toutes, que tu sois en phase d\u2019id\u00e9e, de lancement ou en pleine remise en question. Repartez avec des outils puissants et une nouvelle vision de l\u2019entrepreneuriat !  Inscris-toi et donne un nouvel \u00e9lan \u00e0 ton projet !\" \/>\n<meta property=\"og:url\" content=\"https:\/\/empow-her.com\/produit\/theorie-de-leffectuation\/\" \/>\n<meta property=\"og:site_name\" content=\"Empow&#039;Her\" \/>\n<meta property=\"article:modified_time\" content=\"2026-03-30T08:37:38+00:00\" \/>\n<meta property=\"og:image\" content=\"https:\/\/empow-her.com\/wp-content\/uploads\/2025\/10\/Atelier.png\" \/>\n\t<meta property=\"og:image:width\" content=\"1080\" \/>\n\t<meta property=\"og:image:height\" content=\"1080\" \/>\n\t<meta property=\"og:image:type\" content=\"image\/png\" \/>\n<meta name=\"twitter:card\" content=\"summary_large_image\" \/>\n<meta name=\"twitter:label1\" content=\"Tiempo de lectura\" \/>\n\t<meta name=\"twitter:data1\" content=\"1 minuto\" \/>\n<script type=\"application\/ld+json\" class=\"yoast-schema-graph\">{\"@context\":\"https:\/\/schema.org\",\"@graph\":[{\"@type\":\"WebPage\",\"@id\":\"https:\/\/empow-her.com\/produit\/theorie-de-leffectuation\/\",\"url\":\"https:\/\/empow-her.com\/produit\/theorie-de-leffectuation\/\",\"name\":\"Th\u00e9orie de l'effectuation - Empow&#039;Her\",\"isPartOf\":{\"@id\":\"https:\/\/empow-her.com\/#website\"},\"primaryImageOfPage\":{\"@id\":\"https:\/\/empow-her.com\/produit\/theorie-de-leffectuation\/#primaryimage\"},\"image\":{\"@id\":\"https:\/\/empow-her.com\/produit\/theorie-de-leffectuation\/#primaryimage\"},\"thumbnailUrl\":\"https:\/\/empow-her.com\/wp-content\/uploads\/2025\/10\/Atelier.png\",\"datePublished\":\"2025-12-11T09:00:00+00:00\",\"dateModified\":\"2026-03-30T08:37:38+00:00\",\"breadcrumb\":{\"@id\":\"https:\/\/empow-her.com\/produit\/theorie-de-leffectuation\/#breadcrumb\"},\"inLanguage\":\"es\",\"potentialAction\":[{\"@type\":\"ReadAction\",\"target\":[\"https:\/\/empow-her.com\/produit\/theorie-de-leffectuation\/\"]}]},{\"@type\":\"ImageObject\",\"inLanguage\":\"es\",\"@id\":\"https:\/\/empow-her.com\/produit\/theorie-de-leffectuation\/#primaryimage\",\"url\":\"https:\/\/empow-her.com\/wp-content\/uploads\/2025\/10\/Atelier.png\",\"contentUrl\":\"https:\/\/empow-her.com\/wp-content\/uploads\/2025\/10\/Atelier.png\",\"width\":1080,\"height\":1080},{\"@type\":\"BreadcrumbList\",\"@id\":\"https:\/\/empow-her.com\/produit\/theorie-de-leffectuation\/#breadcrumb\",\"itemListElement\":[{\"@type\":\"ListItem\",\"position\":1,\"name\":\"Accueil\",\"item\":\"https:\/\/empow-her.com\/es\/inicio\/\"},{\"@type\":\"ListItem\",\"position\":2,\"name\":\"LA BOUTIQUE\",\"item\":\"https:\/\/empow-her.com\/boutique\/\"},{\"@type\":\"ListItem\",\"position\":3,\"name\":\"Th\u00e9orie de l&#8217;effectuation\"}]},{\"@type\":\"WebSite\",\"@id\":\"https:\/\/empow-her.com\/#website\",\"url\":\"https:\/\/empow-her.com\/\",\"name\":\"Empow&#039;Her\",\"description\":\"Women Development\",\"potentialAction\":[{\"@type\":\"SearchAction\",\"target\":{\"@type\":\"EntryPoint\",\"urlTemplate\":\"https:\/\/empow-her.com\/?s={search_term_string}\"},\"query-input\":{\"@type\":\"PropertyValueSpecification\",\"valueRequired\":true,\"valueName\":\"search_term_string\"}}],\"inLanguage\":\"es\"}]}<\/script>\n<!-- \/ Yoast SEO plugin. -->","yoast_head_json":{"title":"Th\u00e9orie de l'effectuation - Empow&#039;Her","robots":{"index":"index","follow":"follow","max-snippet":"max-snippet:-1","max-image-preview":"max-image-preview:large","max-video-preview":"max-video-preview:-1"},"canonical":"https:\/\/empow-her.com\/produit\/theorie-de-leffectuation\/","og_locale":"es_ES","og_type":"article","og_title":"Th\u00e9orie de l'effectuation - Empow&#039;Her","og_description":"Atelier : Cr\u00e9e ton entreprise autrement \u2013 D\u00e9couvre la puissance de l\u2019effectuation ! Envie de passer \u00e0 l\u2019action sans attendre le bon moment ou le bon business plan ? Cet atelier est fait pour toi ! Viens d\u00e9couvrir la th\u00e9orie de l\u2019effectuation, une approche utilis\u00e9e par les entrepreneurs \u00e0 succ\u00e8s pour transformer les ressources qu\u2019ils ont sous la main en v\u00e9ritables opportunit\u00e9s.  Ce que tu vas vivre : \u00a0Une m\u00e9thode concr\u00e8te pour avancer malgr\u00e9 l\u2019incertitude \u00a0Des cl\u00e9s pour transformer les obstacles en leviers \u00a0Un moment d\u2019\u00e9change entre femmes entrepreneures motiv\u00e9es  Accessible \u00e0 toutes, que tu sois en phase d\u2019id\u00e9e, de lancement ou en pleine remise en question. Repartez avec des outils puissants et une nouvelle vision de l\u2019entrepreneuriat !  Inscris-toi et donne un nouvel \u00e9lan \u00e0 ton projet !","og_url":"https:\/\/empow-her.com\/produit\/theorie-de-leffectuation\/","og_site_name":"Empow&#039;Her","article_modified_time":"2026-03-30T08:37:38+00:00","og_image":[{"width":1080,"height":1080,"url":"https:\/\/empow-her.com\/wp-content\/uploads\/2025\/10\/Atelier.png","type":"image\/png"}],"twitter_card":"summary_large_image","twitter_misc":{"Tiempo de lectura":"1 minuto"},"schema":{"@context":"https:\/\/schema.org","@graph":[{"@type":"WebPage","@id":"https:\/\/empow-her.com\/produit\/theorie-de-leffectuation\/","url":"https:\/\/empow-her.com\/produit\/theorie-de-leffectuation\/","name":"Th\u00e9orie de l'effectuation - Empow&#039;Her","isPartOf":{"@id":"https:\/\/empow-her.com\/#website"},"primaryImageOfPage":{"@id":"https:\/\/empow-her.com\/produit\/theorie-de-leffectuation\/#primaryimage"},"image":{"@id":"https:\/\/empow-her.com\/produit\/theorie-de-leffectuation\/#primaryimage"},"thumbnailUrl":"https:\/\/empow-her.com\/wp-content\/uploads\/2025\/10\/Atelier.png","datePublished":"2025-12-11T09:00:00+00:00","dateModified":"2026-03-30T08:37:38+00:00","breadcrumb":{"@id":"https:\/\/empow-her.com\/produit\/theorie-de-leffectuation\/#breadcrumb"},"inLanguage":"es","potentialAction":[{"@type":"ReadAction","target":["https:\/\/empow-her.com\/produit\/theorie-de-leffectuation\/"]}]},{"@type":"ImageObject","inLanguage":"es","@id":"https:\/\/empow-her.com\/produit\/theorie-de-leffectuation\/#primaryimage","url":"https:\/\/empow-her.com\/wp-content\/uploads\/2025\/10\/Atelier.png","contentUrl":"https:\/\/empow-her.com\/wp-content\/uploads\/2025\/10\/Atelier.png","width":1080,"height":1080},{"@type":"BreadcrumbList","@id":"https:\/\/empow-her.com\/produit\/theorie-de-leffectuation\/#breadcrumb","itemListElement":[{"@type":"ListItem","position":1,"name":"Accueil","item":"https:\/\/empow-her.com\/es\/inicio\/"},{"@type":"ListItem","position":2,"name":"LA BOUTIQUE","item":"https:\/\/empow-her.com\/boutique\/"},{"@type":"ListItem","position":3,"name":"Th\u00e9orie de l&#8217;effectuation"}]},{"@type":"WebSite","@id":"https:\/\/empow-her.com\/#website","url":"https:\/\/empow-her.com\/","name":"Empow&#039;Her","description":"Women Development","potentialAction":[{"@type":"SearchAction","target":{"@type":"EntryPoint","urlTemplate":"https:\/\/empow-her.com\/?s={search_term_string}"},"query-input":{"@type":"PropertyValueSpecification","valueRequired":true,"valueName":"search_term_string"}}],"inLanguage":"es"}]}},"_links":{"self":[{"href":"https:\/\/empow-her.com\/es\/wp-json\/wp\/v2\/product\/270618","targetHints":{"allow":["GET"]}}],"collection":[{"href":"https:\/\/empow-her.com\/es\/wp-json\/wp\/v2\/product"}],"about":[{"href":"https:\/\/empow-her.com\/es\/wp-json\/wp\/v2\/types\/product"}],"wp:featuredmedia":[{"embeddable":true,"href":"https:\/\/empow-her.com\/es\/wp-json\/wp\/v2\/media\/269994"}],"wp:attachment":[{"href":"https:\/\/empow-her.com\/es\/wp-json\/wp\/v2\/media?parent=270618"}],"wp:term":[{"taxonomy":"product_brand","embeddable":true,"href":"https:\/\/empow-her.com\/es\/wp-json\/wp\/v2\/product_brand?post=270618"},{"taxonomy":"product_cat","embeddable":true,"href":"https:\/\/empow-her.com\/es\/wp-json\/wp\/v2\/product_cat?post=270618"},{"taxonomy":"product_tag","embeddable":true,"href":"https:\/\/empow-her.com\/es\/wp-json\/wp\/v2\/product_tag?post=270618"},{"taxonomy":"lieu","embeddable":true,"href":"https:\/\/empow-her.com\/es\/wp-json\/wp\/v2\/lieu?post=270618"},{"taxonomy":"thematiques","embeddable":true,"href":"https:\/\/empow-her.com\/es\/wp-json\/wp\/v2\/thematiques?post=270618"}],"curies":[{"name":"wp","href":"https:\/\/api.w.org\/{rel}","templated":true}]}}