{"id":270615,"date":"2025-12-12T09:30:00","date_gmt":"2025-12-12T08:30:00","guid":{"rendered":"https:\/\/empow-her.com\/?post_type=product&#038;p=270615"},"modified":"2026-03-30T10:37:30","modified_gmt":"2026-03-30T08:37:30","slug":"realiser-son-bp-en-1-journee","status":"publish","type":"product","link":"https:\/\/empow-her.com\/es\/produit\/realiser-son-bp-en-1-journee\/","title":{"rendered":"R\u00e9aliser son BP en 1 journ\u00e9e"},"content":{"rendered":"<h3> Atelier \u2013 Construire un Business Plan clair et cr\u00e9dible<\/h3>\n<p> &#8220;Mon activit\u00e9 peut-elle \u00eatre rentable ? Quand pourrai-je me r\u00e9mun\u00e9rer ? Et comment r\u00e9pondre aux demandes de budget pr\u00e9visionnel des banques ou financeurs ?&#8221;<\/p>\n<p>Cet atelier est fait pour vous si vous vous posez ces questions !\u00a0<br \/>\nLe Business Plan est bien plus qu\u2019un document formel : c\u2019est un outil strat\u00e9gique qui vous permet de <strong>structurer vos id\u00e9es<\/strong>, de poser des <strong>hypoth\u00e8ses financi\u00e8res r\u00e9alistes<\/strong>, et de d\u00e9montrer la <strong>viabilit\u00e9 de votre projet<\/strong>.<\/p>\n<p> <strong>Au programme<\/strong><\/p>\n<ul>\n\u00a0<\/p>\n<li> Comprendre les diff\u00e9rentes sections d\u2019un Business Plan<\/li>\n<p>\u00a0<\/p>\n<li> Apprendre \u00e0 construire un pr\u00e9visionnel simple, lisible et coh\u00e9rent<\/li>\n<p>\u00a0<\/p>\n<li> Identifier les bons indicateurs pour parler \u00e0 vos partenaires (banques, financeurs, investisseurs)<\/li>\n<p>\u00a0<\/p>\n<li> Travailler vos hypoth\u00e8ses de revenus, charges et seuil de rentabilit\u00e9<\/li>\n<p>\u00a0<\/p>\n<li> Gagner en clart\u00e9 sur votre potentiel de r\u00e9mun\u00e9ration<\/li>\n<\/ul>\n<p> <strong>Objectifs de la journ\u00e9e<\/strong><\/p>\n<ul>\n\u00a0<\/p>\n<li> Clarifier la logique \u00e9conomique de votre projet<\/li>\n<p>\u00a0<\/p>\n<li> Poser les bases de votre strat\u00e9gie financi\u00e8re<\/li>\n<p>\u00a0<\/p>\n<li> R\u00e9partir les chiffres cl\u00e9s dans un tableau lisible et convaincant<\/li>\n<p>\u00a0<\/p>\n<li> Savoir parler argent avec assurance<\/li>\n<\/ul>\n<p> <strong>Organisation<\/strong><\/p>\n<ul>\n\u00a0<\/p>\n<li> Une journ\u00e9e intensive en pr\u00e9sentiel<\/li>\n<p>\u00a0<\/p>\n<li> Au Wikivillage<\/li>\n<p>\u00a0<\/p>\n<li> Matin : Atelier collectif pour comprendre, manipuler et poser vos premiers chiffres<\/li>\n<p>\u00a0<\/p>\n<li> Apr\u00e8s-midi : Conseils individualis\u00e9s pour adapter les outils \u00e0 votre projet<\/li>\n<\/ul>\n<p> <strong>Pr\u00e9-requis<\/strong><\/p>\n<ul>\n\u00a0<\/p>\n<li>\u2192 Apporter son ordinateur portable<\/li>\n<p>\u00a0<\/p>\n<li>\u2192 Avoir une premi\u00e8re id\u00e9e d\u2019offre ou d\u2019activit\u00e9 (m\u00eame encore floue, c\u2019est ok !)<\/li>\n<\/ul>\n<p>Une journ\u00e9e pour <strong>faire parler les chiffres<\/strong>, <strong>reprendre la main sur votre strat\u00e9gie financi\u00e8re<\/strong>, et <strong>gagner en confiance<\/strong> <\/p>\n","protected":false},"excerpt":{"rendered":"<h3> Atelier \u2013 Construire un Business Plan clair et cr\u00e9dible<\/h3>\n<p> &#8220;Mon activit\u00e9 peut-elle \u00eatre rentable ? Quand pourrai-je me r\u00e9mun\u00e9rer ? Et comment r\u00e9pondre aux demandes de budget pr\u00e9visionnel des banques ou financeurs ?&#8221;<\/p>\n<p>Cet atelier est fait pour vous si vous vous posez ces questions !\u00a0<br \/>\nLe Business Plan est bien plus qu\u2019un document formel : c\u2019est un outil strat\u00e9gique qui vous permet de <strong>structurer vos id\u00e9es<\/strong>, de poser des <strong>hypoth\u00e8ses financi\u00e8res r\u00e9alistes<\/strong>, et de d\u00e9montrer la <strong>viabilit\u00e9 de votre projet<\/strong>.<\/p>\n<p> <strong>Au programme<\/strong><\/p>\n<ul>\n\u00a0<\/p>\n<li> Comprendre les diff\u00e9rentes sections d\u2019un Business Plan<\/li>\n<p>\u00a0<\/p>\n<li> Apprendre \u00e0 construire un pr\u00e9visionnel simple, lisible et coh\u00e9rent<\/li>\n<p>\u00a0<\/p>\n<li> Identifier les bons indicateurs pour parler \u00e0 vos partenaires (banques, financeurs, investisseurs)<\/li>\n<p>\u00a0<\/p>\n<li> Travailler vos hypoth\u00e8ses de revenus, charges et seuil de rentabilit\u00e9<\/li>\n<p>\u00a0<\/p>\n<li> Gagner en clart\u00e9 sur votre potentiel de r\u00e9mun\u00e9ration<\/li>\n<\/ul>\n<p> <strong>Objectifs de la journ\u00e9e<\/strong><\/p>\n<ul>\n\u00a0<\/p>\n<li> Clarifier la logique \u00e9conomique de votre projet<\/li>\n<p>\u00a0<\/p>\n<li> Poser les bases de votre strat\u00e9gie financi\u00e8re<\/li>\n<p>\u00a0<\/p>\n<li> R\u00e9partir les chiffres cl\u00e9s dans un tableau lisible et convaincant<\/li>\n<p>\u00a0<\/p>\n<li> Savoir parler argent avec assurance<\/li>\n<\/ul>\n<p> <strong>Organisation<\/strong><\/p>\n<ul>\n\u00a0<\/p>\n<li> Une journ\u00e9e intensive en pr\u00e9sentiel<\/li>\n<p>\u00a0<\/p>\n<li> Au Wikivillage<\/li>\n<p>\u00a0<\/p>\n<li> Matin : Atelier collectif pour comprendre, manipuler et poser vos premiers chiffres<\/li>\n<p>\u00a0<\/p>\n<li> Apr\u00e8s-midi : Conseils individualis\u00e9s pour adapter les outils \u00e0 votre projet<\/li>\n<\/ul>\n<p> <strong>Pr\u00e9-requis<\/strong><\/p>\n<ul>\n\u00a0<\/p>\n<li>\u2192 Apporter son ordinateur portable<\/li>\n<p>\u00a0<\/p>\n<li>\u2192 Avoir une premi\u00e8re id\u00e9e d\u2019offre ou d\u2019activit\u00e9 (m\u00eame encore floue, c\u2019est ok !)<\/li>\n<\/ul>\n<p>Une journ\u00e9e pour <strong>faire parler les chiffres<\/strong>, <strong>reprendre la main sur votre strat\u00e9gie financi\u00e8re<\/strong>, et <strong>gagner en confiance<\/strong> <\/p>\n","protected":false},"featured_media":269994,"template":"","format":"standard","meta":{"_acf_changed":false,"om_disable_all_campaigns":false,"_uf_show_specific_survey":0,"_uf_disable_surveys":false},"product_brand":[],"product_cat":[118],"product_tag":[222],"lieu":[223],"thematiques":[],"class_list":{"0":"post-270615","1":"product","2":"type-product","3":"status-publish","4":"format-standard","5":"has-post-thumbnail","7":"product_cat-atelier-collectif","8":"product_tag-presentiel","9":"lieu-presentiel","11":"first","12":"instock","13":"virtual","14":"purchasable","15":"product-type-appointment"},"exclude_global_add_ons":[],"addons":[],"acf":[],"yoast_head":"<!-- This site is optimized with the Yoast SEO plugin v24.8 - https:\/\/yoast.com\/wordpress\/plugins\/seo\/ -->\n<title>R\u00e9aliser son BP en 1 journ\u00e9e - Empow&#039;Her<\/title>\n<meta name=\"robots\" content=\"index, follow, max-snippet:-1, max-image-preview:large, max-video-preview:-1\" \/>\n<link rel=\"canonical\" href=\"https:\/\/empow-her.com\/produit\/realiser-son-bp-en-1-journee\/\" \/>\n<meta property=\"og:locale\" content=\"es_ES\" \/>\n<meta property=\"og:type\" content=\"article\" \/>\n<meta property=\"og:title\" content=\"R\u00e9aliser son BP en 1 journ\u00e9e - Empow&#039;Her\" \/>\n<meta property=\"og:description\" content=\"Atelier \u2013 Construire un Business Plan clair et cr\u00e9dible  &quot;Mon activit\u00e9 peut-elle \u00eatre rentable ? Quand pourrai-je me r\u00e9mun\u00e9rer ? Et comment r\u00e9pondre aux demandes de budget pr\u00e9visionnel des banques ou financeurs ?&quot; Cet atelier est fait pour vous si vous vous posez ces questions !\u00a0 Le Business Plan est bien plus qu\u2019un document formel : c\u2019est un outil strat\u00e9gique qui vous permet de structurer vos id\u00e9es, de poser des hypoth\u00e8ses financi\u00e8res r\u00e9alistes, et de d\u00e9montrer la viabilit\u00e9 de votre projet.  Au programme \u00a0 Comprendre les diff\u00e9rentes sections d\u2019un Business Plan \u00a0 Apprendre \u00e0 construire un pr\u00e9visionnel simple, lisible et coh\u00e9rent \u00a0 Identifier les bons indicateurs pour parler \u00e0 vos partenaires (banques, financeurs, investisseurs) \u00a0 Travailler vos hypoth\u00e8ses de revenus, charges et seuil de rentabilit\u00e9 \u00a0 Gagner en clart\u00e9 sur votre potentiel de r\u00e9mun\u00e9ration  Objectifs de la journ\u00e9e \u00a0 Clarifier la logique \u00e9conomique de votre projet \u00a0 Poser les bases de votre strat\u00e9gie financi\u00e8re \u00a0 R\u00e9partir les chiffres cl\u00e9s dans un tableau lisible et convaincant \u00a0 Savoir parler argent avec assurance  Organisation \u00a0 Une journ\u00e9e intensive en pr\u00e9sentiel \u00a0 Au Wikivillage \u00a0 Matin : Atelier collectif pour comprendre, manipuler et poser vos premiers chiffres \u00a0 Apr\u00e8s-midi : Conseils individualis\u00e9s pour adapter les outils \u00e0 votre projet  Pr\u00e9-requis \u00a0\u2192 Apporter son ordinateur portable \u00a0\u2192 Avoir une premi\u00e8re id\u00e9e d\u2019offre ou d\u2019activit\u00e9 (m\u00eame encore floue, c\u2019est ok !)  Une journ\u00e9e pour faire parler les chiffres, reprendre la main sur votre strat\u00e9gie financi\u00e8re, et gagner en confiance\" \/>\n<meta property=\"og:url\" content=\"https:\/\/empow-her.com\/produit\/realiser-son-bp-en-1-journee\/\" \/>\n<meta property=\"og:site_name\" content=\"Empow&#039;Her\" \/>\n<meta property=\"article:modified_time\" content=\"2026-03-30T08:37:30+00:00\" \/>\n<meta property=\"og:image\" content=\"https:\/\/empow-her.com\/wp-content\/uploads\/2025\/10\/Atelier.png\" \/>\n\t<meta property=\"og:image:width\" content=\"1080\" \/>\n\t<meta property=\"og:image:height\" content=\"1080\" \/>\n\t<meta property=\"og:image:type\" content=\"image\/png\" \/>\n<meta name=\"twitter:card\" content=\"summary_large_image\" \/>\n<meta name=\"twitter:label1\" content=\"Tiempo de lectura\" \/>\n\t<meta name=\"twitter:data1\" content=\"1 minuto\" \/>\n<script type=\"application\/ld+json\" class=\"yoast-schema-graph\">{\"@context\":\"https:\/\/schema.org\",\"@graph\":[{\"@type\":\"WebPage\",\"@id\":\"https:\/\/empow-her.com\/produit\/realiser-son-bp-en-1-journee\/\",\"url\":\"https:\/\/empow-her.com\/produit\/realiser-son-bp-en-1-journee\/\",\"name\":\"R\u00e9aliser son BP en 1 journ\u00e9e - Empow&#039;Her\",\"isPartOf\":{\"@id\":\"https:\/\/empow-her.com\/#website\"},\"primaryImageOfPage\":{\"@id\":\"https:\/\/empow-her.com\/produit\/realiser-son-bp-en-1-journee\/#primaryimage\"},\"image\":{\"@id\":\"https:\/\/empow-her.com\/produit\/realiser-son-bp-en-1-journee\/#primaryimage\"},\"thumbnailUrl\":\"https:\/\/empow-her.com\/wp-content\/uploads\/2025\/10\/Atelier.png\",\"datePublished\":\"2025-12-12T08:30:00+00:00\",\"dateModified\":\"2026-03-30T08:37:30+00:00\",\"breadcrumb\":{\"@id\":\"https:\/\/empow-her.com\/produit\/realiser-son-bp-en-1-journee\/#breadcrumb\"},\"inLanguage\":\"es\",\"potentialAction\":[{\"@type\":\"ReadAction\",\"target\":[\"https:\/\/empow-her.com\/produit\/realiser-son-bp-en-1-journee\/\"]}]},{\"@type\":\"ImageObject\",\"inLanguage\":\"es\",\"@id\":\"https:\/\/empow-her.com\/produit\/realiser-son-bp-en-1-journee\/#primaryimage\",\"url\":\"https:\/\/empow-her.com\/wp-content\/uploads\/2025\/10\/Atelier.png\",\"contentUrl\":\"https:\/\/empow-her.com\/wp-content\/uploads\/2025\/10\/Atelier.png\",\"width\":1080,\"height\":1080},{\"@type\":\"BreadcrumbList\",\"@id\":\"https:\/\/empow-her.com\/produit\/realiser-son-bp-en-1-journee\/#breadcrumb\",\"itemListElement\":[{\"@type\":\"ListItem\",\"position\":1,\"name\":\"Accueil\",\"item\":\"https:\/\/empow-her.com\/es\/inicio\/\"},{\"@type\":\"ListItem\",\"position\":2,\"name\":\"LA BOUTIQUE\",\"item\":\"https:\/\/empow-her.com\/boutique\/\"},{\"@type\":\"ListItem\",\"position\":3,\"name\":\"R\u00e9aliser son BP en 1 journ\u00e9e\"}]},{\"@type\":\"WebSite\",\"@id\":\"https:\/\/empow-her.com\/#website\",\"url\":\"https:\/\/empow-her.com\/\",\"name\":\"Empow&#039;Her\",\"description\":\"Women Development\",\"potentialAction\":[{\"@type\":\"SearchAction\",\"target\":{\"@type\":\"EntryPoint\",\"urlTemplate\":\"https:\/\/empow-her.com\/?s={search_term_string}\"},\"query-input\":{\"@type\":\"PropertyValueSpecification\",\"valueRequired\":true,\"valueName\":\"search_term_string\"}}],\"inLanguage\":\"es\"}]}<\/script>\n<!-- \/ Yoast SEO plugin. -->","yoast_head_json":{"title":"R\u00e9aliser son BP en 1 journ\u00e9e - Empow&#039;Her","robots":{"index":"index","follow":"follow","max-snippet":"max-snippet:-1","max-image-preview":"max-image-preview:large","max-video-preview":"max-video-preview:-1"},"canonical":"https:\/\/empow-her.com\/produit\/realiser-son-bp-en-1-journee\/","og_locale":"es_ES","og_type":"article","og_title":"R\u00e9aliser son BP en 1 journ\u00e9e - Empow&#039;Her","og_description":"Atelier \u2013 Construire un Business Plan clair et cr\u00e9dible  \"Mon activit\u00e9 peut-elle \u00eatre rentable ? Quand pourrai-je me r\u00e9mun\u00e9rer ? Et comment r\u00e9pondre aux demandes de budget pr\u00e9visionnel des banques ou financeurs ?\" Cet atelier est fait pour vous si vous vous posez ces questions !\u00a0 Le Business Plan est bien plus qu\u2019un document formel : c\u2019est un outil strat\u00e9gique qui vous permet de structurer vos id\u00e9es, de poser des hypoth\u00e8ses financi\u00e8res r\u00e9alistes, et de d\u00e9montrer la viabilit\u00e9 de votre projet.  Au programme \u00a0 Comprendre les diff\u00e9rentes sections d\u2019un Business Plan \u00a0 Apprendre \u00e0 construire un pr\u00e9visionnel simple, lisible et coh\u00e9rent \u00a0 Identifier les bons indicateurs pour parler \u00e0 vos partenaires (banques, financeurs, investisseurs) \u00a0 Travailler vos hypoth\u00e8ses de revenus, charges et seuil de rentabilit\u00e9 \u00a0 Gagner en clart\u00e9 sur votre potentiel de r\u00e9mun\u00e9ration  Objectifs de la journ\u00e9e \u00a0 Clarifier la logique \u00e9conomique de votre projet \u00a0 Poser les bases de votre strat\u00e9gie financi\u00e8re \u00a0 R\u00e9partir les chiffres cl\u00e9s dans un tableau lisible et convaincant \u00a0 Savoir parler argent avec assurance  Organisation \u00a0 Une journ\u00e9e intensive en pr\u00e9sentiel \u00a0 Au Wikivillage \u00a0 Matin : Atelier collectif pour comprendre, manipuler et poser vos premiers chiffres \u00a0 Apr\u00e8s-midi : Conseils individualis\u00e9s pour adapter les outils \u00e0 votre projet  Pr\u00e9-requis \u00a0\u2192 Apporter son ordinateur portable \u00a0\u2192 Avoir une premi\u00e8re id\u00e9e d\u2019offre ou d\u2019activit\u00e9 (m\u00eame encore floue, c\u2019est ok !)  Une journ\u00e9e pour faire parler les chiffres, reprendre la main sur votre strat\u00e9gie financi\u00e8re, et gagner en confiance","og_url":"https:\/\/empow-her.com\/produit\/realiser-son-bp-en-1-journee\/","og_site_name":"Empow&#039;Her","article_modified_time":"2026-03-30T08:37:30+00:00","og_image":[{"width":1080,"height":1080,"url":"https:\/\/empow-her.com\/wp-content\/uploads\/2025\/10\/Atelier.png","type":"image\/png"}],"twitter_card":"summary_large_image","twitter_misc":{"Tiempo de lectura":"1 minuto"},"schema":{"@context":"https:\/\/schema.org","@graph":[{"@type":"WebPage","@id":"https:\/\/empow-her.com\/produit\/realiser-son-bp-en-1-journee\/","url":"https:\/\/empow-her.com\/produit\/realiser-son-bp-en-1-journee\/","name":"R\u00e9aliser son BP en 1 journ\u00e9e - Empow&#039;Her","isPartOf":{"@id":"https:\/\/empow-her.com\/#website"},"primaryImageOfPage":{"@id":"https:\/\/empow-her.com\/produit\/realiser-son-bp-en-1-journee\/#primaryimage"},"image":{"@id":"https:\/\/empow-her.com\/produit\/realiser-son-bp-en-1-journee\/#primaryimage"},"thumbnailUrl":"https:\/\/empow-her.com\/wp-content\/uploads\/2025\/10\/Atelier.png","datePublished":"2025-12-12T08:30:00+00:00","dateModified":"2026-03-30T08:37:30+00:00","breadcrumb":{"@id":"https:\/\/empow-her.com\/produit\/realiser-son-bp-en-1-journee\/#breadcrumb"},"inLanguage":"es","potentialAction":[{"@type":"ReadAction","target":["https:\/\/empow-her.com\/produit\/realiser-son-bp-en-1-journee\/"]}]},{"@type":"ImageObject","inLanguage":"es","@id":"https:\/\/empow-her.com\/produit\/realiser-son-bp-en-1-journee\/#primaryimage","url":"https:\/\/empow-her.com\/wp-content\/uploads\/2025\/10\/Atelier.png","contentUrl":"https:\/\/empow-her.com\/wp-content\/uploads\/2025\/10\/Atelier.png","width":1080,"height":1080},{"@type":"BreadcrumbList","@id":"https:\/\/empow-her.com\/produit\/realiser-son-bp-en-1-journee\/#breadcrumb","itemListElement":[{"@type":"ListItem","position":1,"name":"Accueil","item":"https:\/\/empow-her.com\/es\/inicio\/"},{"@type":"ListItem","position":2,"name":"LA BOUTIQUE","item":"https:\/\/empow-her.com\/boutique\/"},{"@type":"ListItem","position":3,"name":"R\u00e9aliser son BP en 1 journ\u00e9e"}]},{"@type":"WebSite","@id":"https:\/\/empow-her.com\/#website","url":"https:\/\/empow-her.com\/","name":"Empow&#039;Her","description":"Women Development","potentialAction":[{"@type":"SearchAction","target":{"@type":"EntryPoint","urlTemplate":"https:\/\/empow-her.com\/?s={search_term_string}"},"query-input":{"@type":"PropertyValueSpecification","valueRequired":true,"valueName":"search_term_string"}}],"inLanguage":"es"}]}},"_links":{"self":[{"href":"https:\/\/empow-her.com\/es\/wp-json\/wp\/v2\/product\/270615","targetHints":{"allow":["GET"]}}],"collection":[{"href":"https:\/\/empow-her.com\/es\/wp-json\/wp\/v2\/product"}],"about":[{"href":"https:\/\/empow-her.com\/es\/wp-json\/wp\/v2\/types\/product"}],"wp:featuredmedia":[{"embeddable":true,"href":"https:\/\/empow-her.com\/es\/wp-json\/wp\/v2\/media\/269994"}],"wp:attachment":[{"href":"https:\/\/empow-her.com\/es\/wp-json\/wp\/v2\/media?parent=270615"}],"wp:term":[{"taxonomy":"product_brand","embeddable":true,"href":"https:\/\/empow-her.com\/es\/wp-json\/wp\/v2\/product_brand?post=270615"},{"taxonomy":"product_cat","embeddable":true,"href":"https:\/\/empow-her.com\/es\/wp-json\/wp\/v2\/product_cat?post=270615"},{"taxonomy":"product_tag","embeddable":true,"href":"https:\/\/empow-her.com\/es\/wp-json\/wp\/v2\/product_tag?post=270615"},{"taxonomy":"lieu","embeddable":true,"href":"https:\/\/empow-her.com\/es\/wp-json\/wp\/v2\/lieu?post=270615"},{"taxonomy":"thematiques","embeddable":true,"href":"https:\/\/empow-her.com\/es\/wp-json\/wp\/v2\/thematiques?post=270615"}],"curies":[{"name":"wp","href":"https:\/\/api.w.org\/{rel}","templated":true}]}}