{"id":270613,"date":"2025-12-10T15:00:00","date_gmt":"2025-12-10T14:00:00","guid":{"rendered":"https:\/\/empow-her.com\/?post_type=product&#038;p=270613"},"modified":"2026-03-30T10:37:14","modified_gmt":"2026-03-30T08:37:14","slug":"a-votre-ecoute-2","status":"publish","type":"product","link":"https:\/\/empow-her.com\/es\/produit\/a-votre-ecoute-2\/","title":{"rendered":"\u00c0 votre \u00e9coute !"},"content":{"rendered":"<p>\u00a0<\/p>\n<h3> 1h de coaching pour d\u00e9bloquer une probl\u00e9matique et avancer sereinement<\/h3>\n<p>\u00a0\u00a0<br \/>\n\u00a0<\/p>\n<p>Un sujet freine le d\u00e9veloppement de votre projet ou questionne votre posture entrepreneuriale ? Qu\u2019il soit ponctuel, complexe ou difficile \u00e0 aborder, ce coaching vous aide \u00e0 prendre du recul et \u00e0 identifier les leviers d\u2019action pour avancer plus sereinement.<\/p>\n<p>\u00a0\u00a0<br \/>\n\u00a0<\/p>\n<h3> Ce que nous pouvons voir ensemble :<\/h3>\n<p>\u00a0<\/p>\n<ul>\n\u00a0\u00a0<\/p>\n<li><strong>Temps d\u2019\u00e9coute et de clarification<\/strong> de la probl\u00e9matique<\/li>\n<p>\u00a0\u00a0<\/p>\n<li><strong>D\u00e9finition d\u2019un objectif clair<\/strong>, align\u00e9 avec votre besoin du moment<\/li>\n<p>\u00a0\u00a0<\/p>\n<li><strong>\u00c9changes, questionnements et introspection<\/strong> pour faire \u00e9merger vos ressources et pistes de solution<\/li>\n<p>\u00a0\u00a0<\/p>\n<li><strong>Co-construction d\u2019un plan d\u2019action concret<\/strong>, avec un premier petit pas pour relancer la dynamique<\/li>\n<p>\u00a0\u00a0<\/p>\n<li><strong>Apports th\u00e9oriques ou outils pratiques<\/strong> selon les besoins identifi\u00e9s<\/li>\n<p>\u00a0<\/ul>\n<p>\u00a0\u00a0<br \/>\n\u00a0<\/p>\n<p>Une heure pour lever vos freins, retrouver de la clart\u00e9 et repartir confiant.e dans la suite de votre parcours entrepreneurial ! <\/p>\n<\/div>\n","protected":false},"excerpt":{"rendered":"<p>\u00a0<\/p>\n<h3> 1h de coaching pour d\u00e9bloquer une probl\u00e9matique et avancer sereinement<\/h3>\n<p>\u00a0\u00a0<br \/>\n\u00a0<\/p>\n<p>Un sujet freine le d\u00e9veloppement de votre projet ou questionne votre posture entrepreneuriale ? Qu\u2019il soit ponctuel, complexe ou difficile \u00e0 aborder, ce coaching vous aide \u00e0 prendre du recul et \u00e0 identifier les leviers d\u2019action pour avancer plus sereinement.<\/p>\n<p>\u00a0\u00a0<br \/>\n\u00a0<\/p>\n<h3> Ce que nous pouvons voir ensemble :<\/h3>\n<p>\u00a0<\/p>\n<ul>\n\u00a0\u00a0<\/p>\n<li><strong>Temps d\u2019\u00e9coute et de clarification<\/strong> de la probl\u00e9matique<\/li>\n<p>\u00a0\u00a0<\/p>\n<li><strong>D\u00e9finition d\u2019un objectif clair<\/strong>, align\u00e9 avec votre besoin du moment<\/li>\n<p>\u00a0\u00a0<\/p>\n<li><strong>\u00c9changes, questionnements et introspection<\/strong> pour faire \u00e9merger vos ressources et pistes de solution<\/li>\n<p>\u00a0\u00a0<\/p>\n<li><strong>Co-construction d\u2019un plan d\u2019action concret<\/strong>, avec un premier petit pas pour relancer la dynamique<\/li>\n<p>\u00a0\u00a0<\/p>\n<li><strong>Apports th\u00e9oriques ou outils pratiques<\/strong> selon les besoins identifi\u00e9s<\/li>\n<p>\u00a0<\/ul>\n<p>\u00a0\u00a0<br \/>\n\u00a0<\/p>\n<p>Une heure pour lever vos freins, retrouver de la clart\u00e9 et repartir confiant.e dans la suite de votre parcours entrepreneurial ! <\/p>\n<\/div>\n","protected":false},"featured_media":270000,"template":"","format":"standard","meta":{"_acf_changed":false,"om_disable_all_campaigns":false,"_uf_show_specific_survey":0,"_uf_disable_surveys":false},"product_brand":[],"product_cat":[121],"product_tag":[143],"lieu":[125],"thematiques":[],"class_list":{"0":"post-270613","1":"product","2":"type-product","3":"status-publish","4":"format-standard","5":"has-post-thumbnail","7":"product_cat-coaching","8":"product_tag-en-ligne","9":"lieu-en-ligne","11":"first","12":"instock","13":"virtual","14":"purchasable","15":"product-type-appointment"},"exclude_global_add_ons":[],"addons":[],"acf":[],"yoast_head":"<!-- This site is optimized with the Yoast SEO plugin v24.8 - https:\/\/yoast.com\/wordpress\/plugins\/seo\/ -->\n<title>\u00c0 votre \u00e9coute ! - Empow&#039;Her<\/title>\n<meta name=\"robots\" content=\"index, follow, max-snippet:-1, max-image-preview:large, max-video-preview:-1\" \/>\n<link rel=\"canonical\" href=\"https:\/\/empow-her.com\/produit\/a-votre-ecoute-2\/\" \/>\n<meta property=\"og:locale\" content=\"es_ES\" \/>\n<meta property=\"og:type\" content=\"article\" \/>\n<meta property=\"og:title\" content=\"\u00c0 votre \u00e9coute ! - Empow&#039;Her\" \/>\n<meta property=\"og:description\" content=\"\u00a0 1h de coaching pour d\u00e9bloquer une probl\u00e9matique et avancer sereinement \u00a0\u00a0 \u00a0Un sujet freine le d\u00e9veloppement de votre projet ou questionne votre posture entrepreneuriale ? Qu\u2019il soit ponctuel, complexe ou difficile \u00e0 aborder, ce coaching vous aide \u00e0 prendre du recul et \u00e0 identifier les leviers d\u2019action pour avancer plus sereinement. \u00a0\u00a0 \u00a0 Ce que nous pouvons voir ensemble : \u00a0 \u00a0\u00a0Temps d\u2019\u00e9coute et de clarification de la probl\u00e9matique \u00a0\u00a0D\u00e9finition d\u2019un objectif clair, align\u00e9 avec votre besoin du moment \u00a0\u00a0\u00c9changes, questionnements et introspection pour faire \u00e9merger vos ressources et pistes de solution \u00a0\u00a0Co-construction d\u2019un plan d\u2019action concret, avec un premier petit pas pour relancer la dynamique \u00a0\u00a0Apports th\u00e9oriques ou outils pratiques selon les besoins identifi\u00e9s \u00a0 \u00a0\u00a0 \u00a0Une heure pour lever vos freins, retrouver de la clart\u00e9 et repartir confiant.e dans la suite de votre parcours entrepreneurial !\" \/>\n<meta property=\"og:url\" content=\"https:\/\/empow-her.com\/produit\/a-votre-ecoute-2\/\" \/>\n<meta property=\"og:site_name\" content=\"Empow&#039;Her\" \/>\n<meta property=\"article:modified_time\" content=\"2026-03-30T08:37:14+00:00\" \/>\n<meta property=\"og:image\" content=\"https:\/\/empow-her.com\/wp-content\/uploads\/2025\/10\/Coaching.png\" \/>\n\t<meta property=\"og:image:width\" content=\"1080\" \/>\n\t<meta property=\"og:image:height\" content=\"1080\" \/>\n\t<meta property=\"og:image:type\" content=\"image\/png\" \/>\n<meta name=\"twitter:card\" content=\"summary_large_image\" \/>\n<meta name=\"twitter:label1\" content=\"Tiempo de lectura\" \/>\n\t<meta name=\"twitter:data1\" content=\"1 minuto\" \/>\n<script type=\"application\/ld+json\" class=\"yoast-schema-graph\">{\"@context\":\"https:\/\/schema.org\",\"@graph\":[{\"@type\":\"WebPage\",\"@id\":\"https:\/\/empow-her.com\/produit\/a-votre-ecoute-2\/\",\"url\":\"https:\/\/empow-her.com\/produit\/a-votre-ecoute-2\/\",\"name\":\"\u00c0 votre \u00e9coute ! - Empow&#039;Her\",\"isPartOf\":{\"@id\":\"https:\/\/empow-her.com\/#website\"},\"primaryImageOfPage\":{\"@id\":\"https:\/\/empow-her.com\/produit\/a-votre-ecoute-2\/#primaryimage\"},\"image\":{\"@id\":\"https:\/\/empow-her.com\/produit\/a-votre-ecoute-2\/#primaryimage\"},\"thumbnailUrl\":\"https:\/\/empow-her.com\/wp-content\/uploads\/2025\/10\/Coaching.png\",\"datePublished\":\"2025-12-10T14:00:00+00:00\",\"dateModified\":\"2026-03-30T08:37:14+00:00\",\"breadcrumb\":{\"@id\":\"https:\/\/empow-her.com\/produit\/a-votre-ecoute-2\/#breadcrumb\"},\"inLanguage\":\"es\",\"potentialAction\":[{\"@type\":\"ReadAction\",\"target\":[\"https:\/\/empow-her.com\/produit\/a-votre-ecoute-2\/\"]}]},{\"@type\":\"ImageObject\",\"inLanguage\":\"es\",\"@id\":\"https:\/\/empow-her.com\/produit\/a-votre-ecoute-2\/#primaryimage\",\"url\":\"https:\/\/empow-her.com\/wp-content\/uploads\/2025\/10\/Coaching.png\",\"contentUrl\":\"https:\/\/empow-her.com\/wp-content\/uploads\/2025\/10\/Coaching.png\",\"width\":1080,\"height\":1080},{\"@type\":\"BreadcrumbList\",\"@id\":\"https:\/\/empow-her.com\/produit\/a-votre-ecoute-2\/#breadcrumb\",\"itemListElement\":[{\"@type\":\"ListItem\",\"position\":1,\"name\":\"Accueil\",\"item\":\"https:\/\/empow-her.com\/es\/inicio\/\"},{\"@type\":\"ListItem\",\"position\":2,\"name\":\"LA BOUTIQUE\",\"item\":\"https:\/\/empow-her.com\/boutique\/\"},{\"@type\":\"ListItem\",\"position\":3,\"name\":\"\u00c0 votre \u00e9coute !\"}]},{\"@type\":\"WebSite\",\"@id\":\"https:\/\/empow-her.com\/#website\",\"url\":\"https:\/\/empow-her.com\/\",\"name\":\"Empow&#039;Her\",\"description\":\"Women Development\",\"potentialAction\":[{\"@type\":\"SearchAction\",\"target\":{\"@type\":\"EntryPoint\",\"urlTemplate\":\"https:\/\/empow-her.com\/?s={search_term_string}\"},\"query-input\":{\"@type\":\"PropertyValueSpecification\",\"valueRequired\":true,\"valueName\":\"search_term_string\"}}],\"inLanguage\":\"es\"}]}<\/script>\n<!-- \/ Yoast SEO plugin. -->","yoast_head_json":{"title":"\u00c0 votre \u00e9coute ! - Empow&#039;Her","robots":{"index":"index","follow":"follow","max-snippet":"max-snippet:-1","max-image-preview":"max-image-preview:large","max-video-preview":"max-video-preview:-1"},"canonical":"https:\/\/empow-her.com\/produit\/a-votre-ecoute-2\/","og_locale":"es_ES","og_type":"article","og_title":"\u00c0 votre \u00e9coute ! - Empow&#039;Her","og_description":"\u00a0 1h de coaching pour d\u00e9bloquer une probl\u00e9matique et avancer sereinement \u00a0\u00a0 \u00a0Un sujet freine le d\u00e9veloppement de votre projet ou questionne votre posture entrepreneuriale ? Qu\u2019il soit ponctuel, complexe ou difficile \u00e0 aborder, ce coaching vous aide \u00e0 prendre du recul et \u00e0 identifier les leviers d\u2019action pour avancer plus sereinement. \u00a0\u00a0 \u00a0 Ce que nous pouvons voir ensemble : \u00a0 \u00a0\u00a0Temps d\u2019\u00e9coute et de clarification de la probl\u00e9matique \u00a0\u00a0D\u00e9finition d\u2019un objectif clair, align\u00e9 avec votre besoin du moment \u00a0\u00a0\u00c9changes, questionnements et introspection pour faire \u00e9merger vos ressources et pistes de solution \u00a0\u00a0Co-construction d\u2019un plan d\u2019action concret, avec un premier petit pas pour relancer la dynamique \u00a0\u00a0Apports th\u00e9oriques ou outils pratiques selon les besoins identifi\u00e9s \u00a0 \u00a0\u00a0 \u00a0Une heure pour lever vos freins, retrouver de la clart\u00e9 et repartir confiant.e dans la suite de votre parcours entrepreneurial !","og_url":"https:\/\/empow-her.com\/produit\/a-votre-ecoute-2\/","og_site_name":"Empow&#039;Her","article_modified_time":"2026-03-30T08:37:14+00:00","og_image":[{"width":1080,"height":1080,"url":"https:\/\/empow-her.com\/wp-content\/uploads\/2025\/10\/Coaching.png","type":"image\/png"}],"twitter_card":"summary_large_image","twitter_misc":{"Tiempo de lectura":"1 minuto"},"schema":{"@context":"https:\/\/schema.org","@graph":[{"@type":"WebPage","@id":"https:\/\/empow-her.com\/produit\/a-votre-ecoute-2\/","url":"https:\/\/empow-her.com\/produit\/a-votre-ecoute-2\/","name":"\u00c0 votre \u00e9coute ! - Empow&#039;Her","isPartOf":{"@id":"https:\/\/empow-her.com\/#website"},"primaryImageOfPage":{"@id":"https:\/\/empow-her.com\/produit\/a-votre-ecoute-2\/#primaryimage"},"image":{"@id":"https:\/\/empow-her.com\/produit\/a-votre-ecoute-2\/#primaryimage"},"thumbnailUrl":"https:\/\/empow-her.com\/wp-content\/uploads\/2025\/10\/Coaching.png","datePublished":"2025-12-10T14:00:00+00:00","dateModified":"2026-03-30T08:37:14+00:00","breadcrumb":{"@id":"https:\/\/empow-her.com\/produit\/a-votre-ecoute-2\/#breadcrumb"},"inLanguage":"es","potentialAction":[{"@type":"ReadAction","target":["https:\/\/empow-her.com\/produit\/a-votre-ecoute-2\/"]}]},{"@type":"ImageObject","inLanguage":"es","@id":"https:\/\/empow-her.com\/produit\/a-votre-ecoute-2\/#primaryimage","url":"https:\/\/empow-her.com\/wp-content\/uploads\/2025\/10\/Coaching.png","contentUrl":"https:\/\/empow-her.com\/wp-content\/uploads\/2025\/10\/Coaching.png","width":1080,"height":1080},{"@type":"BreadcrumbList","@id":"https:\/\/empow-her.com\/produit\/a-votre-ecoute-2\/#breadcrumb","itemListElement":[{"@type":"ListItem","position":1,"name":"Accueil","item":"https:\/\/empow-her.com\/es\/inicio\/"},{"@type":"ListItem","position":2,"name":"LA BOUTIQUE","item":"https:\/\/empow-her.com\/boutique\/"},{"@type":"ListItem","position":3,"name":"\u00c0 votre \u00e9coute !"}]},{"@type":"WebSite","@id":"https:\/\/empow-her.com\/#website","url":"https:\/\/empow-her.com\/","name":"Empow&#039;Her","description":"Women Development","potentialAction":[{"@type":"SearchAction","target":{"@type":"EntryPoint","urlTemplate":"https:\/\/empow-her.com\/?s={search_term_string}"},"query-input":{"@type":"PropertyValueSpecification","valueRequired":true,"valueName":"search_term_string"}}],"inLanguage":"es"}]}},"_links":{"self":[{"href":"https:\/\/empow-her.com\/es\/wp-json\/wp\/v2\/product\/270613","targetHints":{"allow":["GET"]}}],"collection":[{"href":"https:\/\/empow-her.com\/es\/wp-json\/wp\/v2\/product"}],"about":[{"href":"https:\/\/empow-her.com\/es\/wp-json\/wp\/v2\/types\/product"}],"wp:featuredmedia":[{"embeddable":true,"href":"https:\/\/empow-her.com\/es\/wp-json\/wp\/v2\/media\/270000"}],"wp:attachment":[{"href":"https:\/\/empow-her.com\/es\/wp-json\/wp\/v2\/media?parent=270613"}],"wp:term":[{"taxonomy":"product_brand","embeddable":true,"href":"https:\/\/empow-her.com\/es\/wp-json\/wp\/v2\/product_brand?post=270613"},{"taxonomy":"product_cat","embeddable":true,"href":"https:\/\/empow-her.com\/es\/wp-json\/wp\/v2\/product_cat?post=270613"},{"taxonomy":"product_tag","embeddable":true,"href":"https:\/\/empow-her.com\/es\/wp-json\/wp\/v2\/product_tag?post=270613"},{"taxonomy":"lieu","embeddable":true,"href":"https:\/\/empow-her.com\/es\/wp-json\/wp\/v2\/lieu?post=270613"},{"taxonomy":"thematiques","embeddable":true,"href":"https:\/\/empow-her.com\/es\/wp-json\/wp\/v2\/thematiques?post=270613"}],"curies":[{"name":"wp","href":"https:\/\/api.w.org\/{rel}","templated":true}]}}