{"id":270519,"date":"2025-11-27T14:00:00","date_gmt":"2025-11-27T13:00:00","guid":{"rendered":"https:\/\/empow-her.com\/?post_type=product&#038;p=270519"},"modified":"2026-03-30T10:38:31","modified_gmt":"2026-03-30T08:38:31","slug":"prototyper-et-lancer-son-projet","status":"publish","type":"product","link":"https:\/\/empow-her.com\/es\/produit\/prototyper-et-lancer-son-projet\/","title":{"rendered":"Prototyper et lancer son projet"},"content":{"rendered":"<h3>Atelier &#8211; Apprendre \u00e0 identifier et prioriser les fonctionnalit\u00e9s d\u2019un MVP<\/h3>\n<p>Tester rapidement son id\u00e9e et structurer une proposition de valeur sont des \u00e9tapes cruciales pour avancer de mani\u00e8re agile et concr\u00e8te dans son projet entrepreneurial. Cet atelier vous plongera dans l\u2019univers du <strong>MVP (Minimum Viable Product)<\/strong> et du <strong>no-code<\/strong>, deux approches qui vous permettent de passer de l&#8217;id\u00e9e \u00e0 l&#8217;action rapidement, sans n\u00e9cessiter de comp\u00e9tences techniques avanc\u00e9es. Vous apprendrez \u00e0 cr\u00e9er une premi\u00e8re version fonctionnelle de votre produit ou service, tout en d\u00e9couvrant des outils accessibles pour tester et valider votre concept efficacement.<\/p>\n<p><strong>Ce que nous pourrons voir ensemble :<\/strong><\/p>\n<ul>\n\u00a0<\/p>\n<li>Comprendre la logique du MVP et comment l\u2019appliquer \u00e0 votre projet.<\/li>\n<p>\u00a0<\/p>\n<li>Identifier et prioriser les fonctionnalit\u00e9s essentielles pour tester votre concept.<\/li>\n<p>\u00a0<\/p>\n<li>D\u00e9couvrir des outils no-code simples pour cr\u00e9er une premi\u00e8re version de votre produit.<\/li>\n<p>\u00a0<\/p>\n<li>Assister \u00e0 une d\u00e9monstration de cr\u00e9ation d\u2019une landing page pour illustrer le processus.<\/li>\n<\/ul>\n<p><strong>Pr\u00e9-requis :<\/strong><\/p>\n<ul>\n\u00a0<\/p>\n<li>Avoir une id\u00e9e de projet, m\u00eame \u00e0 un stade tr\u00e8s pr\u00e9coce, et \u00eatre pr\u00eat.e \u00e0 explorer la faisabilit\u00e9 de votre concept \u00e0 travers des outils simples et accessibles.<\/li>\n<p>\u00a0<\/p>\n<li>Venir avec un ordinateur.<\/li>\n<\/ul>\n","protected":false},"excerpt":{"rendered":"<h3>Atelier &#8211; Apprendre \u00e0 identifier et prioriser les fonctionnalit\u00e9s d\u2019un MVP<\/h3>\n<p>Tester rapidement son id\u00e9e et structurer une proposition de valeur sont des \u00e9tapes cruciales pour avancer de mani\u00e8re agile et concr\u00e8te dans son projet entrepreneurial. Cet atelier vous plongera dans l\u2019univers du <strong>MVP (Minimum Viable Product)<\/strong> et du <strong>no-code<\/strong>, deux approches qui vous permettent de passer de l&#8217;id\u00e9e \u00e0 l&#8217;action rapidement, sans n\u00e9cessiter de comp\u00e9tences techniques avanc\u00e9es. Vous apprendrez \u00e0 cr\u00e9er une premi\u00e8re version fonctionnelle de votre produit ou service, tout en d\u00e9couvrant des outils accessibles pour tester et valider votre concept efficacement.<\/p>\n<p><strong>Ce que nous pourrons voir ensemble :<\/strong><\/p>\n<ul>\n\u00a0<\/p>\n<li>Comprendre la logique du MVP et comment l\u2019appliquer \u00e0 votre projet.<\/li>\n<p>\u00a0<\/p>\n<li>Identifier et prioriser les fonctionnalit\u00e9s essentielles pour tester votre concept.<\/li>\n<p>\u00a0<\/p>\n<li>D\u00e9couvrir des outils no-code simples pour cr\u00e9er une premi\u00e8re version de votre produit.<\/li>\n<p>\u00a0<\/p>\n<li>Assister \u00e0 une d\u00e9monstration de cr\u00e9ation d\u2019une landing page pour illustrer le processus.<\/li>\n<\/ul>\n<p><strong>Pr\u00e9-requis :<\/strong><\/p>\n<ul>\n\u00a0<\/p>\n<li>Avoir une id\u00e9e de projet, m\u00eame \u00e0 un stade tr\u00e8s pr\u00e9coce, et \u00eatre pr\u00eat.e \u00e0 explorer la faisabilit\u00e9 de votre concept \u00e0 travers des outils simples et accessibles.<\/li>\n<p>\u00a0<\/p>\n<li>Venir avec un ordinateur.<\/li>\n<\/ul>\n","protected":false},"featured_media":269994,"template":"","format":"standard","meta":{"_acf_changed":false,"om_disable_all_campaigns":false,"_uf_show_specific_survey":0,"_uf_disable_surveys":false},"product_brand":[],"product_cat":[118],"product_tag":[222],"lieu":[223],"thematiques":[],"class_list":{"0":"post-270519","1":"product","2":"type-product","3":"status-publish","4":"format-standard","5":"has-post-thumbnail","7":"product_cat-atelier-collectif","8":"product_tag-presentiel","9":"lieu-presentiel","11":"first","12":"instock","13":"virtual","14":"purchasable","15":"product-type-appointment"},"exclude_global_add_ons":[],"addons":[],"acf":[],"yoast_head":"<!-- This site is optimized with the Yoast SEO plugin v24.8 - https:\/\/yoast.com\/wordpress\/plugins\/seo\/ -->\n<title>Prototyper et lancer son projet - Empow&#039;Her<\/title>\n<meta name=\"robots\" content=\"index, follow, max-snippet:-1, max-image-preview:large, max-video-preview:-1\" \/>\n<link rel=\"canonical\" href=\"https:\/\/empow-her.com\/produit\/prototyper-et-lancer-son-projet\/\" \/>\n<meta property=\"og:locale\" content=\"es_ES\" \/>\n<meta property=\"og:type\" content=\"article\" \/>\n<meta property=\"og:title\" content=\"Prototyper et lancer son projet - Empow&#039;Her\" \/>\n<meta property=\"og:description\" content=\"Atelier - Apprendre \u00e0 identifier et prioriser les fonctionnalit\u00e9s d\u2019un MVP Tester rapidement son id\u00e9e et structurer une proposition de valeur sont des \u00e9tapes cruciales pour avancer de mani\u00e8re agile et concr\u00e8te dans son projet entrepreneurial. Cet atelier vous plongera dans l\u2019univers du MVP (Minimum Viable Product) et du no-code, deux approches qui vous permettent de passer de l&#039;id\u00e9e \u00e0 l&#039;action rapidement, sans n\u00e9cessiter de comp\u00e9tences techniques avanc\u00e9es. Vous apprendrez \u00e0 cr\u00e9er une premi\u00e8re version fonctionnelle de votre produit ou service, tout en d\u00e9couvrant des outils accessibles pour tester et valider votre concept efficacement. Ce que nous pourrons voir ensemble : \u00a0Comprendre la logique du MVP et comment l\u2019appliquer \u00e0 votre projet. \u00a0Identifier et prioriser les fonctionnalit\u00e9s essentielles pour tester votre concept. \u00a0D\u00e9couvrir des outils no-code simples pour cr\u00e9er une premi\u00e8re version de votre produit. \u00a0Assister \u00e0 une d\u00e9monstration de cr\u00e9ation d\u2019une landing page pour illustrer le processus.  Pr\u00e9-requis : \u00a0Avoir une id\u00e9e de projet, m\u00eame \u00e0 un stade tr\u00e8s pr\u00e9coce, et \u00eatre pr\u00eat.e \u00e0 explorer la faisabilit\u00e9 de votre concept \u00e0 travers des outils simples et accessibles. \u00a0Venir avec un ordinateur.\" \/>\n<meta property=\"og:url\" content=\"https:\/\/empow-her.com\/produit\/prototyper-et-lancer-son-projet\/\" \/>\n<meta property=\"og:site_name\" content=\"Empow&#039;Her\" \/>\n<meta property=\"article:modified_time\" content=\"2026-03-30T08:38:31+00:00\" \/>\n<meta property=\"og:image\" content=\"https:\/\/empow-her.com\/wp-content\/uploads\/2025\/10\/Atelier.png\" \/>\n\t<meta property=\"og:image:width\" content=\"1080\" \/>\n\t<meta property=\"og:image:height\" content=\"1080\" \/>\n\t<meta property=\"og:image:type\" content=\"image\/png\" \/>\n<meta name=\"twitter:card\" content=\"summary_large_image\" \/>\n<meta name=\"twitter:label1\" content=\"Tiempo de lectura\" \/>\n\t<meta name=\"twitter:data1\" content=\"1 minuto\" \/>\n<script type=\"application\/ld+json\" class=\"yoast-schema-graph\">{\"@context\":\"https:\/\/schema.org\",\"@graph\":[{\"@type\":\"WebPage\",\"@id\":\"https:\/\/empow-her.com\/produit\/prototyper-et-lancer-son-projet\/\",\"url\":\"https:\/\/empow-her.com\/produit\/prototyper-et-lancer-son-projet\/\",\"name\":\"Prototyper et lancer son projet - Empow&#039;Her\",\"isPartOf\":{\"@id\":\"https:\/\/empow-her.com\/#website\"},\"primaryImageOfPage\":{\"@id\":\"https:\/\/empow-her.com\/produit\/prototyper-et-lancer-son-projet\/#primaryimage\"},\"image\":{\"@id\":\"https:\/\/empow-her.com\/produit\/prototyper-et-lancer-son-projet\/#primaryimage\"},\"thumbnailUrl\":\"https:\/\/empow-her.com\/wp-content\/uploads\/2025\/10\/Atelier.png\",\"datePublished\":\"2025-11-27T13:00:00+00:00\",\"dateModified\":\"2026-03-30T08:38:31+00:00\",\"breadcrumb\":{\"@id\":\"https:\/\/empow-her.com\/produit\/prototyper-et-lancer-son-projet\/#breadcrumb\"},\"inLanguage\":\"es\",\"potentialAction\":[{\"@type\":\"ReadAction\",\"target\":[\"https:\/\/empow-her.com\/produit\/prototyper-et-lancer-son-projet\/\"]}]},{\"@type\":\"ImageObject\",\"inLanguage\":\"es\",\"@id\":\"https:\/\/empow-her.com\/produit\/prototyper-et-lancer-son-projet\/#primaryimage\",\"url\":\"https:\/\/empow-her.com\/wp-content\/uploads\/2025\/10\/Atelier.png\",\"contentUrl\":\"https:\/\/empow-her.com\/wp-content\/uploads\/2025\/10\/Atelier.png\",\"width\":1080,\"height\":1080},{\"@type\":\"BreadcrumbList\",\"@id\":\"https:\/\/empow-her.com\/produit\/prototyper-et-lancer-son-projet\/#breadcrumb\",\"itemListElement\":[{\"@type\":\"ListItem\",\"position\":1,\"name\":\"Accueil\",\"item\":\"https:\/\/empow-her.com\/es\/inicio\/\"},{\"@type\":\"ListItem\",\"position\":2,\"name\":\"LA BOUTIQUE\",\"item\":\"https:\/\/empow-her.com\/boutique\/\"},{\"@type\":\"ListItem\",\"position\":3,\"name\":\"Prototyper et lancer son projet\"}]},{\"@type\":\"WebSite\",\"@id\":\"https:\/\/empow-her.com\/#website\",\"url\":\"https:\/\/empow-her.com\/\",\"name\":\"Empow&#039;Her\",\"description\":\"Women Development\",\"potentialAction\":[{\"@type\":\"SearchAction\",\"target\":{\"@type\":\"EntryPoint\",\"urlTemplate\":\"https:\/\/empow-her.com\/?s={search_term_string}\"},\"query-input\":{\"@type\":\"PropertyValueSpecification\",\"valueRequired\":true,\"valueName\":\"search_term_string\"}}],\"inLanguage\":\"es\"}]}<\/script>\n<!-- \/ Yoast SEO plugin. -->","yoast_head_json":{"title":"Prototyper et lancer son projet - Empow&#039;Her","robots":{"index":"index","follow":"follow","max-snippet":"max-snippet:-1","max-image-preview":"max-image-preview:large","max-video-preview":"max-video-preview:-1"},"canonical":"https:\/\/empow-her.com\/produit\/prototyper-et-lancer-son-projet\/","og_locale":"es_ES","og_type":"article","og_title":"Prototyper et lancer son projet - Empow&#039;Her","og_description":"Atelier - Apprendre \u00e0 identifier et prioriser les fonctionnalit\u00e9s d\u2019un MVP Tester rapidement son id\u00e9e et structurer une proposition de valeur sont des \u00e9tapes cruciales pour avancer de mani\u00e8re agile et concr\u00e8te dans son projet entrepreneurial. Cet atelier vous plongera dans l\u2019univers du MVP (Minimum Viable Product) et du no-code, deux approches qui vous permettent de passer de l'id\u00e9e \u00e0 l'action rapidement, sans n\u00e9cessiter de comp\u00e9tences techniques avanc\u00e9es. Vous apprendrez \u00e0 cr\u00e9er une premi\u00e8re version fonctionnelle de votre produit ou service, tout en d\u00e9couvrant des outils accessibles pour tester et valider votre concept efficacement. Ce que nous pourrons voir ensemble : \u00a0Comprendre la logique du MVP et comment l\u2019appliquer \u00e0 votre projet. \u00a0Identifier et prioriser les fonctionnalit\u00e9s essentielles pour tester votre concept. \u00a0D\u00e9couvrir des outils no-code simples pour cr\u00e9er une premi\u00e8re version de votre produit. \u00a0Assister \u00e0 une d\u00e9monstration de cr\u00e9ation d\u2019une landing page pour illustrer le processus.  Pr\u00e9-requis : \u00a0Avoir une id\u00e9e de projet, m\u00eame \u00e0 un stade tr\u00e8s pr\u00e9coce, et \u00eatre pr\u00eat.e \u00e0 explorer la faisabilit\u00e9 de votre concept \u00e0 travers des outils simples et accessibles. \u00a0Venir avec un ordinateur.","og_url":"https:\/\/empow-her.com\/produit\/prototyper-et-lancer-son-projet\/","og_site_name":"Empow&#039;Her","article_modified_time":"2026-03-30T08:38:31+00:00","og_image":[{"width":1080,"height":1080,"url":"https:\/\/empow-her.com\/wp-content\/uploads\/2025\/10\/Atelier.png","type":"image\/png"}],"twitter_card":"summary_large_image","twitter_misc":{"Tiempo de lectura":"1 minuto"},"schema":{"@context":"https:\/\/schema.org","@graph":[{"@type":"WebPage","@id":"https:\/\/empow-her.com\/produit\/prototyper-et-lancer-son-projet\/","url":"https:\/\/empow-her.com\/produit\/prototyper-et-lancer-son-projet\/","name":"Prototyper et lancer son projet - Empow&#039;Her","isPartOf":{"@id":"https:\/\/empow-her.com\/#website"},"primaryImageOfPage":{"@id":"https:\/\/empow-her.com\/produit\/prototyper-et-lancer-son-projet\/#primaryimage"},"image":{"@id":"https:\/\/empow-her.com\/produit\/prototyper-et-lancer-son-projet\/#primaryimage"},"thumbnailUrl":"https:\/\/empow-her.com\/wp-content\/uploads\/2025\/10\/Atelier.png","datePublished":"2025-11-27T13:00:00+00:00","dateModified":"2026-03-30T08:38:31+00:00","breadcrumb":{"@id":"https:\/\/empow-her.com\/produit\/prototyper-et-lancer-son-projet\/#breadcrumb"},"inLanguage":"es","potentialAction":[{"@type":"ReadAction","target":["https:\/\/empow-her.com\/produit\/prototyper-et-lancer-son-projet\/"]}]},{"@type":"ImageObject","inLanguage":"es","@id":"https:\/\/empow-her.com\/produit\/prototyper-et-lancer-son-projet\/#primaryimage","url":"https:\/\/empow-her.com\/wp-content\/uploads\/2025\/10\/Atelier.png","contentUrl":"https:\/\/empow-her.com\/wp-content\/uploads\/2025\/10\/Atelier.png","width":1080,"height":1080},{"@type":"BreadcrumbList","@id":"https:\/\/empow-her.com\/produit\/prototyper-et-lancer-son-projet\/#breadcrumb","itemListElement":[{"@type":"ListItem","position":1,"name":"Accueil","item":"https:\/\/empow-her.com\/es\/inicio\/"},{"@type":"ListItem","position":2,"name":"LA BOUTIQUE","item":"https:\/\/empow-her.com\/boutique\/"},{"@type":"ListItem","position":3,"name":"Prototyper et lancer son projet"}]},{"@type":"WebSite","@id":"https:\/\/empow-her.com\/#website","url":"https:\/\/empow-her.com\/","name":"Empow&#039;Her","description":"Women Development","potentialAction":[{"@type":"SearchAction","target":{"@type":"EntryPoint","urlTemplate":"https:\/\/empow-her.com\/?s={search_term_string}"},"query-input":{"@type":"PropertyValueSpecification","valueRequired":true,"valueName":"search_term_string"}}],"inLanguage":"es"}]}},"_links":{"self":[{"href":"https:\/\/empow-her.com\/es\/wp-json\/wp\/v2\/product\/270519","targetHints":{"allow":["GET"]}}],"collection":[{"href":"https:\/\/empow-her.com\/es\/wp-json\/wp\/v2\/product"}],"about":[{"href":"https:\/\/empow-her.com\/es\/wp-json\/wp\/v2\/types\/product"}],"wp:featuredmedia":[{"embeddable":true,"href":"https:\/\/empow-her.com\/es\/wp-json\/wp\/v2\/media\/269994"}],"wp:attachment":[{"href":"https:\/\/empow-her.com\/es\/wp-json\/wp\/v2\/media?parent=270519"}],"wp:term":[{"taxonomy":"product_brand","embeddable":true,"href":"https:\/\/empow-her.com\/es\/wp-json\/wp\/v2\/product_brand?post=270519"},{"taxonomy":"product_cat","embeddable":true,"href":"https:\/\/empow-her.com\/es\/wp-json\/wp\/v2\/product_cat?post=270519"},{"taxonomy":"product_tag","embeddable":true,"href":"https:\/\/empow-her.com\/es\/wp-json\/wp\/v2\/product_tag?post=270519"},{"taxonomy":"lieu","embeddable":true,"href":"https:\/\/empow-her.com\/es\/wp-json\/wp\/v2\/lieu?post=270519"},{"taxonomy":"thematiques","embeddable":true,"href":"https:\/\/empow-her.com\/es\/wp-json\/wp\/v2\/thematiques?post=270519"}],"curies":[{"name":"wp","href":"https:\/\/api.w.org\/{rel}","templated":true}]}}