{"id":270450,"date":"2025-11-24T09:30:00","date_gmt":"2025-11-24T08:30:00","guid":{"rendered":"https:\/\/empow-her.com\/?post_type=product&#038;p=270450"},"modified":"2026-03-30T10:38:40","modified_gmt":"2026-03-30T08:38:40","slug":"communiquer-avec-impact-storytelling-3","status":"publish","type":"product","link":"https:\/\/empow-her.com\/es\/produit\/communiquer-avec-impact-storytelling-3\/","title":{"rendered":"Communiquer avec impact &#038; storytelling"},"content":{"rendered":"<h3>Coaching &#8211; Affiner votre storytelling et votre \u00e9criture<\/h3>\n<p>Une histoire bien racont\u00e9e capte l\u2019attention, marque les esprits et renforce l\u2019impact d\u2019un message. Ce coaching propose un travail concret et interactif pour structurer votre storytelling et fluidifier votre \u00e9criture.<\/p>\n<p><strong>Ce que nous pouvons aborder :<\/strong><\/p>\n<ul>\n\u00a0<\/p>\n<li><strong>Co-construire les piliers de votre storytelling :<\/strong> d\u00e9finir une narration forte et authentique pour donner du relief \u00e0 votre message.<\/li>\n<p>\u00a0<\/p>\n<li><strong>Adopter de bonnes pratiques pour assouplir votre plume :<\/strong> d\u00e9couvrir des exercices et routines pour \u00e9crire avec plus d\u2019aisance et de naturel.<\/li>\n<p>\u00a0<\/p>\n<li><strong>Am\u00e9liorer des textes existants :<\/strong> retravailler vos contenus pour les rendre plus percutants et engageants.<\/li>\n<p>\u00a0<\/p>\n<li><strong>Optimiser un pitch deck avec un storytelling impactant :<\/strong> apporter plus de clart\u00e9, d\u2019\u00e9motion et de persuasion \u00e0 vos pr\u00e9sentations.<\/li>\n<\/ul>\n<p>Une heure pour clarifier votre message, affiner votre \u00e9criture et donner plus de puissance \u00e0 votre storytelling.<\/p>\n","protected":false},"excerpt":{"rendered":"<h3>Coaching &#8211; Affiner votre storytelling et votre \u00e9criture<\/h3>\n<p>Une histoire bien racont\u00e9e capte l\u2019attention, marque les esprits et renforce l\u2019impact d\u2019un message. Ce coaching propose un travail concret et interactif pour structurer votre storytelling et fluidifier votre \u00e9criture.<\/p>\n<p><strong>Ce que nous pouvons aborder :<\/strong><\/p>\n<ul>\n\u00a0<\/p>\n<li><strong>Co-construire les piliers de votre storytelling :<\/strong> d\u00e9finir une narration forte et authentique pour donner du relief \u00e0 votre message.<\/li>\n<p>\u00a0<\/p>\n<li><strong>Adopter de bonnes pratiques pour assouplir votre plume :<\/strong> d\u00e9couvrir des exercices et routines pour \u00e9crire avec plus d\u2019aisance et de naturel.<\/li>\n<p>\u00a0<\/p>\n<li><strong>Am\u00e9liorer des textes existants :<\/strong> retravailler vos contenus pour les rendre plus percutants et engageants.<\/li>\n<p>\u00a0<\/p>\n<li><strong>Optimiser un pitch deck avec un storytelling impactant :<\/strong> apporter plus de clart\u00e9, d\u2019\u00e9motion et de persuasion \u00e0 vos pr\u00e9sentations.<\/li>\n<\/ul>\n<p>Une heure pour clarifier votre message, affiner votre \u00e9criture et donner plus de puissance \u00e0 votre storytelling.<\/p>\n","protected":false},"featured_media":270000,"template":"","format":"standard","meta":{"_acf_changed":false,"om_disable_all_campaigns":false,"_uf_show_specific_survey":0,"_uf_disable_surveys":false},"product_brand":[],"product_cat":[121],"product_tag":[143],"lieu":[125],"thematiques":[],"class_list":{"0":"post-270450","1":"product","2":"type-product","3":"status-publish","4":"format-standard","5":"has-post-thumbnail","7":"product_cat-coaching","8":"product_tag-en-ligne","9":"lieu-en-ligne","11":"first","12":"instock","13":"virtual","14":"purchasable","15":"product-type-appointment"},"exclude_global_add_ons":[],"addons":[],"acf":[],"yoast_head":"<!-- This site is optimized with the Yoast SEO plugin v24.8 - https:\/\/yoast.com\/wordpress\/plugins\/seo\/ -->\n<title>Communiquer avec impact &amp; storytelling - Empow&#039;Her<\/title>\n<meta name=\"robots\" content=\"index, follow, max-snippet:-1, max-image-preview:large, max-video-preview:-1\" \/>\n<link rel=\"canonical\" href=\"https:\/\/empow-her.com\/produit\/communiquer-avec-impact-storytelling-3\/\" \/>\n<meta property=\"og:locale\" content=\"es_ES\" \/>\n<meta property=\"og:type\" content=\"article\" \/>\n<meta property=\"og:title\" content=\"Communiquer avec impact &amp; storytelling - Empow&#039;Her\" \/>\n<meta property=\"og:description\" content=\"Coaching - Affiner votre storytelling et votre \u00e9criture Une histoire bien racont\u00e9e capte l\u2019attention, marque les esprits et renforce l\u2019impact d\u2019un message. Ce coaching propose un travail concret et interactif pour structurer votre storytelling et fluidifier votre \u00e9criture. Ce que nous pouvons aborder : \u00a0Co-construire les piliers de votre storytelling : d\u00e9finir une narration forte et authentique pour donner du relief \u00e0 votre message. \u00a0Adopter de bonnes pratiques pour assouplir votre plume : d\u00e9couvrir des exercices et routines pour \u00e9crire avec plus d\u2019aisance et de naturel. \u00a0Am\u00e9liorer des textes existants : retravailler vos contenus pour les rendre plus percutants et engageants. \u00a0Optimiser un pitch deck avec un storytelling impactant : apporter plus de clart\u00e9, d\u2019\u00e9motion et de persuasion \u00e0 vos pr\u00e9sentations. Une heure pour clarifier votre message, affiner votre \u00e9criture et donner plus de puissance \u00e0 votre storytelling.\" \/>\n<meta property=\"og:url\" content=\"https:\/\/empow-her.com\/produit\/communiquer-avec-impact-storytelling-3\/\" \/>\n<meta property=\"og:site_name\" content=\"Empow&#039;Her\" \/>\n<meta property=\"article:modified_time\" content=\"2026-03-30T08:38:40+00:00\" \/>\n<meta property=\"og:image\" content=\"https:\/\/empow-her.com\/wp-content\/uploads\/2025\/10\/Coaching.png\" \/>\n\t<meta property=\"og:image:width\" content=\"1080\" \/>\n\t<meta property=\"og:image:height\" content=\"1080\" \/>\n\t<meta property=\"og:image:type\" content=\"image\/png\" \/>\n<meta name=\"twitter:card\" content=\"summary_large_image\" \/>\n<meta name=\"twitter:label1\" content=\"Tiempo de lectura\" \/>\n\t<meta name=\"twitter:data1\" content=\"1 minuto\" \/>\n<script type=\"application\/ld+json\" class=\"yoast-schema-graph\">{\"@context\":\"https:\/\/schema.org\",\"@graph\":[{\"@type\":\"WebPage\",\"@id\":\"https:\/\/empow-her.com\/produit\/communiquer-avec-impact-storytelling-3\/\",\"url\":\"https:\/\/empow-her.com\/produit\/communiquer-avec-impact-storytelling-3\/\",\"name\":\"Communiquer avec impact & storytelling - Empow&#039;Her\",\"isPartOf\":{\"@id\":\"https:\/\/empow-her.com\/#website\"},\"primaryImageOfPage\":{\"@id\":\"https:\/\/empow-her.com\/produit\/communiquer-avec-impact-storytelling-3\/#primaryimage\"},\"image\":{\"@id\":\"https:\/\/empow-her.com\/produit\/communiquer-avec-impact-storytelling-3\/#primaryimage\"},\"thumbnailUrl\":\"https:\/\/empow-her.com\/wp-content\/uploads\/2025\/10\/Coaching.png\",\"datePublished\":\"2025-11-24T08:30:00+00:00\",\"dateModified\":\"2026-03-30T08:38:40+00:00\",\"breadcrumb\":{\"@id\":\"https:\/\/empow-her.com\/produit\/communiquer-avec-impact-storytelling-3\/#breadcrumb\"},\"inLanguage\":\"es\",\"potentialAction\":[{\"@type\":\"ReadAction\",\"target\":[\"https:\/\/empow-her.com\/produit\/communiquer-avec-impact-storytelling-3\/\"]}]},{\"@type\":\"ImageObject\",\"inLanguage\":\"es\",\"@id\":\"https:\/\/empow-her.com\/produit\/communiquer-avec-impact-storytelling-3\/#primaryimage\",\"url\":\"https:\/\/empow-her.com\/wp-content\/uploads\/2025\/10\/Coaching.png\",\"contentUrl\":\"https:\/\/empow-her.com\/wp-content\/uploads\/2025\/10\/Coaching.png\",\"width\":1080,\"height\":1080},{\"@type\":\"BreadcrumbList\",\"@id\":\"https:\/\/empow-her.com\/produit\/communiquer-avec-impact-storytelling-3\/#breadcrumb\",\"itemListElement\":[{\"@type\":\"ListItem\",\"position\":1,\"name\":\"Accueil\",\"item\":\"https:\/\/empow-her.com\/es\/inicio\/\"},{\"@type\":\"ListItem\",\"position\":2,\"name\":\"LA BOUTIQUE\",\"item\":\"https:\/\/empow-her.com\/boutique\/\"},{\"@type\":\"ListItem\",\"position\":3,\"name\":\"Communiquer avec impact &#038; storytelling\"}]},{\"@type\":\"WebSite\",\"@id\":\"https:\/\/empow-her.com\/#website\",\"url\":\"https:\/\/empow-her.com\/\",\"name\":\"Empow&#039;Her\",\"description\":\"Women Development\",\"potentialAction\":[{\"@type\":\"SearchAction\",\"target\":{\"@type\":\"EntryPoint\",\"urlTemplate\":\"https:\/\/empow-her.com\/?s={search_term_string}\"},\"query-input\":{\"@type\":\"PropertyValueSpecification\",\"valueRequired\":true,\"valueName\":\"search_term_string\"}}],\"inLanguage\":\"es\"}]}<\/script>\n<!-- \/ Yoast SEO plugin. -->","yoast_head_json":{"title":"Communiquer avec impact & storytelling - Empow&#039;Her","robots":{"index":"index","follow":"follow","max-snippet":"max-snippet:-1","max-image-preview":"max-image-preview:large","max-video-preview":"max-video-preview:-1"},"canonical":"https:\/\/empow-her.com\/produit\/communiquer-avec-impact-storytelling-3\/","og_locale":"es_ES","og_type":"article","og_title":"Communiquer avec impact & storytelling - Empow&#039;Her","og_description":"Coaching - Affiner votre storytelling et votre \u00e9criture Une histoire bien racont\u00e9e capte l\u2019attention, marque les esprits et renforce l\u2019impact d\u2019un message. Ce coaching propose un travail concret et interactif pour structurer votre storytelling et fluidifier votre \u00e9criture. Ce que nous pouvons aborder : \u00a0Co-construire les piliers de votre storytelling : d\u00e9finir une narration forte et authentique pour donner du relief \u00e0 votre message. \u00a0Adopter de bonnes pratiques pour assouplir votre plume : d\u00e9couvrir des exercices et routines pour \u00e9crire avec plus d\u2019aisance et de naturel. \u00a0Am\u00e9liorer des textes existants : retravailler vos contenus pour les rendre plus percutants et engageants. \u00a0Optimiser un pitch deck avec un storytelling impactant : apporter plus de clart\u00e9, d\u2019\u00e9motion et de persuasion \u00e0 vos pr\u00e9sentations. Une heure pour clarifier votre message, affiner votre \u00e9criture et donner plus de puissance \u00e0 votre storytelling.","og_url":"https:\/\/empow-her.com\/produit\/communiquer-avec-impact-storytelling-3\/","og_site_name":"Empow&#039;Her","article_modified_time":"2026-03-30T08:38:40+00:00","og_image":[{"width":1080,"height":1080,"url":"https:\/\/empow-her.com\/wp-content\/uploads\/2025\/10\/Coaching.png","type":"image\/png"}],"twitter_card":"summary_large_image","twitter_misc":{"Tiempo de lectura":"1 minuto"},"schema":{"@context":"https:\/\/schema.org","@graph":[{"@type":"WebPage","@id":"https:\/\/empow-her.com\/produit\/communiquer-avec-impact-storytelling-3\/","url":"https:\/\/empow-her.com\/produit\/communiquer-avec-impact-storytelling-3\/","name":"Communiquer avec impact & storytelling - Empow&#039;Her","isPartOf":{"@id":"https:\/\/empow-her.com\/#website"},"primaryImageOfPage":{"@id":"https:\/\/empow-her.com\/produit\/communiquer-avec-impact-storytelling-3\/#primaryimage"},"image":{"@id":"https:\/\/empow-her.com\/produit\/communiquer-avec-impact-storytelling-3\/#primaryimage"},"thumbnailUrl":"https:\/\/empow-her.com\/wp-content\/uploads\/2025\/10\/Coaching.png","datePublished":"2025-11-24T08:30:00+00:00","dateModified":"2026-03-30T08:38:40+00:00","breadcrumb":{"@id":"https:\/\/empow-her.com\/produit\/communiquer-avec-impact-storytelling-3\/#breadcrumb"},"inLanguage":"es","potentialAction":[{"@type":"ReadAction","target":["https:\/\/empow-her.com\/produit\/communiquer-avec-impact-storytelling-3\/"]}]},{"@type":"ImageObject","inLanguage":"es","@id":"https:\/\/empow-her.com\/produit\/communiquer-avec-impact-storytelling-3\/#primaryimage","url":"https:\/\/empow-her.com\/wp-content\/uploads\/2025\/10\/Coaching.png","contentUrl":"https:\/\/empow-her.com\/wp-content\/uploads\/2025\/10\/Coaching.png","width":1080,"height":1080},{"@type":"BreadcrumbList","@id":"https:\/\/empow-her.com\/produit\/communiquer-avec-impact-storytelling-3\/#breadcrumb","itemListElement":[{"@type":"ListItem","position":1,"name":"Accueil","item":"https:\/\/empow-her.com\/es\/inicio\/"},{"@type":"ListItem","position":2,"name":"LA BOUTIQUE","item":"https:\/\/empow-her.com\/boutique\/"},{"@type":"ListItem","position":3,"name":"Communiquer avec impact &#038; storytelling"}]},{"@type":"WebSite","@id":"https:\/\/empow-her.com\/#website","url":"https:\/\/empow-her.com\/","name":"Empow&#039;Her","description":"Women Development","potentialAction":[{"@type":"SearchAction","target":{"@type":"EntryPoint","urlTemplate":"https:\/\/empow-her.com\/?s={search_term_string}"},"query-input":{"@type":"PropertyValueSpecification","valueRequired":true,"valueName":"search_term_string"}}],"inLanguage":"es"}]}},"_links":{"self":[{"href":"https:\/\/empow-her.com\/es\/wp-json\/wp\/v2\/product\/270450","targetHints":{"allow":["GET"]}}],"collection":[{"href":"https:\/\/empow-her.com\/es\/wp-json\/wp\/v2\/product"}],"about":[{"href":"https:\/\/empow-her.com\/es\/wp-json\/wp\/v2\/types\/product"}],"wp:featuredmedia":[{"embeddable":true,"href":"https:\/\/empow-her.com\/es\/wp-json\/wp\/v2\/media\/270000"}],"wp:attachment":[{"href":"https:\/\/empow-her.com\/es\/wp-json\/wp\/v2\/media?parent=270450"}],"wp:term":[{"taxonomy":"product_brand","embeddable":true,"href":"https:\/\/empow-her.com\/es\/wp-json\/wp\/v2\/product_brand?post=270450"},{"taxonomy":"product_cat","embeddable":true,"href":"https:\/\/empow-her.com\/es\/wp-json\/wp\/v2\/product_cat?post=270450"},{"taxonomy":"product_tag","embeddable":true,"href":"https:\/\/empow-her.com\/es\/wp-json\/wp\/v2\/product_tag?post=270450"},{"taxonomy":"lieu","embeddable":true,"href":"https:\/\/empow-her.com\/es\/wp-json\/wp\/v2\/lieu?post=270450"},{"taxonomy":"thematiques","embeddable":true,"href":"https:\/\/empow-her.com\/es\/wp-json\/wp\/v2\/thematiques?post=270450"}],"curies":[{"name":"wp","href":"https:\/\/api.w.org\/{rel}","templated":true}]}}