{"id":270434,"date":"2025-11-21T15:00:00","date_gmt":"2025-11-21T14:00:00","guid":{"rendered":"https:\/\/empow-her.com\/?post_type=product&#038;p=270434"},"modified":"2026-03-30T10:37:59","modified_gmt":"2026-03-30T08:37:59","slug":"juridique-expertise-droit-des-contrats-de-la-propriete-intellectuelle-des-donnees-personnelles-nouvelles-technologies-2","status":"publish","type":"product","link":"https:\/\/empow-her.com\/es\/produit\/juridique-expertise-droit-des-contrats-de-la-propriete-intellectuelle-des-donnees-personnelles-nouvelles-technologies-2\/","title":{"rendered":"Juridique &#8211; expertise: droit des contrats, de la propri\u00e9t\u00e9 intellectuelle, des donn\u00e9es personnelles, nouvelles technologies"},"content":{"rendered":"<p>Dans un monde o\u00f9 l\u2019innovation et la cr\u00e9ativit\u00e9 sont essentielles, il est crucial de bien comprendre vos droits de propri\u00e9t\u00e9 intellectuelle afin de prot\u00e9ger vos id\u00e9es et cr\u00e9ations. Ce coaching vous permettra d\u2019explorer les diff\u00e9rentes facettes de la propri\u00e9t\u00e9 intellectuelle et d\u2019apprendre les d\u00e9marches n\u00e9cessaires pour les pr\u00e9server efficacement.<\/p>\n<p><strong>Ce que nous pouvons aborder :<\/strong><\/p>\n<ul>\n\u00a0<\/p>\n<li><strong>Identifier les diff\u00e9rents droits de propri\u00e9t\u00e9 intellectuelle :<\/strong><br \/>\n\u00a0\u00a0<\/p>\n<ul>\n\u00a0\u00a0\u00a0<\/p>\n<li><strong>Droit d\u2019auteur :<\/strong> comprendre ce qu\u2019est le droit d\u2019auteur et comment prot\u00e9ger vos \u0153uvres cr\u00e9atives.<\/li>\n<p>\u00a0\u00a0\u00a0<\/p>\n<li><strong>Marques :<\/strong> d\u00e9finir ce qu\u2019est une marque et conna\u00eetre les bonnes pratiques \u00e0 adopter lors de son d\u00e9p\u00f4t pour garantir sa protection.<\/li>\n<p>\u00a0\u00a0\u00a0<\/p>\n<li><strong>Dessins et mod\u00e8les :<\/strong> appr\u00e9hender la notion de dessin ou mod\u00e8le et les d\u00e9marches pour les prot\u00e9ger.<\/li>\n<p>\u00a0\u00a0\u00a0<\/p>\n<li><strong>Brevet :<\/strong> explorer ce qu\u2019est un brevet et son importance dans la protection de vos inventions.<\/li>\n<p>\u00a0\u00a0<\/ul>\n<p>\u00a0<\/li>\n<p>\u00a0<\/p>\n<li><strong>Les r\u00e9flexes contractuels pour prot\u00e9ger votre propri\u00e9t\u00e9 intellectuelle :<\/strong> apprendre \u00e0 r\u00e9diger des contrats et \u00e0 utiliser des accords de confidentialit\u00e9 pour s\u00e9curiser vos id\u00e9es et cr\u00e9ations.<\/li>\n<p>\u00a0<\/p>\n<li><strong>Identifier les droits des tiers et les risques d\u2019exploitation sans droit :<\/strong> comprendre les implications juridiques d\u2019une utilisation non autoris\u00e9e et \u00e9viter les litiges li\u00e9s \u00e0 la propri\u00e9t\u00e9 intellectuelle.<\/li>\n<\/ul>\n<p>Une heure pour acqu\u00e9rir les connaissances n\u00e9cessaires \u00e0 la protection de votre propri\u00e9t\u00e9 intellectuelle et s\u00e9curiser vos projets.<\/p>\n","protected":false},"excerpt":{"rendered":"<p>Dans un monde o\u00f9 l\u2019innovation et la cr\u00e9ativit\u00e9 sont essentielles, il est crucial de bien comprendre vos droits de propri\u00e9t\u00e9 intellectuelle afin de prot\u00e9ger vos id\u00e9es et cr\u00e9ations. Ce coaching vous permettra d\u2019explorer les diff\u00e9rentes facettes de la propri\u00e9t\u00e9 intellectuelle et d\u2019apprendre les d\u00e9marches n\u00e9cessaires pour les pr\u00e9server efficacement.<\/p>\n<p><strong>Ce que nous pouvons aborder :<\/strong><\/p>\n<ul>\n\u00a0<\/p>\n<li><strong>Identifier les diff\u00e9rents droits de propri\u00e9t\u00e9 intellectuelle :<\/strong><br \/>\n\u00a0\u00a0<\/p>\n<ul>\n\u00a0\u00a0\u00a0<\/p>\n<li><strong>Droit d\u2019auteur :<\/strong> comprendre ce qu\u2019est le droit d\u2019auteur et comment prot\u00e9ger vos \u0153uvres cr\u00e9atives.<\/li>\n<p>\u00a0\u00a0\u00a0<\/p>\n<li><strong>Marques :<\/strong> d\u00e9finir ce qu\u2019est une marque et conna\u00eetre les bonnes pratiques \u00e0 adopter lors de son d\u00e9p\u00f4t pour garantir sa protection.<\/li>\n<p>\u00a0\u00a0\u00a0<\/p>\n<li><strong>Dessins et mod\u00e8les :<\/strong> appr\u00e9hender la notion de dessin ou mod\u00e8le et les d\u00e9marches pour les prot\u00e9ger.<\/li>\n<p>\u00a0\u00a0\u00a0<\/p>\n<li><strong>Brevet :<\/strong> explorer ce qu\u2019est un brevet et son importance dans la protection de vos inventions.<\/li>\n<p>\u00a0\u00a0<\/ul>\n<p>\u00a0<\/li>\n<p>\u00a0<\/p>\n<li><strong>Les r\u00e9flexes contractuels pour prot\u00e9ger votre propri\u00e9t\u00e9 intellectuelle :<\/strong> apprendre \u00e0 r\u00e9diger des contrats et \u00e0 utiliser des accords de confidentialit\u00e9 pour s\u00e9curiser vos id\u00e9es et cr\u00e9ations.<\/li>\n<p>\u00a0<\/p>\n<li><strong>Identifier les droits des tiers et les risques d\u2019exploitation sans droit :<\/strong> comprendre les implications juridiques d\u2019une utilisation non autoris\u00e9e et \u00e9viter les litiges li\u00e9s \u00e0 la propri\u00e9t\u00e9 intellectuelle.<\/li>\n<\/ul>\n<p>Une heure pour acqu\u00e9rir les connaissances n\u00e9cessaires \u00e0 la protection de votre propri\u00e9t\u00e9 intellectuelle et s\u00e9curiser vos projets.<\/p>\n","protected":false},"featured_media":270000,"template":"","format":"standard","meta":{"_acf_changed":false,"om_disable_all_campaigns":false,"_uf_show_specific_survey":0,"_uf_disable_surveys":false},"product_brand":[],"product_cat":[121],"product_tag":[143],"lieu":[125],"thematiques":[],"class_list":{"0":"post-270434","1":"product","2":"type-product","3":"status-publish","4":"format-standard","5":"has-post-thumbnail","7":"product_cat-coaching","8":"product_tag-en-ligne","9":"lieu-en-ligne","11":"first","12":"instock","13":"virtual","14":"purchasable","15":"product-type-appointment"},"exclude_global_add_ons":[],"addons":[],"acf":[],"yoast_head":"<!-- This site is optimized with the Yoast SEO plugin v24.8 - https:\/\/yoast.com\/wordpress\/plugins\/seo\/ -->\n<title>Juridique - expertise: droit des contrats, de la propri\u00e9t\u00e9 intellectuelle, des donn\u00e9es personnelles, nouvelles technologies - Empow&#039;Her<\/title>\n<meta name=\"robots\" content=\"index, follow, max-snippet:-1, max-image-preview:large, max-video-preview:-1\" \/>\n<link rel=\"canonical\" href=\"https:\/\/empow-her.com\/produit\/juridique-expertise-droit-des-contrats-de-la-propriete-intellectuelle-des-donnees-personnelles-nouvelles-technologies-2\/\" \/>\n<meta property=\"og:locale\" content=\"es_ES\" \/>\n<meta property=\"og:type\" content=\"article\" \/>\n<meta property=\"og:title\" content=\"Juridique - expertise: droit des contrats, de la propri\u00e9t\u00e9 intellectuelle, des donn\u00e9es personnelles, nouvelles technologies - Empow&#039;Her\" \/>\n<meta property=\"og:description\" content=\"Dans un monde o\u00f9 l\u2019innovation et la cr\u00e9ativit\u00e9 sont essentielles, il est crucial de bien comprendre vos droits de propri\u00e9t\u00e9 intellectuelle afin de prot\u00e9ger vos id\u00e9es et cr\u00e9ations. Ce coaching vous permettra d\u2019explorer les diff\u00e9rentes facettes de la propri\u00e9t\u00e9 intellectuelle et d\u2019apprendre les d\u00e9marches n\u00e9cessaires pour les pr\u00e9server efficacement. Ce que nous pouvons aborder :  \u00a0Identifier les diff\u00e9rents droits de propri\u00e9t\u00e9 intellectuelle : \u00a0\u00a0 \u00a0\u00a0\u00a0Droit d\u2019auteur : comprendre ce qu\u2019est le droit d\u2019auteur et comment prot\u00e9ger vos \u0153uvres cr\u00e9atives. \u00a0\u00a0\u00a0Marques : d\u00e9finir ce qu\u2019est une marque et conna\u00eetre les bonnes pratiques \u00e0 adopter lors de son d\u00e9p\u00f4t pour garantir sa protection. \u00a0\u00a0\u00a0Dessins et mod\u00e8les : appr\u00e9hender la notion de dessin ou mod\u00e8le et les d\u00e9marches pour les prot\u00e9ger. \u00a0\u00a0\u00a0Brevet : explorer ce qu\u2019est un brevet et son importance dans la protection de vos inventions. \u00a0\u00a0 \u00a0 \u00a0Les r\u00e9flexes contractuels pour prot\u00e9ger votre propri\u00e9t\u00e9 intellectuelle : apprendre \u00e0 r\u00e9diger des contrats et \u00e0 utiliser des accords de confidentialit\u00e9 pour s\u00e9curiser vos id\u00e9es et cr\u00e9ations. \u00a0Identifier les droits des tiers et les risques d\u2019exploitation sans droit : comprendre les implications juridiques d\u2019une utilisation non autoris\u00e9e et \u00e9viter les litiges li\u00e9s \u00e0 la propri\u00e9t\u00e9 intellectuelle.  Une heure pour acqu\u00e9rir les connaissances n\u00e9cessaires \u00e0 la protection de votre propri\u00e9t\u00e9 intellectuelle et s\u00e9curiser vos projets.\" \/>\n<meta property=\"og:url\" content=\"https:\/\/empow-her.com\/produit\/juridique-expertise-droit-des-contrats-de-la-propriete-intellectuelle-des-donnees-personnelles-nouvelles-technologies-2\/\" \/>\n<meta property=\"og:site_name\" content=\"Empow&#039;Her\" \/>\n<meta property=\"article:modified_time\" content=\"2026-03-30T08:37:59+00:00\" \/>\n<meta property=\"og:image\" content=\"https:\/\/empow-her.com\/wp-content\/uploads\/2025\/10\/Coaching.png\" \/>\n\t<meta property=\"og:image:width\" content=\"1080\" \/>\n\t<meta property=\"og:image:height\" content=\"1080\" \/>\n\t<meta property=\"og:image:type\" content=\"image\/png\" \/>\n<meta name=\"twitter:card\" content=\"summary_large_image\" \/>\n<meta name=\"twitter:label1\" content=\"Tiempo de lectura\" \/>\n\t<meta name=\"twitter:data1\" content=\"1 minuto\" \/>\n<script type=\"application\/ld+json\" class=\"yoast-schema-graph\">{\"@context\":\"https:\/\/schema.org\",\"@graph\":[{\"@type\":\"WebPage\",\"@id\":\"https:\/\/empow-her.com\/produit\/juridique-expertise-droit-des-contrats-de-la-propriete-intellectuelle-des-donnees-personnelles-nouvelles-technologies-2\/\",\"url\":\"https:\/\/empow-her.com\/produit\/juridique-expertise-droit-des-contrats-de-la-propriete-intellectuelle-des-donnees-personnelles-nouvelles-technologies-2\/\",\"name\":\"Juridique - expertise: droit des contrats, de la propri\u00e9t\u00e9 intellectuelle, des donn\u00e9es personnelles, nouvelles technologies - Empow&#039;Her\",\"isPartOf\":{\"@id\":\"https:\/\/empow-her.com\/#website\"},\"primaryImageOfPage\":{\"@id\":\"https:\/\/empow-her.com\/produit\/juridique-expertise-droit-des-contrats-de-la-propriete-intellectuelle-des-donnees-personnelles-nouvelles-technologies-2\/#primaryimage\"},\"image\":{\"@id\":\"https:\/\/empow-her.com\/produit\/juridique-expertise-droit-des-contrats-de-la-propriete-intellectuelle-des-donnees-personnelles-nouvelles-technologies-2\/#primaryimage\"},\"thumbnailUrl\":\"https:\/\/empow-her.com\/wp-content\/uploads\/2025\/10\/Coaching.png\",\"datePublished\":\"2025-11-21T14:00:00+00:00\",\"dateModified\":\"2026-03-30T08:37:59+00:00\",\"breadcrumb\":{\"@id\":\"https:\/\/empow-her.com\/produit\/juridique-expertise-droit-des-contrats-de-la-propriete-intellectuelle-des-donnees-personnelles-nouvelles-technologies-2\/#breadcrumb\"},\"inLanguage\":\"es\",\"potentialAction\":[{\"@type\":\"ReadAction\",\"target\":[\"https:\/\/empow-her.com\/produit\/juridique-expertise-droit-des-contrats-de-la-propriete-intellectuelle-des-donnees-personnelles-nouvelles-technologies-2\/\"]}]},{\"@type\":\"ImageObject\",\"inLanguage\":\"es\",\"@id\":\"https:\/\/empow-her.com\/produit\/juridique-expertise-droit-des-contrats-de-la-propriete-intellectuelle-des-donnees-personnelles-nouvelles-technologies-2\/#primaryimage\",\"url\":\"https:\/\/empow-her.com\/wp-content\/uploads\/2025\/10\/Coaching.png\",\"contentUrl\":\"https:\/\/empow-her.com\/wp-content\/uploads\/2025\/10\/Coaching.png\",\"width\":1080,\"height\":1080},{\"@type\":\"BreadcrumbList\",\"@id\":\"https:\/\/empow-her.com\/produit\/juridique-expertise-droit-des-contrats-de-la-propriete-intellectuelle-des-donnees-personnelles-nouvelles-technologies-2\/#breadcrumb\",\"itemListElement\":[{\"@type\":\"ListItem\",\"position\":1,\"name\":\"Accueil\",\"item\":\"https:\/\/empow-her.com\/es\/inicio\/\"},{\"@type\":\"ListItem\",\"position\":2,\"name\":\"LA BOUTIQUE\",\"item\":\"https:\/\/empow-her.com\/boutique\/\"},{\"@type\":\"ListItem\",\"position\":3,\"name\":\"Juridique &#8211; expertise: droit des contrats, de la propri\u00e9t\u00e9 intellectuelle, des donn\u00e9es personnelles, nouvelles technologies\"}]},{\"@type\":\"WebSite\",\"@id\":\"https:\/\/empow-her.com\/#website\",\"url\":\"https:\/\/empow-her.com\/\",\"name\":\"Empow&#039;Her\",\"description\":\"Women Development\",\"potentialAction\":[{\"@type\":\"SearchAction\",\"target\":{\"@type\":\"EntryPoint\",\"urlTemplate\":\"https:\/\/empow-her.com\/?s={search_term_string}\"},\"query-input\":{\"@type\":\"PropertyValueSpecification\",\"valueRequired\":true,\"valueName\":\"search_term_string\"}}],\"inLanguage\":\"es\"}]}<\/script>\n<!-- \/ Yoast SEO plugin. -->","yoast_head_json":{"title":"Juridique - expertise: droit des contrats, de la propri\u00e9t\u00e9 intellectuelle, des donn\u00e9es personnelles, nouvelles technologies - Empow&#039;Her","robots":{"index":"index","follow":"follow","max-snippet":"max-snippet:-1","max-image-preview":"max-image-preview:large","max-video-preview":"max-video-preview:-1"},"canonical":"https:\/\/empow-her.com\/produit\/juridique-expertise-droit-des-contrats-de-la-propriete-intellectuelle-des-donnees-personnelles-nouvelles-technologies-2\/","og_locale":"es_ES","og_type":"article","og_title":"Juridique - expertise: droit des contrats, de la propri\u00e9t\u00e9 intellectuelle, des donn\u00e9es personnelles, nouvelles technologies - Empow&#039;Her","og_description":"Dans un monde o\u00f9 l\u2019innovation et la cr\u00e9ativit\u00e9 sont essentielles, il est crucial de bien comprendre vos droits de propri\u00e9t\u00e9 intellectuelle afin de prot\u00e9ger vos id\u00e9es et cr\u00e9ations. Ce coaching vous permettra d\u2019explorer les diff\u00e9rentes facettes de la propri\u00e9t\u00e9 intellectuelle et d\u2019apprendre les d\u00e9marches n\u00e9cessaires pour les pr\u00e9server efficacement. Ce que nous pouvons aborder :  \u00a0Identifier les diff\u00e9rents droits de propri\u00e9t\u00e9 intellectuelle : \u00a0\u00a0 \u00a0\u00a0\u00a0Droit d\u2019auteur : comprendre ce qu\u2019est le droit d\u2019auteur et comment prot\u00e9ger vos \u0153uvres cr\u00e9atives. \u00a0\u00a0\u00a0Marques : d\u00e9finir ce qu\u2019est une marque et conna\u00eetre les bonnes pratiques \u00e0 adopter lors de son d\u00e9p\u00f4t pour garantir sa protection. \u00a0\u00a0\u00a0Dessins et mod\u00e8les : appr\u00e9hender la notion de dessin ou mod\u00e8le et les d\u00e9marches pour les prot\u00e9ger. \u00a0\u00a0\u00a0Brevet : explorer ce qu\u2019est un brevet et son importance dans la protection de vos inventions. \u00a0\u00a0 \u00a0 \u00a0Les r\u00e9flexes contractuels pour prot\u00e9ger votre propri\u00e9t\u00e9 intellectuelle : apprendre \u00e0 r\u00e9diger des contrats et \u00e0 utiliser des accords de confidentialit\u00e9 pour s\u00e9curiser vos id\u00e9es et cr\u00e9ations. \u00a0Identifier les droits des tiers et les risques d\u2019exploitation sans droit : comprendre les implications juridiques d\u2019une utilisation non autoris\u00e9e et \u00e9viter les litiges li\u00e9s \u00e0 la propri\u00e9t\u00e9 intellectuelle.  Une heure pour acqu\u00e9rir les connaissances n\u00e9cessaires \u00e0 la protection de votre propri\u00e9t\u00e9 intellectuelle et s\u00e9curiser vos projets.","og_url":"https:\/\/empow-her.com\/produit\/juridique-expertise-droit-des-contrats-de-la-propriete-intellectuelle-des-donnees-personnelles-nouvelles-technologies-2\/","og_site_name":"Empow&#039;Her","article_modified_time":"2026-03-30T08:37:59+00:00","og_image":[{"width":1080,"height":1080,"url":"https:\/\/empow-her.com\/wp-content\/uploads\/2025\/10\/Coaching.png","type":"image\/png"}],"twitter_card":"summary_large_image","twitter_misc":{"Tiempo de lectura":"1 minuto"},"schema":{"@context":"https:\/\/schema.org","@graph":[{"@type":"WebPage","@id":"https:\/\/empow-her.com\/produit\/juridique-expertise-droit-des-contrats-de-la-propriete-intellectuelle-des-donnees-personnelles-nouvelles-technologies-2\/","url":"https:\/\/empow-her.com\/produit\/juridique-expertise-droit-des-contrats-de-la-propriete-intellectuelle-des-donnees-personnelles-nouvelles-technologies-2\/","name":"Juridique - expertise: droit des contrats, de la propri\u00e9t\u00e9 intellectuelle, des donn\u00e9es personnelles, nouvelles technologies - Empow&#039;Her","isPartOf":{"@id":"https:\/\/empow-her.com\/#website"},"primaryImageOfPage":{"@id":"https:\/\/empow-her.com\/produit\/juridique-expertise-droit-des-contrats-de-la-propriete-intellectuelle-des-donnees-personnelles-nouvelles-technologies-2\/#primaryimage"},"image":{"@id":"https:\/\/empow-her.com\/produit\/juridique-expertise-droit-des-contrats-de-la-propriete-intellectuelle-des-donnees-personnelles-nouvelles-technologies-2\/#primaryimage"},"thumbnailUrl":"https:\/\/empow-her.com\/wp-content\/uploads\/2025\/10\/Coaching.png","datePublished":"2025-11-21T14:00:00+00:00","dateModified":"2026-03-30T08:37:59+00:00","breadcrumb":{"@id":"https:\/\/empow-her.com\/produit\/juridique-expertise-droit-des-contrats-de-la-propriete-intellectuelle-des-donnees-personnelles-nouvelles-technologies-2\/#breadcrumb"},"inLanguage":"es","potentialAction":[{"@type":"ReadAction","target":["https:\/\/empow-her.com\/produit\/juridique-expertise-droit-des-contrats-de-la-propriete-intellectuelle-des-donnees-personnelles-nouvelles-technologies-2\/"]}]},{"@type":"ImageObject","inLanguage":"es","@id":"https:\/\/empow-her.com\/produit\/juridique-expertise-droit-des-contrats-de-la-propriete-intellectuelle-des-donnees-personnelles-nouvelles-technologies-2\/#primaryimage","url":"https:\/\/empow-her.com\/wp-content\/uploads\/2025\/10\/Coaching.png","contentUrl":"https:\/\/empow-her.com\/wp-content\/uploads\/2025\/10\/Coaching.png","width":1080,"height":1080},{"@type":"BreadcrumbList","@id":"https:\/\/empow-her.com\/produit\/juridique-expertise-droit-des-contrats-de-la-propriete-intellectuelle-des-donnees-personnelles-nouvelles-technologies-2\/#breadcrumb","itemListElement":[{"@type":"ListItem","position":1,"name":"Accueil","item":"https:\/\/empow-her.com\/es\/inicio\/"},{"@type":"ListItem","position":2,"name":"LA BOUTIQUE","item":"https:\/\/empow-her.com\/boutique\/"},{"@type":"ListItem","position":3,"name":"Juridique &#8211; expertise: droit des contrats, de la propri\u00e9t\u00e9 intellectuelle, des donn\u00e9es personnelles, nouvelles technologies"}]},{"@type":"WebSite","@id":"https:\/\/empow-her.com\/#website","url":"https:\/\/empow-her.com\/","name":"Empow&#039;Her","description":"Women Development","potentialAction":[{"@type":"SearchAction","target":{"@type":"EntryPoint","urlTemplate":"https:\/\/empow-her.com\/?s={search_term_string}"},"query-input":{"@type":"PropertyValueSpecification","valueRequired":true,"valueName":"search_term_string"}}],"inLanguage":"es"}]}},"_links":{"self":[{"href":"https:\/\/empow-her.com\/es\/wp-json\/wp\/v2\/product\/270434","targetHints":{"allow":["GET"]}}],"collection":[{"href":"https:\/\/empow-her.com\/es\/wp-json\/wp\/v2\/product"}],"about":[{"href":"https:\/\/empow-her.com\/es\/wp-json\/wp\/v2\/types\/product"}],"wp:featuredmedia":[{"embeddable":true,"href":"https:\/\/empow-her.com\/es\/wp-json\/wp\/v2\/media\/270000"}],"wp:attachment":[{"href":"https:\/\/empow-her.com\/es\/wp-json\/wp\/v2\/media?parent=270434"}],"wp:term":[{"taxonomy":"product_brand","embeddable":true,"href":"https:\/\/empow-her.com\/es\/wp-json\/wp\/v2\/product_brand?post=270434"},{"taxonomy":"product_cat","embeddable":true,"href":"https:\/\/empow-her.com\/es\/wp-json\/wp\/v2\/product_cat?post=270434"},{"taxonomy":"product_tag","embeddable":true,"href":"https:\/\/empow-her.com\/es\/wp-json\/wp\/v2\/product_tag?post=270434"},{"taxonomy":"lieu","embeddable":true,"href":"https:\/\/empow-her.com\/es\/wp-json\/wp\/v2\/lieu?post=270434"},{"taxonomy":"thematiques","embeddable":true,"href":"https:\/\/empow-her.com\/es\/wp-json\/wp\/v2\/thematiques?post=270434"}],"curies":[{"name":"wp","href":"https:\/\/api.w.org\/{rel}","templated":true}]}}