{"id":270350,"date":"2025-11-25T10:00:00","date_gmt":"2025-11-25T09:00:00","guid":{"rendered":"https:\/\/empow-her.com\/?post_type=product&#038;p=270350"},"modified":"2025-11-12T12:09:25","modified_gmt":"2025-11-12T11:09:25","slug":"3-pas-vers-un-projet-plus-durable","status":"publish","type":"product","link":"https:\/\/empow-her.com\/es\/produit\/3-pas-vers-un-projet-plus-durable\/","title":{"rendered":"3 pas vers un projet plus durable"},"content":{"rendered":"<h3> 3 pas vers un projet plus durable <\/h3>\n<p> Tu as un projet entrepreneurial et tu veux qu\u2019il int\u00e8gre une <strong>d\u00e9marche plus responsable<\/strong> \u2014 m\u00eame s&#8217;il n\u2019est pas un projet \u00e0 impact \u00e0 la base ? Cet atelier est fait pour toi.<\/p>\n<p>En 3 \u00e9tapes, tu exploreras :<\/p>\n<ul>\n\u00a0<\/p>\n<li> \u00c0 quels <strong>Objectifs de D\u00e9veloppement Durable (ODD)<\/strong> ton projet peut contribuer<\/li>\n<p>\u00a0<\/p>\n<li> O\u00f9 tu en es aujourd\u2019hui en mati\u00e8re de <strong>durabilit\u00e9<\/strong><\/li>\n<p>\u00a0<\/p>\n<li> Comment avancer concr\u00e8tement \u00e0 ton rythme vers un <strong>mod\u00e8le plus respectueux de l\u2019environnement et de la soci\u00e9t\u00e9<\/strong><\/li>\n<\/ul>\n<p> Un moment d\u2019<strong>\u00e9change et de r\u00e9flexion<\/strong>, accessible, concret, et adapt\u00e9 \u00e0 tous les projets, quel que soit leur stade.<\/p>\n","protected":false},"excerpt":{"rendered":"<h3> 3 pas vers un projet plus durable <\/h3>\n<p> Tu as un projet entrepreneurial et tu veux qu\u2019il int\u00e8gre une <strong>d\u00e9marche plus responsable<\/strong> \u2014 m\u00eame s&#8217;il n\u2019est pas un projet \u00e0 impact \u00e0 la base ? Cet atelier est fait pour toi.<\/p>\n<p>En 3 \u00e9tapes, tu exploreras :<\/p>\n<ul>\n\u00a0<\/p>\n<li> \u00c0 quels <strong>Objectifs de D\u00e9veloppement Durable (ODD)<\/strong> ton projet peut contribuer<\/li>\n<p>\u00a0<\/p>\n<li> O\u00f9 tu en es aujourd\u2019hui en mati\u00e8re de <strong>durabilit\u00e9<\/strong><\/li>\n<p>\u00a0<\/p>\n<li> Comment avancer concr\u00e8tement \u00e0 ton rythme vers un <strong>mod\u00e8le plus respectueux de l\u2019environnement et de la soci\u00e9t\u00e9<\/strong><\/li>\n<\/ul>\n<p> Un moment d\u2019<strong>\u00e9change et de r\u00e9flexion<\/strong>, accessible, concret, et adapt\u00e9 \u00e0 tous les projets, quel que soit leur stade.<\/p>\n","protected":false},"featured_media":269994,"template":"","format":"standard","meta":{"_acf_changed":false,"om_disable_all_campaigns":false,"_uf_show_specific_survey":0,"_uf_disable_surveys":false},"product_brand":[],"product_cat":[118],"product_tag":[222],"lieu":[223],"thematiques":[],"class_list":{"0":"post-270350","1":"product","2":"type-product","3":"status-publish","4":"format-standard","5":"has-post-thumbnail","7":"product_cat-atelier-collectif","8":"product_tag-presentiel","9":"lieu-presentiel","11":"first","12":"instock","13":"virtual","14":"purchasable","15":"product-type-appointment"},"exclude_global_add_ons":[],"addons":[],"acf":[],"yoast_head":"<!-- This site is optimized with the Yoast SEO plugin v24.8 - https:\/\/yoast.com\/wordpress\/plugins\/seo\/ -->\n<title>3 pas vers un projet plus durable - Empow&#039;Her<\/title>\n<meta name=\"robots\" content=\"index, follow, max-snippet:-1, max-image-preview:large, max-video-preview:-1\" \/>\n<link rel=\"canonical\" href=\"https:\/\/empow-her.com\/produit\/3-pas-vers-un-projet-plus-durable\/\" \/>\n<meta property=\"og:locale\" content=\"es_ES\" \/>\n<meta property=\"og:type\" content=\"article\" \/>\n<meta property=\"og:title\" content=\"3 pas vers un projet plus durable - Empow&#039;Her\" \/>\n<meta property=\"og:description\" content=\"3 pas vers un projet plus durable  Tu as un projet entrepreneurial et tu veux qu\u2019il int\u00e8gre une d\u00e9marche plus responsable \u2014 m\u00eame s&#039;il n\u2019est pas un projet \u00e0 impact \u00e0 la base ? Cet atelier est fait pour toi. En 3 \u00e9tapes, tu exploreras : \u00a0 \u00c0 quels Objectifs de D\u00e9veloppement Durable (ODD) ton projet peut contribuer \u00a0 O\u00f9 tu en es aujourd\u2019hui en mati\u00e8re de durabilit\u00e9 \u00a0 Comment avancer concr\u00e8tement \u00e0 ton rythme vers un mod\u00e8le plus respectueux de l\u2019environnement et de la soci\u00e9t\u00e9  Un moment d\u2019\u00e9change et de r\u00e9flexion, accessible, concret, et adapt\u00e9 \u00e0 tous les projets, quel que soit leur stade.\" \/>\n<meta property=\"og:url\" content=\"https:\/\/empow-her.com\/produit\/3-pas-vers-un-projet-plus-durable\/\" \/>\n<meta property=\"og:site_name\" content=\"Empow&#039;Her\" \/>\n<meta property=\"og:image\" content=\"https:\/\/empow-her.com\/wp-content\/uploads\/2025\/10\/Atelier.png\" \/>\n\t<meta property=\"og:image:width\" content=\"1080\" \/>\n\t<meta property=\"og:image:height\" content=\"1080\" \/>\n\t<meta property=\"og:image:type\" content=\"image\/png\" \/>\n<meta name=\"twitter:card\" content=\"summary_large_image\" \/>\n<meta name=\"twitter:label1\" content=\"Tiempo de lectura\" \/>\n\t<meta name=\"twitter:data1\" content=\"1 minuto\" \/>\n<script type=\"application\/ld+json\" class=\"yoast-schema-graph\">{\"@context\":\"https:\/\/schema.org\",\"@graph\":[{\"@type\":\"WebPage\",\"@id\":\"https:\/\/empow-her.com\/produit\/3-pas-vers-un-projet-plus-durable\/\",\"url\":\"https:\/\/empow-her.com\/produit\/3-pas-vers-un-projet-plus-durable\/\",\"name\":\"3 pas vers un projet plus durable - Empow&#039;Her\",\"isPartOf\":{\"@id\":\"https:\/\/empow-her.com\/#website\"},\"primaryImageOfPage\":{\"@id\":\"https:\/\/empow-her.com\/produit\/3-pas-vers-un-projet-plus-durable\/#primaryimage\"},\"image\":{\"@id\":\"https:\/\/empow-her.com\/produit\/3-pas-vers-un-projet-plus-durable\/#primaryimage\"},\"thumbnailUrl\":\"https:\/\/empow-her.com\/wp-content\/uploads\/2025\/10\/Atelier.png\",\"datePublished\":\"2025-11-25T09:00:00+00:00\",\"breadcrumb\":{\"@id\":\"https:\/\/empow-her.com\/produit\/3-pas-vers-un-projet-plus-durable\/#breadcrumb\"},\"inLanguage\":\"es\",\"potentialAction\":[{\"@type\":\"ReadAction\",\"target\":[\"https:\/\/empow-her.com\/produit\/3-pas-vers-un-projet-plus-durable\/\"]}]},{\"@type\":\"ImageObject\",\"inLanguage\":\"es\",\"@id\":\"https:\/\/empow-her.com\/produit\/3-pas-vers-un-projet-plus-durable\/#primaryimage\",\"url\":\"https:\/\/empow-her.com\/wp-content\/uploads\/2025\/10\/Atelier.png\",\"contentUrl\":\"https:\/\/empow-her.com\/wp-content\/uploads\/2025\/10\/Atelier.png\",\"width\":1080,\"height\":1080},{\"@type\":\"BreadcrumbList\",\"@id\":\"https:\/\/empow-her.com\/produit\/3-pas-vers-un-projet-plus-durable\/#breadcrumb\",\"itemListElement\":[{\"@type\":\"ListItem\",\"position\":1,\"name\":\"Accueil\",\"item\":\"https:\/\/empow-her.com\/es\/inicio\/\"},{\"@type\":\"ListItem\",\"position\":2,\"name\":\"LA BOUTIQUE\",\"item\":\"https:\/\/empow-her.com\/boutique\/\"},{\"@type\":\"ListItem\",\"position\":3,\"name\":\"3 pas vers un projet plus durable\"}]},{\"@type\":\"WebSite\",\"@id\":\"https:\/\/empow-her.com\/#website\",\"url\":\"https:\/\/empow-her.com\/\",\"name\":\"Empow&#039;Her\",\"description\":\"Women Development\",\"potentialAction\":[{\"@type\":\"SearchAction\",\"target\":{\"@type\":\"EntryPoint\",\"urlTemplate\":\"https:\/\/empow-her.com\/?s={search_term_string}\"},\"query-input\":{\"@type\":\"PropertyValueSpecification\",\"valueRequired\":true,\"valueName\":\"search_term_string\"}}],\"inLanguage\":\"es\"}]}<\/script>\n<!-- \/ Yoast SEO plugin. -->","yoast_head_json":{"title":"3 pas vers un projet plus durable - Empow&#039;Her","robots":{"index":"index","follow":"follow","max-snippet":"max-snippet:-1","max-image-preview":"max-image-preview:large","max-video-preview":"max-video-preview:-1"},"canonical":"https:\/\/empow-her.com\/produit\/3-pas-vers-un-projet-plus-durable\/","og_locale":"es_ES","og_type":"article","og_title":"3 pas vers un projet plus durable - Empow&#039;Her","og_description":"3 pas vers un projet plus durable  Tu as un projet entrepreneurial et tu veux qu\u2019il int\u00e8gre une d\u00e9marche plus responsable \u2014 m\u00eame s'il n\u2019est pas un projet \u00e0 impact \u00e0 la base ? Cet atelier est fait pour toi. En 3 \u00e9tapes, tu exploreras : \u00a0 \u00c0 quels Objectifs de D\u00e9veloppement Durable (ODD) ton projet peut contribuer \u00a0 O\u00f9 tu en es aujourd\u2019hui en mati\u00e8re de durabilit\u00e9 \u00a0 Comment avancer concr\u00e8tement \u00e0 ton rythme vers un mod\u00e8le plus respectueux de l\u2019environnement et de la soci\u00e9t\u00e9  Un moment d\u2019\u00e9change et de r\u00e9flexion, accessible, concret, et adapt\u00e9 \u00e0 tous les projets, quel que soit leur stade.","og_url":"https:\/\/empow-her.com\/produit\/3-pas-vers-un-projet-plus-durable\/","og_site_name":"Empow&#039;Her","og_image":[{"width":1080,"height":1080,"url":"https:\/\/empow-her.com\/wp-content\/uploads\/2025\/10\/Atelier.png","type":"image\/png"}],"twitter_card":"summary_large_image","twitter_misc":{"Tiempo de lectura":"1 minuto"},"schema":{"@context":"https:\/\/schema.org","@graph":[{"@type":"WebPage","@id":"https:\/\/empow-her.com\/produit\/3-pas-vers-un-projet-plus-durable\/","url":"https:\/\/empow-her.com\/produit\/3-pas-vers-un-projet-plus-durable\/","name":"3 pas vers un projet plus durable - Empow&#039;Her","isPartOf":{"@id":"https:\/\/empow-her.com\/#website"},"primaryImageOfPage":{"@id":"https:\/\/empow-her.com\/produit\/3-pas-vers-un-projet-plus-durable\/#primaryimage"},"image":{"@id":"https:\/\/empow-her.com\/produit\/3-pas-vers-un-projet-plus-durable\/#primaryimage"},"thumbnailUrl":"https:\/\/empow-her.com\/wp-content\/uploads\/2025\/10\/Atelier.png","datePublished":"2025-11-25T09:00:00+00:00","breadcrumb":{"@id":"https:\/\/empow-her.com\/produit\/3-pas-vers-un-projet-plus-durable\/#breadcrumb"},"inLanguage":"es","potentialAction":[{"@type":"ReadAction","target":["https:\/\/empow-her.com\/produit\/3-pas-vers-un-projet-plus-durable\/"]}]},{"@type":"ImageObject","inLanguage":"es","@id":"https:\/\/empow-her.com\/produit\/3-pas-vers-un-projet-plus-durable\/#primaryimage","url":"https:\/\/empow-her.com\/wp-content\/uploads\/2025\/10\/Atelier.png","contentUrl":"https:\/\/empow-her.com\/wp-content\/uploads\/2025\/10\/Atelier.png","width":1080,"height":1080},{"@type":"BreadcrumbList","@id":"https:\/\/empow-her.com\/produit\/3-pas-vers-un-projet-plus-durable\/#breadcrumb","itemListElement":[{"@type":"ListItem","position":1,"name":"Accueil","item":"https:\/\/empow-her.com\/es\/inicio\/"},{"@type":"ListItem","position":2,"name":"LA BOUTIQUE","item":"https:\/\/empow-her.com\/boutique\/"},{"@type":"ListItem","position":3,"name":"3 pas vers un projet plus durable"}]},{"@type":"WebSite","@id":"https:\/\/empow-her.com\/#website","url":"https:\/\/empow-her.com\/","name":"Empow&#039;Her","description":"Women Development","potentialAction":[{"@type":"SearchAction","target":{"@type":"EntryPoint","urlTemplate":"https:\/\/empow-her.com\/?s={search_term_string}"},"query-input":{"@type":"PropertyValueSpecification","valueRequired":true,"valueName":"search_term_string"}}],"inLanguage":"es"}]}},"_links":{"self":[{"href":"https:\/\/empow-her.com\/es\/wp-json\/wp\/v2\/product\/270350","targetHints":{"allow":["GET"]}}],"collection":[{"href":"https:\/\/empow-her.com\/es\/wp-json\/wp\/v2\/product"}],"about":[{"href":"https:\/\/empow-her.com\/es\/wp-json\/wp\/v2\/types\/product"}],"wp:featuredmedia":[{"embeddable":true,"href":"https:\/\/empow-her.com\/es\/wp-json\/wp\/v2\/media\/269994"}],"wp:attachment":[{"href":"https:\/\/empow-her.com\/es\/wp-json\/wp\/v2\/media?parent=270350"}],"wp:term":[{"taxonomy":"product_brand","embeddable":true,"href":"https:\/\/empow-her.com\/es\/wp-json\/wp\/v2\/product_brand?post=270350"},{"taxonomy":"product_cat","embeddable":true,"href":"https:\/\/empow-her.com\/es\/wp-json\/wp\/v2\/product_cat?post=270350"},{"taxonomy":"product_tag","embeddable":true,"href":"https:\/\/empow-her.com\/es\/wp-json\/wp\/v2\/product_tag?post=270350"},{"taxonomy":"lieu","embeddable":true,"href":"https:\/\/empow-her.com\/es\/wp-json\/wp\/v2\/lieu?post=270350"},{"taxonomy":"thematiques","embeddable":true,"href":"https:\/\/empow-her.com\/es\/wp-json\/wp\/v2\/thematiques?post=270350"}],"curies":[{"name":"wp","href":"https:\/\/api.w.org\/{rel}","templated":true}]}}