{"id":270137,"date":"2025-10-08T16:57:51","date_gmt":"2025-10-08T14:57:51","guid":{"rendered":"https:\/\/empow-her.com\/?post_type=product&#038;p=270137"},"modified":"2025-10-21T10:43:12","modified_gmt":"2025-10-21T08:43:12","slug":"atelier-comprendre-son-etude-de-marche-definir-son-offre","status":"publish","type":"product","link":"https:\/\/empow-her.com\/es\/produit\/atelier-comprendre-son-etude-de-marche-definir-son-offre\/","title":{"rendered":"Atelier &#8211; Comprendre son \u00e9tude de march\u00e9 &#038; d\u00e9finir son offre"},"content":{"rendered":"<p><span data-sheets-root=\"1\"><strong> Atelier &#8211; Comprendre son \u00e9tude de march\u00e9 pour d\u00e9finir son offre<\/strong><\/span><\/p>\n<p>Une offre pertinente repose sur une connaissance approfondie de son march\u00e9. Ce coaching individuel vous guide dans l\u2019analyse de votre environnement, l\u2019identification de vos clients cibles et la compr\u00e9hension de vos concurrents. \u00c0 travers une approche structur\u00e9e et des outils concrets, vous repartirez avec une m\u00e9thodologie claire pour affiner votre proposition et renforcer votre positionnement.<\/p>\n<p>Ce que nous pourrons aborder<\/p>\n<p>D\u00e9finir les \u00e9l\u00e9ments cl\u00e9s d\u2019une \u00e9tude de march\u00e9<br \/>\nQuels sont les aspects essentiels \u00e0 analyser pour comprendre son march\u00e9 et structurer une strat\u00e9gie efficace ?<\/p>\n<p>Identifier son march\u00e9 cible et ses segments de client\u00e8le<br \/>\nComment bien cerner ses futurs utilisateurs, leurs besoins et attentes pour adapter son offre ?<\/p>\n<p>Analyser la concurrence et rep\u00e9rer les opportunit\u00e9s<br \/>\nComprendre les forces et faiblesses des acteurs en place pour se positionner de mani\u00e8re diff\u00e9renciante.<\/p>\n<p>Transformer les insights en une offre adapt\u00e9e et diff\u00e9renciante<br \/>\nUtiliser les enseignements du march\u00e9 pour ajuster et affiner son offre avec pertinence.<\/p>\n<p>Pr\u00e9-requis<\/p>\n<p>\u2714 Avoir une id\u00e9e de projet entrepreneurial, m\u00eame \u00e0 un stade pr\u00e9coce<br \/>\n\u2714 \u00catre pr\u00eat.e \u00e0 explorer et structurer son analyse de march\u00e9<\/p>\n<p>&nbsp;<\/p>\n<p><strong>Intervenante :\u00a0<\/strong><\/p>\n<p>Faustine Caron : &#8220;Faustine est la fondatrice et pr\u00e9sidente de NOUR. Cr\u00e9\u00e9 en 2019, cette association oeuvre pour l&#8217;inclusion sociale \u00e0 travers le yoga, en particulier des personnes en situation de vuln\u00e9rabilit\u00e9 (exil\u00e9.es, pr\u00e9caires, femmes victimes de violence, les seniors isol\u00e9s, personnes en situation de handicap, etc.). Elle a \u00e9t\u00e9 incub\u00e9e chez Makesense, Pulse et le R\u00e9seau Entreprendre.<br \/>\nAujourd\u2019hui, Directrice France chez SINGA, Tr\u00e9sori\u00e8re du collectif Work With Refugees et membre du Mouvement Impact France, elle accompagne des entrepreneurs issus de pays fragiles et donne aussi des cours \u00e0 Centrale Supelec, AgroParisTech et ESTIA Angers \/ Tanger.<br \/>\nElle aime penser des projets au service des utilisateurices avec une volont\u00e9 profonde de lutter contre l&#8217;exclusion.&#8221;<\/p>\n<p>Votre super pouvoir : Je sais me brosser les dents et mettre mes chaussures en m\u00eame temps D\u00e9j\u00e0 bravo d&#8217;\u00eatre l\u00e0, de vous lancer dans cette d\u00e9marche et de prendre le temps d&#8217;\u00eatre accompagn\u00e9e ! C&#8217;est tr\u00e8s pr\u00e9cieux. J&#8217;ai h\u00e2te de vous rencontrer, d\u00e9couvrir vos projets et vous aider \u00e0 construire une bonne communication \ud83d\ude42 Reine de l&#8217;orga pour des entreprises efficientes<\/p>\n<p>Son petit mot : Le meilleur conseil qu&#8217;on m&#8217;ait donn\u00e9 dans l&#8217;entreprenariat c&#8217;est &#8220;\u00e9choue vite&#8221;, au sens, &#8220;d\u00e9veloppe vite, teste vite, crash vite&#8221; pour apprendre le plus t\u00f4t possible de tes erreurs et donner toutes les chances \u00e0 ta boite de r\u00e9ussir !<\/p>\n<p>\u26a0\ufe0f Merci d\u2019arriver \u00e0 l\u2019heure pour ne pas perturber le d\u00e9marrage de l\u2019atelier. En cas de retard sup\u00e9rieur \u00e0 15 minutes, l\u2019intervenant\u00b7e pourra refuser l\u2019acc\u00e8s \u00e0 la session.<\/p>\n<p>\u23f0 Important<br \/>\nMerci d\u2019arriver \u00e0 l\u2019heure afin de ne pas perturber la dynamique collective. En cas de retard, merci de pr\u00e9venir l\u2019intervenant\u00b7e. Au-del\u00e0 de 15 minutes, l\u2019intervenant\u00b7e se r\u00e9serve le droit de ne plus vous accepter pour l\u2019atelier.&#8221;<\/p>\n","protected":false},"excerpt":{"rendered":"<p><span data-sheets-root=\"1\"> Atelier &#8211; Comprendre son \u00e9tude de march\u00e9 pour d\u00e9finir son offre<\/span><\/p>\n<p>Une offre pertinente repose sur une connaissance approfondie de son march\u00e9. Ce coaching individuel vous guide dans l\u2019analyse de votre environnement, l\u2019identification de vos clients cibles et la compr\u00e9hension de vos concurrents. \u00c0 travers une approche structur\u00e9e et des outils concrets, vous repartirez avec une m\u00e9thodologie claire pour affiner votre proposition et renforcer votre positionnement.<\/p>\n<p>Ce que nous pourrons aborder<\/p>\n<p>D\u00e9finir les \u00e9l\u00e9ments cl\u00e9s d\u2019une \u00e9tude de march\u00e9<br \/>\nQuels sont les aspects essentiels \u00e0 analyser pour comprendre son march\u00e9 et structurer une strat\u00e9gie efficace ?<\/p>\n<p>Identifier son march\u00e9 cible et ses segments de client\u00e8le<br \/>\nComment bien cerner ses futurs utilisateurs, leurs besoins et attentes pour adapter son offre ?<\/p>\n<p>Analyser la concurrence et rep\u00e9rer les opportunit\u00e9s<br \/>\nComprendre les forces et faiblesses des acteurs en place pour se positionner de mani\u00e8re diff\u00e9renciante.<\/p>\n<p>Transformer les insights en une offre adapt\u00e9e et diff\u00e9renciante<br \/>\nUtiliser les enseignements du march\u00e9 pour ajuster et affiner son offre avec pertinence.<\/p>\n<p>Pr\u00e9-requis<\/p>\n<p>\u2714 Avoir une id\u00e9e de projet entrepreneurial, m\u00eame \u00e0 un stade pr\u00e9coce<br \/>\n\u2714 \u00catre pr\u00eat.e \u00e0 explorer et structurer son analyse de march\u00e9<\/p>\n<p>&nbsp;<\/p>\n<p>\u26a0\ufe0f Merci d\u2019arriver \u00e0 l\u2019heure pour ne pas perturber le d\u00e9marrage de l\u2019atelier. En cas de retard sup\u00e9rieur \u00e0 15 minutes, l\u2019intervenant\u00b7e pourra refuser l\u2019acc\u00e8s \u00e0 la session.<\/p>\n<p>\u23f0 Important<br \/>\nMerci d\u2019arriver \u00e0 l\u2019heure afin de ne pas perturber la dynamique collective. En cas de retard, merci de pr\u00e9venir l\u2019intervenant\u00b7e. Au-del\u00e0 de 15 minutes, l\u2019intervenant\u00b7e se r\u00e9serve le droit de ne plus vous accepter pour l\u2019atelier.&#8221;<\/p>\n","protected":false},"featured_media":269992,"template":"","format":"standard","meta":{"_acf_changed":false,"om_disable_all_campaigns":false,"_uf_show_specific_survey":0,"_uf_disable_surveys":false},"product_brand":[],"product_cat":[118],"product_tag":[],"lieu":[219],"thematiques":[],"class_list":{"0":"post-270137","1":"product","2":"type-product","3":"status-publish","4":"format-standard","5":"has-post-thumbnail","7":"product_cat-atelier-collectif","8":"lieu-wikivillage","10":"first","11":"instock","12":"virtual","13":"purchasable","14":"product-type-appointment"},"exclude_global_add_ons":[],"addons":[],"acf":[],"yoast_head":"<!-- This site is optimized with the Yoast SEO plugin v24.8 - https:\/\/yoast.com\/wordpress\/plugins\/seo\/ -->\n<title>Atelier - Comprendre son \u00e9tude de march\u00e9 &amp; d\u00e9finir son offre - Empow&#039;Her<\/title>\n<meta name=\"robots\" content=\"index, follow, max-snippet:-1, max-image-preview:large, max-video-preview:-1\" \/>\n<link rel=\"canonical\" href=\"https:\/\/empow-her.com\/produit\/atelier-comprendre-son-etude-de-marche-definir-son-offre\/\" \/>\n<meta property=\"og:locale\" content=\"es_ES\" \/>\n<meta property=\"og:type\" content=\"article\" \/>\n<meta property=\"og:title\" content=\"Atelier - Comprendre son \u00e9tude de march\u00e9 &amp; d\u00e9finir son offre - Empow&#039;Her\" \/>\n<meta property=\"og:description\" content=\"Atelier - Comprendre son \u00e9tude de march\u00e9 pour d\u00e9finir son offre  Une offre pertinente repose sur une connaissance approfondie de son march\u00e9. Ce coaching individuel vous guide dans l\u2019analyse de votre environnement, l\u2019identification de vos clients cibles et la compr\u00e9hension de vos concurrents. \u00c0 travers une approche structur\u00e9e et des outils concrets, vous repartirez avec une m\u00e9thodologie claire pour affiner votre proposition et renforcer votre positionnement.  Ce que nous pourrons aborder  D\u00e9finir les \u00e9l\u00e9ments cl\u00e9s d\u2019une \u00e9tude de march\u00e9 Quels sont les aspects essentiels \u00e0 analyser pour comprendre son march\u00e9 et structurer une strat\u00e9gie efficace ?  Identifier son march\u00e9 cible et ses segments de client\u00e8le Comment bien cerner ses futurs utilisateurs, leurs besoins et attentes pour adapter son offre ?  Analyser la concurrence et rep\u00e9rer les opportunit\u00e9s Comprendre les forces et faiblesses des acteurs en place pour se positionner de mani\u00e8re diff\u00e9renciante.  Transformer les insights en une offre adapt\u00e9e et diff\u00e9renciante Utiliser les enseignements du march\u00e9 pour ajuster et affiner son offre avec pertinence.  Pr\u00e9-requis  \u2714 Avoir une id\u00e9e de projet entrepreneurial, m\u00eame \u00e0 un stade pr\u00e9coce \u2714 \u00catre pr\u00eat.e \u00e0 explorer et structurer son analyse de march\u00e9  &nbsp;  \u26a0\ufe0f Merci d\u2019arriver \u00e0 l\u2019heure pour ne pas perturber le d\u00e9marrage de l\u2019atelier. En cas de retard sup\u00e9rieur \u00e0 15 minutes, l\u2019intervenant\u00b7e pourra refuser l\u2019acc\u00e8s \u00e0 la session.  \u23f0 Important Merci d\u2019arriver \u00e0 l\u2019heure afin de ne pas perturber la dynamique collective. En cas de retard, merci de pr\u00e9venir l\u2019intervenant\u00b7e. Au-del\u00e0 de 15 minutes, l\u2019intervenant\u00b7e se r\u00e9serve le droit de ne plus vous accepter pour l\u2019atelier.&quot;\" \/>\n<meta property=\"og:url\" content=\"https:\/\/empow-her.com\/produit\/atelier-comprendre-son-etude-de-marche-definir-son-offre\/\" \/>\n<meta property=\"og:site_name\" content=\"Empow&#039;Her\" \/>\n<meta property=\"article:modified_time\" content=\"2025-10-21T08:43:12+00:00\" \/>\n<meta property=\"og:image\" content=\"https:\/\/empow-her.com\/wp-content\/uploads\/2025\/10\/Atelier.png\" \/>\n\t<meta property=\"og:image:width\" content=\"1080\" \/>\n\t<meta property=\"og:image:height\" content=\"1080\" \/>\n\t<meta property=\"og:image:type\" content=\"image\/png\" \/>\n<meta name=\"twitter:card\" content=\"summary_large_image\" \/>\n<meta name=\"twitter:label1\" content=\"Tiempo de lectura\" \/>\n\t<meta name=\"twitter:data1\" content=\"3 minutos\" \/>\n<script type=\"application\/ld+json\" class=\"yoast-schema-graph\">{\"@context\":\"https:\/\/schema.org\",\"@graph\":[{\"@type\":\"WebPage\",\"@id\":\"https:\/\/empow-her.com\/produit\/atelier-comprendre-son-etude-de-marche-definir-son-offre\/\",\"url\":\"https:\/\/empow-her.com\/produit\/atelier-comprendre-son-etude-de-marche-definir-son-offre\/\",\"name\":\"Atelier - Comprendre son \u00e9tude de march\u00e9 & d\u00e9finir son offre - Empow&#039;Her\",\"isPartOf\":{\"@id\":\"https:\/\/empow-her.com\/#website\"},\"primaryImageOfPage\":{\"@id\":\"https:\/\/empow-her.com\/produit\/atelier-comprendre-son-etude-de-marche-definir-son-offre\/#primaryimage\"},\"image\":{\"@id\":\"https:\/\/empow-her.com\/produit\/atelier-comprendre-son-etude-de-marche-definir-son-offre\/#primaryimage\"},\"thumbnailUrl\":\"https:\/\/empow-her.com\/wp-content\/uploads\/2025\/10\/Atelier.png\",\"datePublished\":\"2025-10-08T14:57:51+00:00\",\"dateModified\":\"2025-10-21T08:43:12+00:00\",\"breadcrumb\":{\"@id\":\"https:\/\/empow-her.com\/produit\/atelier-comprendre-son-etude-de-marche-definir-son-offre\/#breadcrumb\"},\"inLanguage\":\"es\",\"potentialAction\":[{\"@type\":\"ReadAction\",\"target\":[\"https:\/\/empow-her.com\/produit\/atelier-comprendre-son-etude-de-marche-definir-son-offre\/\"]}]},{\"@type\":\"ImageObject\",\"inLanguage\":\"es\",\"@id\":\"https:\/\/empow-her.com\/produit\/atelier-comprendre-son-etude-de-marche-definir-son-offre\/#primaryimage\",\"url\":\"https:\/\/empow-her.com\/wp-content\/uploads\/2025\/10\/Atelier.png\",\"contentUrl\":\"https:\/\/empow-her.com\/wp-content\/uploads\/2025\/10\/Atelier.png\",\"width\":1080,\"height\":1080},{\"@type\":\"BreadcrumbList\",\"@id\":\"https:\/\/empow-her.com\/produit\/atelier-comprendre-son-etude-de-marche-definir-son-offre\/#breadcrumb\",\"itemListElement\":[{\"@type\":\"ListItem\",\"position\":1,\"name\":\"Accueil\",\"item\":\"https:\/\/empow-her.com\/es\/inicio\/\"},{\"@type\":\"ListItem\",\"position\":2,\"name\":\"LA BOUTIQUE\",\"item\":\"https:\/\/empow-her.com\/boutique\/\"},{\"@type\":\"ListItem\",\"position\":3,\"name\":\"Atelier &#8211; Comprendre son \u00e9tude de march\u00e9 &#038; d\u00e9finir son offre\"}]},{\"@type\":\"WebSite\",\"@id\":\"https:\/\/empow-her.com\/#website\",\"url\":\"https:\/\/empow-her.com\/\",\"name\":\"Empow&#039;Her\",\"description\":\"Women Development\",\"potentialAction\":[{\"@type\":\"SearchAction\",\"target\":{\"@type\":\"EntryPoint\",\"urlTemplate\":\"https:\/\/empow-her.com\/?s={search_term_string}\"},\"query-input\":{\"@type\":\"PropertyValueSpecification\",\"valueRequired\":true,\"valueName\":\"search_term_string\"}}],\"inLanguage\":\"es\"}]}<\/script>\n<!-- \/ Yoast SEO plugin. -->","yoast_head_json":{"title":"Atelier - Comprendre son \u00e9tude de march\u00e9 & d\u00e9finir son offre - Empow&#039;Her","robots":{"index":"index","follow":"follow","max-snippet":"max-snippet:-1","max-image-preview":"max-image-preview:large","max-video-preview":"max-video-preview:-1"},"canonical":"https:\/\/empow-her.com\/produit\/atelier-comprendre-son-etude-de-marche-definir-son-offre\/","og_locale":"es_ES","og_type":"article","og_title":"Atelier - Comprendre son \u00e9tude de march\u00e9 & d\u00e9finir son offre - Empow&#039;Her","og_description":"Atelier - Comprendre son \u00e9tude de march\u00e9 pour d\u00e9finir son offre  Une offre pertinente repose sur une connaissance approfondie de son march\u00e9. Ce coaching individuel vous guide dans l\u2019analyse de votre environnement, l\u2019identification de vos clients cibles et la compr\u00e9hension de vos concurrents. \u00c0 travers une approche structur\u00e9e et des outils concrets, vous repartirez avec une m\u00e9thodologie claire pour affiner votre proposition et renforcer votre positionnement.  Ce que nous pourrons aborder  D\u00e9finir les \u00e9l\u00e9ments cl\u00e9s d\u2019une \u00e9tude de march\u00e9 Quels sont les aspects essentiels \u00e0 analyser pour comprendre son march\u00e9 et structurer une strat\u00e9gie efficace ?  Identifier son march\u00e9 cible et ses segments de client\u00e8le Comment bien cerner ses futurs utilisateurs, leurs besoins et attentes pour adapter son offre ?  Analyser la concurrence et rep\u00e9rer les opportunit\u00e9s Comprendre les forces et faiblesses des acteurs en place pour se positionner de mani\u00e8re diff\u00e9renciante.  Transformer les insights en une offre adapt\u00e9e et diff\u00e9renciante Utiliser les enseignements du march\u00e9 pour ajuster et affiner son offre avec pertinence.  Pr\u00e9-requis  \u2714 Avoir une id\u00e9e de projet entrepreneurial, m\u00eame \u00e0 un stade pr\u00e9coce \u2714 \u00catre pr\u00eat.e \u00e0 explorer et structurer son analyse de march\u00e9  &nbsp;  \u26a0\ufe0f Merci d\u2019arriver \u00e0 l\u2019heure pour ne pas perturber le d\u00e9marrage de l\u2019atelier. En cas de retard sup\u00e9rieur \u00e0 15 minutes, l\u2019intervenant\u00b7e pourra refuser l\u2019acc\u00e8s \u00e0 la session.  \u23f0 Important Merci d\u2019arriver \u00e0 l\u2019heure afin de ne pas perturber la dynamique collective. En cas de retard, merci de pr\u00e9venir l\u2019intervenant\u00b7e. Au-del\u00e0 de 15 minutes, l\u2019intervenant\u00b7e se r\u00e9serve le droit de ne plus vous accepter pour l\u2019atelier.\"","og_url":"https:\/\/empow-her.com\/produit\/atelier-comprendre-son-etude-de-marche-definir-son-offre\/","og_site_name":"Empow&#039;Her","article_modified_time":"2025-10-21T08:43:12+00:00","og_image":[{"width":1080,"height":1080,"url":"https:\/\/empow-her.com\/wp-content\/uploads\/2025\/10\/Atelier.png","type":"image\/png"}],"twitter_card":"summary_large_image","twitter_misc":{"Tiempo de lectura":"3 minutos"},"schema":{"@context":"https:\/\/schema.org","@graph":[{"@type":"WebPage","@id":"https:\/\/empow-her.com\/produit\/atelier-comprendre-son-etude-de-marche-definir-son-offre\/","url":"https:\/\/empow-her.com\/produit\/atelier-comprendre-son-etude-de-marche-definir-son-offre\/","name":"Atelier - Comprendre son \u00e9tude de march\u00e9 & d\u00e9finir son offre - Empow&#039;Her","isPartOf":{"@id":"https:\/\/empow-her.com\/#website"},"primaryImageOfPage":{"@id":"https:\/\/empow-her.com\/produit\/atelier-comprendre-son-etude-de-marche-definir-son-offre\/#primaryimage"},"image":{"@id":"https:\/\/empow-her.com\/produit\/atelier-comprendre-son-etude-de-marche-definir-son-offre\/#primaryimage"},"thumbnailUrl":"https:\/\/empow-her.com\/wp-content\/uploads\/2025\/10\/Atelier.png","datePublished":"2025-10-08T14:57:51+00:00","dateModified":"2025-10-21T08:43:12+00:00","breadcrumb":{"@id":"https:\/\/empow-her.com\/produit\/atelier-comprendre-son-etude-de-marche-definir-son-offre\/#breadcrumb"},"inLanguage":"es","potentialAction":[{"@type":"ReadAction","target":["https:\/\/empow-her.com\/produit\/atelier-comprendre-son-etude-de-marche-definir-son-offre\/"]}]},{"@type":"ImageObject","inLanguage":"es","@id":"https:\/\/empow-her.com\/produit\/atelier-comprendre-son-etude-de-marche-definir-son-offre\/#primaryimage","url":"https:\/\/empow-her.com\/wp-content\/uploads\/2025\/10\/Atelier.png","contentUrl":"https:\/\/empow-her.com\/wp-content\/uploads\/2025\/10\/Atelier.png","width":1080,"height":1080},{"@type":"BreadcrumbList","@id":"https:\/\/empow-her.com\/produit\/atelier-comprendre-son-etude-de-marche-definir-son-offre\/#breadcrumb","itemListElement":[{"@type":"ListItem","position":1,"name":"Accueil","item":"https:\/\/empow-her.com\/es\/inicio\/"},{"@type":"ListItem","position":2,"name":"LA BOUTIQUE","item":"https:\/\/empow-her.com\/boutique\/"},{"@type":"ListItem","position":3,"name":"Atelier &#8211; Comprendre son \u00e9tude de march\u00e9 &#038; d\u00e9finir son offre"}]},{"@type":"WebSite","@id":"https:\/\/empow-her.com\/#website","url":"https:\/\/empow-her.com\/","name":"Empow&#039;Her","description":"Women Development","potentialAction":[{"@type":"SearchAction","target":{"@type":"EntryPoint","urlTemplate":"https:\/\/empow-her.com\/?s={search_term_string}"},"query-input":{"@type":"PropertyValueSpecification","valueRequired":true,"valueName":"search_term_string"}}],"inLanguage":"es"}]}},"_links":{"self":[{"href":"https:\/\/empow-her.com\/es\/wp-json\/wp\/v2\/product\/270137","targetHints":{"allow":["GET"]}}],"collection":[{"href":"https:\/\/empow-her.com\/es\/wp-json\/wp\/v2\/product"}],"about":[{"href":"https:\/\/empow-her.com\/es\/wp-json\/wp\/v2\/types\/product"}],"wp:featuredmedia":[{"embeddable":true,"href":"https:\/\/empow-her.com\/es\/wp-json\/wp\/v2\/media\/269992"}],"wp:attachment":[{"href":"https:\/\/empow-her.com\/es\/wp-json\/wp\/v2\/media?parent=270137"}],"wp:term":[{"taxonomy":"product_brand","embeddable":true,"href":"https:\/\/empow-her.com\/es\/wp-json\/wp\/v2\/product_brand?post=270137"},{"taxonomy":"product_cat","embeddable":true,"href":"https:\/\/empow-her.com\/es\/wp-json\/wp\/v2\/product_cat?post=270137"},{"taxonomy":"product_tag","embeddable":true,"href":"https:\/\/empow-her.com\/es\/wp-json\/wp\/v2\/product_tag?post=270137"},{"taxonomy":"lieu","embeddable":true,"href":"https:\/\/empow-her.com\/es\/wp-json\/wp\/v2\/lieu?post=270137"},{"taxonomy":"thematiques","embeddable":true,"href":"https:\/\/empow-her.com\/es\/wp-json\/wp\/v2\/thematiques?post=270137"}],"curies":[{"name":"wp","href":"https:\/\/api.w.org\/{rel}","templated":true}]}}