{"id":270131,"date":"2025-10-08T16:26:17","date_gmt":"2025-10-08T14:26:17","guid":{"rendered":"https:\/\/empow-her.com\/?post_type=product&#038;p=270131"},"modified":"2025-10-08T16:44:05","modified_gmt":"2025-10-08T14:44:05","slug":"atelier-techniques-de-storytelling-copywriting","status":"publish","type":"product","link":"https:\/\/empow-her.com\/es\/produit\/atelier-techniques-de-storytelling-copywriting\/","title":{"rendered":"Atelier : Techniques de storytelling &#038; copywriting"},"content":{"rendered":"<p><strong>Atelier : Techniques de storytelling &amp; copywriting<\/strong><\/p>\n<p>Comment utiliser la magie du storytelling pour capter l&#8217;attention de ton audience et devenir une marque m\u00e9morable ? Cet atelier t&#8217;apportera les outils et techniques pour cr\u00e9er une histoire de marque impactante et utiliser le copywriting afin de renforcer ta strat\u00e9gie de communication.<\/p>\n<p> Ce que nous pourrons aborder :<\/p>\n<p> D\u00e9couverte des fondamentaux du storytelling<br \/>\nComprendre les bases du storytelling et comment l&#8217;appliquer pour captiver ton audience. Apprends \u00e0 structurer une histoire qui touche et engage.<\/p>\n<p> Trouver le bon angle de ton histoire<br \/>\nChaque marque a une histoire unique \u00e0 raconter. Nous travaillerons ensemble pour d\u00e9couvrir l&#8217;angle qui te permettra de te diff\u00e9rencier et de cr\u00e9er un lien fort avec ton public.<\/p>\n<p> Cr\u00e9er une ADN puissante<br \/>\nNous d\u00e9finirons ensemble la famille d\u2019\u00e9motions de ta marque, ses objectifs et les valeurs qui la font vibrer pour construire une histoire authentique.<\/p>\n<p> Bien structurer son histoire \u00e0 partir d\u2019un mod\u00e8le type<br \/>\nApprends \u00e0 structurer ton r\u00e9cit de mani\u00e8re fluide et captivante, en suivant un mod\u00e8le \u00e9prouv\u00e9 pour garder l&#8217;attention de ton audience du d\u00e9but \u00e0 la fin.<\/p>\n<p> Int\u00e9grer des techniques de copywriting efficaces<br \/>\nLe copywriting est l&#8217;art de convaincre par les mots. Nous explorerons des techniques pour r\u00e9diger des messages qui engagent et g\u00e9n\u00e8rent des conversions.<\/p>\n<p> <strong>Objectif<\/strong> : Cr\u00e9er une histoire de marque m\u00e9morable et la communiquer de mani\u00e8re percutante !&#8221;<\/p>\n<p><strong>Intervenant.e :<\/strong><\/p>\n<p class=\"truncate line-height-3 text-size-large\"><strong>Laureline Dargery :\u00a0<\/strong> Depuis plus de 10 ans je navigue dans le secteur cr\u00e9atif en tant qu&#8217;\u00e9ditrice, agente d&#8217;artistes, experte m\u00e9dia et storyteller en France, au Vietnam et au Canada. Il y a 2 ans, j&#8217;ai lanc\u00e9 mon entreprise pour allier mes comp\u00e9tences en storytelling \u00e0 mes engagements sociaux et environnementaux en accompagnant des ONG et structures \u00e0 impact dans leur mise en r\u00e9cit, leur strat\u00e9gie d&#8217;image et ainsi renforcer leur mise en lumi\u00e8re. En parall\u00e8le, je fais des recherches sur les nouveaux r\u00e9cits et j&#8217;ai cr\u00e9\u00e9 Mirage, le premier podcast d&#8217;enqu\u00eates sur le sujet.<\/p>\n<p><strong>Son petit mot : <\/strong>L&#8217;entrepreneuriat n&#8217;est pas n\u00e9cessairement solitaire, au contraire ! Entourez-vous en rejoignant des collectifs, en choisissant des mentors et pourquoi pas en vous associant si besoin. La cl\u00e9, c&#8217;est le collectif pour challenger vos id\u00e9es et trouver du support \ud83d\ude42<strong><br \/>\n<\/strong><\/p>\n<p><strong>Son super pouvoir :\u00a0<\/strong> Cultivatrice d&#8217;optimisme (et je dialogue avec les oiseaux \u200d\u2b1b)<\/p>\n<p><strong>Attention !<\/strong> Veuillez vous pr\u00e9senter \u00e0 l&#8217;heure pour que l&#8217;activit\u00e9 puisse commencer \u00e0 temps. Si vous avez du retard veuillez pr\u00e9venir l&#8217;intervenant.e. Si vous avez plus de 15 min de retard l&#8217;intervenant.e se r\u00e9serve le droit de ne plus vous accepter pour le coaching ou l&#8217;atelier.<\/p>\n","protected":false},"excerpt":{"rendered":"<p> <strong>Atelier : Techniques de storytelling &amp; copywriting<\/strong><\/p>\n<p>Comment utiliser la magie du storytelling pour capter l&#8217;attention de ton audience et devenir une marque m\u00e9morable ? Cet atelier t&#8217;apportera les outils et techniques pour cr\u00e9er une histoire de marque impactante et utiliser le copywriting afin de renforcer ta strat\u00e9gie de communication.<\/p>\n<p> Ce que nous pourrons aborder :<\/p>\n<p> D\u00e9couverte des fondamentaux du storytelling<br \/>\nComprendre les bases du storytelling et comment l&#8217;appliquer pour captiver ton audience. Apprends \u00e0 structurer une histoire qui touche et engage.<\/p>\n<p> Trouver le bon angle de ton histoire<br \/>\nChaque marque a une histoire unique \u00e0 raconter. Nous travaillerons ensemble pour d\u00e9couvrir l&#8217;angle qui te permettra de te diff\u00e9rencier et de cr\u00e9er un lien fort avec ton public.<\/p>\n<p> Cr\u00e9er une ADN puissante<br \/>\nNous d\u00e9finirons ensemble la famille d\u2019\u00e9motions de ta marque, ses objectifs et les valeurs qui la font vibrer pour construire une histoire authentique.<\/p>\n<p> Bien structurer son histoire \u00e0 partir d\u2019un mod\u00e8le type<br \/>\nApprends \u00e0 structurer ton r\u00e9cit de mani\u00e8re fluide et captivante, en suivant un mod\u00e8le \u00e9prouv\u00e9 pour garder l&#8217;attention de ton audience du d\u00e9but \u00e0 la fin.<\/p>\n<p> Int\u00e9grer des techniques de copywriting efficaces<br \/>\nLe copywriting est l&#8217;art de convaincre par les mots. Nous explorerons des techniques pour r\u00e9diger des messages qui engagent et g\u00e9n\u00e8rent des conversions.<\/p>\n<p> <strong>Objectif<\/strong> : Cr\u00e9er une histoire de marque m\u00e9morable et la communiquer de mani\u00e8re percutante !&#8221;<\/p>\n<p><strong>Intervenant.e :<\/strong><\/p>\n<p class=\"truncate line-height-3 text-size-large\"><strong>Laureline Dargery :\u00a0<\/strong> Depuis plus de 10 ans je navigue dans le secteur cr\u00e9atif en tant qu&#8217;\u00e9ditrice, agente d&#8217;artistes, experte m\u00e9dia et storyteller en France, au Vietnam et au Canada. Il y a 2 ans, j&#8217;ai lanc\u00e9 mon entreprise pour allier mes comp\u00e9tences en storytelling \u00e0 mes engagements sociaux et environnementaux en accompagnant des ONG et structures \u00e0 impact dans leur mise en r\u00e9cit, leur strat\u00e9gie d&#8217;image et ainsi renforcer leur mise en lumi\u00e8re. En parall\u00e8le, je fais des recherches sur les nouveaux r\u00e9cits et j&#8217;ai cr\u00e9\u00e9 Mirage, le premier podcast d&#8217;enqu\u00eates sur le sujet.<\/p>\n<p><strong>Son petit mot : <\/strong>L&#8217;entrepreneuriat n&#8217;est pas n\u00e9cessairement solitaire, au contraire ! Entourez-vous en rejoignant des collectifs, en choisissant des mentors et pourquoi pas en vous associant si besoin. La cl\u00e9, c&#8217;est le collectif pour challenger vos id\u00e9es et trouver du support \ud83d\ude42<strong><br \/>\n<\/strong><\/p>\n<p><strong>Son super pouvoir :\u00a0<\/strong> Cultivatrice d&#8217;optimisme (et je dialogue avec les oiseaux \u200d\u2b1b)<\/p>\n<p><strong>Attention !<\/strong> Veuillez vous pr\u00e9senter \u00e0 l&#8217;heure pour que l&#8217;activit\u00e9 puisse commencer \u00e0 temps. Si vous avez du retard veuillez pr\u00e9venir l&#8217;intervenant.e. Si vous avez plus de 15 min de retard l&#8217;intervenant.e se r\u00e9serve le droit de ne plus vous accepter pour le coaching ou l&#8217;atelier.<\/p>\n","protected":false},"featured_media":269992,"template":"","format":"standard","meta":{"_acf_changed":false,"om_disable_all_campaigns":false,"_uf_show_specific_survey":0,"_uf_disable_surveys":false},"product_brand":[],"product_cat":[118],"product_tag":[],"lieu":[219],"thematiques":[],"class_list":{"0":"post-270131","1":"product","2":"type-product","3":"status-publish","4":"format-standard","5":"has-post-thumbnail","7":"product_cat-atelier-collectif","8":"lieu-wikivillage","10":"first","11":"instock","12":"virtual","13":"purchasable","14":"product-type-appointment"},"exclude_global_add_ons":[],"addons":[],"acf":[],"yoast_head":"<!-- This site is optimized with the Yoast SEO plugin v24.8 - https:\/\/yoast.com\/wordpress\/plugins\/seo\/ -->\n<title>Atelier : Techniques de storytelling &amp; copywriting - Empow&#039;Her<\/title>\n<meta name=\"robots\" content=\"index, follow, max-snippet:-1, max-image-preview:large, max-video-preview:-1\" \/>\n<link rel=\"canonical\" href=\"https:\/\/empow-her.com\/produit\/atelier-techniques-de-storytelling-copywriting\/\" \/>\n<meta property=\"og:locale\" content=\"es_ES\" \/>\n<meta property=\"og:type\" content=\"article\" \/>\n<meta property=\"og:title\" content=\"Atelier : Techniques de storytelling &amp; copywriting - Empow&#039;Her\" \/>\n<meta property=\"og:description\" content=\"Atelier : Techniques de storytelling &amp; copywriting  Comment utiliser la magie du storytelling pour capter l&#039;attention de ton audience et devenir une marque m\u00e9morable ? Cet atelier t&#039;apportera les outils et techniques pour cr\u00e9er une histoire de marque impactante et utiliser le copywriting afin de renforcer ta strat\u00e9gie de communication.   Ce que nous pourrons aborder :   D\u00e9couverte des fondamentaux du storytelling Comprendre les bases du storytelling et comment l&#039;appliquer pour captiver ton audience. Apprends \u00e0 structurer une histoire qui touche et engage.   Trouver le bon angle de ton histoire Chaque marque a une histoire unique \u00e0 raconter. Nous travaillerons ensemble pour d\u00e9couvrir l&#039;angle qui te permettra de te diff\u00e9rencier et de cr\u00e9er un lien fort avec ton public.   Cr\u00e9er une ADN puissante Nous d\u00e9finirons ensemble la famille d\u2019\u00e9motions de ta marque, ses objectifs et les valeurs qui la font vibrer pour construire une histoire authentique.   Bien structurer son histoire \u00e0 partir d\u2019un mod\u00e8le type Apprends \u00e0 structurer ton r\u00e9cit de mani\u00e8re fluide et captivante, en suivant un mod\u00e8le \u00e9prouv\u00e9 pour garder l&#039;attention de ton audience du d\u00e9but \u00e0 la fin.   Int\u00e9grer des techniques de copywriting efficaces Le copywriting est l&#039;art de convaincre par les mots. Nous explorerons des techniques pour r\u00e9diger des messages qui engagent et g\u00e9n\u00e8rent des conversions.   Objectif : Cr\u00e9er une histoire de marque m\u00e9morable et la communiquer de mani\u00e8re percutante !&quot;  Intervenant.e : Laureline Dargery :\u00a0 Depuis plus de 10 ans je navigue dans le secteur cr\u00e9atif en tant qu&#039;\u00e9ditrice, agente d&#039;artistes, experte m\u00e9dia et storyteller en France, au Vietnam et au Canada. Il y a 2 ans, j&#039;ai lanc\u00e9 mon entreprise pour allier mes comp\u00e9tences en storytelling \u00e0 mes engagements sociaux et environnementaux en accompagnant des ONG et structures \u00e0 impact dans leur mise en r\u00e9cit, leur strat\u00e9gie d&#039;image et ainsi renforcer leur mise en lumi\u00e8re. En parall\u00e8le, je fais des recherches sur les nouveaux r\u00e9cits et j&#039;ai cr\u00e9\u00e9 Mirage, le premier podcast d&#039;enqu\u00eates sur le sujet. Son petit mot : L&#039;entrepreneuriat n&#039;est pas n\u00e9cessairement solitaire, au contraire ! Entourez-vous en rejoignant des collectifs, en choisissant des mentors et pourquoi pas en vous associant si besoin. La cl\u00e9, c&#039;est le collectif pour challenger vos id\u00e9es et trouver du support :)   Son super pouvoir :\u00a0 Cultivatrice d&#039;optimisme (et je dialogue avec les oiseaux \u200d\u2b1b)  Attention ! Veuillez vous pr\u00e9senter \u00e0 l&#039;heure pour que l&#039;activit\u00e9 puisse commencer \u00e0 temps. Si vous avez du retard veuillez pr\u00e9venir l&#039;intervenant.e. Si vous avez plus de 15 min de retard l&#039;intervenant.e se r\u00e9serve le droit de ne plus vous accepter pour le coaching ou l&#039;atelier.\" \/>\n<meta property=\"og:url\" content=\"https:\/\/empow-her.com\/produit\/atelier-techniques-de-storytelling-copywriting\/\" \/>\n<meta property=\"og:site_name\" content=\"Empow&#039;Her\" \/>\n<meta property=\"article:modified_time\" content=\"2025-10-08T14:44:05+00:00\" \/>\n<meta property=\"og:image\" content=\"https:\/\/empow-her.com\/wp-content\/uploads\/2025\/10\/Atelier.png\" \/>\n\t<meta property=\"og:image:width\" content=\"1080\" \/>\n\t<meta property=\"og:image:height\" content=\"1080\" \/>\n\t<meta property=\"og:image:type\" content=\"image\/png\" \/>\n<meta name=\"twitter:card\" content=\"summary_large_image\" \/>\n<meta name=\"twitter:label1\" content=\"Tiempo de lectura\" \/>\n\t<meta name=\"twitter:data1\" content=\"3 minutos\" \/>\n<script type=\"application\/ld+json\" class=\"yoast-schema-graph\">{\"@context\":\"https:\/\/schema.org\",\"@graph\":[{\"@type\":\"WebPage\",\"@id\":\"https:\/\/empow-her.com\/produit\/atelier-techniques-de-storytelling-copywriting\/\",\"url\":\"https:\/\/empow-her.com\/produit\/atelier-techniques-de-storytelling-copywriting\/\",\"name\":\"Atelier : Techniques de storytelling & copywriting - Empow&#039;Her\",\"isPartOf\":{\"@id\":\"https:\/\/empow-her.com\/#website\"},\"primaryImageOfPage\":{\"@id\":\"https:\/\/empow-her.com\/produit\/atelier-techniques-de-storytelling-copywriting\/#primaryimage\"},\"image\":{\"@id\":\"https:\/\/empow-her.com\/produit\/atelier-techniques-de-storytelling-copywriting\/#primaryimage\"},\"thumbnailUrl\":\"https:\/\/empow-her.com\/wp-content\/uploads\/2025\/10\/Atelier.png\",\"datePublished\":\"2025-10-08T14:26:17+00:00\",\"dateModified\":\"2025-10-08T14:44:05+00:00\",\"breadcrumb\":{\"@id\":\"https:\/\/empow-her.com\/produit\/atelier-techniques-de-storytelling-copywriting\/#breadcrumb\"},\"inLanguage\":\"es\",\"potentialAction\":[{\"@type\":\"ReadAction\",\"target\":[\"https:\/\/empow-her.com\/produit\/atelier-techniques-de-storytelling-copywriting\/\"]}]},{\"@type\":\"ImageObject\",\"inLanguage\":\"es\",\"@id\":\"https:\/\/empow-her.com\/produit\/atelier-techniques-de-storytelling-copywriting\/#primaryimage\",\"url\":\"https:\/\/empow-her.com\/wp-content\/uploads\/2025\/10\/Atelier.png\",\"contentUrl\":\"https:\/\/empow-her.com\/wp-content\/uploads\/2025\/10\/Atelier.png\",\"width\":1080,\"height\":1080},{\"@type\":\"BreadcrumbList\",\"@id\":\"https:\/\/empow-her.com\/produit\/atelier-techniques-de-storytelling-copywriting\/#breadcrumb\",\"itemListElement\":[{\"@type\":\"ListItem\",\"position\":1,\"name\":\"Accueil\",\"item\":\"https:\/\/empow-her.com\/es\/inicio\/\"},{\"@type\":\"ListItem\",\"position\":2,\"name\":\"LA BOUTIQUE\",\"item\":\"https:\/\/empow-her.com\/boutique\/\"},{\"@type\":\"ListItem\",\"position\":3,\"name\":\"Atelier : Techniques de storytelling &#038; copywriting\"}]},{\"@type\":\"WebSite\",\"@id\":\"https:\/\/empow-her.com\/#website\",\"url\":\"https:\/\/empow-her.com\/\",\"name\":\"Empow&#039;Her\",\"description\":\"Women Development\",\"potentialAction\":[{\"@type\":\"SearchAction\",\"target\":{\"@type\":\"EntryPoint\",\"urlTemplate\":\"https:\/\/empow-her.com\/?s={search_term_string}\"},\"query-input\":{\"@type\":\"PropertyValueSpecification\",\"valueRequired\":true,\"valueName\":\"search_term_string\"}}],\"inLanguage\":\"es\"}]}<\/script>\n<!-- \/ Yoast SEO plugin. -->","yoast_head_json":{"title":"Atelier : Techniques de storytelling & copywriting - Empow&#039;Her","robots":{"index":"index","follow":"follow","max-snippet":"max-snippet:-1","max-image-preview":"max-image-preview:large","max-video-preview":"max-video-preview:-1"},"canonical":"https:\/\/empow-her.com\/produit\/atelier-techniques-de-storytelling-copywriting\/","og_locale":"es_ES","og_type":"article","og_title":"Atelier : Techniques de storytelling & copywriting - Empow&#039;Her","og_description":"Atelier : Techniques de storytelling &amp; copywriting  Comment utiliser la magie du storytelling pour capter l'attention de ton audience et devenir une marque m\u00e9morable ? Cet atelier t'apportera les outils et techniques pour cr\u00e9er une histoire de marque impactante et utiliser le copywriting afin de renforcer ta strat\u00e9gie de communication.   Ce que nous pourrons aborder :   D\u00e9couverte des fondamentaux du storytelling Comprendre les bases du storytelling et comment l'appliquer pour captiver ton audience. Apprends \u00e0 structurer une histoire qui touche et engage.   Trouver le bon angle de ton histoire Chaque marque a une histoire unique \u00e0 raconter. Nous travaillerons ensemble pour d\u00e9couvrir l'angle qui te permettra de te diff\u00e9rencier et de cr\u00e9er un lien fort avec ton public.   Cr\u00e9er une ADN puissante Nous d\u00e9finirons ensemble la famille d\u2019\u00e9motions de ta marque, ses objectifs et les valeurs qui la font vibrer pour construire une histoire authentique.   Bien structurer son histoire \u00e0 partir d\u2019un mod\u00e8le type Apprends \u00e0 structurer ton r\u00e9cit de mani\u00e8re fluide et captivante, en suivant un mod\u00e8le \u00e9prouv\u00e9 pour garder l'attention de ton audience du d\u00e9but \u00e0 la fin.   Int\u00e9grer des techniques de copywriting efficaces Le copywriting est l'art de convaincre par les mots. Nous explorerons des techniques pour r\u00e9diger des messages qui engagent et g\u00e9n\u00e8rent des conversions.   Objectif : Cr\u00e9er une histoire de marque m\u00e9morable et la communiquer de mani\u00e8re percutante !\"  Intervenant.e : Laureline Dargery :\u00a0 Depuis plus de 10 ans je navigue dans le secteur cr\u00e9atif en tant qu'\u00e9ditrice, agente d'artistes, experte m\u00e9dia et storyteller en France, au Vietnam et au Canada. Il y a 2 ans, j'ai lanc\u00e9 mon entreprise pour allier mes comp\u00e9tences en storytelling \u00e0 mes engagements sociaux et environnementaux en accompagnant des ONG et structures \u00e0 impact dans leur mise en r\u00e9cit, leur strat\u00e9gie d'image et ainsi renforcer leur mise en lumi\u00e8re. En parall\u00e8le, je fais des recherches sur les nouveaux r\u00e9cits et j'ai cr\u00e9\u00e9 Mirage, le premier podcast d'enqu\u00eates sur le sujet. Son petit mot : L'entrepreneuriat n'est pas n\u00e9cessairement solitaire, au contraire ! Entourez-vous en rejoignant des collectifs, en choisissant des mentors et pourquoi pas en vous associant si besoin. La cl\u00e9, c'est le collectif pour challenger vos id\u00e9es et trouver du support :)   Son super pouvoir :\u00a0 Cultivatrice d'optimisme (et je dialogue avec les oiseaux \u200d\u2b1b)  Attention ! Veuillez vous pr\u00e9senter \u00e0 l'heure pour que l'activit\u00e9 puisse commencer \u00e0 temps. Si vous avez du retard veuillez pr\u00e9venir l'intervenant.e. Si vous avez plus de 15 min de retard l'intervenant.e se r\u00e9serve le droit de ne plus vous accepter pour le coaching ou l'atelier.","og_url":"https:\/\/empow-her.com\/produit\/atelier-techniques-de-storytelling-copywriting\/","og_site_name":"Empow&#039;Her","article_modified_time":"2025-10-08T14:44:05+00:00","og_image":[{"width":1080,"height":1080,"url":"https:\/\/empow-her.com\/wp-content\/uploads\/2025\/10\/Atelier.png","type":"image\/png"}],"twitter_card":"summary_large_image","twitter_misc":{"Tiempo de lectura":"3 minutos"},"schema":{"@context":"https:\/\/schema.org","@graph":[{"@type":"WebPage","@id":"https:\/\/empow-her.com\/produit\/atelier-techniques-de-storytelling-copywriting\/","url":"https:\/\/empow-her.com\/produit\/atelier-techniques-de-storytelling-copywriting\/","name":"Atelier : Techniques de storytelling & copywriting - Empow&#039;Her","isPartOf":{"@id":"https:\/\/empow-her.com\/#website"},"primaryImageOfPage":{"@id":"https:\/\/empow-her.com\/produit\/atelier-techniques-de-storytelling-copywriting\/#primaryimage"},"image":{"@id":"https:\/\/empow-her.com\/produit\/atelier-techniques-de-storytelling-copywriting\/#primaryimage"},"thumbnailUrl":"https:\/\/empow-her.com\/wp-content\/uploads\/2025\/10\/Atelier.png","datePublished":"2025-10-08T14:26:17+00:00","dateModified":"2025-10-08T14:44:05+00:00","breadcrumb":{"@id":"https:\/\/empow-her.com\/produit\/atelier-techniques-de-storytelling-copywriting\/#breadcrumb"},"inLanguage":"es","potentialAction":[{"@type":"ReadAction","target":["https:\/\/empow-her.com\/produit\/atelier-techniques-de-storytelling-copywriting\/"]}]},{"@type":"ImageObject","inLanguage":"es","@id":"https:\/\/empow-her.com\/produit\/atelier-techniques-de-storytelling-copywriting\/#primaryimage","url":"https:\/\/empow-her.com\/wp-content\/uploads\/2025\/10\/Atelier.png","contentUrl":"https:\/\/empow-her.com\/wp-content\/uploads\/2025\/10\/Atelier.png","width":1080,"height":1080},{"@type":"BreadcrumbList","@id":"https:\/\/empow-her.com\/produit\/atelier-techniques-de-storytelling-copywriting\/#breadcrumb","itemListElement":[{"@type":"ListItem","position":1,"name":"Accueil","item":"https:\/\/empow-her.com\/es\/inicio\/"},{"@type":"ListItem","position":2,"name":"LA BOUTIQUE","item":"https:\/\/empow-her.com\/boutique\/"},{"@type":"ListItem","position":3,"name":"Atelier : Techniques de storytelling &#038; copywriting"}]},{"@type":"WebSite","@id":"https:\/\/empow-her.com\/#website","url":"https:\/\/empow-her.com\/","name":"Empow&#039;Her","description":"Women Development","potentialAction":[{"@type":"SearchAction","target":{"@type":"EntryPoint","urlTemplate":"https:\/\/empow-her.com\/?s={search_term_string}"},"query-input":{"@type":"PropertyValueSpecification","valueRequired":true,"valueName":"search_term_string"}}],"inLanguage":"es"}]}},"_links":{"self":[{"href":"https:\/\/empow-her.com\/es\/wp-json\/wp\/v2\/product\/270131","targetHints":{"allow":["GET"]}}],"collection":[{"href":"https:\/\/empow-her.com\/es\/wp-json\/wp\/v2\/product"}],"about":[{"href":"https:\/\/empow-her.com\/es\/wp-json\/wp\/v2\/types\/product"}],"wp:featuredmedia":[{"embeddable":true,"href":"https:\/\/empow-her.com\/es\/wp-json\/wp\/v2\/media\/269992"}],"wp:attachment":[{"href":"https:\/\/empow-her.com\/es\/wp-json\/wp\/v2\/media?parent=270131"}],"wp:term":[{"taxonomy":"product_brand","embeddable":true,"href":"https:\/\/empow-her.com\/es\/wp-json\/wp\/v2\/product_brand?post=270131"},{"taxonomy":"product_cat","embeddable":true,"href":"https:\/\/empow-her.com\/es\/wp-json\/wp\/v2\/product_cat?post=270131"},{"taxonomy":"product_tag","embeddable":true,"href":"https:\/\/empow-her.com\/es\/wp-json\/wp\/v2\/product_tag?post=270131"},{"taxonomy":"lieu","embeddable":true,"href":"https:\/\/empow-her.com\/es\/wp-json\/wp\/v2\/lieu?post=270131"},{"taxonomy":"thematiques","embeddable":true,"href":"https:\/\/empow-her.com\/es\/wp-json\/wp\/v2\/thematiques?post=270131"}],"curies":[{"name":"wp","href":"https:\/\/api.w.org\/{rel}","templated":true}]}}