{"id":270130,"date":"2025-10-08T16:13:20","date_gmt":"2025-10-08T14:13:20","guid":{"rendered":"https:\/\/empow-her.com\/?post_type=product&#038;p=270130"},"modified":"2025-10-08T16:46:13","modified_gmt":"2025-10-08T14:46:13","slug":"atelier-journee-viabilite-economique-5","status":"publish","type":"product","link":"https:\/\/empow-her.com\/es\/produit\/atelier-journee-viabilite-economique-5\/","title":{"rendered":"Atelier &#8211; Journ\u00e9e viabilit\u00e9 \u00e9conomique"},"content":{"rendered":"<p><strong>Atelier \u2013 Structurer un mod\u00e8le \u00e9conomique viable et \u00e9quilibr\u00e9<\/strong><\/p>\n<p>&#8220;&#8221;Quel est le bon prix pour que je puisse me r\u00e9mun\u00e9rer ? Mon projet peut-il \u00eatre rentable ? Et comment structurer mes co\u00fbts et mes revenus ?&#8221;&#8221;<\/p>\n<p>Vous avez imagin\u00e9 une premi\u00e8re offre, identifi\u00e9 vos client\u00b7es ou b\u00e9n\u00e9ficiaires, mais vous avez encore du mal \u00e0 poser les bases \u00e9conomiques de votre projet ? Cet atelier vous aidera \u00e0 mieux comprendre ce qu\u2019est un mod\u00e8le \u00e9conomique viable et \u00e0 construire les fondations d\u2019un \u00e9quilibre financier r\u00e9aliste.<\/p>\n<p>Au programme<br \/>\n\u27a1 D\u00e9mystifier les mod\u00e8les \u00e9conomiques et les canevas classiques<br \/>\n\u27a1 Relier vos choix strat\u00e9giques \u00e0 leurs implications \u00e9conomiques<br \/>\n\u27a1 Identifier et organiser vos co\u00fbts principaux<br \/>\n\u27a1 Estimer vos revenus potentiels et fixer un prix juste<br \/>\n\u27a1 Calculer votre seuil de rentabilit\u00e9 et tester l\u2019\u00e9quilibre global du projet<\/p>\n<p>Objectifs de la journ\u00e9e<br \/>\n\u2714 Poser les bases concr\u00e8tes de votre mod\u00e8le \u00e9conomique<br \/>\n\u2714 Gagner en clart\u00e9 sur la viabilit\u00e9 de votre projet<br \/>\n\u2714 Disposer d\u2019un outil pour suivre et ajuster votre \u00e9quilibre \u00e9conomique<\/p>\n<p>Organisation<br \/>\nUne journ\u00e9e intensive en pr\u00e9sentiel<br \/>\nChez Sist\u2019Her Paris<br \/>\nMatin : Atelier collectif pour comprendre les grands principes et exp\u00e9rimenter des outils<br \/>\nApr\u00e8s-midi : Exercices individuels, temps en petits groupes et retours personnalis\u00e9s<\/p>\n<p>Pr\u00e9-requis<br \/>\n\u2192 Avoir \u00e9bauch\u00e9 une premi\u00e8re offre<br \/>\n\u2192 Avoir une id\u00e9e (m\u00eame approximative) des co\u00fbts li\u00e9s \u00e0 votre activit\u00e9<br \/>\n\u2192 Apporter son ordinateur portable<\/p>\n<p>Une journ\u00e9e pour relier strat\u00e9gie et r\u00e9alit\u00e9 \u00e9conomique, et construire un projet p\u00e9renne et coh\u00e9rent<\/p>\n<div class=\"p-rich_text_section\"><strong>Intervenante &#8211; Sophie<\/strong><\/div>\n<div><span data-sheets-root=\"1\">Son super pouvoir: Capacit\u00e9 d&#8217;\u00e9coute hors pair \/ Materner vers la sobri\u00e9t\u00e9<br \/>\nSon petit mot: Dare to dare ! Les femmes sont le futur de l&#8217;\u00e9cologie <\/span><\/div>\n<div><\/div>\n<div>\n<p><strong><span data-sheets-root=\"1\">\u23f0 <\/span>Attention !<\/strong> Veuillez vous pr\u00e9senter \u00e0 l\u2019heure pour que l\u2019activit\u00e9 puisse commencer \u00e0 temps. Si vous avez du retard veuillez pr\u00e9venir l\u2019\u00e9quipe d\u2019Empow\u2019Her : <a href=\"mailto:contact.france@empow-her.com\">contact.france@empow-her.com<\/a>\u00a0. Si vous avez plus de 15 min de retard l\u2019intervenant.e se r\u00e9serve le droit de ne plus vous accepter pour le coaching ou l\u2019atelier.<\/p>\n<\/div>\n<p><strong>Rendez-vous au WIKIVILLAGE &#8211; 8 rue de Srebrenica, 75020<\/strong><\/p>\n","protected":false},"excerpt":{"rendered":"<p data-start=\"0\" data-end=\"71\"><span data-sheets-root=\"1\"><strong> Journ\u00e9e viabilit\u00e9 \u00e9conomique <\/strong><\/span><\/p>\n<p><em> &#8220;Quel est le bon prix pour que je puisse me r\u00e9mun\u00e9rer ? Mon projet peut-il \u00eatre rentable ? Et comment structurer mes co\u00fbts et mes revenus ?&#8221;<\/em><\/p>\n<p>Vous avez imagin\u00e9 une premi\u00e8re offre, identifi\u00e9 vos client\u00b7es ou b\u00e9n\u00e9ficiaires, mais vous avez encore du mal \u00e0 poser les bases \u00e9conomiques de votre projet ? Cet atelier vous aidera \u00e0 mieux comprendre ce qu\u2019est un mod\u00e8le \u00e9conomique viable et \u00e0 construire les fondations d\u2019un \u00e9quilibre financier r\u00e9aliste.<\/p>\n<p><strong> Au programme<\/strong><br \/>\n\u27a1 D\u00e9mystifier les mod\u00e8les \u00e9conomiques et les canevas classiques<br \/>\n\u27a1 Relier vos choix strat\u00e9giques \u00e0 leurs implications \u00e9conomiques<br \/>\n\u27a1 Identifier et organiser vos co\u00fbts principaux<br \/>\n\u27a1 Estimer vos revenus potentiels et fixer un prix juste<br \/>\n\u27a1 Calculer votre seuil de rentabilit\u00e9 et tester l\u2019\u00e9quilibre global du projet<\/p>\n<p><strong> Objectifs de la journ\u00e9e<\/strong><br \/>\n\u2714 Poser les bases concr\u00e8tes de votre mod\u00e8le \u00e9conomique<br \/>\n\u2714 Gagner en clart\u00e9 sur la viabilit\u00e9 de votre projet<br \/>\n\u2714 Disposer d\u2019un outil pour suivre et ajuster votre \u00e9quilibre \u00e9conomique<\/p>\n<p><strong> Organisation<\/strong><br \/>\nUne journ\u00e9e intensive en pr\u00e9sentiel<br \/>\nMatin : Atelier collectif pour comprendre les grands principes et exp\u00e9rimenter des outils<br \/>\nApr\u00e8s-midi : Exercices individuels, temps en petits groupes et retours personnalis\u00e9s<\/p>\n<p>Pr\u00e9-requis<br \/>\n\u2192 Avoir \u00e9bauch\u00e9 une premi\u00e8re offre<br \/>\n\u2192 Avoir une id\u00e9e (m\u00eame approximative) des co\u00fbts li\u00e9s \u00e0 votre activit\u00e9<br \/>\n\u2192 Apporter son ordinateur portable<\/p>\n<div><\/div>\n<div class=\"p-rich_text_section\"><strong>Intervenante &#8211; Alexandre<\/strong><\/div>\n<div><span data-sheets-root=\"1\">Son super pouvoir: Convertir d&#8217;un claquement de doigts un projet en chiffres&#8230; et r\u00e9ciproquement<br \/>\nSon petit mot: Plus qu&#8217;une id\u00e9e g\u00e9niale, ce qu&#8217;il faut \u00e0 une entrepreneure pour r\u00e9ussir c&#8217;est un mod\u00e8le \u00e9conomique solidaire, c&#8217;est-\u00e0-dire qui inclut toutes les parties prenantes de son \u00e9cosyst\u00e8me dans la cr\u00e9ation de valeur.<\/span><\/div>\n<div><\/div>\n<div>\n<p><strong><span data-sheets-root=\"1\">\u23f0 <\/span>Attention !<\/strong> Veuillez vous pr\u00e9senter \u00e0 l\u2019heure pour que l\u2019activit\u00e9 puisse commencer \u00e0 temps. Si vous avez du retard veuillez pr\u00e9venir l\u2019\u00e9quipe d\u2019Empow\u2019Her : <a href=\"mailto:contact.france@empow-her.com\">contact.france@empow-her.com<\/a>\u00a0. Si vous avez plus de 15 min de retard l\u2019intervenant.e se r\u00e9serve le droit de ne plus vous accepter pour le coaching ou l\u2019atelier.<\/p>\n<\/div>\n<p><strong>Rendez-vous au WIKIVILLAGE &#8211; 8 rue de Srebrenica, 75020<\/strong><\/p>\n","protected":false},"featured_media":269992,"template":"","format":"standard","meta":{"_acf_changed":false,"om_disable_all_campaigns":false,"_uf_show_specific_survey":0,"_uf_disable_surveys":false},"product_brand":[],"product_cat":[118],"product_tag":[],"lieu":[219],"thematiques":[],"class_list":{"0":"post-270130","1":"product","2":"type-product","3":"status-publish","4":"format-standard","5":"has-post-thumbnail","7":"product_cat-atelier-collectif","8":"lieu-wikivillage","10":"first","11":"instock","12":"virtual","13":"purchasable","14":"product-type-appointment"},"exclude_global_add_ons":[],"addons":[],"acf":[],"yoast_head":"<!-- This site is optimized with the Yoast SEO plugin v24.8 - https:\/\/yoast.com\/wordpress\/plugins\/seo\/ -->\n<title>Atelier - Journ\u00e9e viabilit\u00e9 \u00e9conomique - Empow&#039;Her<\/title>\n<meta name=\"robots\" content=\"index, follow, max-snippet:-1, max-image-preview:large, max-video-preview:-1\" \/>\n<link rel=\"canonical\" href=\"https:\/\/empow-her.com\/produit\/atelier-journee-viabilite-economique-5\/\" \/>\n<meta property=\"og:locale\" content=\"es_ES\" \/>\n<meta property=\"og:type\" content=\"article\" \/>\n<meta property=\"og:title\" content=\"Atelier - Journ\u00e9e viabilit\u00e9 \u00e9conomique - Empow&#039;Her\" \/>\n<meta property=\"og:description\" content=\"Journ\u00e9e viabilit\u00e9 \u00e9conomique  &quot;Quel est le bon prix pour que je puisse me r\u00e9mun\u00e9rer ? Mon projet peut-il \u00eatre rentable ? Et comment structurer mes co\u00fbts et mes revenus ?&quot;  Vous avez imagin\u00e9 une premi\u00e8re offre, identifi\u00e9 vos client\u00b7es ou b\u00e9n\u00e9ficiaires, mais vous avez encore du mal \u00e0 poser les bases \u00e9conomiques de votre projet ? Cet atelier vous aidera \u00e0 mieux comprendre ce qu\u2019est un mod\u00e8le \u00e9conomique viable et \u00e0 construire les fondations d\u2019un \u00e9quilibre financier r\u00e9aliste.   Au programme \u27a1 D\u00e9mystifier les mod\u00e8les \u00e9conomiques et les canevas classiques \u27a1 Relier vos choix strat\u00e9giques \u00e0 leurs implications \u00e9conomiques \u27a1 Identifier et organiser vos co\u00fbts principaux \u27a1 Estimer vos revenus potentiels et fixer un prix juste \u27a1 Calculer votre seuil de rentabilit\u00e9 et tester l\u2019\u00e9quilibre global du projet   Objectifs de la journ\u00e9e \u2714 Poser les bases concr\u00e8tes de votre mod\u00e8le \u00e9conomique \u2714 Gagner en clart\u00e9 sur la viabilit\u00e9 de votre projet \u2714 Disposer d\u2019un outil pour suivre et ajuster votre \u00e9quilibre \u00e9conomique   Organisation Une journ\u00e9e intensive en pr\u00e9sentiel Matin : Atelier collectif pour comprendre les grands principes et exp\u00e9rimenter des outils Apr\u00e8s-midi : Exercices individuels, temps en petits groupes et retours personnalis\u00e9s  Pr\u00e9-requis \u2192 Avoir \u00e9bauch\u00e9 une premi\u00e8re offre \u2192 Avoir une id\u00e9e (m\u00eame approximative) des co\u00fbts li\u00e9s \u00e0 votre activit\u00e9 \u2192 Apporter son ordinateur portable  Intervenante - Alexandre Son super pouvoir: Convertir d&#039;un claquement de doigts un projet en chiffres... et r\u00e9ciproquement Son petit mot: Plus qu&#039;une id\u00e9e g\u00e9niale, ce qu&#039;il faut \u00e0 une entrepreneure pour r\u00e9ussir c&#039;est un mod\u00e8le \u00e9conomique solidaire, c&#039;est-\u00e0-dire qui inclut toutes les parties prenantes de son \u00e9cosyst\u00e8me dans la cr\u00e9ation de valeur.    \u23f0 Attention ! Veuillez vous pr\u00e9senter \u00e0 l\u2019heure pour que l\u2019activit\u00e9 puisse commencer \u00e0 temps. Si vous avez du retard veuillez pr\u00e9venir l\u2019\u00e9quipe d\u2019Empow\u2019Her : contact.france@empow-her.com\u00a0. Si vous avez plus de 15 min de retard l\u2019intervenant.e se r\u00e9serve le droit de ne plus vous accepter pour le coaching ou l\u2019atelier.   Rendez-vous au WIKIVILLAGE - 8 rue de Srebrenica, 75020\" \/>\n<meta property=\"og:url\" content=\"https:\/\/empow-her.com\/produit\/atelier-journee-viabilite-economique-5\/\" \/>\n<meta property=\"og:site_name\" content=\"Empow&#039;Her\" \/>\n<meta property=\"article:modified_time\" content=\"2025-10-08T14:46:13+00:00\" \/>\n<meta property=\"og:image\" content=\"https:\/\/empow-her.com\/wp-content\/uploads\/2025\/10\/Atelier.png\" \/>\n\t<meta property=\"og:image:width\" content=\"1080\" \/>\n\t<meta property=\"og:image:height\" content=\"1080\" \/>\n\t<meta property=\"og:image:type\" content=\"image\/png\" \/>\n<meta name=\"twitter:card\" content=\"summary_large_image\" \/>\n<meta name=\"twitter:label1\" content=\"Tiempo de lectura\" \/>\n\t<meta name=\"twitter:data1\" content=\"2 minutos\" \/>\n<script type=\"application\/ld+json\" class=\"yoast-schema-graph\">{\"@context\":\"https:\/\/schema.org\",\"@graph\":[{\"@type\":\"WebPage\",\"@id\":\"https:\/\/empow-her.com\/produit\/atelier-journee-viabilite-economique-5\/\",\"url\":\"https:\/\/empow-her.com\/produit\/atelier-journee-viabilite-economique-5\/\",\"name\":\"Atelier - Journ\u00e9e viabilit\u00e9 \u00e9conomique - Empow&#039;Her\",\"isPartOf\":{\"@id\":\"https:\/\/empow-her.com\/#website\"},\"primaryImageOfPage\":{\"@id\":\"https:\/\/empow-her.com\/produit\/atelier-journee-viabilite-economique-5\/#primaryimage\"},\"image\":{\"@id\":\"https:\/\/empow-her.com\/produit\/atelier-journee-viabilite-economique-5\/#primaryimage\"},\"thumbnailUrl\":\"https:\/\/empow-her.com\/wp-content\/uploads\/2025\/10\/Atelier.png\",\"datePublished\":\"2025-10-08T14:13:20+00:00\",\"dateModified\":\"2025-10-08T14:46:13+00:00\",\"breadcrumb\":{\"@id\":\"https:\/\/empow-her.com\/produit\/atelier-journee-viabilite-economique-5\/#breadcrumb\"},\"inLanguage\":\"es\",\"potentialAction\":[{\"@type\":\"ReadAction\",\"target\":[\"https:\/\/empow-her.com\/produit\/atelier-journee-viabilite-economique-5\/\"]}]},{\"@type\":\"ImageObject\",\"inLanguage\":\"es\",\"@id\":\"https:\/\/empow-her.com\/produit\/atelier-journee-viabilite-economique-5\/#primaryimage\",\"url\":\"https:\/\/empow-her.com\/wp-content\/uploads\/2025\/10\/Atelier.png\",\"contentUrl\":\"https:\/\/empow-her.com\/wp-content\/uploads\/2025\/10\/Atelier.png\",\"width\":1080,\"height\":1080},{\"@type\":\"BreadcrumbList\",\"@id\":\"https:\/\/empow-her.com\/produit\/atelier-journee-viabilite-economique-5\/#breadcrumb\",\"itemListElement\":[{\"@type\":\"ListItem\",\"position\":1,\"name\":\"Accueil\",\"item\":\"https:\/\/empow-her.com\/es\/inicio\/\"},{\"@type\":\"ListItem\",\"position\":2,\"name\":\"LA BOUTIQUE\",\"item\":\"https:\/\/empow-her.com\/boutique\/\"},{\"@type\":\"ListItem\",\"position\":3,\"name\":\"Atelier &#8211; Journ\u00e9e viabilit\u00e9 \u00e9conomique\"}]},{\"@type\":\"WebSite\",\"@id\":\"https:\/\/empow-her.com\/#website\",\"url\":\"https:\/\/empow-her.com\/\",\"name\":\"Empow&#039;Her\",\"description\":\"Women Development\",\"potentialAction\":[{\"@type\":\"SearchAction\",\"target\":{\"@type\":\"EntryPoint\",\"urlTemplate\":\"https:\/\/empow-her.com\/?s={search_term_string}\"},\"query-input\":{\"@type\":\"PropertyValueSpecification\",\"valueRequired\":true,\"valueName\":\"search_term_string\"}}],\"inLanguage\":\"es\"}]}<\/script>\n<!-- \/ Yoast SEO plugin. -->","yoast_head_json":{"title":"Atelier - Journ\u00e9e viabilit\u00e9 \u00e9conomique - Empow&#039;Her","robots":{"index":"index","follow":"follow","max-snippet":"max-snippet:-1","max-image-preview":"max-image-preview:large","max-video-preview":"max-video-preview:-1"},"canonical":"https:\/\/empow-her.com\/produit\/atelier-journee-viabilite-economique-5\/","og_locale":"es_ES","og_type":"article","og_title":"Atelier - Journ\u00e9e viabilit\u00e9 \u00e9conomique - Empow&#039;Her","og_description":"Journ\u00e9e viabilit\u00e9 \u00e9conomique  \"Quel est le bon prix pour que je puisse me r\u00e9mun\u00e9rer ? Mon projet peut-il \u00eatre rentable ? Et comment structurer mes co\u00fbts et mes revenus ?\"  Vous avez imagin\u00e9 une premi\u00e8re offre, identifi\u00e9 vos client\u00b7es ou b\u00e9n\u00e9ficiaires, mais vous avez encore du mal \u00e0 poser les bases \u00e9conomiques de votre projet ? Cet atelier vous aidera \u00e0 mieux comprendre ce qu\u2019est un mod\u00e8le \u00e9conomique viable et \u00e0 construire les fondations d\u2019un \u00e9quilibre financier r\u00e9aliste.   Au programme \u27a1 D\u00e9mystifier les mod\u00e8les \u00e9conomiques et les canevas classiques \u27a1 Relier vos choix strat\u00e9giques \u00e0 leurs implications \u00e9conomiques \u27a1 Identifier et organiser vos co\u00fbts principaux \u27a1 Estimer vos revenus potentiels et fixer un prix juste \u27a1 Calculer votre seuil de rentabilit\u00e9 et tester l\u2019\u00e9quilibre global du projet   Objectifs de la journ\u00e9e \u2714 Poser les bases concr\u00e8tes de votre mod\u00e8le \u00e9conomique \u2714 Gagner en clart\u00e9 sur la viabilit\u00e9 de votre projet \u2714 Disposer d\u2019un outil pour suivre et ajuster votre \u00e9quilibre \u00e9conomique   Organisation Une journ\u00e9e intensive en pr\u00e9sentiel Matin : Atelier collectif pour comprendre les grands principes et exp\u00e9rimenter des outils Apr\u00e8s-midi : Exercices individuels, temps en petits groupes et retours personnalis\u00e9s  Pr\u00e9-requis \u2192 Avoir \u00e9bauch\u00e9 une premi\u00e8re offre \u2192 Avoir une id\u00e9e (m\u00eame approximative) des co\u00fbts li\u00e9s \u00e0 votre activit\u00e9 \u2192 Apporter son ordinateur portable  Intervenante - Alexandre Son super pouvoir: Convertir d'un claquement de doigts un projet en chiffres... et r\u00e9ciproquement Son petit mot: Plus qu'une id\u00e9e g\u00e9niale, ce qu'il faut \u00e0 une entrepreneure pour r\u00e9ussir c'est un mod\u00e8le \u00e9conomique solidaire, c'est-\u00e0-dire qui inclut toutes les parties prenantes de son \u00e9cosyst\u00e8me dans la cr\u00e9ation de valeur.    \u23f0 Attention ! Veuillez vous pr\u00e9senter \u00e0 l\u2019heure pour que l\u2019activit\u00e9 puisse commencer \u00e0 temps. Si vous avez du retard veuillez pr\u00e9venir l\u2019\u00e9quipe d\u2019Empow\u2019Her : contact.france@empow-her.com\u00a0. Si vous avez plus de 15 min de retard l\u2019intervenant.e se r\u00e9serve le droit de ne plus vous accepter pour le coaching ou l\u2019atelier.   Rendez-vous au WIKIVILLAGE - 8 rue de Srebrenica, 75020","og_url":"https:\/\/empow-her.com\/produit\/atelier-journee-viabilite-economique-5\/","og_site_name":"Empow&#039;Her","article_modified_time":"2025-10-08T14:46:13+00:00","og_image":[{"width":1080,"height":1080,"url":"https:\/\/empow-her.com\/wp-content\/uploads\/2025\/10\/Atelier.png","type":"image\/png"}],"twitter_card":"summary_large_image","twitter_misc":{"Tiempo de lectura":"2 minutos"},"schema":{"@context":"https:\/\/schema.org","@graph":[{"@type":"WebPage","@id":"https:\/\/empow-her.com\/produit\/atelier-journee-viabilite-economique-5\/","url":"https:\/\/empow-her.com\/produit\/atelier-journee-viabilite-economique-5\/","name":"Atelier - Journ\u00e9e viabilit\u00e9 \u00e9conomique - Empow&#039;Her","isPartOf":{"@id":"https:\/\/empow-her.com\/#website"},"primaryImageOfPage":{"@id":"https:\/\/empow-her.com\/produit\/atelier-journee-viabilite-economique-5\/#primaryimage"},"image":{"@id":"https:\/\/empow-her.com\/produit\/atelier-journee-viabilite-economique-5\/#primaryimage"},"thumbnailUrl":"https:\/\/empow-her.com\/wp-content\/uploads\/2025\/10\/Atelier.png","datePublished":"2025-10-08T14:13:20+00:00","dateModified":"2025-10-08T14:46:13+00:00","breadcrumb":{"@id":"https:\/\/empow-her.com\/produit\/atelier-journee-viabilite-economique-5\/#breadcrumb"},"inLanguage":"es","potentialAction":[{"@type":"ReadAction","target":["https:\/\/empow-her.com\/produit\/atelier-journee-viabilite-economique-5\/"]}]},{"@type":"ImageObject","inLanguage":"es","@id":"https:\/\/empow-her.com\/produit\/atelier-journee-viabilite-economique-5\/#primaryimage","url":"https:\/\/empow-her.com\/wp-content\/uploads\/2025\/10\/Atelier.png","contentUrl":"https:\/\/empow-her.com\/wp-content\/uploads\/2025\/10\/Atelier.png","width":1080,"height":1080},{"@type":"BreadcrumbList","@id":"https:\/\/empow-her.com\/produit\/atelier-journee-viabilite-economique-5\/#breadcrumb","itemListElement":[{"@type":"ListItem","position":1,"name":"Accueil","item":"https:\/\/empow-her.com\/es\/inicio\/"},{"@type":"ListItem","position":2,"name":"LA BOUTIQUE","item":"https:\/\/empow-her.com\/boutique\/"},{"@type":"ListItem","position":3,"name":"Atelier &#8211; Journ\u00e9e viabilit\u00e9 \u00e9conomique"}]},{"@type":"WebSite","@id":"https:\/\/empow-her.com\/#website","url":"https:\/\/empow-her.com\/","name":"Empow&#039;Her","description":"Women Development","potentialAction":[{"@type":"SearchAction","target":{"@type":"EntryPoint","urlTemplate":"https:\/\/empow-her.com\/?s={search_term_string}"},"query-input":{"@type":"PropertyValueSpecification","valueRequired":true,"valueName":"search_term_string"}}],"inLanguage":"es"}]}},"_links":{"self":[{"href":"https:\/\/empow-her.com\/es\/wp-json\/wp\/v2\/product\/270130","targetHints":{"allow":["GET"]}}],"collection":[{"href":"https:\/\/empow-her.com\/es\/wp-json\/wp\/v2\/product"}],"about":[{"href":"https:\/\/empow-her.com\/es\/wp-json\/wp\/v2\/types\/product"}],"wp:featuredmedia":[{"embeddable":true,"href":"https:\/\/empow-her.com\/es\/wp-json\/wp\/v2\/media\/269992"}],"wp:attachment":[{"href":"https:\/\/empow-her.com\/es\/wp-json\/wp\/v2\/media?parent=270130"}],"wp:term":[{"taxonomy":"product_brand","embeddable":true,"href":"https:\/\/empow-her.com\/es\/wp-json\/wp\/v2\/product_brand?post=270130"},{"taxonomy":"product_cat","embeddable":true,"href":"https:\/\/empow-her.com\/es\/wp-json\/wp\/v2\/product_cat?post=270130"},{"taxonomy":"product_tag","embeddable":true,"href":"https:\/\/empow-her.com\/es\/wp-json\/wp\/v2\/product_tag?post=270130"},{"taxonomy":"lieu","embeddable":true,"href":"https:\/\/empow-her.com\/es\/wp-json\/wp\/v2\/lieu?post=270130"},{"taxonomy":"thematiques","embeddable":true,"href":"https:\/\/empow-her.com\/es\/wp-json\/wp\/v2\/thematiques?post=270130"}],"curies":[{"name":"wp","href":"https:\/\/api.w.org\/{rel}","templated":true}]}}