{"id":270105,"date":"2025-10-08T12:57:54","date_gmt":"2025-10-08T10:57:54","guid":{"rendered":"https:\/\/empow-her.com\/?post_type=product&#038;p=270105"},"modified":"2025-10-08T13:02:46","modified_gmt":"2025-10-08T11:02:46","slug":"business-plan-financement","status":"publish","type":"product","link":"https:\/\/empow-her.com\/es\/produit\/business-plan-financement\/","title":{"rendered":"Business plan &#038; financement"},"content":{"rendered":"<p><span data-sheets-root=\"1\"><strong> 1h de coaching pour\u00a0clarifier vos enjeux financiers et avancer avec confiance dans le d\u00e9veloppement de votre projet !\u00a0<\/strong><\/p>\n<p><em>Vous avez des questions sur le financement, le pr\u00e9visionnel, la comptabilit\u00e9 ou la r\u00e9daction de votre Business Plan ? Vous aimeriez y voir plus clair pour structurer votre projet sereinement ? Ce coaching individuel avec un.e expert.e du financement vous permettra d&#8217;explorer les aspects cl\u00e9s de la gestion financi\u00e8re et d&#8217;identifier les solutions adapt\u00e9es \u00e0 votre projet.<\/em><\/p>\n<p><em><strong> Ce que nous pouvons aborder<\/strong><\/em><br \/>\n<\/span><\/p>\n<ul>\n<li><span data-sheets-root=\"1\"><strong> Affiner vos pr\u00e9visions budg\u00e9taires :<\/strong> D\u00e9terminer les investissements n\u00e9cessaires et structurer votre plan de financement.<\/span><\/li>\n<li><span data-sheets-root=\"1\"><strong> R\u00e9diger un Business Plan solide :<\/strong> Construire un pr\u00e9visionnel financier clair et coh\u00e9rent pour convaincre vos partenaires et financeurs.<\/span><\/li>\n<li><span data-sheets-root=\"1\"><strong> Explorer les solutions de financement adapt\u00e9es :<\/strong> Identifier les dispositifs les plus pertinents selon votre projet et votre situation.<\/span><\/li>\n<li><span data-sheets-root=\"1\"><strong> Comprendre les bases de la comptabilit\u00e9 :<\/strong> D\u00e9couvrir vos obligations comptables en tant qu\u2019entrepreneur.e et apprendre \u00e0 organiser votre gestion financi\u00e8re.<br \/>\n<\/span><\/li>\n<\/ul>\n<p>&nbsp;<\/p>\n<p><strong>Pr\u00e9sentation de l&#8217;intervenante: Antoine<\/strong><\/p>\n<p><span data-sheets-root=\"1\"><strong>Son super pouvoir:<\/strong> Explorer tous les mod\u00e8les \u00e9conomiques possibles !<\/p>\n<p><strong>Son petit mot:<\/strong> C&#8217;est par nos actions aujourd&#8217;hui que nous \u00e9crivons le monde de demain &#8211; bravo de vous \u00eatre lanc\u00e9e dans cette aventure !<\/span><\/p>\n","protected":false},"excerpt":{"rendered":"<p><span data-sheets-root=\"1\"><strong> 1h de coaching pour\u00a0clarifier vos enjeux financiers et avancer avec confiance dans le d\u00e9veloppement de votre projet !\u00a0<\/strong><\/p>\n<p><em>Vous avez des questions sur le financement, le pr\u00e9visionnel, la comptabilit\u00e9 ou la r\u00e9daction de votre Business Plan ? Vous aimeriez y voir plus clair pour structurer votre projet sereinement ? Ce coaching individuel avec un.e expert.e du financement vous permettra d&#8217;explorer les aspects cl\u00e9s de la gestion financi\u00e8re et d&#8217;identifier les solutions adapt\u00e9es \u00e0 votre projet.<\/em><\/p>\n<p><em><strong> Ce que nous pouvons aborder<\/strong><\/em><br \/>\n<\/span><\/p>\n<ul>\n<li><span data-sheets-root=\"1\"><strong> Affiner vos pr\u00e9visions budg\u00e9taires :<\/strong> D\u00e9terminer les investissements n\u00e9cessaires et structurer votre plan de financement.<\/span><\/li>\n<li><span data-sheets-root=\"1\"><strong> R\u00e9diger un Business Plan solide :<\/strong> Construire un pr\u00e9visionnel financier clair et coh\u00e9rent pour convaincre vos partenaires et financeurs.<\/span><\/li>\n<li><span data-sheets-root=\"1\"><strong> Explorer les solutions de financement adapt\u00e9es :<\/strong> Identifier les dispositifs les plus pertinents selon votre projet et votre situation.<\/span><\/li>\n<li><span data-sheets-root=\"1\"><strong> Comprendre les bases de la comptabilit\u00e9 :<\/strong> D\u00e9couvrir vos obligations comptables en tant qu\u2019entrepreneur.e et apprendre \u00e0 organiser votre gestion financi\u00e8re.<br \/>\n<\/span><\/li>\n<\/ul>\n<p>&nbsp;<\/p>\n<p><strong>Pr\u00e9sentation de l&#8217;intervenante: Antoine<\/strong><\/p>\n<p><span data-sheets-root=\"1\"><strong>Son super pouvoir:<\/strong> Explorer tous les mod\u00e8les \u00e9conomiques possibles !<\/p>\n<p><strong>Son petit mot:<\/strong> C&#8217;est par nos actions aujourd&#8217;hui que nous \u00e9crivons le monde de demain &#8211; bravo de vous \u00eatre lanc\u00e9e dans cette aventure !<\/span><\/p>\n","protected":false},"featured_media":269998,"template":"","format":"standard","meta":{"_acf_changed":false,"om_disable_all_campaigns":false,"_uf_show_specific_survey":0,"_uf_disable_surveys":false},"product_brand":[],"product_cat":[121],"product_tag":[143],"lieu":[125],"thematiques":[],"class_list":{"0":"post-270105","1":"product","2":"type-product","3":"status-publish","4":"format-standard","5":"has-post-thumbnail","7":"product_cat-coaching","8":"product_tag-en-ligne","9":"lieu-en-ligne","11":"first","12":"instock","13":"virtual","14":"purchasable","15":"product-type-appointment"},"exclude_global_add_ons":[],"addons":[],"acf":[],"yoast_head":"<!-- This site is optimized with the Yoast SEO plugin v24.8 - https:\/\/yoast.com\/wordpress\/plugins\/seo\/ -->\n<title>Coaching - Business plan &amp; financement<\/title>\n<meta name=\"robots\" content=\"index, follow, max-snippet:-1, max-image-preview:large, max-video-preview:-1\" \/>\n<link rel=\"canonical\" href=\"https:\/\/empow-her.com\/produit\/business-plan-financement\/\" \/>\n<meta property=\"og:locale\" content=\"es_ES\" \/>\n<meta property=\"og:type\" content=\"article\" \/>\n<meta property=\"og:title\" content=\"Coaching - Business plan &amp; financement\" \/>\n<meta property=\"og:description\" content=\"1h de coaching pour\u00a0clarifier vos enjeux financiers et avancer avec confiance dans le d\u00e9veloppement de votre projet !\u00a0  Vous avez des questions sur le financement, le pr\u00e9visionnel, la comptabilit\u00e9 ou la r\u00e9daction de votre Business Plan ? Vous aimeriez y voir plus clair pour structurer votre projet sereinement ? Ce coaching individuel avec un.e expert.e du financement vous permettra d&#039;explorer les aspects cl\u00e9s de la gestion financi\u00e8re et d&#039;identifier les solutions adapt\u00e9es \u00e0 votre projet.   Ce que nous pouvons aborder     Affiner vos pr\u00e9visions budg\u00e9taires : D\u00e9terminer les investissements n\u00e9cessaires et structurer votre plan de financement.   R\u00e9diger un Business Plan solide : Construire un pr\u00e9visionnel financier clair et coh\u00e9rent pour convaincre vos partenaires et financeurs.   Explorer les solutions de financement adapt\u00e9es : Identifier les dispositifs les plus pertinents selon votre projet et votre situation.   Comprendre les bases de la comptabilit\u00e9 : D\u00e9couvrir vos obligations comptables en tant qu\u2019entrepreneur.e et apprendre \u00e0 organiser votre gestion financi\u00e8re.   &nbsp;  Pr\u00e9sentation de l&#039;intervenante: Antoine  Son super pouvoir: Explorer tous les mod\u00e8les \u00e9conomiques possibles !  Son petit mot: C&#039;est par nos actions aujourd&#039;hui que nous \u00e9crivons le monde de demain - bravo de vous \u00eatre lanc\u00e9e dans cette aventure !\" \/>\n<meta property=\"og:url\" content=\"https:\/\/empow-her.com\/produit\/business-plan-financement\/\" \/>\n<meta property=\"og:site_name\" content=\"Empow&#039;Her\" \/>\n<meta property=\"article:modified_time\" content=\"2025-10-08T11:02:46+00:00\" \/>\n<meta property=\"og:image\" content=\"https:\/\/empow-her.com\/wp-content\/uploads\/2025\/10\/Coaching.png\" \/>\n\t<meta property=\"og:image:width\" content=\"1080\" \/>\n\t<meta property=\"og:image:height\" content=\"1080\" \/>\n\t<meta property=\"og:image:type\" content=\"image\/png\" \/>\n<meta name=\"twitter:card\" content=\"summary_large_image\" \/>\n<meta name=\"twitter:label1\" content=\"Tiempo de lectura\" \/>\n\t<meta name=\"twitter:data1\" content=\"2 minutos\" \/>\n<script type=\"application\/ld+json\" class=\"yoast-schema-graph\">{\"@context\":\"https:\/\/schema.org\",\"@graph\":[{\"@type\":\"WebPage\",\"@id\":\"https:\/\/empow-her.com\/produit\/business-plan-financement\/\",\"url\":\"https:\/\/empow-her.com\/produit\/business-plan-financement\/\",\"name\":\"Coaching - Business plan & financement\",\"isPartOf\":{\"@id\":\"https:\/\/empow-her.com\/#website\"},\"primaryImageOfPage\":{\"@id\":\"https:\/\/empow-her.com\/produit\/business-plan-financement\/#primaryimage\"},\"image\":{\"@id\":\"https:\/\/empow-her.com\/produit\/business-plan-financement\/#primaryimage\"},\"thumbnailUrl\":\"https:\/\/empow-her.com\/wp-content\/uploads\/2025\/10\/Coaching.png\",\"datePublished\":\"2025-10-08T10:57:54+00:00\",\"dateModified\":\"2025-10-08T11:02:46+00:00\",\"breadcrumb\":{\"@id\":\"https:\/\/empow-her.com\/produit\/business-plan-financement\/#breadcrumb\"},\"inLanguage\":\"es\",\"potentialAction\":[{\"@type\":\"ReadAction\",\"target\":[\"https:\/\/empow-her.com\/produit\/business-plan-financement\/\"]}]},{\"@type\":\"ImageObject\",\"inLanguage\":\"es\",\"@id\":\"https:\/\/empow-her.com\/produit\/business-plan-financement\/#primaryimage\",\"url\":\"https:\/\/empow-her.com\/wp-content\/uploads\/2025\/10\/Coaching.png\",\"contentUrl\":\"https:\/\/empow-her.com\/wp-content\/uploads\/2025\/10\/Coaching.png\",\"width\":1080,\"height\":1080},{\"@type\":\"BreadcrumbList\",\"@id\":\"https:\/\/empow-her.com\/produit\/business-plan-financement\/#breadcrumb\",\"itemListElement\":[{\"@type\":\"ListItem\",\"position\":1,\"name\":\"Accueil\",\"item\":\"https:\/\/empow-her.com\/es\/inicio\/\"},{\"@type\":\"ListItem\",\"position\":2,\"name\":\"LA BOUTIQUE\",\"item\":\"https:\/\/empow-her.com\/boutique\/\"},{\"@type\":\"ListItem\",\"position\":3,\"name\":\"Business plan &#038; financement\"}]},{\"@type\":\"WebSite\",\"@id\":\"https:\/\/empow-her.com\/#website\",\"url\":\"https:\/\/empow-her.com\/\",\"name\":\"Empow&#039;Her\",\"description\":\"Women Development\",\"potentialAction\":[{\"@type\":\"SearchAction\",\"target\":{\"@type\":\"EntryPoint\",\"urlTemplate\":\"https:\/\/empow-her.com\/?s={search_term_string}\"},\"query-input\":{\"@type\":\"PropertyValueSpecification\",\"valueRequired\":true,\"valueName\":\"search_term_string\"}}],\"inLanguage\":\"es\"}]}<\/script>\n<!-- \/ Yoast SEO plugin. -->","yoast_head_json":{"title":"Coaching - Business plan & financement","robots":{"index":"index","follow":"follow","max-snippet":"max-snippet:-1","max-image-preview":"max-image-preview:large","max-video-preview":"max-video-preview:-1"},"canonical":"https:\/\/empow-her.com\/produit\/business-plan-financement\/","og_locale":"es_ES","og_type":"article","og_title":"Coaching - Business plan & financement","og_description":"1h de coaching pour\u00a0clarifier vos enjeux financiers et avancer avec confiance dans le d\u00e9veloppement de votre projet !\u00a0  Vous avez des questions sur le financement, le pr\u00e9visionnel, la comptabilit\u00e9 ou la r\u00e9daction de votre Business Plan ? Vous aimeriez y voir plus clair pour structurer votre projet sereinement ? Ce coaching individuel avec un.e expert.e du financement vous permettra d'explorer les aspects cl\u00e9s de la gestion financi\u00e8re et d'identifier les solutions adapt\u00e9es \u00e0 votre projet.   Ce que nous pouvons aborder     Affiner vos pr\u00e9visions budg\u00e9taires : D\u00e9terminer les investissements n\u00e9cessaires et structurer votre plan de financement.   R\u00e9diger un Business Plan solide : Construire un pr\u00e9visionnel financier clair et coh\u00e9rent pour convaincre vos partenaires et financeurs.   Explorer les solutions de financement adapt\u00e9es : Identifier les dispositifs les plus pertinents selon votre projet et votre situation.   Comprendre les bases de la comptabilit\u00e9 : D\u00e9couvrir vos obligations comptables en tant qu\u2019entrepreneur.e et apprendre \u00e0 organiser votre gestion financi\u00e8re.   &nbsp;  Pr\u00e9sentation de l'intervenante: Antoine  Son super pouvoir: Explorer tous les mod\u00e8les \u00e9conomiques possibles !  Son petit mot: C'est par nos actions aujourd'hui que nous \u00e9crivons le monde de demain - bravo de vous \u00eatre lanc\u00e9e dans cette aventure !","og_url":"https:\/\/empow-her.com\/produit\/business-plan-financement\/","og_site_name":"Empow&#039;Her","article_modified_time":"2025-10-08T11:02:46+00:00","og_image":[{"width":1080,"height":1080,"url":"https:\/\/empow-her.com\/wp-content\/uploads\/2025\/10\/Coaching.png","type":"image\/png"}],"twitter_card":"summary_large_image","twitter_misc":{"Tiempo de lectura":"2 minutos"},"schema":{"@context":"https:\/\/schema.org","@graph":[{"@type":"WebPage","@id":"https:\/\/empow-her.com\/produit\/business-plan-financement\/","url":"https:\/\/empow-her.com\/produit\/business-plan-financement\/","name":"Coaching - Business plan & financement","isPartOf":{"@id":"https:\/\/empow-her.com\/#website"},"primaryImageOfPage":{"@id":"https:\/\/empow-her.com\/produit\/business-plan-financement\/#primaryimage"},"image":{"@id":"https:\/\/empow-her.com\/produit\/business-plan-financement\/#primaryimage"},"thumbnailUrl":"https:\/\/empow-her.com\/wp-content\/uploads\/2025\/10\/Coaching.png","datePublished":"2025-10-08T10:57:54+00:00","dateModified":"2025-10-08T11:02:46+00:00","breadcrumb":{"@id":"https:\/\/empow-her.com\/produit\/business-plan-financement\/#breadcrumb"},"inLanguage":"es","potentialAction":[{"@type":"ReadAction","target":["https:\/\/empow-her.com\/produit\/business-plan-financement\/"]}]},{"@type":"ImageObject","inLanguage":"es","@id":"https:\/\/empow-her.com\/produit\/business-plan-financement\/#primaryimage","url":"https:\/\/empow-her.com\/wp-content\/uploads\/2025\/10\/Coaching.png","contentUrl":"https:\/\/empow-her.com\/wp-content\/uploads\/2025\/10\/Coaching.png","width":1080,"height":1080},{"@type":"BreadcrumbList","@id":"https:\/\/empow-her.com\/produit\/business-plan-financement\/#breadcrumb","itemListElement":[{"@type":"ListItem","position":1,"name":"Accueil","item":"https:\/\/empow-her.com\/es\/inicio\/"},{"@type":"ListItem","position":2,"name":"LA BOUTIQUE","item":"https:\/\/empow-her.com\/boutique\/"},{"@type":"ListItem","position":3,"name":"Business plan &#038; financement"}]},{"@type":"WebSite","@id":"https:\/\/empow-her.com\/#website","url":"https:\/\/empow-her.com\/","name":"Empow&#039;Her","description":"Women Development","potentialAction":[{"@type":"SearchAction","target":{"@type":"EntryPoint","urlTemplate":"https:\/\/empow-her.com\/?s={search_term_string}"},"query-input":{"@type":"PropertyValueSpecification","valueRequired":true,"valueName":"search_term_string"}}],"inLanguage":"es"}]}},"_links":{"self":[{"href":"https:\/\/empow-her.com\/es\/wp-json\/wp\/v2\/product\/270105","targetHints":{"allow":["GET"]}}],"collection":[{"href":"https:\/\/empow-her.com\/es\/wp-json\/wp\/v2\/product"}],"about":[{"href":"https:\/\/empow-her.com\/es\/wp-json\/wp\/v2\/types\/product"}],"wp:featuredmedia":[{"embeddable":true,"href":"https:\/\/empow-her.com\/es\/wp-json\/wp\/v2\/media\/269998"}],"wp:attachment":[{"href":"https:\/\/empow-her.com\/es\/wp-json\/wp\/v2\/media?parent=270105"}],"wp:term":[{"taxonomy":"product_brand","embeddable":true,"href":"https:\/\/empow-her.com\/es\/wp-json\/wp\/v2\/product_brand?post=270105"},{"taxonomy":"product_cat","embeddable":true,"href":"https:\/\/empow-her.com\/es\/wp-json\/wp\/v2\/product_cat?post=270105"},{"taxonomy":"product_tag","embeddable":true,"href":"https:\/\/empow-her.com\/es\/wp-json\/wp\/v2\/product_tag?post=270105"},{"taxonomy":"lieu","embeddable":true,"href":"https:\/\/empow-her.com\/es\/wp-json\/wp\/v2\/lieu?post=270105"},{"taxonomy":"thematiques","embeddable":true,"href":"https:\/\/empow-her.com\/es\/wp-json\/wp\/v2\/thematiques?post=270105"}],"curies":[{"name":"wp","href":"https:\/\/api.w.org\/{rel}","templated":true}]}}