{"id":270080,"date":"2025-10-08T11:15:28","date_gmt":"2025-10-08T09:15:28","guid":{"rendered":"https:\/\/empow-her.com\/?post_type=product&#038;p=270080"},"modified":"2025-10-08T11:29:52","modified_gmt":"2025-10-08T09:29:52","slug":"%f0%9f%8e%89-women-dare-x-source-rencontre-entre-entrepreneuses-inspirantes","status":"publish","type":"product","link":"https:\/\/empow-her.com\/es\/produit\/%f0%9f%8e%89-women-dare-x-source-rencontre-entre-entrepreneuses-inspirantes\/","title":{"rendered":"\u00a0Women Dare x Source : Rencontre entre entrepreneuses inspirantes"},"content":{"rendered":"<p><strong>Women Dare x Source : Rencontre entre entrepreneuses inspirantes<\/strong><\/p>\n<p>Vous souhaitez vous inspirer, \u00e9largir votre r\u00e9seau et rencontrer d\u2019autres femmes audacieuses ? Cette soir\u00e9e est faite pour vous !<\/p>\n<p>Le\u00a0<strong>23 octobre \u00e0 partir de 18h<\/strong>, rejoignez-nous dans les locaux de\u00a0<strong>Creatis<\/strong>\u00a0(15, rue de la Fontaine au Roi, 75011 Paris) pour une rencontre unique avec la nouvelle promotion du\u00a0<strong>programme Source<\/strong>.<\/p>\n<p><strong>Source<\/strong>\u00a0est le programme d\u2019accompagnement qui\u00a0<strong>bouscule les codes, d\u00e9cloisonne les univers et f\u00e9minise le paysage culturel fran\u00e7ais<\/strong>. Depuis sa cr\u00e9ation en 2020, il accompagne des femmes entrepreneuses \u2013 ou en devenir \u2013 souvent\u00a0<strong>\u00e9loign\u00e9es de l\u2019\u00e9cosyst\u00e8me culturel<\/strong>, en leur offrant un soutien concret, des rencontres et des outils pour d\u00e9velopper leurs projets. La nouvelle promotion a \u00e9t\u00e9 lanc\u00e9e le\u00a0<strong>9 septembre dernier<\/strong>, et l\u2019\u00e9quipe Source souhaite profiter de cette occasion pour\u00a0<strong>\u00e9changer et partager avec vous, les entrepreneuses de Women Dare<\/strong>.<\/p>\n<p><strong>Au programme de la soir\u00e9e :<\/strong><br \/>\n\u2728\u00a0<strong>Ice-breaker<\/strong>\u00a0pour faire connaissance et cr\u00e9er des liens d\u00e8s les premi\u00e8res minutes<br \/>\n\u2728\u00a0<strong>Rencontres inspirantes<\/strong>\u00a0avec les entrepreneuses du programme Source<br \/>\n\u2728\u00a0<strong>R\u00e9seautage libre<\/strong>\u00a0pour \u00e9changer, partager vos exp\u00e9riences et d\u00e9couvrir de nouvelles opportunit\u00e9s<\/p>\n<p>Cette rencontre est une\u00a0<strong>occasion rare de tisser des liens avec des femmes passionn\u00e9es et engag\u00e9es<\/strong>, de s\u2019inspirer de parcours vari\u00e9s et de booster votre r\u00e9seau entrepreneurial.<\/p>\n<p><strong>Un format convivial et participatif<\/strong>\u00a0: pour cl\u00f4turer la soir\u00e9e dans la bonne humeur, nous vous invitons \u00e0 apporter quelque chose \u00e0 boire ou \u00e0 grignoter \u00e0 partager. L\u2019id\u00e9e est de cr\u00e9er un moment chaleureux, simple et authentique autour d\u2019\u00e9changes informels.<\/p>\n<p>&nbsp;<\/p>\n","protected":false},"excerpt":{"rendered":"<p><strong>Women Dare x Source : Rencontre entre entrepreneuses inspirantes<\/strong><\/p>\n<p>Vous souhaitez vous inspirer, \u00e9largir votre r\u00e9seau et rencontrer d\u2019autres femmes audacieuses ? Cette soir\u00e9e est faite pour vous !<\/p>\n<p>Le\u00a0<strong>23 octobre \u00e0 partir de 18h<\/strong>, rejoignez-nous dans les locaux de\u00a0<strong>Creatis<\/strong>\u00a0(15, rue de la Fontaine au Roi, 75011 Paris) pour une rencontre unique avec la nouvelle promotion du\u00a0<strong>programme Source<\/strong>.<\/p>\n<p><strong>Source<\/strong>\u00a0est le programme d\u2019accompagnement qui\u00a0<strong>bouscule les codes, d\u00e9cloisonne les univers et f\u00e9minise le paysage culturel fran\u00e7ais<\/strong>. Depuis sa cr\u00e9ation en 2020, il accompagne des femmes entrepreneuses \u2013 ou en devenir \u2013 souvent\u00a0<strong>\u00e9loign\u00e9es de l\u2019\u00e9cosyst\u00e8me culturel<\/strong>, en leur offrant un soutien concret, des rencontres et des outils pour d\u00e9velopper leurs projets. La nouvelle promotion a \u00e9t\u00e9 lanc\u00e9e le\u00a0<strong>9 septembre dernier<\/strong>, et l\u2019\u00e9quipe Source souhaite profiter de cette occasion pour\u00a0<strong>\u00e9changer et partager avec vous, les entrepreneuses de Women Dare<\/strong>.<\/p>\n<p><strong>Au programme de la soir\u00e9e :<\/strong><br \/>\n\u2728\u00a0<strong>Ice-breaker<\/strong>\u00a0pour faire connaissance et cr\u00e9er des liens d\u00e8s les premi\u00e8res minutes<br \/>\n\u2728\u00a0<strong>Rencontres inspirantes<\/strong>\u00a0avec les entrepreneuses du programme Source<br \/>\n\u2728\u00a0<strong>R\u00e9seautage libre<\/strong>\u00a0pour \u00e9changer, partager vos exp\u00e9riences et d\u00e9couvrir de nouvelles opportunit\u00e9s<\/p>\n<p>Cette rencontre est une\u00a0<strong>occasion rare de tisser des liens avec des femmes passionn\u00e9es et engag\u00e9es<\/strong>, de s\u2019inspirer de parcours vari\u00e9s et de booster votre r\u00e9seau entrepreneurial.<\/p>\n<p><strong>Un format convivial et participatif<\/strong>\u00a0: pour cl\u00f4turer la soir\u00e9e dans la bonne humeur, nous vous invitons \u00e0 apporter quelque chose \u00e0 boire ou \u00e0 grignoter \u00e0 partager. L\u2019id\u00e9e est de cr\u00e9er un moment chaleureux, simple et authentique autour d\u2019\u00e9changes informels.<\/p>\n<p>&nbsp;<\/p>\n","protected":false},"featured_media":270081,"template":"","format":"standard","meta":{"_acf_changed":false,"om_disable_all_campaigns":false,"_uf_show_specific_survey":0,"_uf_disable_surveys":false},"product_brand":[],"product_cat":[228],"product_tag":[],"lieu":[],"thematiques":[],"class_list":{"0":"post-270080","1":"product","2":"type-product","3":"status-publish","4":"format-standard","5":"has-post-thumbnail","7":"product_cat-rencontre-ecosysteme","9":"first","10":"instock","11":"virtual","12":"purchasable","13":"product-type-appointment"},"exclude_global_add_ons":[],"addons":[],"acf":[],"yoast_head":"<!-- This site is optimized with the Yoast SEO plugin v24.8 - https:\/\/yoast.com\/wordpress\/plugins\/seo\/ -->\n<title>\u00a0Women Dare x Source : Rencontre entre entrepreneuses inspirantes - Empow&#039;Her<\/title>\n<meta name=\"robots\" content=\"index, follow, max-snippet:-1, max-image-preview:large, max-video-preview:-1\" \/>\n<link rel=\"canonical\" href=\"https:\/\/empow-her.com\/produit\/\ud83c\udf89-women-dare-x-source-rencontre-entre-entrepreneuses-inspirantes\/\" \/>\n<meta property=\"og:locale\" content=\"es_ES\" \/>\n<meta property=\"og:type\" content=\"article\" \/>\n<meta property=\"og:title\" content=\"\u00a0Women Dare x Source : Rencontre entre entrepreneuses inspirantes - Empow&#039;Her\" \/>\n<meta property=\"og:description\" content=\"Women Dare x Source : Rencontre entre entrepreneuses inspirantes  Vous souhaitez vous inspirer, \u00e9largir votre r\u00e9seau et rencontrer d\u2019autres femmes audacieuses ? Cette soir\u00e9e est faite pour vous !  Le\u00a023 octobre \u00e0 partir de 18h, rejoignez-nous dans les locaux de\u00a0Creatis\u00a0(15, rue de la Fontaine au Roi, 75011 Paris) pour une rencontre unique avec la nouvelle promotion du\u00a0programme Source.  Source\u00a0est le programme d\u2019accompagnement qui\u00a0bouscule les codes, d\u00e9cloisonne les univers et f\u00e9minise le paysage culturel fran\u00e7ais. Depuis sa cr\u00e9ation en 2020, il accompagne des femmes entrepreneuses \u2013 ou en devenir \u2013 souvent\u00a0\u00e9loign\u00e9es de l\u2019\u00e9cosyst\u00e8me culturel, en leur offrant un soutien concret, des rencontres et des outils pour d\u00e9velopper leurs projets. La nouvelle promotion a \u00e9t\u00e9 lanc\u00e9e le\u00a09 septembre dernier, et l\u2019\u00e9quipe Source souhaite profiter de cette occasion pour\u00a0\u00e9changer et partager avec vous, les entrepreneuses de Women Dare.  Au programme de la soir\u00e9e : \u2728\u00a0Ice-breaker\u00a0pour faire connaissance et cr\u00e9er des liens d\u00e8s les premi\u00e8res minutes \u2728\u00a0Rencontres inspirantes\u00a0avec les entrepreneuses du programme Source \u2728\u00a0R\u00e9seautage libre\u00a0pour \u00e9changer, partager vos exp\u00e9riences et d\u00e9couvrir de nouvelles opportunit\u00e9s  Cette rencontre est une\u00a0occasion rare de tisser des liens avec des femmes passionn\u00e9es et engag\u00e9es, de s\u2019inspirer de parcours vari\u00e9s et de booster votre r\u00e9seau entrepreneurial.  Un format convivial et participatif\u00a0: pour cl\u00f4turer la soir\u00e9e dans la bonne humeur, nous vous invitons \u00e0 apporter quelque chose \u00e0 boire ou \u00e0 grignoter \u00e0 partager. L\u2019id\u00e9e est de cr\u00e9er un moment chaleureux, simple et authentique autour d\u2019\u00e9changes informels.  &nbsp;\" \/>\n<meta property=\"og:url\" content=\"https:\/\/empow-her.com\/produit\/\ud83c\udf89-women-dare-x-source-rencontre-entre-entrepreneuses-inspirantes\/\" \/>\n<meta property=\"og:site_name\" content=\"Empow&#039;Her\" \/>\n<meta property=\"article:modified_time\" content=\"2025-10-08T09:29:52+00:00\" \/>\n<meta property=\"og:image\" content=\"https:\/\/empow-her.com\/wp-content\/uploads\/2025\/10\/suivi-5.png\" \/>\n\t<meta property=\"og:image:width\" content=\"1080\" \/>\n\t<meta property=\"og:image:height\" content=\"1080\" \/>\n\t<meta property=\"og:image:type\" content=\"image\/png\" \/>\n<meta name=\"twitter:card\" content=\"summary_large_image\" \/>\n<meta name=\"twitter:label1\" content=\"Tiempo de lectura\" \/>\n\t<meta name=\"twitter:data1\" content=\"2 minutos\" \/>\n<script type=\"application\/ld+json\" class=\"yoast-schema-graph\">{\"@context\":\"https:\/\/schema.org\",\"@graph\":[{\"@type\":\"WebPage\",\"@id\":\"https:\/\/empow-her.com\/produit\/%f0%9f%8e%89-women-dare-x-source-rencontre-entre-entrepreneuses-inspirantes\/\",\"url\":\"https:\/\/empow-her.com\/produit\/%f0%9f%8e%89-women-dare-x-source-rencontre-entre-entrepreneuses-inspirantes\/\",\"name\":\"\u00a0Women Dare x Source : Rencontre entre entrepreneuses inspirantes - Empow&#039;Her\",\"isPartOf\":{\"@id\":\"https:\/\/empow-her.com\/#website\"},\"primaryImageOfPage\":{\"@id\":\"https:\/\/empow-her.com\/produit\/%f0%9f%8e%89-women-dare-x-source-rencontre-entre-entrepreneuses-inspirantes\/#primaryimage\"},\"image\":{\"@id\":\"https:\/\/empow-her.com\/produit\/%f0%9f%8e%89-women-dare-x-source-rencontre-entre-entrepreneuses-inspirantes\/#primaryimage\"},\"thumbnailUrl\":\"https:\/\/empow-her.com\/wp-content\/uploads\/2025\/10\/suivi-5.png\",\"datePublished\":\"2025-10-08T09:15:28+00:00\",\"dateModified\":\"2025-10-08T09:29:52+00:00\",\"breadcrumb\":{\"@id\":\"https:\/\/empow-her.com\/produit\/%f0%9f%8e%89-women-dare-x-source-rencontre-entre-entrepreneuses-inspirantes\/#breadcrumb\"},\"inLanguage\":\"es\",\"potentialAction\":[{\"@type\":\"ReadAction\",\"target\":[\"https:\/\/empow-her.com\/produit\/%f0%9f%8e%89-women-dare-x-source-rencontre-entre-entrepreneuses-inspirantes\/\"]}]},{\"@type\":\"ImageObject\",\"inLanguage\":\"es\",\"@id\":\"https:\/\/empow-her.com\/produit\/%f0%9f%8e%89-women-dare-x-source-rencontre-entre-entrepreneuses-inspirantes\/#primaryimage\",\"url\":\"https:\/\/empow-her.com\/wp-content\/uploads\/2025\/10\/suivi-5.png\",\"contentUrl\":\"https:\/\/empow-her.com\/wp-content\/uploads\/2025\/10\/suivi-5.png\",\"width\":1080,\"height\":1080},{\"@type\":\"BreadcrumbList\",\"@id\":\"https:\/\/empow-her.com\/produit\/%f0%9f%8e%89-women-dare-x-source-rencontre-entre-entrepreneuses-inspirantes\/#breadcrumb\",\"itemListElement\":[{\"@type\":\"ListItem\",\"position\":1,\"name\":\"Accueil\",\"item\":\"https:\/\/empow-her.com\/es\/inicio\/\"},{\"@type\":\"ListItem\",\"position\":2,\"name\":\"LA BOUTIQUE\",\"item\":\"https:\/\/empow-her.com\/boutique\/\"},{\"@type\":\"ListItem\",\"position\":3,\"name\":\"\u00a0Women Dare x Source : Rencontre entre entrepreneuses inspirantes\"}]},{\"@type\":\"WebSite\",\"@id\":\"https:\/\/empow-her.com\/#website\",\"url\":\"https:\/\/empow-her.com\/\",\"name\":\"Empow&#039;Her\",\"description\":\"Women Development\",\"potentialAction\":[{\"@type\":\"SearchAction\",\"target\":{\"@type\":\"EntryPoint\",\"urlTemplate\":\"https:\/\/empow-her.com\/?s={search_term_string}\"},\"query-input\":{\"@type\":\"PropertyValueSpecification\",\"valueRequired\":true,\"valueName\":\"search_term_string\"}}],\"inLanguage\":\"es\"}]}<\/script>\n<!-- \/ Yoast SEO plugin. -->","yoast_head_json":{"title":"\u00a0Women Dare x Source : Rencontre entre entrepreneuses inspirantes - Empow&#039;Her","robots":{"index":"index","follow":"follow","max-snippet":"max-snippet:-1","max-image-preview":"max-image-preview:large","max-video-preview":"max-video-preview:-1"},"canonical":"https:\/\/empow-her.com\/produit\/\ud83c\udf89-women-dare-x-source-rencontre-entre-entrepreneuses-inspirantes\/","og_locale":"es_ES","og_type":"article","og_title":"\u00a0Women Dare x Source : Rencontre entre entrepreneuses inspirantes - Empow&#039;Her","og_description":"Women Dare x Source : Rencontre entre entrepreneuses inspirantes  Vous souhaitez vous inspirer, \u00e9largir votre r\u00e9seau et rencontrer d\u2019autres femmes audacieuses ? Cette soir\u00e9e est faite pour vous !  Le\u00a023 octobre \u00e0 partir de 18h, rejoignez-nous dans les locaux de\u00a0Creatis\u00a0(15, rue de la Fontaine au Roi, 75011 Paris) pour une rencontre unique avec la nouvelle promotion du\u00a0programme Source.  Source\u00a0est le programme d\u2019accompagnement qui\u00a0bouscule les codes, d\u00e9cloisonne les univers et f\u00e9minise le paysage culturel fran\u00e7ais. Depuis sa cr\u00e9ation en 2020, il accompagne des femmes entrepreneuses \u2013 ou en devenir \u2013 souvent\u00a0\u00e9loign\u00e9es de l\u2019\u00e9cosyst\u00e8me culturel, en leur offrant un soutien concret, des rencontres et des outils pour d\u00e9velopper leurs projets. La nouvelle promotion a \u00e9t\u00e9 lanc\u00e9e le\u00a09 septembre dernier, et l\u2019\u00e9quipe Source souhaite profiter de cette occasion pour\u00a0\u00e9changer et partager avec vous, les entrepreneuses de Women Dare.  Au programme de la soir\u00e9e : \u2728\u00a0Ice-breaker\u00a0pour faire connaissance et cr\u00e9er des liens d\u00e8s les premi\u00e8res minutes \u2728\u00a0Rencontres inspirantes\u00a0avec les entrepreneuses du programme Source \u2728\u00a0R\u00e9seautage libre\u00a0pour \u00e9changer, partager vos exp\u00e9riences et d\u00e9couvrir de nouvelles opportunit\u00e9s  Cette rencontre est une\u00a0occasion rare de tisser des liens avec des femmes passionn\u00e9es et engag\u00e9es, de s\u2019inspirer de parcours vari\u00e9s et de booster votre r\u00e9seau entrepreneurial.  Un format convivial et participatif\u00a0: pour cl\u00f4turer la soir\u00e9e dans la bonne humeur, nous vous invitons \u00e0 apporter quelque chose \u00e0 boire ou \u00e0 grignoter \u00e0 partager. L\u2019id\u00e9e est de cr\u00e9er un moment chaleureux, simple et authentique autour d\u2019\u00e9changes informels.  &nbsp;","og_url":"https:\/\/empow-her.com\/produit\/\ud83c\udf89-women-dare-x-source-rencontre-entre-entrepreneuses-inspirantes\/","og_site_name":"Empow&#039;Her","article_modified_time":"2025-10-08T09:29:52+00:00","og_image":[{"width":1080,"height":1080,"url":"https:\/\/empow-her.com\/wp-content\/uploads\/2025\/10\/suivi-5.png","type":"image\/png"}],"twitter_card":"summary_large_image","twitter_misc":{"Tiempo de lectura":"2 minutos"},"schema":{"@context":"https:\/\/schema.org","@graph":[{"@type":"WebPage","@id":"https:\/\/empow-her.com\/produit\/%f0%9f%8e%89-women-dare-x-source-rencontre-entre-entrepreneuses-inspirantes\/","url":"https:\/\/empow-her.com\/produit\/%f0%9f%8e%89-women-dare-x-source-rencontre-entre-entrepreneuses-inspirantes\/","name":"\u00a0Women Dare x Source : Rencontre entre entrepreneuses inspirantes - Empow&#039;Her","isPartOf":{"@id":"https:\/\/empow-her.com\/#website"},"primaryImageOfPage":{"@id":"https:\/\/empow-her.com\/produit\/%f0%9f%8e%89-women-dare-x-source-rencontre-entre-entrepreneuses-inspirantes\/#primaryimage"},"image":{"@id":"https:\/\/empow-her.com\/produit\/%f0%9f%8e%89-women-dare-x-source-rencontre-entre-entrepreneuses-inspirantes\/#primaryimage"},"thumbnailUrl":"https:\/\/empow-her.com\/wp-content\/uploads\/2025\/10\/suivi-5.png","datePublished":"2025-10-08T09:15:28+00:00","dateModified":"2025-10-08T09:29:52+00:00","breadcrumb":{"@id":"https:\/\/empow-her.com\/produit\/%f0%9f%8e%89-women-dare-x-source-rencontre-entre-entrepreneuses-inspirantes\/#breadcrumb"},"inLanguage":"es","potentialAction":[{"@type":"ReadAction","target":["https:\/\/empow-her.com\/produit\/%f0%9f%8e%89-women-dare-x-source-rencontre-entre-entrepreneuses-inspirantes\/"]}]},{"@type":"ImageObject","inLanguage":"es","@id":"https:\/\/empow-her.com\/produit\/%f0%9f%8e%89-women-dare-x-source-rencontre-entre-entrepreneuses-inspirantes\/#primaryimage","url":"https:\/\/empow-her.com\/wp-content\/uploads\/2025\/10\/suivi-5.png","contentUrl":"https:\/\/empow-her.com\/wp-content\/uploads\/2025\/10\/suivi-5.png","width":1080,"height":1080},{"@type":"BreadcrumbList","@id":"https:\/\/empow-her.com\/produit\/%f0%9f%8e%89-women-dare-x-source-rencontre-entre-entrepreneuses-inspirantes\/#breadcrumb","itemListElement":[{"@type":"ListItem","position":1,"name":"Accueil","item":"https:\/\/empow-her.com\/es\/inicio\/"},{"@type":"ListItem","position":2,"name":"LA BOUTIQUE","item":"https:\/\/empow-her.com\/boutique\/"},{"@type":"ListItem","position":3,"name":"\u00a0Women Dare x Source : Rencontre entre entrepreneuses inspirantes"}]},{"@type":"WebSite","@id":"https:\/\/empow-her.com\/#website","url":"https:\/\/empow-her.com\/","name":"Empow&#039;Her","description":"Women Development","potentialAction":[{"@type":"SearchAction","target":{"@type":"EntryPoint","urlTemplate":"https:\/\/empow-her.com\/?s={search_term_string}"},"query-input":{"@type":"PropertyValueSpecification","valueRequired":true,"valueName":"search_term_string"}}],"inLanguage":"es"}]}},"_links":{"self":[{"href":"https:\/\/empow-her.com\/es\/wp-json\/wp\/v2\/product\/270080","targetHints":{"allow":["GET"]}}],"collection":[{"href":"https:\/\/empow-her.com\/es\/wp-json\/wp\/v2\/product"}],"about":[{"href":"https:\/\/empow-her.com\/es\/wp-json\/wp\/v2\/types\/product"}],"wp:featuredmedia":[{"embeddable":true,"href":"https:\/\/empow-her.com\/es\/wp-json\/wp\/v2\/media\/270081"}],"wp:attachment":[{"href":"https:\/\/empow-her.com\/es\/wp-json\/wp\/v2\/media?parent=270080"}],"wp:term":[{"taxonomy":"product_brand","embeddable":true,"href":"https:\/\/empow-her.com\/es\/wp-json\/wp\/v2\/product_brand?post=270080"},{"taxonomy":"product_cat","embeddable":true,"href":"https:\/\/empow-her.com\/es\/wp-json\/wp\/v2\/product_cat?post=270080"},{"taxonomy":"product_tag","embeddable":true,"href":"https:\/\/empow-her.com\/es\/wp-json\/wp\/v2\/product_tag?post=270080"},{"taxonomy":"lieu","embeddable":true,"href":"https:\/\/empow-her.com\/es\/wp-json\/wp\/v2\/lieu?post=270080"},{"taxonomy":"thematiques","embeddable":true,"href":"https:\/\/empow-her.com\/es\/wp-json\/wp\/v2\/thematiques?post=270080"}],"curies":[{"name":"wp","href":"https:\/\/api.w.org\/{rel}","templated":true}]}}