{"id":269529,"date":"2025-09-02T11:42:14","date_gmt":"2025-09-02T09:42:14","guid":{"rendered":"https:\/\/empow-her.com\/?post_type=product&#038;p=269529"},"modified":"2025-09-02T11:52:19","modified_gmt":"2025-09-02T09:52:19","slug":"coaching-a-votre-ecoute-6","status":"publish","type":"product","link":"https:\/\/empow-her.com\/es\/produit\/coaching-a-votre-ecoute-6\/","title":{"rendered":"Coaching -A votre \u00e9coute"},"content":{"rendered":"<p><span data-sheets-root=\"1\"><strong> Coaching &#8211; A votre \u00e9coute<\/strong><\/span><\/p>\n<p><span data-sheets-root=\"1\"> 1h de coaching pour d\u00e9bloquer une probl\u00e9matique et avancer sereinement<\/p>\n<p>Un sujet impacte votre projet ou votre posture entrepreneuriale ? Il peut sembler trop petit, marginal, soudain ou d\u00e9licat\u2026 et vous ne savez pas par o\u00f9 commencer ? Ce coaching vous permet de prendre du recul et d\u2019y voir plus clair.<\/p>\n<p><strong> D\u00e9roul\u00e9 de la s\u00e9ance :<\/strong><br \/>\n<\/span><\/p>\n<p><span data-sheets-root=\"1\">-Temps d&#8217;\u00e9coute de la probl\u00e9matique<br \/>\n-Co-cr\u00e9ation d&#8217;un objectif pour la s\u00e9ance, en lien avec votre besoin<br \/>\n-Questionnement, \u00e9changes et introspection pour faire \u00e9merger les ressources qui vous permettront d&#8217;avancer vers votre objectif<br \/>\n-Co-construction d&#8217;un plan d&#8217;action avec un premier petit pas pour vous remettre en mouvement<br \/>\n-Apports th\u00e9oriques si besoin<\/span><\/p>\n<p><strong>Une heure pour lever vos freins et reprendre confiance en votre capacit\u00e9 \u00e0 avancer ! <\/strong><\/p>\n<p><strong>Pr\u00e9sentation de l&#8217;intervenante: <span data-sheets-root=\"1\">Valentine<\/span><\/strong><\/p>\n<p><span data-sheets-root=\"1\">Je suis coach et com\u00e9dienne improvisatrice ! Anim\u00e9e par la volont\u00e9 d\u2019\u00e9changer dans la bienveillance et le plaisir, je sais proposer des accompagnements personnalis\u00e9s. Forte de mon expertise en improvisation th\u00e9\u00e2trale, j&#8217;anime via des techniques ludiques et corporelles. Nous d\u00e9veloppons la prise de parole, le rapport positif \u00e0 la prise de risque, le l\u00e2cher-prise, l&#8217;intelligence collective, la cr\u00e9ativit\u00e9, l&#8217;action ! F\u00e9ministe, je coache majoritairement des femmes dans leur vie personnelle et carri\u00e8re professionnelle. En 2020, j\u2019ai cr\u00e9\u00e9 le Wonder Impro Festival, premier festival f\u00e9ministe et inclusif d\u2019improvisation th\u00e9\u00e2trale \u00e0 Paris, et plus r\u00e9cemment le podcast \u201cArdentes\u201d qui donne la parole aux artistes femmes.<\/p>\n<p><strong>Son super pouvoir<\/strong>: R\u00e9partie et spontan\u00e9it\u00e9 !<\/p>\n<p><strong>Son petit mot:<\/strong> C&#8217;est un beau cadeau que vous vous faites aujourd&#8217;hui ! J&#8217;ai h\u00e2te de partir \u00e0 l&#8217;aventure avec vous et d\u00e9couvrir vos supers pouvoirs !<\/span><\/p>\n","protected":false},"excerpt":{"rendered":"<p><span data-sheets-root=\"1\"><strong> Coaching &#8211; A votre \u00e9coute<\/strong><\/span><\/p>\n<p><span data-sheets-root=\"1\"> 1h de coaching pour d\u00e9bloquer une probl\u00e9matique et avancer sereinement<\/p>\n<p>Un sujet impacte votre projet ou votre posture entrepreneuriale ? Il peut sembler trop petit, marginal, soudain ou d\u00e9licat\u2026 et vous ne savez pas par o\u00f9 commencer ? Ce coaching vous permet de prendre du recul et d\u2019y voir plus clair.<\/p>\n<p><strong> D\u00e9roul\u00e9 de la s\u00e9ance :<\/strong><br \/>\n<\/span><\/p>\n<p><span data-sheets-root=\"1\">-Temps d&#8217;\u00e9coute de la probl\u00e9matique<br \/>\n-Co-cr\u00e9ation d&#8217;un objectif pour la s\u00e9ance, en lien avec votre besoin<br \/>\n-Questionnement, \u00e9changes et introspection pour faire \u00e9merger les ressources qui vous permettront d&#8217;avancer vers votre objectif<br \/>\n-Co-construction d&#8217;un plan d&#8217;action avec un premier petit pas pour vous remettre en mouvement<br \/>\n-Apports th\u00e9oriques si besoin<\/span><\/p>\n<p><strong>Une heure pour lever vos freins et reprendre confiance en votre capacit\u00e9 \u00e0 avancer ! <\/strong><\/p>\n<p><strong>Pr\u00e9sentation de l&#8217;intervenante: <span data-sheets-root=\"1\">Valentine<\/span><\/strong><\/p>\n<p><span data-sheets-root=\"1\">Je suis coach et com\u00e9dienne improvisatrice ! Anim\u00e9e par la volont\u00e9 d\u2019\u00e9changer dans la bienveillance et le plaisir, je sais proposer des accompagnements personnalis\u00e9s. Forte de mon expertise en improvisation th\u00e9\u00e2trale, j&#8217;anime via des techniques ludiques et corporelles. Nous d\u00e9veloppons la prise de parole, le rapport positif \u00e0 la prise de risque, le l\u00e2cher-prise, l&#8217;intelligence collective, la cr\u00e9ativit\u00e9, l&#8217;action ! F\u00e9ministe, je coache majoritairement des femmes dans leur vie personnelle et carri\u00e8re professionnelle. En 2020, j\u2019ai cr\u00e9\u00e9 le Wonder Impro Festival, premier festival f\u00e9ministe et inclusif d\u2019improvisation th\u00e9\u00e2trale \u00e0 Paris, et plus r\u00e9cemment le podcast \u201cArdentes\u201d qui donne la parole aux artistes femmes.<\/p>\n<p><strong>Son super pouvoir<\/strong>: R\u00e9partie et spontan\u00e9it\u00e9 !<\/p>\n<p><strong>Son petit mot:<\/strong> C&#8217;est un beau cadeau que vous vous faites aujourd&#8217;hui ! J&#8217;ai h\u00e2te de partir \u00e0 l&#8217;aventure avec vous et d\u00e9couvrir vos supers pouvoirs !<\/span><\/p>\n","protected":false},"featured_media":269530,"template":"","format":"standard","meta":{"_acf_changed":false,"om_disable_all_campaigns":false,"_uf_show_specific_survey":0,"_uf_disable_surveys":false},"product_brand":[],"product_cat":[121],"product_tag":[143],"lieu":[125],"thematiques":[],"class_list":{"0":"post-269529","1":"product","2":"type-product","3":"status-publish","4":"format-standard","5":"has-post-thumbnail","7":"product_cat-coaching","8":"product_tag-en-ligne","9":"lieu-en-ligne","11":"first","12":"instock","13":"virtual","14":"purchasable","15":"product-type-appointment"},"exclude_global_add_ons":[],"addons":[],"acf":[],"yoast_head":"<!-- This site is optimized with the Yoast SEO plugin v24.8 - https:\/\/yoast.com\/wordpress\/plugins\/seo\/ -->\n<title>Coaching - Strat\u00e9gie &amp; prospection commercial<\/title>\n<meta name=\"robots\" content=\"index, follow, max-snippet:-1, max-image-preview:large, max-video-preview:-1\" \/>\n<link rel=\"canonical\" href=\"https:\/\/empow-her.com\/produit\/coaching-a-votre-ecoute-6\/\" \/>\n<meta property=\"og:locale\" content=\"es_ES\" \/>\n<meta property=\"og:type\" content=\"article\" \/>\n<meta property=\"og:title\" content=\"Coaching - Strat\u00e9gie &amp; prospection commercial\" \/>\n<meta property=\"og:description\" content=\"Coaching - A votre \u00e9coute   1h de coaching pour d\u00e9bloquer une probl\u00e9matique et avancer sereinement  Un sujet impacte votre projet ou votre posture entrepreneuriale ? Il peut sembler trop petit, marginal, soudain ou d\u00e9licat\u2026 et vous ne savez pas par o\u00f9 commencer ? Ce coaching vous permet de prendre du recul et d\u2019y voir plus clair.   D\u00e9roul\u00e9 de la s\u00e9ance :   -Temps d&#039;\u00e9coute de la probl\u00e9matique -Co-cr\u00e9ation d&#039;un objectif pour la s\u00e9ance, en lien avec votre besoin -Questionnement, \u00e9changes et introspection pour faire \u00e9merger les ressources qui vous permettront d&#039;avancer vers votre objectif -Co-construction d&#039;un plan d&#039;action avec un premier petit pas pour vous remettre en mouvement -Apports th\u00e9oriques si besoin  Une heure pour lever vos freins et reprendre confiance en votre capacit\u00e9 \u00e0 avancer !   Pr\u00e9sentation de l&#039;intervenante: Valentine  Je suis coach et com\u00e9dienne improvisatrice ! Anim\u00e9e par la volont\u00e9 d\u2019\u00e9changer dans la bienveillance et le plaisir, je sais proposer des accompagnements personnalis\u00e9s. Forte de mon expertise en improvisation th\u00e9\u00e2trale, j&#039;anime via des techniques ludiques et corporelles. Nous d\u00e9veloppons la prise de parole, le rapport positif \u00e0 la prise de risque, le l\u00e2cher-prise, l&#039;intelligence collective, la cr\u00e9ativit\u00e9, l&#039;action ! F\u00e9ministe, je coache majoritairement des femmes dans leur vie personnelle et carri\u00e8re professionnelle. En 2020, j\u2019ai cr\u00e9\u00e9 le Wonder Impro Festival, premier festival f\u00e9ministe et inclusif d\u2019improvisation th\u00e9\u00e2trale \u00e0 Paris, et plus r\u00e9cemment le podcast \u201cArdentes\u201d qui donne la parole aux artistes femmes.  Son super pouvoir: R\u00e9partie et spontan\u00e9it\u00e9 !  Son petit mot: C&#039;est un beau cadeau que vous vous faites aujourd&#039;hui ! J&#039;ai h\u00e2te de partir \u00e0 l&#039;aventure avec vous et d\u00e9couvrir vos supers pouvoirs !\" \/>\n<meta property=\"og:url\" content=\"https:\/\/empow-her.com\/produit\/coaching-a-votre-ecoute-6\/\" \/>\n<meta property=\"og:site_name\" content=\"Empow&#039;Her\" \/>\n<meta property=\"article:modified_time\" content=\"2025-09-02T09:52:19+00:00\" \/>\n<meta property=\"og:image\" content=\"https:\/\/empow-her.com\/wp-content\/uploads\/2025\/09\/COACHING-15.png\" \/>\n\t<meta property=\"og:image:width\" content=\"1080\" \/>\n\t<meta property=\"og:image:height\" content=\"1080\" \/>\n\t<meta property=\"og:image:type\" content=\"image\/png\" \/>\n<meta name=\"twitter:card\" content=\"summary_large_image\" \/>\n<meta name=\"twitter:label1\" content=\"Tiempo de lectura\" \/>\n\t<meta name=\"twitter:data1\" content=\"2 minutos\" \/>\n<script type=\"application\/ld+json\" class=\"yoast-schema-graph\">{\"@context\":\"https:\/\/schema.org\",\"@graph\":[{\"@type\":\"WebPage\",\"@id\":\"https:\/\/empow-her.com\/produit\/coaching-a-votre-ecoute-6\/\",\"url\":\"https:\/\/empow-her.com\/produit\/coaching-a-votre-ecoute-6\/\",\"name\":\"Coaching - Strat\u00e9gie & prospection commercial\",\"isPartOf\":{\"@id\":\"https:\/\/empow-her.com\/#website\"},\"primaryImageOfPage\":{\"@id\":\"https:\/\/empow-her.com\/produit\/coaching-a-votre-ecoute-6\/#primaryimage\"},\"image\":{\"@id\":\"https:\/\/empow-her.com\/produit\/coaching-a-votre-ecoute-6\/#primaryimage\"},\"thumbnailUrl\":\"https:\/\/empow-her.com\/wp-content\/uploads\/2025\/09\/COACHING-15.png\",\"datePublished\":\"2025-09-02T09:42:14+00:00\",\"dateModified\":\"2025-09-02T09:52:19+00:00\",\"breadcrumb\":{\"@id\":\"https:\/\/empow-her.com\/produit\/coaching-a-votre-ecoute-6\/#breadcrumb\"},\"inLanguage\":\"es\",\"potentialAction\":[{\"@type\":\"ReadAction\",\"target\":[\"https:\/\/empow-her.com\/produit\/coaching-a-votre-ecoute-6\/\"]}]},{\"@type\":\"ImageObject\",\"inLanguage\":\"es\",\"@id\":\"https:\/\/empow-her.com\/produit\/coaching-a-votre-ecoute-6\/#primaryimage\",\"url\":\"https:\/\/empow-her.com\/wp-content\/uploads\/2025\/09\/COACHING-15.png\",\"contentUrl\":\"https:\/\/empow-her.com\/wp-content\/uploads\/2025\/09\/COACHING-15.png\",\"width\":1080,\"height\":1080},{\"@type\":\"BreadcrumbList\",\"@id\":\"https:\/\/empow-her.com\/produit\/coaching-a-votre-ecoute-6\/#breadcrumb\",\"itemListElement\":[{\"@type\":\"ListItem\",\"position\":1,\"name\":\"Accueil\",\"item\":\"https:\/\/empow-her.com\/es\/inicio\/\"},{\"@type\":\"ListItem\",\"position\":2,\"name\":\"LA BOUTIQUE\",\"item\":\"https:\/\/empow-her.com\/boutique\/\"},{\"@type\":\"ListItem\",\"position\":3,\"name\":\"Coaching -A votre \u00e9coute\"}]},{\"@type\":\"WebSite\",\"@id\":\"https:\/\/empow-her.com\/#website\",\"url\":\"https:\/\/empow-her.com\/\",\"name\":\"Empow&#039;Her\",\"description\":\"Women Development\",\"potentialAction\":[{\"@type\":\"SearchAction\",\"target\":{\"@type\":\"EntryPoint\",\"urlTemplate\":\"https:\/\/empow-her.com\/?s={search_term_string}\"},\"query-input\":{\"@type\":\"PropertyValueSpecification\",\"valueRequired\":true,\"valueName\":\"search_term_string\"}}],\"inLanguage\":\"es\"}]}<\/script>\n<!-- \/ Yoast SEO plugin. -->","yoast_head_json":{"title":"Coaching - Strat\u00e9gie & prospection commercial","robots":{"index":"index","follow":"follow","max-snippet":"max-snippet:-1","max-image-preview":"max-image-preview:large","max-video-preview":"max-video-preview:-1"},"canonical":"https:\/\/empow-her.com\/produit\/coaching-a-votre-ecoute-6\/","og_locale":"es_ES","og_type":"article","og_title":"Coaching - Strat\u00e9gie & prospection commercial","og_description":"Coaching - A votre \u00e9coute   1h de coaching pour d\u00e9bloquer une probl\u00e9matique et avancer sereinement  Un sujet impacte votre projet ou votre posture entrepreneuriale ? Il peut sembler trop petit, marginal, soudain ou d\u00e9licat\u2026 et vous ne savez pas par o\u00f9 commencer ? Ce coaching vous permet de prendre du recul et d\u2019y voir plus clair.   D\u00e9roul\u00e9 de la s\u00e9ance :   -Temps d'\u00e9coute de la probl\u00e9matique -Co-cr\u00e9ation d'un objectif pour la s\u00e9ance, en lien avec votre besoin -Questionnement, \u00e9changes et introspection pour faire \u00e9merger les ressources qui vous permettront d'avancer vers votre objectif -Co-construction d'un plan d'action avec un premier petit pas pour vous remettre en mouvement -Apports th\u00e9oriques si besoin  Une heure pour lever vos freins et reprendre confiance en votre capacit\u00e9 \u00e0 avancer !   Pr\u00e9sentation de l'intervenante: Valentine  Je suis coach et com\u00e9dienne improvisatrice ! Anim\u00e9e par la volont\u00e9 d\u2019\u00e9changer dans la bienveillance et le plaisir, je sais proposer des accompagnements personnalis\u00e9s. Forte de mon expertise en improvisation th\u00e9\u00e2trale, j'anime via des techniques ludiques et corporelles. Nous d\u00e9veloppons la prise de parole, le rapport positif \u00e0 la prise de risque, le l\u00e2cher-prise, l'intelligence collective, la cr\u00e9ativit\u00e9, l'action ! F\u00e9ministe, je coache majoritairement des femmes dans leur vie personnelle et carri\u00e8re professionnelle. En 2020, j\u2019ai cr\u00e9\u00e9 le Wonder Impro Festival, premier festival f\u00e9ministe et inclusif d\u2019improvisation th\u00e9\u00e2trale \u00e0 Paris, et plus r\u00e9cemment le podcast \u201cArdentes\u201d qui donne la parole aux artistes femmes.  Son super pouvoir: R\u00e9partie et spontan\u00e9it\u00e9 !  Son petit mot: C'est un beau cadeau que vous vous faites aujourd'hui ! J'ai h\u00e2te de partir \u00e0 l'aventure avec vous et d\u00e9couvrir vos supers pouvoirs !","og_url":"https:\/\/empow-her.com\/produit\/coaching-a-votre-ecoute-6\/","og_site_name":"Empow&#039;Her","article_modified_time":"2025-09-02T09:52:19+00:00","og_image":[{"width":1080,"height":1080,"url":"https:\/\/empow-her.com\/wp-content\/uploads\/2025\/09\/COACHING-15.png","type":"image\/png"}],"twitter_card":"summary_large_image","twitter_misc":{"Tiempo de lectura":"2 minutos"},"schema":{"@context":"https:\/\/schema.org","@graph":[{"@type":"WebPage","@id":"https:\/\/empow-her.com\/produit\/coaching-a-votre-ecoute-6\/","url":"https:\/\/empow-her.com\/produit\/coaching-a-votre-ecoute-6\/","name":"Coaching - Strat\u00e9gie & prospection commercial","isPartOf":{"@id":"https:\/\/empow-her.com\/#website"},"primaryImageOfPage":{"@id":"https:\/\/empow-her.com\/produit\/coaching-a-votre-ecoute-6\/#primaryimage"},"image":{"@id":"https:\/\/empow-her.com\/produit\/coaching-a-votre-ecoute-6\/#primaryimage"},"thumbnailUrl":"https:\/\/empow-her.com\/wp-content\/uploads\/2025\/09\/COACHING-15.png","datePublished":"2025-09-02T09:42:14+00:00","dateModified":"2025-09-02T09:52:19+00:00","breadcrumb":{"@id":"https:\/\/empow-her.com\/produit\/coaching-a-votre-ecoute-6\/#breadcrumb"},"inLanguage":"es","potentialAction":[{"@type":"ReadAction","target":["https:\/\/empow-her.com\/produit\/coaching-a-votre-ecoute-6\/"]}]},{"@type":"ImageObject","inLanguage":"es","@id":"https:\/\/empow-her.com\/produit\/coaching-a-votre-ecoute-6\/#primaryimage","url":"https:\/\/empow-her.com\/wp-content\/uploads\/2025\/09\/COACHING-15.png","contentUrl":"https:\/\/empow-her.com\/wp-content\/uploads\/2025\/09\/COACHING-15.png","width":1080,"height":1080},{"@type":"BreadcrumbList","@id":"https:\/\/empow-her.com\/produit\/coaching-a-votre-ecoute-6\/#breadcrumb","itemListElement":[{"@type":"ListItem","position":1,"name":"Accueil","item":"https:\/\/empow-her.com\/es\/inicio\/"},{"@type":"ListItem","position":2,"name":"LA BOUTIQUE","item":"https:\/\/empow-her.com\/boutique\/"},{"@type":"ListItem","position":3,"name":"Coaching -A votre \u00e9coute"}]},{"@type":"WebSite","@id":"https:\/\/empow-her.com\/#website","url":"https:\/\/empow-her.com\/","name":"Empow&#039;Her","description":"Women Development","potentialAction":[{"@type":"SearchAction","target":{"@type":"EntryPoint","urlTemplate":"https:\/\/empow-her.com\/?s={search_term_string}"},"query-input":{"@type":"PropertyValueSpecification","valueRequired":true,"valueName":"search_term_string"}}],"inLanguage":"es"}]}},"_links":{"self":[{"href":"https:\/\/empow-her.com\/es\/wp-json\/wp\/v2\/product\/269529","targetHints":{"allow":["GET"]}}],"collection":[{"href":"https:\/\/empow-her.com\/es\/wp-json\/wp\/v2\/product"}],"about":[{"href":"https:\/\/empow-her.com\/es\/wp-json\/wp\/v2\/types\/product"}],"wp:featuredmedia":[{"embeddable":true,"href":"https:\/\/empow-her.com\/es\/wp-json\/wp\/v2\/media\/269530"}],"wp:attachment":[{"href":"https:\/\/empow-her.com\/es\/wp-json\/wp\/v2\/media?parent=269529"}],"wp:term":[{"taxonomy":"product_brand","embeddable":true,"href":"https:\/\/empow-her.com\/es\/wp-json\/wp\/v2\/product_brand?post=269529"},{"taxonomy":"product_cat","embeddable":true,"href":"https:\/\/empow-her.com\/es\/wp-json\/wp\/v2\/product_cat?post=269529"},{"taxonomy":"product_tag","embeddable":true,"href":"https:\/\/empow-her.com\/es\/wp-json\/wp\/v2\/product_tag?post=269529"},{"taxonomy":"lieu","embeddable":true,"href":"https:\/\/empow-her.com\/es\/wp-json\/wp\/v2\/lieu?post=269529"},{"taxonomy":"thematiques","embeddable":true,"href":"https:\/\/empow-her.com\/es\/wp-json\/wp\/v2\/thematiques?post=269529"}],"curies":[{"name":"wp","href":"https:\/\/api.w.org\/{rel}","templated":true}]}}