{"id":269525,"date":"2025-09-02T11:32:13","date_gmt":"2025-09-02T09:32:13","guid":{"rendered":"https:\/\/empow-her.com\/?post_type=product&#038;p=269525"},"modified":"2025-09-02T11:33:54","modified_gmt":"2025-09-02T09:33:54","slug":"coaching-technique-de-storytelling-copywritting-6","status":"publish","type":"product","link":"https:\/\/empow-her.com\/es\/produit\/coaching-technique-de-storytelling-copywritting-6\/","title":{"rendered":"Coaching &#8211;  Technique de storytelling &#038; copywritting"},"content":{"rendered":"<p><span data-sheets-root=\"1\"><strong> Coaching &#8211; Technique de storytelling &amp; copywritting<\/strong><\/span><\/p>\n<p><em> 1h de coaching pour affiner ton storytelling et ton \u00e9criture<\/em><\/p>\n<p>Une histoire bien racont\u00e9e capte l\u2019attention, marque les esprits et renforce l\u2019impact d\u2019un message. Ce coaching propose un travail concret et interactif pour structurer ton storytelling et fluidifier ton \u00e9criture.<\/p>\n<p><strong>Ce que nous pouvons aborder :<\/strong><\/p>\n<ul>\n<li><strong>Co-construire les piliers de ton storytelling:<\/strong> d\u00e9finir une narration forte et authentique pour donner du relief \u00e0 ton message.<\/li>\n<li><strong>Adopter de bonnes pratiques pour assouplir ta plume:<\/strong> d\u00e9couvrir des exercices et routines pour \u00e9crire avec plus d\u2019aisance et de naturel.<\/li>\n<li><strong>Am\u00e9liorer des textes existants<\/strong>: retravailler des contenus pour les rendre plus percutants et engageants.<\/li>\n<li><strong>Optimiser un pitch deck avec un storytelling impactant<\/strong>: apporter plus de clart\u00e9, d\u2019\u00e9motion et de persuasion aux pr\u00e9sentations.<\/li>\n<\/ul>\n<p>Une heure pour clarifier ton message, affiner ton \u00e9criture et donner plus de puissance \u00e0 ton storytelling !<\/p>\n<p><strong>Pr\u00e9sentation de l&#8217;intervenante: <span data-sheets-root=\"1\">Laureline<\/span><\/strong><\/p>\n<p><span data-sheets-root=\"1\">Depuis plus de 10 ans je navigue dans le secteur cr\u00e9atif en tant qu&#8217;\u00e9ditrice, agente d&#8217;artistes, experte m\u00e9dia et storyteller en France, au Vietnam et au Canada. Il y a 2 ans, j&#8217;ai lanc\u00e9 mon entreprise pour allier mes comp\u00e9tences en storytelling \u00e0 mes engagements sociaux et environnementaux en accompagnant des ONG et structures \u00e0 impact dans leur mise en r\u00e9cit, leur strat\u00e9gie d&#8217;image et ainsi renforcer leur mise en lumi\u00e8re. En parall\u00e8le, je fais des recherches sur les nouveaux r\u00e9cits et j&#8217;ai cr\u00e9\u00e9 Mirage, le premier podcast d&#8217;enqu\u00eates sur le sujet.<\/span><\/p>\n<p><strong>Son super pouvoir:<\/strong> Cultivatrice d&#8217;optimisme (et je dialogue avec les oiseaux \u200d\u2b1b)<\/p>\n<p><strong>Son petit mot:<\/strong> L&#8217;entrepreneuriat n&#8217;est pas n\u00e9cessairement solitaire, au contraire ! Entourez-vous en rejoignant des collectifs, en choisissant des mentors et pourquoi pas en vous associant si besoin. La cl\u00e9, c&#8217;est le collectif pour challenger vos id\u00e9es et trouver du support \ud83d\ude42<\/p>\n","protected":false},"excerpt":{"rendered":"<p><span data-sheets-root=\"1\"><strong> Coaching &#8211; Technique de storytelling &amp; copywritting<\/strong><\/span><\/p>\n<p><em> 1h de coaching pour affiner ton storytelling et ton \u00e9criture<\/em><\/p>\n<p>Une histoire bien racont\u00e9e capte l\u2019attention, marque les esprits et renforce l\u2019impact d\u2019un message. Ce coaching propose un travail concret et interactif pour structurer ton storytelling et fluidifier ton \u00e9criture.<\/p>\n<p><strong>Ce que nous pouvons aborder :<\/strong><\/p>\n<ul>\n<li><strong>Co-construire les piliers de ton storytelling:<\/strong> d\u00e9finir une narration forte et authentique pour donner du relief \u00e0 ton message.<\/li>\n<li><strong>Adopter de bonnes pratiques pour assouplir ta plume:<\/strong> d\u00e9couvrir des exercices et routines pour \u00e9crire avec plus d\u2019aisance et de naturel.<\/li>\n<li><strong>Am\u00e9liorer des textes existants<\/strong>: retravailler des contenus pour les rendre plus percutants et engageants.<\/li>\n<li><strong>Optimiser un pitch deck avec un storytelling impactant<\/strong>: apporter plus de clart\u00e9, d\u2019\u00e9motion et de persuasion aux pr\u00e9sentations.<\/li>\n<\/ul>\n<p>Une heure pour clarifier ton message, affiner ton \u00e9criture et donner plus de puissance \u00e0 ton storytelling !<\/p>\n<p><strong>Pr\u00e9sentation de l&#8217;intervenante: <span data-sheets-root=\"1\">Laureline<\/span><\/strong><\/p>\n<p><span data-sheets-root=\"1\">Depuis plus de 10 ans je navigue dans le secteur cr\u00e9atif en tant qu&#8217;\u00e9ditrice, agente d&#8217;artistes, experte m\u00e9dia et storyteller en France, au Vietnam et au Canada. Il y a 2 ans, j&#8217;ai lanc\u00e9 mon entreprise pour allier mes comp\u00e9tences en storytelling \u00e0 mes engagements sociaux et environnementaux en accompagnant des ONG et structures \u00e0 impact dans leur mise en r\u00e9cit, leur strat\u00e9gie d&#8217;image et ainsi renforcer leur mise en lumi\u00e8re. En parall\u00e8le, je fais des recherches sur les nouveaux r\u00e9cits et j&#8217;ai cr\u00e9\u00e9 Mirage, le premier podcast d&#8217;enqu\u00eates sur le sujet.<\/span><\/p>\n<p><strong>Son super pouvoir:<\/strong> Cultivatrice d&#8217;optimisme (et je dialogue avec les oiseaux \u200d\u2b1b)<\/p>\n<p><strong>Son petit mot:<\/strong> L&#8217;entrepreneuriat n&#8217;est pas n\u00e9cessairement solitaire, au contraire ! Entourez-vous en rejoignant des collectifs, en choisissant des mentors et pourquoi pas en vous associant si besoin. La cl\u00e9, c&#8217;est le collectif pour challenger vos id\u00e9es et trouver du support \ud83d\ude42<\/p>\n","protected":false},"featured_media":268794,"template":"","format":"standard","meta":{"_acf_changed":false,"om_disable_all_campaigns":false,"_uf_show_specific_survey":0,"_uf_disable_surveys":false},"product_brand":[],"product_cat":[121],"product_tag":[143],"lieu":[125],"thematiques":[],"class_list":{"0":"post-269525","1":"product","2":"type-product","3":"status-publish","4":"format-standard","5":"has-post-thumbnail","7":"product_cat-coaching","8":"product_tag-en-ligne","9":"lieu-en-ligne","11":"first","12":"instock","13":"virtual","14":"purchasable","15":"product-type-appointment"},"exclude_global_add_ons":[],"addons":[],"acf":[],"yoast_head":"<!-- This site is optimized with the Yoast SEO plugin v24.8 - https:\/\/yoast.com\/wordpress\/plugins\/seo\/ -->\n<title>Coaching - Strat\u00e9gie &amp; prospection commercial<\/title>\n<meta name=\"robots\" content=\"index, follow, max-snippet:-1, max-image-preview:large, max-video-preview:-1\" \/>\n<link rel=\"canonical\" href=\"https:\/\/empow-her.com\/produit\/coaching-technique-de-storytelling-copywritting-6\/\" \/>\n<meta property=\"og:locale\" content=\"es_ES\" \/>\n<meta property=\"og:type\" content=\"article\" \/>\n<meta property=\"og:title\" content=\"Coaching - Strat\u00e9gie &amp; prospection commercial\" \/>\n<meta property=\"og:description\" content=\"Coaching - Technique de storytelling &amp; copywritting   1h de coaching pour affiner ton storytelling et ton \u00e9criture  Une histoire bien racont\u00e9e capte l\u2019attention, marque les esprits et renforce l\u2019impact d\u2019un message. Ce coaching propose un travail concret et interactif pour structurer ton storytelling et fluidifier ton \u00e9criture.  Ce que nous pouvons aborder :   Co-construire les piliers de ton storytelling: d\u00e9finir une narration forte et authentique pour donner du relief \u00e0 ton message.  Adopter de bonnes pratiques pour assouplir ta plume: d\u00e9couvrir des exercices et routines pour \u00e9crire avec plus d\u2019aisance et de naturel.  Am\u00e9liorer des textes existants: retravailler des contenus pour les rendre plus percutants et engageants.  Optimiser un pitch deck avec un storytelling impactant: apporter plus de clart\u00e9, d\u2019\u00e9motion et de persuasion aux pr\u00e9sentations.  Une heure pour clarifier ton message, affiner ton \u00e9criture et donner plus de puissance \u00e0 ton storytelling !  Pr\u00e9sentation de l&#039;intervenante: Laureline  Depuis plus de 10 ans je navigue dans le secteur cr\u00e9atif en tant qu&#039;\u00e9ditrice, agente d&#039;artistes, experte m\u00e9dia et storyteller en France, au Vietnam et au Canada. Il y a 2 ans, j&#039;ai lanc\u00e9 mon entreprise pour allier mes comp\u00e9tences en storytelling \u00e0 mes engagements sociaux et environnementaux en accompagnant des ONG et structures \u00e0 impact dans leur mise en r\u00e9cit, leur strat\u00e9gie d&#039;image et ainsi renforcer leur mise en lumi\u00e8re. En parall\u00e8le, je fais des recherches sur les nouveaux r\u00e9cits et j&#039;ai cr\u00e9\u00e9 Mirage, le premier podcast d&#039;enqu\u00eates sur le sujet.  Son super pouvoir: Cultivatrice d&#039;optimisme (et je dialogue avec les oiseaux \u200d\u2b1b)  Son petit mot: L&#039;entrepreneuriat n&#039;est pas n\u00e9cessairement solitaire, au contraire ! Entourez-vous en rejoignant des collectifs, en choisissant des mentors et pourquoi pas en vous associant si besoin. La cl\u00e9, c&#039;est le collectif pour challenger vos id\u00e9es et trouver du support :)\" \/>\n<meta property=\"og:url\" content=\"https:\/\/empow-her.com\/produit\/coaching-technique-de-storytelling-copywritting-6\/\" \/>\n<meta property=\"og:site_name\" content=\"Empow&#039;Her\" \/>\n<meta property=\"article:modified_time\" content=\"2025-09-02T09:33:54+00:00\" \/>\n<meta property=\"og:image\" content=\"https:\/\/empow-her.com\/wp-content\/uploads\/2025\/07\/COACHING-4.png\" \/>\n\t<meta property=\"og:image:width\" content=\"1080\" \/>\n\t<meta property=\"og:image:height\" content=\"1080\" \/>\n\t<meta property=\"og:image:type\" content=\"image\/png\" \/>\n<meta name=\"twitter:card\" content=\"summary_large_image\" \/>\n<meta name=\"twitter:label1\" content=\"Tiempo de lectura\" \/>\n\t<meta name=\"twitter:data1\" content=\"2 minutos\" \/>\n<script type=\"application\/ld+json\" class=\"yoast-schema-graph\">{\"@context\":\"https:\/\/schema.org\",\"@graph\":[{\"@type\":\"WebPage\",\"@id\":\"https:\/\/empow-her.com\/produit\/coaching-technique-de-storytelling-copywritting-6\/\",\"url\":\"https:\/\/empow-her.com\/produit\/coaching-technique-de-storytelling-copywritting-6\/\",\"name\":\"Coaching - Strat\u00e9gie & prospection commercial\",\"isPartOf\":{\"@id\":\"https:\/\/empow-her.com\/#website\"},\"primaryImageOfPage\":{\"@id\":\"https:\/\/empow-her.com\/produit\/coaching-technique-de-storytelling-copywritting-6\/#primaryimage\"},\"image\":{\"@id\":\"https:\/\/empow-her.com\/produit\/coaching-technique-de-storytelling-copywritting-6\/#primaryimage\"},\"thumbnailUrl\":\"https:\/\/empow-her.com\/wp-content\/uploads\/2025\/07\/COACHING-4.png\",\"datePublished\":\"2025-09-02T09:32:13+00:00\",\"dateModified\":\"2025-09-02T09:33:54+00:00\",\"breadcrumb\":{\"@id\":\"https:\/\/empow-her.com\/produit\/coaching-technique-de-storytelling-copywritting-6\/#breadcrumb\"},\"inLanguage\":\"es\",\"potentialAction\":[{\"@type\":\"ReadAction\",\"target\":[\"https:\/\/empow-her.com\/produit\/coaching-technique-de-storytelling-copywritting-6\/\"]}]},{\"@type\":\"ImageObject\",\"inLanguage\":\"es\",\"@id\":\"https:\/\/empow-her.com\/produit\/coaching-technique-de-storytelling-copywritting-6\/#primaryimage\",\"url\":\"https:\/\/empow-her.com\/wp-content\/uploads\/2025\/07\/COACHING-4.png\",\"contentUrl\":\"https:\/\/empow-her.com\/wp-content\/uploads\/2025\/07\/COACHING-4.png\",\"width\":1080,\"height\":1080},{\"@type\":\"BreadcrumbList\",\"@id\":\"https:\/\/empow-her.com\/produit\/coaching-technique-de-storytelling-copywritting-6\/#breadcrumb\",\"itemListElement\":[{\"@type\":\"ListItem\",\"position\":1,\"name\":\"Accueil\",\"item\":\"https:\/\/empow-her.com\/es\/inicio\/\"},{\"@type\":\"ListItem\",\"position\":2,\"name\":\"LA BOUTIQUE\",\"item\":\"https:\/\/empow-her.com\/boutique\/\"},{\"@type\":\"ListItem\",\"position\":3,\"name\":\"Coaching &#8211; Technique de storytelling &#038; copywritting\"}]},{\"@type\":\"WebSite\",\"@id\":\"https:\/\/empow-her.com\/#website\",\"url\":\"https:\/\/empow-her.com\/\",\"name\":\"Empow&#039;Her\",\"description\":\"Women Development\",\"potentialAction\":[{\"@type\":\"SearchAction\",\"target\":{\"@type\":\"EntryPoint\",\"urlTemplate\":\"https:\/\/empow-her.com\/?s={search_term_string}\"},\"query-input\":{\"@type\":\"PropertyValueSpecification\",\"valueRequired\":true,\"valueName\":\"search_term_string\"}}],\"inLanguage\":\"es\"}]}<\/script>\n<!-- \/ Yoast SEO plugin. -->","yoast_head_json":{"title":"Coaching - Strat\u00e9gie & prospection commercial","robots":{"index":"index","follow":"follow","max-snippet":"max-snippet:-1","max-image-preview":"max-image-preview:large","max-video-preview":"max-video-preview:-1"},"canonical":"https:\/\/empow-her.com\/produit\/coaching-technique-de-storytelling-copywritting-6\/","og_locale":"es_ES","og_type":"article","og_title":"Coaching - Strat\u00e9gie & prospection commercial","og_description":"Coaching - Technique de storytelling &amp; copywritting   1h de coaching pour affiner ton storytelling et ton \u00e9criture  Une histoire bien racont\u00e9e capte l\u2019attention, marque les esprits et renforce l\u2019impact d\u2019un message. Ce coaching propose un travail concret et interactif pour structurer ton storytelling et fluidifier ton \u00e9criture.  Ce que nous pouvons aborder :   Co-construire les piliers de ton storytelling: d\u00e9finir une narration forte et authentique pour donner du relief \u00e0 ton message.  Adopter de bonnes pratiques pour assouplir ta plume: d\u00e9couvrir des exercices et routines pour \u00e9crire avec plus d\u2019aisance et de naturel.  Am\u00e9liorer des textes existants: retravailler des contenus pour les rendre plus percutants et engageants.  Optimiser un pitch deck avec un storytelling impactant: apporter plus de clart\u00e9, d\u2019\u00e9motion et de persuasion aux pr\u00e9sentations.  Une heure pour clarifier ton message, affiner ton \u00e9criture et donner plus de puissance \u00e0 ton storytelling !  Pr\u00e9sentation de l'intervenante: Laureline  Depuis plus de 10 ans je navigue dans le secteur cr\u00e9atif en tant qu'\u00e9ditrice, agente d'artistes, experte m\u00e9dia et storyteller en France, au Vietnam et au Canada. Il y a 2 ans, j'ai lanc\u00e9 mon entreprise pour allier mes comp\u00e9tences en storytelling \u00e0 mes engagements sociaux et environnementaux en accompagnant des ONG et structures \u00e0 impact dans leur mise en r\u00e9cit, leur strat\u00e9gie d'image et ainsi renforcer leur mise en lumi\u00e8re. En parall\u00e8le, je fais des recherches sur les nouveaux r\u00e9cits et j'ai cr\u00e9\u00e9 Mirage, le premier podcast d'enqu\u00eates sur le sujet.  Son super pouvoir: Cultivatrice d'optimisme (et je dialogue avec les oiseaux \u200d\u2b1b)  Son petit mot: L'entrepreneuriat n'est pas n\u00e9cessairement solitaire, au contraire ! Entourez-vous en rejoignant des collectifs, en choisissant des mentors et pourquoi pas en vous associant si besoin. La cl\u00e9, c'est le collectif pour challenger vos id\u00e9es et trouver du support :)","og_url":"https:\/\/empow-her.com\/produit\/coaching-technique-de-storytelling-copywritting-6\/","og_site_name":"Empow&#039;Her","article_modified_time":"2025-09-02T09:33:54+00:00","og_image":[{"width":1080,"height":1080,"url":"https:\/\/empow-her.com\/wp-content\/uploads\/2025\/07\/COACHING-4.png","type":"image\/png"}],"twitter_card":"summary_large_image","twitter_misc":{"Tiempo de lectura":"2 minutos"},"schema":{"@context":"https:\/\/schema.org","@graph":[{"@type":"WebPage","@id":"https:\/\/empow-her.com\/produit\/coaching-technique-de-storytelling-copywritting-6\/","url":"https:\/\/empow-her.com\/produit\/coaching-technique-de-storytelling-copywritting-6\/","name":"Coaching - Strat\u00e9gie & prospection commercial","isPartOf":{"@id":"https:\/\/empow-her.com\/#website"},"primaryImageOfPage":{"@id":"https:\/\/empow-her.com\/produit\/coaching-technique-de-storytelling-copywritting-6\/#primaryimage"},"image":{"@id":"https:\/\/empow-her.com\/produit\/coaching-technique-de-storytelling-copywritting-6\/#primaryimage"},"thumbnailUrl":"https:\/\/empow-her.com\/wp-content\/uploads\/2025\/07\/COACHING-4.png","datePublished":"2025-09-02T09:32:13+00:00","dateModified":"2025-09-02T09:33:54+00:00","breadcrumb":{"@id":"https:\/\/empow-her.com\/produit\/coaching-technique-de-storytelling-copywritting-6\/#breadcrumb"},"inLanguage":"es","potentialAction":[{"@type":"ReadAction","target":["https:\/\/empow-her.com\/produit\/coaching-technique-de-storytelling-copywritting-6\/"]}]},{"@type":"ImageObject","inLanguage":"es","@id":"https:\/\/empow-her.com\/produit\/coaching-technique-de-storytelling-copywritting-6\/#primaryimage","url":"https:\/\/empow-her.com\/wp-content\/uploads\/2025\/07\/COACHING-4.png","contentUrl":"https:\/\/empow-her.com\/wp-content\/uploads\/2025\/07\/COACHING-4.png","width":1080,"height":1080},{"@type":"BreadcrumbList","@id":"https:\/\/empow-her.com\/produit\/coaching-technique-de-storytelling-copywritting-6\/#breadcrumb","itemListElement":[{"@type":"ListItem","position":1,"name":"Accueil","item":"https:\/\/empow-her.com\/es\/inicio\/"},{"@type":"ListItem","position":2,"name":"LA BOUTIQUE","item":"https:\/\/empow-her.com\/boutique\/"},{"@type":"ListItem","position":3,"name":"Coaching &#8211; Technique de storytelling &#038; copywritting"}]},{"@type":"WebSite","@id":"https:\/\/empow-her.com\/#website","url":"https:\/\/empow-her.com\/","name":"Empow&#039;Her","description":"Women Development","potentialAction":[{"@type":"SearchAction","target":{"@type":"EntryPoint","urlTemplate":"https:\/\/empow-her.com\/?s={search_term_string}"},"query-input":{"@type":"PropertyValueSpecification","valueRequired":true,"valueName":"search_term_string"}}],"inLanguage":"es"}]}},"_links":{"self":[{"href":"https:\/\/empow-her.com\/es\/wp-json\/wp\/v2\/product\/269525","targetHints":{"allow":["GET"]}}],"collection":[{"href":"https:\/\/empow-her.com\/es\/wp-json\/wp\/v2\/product"}],"about":[{"href":"https:\/\/empow-her.com\/es\/wp-json\/wp\/v2\/types\/product"}],"wp:featuredmedia":[{"embeddable":true,"href":"https:\/\/empow-her.com\/es\/wp-json\/wp\/v2\/media\/268794"}],"wp:attachment":[{"href":"https:\/\/empow-her.com\/es\/wp-json\/wp\/v2\/media?parent=269525"}],"wp:term":[{"taxonomy":"product_brand","embeddable":true,"href":"https:\/\/empow-her.com\/es\/wp-json\/wp\/v2\/product_brand?post=269525"},{"taxonomy":"product_cat","embeddable":true,"href":"https:\/\/empow-her.com\/es\/wp-json\/wp\/v2\/product_cat?post=269525"},{"taxonomy":"product_tag","embeddable":true,"href":"https:\/\/empow-her.com\/es\/wp-json\/wp\/v2\/product_tag?post=269525"},{"taxonomy":"lieu","embeddable":true,"href":"https:\/\/empow-her.com\/es\/wp-json\/wp\/v2\/lieu?post=269525"},{"taxonomy":"thematiques","embeddable":true,"href":"https:\/\/empow-her.com\/es\/wp-json\/wp\/v2\/thematiques?post=269525"}],"curies":[{"name":"wp","href":"https:\/\/api.w.org\/{rel}","templated":true}]}}