{"id":269459,"date":"2025-08-28T14:58:58","date_gmt":"2025-08-28T12:58:58","guid":{"rendered":"https:\/\/empow-her.com\/?post_type=product&#038;p=269459"},"modified":"2025-08-28T15:00:27","modified_gmt":"2025-08-28T13:00:27","slug":"coaching-comprendre-son-etude-de-marche-definir-son-offre-6","status":"publish","type":"product","link":"https:\/\/empow-her.com\/es\/produit\/coaching-comprendre-son-etude-de-marche-definir-son-offre-6\/","title":{"rendered":"Coaching &#8211;  Comprendre son \u00e9tude de march\u00e9 &#038; d\u00e9finir son offre"},"content":{"rendered":"<p><span data-sheets-root=\"1\"><strong> Coaching &#8211; Comprendre son \u00e9tude de march\u00e9 pour d\u00e9finir son offre<\/strong><\/span><\/p>\n<p>Une offre pertinente repose sur une connaissance approfondie de son march\u00e9. Ce coaching individuel vous guide dans l\u2019analyse de votre environnement, l\u2019identification de vos clients cibles et la compr\u00e9hension de vos concurrents. \u00c0 travers une approche structur\u00e9e et des outils concrets, vous repartirez avec une m\u00e9thodologie claire pour affiner votre proposition et renforcer votre positionnement.<\/p>\n<p><strong> Ce que nous pourrons aborder<\/strong><\/p>\n<ul>\n<li><strong>D\u00e9finir les \u00e9l\u00e9ments cl\u00e9s d\u2019une \u00e9tude de march\u00e9<\/strong>: Quels sont les aspects essentiels \u00e0 analyser pour comprendre son march\u00e9 et structurer une strat\u00e9gie efficace ?<\/li>\n<li><strong>Identifier son march\u00e9 cible et ses segments de client\u00e8le<\/strong>: Comment bien cerner ses futurs utilisateurs, leurs besoins et attentes pour adapter son offre ?<\/li>\n<li><strong>Analyser la concurrence et rep\u00e9rer les opportunit\u00e9s<\/strong>: Comprendre les forces et faiblesses des acteurs en place pour se positionner de mani\u00e8re diff\u00e9renciante.<\/li>\n<li><strong>Transformer les insights en une offre adapt\u00e9e et diff\u00e9renciante<\/strong>: Utiliser les enseignements du march\u00e9 pour ajuster et affiner son offre avec pertinence.<\/li>\n<\/ul>\n<p><strong> Pr\u00e9-requis<\/strong><\/p>\n<p><em>\u2714 Avoir une id\u00e9e de projet entrepreneurial, m\u00eame \u00e0 un stade pr\u00e9coce<\/em><br \/>\n<em>\u2714 \u00catre pr\u00eat.e \u00e0 explorer et structurer son analyse de march\u00e9<\/em><\/p>\n<p>Lors de ce coaching, nous avancerons en fonction de votre projet et de vos besoins sp\u00e9cifiques. Vous repartirez avec des outils concrets pour approfondir votre \u00e9tude de march\u00e9 et renforcer la pertinence de votre offre.&#8221;<\/p>\n<p><strong>Pr\u00e9sentation de l&#8217;intervenante: Faustine<\/strong><\/p>\n<p><span data-sheets-root=\"1\">Faustine est la fondatrice et pr\u00e9sidente de NOUR. Cr\u00e9\u00e9 en 2019, cette association oeuvre pour l&#8217;inclusion sociale \u00e0 travers le yoga, en particulier des personnes en situation de vuln\u00e9rabilit\u00e9 (exil\u00e9.es, pr\u00e9caires, femmes victimes de violence, les seniors isol\u00e9s, personnes en situation de handicap, etc.). \u00a0Elle a \u00e9t\u00e9 incub\u00e9e chez Makesense, Pulse et le R\u00e9seau Entreprendre. <\/span><\/p>\n<p><span data-sheets-root=\"1\">Aujourd\u2019hui, Directrice France chez SINGA, Tr\u00e9sori\u00e8re du collectif Work With Refugees et membre du Mouvement Impact France, elle accompagne des entrepreneurs issus de pays fragiles et donne aussi des cours \u00e0 Centrale Supelec, AgroParisTech et ESTIA Angers \/ Tanger. \u00a0Elle aime penser des projets au service des utilisateurices avec une volont\u00e9 profonde de lutter contre l&#8217;exclusion.<\/span><\/p>\n<p><strong>Son super pouvoir:<\/strong> Reine de l&#8217;orga pour des entreprises efficientes<\/p>\n<p><strong>Son petit mot<\/strong>: Le meilleur conseil qu&#8217;on m&#8217;ait donn\u00e9 dans l&#8217;entreprenariat c&#8217;est &#8220;\u00e9choue vite&#8221;, au sens, &#8220;d\u00e9veloppe vite, teste vite, crash vite&#8221; pour apprendre le plus t\u00f4t possible de tes erreurs et donner toutes les chances \u00e0 ta boite de r\u00e9ussir !<\/p>\n","protected":false},"excerpt":{"rendered":"<p><span data-sheets-root=\"1\"><strong> Coaching &#8211; Comprendre son \u00e9tude de march\u00e9 pour d\u00e9finir son offre<\/strong><\/span><\/p>\n<p>Une offre pertinente repose sur une connaissance approfondie de son march\u00e9. Ce coaching individuel vous guide dans l\u2019analyse de votre environnement, l\u2019identification de vos clients cibles et la compr\u00e9hension de vos concurrents. \u00c0 travers une approche structur\u00e9e et des outils concrets, vous repartirez avec une m\u00e9thodologie claire pour affiner votre proposition et renforcer votre positionnement.<\/p>\n<p><strong> Ce que nous pourrons aborder<\/strong><\/p>\n<ul>\n<li><strong>D\u00e9finir les \u00e9l\u00e9ments cl\u00e9s d\u2019une \u00e9tude de march\u00e9<\/strong>: Quels sont les aspects essentiels \u00e0 analyser pour comprendre son march\u00e9 et structurer une strat\u00e9gie efficace ?<\/li>\n<li><strong>Identifier son march\u00e9 cible et ses segments de client\u00e8le<\/strong>: Comment bien cerner ses futurs utilisateurs, leurs besoins et attentes pour adapter son offre ?<\/li>\n<li><strong>Analyser la concurrence et rep\u00e9rer les opportunit\u00e9s<\/strong>: Comprendre les forces et faiblesses des acteurs en place pour se positionner de mani\u00e8re diff\u00e9renciante.<\/li>\n<li><strong>Transformer les insights en une offre adapt\u00e9e et diff\u00e9renciante<\/strong>: Utiliser les enseignements du march\u00e9 pour ajuster et affiner son offre avec pertinence.<\/li>\n<\/ul>\n<p><strong> Pr\u00e9-requis<\/strong><\/p>\n<p><em>\u2714 Avoir une id\u00e9e de projet entrepreneurial, m\u00eame \u00e0 un stade pr\u00e9coce<\/em><br \/>\n<em>\u2714 \u00catre pr\u00eat.e \u00e0 explorer et structurer son analyse de march\u00e9<\/em><\/p>\n<p>Lors de ce coaching, nous avancerons en fonction de votre projet et de vos besoins sp\u00e9cifiques. Vous repartirez avec des outils concrets pour approfondir votre \u00e9tude de march\u00e9 et renforcer la pertinence de votre offre.&#8221;<\/p>\n<p><strong>Pr\u00e9sentation de l&#8217;intervenante: Faustine<\/strong><\/p>\n<p><span data-sheets-root=\"1\">Faustine est la fondatrice et pr\u00e9sidente de NOUR. Cr\u00e9\u00e9 en 2019, cette association oeuvre pour l&#8217;inclusion sociale \u00e0 travers le yoga, en particulier des personnes en situation de vuln\u00e9rabilit\u00e9 (exil\u00e9.es, pr\u00e9caires, femmes victimes de violence, les seniors isol\u00e9s, personnes en situation de handicap, etc.). \u00a0Elle a \u00e9t\u00e9 incub\u00e9e chez Makesense, Pulse et le R\u00e9seau Entreprendre. <\/span><\/p>\n<p><span data-sheets-root=\"1\">Aujourd\u2019hui, Directrice France chez SINGA, Tr\u00e9sori\u00e8re du collectif Work With Refugees et membre du Mouvement Impact France, elle accompagne des entrepreneurs issus de pays fragiles et donne aussi des cours \u00e0 Centrale Supelec, AgroParisTech et ESTIA Angers \/ Tanger. \u00a0Elle aime penser des projets au service des utilisateurices avec une volont\u00e9 profonde de lutter contre l&#8217;exclusion.<\/span><\/p>\n<p><strong>Son super pouvoir:<\/strong> Reine de l&#8217;orga pour des entreprises efficientes<\/p>\n<p><strong>Son petit mot<\/strong>: Le meilleur conseil qu&#8217;on m&#8217;ait donn\u00e9 dans l&#8217;entreprenariat c&#8217;est &#8220;\u00e9choue vite&#8221;, au sens, &#8220;d\u00e9veloppe vite, teste vite, crash vite&#8221; pour apprendre le plus t\u00f4t possible de tes erreurs et donner toutes les chances \u00e0 ta boite de r\u00e9ussir !<\/p>\n","protected":false},"featured_media":268839,"template":"","format":"standard","meta":{"_acf_changed":false,"om_disable_all_campaigns":false,"_uf_show_specific_survey":0,"_uf_disable_surveys":false},"product_brand":[],"product_cat":[121],"product_tag":[143],"lieu":[125],"thematiques":[],"class_list":{"0":"post-269459","1":"product","2":"type-product","3":"status-publish","4":"format-standard","5":"has-post-thumbnail","7":"product_cat-coaching","8":"product_tag-en-ligne","9":"lieu-en-ligne","11":"first","12":"instock","13":"virtual","14":"purchasable","15":"product-type-appointment"},"exclude_global_add_ons":[],"addons":[],"acf":[],"yoast_head":"<!-- This site is optimized with the Yoast SEO plugin v24.8 - https:\/\/yoast.com\/wordpress\/plugins\/seo\/ -->\n<title>Coaching - Strat\u00e9gie &amp; prospection commercial<\/title>\n<meta name=\"robots\" content=\"index, follow, max-snippet:-1, max-image-preview:large, max-video-preview:-1\" \/>\n<link rel=\"canonical\" href=\"https:\/\/empow-her.com\/produit\/coaching-comprendre-son-etude-de-marche-definir-son-offre-6\/\" \/>\n<meta property=\"og:locale\" content=\"es_ES\" \/>\n<meta property=\"og:type\" content=\"article\" \/>\n<meta property=\"og:title\" content=\"Coaching - Strat\u00e9gie &amp; prospection commercial\" \/>\n<meta property=\"og:description\" content=\"Coaching - Comprendre son \u00e9tude de march\u00e9 pour d\u00e9finir son offre  Une offre pertinente repose sur une connaissance approfondie de son march\u00e9. Ce coaching individuel vous guide dans l\u2019analyse de votre environnement, l\u2019identification de vos clients cibles et la compr\u00e9hension de vos concurrents. \u00c0 travers une approche structur\u00e9e et des outils concrets, vous repartirez avec une m\u00e9thodologie claire pour affiner votre proposition et renforcer votre positionnement.   Ce que nous pourrons aborder   D\u00e9finir les \u00e9l\u00e9ments cl\u00e9s d\u2019une \u00e9tude de march\u00e9: Quels sont les aspects essentiels \u00e0 analyser pour comprendre son march\u00e9 et structurer une strat\u00e9gie efficace ?  Identifier son march\u00e9 cible et ses segments de client\u00e8le: Comment bien cerner ses futurs utilisateurs, leurs besoins et attentes pour adapter son offre ?  Analyser la concurrence et rep\u00e9rer les opportunit\u00e9s: Comprendre les forces et faiblesses des acteurs en place pour se positionner de mani\u00e8re diff\u00e9renciante.  Transformer les insights en une offre adapt\u00e9e et diff\u00e9renciante: Utiliser les enseignements du march\u00e9 pour ajuster et affiner son offre avec pertinence.   Pr\u00e9-requis  \u2714 Avoir une id\u00e9e de projet entrepreneurial, m\u00eame \u00e0 un stade pr\u00e9coce \u2714 \u00catre pr\u00eat.e \u00e0 explorer et structurer son analyse de march\u00e9  Lors de ce coaching, nous avancerons en fonction de votre projet et de vos besoins sp\u00e9cifiques. Vous repartirez avec des outils concrets pour approfondir votre \u00e9tude de march\u00e9 et renforcer la pertinence de votre offre.&quot;  Pr\u00e9sentation de l&#039;intervenante: Faustine  Faustine est la fondatrice et pr\u00e9sidente de NOUR. Cr\u00e9\u00e9 en 2019, cette association oeuvre pour l&#039;inclusion sociale \u00e0 travers le yoga, en particulier des personnes en situation de vuln\u00e9rabilit\u00e9 (exil\u00e9.es, pr\u00e9caires, femmes victimes de violence, les seniors isol\u00e9s, personnes en situation de handicap, etc.). \u00a0Elle a \u00e9t\u00e9 incub\u00e9e chez Makesense, Pulse et le R\u00e9seau Entreprendre.   Aujourd\u2019hui, Directrice France chez SINGA, Tr\u00e9sori\u00e8re du collectif Work With Refugees et membre du Mouvement Impact France, elle accompagne des entrepreneurs issus de pays fragiles et donne aussi des cours \u00e0 Centrale Supelec, AgroParisTech et ESTIA Angers \/ Tanger. \u00a0Elle aime penser des projets au service des utilisateurices avec une volont\u00e9 profonde de lutter contre l&#039;exclusion.  Son super pouvoir: Reine de l&#039;orga pour des entreprises efficientes  Son petit mot: Le meilleur conseil qu&#039;on m&#039;ait donn\u00e9 dans l&#039;entreprenariat c&#039;est &quot;\u00e9choue vite&quot;, au sens, &quot;d\u00e9veloppe vite, teste vite, crash vite&quot; pour apprendre le plus t\u00f4t possible de tes erreurs et donner toutes les chances \u00e0 ta boite de r\u00e9ussir !\" \/>\n<meta property=\"og:url\" content=\"https:\/\/empow-her.com\/produit\/coaching-comprendre-son-etude-de-marche-definir-son-offre-6\/\" \/>\n<meta property=\"og:site_name\" content=\"Empow&#039;Her\" \/>\n<meta property=\"article:modified_time\" content=\"2025-08-28T13:00:27+00:00\" \/>\n<meta property=\"og:image\" content=\"https:\/\/empow-her.com\/wp-content\/uploads\/2025\/07\/COACHING-2-4.png\" \/>\n\t<meta property=\"og:image:width\" content=\"1080\" \/>\n\t<meta property=\"og:image:height\" content=\"1080\" \/>\n\t<meta property=\"og:image:type\" content=\"image\/png\" \/>\n<meta name=\"twitter:card\" content=\"summary_large_image\" \/>\n<meta name=\"twitter:label1\" content=\"Tiempo de lectura\" \/>\n\t<meta name=\"twitter:data1\" content=\"3 minutos\" \/>\n<script type=\"application\/ld+json\" class=\"yoast-schema-graph\">{\"@context\":\"https:\/\/schema.org\",\"@graph\":[{\"@type\":\"WebPage\",\"@id\":\"https:\/\/empow-her.com\/produit\/coaching-comprendre-son-etude-de-marche-definir-son-offre-6\/\",\"url\":\"https:\/\/empow-her.com\/produit\/coaching-comprendre-son-etude-de-marche-definir-son-offre-6\/\",\"name\":\"Coaching - Strat\u00e9gie & prospection commercial\",\"isPartOf\":{\"@id\":\"https:\/\/empow-her.com\/#website\"},\"primaryImageOfPage\":{\"@id\":\"https:\/\/empow-her.com\/produit\/coaching-comprendre-son-etude-de-marche-definir-son-offre-6\/#primaryimage\"},\"image\":{\"@id\":\"https:\/\/empow-her.com\/produit\/coaching-comprendre-son-etude-de-marche-definir-son-offre-6\/#primaryimage\"},\"thumbnailUrl\":\"https:\/\/empow-her.com\/wp-content\/uploads\/2025\/07\/COACHING-2-4.png\",\"datePublished\":\"2025-08-28T12:58:58+00:00\",\"dateModified\":\"2025-08-28T13:00:27+00:00\",\"breadcrumb\":{\"@id\":\"https:\/\/empow-her.com\/produit\/coaching-comprendre-son-etude-de-marche-definir-son-offre-6\/#breadcrumb\"},\"inLanguage\":\"es\",\"potentialAction\":[{\"@type\":\"ReadAction\",\"target\":[\"https:\/\/empow-her.com\/produit\/coaching-comprendre-son-etude-de-marche-definir-son-offre-6\/\"]}]},{\"@type\":\"ImageObject\",\"inLanguage\":\"es\",\"@id\":\"https:\/\/empow-her.com\/produit\/coaching-comprendre-son-etude-de-marche-definir-son-offre-6\/#primaryimage\",\"url\":\"https:\/\/empow-her.com\/wp-content\/uploads\/2025\/07\/COACHING-2-4.png\",\"contentUrl\":\"https:\/\/empow-her.com\/wp-content\/uploads\/2025\/07\/COACHING-2-4.png\",\"width\":1080,\"height\":1080},{\"@type\":\"BreadcrumbList\",\"@id\":\"https:\/\/empow-her.com\/produit\/coaching-comprendre-son-etude-de-marche-definir-son-offre-6\/#breadcrumb\",\"itemListElement\":[{\"@type\":\"ListItem\",\"position\":1,\"name\":\"Accueil\",\"item\":\"https:\/\/empow-her.com\/es\/inicio\/\"},{\"@type\":\"ListItem\",\"position\":2,\"name\":\"LA BOUTIQUE\",\"item\":\"https:\/\/empow-her.com\/boutique\/\"},{\"@type\":\"ListItem\",\"position\":3,\"name\":\"Coaching &#8211; Comprendre son \u00e9tude de march\u00e9 &#038; d\u00e9finir son offre\"}]},{\"@type\":\"WebSite\",\"@id\":\"https:\/\/empow-her.com\/#website\",\"url\":\"https:\/\/empow-her.com\/\",\"name\":\"Empow&#039;Her\",\"description\":\"Women Development\",\"potentialAction\":[{\"@type\":\"SearchAction\",\"target\":{\"@type\":\"EntryPoint\",\"urlTemplate\":\"https:\/\/empow-her.com\/?s={search_term_string}\"},\"query-input\":{\"@type\":\"PropertyValueSpecification\",\"valueRequired\":true,\"valueName\":\"search_term_string\"}}],\"inLanguage\":\"es\"}]}<\/script>\n<!-- \/ Yoast SEO plugin. -->","yoast_head_json":{"title":"Coaching - Strat\u00e9gie & prospection commercial","robots":{"index":"index","follow":"follow","max-snippet":"max-snippet:-1","max-image-preview":"max-image-preview:large","max-video-preview":"max-video-preview:-1"},"canonical":"https:\/\/empow-her.com\/produit\/coaching-comprendre-son-etude-de-marche-definir-son-offre-6\/","og_locale":"es_ES","og_type":"article","og_title":"Coaching - Strat\u00e9gie & prospection commercial","og_description":"Coaching - Comprendre son \u00e9tude de march\u00e9 pour d\u00e9finir son offre  Une offre pertinente repose sur une connaissance approfondie de son march\u00e9. Ce coaching individuel vous guide dans l\u2019analyse de votre environnement, l\u2019identification de vos clients cibles et la compr\u00e9hension de vos concurrents. \u00c0 travers une approche structur\u00e9e et des outils concrets, vous repartirez avec une m\u00e9thodologie claire pour affiner votre proposition et renforcer votre positionnement.   Ce que nous pourrons aborder   D\u00e9finir les \u00e9l\u00e9ments cl\u00e9s d\u2019une \u00e9tude de march\u00e9: Quels sont les aspects essentiels \u00e0 analyser pour comprendre son march\u00e9 et structurer une strat\u00e9gie efficace ?  Identifier son march\u00e9 cible et ses segments de client\u00e8le: Comment bien cerner ses futurs utilisateurs, leurs besoins et attentes pour adapter son offre ?  Analyser la concurrence et rep\u00e9rer les opportunit\u00e9s: Comprendre les forces et faiblesses des acteurs en place pour se positionner de mani\u00e8re diff\u00e9renciante.  Transformer les insights en une offre adapt\u00e9e et diff\u00e9renciante: Utiliser les enseignements du march\u00e9 pour ajuster et affiner son offre avec pertinence.   Pr\u00e9-requis  \u2714 Avoir une id\u00e9e de projet entrepreneurial, m\u00eame \u00e0 un stade pr\u00e9coce \u2714 \u00catre pr\u00eat.e \u00e0 explorer et structurer son analyse de march\u00e9  Lors de ce coaching, nous avancerons en fonction de votre projet et de vos besoins sp\u00e9cifiques. Vous repartirez avec des outils concrets pour approfondir votre \u00e9tude de march\u00e9 et renforcer la pertinence de votre offre.\"  Pr\u00e9sentation de l'intervenante: Faustine  Faustine est la fondatrice et pr\u00e9sidente de NOUR. Cr\u00e9\u00e9 en 2019, cette association oeuvre pour l'inclusion sociale \u00e0 travers le yoga, en particulier des personnes en situation de vuln\u00e9rabilit\u00e9 (exil\u00e9.es, pr\u00e9caires, femmes victimes de violence, les seniors isol\u00e9s, personnes en situation de handicap, etc.). \u00a0Elle a \u00e9t\u00e9 incub\u00e9e chez Makesense, Pulse et le R\u00e9seau Entreprendre.   Aujourd\u2019hui, Directrice France chez SINGA, Tr\u00e9sori\u00e8re du collectif Work With Refugees et membre du Mouvement Impact France, elle accompagne des entrepreneurs issus de pays fragiles et donne aussi des cours \u00e0 Centrale Supelec, AgroParisTech et ESTIA Angers \/ Tanger. \u00a0Elle aime penser des projets au service des utilisateurices avec une volont\u00e9 profonde de lutter contre l'exclusion.  Son super pouvoir: Reine de l'orga pour des entreprises efficientes  Son petit mot: Le meilleur conseil qu'on m'ait donn\u00e9 dans l'entreprenariat c'est \"\u00e9choue vite\", au sens, \"d\u00e9veloppe vite, teste vite, crash vite\" pour apprendre le plus t\u00f4t possible de tes erreurs et donner toutes les chances \u00e0 ta boite de r\u00e9ussir !","og_url":"https:\/\/empow-her.com\/produit\/coaching-comprendre-son-etude-de-marche-definir-son-offre-6\/","og_site_name":"Empow&#039;Her","article_modified_time":"2025-08-28T13:00:27+00:00","og_image":[{"width":1080,"height":1080,"url":"https:\/\/empow-her.com\/wp-content\/uploads\/2025\/07\/COACHING-2-4.png","type":"image\/png"}],"twitter_card":"summary_large_image","twitter_misc":{"Tiempo de lectura":"3 minutos"},"schema":{"@context":"https:\/\/schema.org","@graph":[{"@type":"WebPage","@id":"https:\/\/empow-her.com\/produit\/coaching-comprendre-son-etude-de-marche-definir-son-offre-6\/","url":"https:\/\/empow-her.com\/produit\/coaching-comprendre-son-etude-de-marche-definir-son-offre-6\/","name":"Coaching - Strat\u00e9gie & prospection commercial","isPartOf":{"@id":"https:\/\/empow-her.com\/#website"},"primaryImageOfPage":{"@id":"https:\/\/empow-her.com\/produit\/coaching-comprendre-son-etude-de-marche-definir-son-offre-6\/#primaryimage"},"image":{"@id":"https:\/\/empow-her.com\/produit\/coaching-comprendre-son-etude-de-marche-definir-son-offre-6\/#primaryimage"},"thumbnailUrl":"https:\/\/empow-her.com\/wp-content\/uploads\/2025\/07\/COACHING-2-4.png","datePublished":"2025-08-28T12:58:58+00:00","dateModified":"2025-08-28T13:00:27+00:00","breadcrumb":{"@id":"https:\/\/empow-her.com\/produit\/coaching-comprendre-son-etude-de-marche-definir-son-offre-6\/#breadcrumb"},"inLanguage":"es","potentialAction":[{"@type":"ReadAction","target":["https:\/\/empow-her.com\/produit\/coaching-comprendre-son-etude-de-marche-definir-son-offre-6\/"]}]},{"@type":"ImageObject","inLanguage":"es","@id":"https:\/\/empow-her.com\/produit\/coaching-comprendre-son-etude-de-marche-definir-son-offre-6\/#primaryimage","url":"https:\/\/empow-her.com\/wp-content\/uploads\/2025\/07\/COACHING-2-4.png","contentUrl":"https:\/\/empow-her.com\/wp-content\/uploads\/2025\/07\/COACHING-2-4.png","width":1080,"height":1080},{"@type":"BreadcrumbList","@id":"https:\/\/empow-her.com\/produit\/coaching-comprendre-son-etude-de-marche-definir-son-offre-6\/#breadcrumb","itemListElement":[{"@type":"ListItem","position":1,"name":"Accueil","item":"https:\/\/empow-her.com\/es\/inicio\/"},{"@type":"ListItem","position":2,"name":"LA BOUTIQUE","item":"https:\/\/empow-her.com\/boutique\/"},{"@type":"ListItem","position":3,"name":"Coaching &#8211; Comprendre son \u00e9tude de march\u00e9 &#038; d\u00e9finir son offre"}]},{"@type":"WebSite","@id":"https:\/\/empow-her.com\/#website","url":"https:\/\/empow-her.com\/","name":"Empow&#039;Her","description":"Women Development","potentialAction":[{"@type":"SearchAction","target":{"@type":"EntryPoint","urlTemplate":"https:\/\/empow-her.com\/?s={search_term_string}"},"query-input":{"@type":"PropertyValueSpecification","valueRequired":true,"valueName":"search_term_string"}}],"inLanguage":"es"}]}},"_links":{"self":[{"href":"https:\/\/empow-her.com\/es\/wp-json\/wp\/v2\/product\/269459","targetHints":{"allow":["GET"]}}],"collection":[{"href":"https:\/\/empow-her.com\/es\/wp-json\/wp\/v2\/product"}],"about":[{"href":"https:\/\/empow-her.com\/es\/wp-json\/wp\/v2\/types\/product"}],"wp:featuredmedia":[{"embeddable":true,"href":"https:\/\/empow-her.com\/es\/wp-json\/wp\/v2\/media\/268839"}],"wp:attachment":[{"href":"https:\/\/empow-her.com\/es\/wp-json\/wp\/v2\/media?parent=269459"}],"wp:term":[{"taxonomy":"product_brand","embeddable":true,"href":"https:\/\/empow-her.com\/es\/wp-json\/wp\/v2\/product_brand?post=269459"},{"taxonomy":"product_cat","embeddable":true,"href":"https:\/\/empow-her.com\/es\/wp-json\/wp\/v2\/product_cat?post=269459"},{"taxonomy":"product_tag","embeddable":true,"href":"https:\/\/empow-her.com\/es\/wp-json\/wp\/v2\/product_tag?post=269459"},{"taxonomy":"lieu","embeddable":true,"href":"https:\/\/empow-her.com\/es\/wp-json\/wp\/v2\/lieu?post=269459"},{"taxonomy":"thematiques","embeddable":true,"href":"https:\/\/empow-her.com\/es\/wp-json\/wp\/v2\/thematiques?post=269459"}],"curies":[{"name":"wp","href":"https:\/\/api.w.org\/{rel}","templated":true}]}}