{"id":269392,"date":"2025-08-27T12:09:13","date_gmt":"2025-08-27T10:09:13","guid":{"rendered":"https:\/\/empow-her.com\/?post_type=product&#038;p=269392"},"modified":"2025-09-30T15:18:19","modified_gmt":"2025-09-30T13:18:19","slug":"atelier-creer-son-contenu-pour-les-reseaux-sociaux-2","status":"publish","type":"product","link":"https:\/\/empow-her.com\/es\/produit\/atelier-creer-son-contenu-pour-les-reseaux-sociaux-2\/","title":{"rendered":"Atelier &#8211; Cr\u00e9er son contenu pour les r\u00e9seaux sociaux"},"content":{"rendered":"<p>D\u00e9couvrez les secrets de la cr\u00e9ation d\u2019un bon contenu sur les r\u00e9seaux sociaux, pour engager votre communaut\u00e9 autour de votre projet !<\/p>\n<p>Cet atelier vous offrira des m\u00e9thodes actionnables pour cr\u00e9er et diffuser efficacement votre contenu en ligne.<\/p>\n<p><strong>Fondamentaux du contenu social media :<\/strong><\/p>\n<p>Tour d\u2019horizon des r\u00e9seaux sociaux, strat\u00e9gie social media et analyse des tendances<br \/>\nD\u00e9couvrir la technique du recyclage &amp; du micro-contenu.<\/p>\n<p><strong>Ateliers pratiques :<\/strong><br \/>\nD\u00e9finir sa strat\u00e9gie &amp; sa ligne \u00e9dito<br \/>\nCr\u00e9er un contenu snackable &amp; pertinent pour ses r\u00e9seaux sociaux<br \/>\nConception du calendrier \u00e9dito social media<\/p>\n<p>Un atelier qui concilie th\u00e9orie et pratique, pour que les rouages des r\u00e9seaux sociaux n\u2019aient plus de secrets pour vous &#8211; et pour vous aider \u00e0 avancer avec confiance ! \u2728<\/p>\n<p><strong>No\u00e9mie Kempf :<\/strong> No\u00e9mie est autrice, chroniqueuse, podcasteuse et consultante ind\u00e9pendante sp\u00e9cialis\u00e9e sur les sujets de Brand Content et de Community Building. Elle concilie sa passion pour la sociologie, les nouvelles technologies et le marketing \u00e0 travers ses deux m\u00e9dias : The Storyline, qui explore le futur des marques ainsi que Community Centric, qui d\u00e9crypte les secrets des communaut\u00e9s puissantes.<br \/>\nElle est autrice l\u2019ouvrage Le pouvoir des communaut\u00e9s, publi\u00e9 aux \u00e9ditions Eyrolles.<\/p>\n<p><strong>Son petit mot : <\/strong>C&#8217;est par nos actions aujourd&#8217;hui que nous \u00e9crivons le monde de demain &#8211; bravo de vous \u00eatre lanc\u00e9e dans cette aventure !<\/p>\n<p><strong>Son super pouvoir :\u00a0<\/strong>Exploratrice du marketing de demain<\/p>\n<p><strong>Pr\u00e9-requis<\/strong> <strong>:<\/strong> <span data-sheets-value=\"{&quot;1&quot;:2,&quot;2&quot;:&quot;nVous souhaitez vous inscrire \u00e0 cette session ? Merci d'indiquer votre besoin principal en remplissant ce questionnaire avant la session : https:\/\/airtable.com\/shrbpqpYDX8WKP0gJ nou communiquez-le par mail \u00e0 votre r\u00e9f\u00e9rente Empow'Her : nadege.serrero@empow-her.com&quot;}\" data-sheets-userformat=\"{&quot;2&quot;:4993,&quot;3&quot;:{&quot;1&quot;:0},&quot;10&quot;:1,&quot;11&quot;:4,&quot;12&quot;:0,&quot;15&quot;:&quot;Hind&quot;}\">Aucun !<\/span><\/p>\n","protected":false},"excerpt":{"rendered":"<p>D\u00e9couvrez les secrets de la cr\u00e9ation d\u2019un bon contenu sur les r\u00e9seaux sociaux, pour engager votre communaut\u00e9 autour de votre projet !<\/p>\n<p>Cet atelier vous offrira des m\u00e9thodes actionnables pour cr\u00e9er et diffuser efficacement votre contenu en ligne.<\/p>\n<p><strong>Fondamentaux du contenu social media :<\/strong><\/p>\n<p>Tour d\u2019horizon des r\u00e9seaux sociaux, strat\u00e9gie social media et analyse des tendances<br \/>\nD\u00e9couvrir la technique du recyclage &amp; du micro-contenu.<\/p>\n<p><strong>Ateliers pratiques :<\/strong><br \/>\nD\u00e9finir sa strat\u00e9gie &amp; sa ligne \u00e9dito<br \/>\nCr\u00e9er un contenu snackable &amp; pertinent pour ses r\u00e9seaux sociaux<br \/>\nConception du calendrier \u00e9dito social media<\/p>\n<p>Un atelier qui concilie th\u00e9orie et pratique, pour que les rouages des r\u00e9seaux sociaux n\u2019aient plus de secrets pour vous &#8211; et pour vous aider \u00e0 avancer avec confiance ! \u2728<\/p>\n<p><strong>No\u00e9mie Kempf :<\/strong> No\u00e9mie est autrice, chroniqueuse, podcasteuse et consultante ind\u00e9pendante sp\u00e9cialis\u00e9e sur les sujets de Brand Content et de Community Building. Elle concilie sa passion pour la sociologie, les nouvelles technologies et le marketing \u00e0 travers ses deux m\u00e9dias : The Storyline, qui explore le futur des marques ainsi que Community Centric, qui d\u00e9crypte les secrets des communaut\u00e9s puissantes.<br \/>\nElle est autrice l\u2019ouvrage Le pouvoir des communaut\u00e9s, publi\u00e9 aux \u00e9ditions Eyrolles.<\/p>\n<p><strong>Son petit mot : <\/strong>C&#8217;est par nos actions aujourd&#8217;hui que nous \u00e9crivons le monde de demain &#8211; bravo de vous \u00eatre lanc\u00e9e dans cette aventure !<\/p>\n<p><strong>Son super pouvoir :\u00a0<\/strong>Exploratrice du marketing de demain<\/p>\n<p><strong>Pr\u00e9-requis<\/strong> <strong>:<\/strong> <span data-sheets-value=\"{&quot;1&quot;:2,&quot;2&quot;:&quot;nVous souhaitez vous inscrire \u00e0 cette session ? Merci d'indiquer votre besoin principal en remplissant ce questionnaire avant la session : https:\/\/airtable.com\/shrbpqpYDX8WKP0gJ nou communiquez-le par mail \u00e0 votre r\u00e9f\u00e9rente Empow'Her : nadege.serrero@empow-her.com&quot;}\" data-sheets-userformat=\"{&quot;2&quot;:4993,&quot;3&quot;:{&quot;1&quot;:0},&quot;10&quot;:1,&quot;11&quot;:4,&quot;12&quot;:0,&quot;15&quot;:&quot;Hind&quot;}\">Aucun !<\/span><\/p>\n","protected":false},"featured_media":269681,"template":"","format":"standard","meta":{"_acf_changed":false,"om_disable_all_campaigns":false,"_uf_show_specific_survey":0,"_uf_disable_surveys":false},"product_brand":[],"product_cat":[118],"product_tag":[143],"lieu":[125],"thematiques":[],"class_list":{"0":"post-269392","1":"product","2":"type-product","3":"status-publish","4":"format-standard","5":"has-post-thumbnail","7":"product_cat-atelier-collectif","8":"product_tag-en-ligne","9":"lieu-en-ligne","11":"first","12":"instock","13":"virtual","14":"purchasable","15":"product-type-appointment"},"exclude_global_add_ons":[],"addons":[],"acf":[],"yoast_head":"<!-- This site is optimized with the Yoast SEO plugin v24.8 - https:\/\/yoast.com\/wordpress\/plugins\/seo\/ -->\n<title>Atelier - Cr\u00e9er son contenu pour les r\u00e9seaux sociaux - Empow&#039;Her<\/title>\n<meta name=\"robots\" content=\"index, follow, max-snippet:-1, max-image-preview:large, max-video-preview:-1\" \/>\n<link rel=\"canonical\" href=\"https:\/\/empow-her.com\/produit\/atelier-creer-son-contenu-pour-les-reseaux-sociaux-2\/\" \/>\n<meta property=\"og:locale\" content=\"es_ES\" \/>\n<meta property=\"og:type\" content=\"article\" \/>\n<meta property=\"og:title\" content=\"Atelier - Cr\u00e9er son contenu pour les r\u00e9seaux sociaux - Empow&#039;Her\" \/>\n<meta property=\"og:description\" content=\"D\u00e9couvrez les secrets de la cr\u00e9ation d\u2019un bon contenu sur les r\u00e9seaux sociaux, pour engager votre communaut\u00e9 autour de votre projet !  Cet atelier vous offrira des m\u00e9thodes actionnables pour cr\u00e9er et diffuser efficacement votre contenu en ligne.  Fondamentaux du contenu social media :  Tour d\u2019horizon des r\u00e9seaux sociaux, strat\u00e9gie social media et analyse des tendances D\u00e9couvrir la technique du recyclage &amp; du micro-contenu.  Ateliers pratiques : D\u00e9finir sa strat\u00e9gie &amp; sa ligne \u00e9dito Cr\u00e9er un contenu snackable &amp; pertinent pour ses r\u00e9seaux sociaux Conception du calendrier \u00e9dito social media  Un atelier qui concilie th\u00e9orie et pratique, pour que les rouages des r\u00e9seaux sociaux n\u2019aient plus de secrets pour vous - et pour vous aider \u00e0 avancer avec confiance ! \u2728  No\u00e9mie Kempf : No\u00e9mie est autrice, chroniqueuse, podcasteuse et consultante ind\u00e9pendante sp\u00e9cialis\u00e9e sur les sujets de Brand Content et de Community Building. Elle concilie sa passion pour la sociologie, les nouvelles technologies et le marketing \u00e0 travers ses deux m\u00e9dias : The Storyline, qui explore le futur des marques ainsi que Community Centric, qui d\u00e9crypte les secrets des communaut\u00e9s puissantes. Elle est autrice l\u2019ouvrage Le pouvoir des communaut\u00e9s, publi\u00e9 aux \u00e9ditions Eyrolles.  Son petit mot : C&#039;est par nos actions aujourd&#039;hui que nous \u00e9crivons le monde de demain - bravo de vous \u00eatre lanc\u00e9e dans cette aventure !  Son super pouvoir :\u00a0Exploratrice du marketing de demain  Pr\u00e9-requis : Aucun !\" \/>\n<meta property=\"og:url\" content=\"https:\/\/empow-her.com\/produit\/atelier-creer-son-contenu-pour-les-reseaux-sociaux-2\/\" \/>\n<meta property=\"og:site_name\" content=\"Empow&#039;Her\" \/>\n<meta property=\"article:modified_time\" content=\"2025-09-30T13:18:19+00:00\" \/>\n<meta property=\"og:image\" content=\"https:\/\/empow-her.com\/wp-content\/uploads\/2025\/08\/ATELIER-4-1.png\" \/>\n\t<meta property=\"og:image:width\" content=\"1080\" \/>\n\t<meta property=\"og:image:height\" content=\"1080\" \/>\n\t<meta property=\"og:image:type\" content=\"image\/png\" \/>\n<meta name=\"twitter:card\" content=\"summary_large_image\" \/>\n<meta name=\"twitter:label1\" content=\"Tiempo de lectura\" \/>\n\t<meta name=\"twitter:data1\" content=\"2 minutos\" \/>\n<script type=\"application\/ld+json\" class=\"yoast-schema-graph\">{\"@context\":\"https:\/\/schema.org\",\"@graph\":[{\"@type\":\"WebPage\",\"@id\":\"https:\/\/empow-her.com\/produit\/atelier-creer-son-contenu-pour-les-reseaux-sociaux-2\/\",\"url\":\"https:\/\/empow-her.com\/produit\/atelier-creer-son-contenu-pour-les-reseaux-sociaux-2\/\",\"name\":\"Atelier - Cr\u00e9er son contenu pour les r\u00e9seaux sociaux - Empow&#039;Her\",\"isPartOf\":{\"@id\":\"https:\/\/empow-her.com\/#website\"},\"primaryImageOfPage\":{\"@id\":\"https:\/\/empow-her.com\/produit\/atelier-creer-son-contenu-pour-les-reseaux-sociaux-2\/#primaryimage\"},\"image\":{\"@id\":\"https:\/\/empow-her.com\/produit\/atelier-creer-son-contenu-pour-les-reseaux-sociaux-2\/#primaryimage\"},\"thumbnailUrl\":\"https:\/\/empow-her.com\/wp-content\/uploads\/2025\/08\/ATELIER-4-1.png\",\"datePublished\":\"2025-08-27T10:09:13+00:00\",\"dateModified\":\"2025-09-30T13:18:19+00:00\",\"breadcrumb\":{\"@id\":\"https:\/\/empow-her.com\/produit\/atelier-creer-son-contenu-pour-les-reseaux-sociaux-2\/#breadcrumb\"},\"inLanguage\":\"es\",\"potentialAction\":[{\"@type\":\"ReadAction\",\"target\":[\"https:\/\/empow-her.com\/produit\/atelier-creer-son-contenu-pour-les-reseaux-sociaux-2\/\"]}]},{\"@type\":\"ImageObject\",\"inLanguage\":\"es\",\"@id\":\"https:\/\/empow-her.com\/produit\/atelier-creer-son-contenu-pour-les-reseaux-sociaux-2\/#primaryimage\",\"url\":\"https:\/\/empow-her.com\/wp-content\/uploads\/2025\/08\/ATELIER-4-1.png\",\"contentUrl\":\"https:\/\/empow-her.com\/wp-content\/uploads\/2025\/08\/ATELIER-4-1.png\",\"width\":1080,\"height\":1080},{\"@type\":\"BreadcrumbList\",\"@id\":\"https:\/\/empow-her.com\/produit\/atelier-creer-son-contenu-pour-les-reseaux-sociaux-2\/#breadcrumb\",\"itemListElement\":[{\"@type\":\"ListItem\",\"position\":1,\"name\":\"Accueil\",\"item\":\"https:\/\/empow-her.com\/es\/inicio\/\"},{\"@type\":\"ListItem\",\"position\":2,\"name\":\"LA BOUTIQUE\",\"item\":\"https:\/\/empow-her.com\/boutique\/\"},{\"@type\":\"ListItem\",\"position\":3,\"name\":\"Atelier &#8211; Cr\u00e9er son contenu pour les r\u00e9seaux sociaux\"}]},{\"@type\":\"WebSite\",\"@id\":\"https:\/\/empow-her.com\/#website\",\"url\":\"https:\/\/empow-her.com\/\",\"name\":\"Empow&#039;Her\",\"description\":\"Women Development\",\"potentialAction\":[{\"@type\":\"SearchAction\",\"target\":{\"@type\":\"EntryPoint\",\"urlTemplate\":\"https:\/\/empow-her.com\/?s={search_term_string}\"},\"query-input\":{\"@type\":\"PropertyValueSpecification\",\"valueRequired\":true,\"valueName\":\"search_term_string\"}}],\"inLanguage\":\"es\"}]}<\/script>\n<!-- \/ Yoast SEO plugin. -->","yoast_head_json":{"title":"Atelier - Cr\u00e9er son contenu pour les r\u00e9seaux sociaux - Empow&#039;Her","robots":{"index":"index","follow":"follow","max-snippet":"max-snippet:-1","max-image-preview":"max-image-preview:large","max-video-preview":"max-video-preview:-1"},"canonical":"https:\/\/empow-her.com\/produit\/atelier-creer-son-contenu-pour-les-reseaux-sociaux-2\/","og_locale":"es_ES","og_type":"article","og_title":"Atelier - Cr\u00e9er son contenu pour les r\u00e9seaux sociaux - Empow&#039;Her","og_description":"D\u00e9couvrez les secrets de la cr\u00e9ation d\u2019un bon contenu sur les r\u00e9seaux sociaux, pour engager votre communaut\u00e9 autour de votre projet !  Cet atelier vous offrira des m\u00e9thodes actionnables pour cr\u00e9er et diffuser efficacement votre contenu en ligne.  Fondamentaux du contenu social media :  Tour d\u2019horizon des r\u00e9seaux sociaux, strat\u00e9gie social media et analyse des tendances D\u00e9couvrir la technique du recyclage &amp; du micro-contenu.  Ateliers pratiques : D\u00e9finir sa strat\u00e9gie &amp; sa ligne \u00e9dito Cr\u00e9er un contenu snackable &amp; pertinent pour ses r\u00e9seaux sociaux Conception du calendrier \u00e9dito social media  Un atelier qui concilie th\u00e9orie et pratique, pour que les rouages des r\u00e9seaux sociaux n\u2019aient plus de secrets pour vous - et pour vous aider \u00e0 avancer avec confiance ! \u2728  No\u00e9mie Kempf : No\u00e9mie est autrice, chroniqueuse, podcasteuse et consultante ind\u00e9pendante sp\u00e9cialis\u00e9e sur les sujets de Brand Content et de Community Building. Elle concilie sa passion pour la sociologie, les nouvelles technologies et le marketing \u00e0 travers ses deux m\u00e9dias : The Storyline, qui explore le futur des marques ainsi que Community Centric, qui d\u00e9crypte les secrets des communaut\u00e9s puissantes. Elle est autrice l\u2019ouvrage Le pouvoir des communaut\u00e9s, publi\u00e9 aux \u00e9ditions Eyrolles.  Son petit mot : C'est par nos actions aujourd'hui que nous \u00e9crivons le monde de demain - bravo de vous \u00eatre lanc\u00e9e dans cette aventure !  Son super pouvoir :\u00a0Exploratrice du marketing de demain  Pr\u00e9-requis : Aucun !","og_url":"https:\/\/empow-her.com\/produit\/atelier-creer-son-contenu-pour-les-reseaux-sociaux-2\/","og_site_name":"Empow&#039;Her","article_modified_time":"2025-09-30T13:18:19+00:00","og_image":[{"width":1080,"height":1080,"url":"https:\/\/empow-her.com\/wp-content\/uploads\/2025\/08\/ATELIER-4-1.png","type":"image\/png"}],"twitter_card":"summary_large_image","twitter_misc":{"Tiempo de lectura":"2 minutos"},"schema":{"@context":"https:\/\/schema.org","@graph":[{"@type":"WebPage","@id":"https:\/\/empow-her.com\/produit\/atelier-creer-son-contenu-pour-les-reseaux-sociaux-2\/","url":"https:\/\/empow-her.com\/produit\/atelier-creer-son-contenu-pour-les-reseaux-sociaux-2\/","name":"Atelier - Cr\u00e9er son contenu pour les r\u00e9seaux sociaux - Empow&#039;Her","isPartOf":{"@id":"https:\/\/empow-her.com\/#website"},"primaryImageOfPage":{"@id":"https:\/\/empow-her.com\/produit\/atelier-creer-son-contenu-pour-les-reseaux-sociaux-2\/#primaryimage"},"image":{"@id":"https:\/\/empow-her.com\/produit\/atelier-creer-son-contenu-pour-les-reseaux-sociaux-2\/#primaryimage"},"thumbnailUrl":"https:\/\/empow-her.com\/wp-content\/uploads\/2025\/08\/ATELIER-4-1.png","datePublished":"2025-08-27T10:09:13+00:00","dateModified":"2025-09-30T13:18:19+00:00","breadcrumb":{"@id":"https:\/\/empow-her.com\/produit\/atelier-creer-son-contenu-pour-les-reseaux-sociaux-2\/#breadcrumb"},"inLanguage":"es","potentialAction":[{"@type":"ReadAction","target":["https:\/\/empow-her.com\/produit\/atelier-creer-son-contenu-pour-les-reseaux-sociaux-2\/"]}]},{"@type":"ImageObject","inLanguage":"es","@id":"https:\/\/empow-her.com\/produit\/atelier-creer-son-contenu-pour-les-reseaux-sociaux-2\/#primaryimage","url":"https:\/\/empow-her.com\/wp-content\/uploads\/2025\/08\/ATELIER-4-1.png","contentUrl":"https:\/\/empow-her.com\/wp-content\/uploads\/2025\/08\/ATELIER-4-1.png","width":1080,"height":1080},{"@type":"BreadcrumbList","@id":"https:\/\/empow-her.com\/produit\/atelier-creer-son-contenu-pour-les-reseaux-sociaux-2\/#breadcrumb","itemListElement":[{"@type":"ListItem","position":1,"name":"Accueil","item":"https:\/\/empow-her.com\/es\/inicio\/"},{"@type":"ListItem","position":2,"name":"LA BOUTIQUE","item":"https:\/\/empow-her.com\/boutique\/"},{"@type":"ListItem","position":3,"name":"Atelier &#8211; Cr\u00e9er son contenu pour les r\u00e9seaux sociaux"}]},{"@type":"WebSite","@id":"https:\/\/empow-her.com\/#website","url":"https:\/\/empow-her.com\/","name":"Empow&#039;Her","description":"Women Development","potentialAction":[{"@type":"SearchAction","target":{"@type":"EntryPoint","urlTemplate":"https:\/\/empow-her.com\/?s={search_term_string}"},"query-input":{"@type":"PropertyValueSpecification","valueRequired":true,"valueName":"search_term_string"}}],"inLanguage":"es"}]}},"_links":{"self":[{"href":"https:\/\/empow-her.com\/es\/wp-json\/wp\/v2\/product\/269392","targetHints":{"allow":["GET"]}}],"collection":[{"href":"https:\/\/empow-her.com\/es\/wp-json\/wp\/v2\/product"}],"about":[{"href":"https:\/\/empow-her.com\/es\/wp-json\/wp\/v2\/types\/product"}],"wp:featuredmedia":[{"embeddable":true,"href":"https:\/\/empow-her.com\/es\/wp-json\/wp\/v2\/media\/269681"}],"wp:attachment":[{"href":"https:\/\/empow-her.com\/es\/wp-json\/wp\/v2\/media?parent=269392"}],"wp:term":[{"taxonomy":"product_brand","embeddable":true,"href":"https:\/\/empow-her.com\/es\/wp-json\/wp\/v2\/product_brand?post=269392"},{"taxonomy":"product_cat","embeddable":true,"href":"https:\/\/empow-her.com\/es\/wp-json\/wp\/v2\/product_cat?post=269392"},{"taxonomy":"product_tag","embeddable":true,"href":"https:\/\/empow-her.com\/es\/wp-json\/wp\/v2\/product_tag?post=269392"},{"taxonomy":"lieu","embeddable":true,"href":"https:\/\/empow-her.com\/es\/wp-json\/wp\/v2\/lieu?post=269392"},{"taxonomy":"thematiques","embeddable":true,"href":"https:\/\/empow-her.com\/es\/wp-json\/wp\/v2\/thematiques?post=269392"}],"curies":[{"name":"wp","href":"https:\/\/api.w.org\/{rel}","templated":true}]}}