{"id":269120,"date":"2025-08-11T11:46:10","date_gmt":"2025-08-11T09:46:10","guid":{"rendered":"https:\/\/empow-her.com\/?post_type=product&#038;p=269120"},"modified":"2025-08-11T11:48:33","modified_gmt":"2025-08-11T09:48:33","slug":"session-de-suivi-du-parcours-28","status":"publish","type":"product","link":"https:\/\/empow-her.com\/es\/produit\/session-de-suivi-du-parcours-28\/","title":{"rendered":"Session de suivi du parcours"},"content":{"rendered":"<div class=\"p-rich_text_section\"><b data-stringify-type=\"bold\">Session de suivi individuel du parcours Women Dare<\/b>Ne restez pas bloqu\u00e9e et r\u00e9servez un cr\u00e9neau sans qu\u2019il ne vous co\u00fbte aucun cr\u00e9dit de coaching !<\/div>\n<div class=\"p-rich_text_section\"><b data-stringify-type=\"bold\">Vous faites partie du programme Women Dare et souhaitez faire un point d\u2019\u00e9tape ?<\/b>\u00a0Vous avez des questions, des doutes ou simplement besoin d\u2019\u00e9changer sur votre progression ? Cette permanence mensuelle est l\u2019occasion id\u00e9ale pour rencontrer votre r\u00e9f\u00e9rente Empow\u2019Her, poser vos questions et clarifier vos prochaines \u00e9tapes.<b data-stringify-type=\"bold\">Ce que nous pouvons aborder<\/b><\/div>\n<ul class=\"p-rich_text_list p-rich_text_list__bullet p-rich_text_list--nested\" data-stringify-type=\"unordered-list\" data-list-tree=\"true\" data-indent=\"0\" data-border=\"0\">\n<li data-stringify-indent=\"0\" data-stringify-border=\"0\"><b data-stringify-type=\"bold\">Faire le point sur votre avancement<\/b>\u00a0: Identifier o\u00f9 vous en \u00eates dans votre parcours et ajuster votre feuille de route.<\/li>\n<li data-stringify-indent=\"0\" data-stringify-border=\"0\"><b data-stringify-type=\"bold\">D\u00e9bloquer des situations<\/b>\u00a0: Discuter des freins que vous rencontrez et explorer des solutions concr\u00e8tes.<\/li>\n<li data-stringify-indent=\"0\" data-stringify-border=\"0\"><b data-stringify-type=\"bold\">B\u00e9n\u00e9ficier de conseils personnalis\u00e9s<\/b>\u00a0: Obtenir des recommandations adapt\u00e9es \u00e0 vos besoins du moment.<\/li>\n<li data-stringify-indent=\"0\" data-stringify-border=\"0\"><b data-stringify-type=\"bold\">Renforcer votre motivation<\/b>\u00a0: Prendre du recul et retrouver de l\u2019\u00e9lan pour avancer sereinement dans votre projet.<\/li>\n<\/ul>\n<div class=\"p-rich_text_section\"><b data-stringify-type=\"bold\"><i data-stringify-type=\"italic\">Un moment privil\u00e9gi\u00e9 avec une membre de l\u2019\u00e9quipe d\u2019Empow\u2019Her pour faire le point et avancer avec clart\u00e9 et confiance !<\/i><\/b><\/div>\n","protected":false},"excerpt":{"rendered":"<div class=\"p-rich_text_section\"><b data-stringify-type=\"bold\">Session de suivi individuel du parcours Women Dare <\/b>Ne restez pas bloqu\u00e9e et r\u00e9servez un cr\u00e9neau sans qu\u2019il ne vous co\u00fbte aucun cr\u00e9dit de coaching !<\/div>\n<div class=\"p-rich_text_section\"><b data-stringify-type=\"bold\">Vous faites partie du programme Women Dare et souhaitez faire un point d\u2019\u00e9tape ?<\/b>\u00a0Vous avez des questions, des doutes ou simplement besoin d\u2019\u00e9changer sur votre progression ? Cette permanence mensuelle est l\u2019occasion id\u00e9ale pour rencontrer votre r\u00e9f\u00e9rente Empow\u2019Her, poser vos questions et clarifier vos prochaines \u00e9tapes.<b data-stringify-type=\"bold\">Ce que nous pouvons aborder<\/b><\/div>\n<ul class=\"p-rich_text_list p-rich_text_list__bullet p-rich_text_list--nested\" data-stringify-type=\"unordered-list\" data-list-tree=\"true\" data-indent=\"0\" data-border=\"0\">\n<li data-stringify-indent=\"0\" data-stringify-border=\"0\"><b data-stringify-type=\"bold\">Faire le point sur votre avancement<\/b>\u00a0: Identifier o\u00f9 vous en \u00eates dans votre parcours et ajuster votre feuille de route.<\/li>\n<li data-stringify-indent=\"0\" data-stringify-border=\"0\"><b data-stringify-type=\"bold\">D\u00e9bloquer des situations<\/b>\u00a0: Discuter des freins que vous rencontrez et explorer des solutions concr\u00e8tes.<\/li>\n<li data-stringify-indent=\"0\" data-stringify-border=\"0\"><b data-stringify-type=\"bold\">B\u00e9n\u00e9ficier de conseils personnalis\u00e9s<\/b>\u00a0: Obtenir des recommandations adapt\u00e9es \u00e0 vos besoins du moment.<\/li>\n<li data-stringify-indent=\"0\" data-stringify-border=\"0\"><b data-stringify-type=\"bold\">Renforcer votre motivation<\/b>\u00a0: Prendre du recul et retrouver de l\u2019\u00e9lan pour avancer sereinement dans votre projet.<\/li>\n<\/ul>\n<div class=\"p-rich_text_section\"><b data-stringify-type=\"bold\"><i data-stringify-type=\"italic\">Un moment privil\u00e9gi\u00e9 avec une membre de l\u2019\u00e9quipe d\u2019Empow\u2019Her pour faire le point et avancer avec clart\u00e9 et confiance !<\/i><\/b><\/div>\n","protected":false},"featured_media":268741,"template":"","format":"standard","meta":{"_acf_changed":false,"om_disable_all_campaigns":false,"_uf_show_specific_survey":0,"_uf_disable_surveys":false},"product_brand":[],"product_cat":[121],"product_tag":[],"lieu":[125],"thematiques":[],"class_list":{"0":"post-269120","1":"product","2":"type-product","3":"status-publish","4":"format-standard","5":"has-post-thumbnail","7":"product_cat-coaching","8":"lieu-en-ligne","10":"first","11":"instock","12":"virtual","13":"purchasable","14":"product-type-appointment"},"exclude_global_add_ons":[],"addons":[],"acf":[],"yoast_head":"<!-- This site is optimized with the Yoast SEO plugin v24.8 - https:\/\/yoast.com\/wordpress\/plugins\/seo\/ -->\n<title>Session de suivi du parcours - Empow&#039;Her<\/title>\n<meta name=\"description\" content=\"Session de suivi individuel du parcours Women Dare\" \/>\n<meta name=\"robots\" content=\"index, follow, max-snippet:-1, max-image-preview:large, max-video-preview:-1\" \/>\n<link rel=\"canonical\" href=\"https:\/\/empow-her.com\/produit\/session-de-suivi-du-parcours-28\/\" \/>\n<meta property=\"og:locale\" content=\"es_ES\" \/>\n<meta property=\"og:type\" content=\"article\" \/>\n<meta property=\"og:title\" content=\"Session de suivi du parcours - Empow&#039;Her\" \/>\n<meta property=\"og:description\" content=\"Session de suivi individuel du parcours Women Dare\" \/>\n<meta property=\"og:url\" content=\"https:\/\/empow-her.com\/produit\/session-de-suivi-du-parcours-28\/\" \/>\n<meta property=\"og:site_name\" content=\"Empow&#039;Her\" \/>\n<meta property=\"article:modified_time\" content=\"2025-08-11T09:48:33+00:00\" \/>\n<meta property=\"og:image\" content=\"https:\/\/empow-her.com\/wp-content\/uploads\/2025\/07\/suivi.png\" \/>\n\t<meta property=\"og:image:width\" content=\"1080\" \/>\n\t<meta property=\"og:image:height\" content=\"1080\" \/>\n\t<meta property=\"og:image:type\" content=\"image\/png\" \/>\n<meta name=\"twitter:card\" content=\"summary_large_image\" \/>\n<meta name=\"twitter:label1\" content=\"Tiempo de lectura\" \/>\n\t<meta name=\"twitter:data1\" content=\"2 minutos\" \/>\n<script type=\"application\/ld+json\" class=\"yoast-schema-graph\">{\"@context\":\"https:\/\/schema.org\",\"@graph\":[{\"@type\":\"WebPage\",\"@id\":\"https:\/\/empow-her.com\/produit\/session-de-suivi-du-parcours-28\/\",\"url\":\"https:\/\/empow-her.com\/produit\/session-de-suivi-du-parcours-28\/\",\"name\":\"Session de suivi du parcours - Empow&#039;Her\",\"isPartOf\":{\"@id\":\"https:\/\/empow-her.com\/#website\"},\"primaryImageOfPage\":{\"@id\":\"https:\/\/empow-her.com\/produit\/session-de-suivi-du-parcours-28\/#primaryimage\"},\"image\":{\"@id\":\"https:\/\/empow-her.com\/produit\/session-de-suivi-du-parcours-28\/#primaryimage\"},\"thumbnailUrl\":\"https:\/\/empow-her.com\/wp-content\/uploads\/2025\/07\/suivi.png\",\"datePublished\":\"2025-08-11T09:46:10+00:00\",\"dateModified\":\"2025-08-11T09:48:33+00:00\",\"description\":\"Session de suivi individuel du parcours Women Dare\",\"breadcrumb\":{\"@id\":\"https:\/\/empow-her.com\/produit\/session-de-suivi-du-parcours-28\/#breadcrumb\"},\"inLanguage\":\"es\",\"potentialAction\":[{\"@type\":\"ReadAction\",\"target\":[\"https:\/\/empow-her.com\/produit\/session-de-suivi-du-parcours-28\/\"]}]},{\"@type\":\"ImageObject\",\"inLanguage\":\"es\",\"@id\":\"https:\/\/empow-her.com\/produit\/session-de-suivi-du-parcours-28\/#primaryimage\",\"url\":\"https:\/\/empow-her.com\/wp-content\/uploads\/2025\/07\/suivi.png\",\"contentUrl\":\"https:\/\/empow-her.com\/wp-content\/uploads\/2025\/07\/suivi.png\",\"width\":1080,\"height\":1080},{\"@type\":\"BreadcrumbList\",\"@id\":\"https:\/\/empow-her.com\/produit\/session-de-suivi-du-parcours-28\/#breadcrumb\",\"itemListElement\":[{\"@type\":\"ListItem\",\"position\":1,\"name\":\"Accueil\",\"item\":\"https:\/\/empow-her.com\/es\/inicio\/\"},{\"@type\":\"ListItem\",\"position\":2,\"name\":\"LA BOUTIQUE\",\"item\":\"https:\/\/empow-her.com\/boutique\/\"},{\"@type\":\"ListItem\",\"position\":3,\"name\":\"Session de suivi du parcours\"}]},{\"@type\":\"WebSite\",\"@id\":\"https:\/\/empow-her.com\/#website\",\"url\":\"https:\/\/empow-her.com\/\",\"name\":\"Empow&#039;Her\",\"description\":\"Women Development\",\"potentialAction\":[{\"@type\":\"SearchAction\",\"target\":{\"@type\":\"EntryPoint\",\"urlTemplate\":\"https:\/\/empow-her.com\/?s={search_term_string}\"},\"query-input\":{\"@type\":\"PropertyValueSpecification\",\"valueRequired\":true,\"valueName\":\"search_term_string\"}}],\"inLanguage\":\"es\"}]}<\/script>\n<!-- \/ Yoast SEO plugin. -->","yoast_head_json":{"title":"Session de suivi du parcours - Empow&#039;Her","description":"Session de suivi individuel du parcours Women Dare","robots":{"index":"index","follow":"follow","max-snippet":"max-snippet:-1","max-image-preview":"max-image-preview:large","max-video-preview":"max-video-preview:-1"},"canonical":"https:\/\/empow-her.com\/produit\/session-de-suivi-du-parcours-28\/","og_locale":"es_ES","og_type":"article","og_title":"Session de suivi du parcours - Empow&#039;Her","og_description":"Session de suivi individuel du parcours Women Dare","og_url":"https:\/\/empow-her.com\/produit\/session-de-suivi-du-parcours-28\/","og_site_name":"Empow&#039;Her","article_modified_time":"2025-08-11T09:48:33+00:00","og_image":[{"width":1080,"height":1080,"url":"https:\/\/empow-her.com\/wp-content\/uploads\/2025\/07\/suivi.png","type":"image\/png"}],"twitter_card":"summary_large_image","twitter_misc":{"Tiempo de lectura":"2 minutos"},"schema":{"@context":"https:\/\/schema.org","@graph":[{"@type":"WebPage","@id":"https:\/\/empow-her.com\/produit\/session-de-suivi-du-parcours-28\/","url":"https:\/\/empow-her.com\/produit\/session-de-suivi-du-parcours-28\/","name":"Session de suivi du parcours - Empow&#039;Her","isPartOf":{"@id":"https:\/\/empow-her.com\/#website"},"primaryImageOfPage":{"@id":"https:\/\/empow-her.com\/produit\/session-de-suivi-du-parcours-28\/#primaryimage"},"image":{"@id":"https:\/\/empow-her.com\/produit\/session-de-suivi-du-parcours-28\/#primaryimage"},"thumbnailUrl":"https:\/\/empow-her.com\/wp-content\/uploads\/2025\/07\/suivi.png","datePublished":"2025-08-11T09:46:10+00:00","dateModified":"2025-08-11T09:48:33+00:00","description":"Session de suivi individuel du parcours Women Dare","breadcrumb":{"@id":"https:\/\/empow-her.com\/produit\/session-de-suivi-du-parcours-28\/#breadcrumb"},"inLanguage":"es","potentialAction":[{"@type":"ReadAction","target":["https:\/\/empow-her.com\/produit\/session-de-suivi-du-parcours-28\/"]}]},{"@type":"ImageObject","inLanguage":"es","@id":"https:\/\/empow-her.com\/produit\/session-de-suivi-du-parcours-28\/#primaryimage","url":"https:\/\/empow-her.com\/wp-content\/uploads\/2025\/07\/suivi.png","contentUrl":"https:\/\/empow-her.com\/wp-content\/uploads\/2025\/07\/suivi.png","width":1080,"height":1080},{"@type":"BreadcrumbList","@id":"https:\/\/empow-her.com\/produit\/session-de-suivi-du-parcours-28\/#breadcrumb","itemListElement":[{"@type":"ListItem","position":1,"name":"Accueil","item":"https:\/\/empow-her.com\/es\/inicio\/"},{"@type":"ListItem","position":2,"name":"LA BOUTIQUE","item":"https:\/\/empow-her.com\/boutique\/"},{"@type":"ListItem","position":3,"name":"Session de suivi du parcours"}]},{"@type":"WebSite","@id":"https:\/\/empow-her.com\/#website","url":"https:\/\/empow-her.com\/","name":"Empow&#039;Her","description":"Women Development","potentialAction":[{"@type":"SearchAction","target":{"@type":"EntryPoint","urlTemplate":"https:\/\/empow-her.com\/?s={search_term_string}"},"query-input":{"@type":"PropertyValueSpecification","valueRequired":true,"valueName":"search_term_string"}}],"inLanguage":"es"}]}},"_links":{"self":[{"href":"https:\/\/empow-her.com\/es\/wp-json\/wp\/v2\/product\/269120","targetHints":{"allow":["GET"]}}],"collection":[{"href":"https:\/\/empow-her.com\/es\/wp-json\/wp\/v2\/product"}],"about":[{"href":"https:\/\/empow-her.com\/es\/wp-json\/wp\/v2\/types\/product"}],"wp:featuredmedia":[{"embeddable":true,"href":"https:\/\/empow-her.com\/es\/wp-json\/wp\/v2\/media\/268741"}],"wp:attachment":[{"href":"https:\/\/empow-her.com\/es\/wp-json\/wp\/v2\/media?parent=269120"}],"wp:term":[{"taxonomy":"product_brand","embeddable":true,"href":"https:\/\/empow-her.com\/es\/wp-json\/wp\/v2\/product_brand?post=269120"},{"taxonomy":"product_cat","embeddable":true,"href":"https:\/\/empow-her.com\/es\/wp-json\/wp\/v2\/product_cat?post=269120"},{"taxonomy":"product_tag","embeddable":true,"href":"https:\/\/empow-her.com\/es\/wp-json\/wp\/v2\/product_tag?post=269120"},{"taxonomy":"lieu","embeddable":true,"href":"https:\/\/empow-her.com\/es\/wp-json\/wp\/v2\/lieu?post=269120"},{"taxonomy":"thematiques","embeddable":true,"href":"https:\/\/empow-her.com\/es\/wp-json\/wp\/v2\/thematiques?post=269120"}],"curies":[{"name":"wp","href":"https:\/\/api.w.org\/{rel}","templated":true}]}}