{"id":269058,"date":"2025-08-06T08:49:26","date_gmt":"2025-08-06T06:49:26","guid":{"rendered":"https:\/\/empow-her.com\/?post_type=product&#038;p=269058"},"modified":"2025-08-11T10:04:12","modified_gmt":"2025-08-11T08:04:12","slug":"sprint-action-valider-son-plan-daction","status":"publish","type":"product","link":"https:\/\/empow-her.com\/es\/produit\/sprint-action-valider-son-plan-daction\/","title":{"rendered":"Sprint action &#8211; valider son plan d&#8217;action"},"content":{"rendered":"<p data-start=\"288\" data-end=\"509\"><strong data-start=\"401\" data-end=\"507\">Objectif : Clarifier, renforcer et rendre plus percutant votre discours ou votre strat\u00e9gie commerciale<\/strong><\/p>\n<p data-start=\"511\" data-end=\"870\">Que vous ayez d\u00e9j\u00e0 un plan structur\u00e9, un premier brouillon ou simplement quelques id\u00e9es, ce coaching express vous aide \u00e0 le faire \u00e9voluer et \u00e0 le rendre plus efficace.<br data-start=\"678\" data-end=\"681\" \/>Ensemble, nous passons en revue votre plan d\u2019actions commerciales ou votre argumentaire afin d\u2019identifier ce qui fonctionne, ce qui peut \u00eatre am\u00e9lior\u00e9 et comment le rendre plus impactant.<\/p>\n<p data-start=\"872\" data-end=\"912\"><strong data-start=\"872\" data-end=\"910\">Pendant la session, nous pouvons :<\/strong><\/p>\n<ul data-start=\"913\" data-end=\"1206\">\n<li data-start=\"913\" data-end=\"997\">\n<p data-start=\"915\" data-end=\"997\">Analyser votre proposition actuelle (m\u00eame si elle est encore au stade d\u2019\u00e9bauche)<\/p>\n<\/li>\n<li data-start=\"998\" data-end=\"1054\">\n<p data-start=\"1000\" data-end=\"1054\">Identifier vos points forts et les zones \u00e0 am\u00e9liorer<\/p>\n<\/li>\n<li data-start=\"1055\" data-end=\"1125\">\n<p data-start=\"1057\" data-end=\"1125\">Formuler des recommandations concr\u00e8tes et adapt\u00e9es \u00e0 vos objectifs<\/p>\n<\/li>\n<li data-start=\"1126\" data-end=\"1206\">\n<p data-start=\"1128\" data-end=\"1206\">Travailler en direct sur la formulation ou la structuration de votre message<\/p>\n<\/li>\n<\/ul>\n<p data-start=\"1208\" data-end=\"1457\"><strong data-start=\"1208\" data-end=\"1230\">Pr\u00e9parer la s\u00e9ance<\/strong><br data-start=\"1230\" data-end=\"1233\" \/>Il est pr\u00e9f\u00e9rable d\u2019arriver avec quelques \u00e9l\u00e9ments, m\u00eame incomplets (id\u00e9es, plan, brouillon, pr\u00e9sentation\u2026). Cela nous permettra de concentrer notre temps sur les ajustements, la structuration et les pistes d\u2019am\u00e9lioration.<\/p>\n<p data-start=\"1459\" data-end=\"1563\">En 30 minutes, vous repartez avec des actions claires pour affiner votre approche et gagner en impact.<\/p>\n<p>&nbsp;<\/p>\n<p><strong>Pr\u00e9sentation de l&#8217;intervenante: Alice<\/strong><\/p>\n<p><strong>Son super pouvoir<\/strong>: J&#8217;ai r\u00e9ponse \u00e0 tout (mais je ne garantis pas qu&#8217;on aime la r\u00e9ponse \u00e0 chaque fois)<\/p>\n<p><strong>Son petit mot<\/strong>: N&#8217;ayez pas peur d&#8217;oser mais ne vous oubliez jamais.<\/p>\n","protected":false},"excerpt":{"rendered":"<p data-start=\"288\" data-end=\"509\"><strong data-start=\"401\" data-end=\"507\">Objectif : Clarifier, renforcer et rendre plus percutant votre discours ou votre strat\u00e9gie commerciale<\/strong><\/p>\n<p data-start=\"511\" data-end=\"870\">Que vous ayez d\u00e9j\u00e0 un plan structur\u00e9, un premier brouillon ou simplement quelques id\u00e9es, ce coaching express vous aide \u00e0 le faire \u00e9voluer et \u00e0 le rendre plus efficace.<br data-start=\"678\" data-end=\"681\" \/>Ensemble, nous passons en revue votre plan d\u2019actions commerciales ou votre argumentaire afin d\u2019identifier ce qui fonctionne, ce qui peut \u00eatre am\u00e9lior\u00e9 et comment le rendre plus impactant.<\/p>\n<p data-start=\"872\" data-end=\"912\"><strong data-start=\"872\" data-end=\"910\">Pendant la session, nous pouvons :<\/strong><\/p>\n<ul data-start=\"913\" data-end=\"1206\">\n<li data-start=\"913\" data-end=\"997\">\n<p data-start=\"915\" data-end=\"997\">Analyser votre proposition actuelle (m\u00eame si elle est encore au stade d\u2019\u00e9bauche)<\/p>\n<\/li>\n<li data-start=\"998\" data-end=\"1054\">\n<p data-start=\"1000\" data-end=\"1054\">Identifier vos points forts et les zones \u00e0 am\u00e9liorer<\/p>\n<\/li>\n<li data-start=\"1055\" data-end=\"1125\">\n<p data-start=\"1057\" data-end=\"1125\">Formuler des recommandations concr\u00e8tes et adapt\u00e9es \u00e0 vos objectifs<\/p>\n<\/li>\n<li data-start=\"1126\" data-end=\"1206\">\n<p data-start=\"1128\" data-end=\"1206\">Travailler en direct sur la formulation ou la structuration de votre message<\/p>\n<\/li>\n<\/ul>\n<p data-start=\"1208\" data-end=\"1457\"><strong data-start=\"1208\" data-end=\"1230\">Pr\u00e9parer la s\u00e9ance<\/strong><br data-start=\"1230\" data-end=\"1233\" \/>Il est pr\u00e9f\u00e9rable d\u2019arriver avec quelques \u00e9l\u00e9ments, m\u00eame incomplets (id\u00e9es, plan, brouillon, pr\u00e9sentation\u2026). Cela nous permettra de concentrer notre temps sur les ajustements, la structuration et les pistes d\u2019am\u00e9lioration.<\/p>\n<p data-start=\"1459\" data-end=\"1563\">En 30 minutes, vous repartez avec des actions claires pour affiner votre approche et gagner en impact.<\/p>\n<p>&nbsp;<\/p>\n<p><strong>Pr\u00e9sentation de l&#8217;intervenante: Alice<\/strong><\/p>\n<p><strong>Son super pouvoir<\/strong>: J&#8217;ai r\u00e9ponse \u00e0 tout (mais je ne garantis pas qu&#8217;on aime la r\u00e9ponse \u00e0 chaque fois)<\/p>\n<p><strong>Son petit mot<\/strong>: N&#8217;ayez pas peur d&#8217;oser mais ne vous oubliez jamais.<\/p>\n","protected":false},"featured_media":269060,"template":"","format":"standard","meta":{"_acf_changed":false,"om_disable_all_campaigns":false,"_uf_show_specific_survey":0,"_uf_disable_surveys":false},"product_brand":[],"product_cat":[218],"product_tag":[143],"lieu":[125],"thematiques":[],"class_list":{"0":"post-269058","1":"product","2":"type-product","3":"status-publish","4":"format-standard","5":"has-post-thumbnail","7":"product_cat-sprint-action","8":"product_tag-en-ligne","9":"lieu-en-ligne","11":"first","12":"instock","13":"virtual","14":"purchasable","15":"product-type-appointment"},"exclude_global_add_ons":[],"addons":[],"acf":[],"yoast_head":"<!-- This site is optimized with the Yoast SEO plugin v24.8 - https:\/\/yoast.com\/wordpress\/plugins\/seo\/ -->\n<title>Sprint action - valider son plan d&#039;action<\/title>\n<meta name=\"robots\" content=\"index, follow, max-snippet:-1, max-image-preview:large, max-video-preview:-1\" \/>\n<link rel=\"canonical\" href=\"https:\/\/empow-her.com\/produit\/sprint-action-valider-son-plan-daction\/\" \/>\n<meta property=\"og:locale\" content=\"es_ES\" \/>\n<meta property=\"og:type\" content=\"article\" \/>\n<meta property=\"og:title\" content=\"Sprint action - valider son plan d&#039;action\" \/>\n<meta property=\"og:description\" content=\"Objectif : Clarifier, renforcer et rendre plus percutant votre discours ou votre strat\u00e9gie commerciale Que vous ayez d\u00e9j\u00e0 un plan structur\u00e9, un premier brouillon ou simplement quelques id\u00e9es, ce coaching express vous aide \u00e0 le faire \u00e9voluer et \u00e0 le rendre plus efficace.Ensemble, nous passons en revue votre plan d\u2019actions commerciales ou votre argumentaire afin d\u2019identifier ce qui fonctionne, ce qui peut \u00eatre am\u00e9lior\u00e9 et comment le rendre plus impactant. Pendant la session, nous pouvons :     Analyser votre proposition actuelle (m\u00eame si elle est encore au stade d\u2019\u00e9bauche)    Identifier vos points forts et les zones \u00e0 am\u00e9liorer    Formuler des recommandations concr\u00e8tes et adapt\u00e9es \u00e0 vos objectifs    Travailler en direct sur la formulation ou la structuration de votre message   Pr\u00e9parer la s\u00e9anceIl est pr\u00e9f\u00e9rable d\u2019arriver avec quelques \u00e9l\u00e9ments, m\u00eame incomplets (id\u00e9es, plan, brouillon, pr\u00e9sentation\u2026). Cela nous permettra de concentrer notre temps sur les ajustements, la structuration et les pistes d\u2019am\u00e9lioration. En 30 minutes, vous repartez avec des actions claires pour affiner votre approche et gagner en impact. &nbsp;  Pr\u00e9sentation de l&#039;intervenante: Alice  Son super pouvoir: J&#039;ai r\u00e9ponse \u00e0 tout (mais je ne garantis pas qu&#039;on aime la r\u00e9ponse \u00e0 chaque fois)  Son petit mot: N&#039;ayez pas peur d&#039;oser mais ne vous oubliez jamais.\" \/>\n<meta property=\"og:url\" content=\"https:\/\/empow-her.com\/produit\/sprint-action-valider-son-plan-daction\/\" \/>\n<meta property=\"og:site_name\" content=\"Empow&#039;Her\" \/>\n<meta property=\"article:modified_time\" content=\"2025-08-11T08:04:12+00:00\" \/>\n<meta property=\"og:image\" content=\"https:\/\/empow-her.com\/wp-content\/uploads\/2025\/08\/suivi-6.png\" \/>\n\t<meta property=\"og:image:width\" content=\"1080\" \/>\n\t<meta property=\"og:image:height\" content=\"1080\" \/>\n\t<meta property=\"og:image:type\" content=\"image\/png\" \/>\n<meta name=\"twitter:card\" content=\"summary_large_image\" \/>\n<meta name=\"twitter:label1\" content=\"Tiempo de lectura\" \/>\n\t<meta name=\"twitter:data1\" content=\"2 minutos\" \/>\n<script type=\"application\/ld+json\" class=\"yoast-schema-graph\">{\"@context\":\"https:\/\/schema.org\",\"@graph\":[{\"@type\":\"WebPage\",\"@id\":\"https:\/\/empow-her.com\/produit\/sprint-action-valider-son-plan-daction\/\",\"url\":\"https:\/\/empow-her.com\/produit\/sprint-action-valider-son-plan-daction\/\",\"name\":\"Sprint action - valider son plan d'action\",\"isPartOf\":{\"@id\":\"https:\/\/empow-her.com\/#website\"},\"primaryImageOfPage\":{\"@id\":\"https:\/\/empow-her.com\/produit\/sprint-action-valider-son-plan-daction\/#primaryimage\"},\"image\":{\"@id\":\"https:\/\/empow-her.com\/produit\/sprint-action-valider-son-plan-daction\/#primaryimage\"},\"thumbnailUrl\":\"https:\/\/empow-her.com\/wp-content\/uploads\/2025\/08\/suivi-6.png\",\"datePublished\":\"2025-08-06T06:49:26+00:00\",\"dateModified\":\"2025-08-11T08:04:12+00:00\",\"breadcrumb\":{\"@id\":\"https:\/\/empow-her.com\/produit\/sprint-action-valider-son-plan-daction\/#breadcrumb\"},\"inLanguage\":\"es\",\"potentialAction\":[{\"@type\":\"ReadAction\",\"target\":[\"https:\/\/empow-her.com\/produit\/sprint-action-valider-son-plan-daction\/\"]}]},{\"@type\":\"ImageObject\",\"inLanguage\":\"es\",\"@id\":\"https:\/\/empow-her.com\/produit\/sprint-action-valider-son-plan-daction\/#primaryimage\",\"url\":\"https:\/\/empow-her.com\/wp-content\/uploads\/2025\/08\/suivi-6.png\",\"contentUrl\":\"https:\/\/empow-her.com\/wp-content\/uploads\/2025\/08\/suivi-6.png\",\"width\":1080,\"height\":1080},{\"@type\":\"BreadcrumbList\",\"@id\":\"https:\/\/empow-her.com\/produit\/sprint-action-valider-son-plan-daction\/#breadcrumb\",\"itemListElement\":[{\"@type\":\"ListItem\",\"position\":1,\"name\":\"Accueil\",\"item\":\"https:\/\/empow-her.com\/es\/inicio\/\"},{\"@type\":\"ListItem\",\"position\":2,\"name\":\"LA BOUTIQUE\",\"item\":\"https:\/\/empow-her.com\/boutique\/\"},{\"@type\":\"ListItem\",\"position\":3,\"name\":\"Sprint action &#8211; valider son plan d&#8217;action\"}]},{\"@type\":\"WebSite\",\"@id\":\"https:\/\/empow-her.com\/#website\",\"url\":\"https:\/\/empow-her.com\/\",\"name\":\"Empow&#039;Her\",\"description\":\"Women Development\",\"potentialAction\":[{\"@type\":\"SearchAction\",\"target\":{\"@type\":\"EntryPoint\",\"urlTemplate\":\"https:\/\/empow-her.com\/?s={search_term_string}\"},\"query-input\":{\"@type\":\"PropertyValueSpecification\",\"valueRequired\":true,\"valueName\":\"search_term_string\"}}],\"inLanguage\":\"es\"}]}<\/script>\n<!-- \/ Yoast SEO plugin. -->","yoast_head_json":{"title":"Sprint action - valider son plan d'action","robots":{"index":"index","follow":"follow","max-snippet":"max-snippet:-1","max-image-preview":"max-image-preview:large","max-video-preview":"max-video-preview:-1"},"canonical":"https:\/\/empow-her.com\/produit\/sprint-action-valider-son-plan-daction\/","og_locale":"es_ES","og_type":"article","og_title":"Sprint action - valider son plan d'action","og_description":"Objectif : Clarifier, renforcer et rendre plus percutant votre discours ou votre strat\u00e9gie commerciale Que vous ayez d\u00e9j\u00e0 un plan structur\u00e9, un premier brouillon ou simplement quelques id\u00e9es, ce coaching express vous aide \u00e0 le faire \u00e9voluer et \u00e0 le rendre plus efficace.Ensemble, nous passons en revue votre plan d\u2019actions commerciales ou votre argumentaire afin d\u2019identifier ce qui fonctionne, ce qui peut \u00eatre am\u00e9lior\u00e9 et comment le rendre plus impactant. Pendant la session, nous pouvons :     Analyser votre proposition actuelle (m\u00eame si elle est encore au stade d\u2019\u00e9bauche)    Identifier vos points forts et les zones \u00e0 am\u00e9liorer    Formuler des recommandations concr\u00e8tes et adapt\u00e9es \u00e0 vos objectifs    Travailler en direct sur la formulation ou la structuration de votre message   Pr\u00e9parer la s\u00e9anceIl est pr\u00e9f\u00e9rable d\u2019arriver avec quelques \u00e9l\u00e9ments, m\u00eame incomplets (id\u00e9es, plan, brouillon, pr\u00e9sentation\u2026). Cela nous permettra de concentrer notre temps sur les ajustements, la structuration et les pistes d\u2019am\u00e9lioration. En 30 minutes, vous repartez avec des actions claires pour affiner votre approche et gagner en impact. &nbsp;  Pr\u00e9sentation de l'intervenante: Alice  Son super pouvoir: J'ai r\u00e9ponse \u00e0 tout (mais je ne garantis pas qu'on aime la r\u00e9ponse \u00e0 chaque fois)  Son petit mot: N'ayez pas peur d'oser mais ne vous oubliez jamais.","og_url":"https:\/\/empow-her.com\/produit\/sprint-action-valider-son-plan-daction\/","og_site_name":"Empow&#039;Her","article_modified_time":"2025-08-11T08:04:12+00:00","og_image":[{"width":1080,"height":1080,"url":"https:\/\/empow-her.com\/wp-content\/uploads\/2025\/08\/suivi-6.png","type":"image\/png"}],"twitter_card":"summary_large_image","twitter_misc":{"Tiempo de lectura":"2 minutos"},"schema":{"@context":"https:\/\/schema.org","@graph":[{"@type":"WebPage","@id":"https:\/\/empow-her.com\/produit\/sprint-action-valider-son-plan-daction\/","url":"https:\/\/empow-her.com\/produit\/sprint-action-valider-son-plan-daction\/","name":"Sprint action - valider son plan d'action","isPartOf":{"@id":"https:\/\/empow-her.com\/#website"},"primaryImageOfPage":{"@id":"https:\/\/empow-her.com\/produit\/sprint-action-valider-son-plan-daction\/#primaryimage"},"image":{"@id":"https:\/\/empow-her.com\/produit\/sprint-action-valider-son-plan-daction\/#primaryimage"},"thumbnailUrl":"https:\/\/empow-her.com\/wp-content\/uploads\/2025\/08\/suivi-6.png","datePublished":"2025-08-06T06:49:26+00:00","dateModified":"2025-08-11T08:04:12+00:00","breadcrumb":{"@id":"https:\/\/empow-her.com\/produit\/sprint-action-valider-son-plan-daction\/#breadcrumb"},"inLanguage":"es","potentialAction":[{"@type":"ReadAction","target":["https:\/\/empow-her.com\/produit\/sprint-action-valider-son-plan-daction\/"]}]},{"@type":"ImageObject","inLanguage":"es","@id":"https:\/\/empow-her.com\/produit\/sprint-action-valider-son-plan-daction\/#primaryimage","url":"https:\/\/empow-her.com\/wp-content\/uploads\/2025\/08\/suivi-6.png","contentUrl":"https:\/\/empow-her.com\/wp-content\/uploads\/2025\/08\/suivi-6.png","width":1080,"height":1080},{"@type":"BreadcrumbList","@id":"https:\/\/empow-her.com\/produit\/sprint-action-valider-son-plan-daction\/#breadcrumb","itemListElement":[{"@type":"ListItem","position":1,"name":"Accueil","item":"https:\/\/empow-her.com\/es\/inicio\/"},{"@type":"ListItem","position":2,"name":"LA BOUTIQUE","item":"https:\/\/empow-her.com\/boutique\/"},{"@type":"ListItem","position":3,"name":"Sprint action &#8211; valider son plan d&#8217;action"}]},{"@type":"WebSite","@id":"https:\/\/empow-her.com\/#website","url":"https:\/\/empow-her.com\/","name":"Empow&#039;Her","description":"Women Development","potentialAction":[{"@type":"SearchAction","target":{"@type":"EntryPoint","urlTemplate":"https:\/\/empow-her.com\/?s={search_term_string}"},"query-input":{"@type":"PropertyValueSpecification","valueRequired":true,"valueName":"search_term_string"}}],"inLanguage":"es"}]}},"_links":{"self":[{"href":"https:\/\/empow-her.com\/es\/wp-json\/wp\/v2\/product\/269058","targetHints":{"allow":["GET"]}}],"collection":[{"href":"https:\/\/empow-her.com\/es\/wp-json\/wp\/v2\/product"}],"about":[{"href":"https:\/\/empow-her.com\/es\/wp-json\/wp\/v2\/types\/product"}],"wp:featuredmedia":[{"embeddable":true,"href":"https:\/\/empow-her.com\/es\/wp-json\/wp\/v2\/media\/269060"}],"wp:attachment":[{"href":"https:\/\/empow-her.com\/es\/wp-json\/wp\/v2\/media?parent=269058"}],"wp:term":[{"taxonomy":"product_brand","embeddable":true,"href":"https:\/\/empow-her.com\/es\/wp-json\/wp\/v2\/product_brand?post=269058"},{"taxonomy":"product_cat","embeddable":true,"href":"https:\/\/empow-her.com\/es\/wp-json\/wp\/v2\/product_cat?post=269058"},{"taxonomy":"product_tag","embeddable":true,"href":"https:\/\/empow-her.com\/es\/wp-json\/wp\/v2\/product_tag?post=269058"},{"taxonomy":"lieu","embeddable":true,"href":"https:\/\/empow-her.com\/es\/wp-json\/wp\/v2\/lieu?post=269058"},{"taxonomy":"thematiques","embeddable":true,"href":"https:\/\/empow-her.com\/es\/wp-json\/wp\/v2\/thematiques?post=269058"}],"curies":[{"name":"wp","href":"https:\/\/api.w.org\/{rel}","templated":true}]}}