{"id":268954,"date":"2025-07-30T11:09:49","date_gmt":"2025-07-30T09:09:49","guid":{"rendered":"https:\/\/empow-her.com\/?post_type=product&#038;p=268954"},"modified":"2025-08-06T09:43:53","modified_gmt":"2025-08-06T07:43:53","slug":"hotline-juridique","status":"publish","type":"product","link":"https:\/\/empow-her.com\/es\/produit\/hotline-juridique\/","title":{"rendered":"Hotline Juridique"},"content":{"rendered":"<div class=\"p-rich_text_section\"><b data-stringify-type=\"bold\">Un cr\u00e9neau libre pour toutes vos questions juridiques !<\/b><br \/>\nVous avez des interrogations sur le juridique et besoin de r\u00e9ponses rapides ? Profitez d\u2019un espace d\u2019\u00e9change flexible o\u00f9 vous pouvez vous connecter \u00e0 tout moment durant les 2 heures allou\u00e9es pour poser toutes vos questions.<\/div>\n<div><\/div>\n<div><\/div>\n<div class=\"p-rich_text_section\"><b data-stringify-type=\"bold\">Comment \u00e7a fonctionne ?<\/b><\/div>\n<ul class=\"p-rich_text_list p-rich_text_list__bullet p-rich_text_list--nested\" data-stringify-type=\"unordered-list\" data-list-tree=\"true\" data-indent=\"0\" data-border=\"0\">\n<li data-stringify-indent=\"0\" data-stringify-border=\"0\"><i data-stringify-type=\"italic\">Connexion libre : rejoignez l\u2019espace quand vous le souhaitez, sans inscription pr\u00e9alable.<\/i><\/li>\n<li data-stringify-indent=\"0\" data-stringify-border=\"0\"><i data-stringify-type=\"italic\">\u00c9change ouvert : posez vos questions en direct et profitez des r\u00e9ponses apport\u00e9es aux autres entrepreneuses.<\/i><\/li>\n<li data-stringify-indent=\"0\" data-stringify-border=\"0\"><i data-stringify-type=\"italic\">Flexibilit\u00e9 totale : restez aussi longtemps que n\u00e9cessaire ou partez d\u00e8s que vous avez vos r\u00e9ponses.<\/i><\/li>\n<\/ul>\n<div><\/div>\n<div class=\"p-rich_text_section\"><b data-stringify-type=\"bold\"><i data-stringify-type=\"italic\">Ce cr\u00e9neau est accessible \u00e0 toutes les entrepreneuses, que vous ayez une simple question ou besoin d\u2019\u00e9claircissements plus approfondis.<\/i><\/b><\/div>\n<div><\/div>\n<div><\/div>\n<div class=\"p-rich_text_section\"><b data-stringify-type=\"bold\">Alexandra Mazeyrac :\u00a0<\/b>Avocate en droit de la propri\u00e9t\u00e9 intellectuelle, des nouvelles technologies et donn\u00e9es personnelles. D\u00e9l\u00e9gu\u00e9e \u00e0 la protection des donn\u00e9es personnelles (DPO) certifi\u00e9e<\/div>\n<div><\/div>\n<div><\/div>\n<div class=\"p-rich_text_section\">.<b data-stringify-type=\"bold\">Son super pouvoir :<\/b>\u00a0Solutionneuse pragmatique de probl\u00e8mes juridiques<\/div>\n<div><\/div>\n<div><\/div>\n<div class=\"p-rich_text_section\"><b data-stringify-type=\"bold\">Son petit mot :<\/b>\u00a0Sky is the limit &#8211; n&#8217;ayez pas peur de ce que vous \u00eates ni de ce que vous souhaitez.<\/div>\n","protected":false},"excerpt":{"rendered":"<div class=\"p-rich_text_section\"><b data-stringify-type=\"bold\">Un cr\u00e9neau libre pour toutes vos questions juridiques !<\/b><br \/>\nVous avez des interrogations sur le juridique et besoin de r\u00e9ponses rapides ? Profitez d\u2019un espace d\u2019\u00e9change flexible o\u00f9 vous pouvez vous connecter \u00e0 tout moment durant les 2 heures allou\u00e9es pour poser toutes vos questions.<\/div>\n<div><\/div>\n<div><\/div>\n<div class=\"p-rich_text_section\"><b data-stringify-type=\"bold\">Comment \u00e7a fonctionne ?<\/b><\/div>\n<ul class=\"p-rich_text_list p-rich_text_list__bullet p-rich_text_list--nested\" data-stringify-type=\"unordered-list\" data-list-tree=\"true\" data-indent=\"0\" data-border=\"0\">\n<li data-stringify-indent=\"0\" data-stringify-border=\"0\"><i data-stringify-type=\"italic\">Connexion libre : rejoignez l\u2019espace quand vous le souhaitez, sans inscription pr\u00e9alable.<\/i><\/li>\n<li data-stringify-indent=\"0\" data-stringify-border=\"0\"><i data-stringify-type=\"italic\">\u00c9change ouvert : posez vos questions en direct et profitez des r\u00e9ponses apport\u00e9es aux autres entrepreneuses.<\/i><\/li>\n<li data-stringify-indent=\"0\" data-stringify-border=\"0\"><i data-stringify-type=\"italic\">Flexibilit\u00e9 totale : restez aussi longtemps que n\u00e9cessaire ou partez d\u00e8s que vous avez vos r\u00e9ponses.<\/i><\/li>\n<\/ul>\n<div><\/div>\n<div class=\"p-rich_text_section\"><b data-stringify-type=\"bold\"><i data-stringify-type=\"italic\">Ce cr\u00e9neau est accessible \u00e0 toutes les entrepreneuses, que vous ayez une simple question ou besoin d\u2019\u00e9claircissements plus approfondis.<\/i><\/b><\/div>\n<div><\/div>\n<div><\/div>\n<div class=\"p-rich_text_section\"><b data-stringify-type=\"bold\">Alexandra Mazeyrac :\u00a0<\/b>Avocate en droit de la propri\u00e9t\u00e9 intellectuelle, des nouvelles technologies et donn\u00e9es personnelles. D\u00e9l\u00e9gu\u00e9e \u00e0 la protection des donn\u00e9es personnelles (DPO) certifi\u00e9e<\/div>\n<div><\/div>\n<div><\/div>\n<div class=\"p-rich_text_section\">.<b data-stringify-type=\"bold\">Son super pouvoir :<\/b>\u00a0Solutionneuse pragmatique de probl\u00e8mes juridiques<\/div>\n<div><\/div>\n<div><\/div>\n<div class=\"p-rich_text_section\"><b data-stringify-type=\"bold\">Son petit mot :<\/b>\u00a0Sky is the limit &#8211; n&#8217;ayez pas peur de ce que vous \u00eates ni de ce que vous souhaitez.<\/div>\n","protected":false},"featured_media":268955,"template":"","format":"standard","meta":{"_acf_changed":false,"om_disable_all_campaigns":false,"_uf_show_specific_survey":0,"_uf_disable_surveys":false},"product_brand":[],"product_cat":[217],"product_tag":[143],"lieu":[125],"thematiques":[],"class_list":{"0":"post-268954","1":"product","2":"type-product","3":"status-publish","4":"format-standard","5":"has-post-thumbnail","7":"product_cat-hotline-juridique","8":"product_tag-en-ligne","9":"lieu-en-ligne","11":"first","12":"instock","13":"virtual","14":"purchasable","15":"product-type-appointment"},"exclude_global_add_ons":[],"addons":[],"acf":[],"yoast_head":"<!-- This site is optimized with the Yoast SEO plugin v24.8 - https:\/\/yoast.com\/wordpress\/plugins\/seo\/ -->\n<title>Hotline Juridique<\/title>\n<meta name=\"robots\" content=\"index, follow, max-snippet:-1, max-image-preview:large, max-video-preview:-1\" \/>\n<link rel=\"canonical\" href=\"https:\/\/empow-her.com\/produit\/hotline-juridique\/\" \/>\n<meta property=\"og:locale\" content=\"es_ES\" \/>\n<meta property=\"og:type\" content=\"article\" \/>\n<meta property=\"og:title\" content=\"Hotline Juridique\" \/>\n<meta property=\"og:description\" content=\"Un cr\u00e9neau libre pour toutes vos questions juridiques ! Vous avez des interrogations sur le juridique et besoin de r\u00e9ponses rapides ? Profitez d\u2019un espace d\u2019\u00e9change flexible o\u00f9 vous pouvez vous connecter \u00e0 tout moment durant les 2 heures allou\u00e9es pour poser toutes vos questions.   Comment \u00e7a fonctionne ?   Connexion libre : rejoignez l\u2019espace quand vous le souhaitez, sans inscription pr\u00e9alable.  \u00c9change ouvert : posez vos questions en direct et profitez des r\u00e9ponses apport\u00e9es aux autres entrepreneuses.  Flexibilit\u00e9 totale : restez aussi longtemps que n\u00e9cessaire ou partez d\u00e8s que vous avez vos r\u00e9ponses.   Ce cr\u00e9neau est accessible \u00e0 toutes les entrepreneuses, que vous ayez une simple question ou besoin d\u2019\u00e9claircissements plus approfondis.   Alexandra Mazeyrac :\u00a0Avocate en droit de la propri\u00e9t\u00e9 intellectuelle, des nouvelles technologies et donn\u00e9es personnelles. D\u00e9l\u00e9gu\u00e9e \u00e0 la protection des donn\u00e9es personnelles (DPO) certifi\u00e9e   .Son super pouvoir :\u00a0Solutionneuse pragmatique de probl\u00e8mes juridiques   Son petit mot :\u00a0Sky is the limit - n&#039;ayez pas peur de ce que vous \u00eates ni de ce que vous souhaitez.\" \/>\n<meta property=\"og:url\" content=\"https:\/\/empow-her.com\/produit\/hotline-juridique\/\" \/>\n<meta property=\"og:site_name\" content=\"Empow&#039;Her\" \/>\n<meta property=\"article:modified_time\" content=\"2025-08-06T07:43:53+00:00\" \/>\n<meta property=\"og:image\" content=\"https:\/\/empow-her.com\/wp-content\/uploads\/2025\/07\/suivi-3.png\" \/>\n\t<meta property=\"og:image:width\" content=\"1080\" \/>\n\t<meta property=\"og:image:height\" content=\"1080\" \/>\n\t<meta property=\"og:image:type\" content=\"image\/png\" \/>\n<meta name=\"twitter:card\" content=\"summary_large_image\" \/>\n<meta name=\"twitter:label1\" content=\"Tiempo de lectura\" \/>\n\t<meta name=\"twitter:data1\" content=\"2 minutos\" \/>\n<script type=\"application\/ld+json\" class=\"yoast-schema-graph\">{\"@context\":\"https:\/\/schema.org\",\"@graph\":[{\"@type\":\"WebPage\",\"@id\":\"https:\/\/empow-her.com\/produit\/hotline-juridique\/\",\"url\":\"https:\/\/empow-her.com\/produit\/hotline-juridique\/\",\"name\":\"Hotline Juridique\",\"isPartOf\":{\"@id\":\"https:\/\/empow-her.com\/#website\"},\"primaryImageOfPage\":{\"@id\":\"https:\/\/empow-her.com\/produit\/hotline-juridique\/#primaryimage\"},\"image\":{\"@id\":\"https:\/\/empow-her.com\/produit\/hotline-juridique\/#primaryimage\"},\"thumbnailUrl\":\"https:\/\/empow-her.com\/wp-content\/uploads\/2025\/07\/suivi-3.png\",\"datePublished\":\"2025-07-30T09:09:49+00:00\",\"dateModified\":\"2025-08-06T07:43:53+00:00\",\"breadcrumb\":{\"@id\":\"https:\/\/empow-her.com\/produit\/hotline-juridique\/#breadcrumb\"},\"inLanguage\":\"es\",\"potentialAction\":[{\"@type\":\"ReadAction\",\"target\":[\"https:\/\/empow-her.com\/produit\/hotline-juridique\/\"]}]},{\"@type\":\"ImageObject\",\"inLanguage\":\"es\",\"@id\":\"https:\/\/empow-her.com\/produit\/hotline-juridique\/#primaryimage\",\"url\":\"https:\/\/empow-her.com\/wp-content\/uploads\/2025\/07\/suivi-3.png\",\"contentUrl\":\"https:\/\/empow-her.com\/wp-content\/uploads\/2025\/07\/suivi-3.png\",\"width\":1080,\"height\":1080},{\"@type\":\"BreadcrumbList\",\"@id\":\"https:\/\/empow-her.com\/produit\/hotline-juridique\/#breadcrumb\",\"itemListElement\":[{\"@type\":\"ListItem\",\"position\":1,\"name\":\"Accueil\",\"item\":\"https:\/\/empow-her.com\/es\/inicio\/\"},{\"@type\":\"ListItem\",\"position\":2,\"name\":\"LA BOUTIQUE\",\"item\":\"https:\/\/empow-her.com\/boutique\/\"},{\"@type\":\"ListItem\",\"position\":3,\"name\":\"Hotline Juridique\"}]},{\"@type\":\"WebSite\",\"@id\":\"https:\/\/empow-her.com\/#website\",\"url\":\"https:\/\/empow-her.com\/\",\"name\":\"Empow&#039;Her\",\"description\":\"Women Development\",\"potentialAction\":[{\"@type\":\"SearchAction\",\"target\":{\"@type\":\"EntryPoint\",\"urlTemplate\":\"https:\/\/empow-her.com\/?s={search_term_string}\"},\"query-input\":{\"@type\":\"PropertyValueSpecification\",\"valueRequired\":true,\"valueName\":\"search_term_string\"}}],\"inLanguage\":\"es\"}]}<\/script>\n<!-- \/ Yoast SEO plugin. -->","yoast_head_json":{"title":"Hotline Juridique","robots":{"index":"index","follow":"follow","max-snippet":"max-snippet:-1","max-image-preview":"max-image-preview:large","max-video-preview":"max-video-preview:-1"},"canonical":"https:\/\/empow-her.com\/produit\/hotline-juridique\/","og_locale":"es_ES","og_type":"article","og_title":"Hotline Juridique","og_description":"Un cr\u00e9neau libre pour toutes vos questions juridiques ! Vous avez des interrogations sur le juridique et besoin de r\u00e9ponses rapides ? Profitez d\u2019un espace d\u2019\u00e9change flexible o\u00f9 vous pouvez vous connecter \u00e0 tout moment durant les 2 heures allou\u00e9es pour poser toutes vos questions.   Comment \u00e7a fonctionne ?   Connexion libre : rejoignez l\u2019espace quand vous le souhaitez, sans inscription pr\u00e9alable.  \u00c9change ouvert : posez vos questions en direct et profitez des r\u00e9ponses apport\u00e9es aux autres entrepreneuses.  Flexibilit\u00e9 totale : restez aussi longtemps que n\u00e9cessaire ou partez d\u00e8s que vous avez vos r\u00e9ponses.   Ce cr\u00e9neau est accessible \u00e0 toutes les entrepreneuses, que vous ayez une simple question ou besoin d\u2019\u00e9claircissements plus approfondis.   Alexandra Mazeyrac :\u00a0Avocate en droit de la propri\u00e9t\u00e9 intellectuelle, des nouvelles technologies et donn\u00e9es personnelles. D\u00e9l\u00e9gu\u00e9e \u00e0 la protection des donn\u00e9es personnelles (DPO) certifi\u00e9e   .Son super pouvoir :\u00a0Solutionneuse pragmatique de probl\u00e8mes juridiques   Son petit mot :\u00a0Sky is the limit - n'ayez pas peur de ce que vous \u00eates ni de ce que vous souhaitez.","og_url":"https:\/\/empow-her.com\/produit\/hotline-juridique\/","og_site_name":"Empow&#039;Her","article_modified_time":"2025-08-06T07:43:53+00:00","og_image":[{"width":1080,"height":1080,"url":"https:\/\/empow-her.com\/wp-content\/uploads\/2025\/07\/suivi-3.png","type":"image\/png"}],"twitter_card":"summary_large_image","twitter_misc":{"Tiempo de lectura":"2 minutos"},"schema":{"@context":"https:\/\/schema.org","@graph":[{"@type":"WebPage","@id":"https:\/\/empow-her.com\/produit\/hotline-juridique\/","url":"https:\/\/empow-her.com\/produit\/hotline-juridique\/","name":"Hotline Juridique","isPartOf":{"@id":"https:\/\/empow-her.com\/#website"},"primaryImageOfPage":{"@id":"https:\/\/empow-her.com\/produit\/hotline-juridique\/#primaryimage"},"image":{"@id":"https:\/\/empow-her.com\/produit\/hotline-juridique\/#primaryimage"},"thumbnailUrl":"https:\/\/empow-her.com\/wp-content\/uploads\/2025\/07\/suivi-3.png","datePublished":"2025-07-30T09:09:49+00:00","dateModified":"2025-08-06T07:43:53+00:00","breadcrumb":{"@id":"https:\/\/empow-her.com\/produit\/hotline-juridique\/#breadcrumb"},"inLanguage":"es","potentialAction":[{"@type":"ReadAction","target":["https:\/\/empow-her.com\/produit\/hotline-juridique\/"]}]},{"@type":"ImageObject","inLanguage":"es","@id":"https:\/\/empow-her.com\/produit\/hotline-juridique\/#primaryimage","url":"https:\/\/empow-her.com\/wp-content\/uploads\/2025\/07\/suivi-3.png","contentUrl":"https:\/\/empow-her.com\/wp-content\/uploads\/2025\/07\/suivi-3.png","width":1080,"height":1080},{"@type":"BreadcrumbList","@id":"https:\/\/empow-her.com\/produit\/hotline-juridique\/#breadcrumb","itemListElement":[{"@type":"ListItem","position":1,"name":"Accueil","item":"https:\/\/empow-her.com\/es\/inicio\/"},{"@type":"ListItem","position":2,"name":"LA BOUTIQUE","item":"https:\/\/empow-her.com\/boutique\/"},{"@type":"ListItem","position":3,"name":"Hotline Juridique"}]},{"@type":"WebSite","@id":"https:\/\/empow-her.com\/#website","url":"https:\/\/empow-her.com\/","name":"Empow&#039;Her","description":"Women Development","potentialAction":[{"@type":"SearchAction","target":{"@type":"EntryPoint","urlTemplate":"https:\/\/empow-her.com\/?s={search_term_string}"},"query-input":{"@type":"PropertyValueSpecification","valueRequired":true,"valueName":"search_term_string"}}],"inLanguage":"es"}]}},"_links":{"self":[{"href":"https:\/\/empow-her.com\/es\/wp-json\/wp\/v2\/product\/268954","targetHints":{"allow":["GET"]}}],"collection":[{"href":"https:\/\/empow-her.com\/es\/wp-json\/wp\/v2\/product"}],"about":[{"href":"https:\/\/empow-her.com\/es\/wp-json\/wp\/v2\/types\/product"}],"wp:featuredmedia":[{"embeddable":true,"href":"https:\/\/empow-her.com\/es\/wp-json\/wp\/v2\/media\/268955"}],"wp:attachment":[{"href":"https:\/\/empow-her.com\/es\/wp-json\/wp\/v2\/media?parent=268954"}],"wp:term":[{"taxonomy":"product_brand","embeddable":true,"href":"https:\/\/empow-her.com\/es\/wp-json\/wp\/v2\/product_brand?post=268954"},{"taxonomy":"product_cat","embeddable":true,"href":"https:\/\/empow-her.com\/es\/wp-json\/wp\/v2\/product_cat?post=268954"},{"taxonomy":"product_tag","embeddable":true,"href":"https:\/\/empow-her.com\/es\/wp-json\/wp\/v2\/product_tag?post=268954"},{"taxonomy":"lieu","embeddable":true,"href":"https:\/\/empow-her.com\/es\/wp-json\/wp\/v2\/lieu?post=268954"},{"taxonomy":"thematiques","embeddable":true,"href":"https:\/\/empow-her.com\/es\/wp-json\/wp\/v2\/thematiques?post=268954"}],"curies":[{"name":"wp","href":"https:\/\/api.w.org\/{rel}","templated":true}]}}