{"id":268854,"date":"2025-07-25T16:19:24","date_gmt":"2025-07-25T14:19:24","guid":{"rendered":"https:\/\/empow-her.com\/?post_type=product&#038;p=268854"},"modified":"2025-07-29T11:58:09","modified_gmt":"2025-07-29T09:58:09","slug":"coaching-confiance-en-soi-et-legitimite-copie-2","status":"publish","type":"product","link":"https:\/\/empow-her.com\/es\/produit\/coaching-confiance-en-soi-et-legitimite-copie-2\/","title":{"rendered":"Coaching -Confiance en soi et l\u00e9gitimit\u00e9"},"content":{"rendered":"<p><span data-sheets-root=\"1\"><strong> Coaching -Confiance en soi et l\u00e9gitimit\u00e9<\/strong><\/span><\/p>\n<p><em> 1h de coaching pour surmonter vos croyances limitantes<\/em><\/p>\n<p>Vous vous sentez frein\u00e9e par des croyesses limitantes ? Une petite voix int\u00e9rieure vous fait parfois douter de la viabilit\u00e9 de votre projet ou de votre capacit\u00e9 \u00e0 le porter. La crainte de ne pas \u00eatre \u00e0 la hauteur, la peur du jugement des autres ou une auto-critique excessive peuvent brouiller votre vision et alourdir votre \u00e9nergie d\u2019entrepreneuse. Ce coaching a pour objectif de vous aider \u00e0 vous reconnecter \u00e0 votre pleine puissance int\u00e9rieure et \u00e0 vos r\u00e9ussites pass\u00e9es.<\/p>\n<p><strong>Ce que nous pouvons aborder :<\/strong><\/p>\n<ul>\n<li><strong>Identifier vos croyances limitantes<\/strong> : Comprendre les sources de ces doutes pour mieux les appr\u00e9hender et les d\u00e9passer.<\/li>\n<li><strong>Reconnecter avec vos r\u00e9ussites<\/strong> : Rappeler vos succ\u00e8s pass\u00e9s pour renforcer votre confiance en vous et valoriser vos comp\u00e9tences.<\/li>\n<li><strong>D\u00e9velopper une d\u00e9marche positive<\/strong> : Adopter des techniques pour transformer vos pens\u00e9es n\u00e9gatives en affirmations positives et motivantes.<\/li>\n<li><strong>\u00c9tablir des objectifs r\u00e9alistes et observables<\/strong> : Travailler ensemble pour d\u00e9finir des objectifs clairs et atteignables qui vous permettront de progresser sereinement.<\/li>\n<\/ul>\n<p>Une heure pour lib\u00e9rer votre potentiel et dynamiser votre parcours entrepreneurial !<\/p>\n<p><strong>Pr\u00e9sentation de l&#8217;intervenante: <span data-sheets-root=\"1\">Anais<\/span><\/strong><\/p>\n<p><span data-sheets-root=\"1\">Apr\u00e8s une premi\u00e8re partie de carri\u00e8re en conseil puis en grande entreprise, Ana\u00efs s&#8217;est form\u00e9e au coaching et \u00e0 la psychologie comportementale pour accompagner les femmes et les personnes minoris\u00e9es \u00e0 s&#8217;empouvoirer, lib\u00e9rer leur plein potentiel et construire la vie professionnelle qui leur ressemble, malgr\u00e9 les freins personnels ou syst\u00e9miques.<\/span><\/p>\n<p>F\u00e9ministe et engag\u00e9e pour l&#8217;\u00e9galit\u00e9 professionnelle, Ana\u00efs accompagne d\u00e9sormais des entrepreneur\u00b7e\u00b7s \u00e0 s&#8217;affirmer dans leur posture, oser prendre leur place, d\u00e9velopper leur leadership et leur impact.<\/p>\n<p>Ses zones de g\u00e9nie se situent \u00e0 la crois\u00e9e de th\u00e9matiques de d\u00e9veloppement personnel (connaissance de soi, leadership, confiance en soi, l\u00e9gitimit\u00e9), sociales (f\u00e9minisme, anti-racisme, intersectionnalit\u00e9, inclusion) et business (entrepreneuriat social, cr\u00e9ation d&#8217;activit\u00e9, strat\u00e9gie).<\/p>\n<p>Son super pouvoir: J&#8217;adore jongler entre les dualit\u00e9s : le r\u00eave \/ la r\u00e9alit\u00e9, le conscient \/ l&#8217;inconscient, l&#8217;art \/ la science &#8230; et je le mets au service des mes coachings et mes ateliers avec vous.<\/p>\n<p><strong>Son petit mot:<\/strong> L&#8217;entrepreneuriat, c&#8217;est plus qu&#8217;un nouveau chapitre professionnel: c&#8217;est une aventure humaine incroyable, riche et intense. Profitez du programme Women Dare pour connecter avec d&#8217;autres entrepreneures qui comprennent le chemin que vous \u00eates en train de vivre, partagez, \u00e9changez.<\/p>\n","protected":false},"excerpt":{"rendered":"<p><span data-sheets-root=\"1\"><strong> Coaching -Confiance en soi et l\u00e9gitimit\u00e9<\/strong><\/span><\/p>\n<p><em> 1h de coaching pour surmonter vos croyances limitantes<\/em><\/p>\n<p>Vous vous sentez frein\u00e9e par des croyesses limitantes ? Une petite voix int\u00e9rieure vous fait parfois douter de la viabilit\u00e9 de votre projet ou de votre capacit\u00e9 \u00e0 le porter. La crainte de ne pas \u00eatre \u00e0 la hauteur, la peur du jugement des autres ou une auto-critique excessive peuvent brouiller votre vision et alourdir votre \u00e9nergie d\u2019entrepreneuse. Ce coaching a pour objectif de vous aider \u00e0 vous reconnecter \u00e0 votre pleine puissance int\u00e9rieure et \u00e0 vos r\u00e9ussites pass\u00e9es.<\/p>\n<p><strong>Ce que nous pouvons aborder :<\/strong><\/p>\n<ul>\n<li><strong>Identifier vos croyances limitantes<\/strong> : Comprendre les sources de ces doutes pour mieux les appr\u00e9hender et les d\u00e9passer.<\/li>\n<li><strong>Reconnecter avec vos r\u00e9ussites<\/strong> : Rappeler vos succ\u00e8s pass\u00e9s pour renforcer votre confiance en vous et valoriser vos comp\u00e9tences.<\/li>\n<li><strong>D\u00e9velopper une d\u00e9marche positive<\/strong> : Adopter des techniques pour transformer vos pens\u00e9es n\u00e9gatives en affirmations positives et motivantes.<\/li>\n<li><strong>\u00c9tablir des objectifs r\u00e9alistes et observables<\/strong> : Travailler ensemble pour d\u00e9finir des objectifs clairs et atteignables qui vous permettront de progresser sereinement.<\/li>\n<\/ul>\n<p>Une heure pour lib\u00e9rer votre potentiel et dynamiser votre parcours entrepreneurial !<\/p>\n<p><strong>Pr\u00e9sentation de l&#8217;intervenante: <span data-sheets-root=\"1\">Anais<\/span><\/strong><\/p>\n<p><span data-sheets-root=\"1\">Apr\u00e8s une premi\u00e8re partie de carri\u00e8re en conseil puis en grande entreprise, Ana\u00efs s&#8217;est form\u00e9e au coaching et \u00e0 la psychologie comportementale pour accompagner les femmes et les personnes minoris\u00e9es \u00e0 s&#8217;empouvoirer, lib\u00e9rer leur plein potentiel et construire la vie professionnelle qui leur ressemble, malgr\u00e9 les freins personnels ou syst\u00e9miques.<\/span><\/p>\n<p>F\u00e9ministe et engag\u00e9e pour l&#8217;\u00e9galit\u00e9 professionnelle, Ana\u00efs accompagne d\u00e9sormais des entrepreneur\u00b7e\u00b7s \u00e0 s&#8217;affirmer dans leur posture, oser prendre leur place, d\u00e9velopper leur leadership et leur impact.<\/p>\n<p>Ses zones de g\u00e9nie se situent \u00e0 la crois\u00e9e de th\u00e9matiques de d\u00e9veloppement personnel (connaissance de soi, leadership, confiance en soi, l\u00e9gitimit\u00e9), sociales (f\u00e9minisme, anti-racisme, intersectionnalit\u00e9, inclusion) et business (entrepreneuriat social, cr\u00e9ation d&#8217;activit\u00e9, strat\u00e9gie).<\/p>\n<p>Son super pouvoir: J&#8217;adore jongler entre les dualit\u00e9s : le r\u00eave \/ la r\u00e9alit\u00e9, le conscient \/ l&#8217;inconscient, l&#8217;art \/ la science &#8230; et je le mets au service des mes coachings et mes ateliers avec vous.<\/p>\n<p><strong>Son petit mot:<\/strong> L&#8217;entrepreneuriat, c&#8217;est plus qu&#8217;un nouveau chapitre professionnel: c&#8217;est une aventure humaine incroyable, riche et intense. Profitez du programme Women Dare pour connecter avec d&#8217;autres entrepreneures qui comprennent le chemin que vous \u00eates en train de vivre, partagez, \u00e9changez.<\/p>\n","protected":false},"featured_media":268851,"template":"","format":"standard","meta":{"_acf_changed":false,"om_disable_all_campaigns":false,"_uf_show_specific_survey":0,"_uf_disable_surveys":false},"product_brand":[],"product_cat":[121],"product_tag":[143],"lieu":[125],"thematiques":[],"class_list":{"0":"post-268854","1":"product","2":"type-product","3":"status-publish","4":"format-standard","5":"has-post-thumbnail","7":"product_cat-coaching","8":"product_tag-en-ligne","9":"lieu-en-ligne","11":"first","12":"instock","13":"virtual","14":"purchasable","15":"product-type-appointment"},"exclude_global_add_ons":[],"addons":[],"acf":[],"yoast_head":"<!-- This site is optimized with the Yoast SEO plugin v24.8 - https:\/\/yoast.com\/wordpress\/plugins\/seo\/ -->\n<title>Coaching - Strat\u00e9gie &amp; prospection commercial<\/title>\n<meta name=\"robots\" content=\"index, follow, max-snippet:-1, max-image-preview:large, max-video-preview:-1\" \/>\n<link rel=\"canonical\" href=\"https:\/\/empow-her.com\/produit\/coaching-confiance-en-soi-et-legitimite-copie-2\/\" \/>\n<meta property=\"og:locale\" content=\"es_ES\" \/>\n<meta property=\"og:type\" content=\"article\" \/>\n<meta property=\"og:title\" content=\"Coaching - Strat\u00e9gie &amp; prospection commercial\" \/>\n<meta property=\"og:description\" content=\"Coaching -Confiance en soi et l\u00e9gitimit\u00e9   1h de coaching pour surmonter vos croyances limitantes  Vous vous sentez frein\u00e9e par des croyesses limitantes ? Une petite voix int\u00e9rieure vous fait parfois douter de la viabilit\u00e9 de votre projet ou de votre capacit\u00e9 \u00e0 le porter. La crainte de ne pas \u00eatre \u00e0 la hauteur, la peur du jugement des autres ou une auto-critique excessive peuvent brouiller votre vision et alourdir votre \u00e9nergie d\u2019entrepreneuse. Ce coaching a pour objectif de vous aider \u00e0 vous reconnecter \u00e0 votre pleine puissance int\u00e9rieure et \u00e0 vos r\u00e9ussites pass\u00e9es.  Ce que nous pouvons aborder :   Identifier vos croyances limitantes : Comprendre les sources de ces doutes pour mieux les appr\u00e9hender et les d\u00e9passer.  Reconnecter avec vos r\u00e9ussites : Rappeler vos succ\u00e8s pass\u00e9s pour renforcer votre confiance en vous et valoriser vos comp\u00e9tences.  D\u00e9velopper une d\u00e9marche positive : Adopter des techniques pour transformer vos pens\u00e9es n\u00e9gatives en affirmations positives et motivantes.  \u00c9tablir des objectifs r\u00e9alistes et observables : Travailler ensemble pour d\u00e9finir des objectifs clairs et atteignables qui vous permettront de progresser sereinement.  Une heure pour lib\u00e9rer votre potentiel et dynamiser votre parcours entrepreneurial !  Pr\u00e9sentation de l&#039;intervenante: Anais  Apr\u00e8s une premi\u00e8re partie de carri\u00e8re en conseil puis en grande entreprise, Ana\u00efs s&#039;est form\u00e9e au coaching et \u00e0 la psychologie comportementale pour accompagner les femmes et les personnes minoris\u00e9es \u00e0 s&#039;empouvoirer, lib\u00e9rer leur plein potentiel et construire la vie professionnelle qui leur ressemble, malgr\u00e9 les freins personnels ou syst\u00e9miques.  F\u00e9ministe et engag\u00e9e pour l&#039;\u00e9galit\u00e9 professionnelle, Ana\u00efs accompagne d\u00e9sormais des entrepreneur\u00b7e\u00b7s \u00e0 s&#039;affirmer dans leur posture, oser prendre leur place, d\u00e9velopper leur leadership et leur impact.  Ses zones de g\u00e9nie se situent \u00e0 la crois\u00e9e de th\u00e9matiques de d\u00e9veloppement personnel (connaissance de soi, leadership, confiance en soi, l\u00e9gitimit\u00e9), sociales (f\u00e9minisme, anti-racisme, intersectionnalit\u00e9, inclusion) et business (entrepreneuriat social, cr\u00e9ation d&#039;activit\u00e9, strat\u00e9gie).  Son super pouvoir: J&#039;adore jongler entre les dualit\u00e9s : le r\u00eave \/ la r\u00e9alit\u00e9, le conscient \/ l&#039;inconscient, l&#039;art \/ la science ... et je le mets au service des mes coachings et mes ateliers avec vous.  Son petit mot: L&#039;entrepreneuriat, c&#039;est plus qu&#039;un nouveau chapitre professionnel: c&#039;est une aventure humaine incroyable, riche et intense. Profitez du programme Women Dare pour connecter avec d&#039;autres entrepreneures qui comprennent le chemin que vous \u00eates en train de vivre, partagez, \u00e9changez.\" \/>\n<meta property=\"og:url\" content=\"https:\/\/empow-her.com\/produit\/coaching-confiance-en-soi-et-legitimite-copie-2\/\" \/>\n<meta property=\"og:site_name\" content=\"Empow&#039;Her\" \/>\n<meta property=\"article:modified_time\" content=\"2025-07-29T09:58:09+00:00\" \/>\n<meta property=\"og:image\" content=\"https:\/\/empow-her.com\/wp-content\/uploads\/2025\/07\/COACHING-4-1.png\" \/>\n\t<meta property=\"og:image:width\" content=\"1080\" \/>\n\t<meta property=\"og:image:height\" content=\"1080\" \/>\n\t<meta property=\"og:image:type\" content=\"image\/png\" \/>\n<meta name=\"twitter:card\" content=\"summary_large_image\" \/>\n<meta name=\"twitter:label1\" content=\"Tiempo de lectura\" \/>\n\t<meta name=\"twitter:data1\" content=\"3 minutos\" \/>\n<script type=\"application\/ld+json\" class=\"yoast-schema-graph\">{\"@context\":\"https:\/\/schema.org\",\"@graph\":[{\"@type\":\"WebPage\",\"@id\":\"https:\/\/empow-her.com\/produit\/coaching-confiance-en-soi-et-legitimite-copie-2\/\",\"url\":\"https:\/\/empow-her.com\/produit\/coaching-confiance-en-soi-et-legitimite-copie-2\/\",\"name\":\"Coaching - Strat\u00e9gie & prospection commercial\",\"isPartOf\":{\"@id\":\"https:\/\/empow-her.com\/#website\"},\"primaryImageOfPage\":{\"@id\":\"https:\/\/empow-her.com\/produit\/coaching-confiance-en-soi-et-legitimite-copie-2\/#primaryimage\"},\"image\":{\"@id\":\"https:\/\/empow-her.com\/produit\/coaching-confiance-en-soi-et-legitimite-copie-2\/#primaryimage\"},\"thumbnailUrl\":\"https:\/\/empow-her.com\/wp-content\/uploads\/2025\/07\/COACHING-4-1.png\",\"datePublished\":\"2025-07-25T14:19:24+00:00\",\"dateModified\":\"2025-07-29T09:58:09+00:00\",\"breadcrumb\":{\"@id\":\"https:\/\/empow-her.com\/produit\/coaching-confiance-en-soi-et-legitimite-copie-2\/#breadcrumb\"},\"inLanguage\":\"es\",\"potentialAction\":[{\"@type\":\"ReadAction\",\"target\":[\"https:\/\/empow-her.com\/produit\/coaching-confiance-en-soi-et-legitimite-copie-2\/\"]}]},{\"@type\":\"ImageObject\",\"inLanguage\":\"es\",\"@id\":\"https:\/\/empow-her.com\/produit\/coaching-confiance-en-soi-et-legitimite-copie-2\/#primaryimage\",\"url\":\"https:\/\/empow-her.com\/wp-content\/uploads\/2025\/07\/COACHING-4-1.png\",\"contentUrl\":\"https:\/\/empow-her.com\/wp-content\/uploads\/2025\/07\/COACHING-4-1.png\",\"width\":1080,\"height\":1080},{\"@type\":\"BreadcrumbList\",\"@id\":\"https:\/\/empow-her.com\/produit\/coaching-confiance-en-soi-et-legitimite-copie-2\/#breadcrumb\",\"itemListElement\":[{\"@type\":\"ListItem\",\"position\":1,\"name\":\"Accueil\",\"item\":\"https:\/\/empow-her.com\/es\/inicio\/\"},{\"@type\":\"ListItem\",\"position\":2,\"name\":\"LA BOUTIQUE\",\"item\":\"https:\/\/empow-her.com\/boutique\/\"},{\"@type\":\"ListItem\",\"position\":3,\"name\":\"Coaching -Confiance en soi et l\u00e9gitimit\u00e9\"}]},{\"@type\":\"WebSite\",\"@id\":\"https:\/\/empow-her.com\/#website\",\"url\":\"https:\/\/empow-her.com\/\",\"name\":\"Empow&#039;Her\",\"description\":\"Women Development\",\"potentialAction\":[{\"@type\":\"SearchAction\",\"target\":{\"@type\":\"EntryPoint\",\"urlTemplate\":\"https:\/\/empow-her.com\/?s={search_term_string}\"},\"query-input\":{\"@type\":\"PropertyValueSpecification\",\"valueRequired\":true,\"valueName\":\"search_term_string\"}}],\"inLanguage\":\"es\"}]}<\/script>\n<!-- \/ Yoast SEO plugin. -->","yoast_head_json":{"title":"Coaching - Strat\u00e9gie & prospection commercial","robots":{"index":"index","follow":"follow","max-snippet":"max-snippet:-1","max-image-preview":"max-image-preview:large","max-video-preview":"max-video-preview:-1"},"canonical":"https:\/\/empow-her.com\/produit\/coaching-confiance-en-soi-et-legitimite-copie-2\/","og_locale":"es_ES","og_type":"article","og_title":"Coaching - Strat\u00e9gie & prospection commercial","og_description":"Coaching -Confiance en soi et l\u00e9gitimit\u00e9   1h de coaching pour surmonter vos croyances limitantes  Vous vous sentez frein\u00e9e par des croyesses limitantes ? Une petite voix int\u00e9rieure vous fait parfois douter de la viabilit\u00e9 de votre projet ou de votre capacit\u00e9 \u00e0 le porter. La crainte de ne pas \u00eatre \u00e0 la hauteur, la peur du jugement des autres ou une auto-critique excessive peuvent brouiller votre vision et alourdir votre \u00e9nergie d\u2019entrepreneuse. Ce coaching a pour objectif de vous aider \u00e0 vous reconnecter \u00e0 votre pleine puissance int\u00e9rieure et \u00e0 vos r\u00e9ussites pass\u00e9es.  Ce que nous pouvons aborder :   Identifier vos croyances limitantes : Comprendre les sources de ces doutes pour mieux les appr\u00e9hender et les d\u00e9passer.  Reconnecter avec vos r\u00e9ussites : Rappeler vos succ\u00e8s pass\u00e9s pour renforcer votre confiance en vous et valoriser vos comp\u00e9tences.  D\u00e9velopper une d\u00e9marche positive : Adopter des techniques pour transformer vos pens\u00e9es n\u00e9gatives en affirmations positives et motivantes.  \u00c9tablir des objectifs r\u00e9alistes et observables : Travailler ensemble pour d\u00e9finir des objectifs clairs et atteignables qui vous permettront de progresser sereinement.  Une heure pour lib\u00e9rer votre potentiel et dynamiser votre parcours entrepreneurial !  Pr\u00e9sentation de l'intervenante: Anais  Apr\u00e8s une premi\u00e8re partie de carri\u00e8re en conseil puis en grande entreprise, Ana\u00efs s'est form\u00e9e au coaching et \u00e0 la psychologie comportementale pour accompagner les femmes et les personnes minoris\u00e9es \u00e0 s'empouvoirer, lib\u00e9rer leur plein potentiel et construire la vie professionnelle qui leur ressemble, malgr\u00e9 les freins personnels ou syst\u00e9miques.  F\u00e9ministe et engag\u00e9e pour l'\u00e9galit\u00e9 professionnelle, Ana\u00efs accompagne d\u00e9sormais des entrepreneur\u00b7e\u00b7s \u00e0 s'affirmer dans leur posture, oser prendre leur place, d\u00e9velopper leur leadership et leur impact.  Ses zones de g\u00e9nie se situent \u00e0 la crois\u00e9e de th\u00e9matiques de d\u00e9veloppement personnel (connaissance de soi, leadership, confiance en soi, l\u00e9gitimit\u00e9), sociales (f\u00e9minisme, anti-racisme, intersectionnalit\u00e9, inclusion) et business (entrepreneuriat social, cr\u00e9ation d'activit\u00e9, strat\u00e9gie).  Son super pouvoir: J'adore jongler entre les dualit\u00e9s : le r\u00eave \/ la r\u00e9alit\u00e9, le conscient \/ l'inconscient, l'art \/ la science ... et je le mets au service des mes coachings et mes ateliers avec vous.  Son petit mot: L'entrepreneuriat, c'est plus qu'un nouveau chapitre professionnel: c'est une aventure humaine incroyable, riche et intense. Profitez du programme Women Dare pour connecter avec d'autres entrepreneures qui comprennent le chemin que vous \u00eates en train de vivre, partagez, \u00e9changez.","og_url":"https:\/\/empow-her.com\/produit\/coaching-confiance-en-soi-et-legitimite-copie-2\/","og_site_name":"Empow&#039;Her","article_modified_time":"2025-07-29T09:58:09+00:00","og_image":[{"width":1080,"height":1080,"url":"https:\/\/empow-her.com\/wp-content\/uploads\/2025\/07\/COACHING-4-1.png","type":"image\/png"}],"twitter_card":"summary_large_image","twitter_misc":{"Tiempo de lectura":"3 minutos"},"schema":{"@context":"https:\/\/schema.org","@graph":[{"@type":"WebPage","@id":"https:\/\/empow-her.com\/produit\/coaching-confiance-en-soi-et-legitimite-copie-2\/","url":"https:\/\/empow-her.com\/produit\/coaching-confiance-en-soi-et-legitimite-copie-2\/","name":"Coaching - Strat\u00e9gie & prospection commercial","isPartOf":{"@id":"https:\/\/empow-her.com\/#website"},"primaryImageOfPage":{"@id":"https:\/\/empow-her.com\/produit\/coaching-confiance-en-soi-et-legitimite-copie-2\/#primaryimage"},"image":{"@id":"https:\/\/empow-her.com\/produit\/coaching-confiance-en-soi-et-legitimite-copie-2\/#primaryimage"},"thumbnailUrl":"https:\/\/empow-her.com\/wp-content\/uploads\/2025\/07\/COACHING-4-1.png","datePublished":"2025-07-25T14:19:24+00:00","dateModified":"2025-07-29T09:58:09+00:00","breadcrumb":{"@id":"https:\/\/empow-her.com\/produit\/coaching-confiance-en-soi-et-legitimite-copie-2\/#breadcrumb"},"inLanguage":"es","potentialAction":[{"@type":"ReadAction","target":["https:\/\/empow-her.com\/produit\/coaching-confiance-en-soi-et-legitimite-copie-2\/"]}]},{"@type":"ImageObject","inLanguage":"es","@id":"https:\/\/empow-her.com\/produit\/coaching-confiance-en-soi-et-legitimite-copie-2\/#primaryimage","url":"https:\/\/empow-her.com\/wp-content\/uploads\/2025\/07\/COACHING-4-1.png","contentUrl":"https:\/\/empow-her.com\/wp-content\/uploads\/2025\/07\/COACHING-4-1.png","width":1080,"height":1080},{"@type":"BreadcrumbList","@id":"https:\/\/empow-her.com\/produit\/coaching-confiance-en-soi-et-legitimite-copie-2\/#breadcrumb","itemListElement":[{"@type":"ListItem","position":1,"name":"Accueil","item":"https:\/\/empow-her.com\/es\/inicio\/"},{"@type":"ListItem","position":2,"name":"LA BOUTIQUE","item":"https:\/\/empow-her.com\/boutique\/"},{"@type":"ListItem","position":3,"name":"Coaching -Confiance en soi et l\u00e9gitimit\u00e9"}]},{"@type":"WebSite","@id":"https:\/\/empow-her.com\/#website","url":"https:\/\/empow-her.com\/","name":"Empow&#039;Her","description":"Women Development","potentialAction":[{"@type":"SearchAction","target":{"@type":"EntryPoint","urlTemplate":"https:\/\/empow-her.com\/?s={search_term_string}"},"query-input":{"@type":"PropertyValueSpecification","valueRequired":true,"valueName":"search_term_string"}}],"inLanguage":"es"}]}},"_links":{"self":[{"href":"https:\/\/empow-her.com\/es\/wp-json\/wp\/v2\/product\/268854","targetHints":{"allow":["GET"]}}],"collection":[{"href":"https:\/\/empow-her.com\/es\/wp-json\/wp\/v2\/product"}],"about":[{"href":"https:\/\/empow-her.com\/es\/wp-json\/wp\/v2\/types\/product"}],"wp:featuredmedia":[{"embeddable":true,"href":"https:\/\/empow-her.com\/es\/wp-json\/wp\/v2\/media\/268851"}],"wp:attachment":[{"href":"https:\/\/empow-her.com\/es\/wp-json\/wp\/v2\/media?parent=268854"}],"wp:term":[{"taxonomy":"product_brand","embeddable":true,"href":"https:\/\/empow-her.com\/es\/wp-json\/wp\/v2\/product_brand?post=268854"},{"taxonomy":"product_cat","embeddable":true,"href":"https:\/\/empow-her.com\/es\/wp-json\/wp\/v2\/product_cat?post=268854"},{"taxonomy":"product_tag","embeddable":true,"href":"https:\/\/empow-her.com\/es\/wp-json\/wp\/v2\/product_tag?post=268854"},{"taxonomy":"lieu","embeddable":true,"href":"https:\/\/empow-her.com\/es\/wp-json\/wp\/v2\/lieu?post=268854"},{"taxonomy":"thematiques","embeddable":true,"href":"https:\/\/empow-her.com\/es\/wp-json\/wp\/v2\/thematiques?post=268854"}],"curies":[{"name":"wp","href":"https:\/\/api.w.org\/{rel}","templated":true}]}}