{"id":268754,"date":"2025-07-22T21:26:27","date_gmt":"2025-07-22T19:26:27","guid":{"rendered":"https:\/\/empow-her.com\/?post_type=product&#038;p=268754"},"modified":"2025-07-29T10:51:10","modified_gmt":"2025-07-29T08:51:10","slug":"coaching-strategie-prospection-commercial-3","status":"publish","type":"product","link":"https:\/\/empow-her.com\/es\/produit\/coaching-strategie-prospection-commercial-3\/","title":{"rendered":"Coaching &#8211;  Strat\u00e9gie &#038; prospection commercial"},"content":{"rendered":"<p><span data-sheets-root=\"1\"><strong> 1h de coaching pour affiner votre strat\u00e9gie commerciale<\/strong><\/span><\/p>\n<p>Vous avez esquiss\u00e9 une offre bas\u00e9e sur un produit ou un service, mais des questions demeurent : quels sont les bons canaux pour atteindre vos cibles ? Comment diffuser et vendre vos offres de mani\u00e8re optimale ? Ce coaching est con\u00e7u pour vous aider \u00e0 clarifier votre strat\u00e9gie commerciale et \u00e0 trouver des solutions adapt\u00e9es \u00e0 vos besoins.<\/p>\n<p><strong> Ce que nous pouvons aborder :<\/strong><\/p>\n<ul>\n<li><strong>Analyser votre offre et votre march\u00e9:<\/strong> \u00c9valuer les caract\u00e9ristiques de votre produit ou service et identifier votre audience cible.<\/li>\n<li><strong>D\u00e9terminer les canaux de diffusion:<\/strong> Explorer les plateformes et les strat\u00e9gies les plus efficaces pour toucher vos cibles et maximiser votre port\u00e9e.<\/li>\n<li><strong>D\u00e9velopper des outils de vente:<\/strong> Apprendre des techniques et outils pratiques pour pr\u00e9senter et vendre vos offres de mani\u00e8re convaincante.<\/li>\n<li><strong>\u00c9laborer une feuille de route:<\/strong> Cr\u00e9er un plan d\u2019action concret avec des \u00e9tapes claires pour d\u00e9velopper votre activit\u00e9 et atteindre vos objectifs.<\/li>\n<\/ul>\n<p><em>Pr\u00e9paration pour un \u00e9change constructif: Avant la session, n\u2019h\u00e9sitez pas \u00e0 partager vos questions sp\u00e9cifiques ou tout document utile avec l\u2019\u00e9quipe d\u2019accompagnement Empow&#8217;Her, afin de pr\u00e9parer au mieux votre \u00e9change.<\/em><\/p>\n<p><strong>Pr\u00e9sentation de l&#8217;intervenant: Alice<\/strong><\/p>\n<p><span data-sheets-root=\"1\"><strong>Son super pouvoir:<\/strong> J&#8217;ai r\u00e9ponse \u00e0 tout (mais je ne garantis pas qu&#8217;on aime la r\u00e9ponse \u00e0 chaque fois)<\/span><\/p>\n<p><strong>Son petit mot:<\/strong> N&#8217;ayez pas peur d&#8217;oser mais ne vous oubliez jamais.<\/p>\n<p>&nbsp;<\/p>\n","protected":false},"excerpt":{"rendered":"<p><span data-sheets-root=\"1\"><strong> 1h de coaching pour affiner votre strat\u00e9gie commerciale<\/strong><\/span><\/p>\n<p>Vous avez esquiss\u00e9 une offre bas\u00e9e sur un produit ou un service, mais des questions demeurent : quels sont les bons canaux pour atteindre vos cibles ? Comment diffuser et vendre vos offres de mani\u00e8re optimale ? Ce coaching est con\u00e7u pour vous aider \u00e0 clarifier votre strat\u00e9gie commerciale et \u00e0 trouver des solutions adapt\u00e9es \u00e0 vos besoins.<\/p>\n<p><strong> Ce que nous pouvons aborder :<\/strong><\/p>\n<ul>\n<li><strong>Analyser votre offre et votre march\u00e9:<\/strong> \u00c9valuer les caract\u00e9ristiques de votre produit ou service et identifier votre audience cible.<\/li>\n<li><strong>D\u00e9terminer les canaux de diffusion:<\/strong> Explorer les plateformes et les strat\u00e9gies les plus efficaces pour toucher vos cibles et maximiser votre port\u00e9e.<\/li>\n<li><strong>D\u00e9velopper des outils de vente:<\/strong> Apprendre des techniques et outils pratiques pour pr\u00e9senter et vendre vos offres de mani\u00e8re convaincante.<\/li>\n<li><strong>\u00c9laborer une feuille de route:<\/strong> Cr\u00e9er un plan d\u2019action concret avec des \u00e9tapes claires pour d\u00e9velopper votre activit\u00e9 et atteindre vos objectifs.<\/li>\n<\/ul>\n<p><em>Pr\u00e9paration pour un \u00e9change constructif: Avant la session, n\u2019h\u00e9sitez pas \u00e0 partager vos questions sp\u00e9cifiques ou tout document utile avec l\u2019\u00e9quipe d\u2019accompagnement Empow&#8217;Her, afin de pr\u00e9parer au mieux votre \u00e9change.<\/em><\/p>\n<p><strong>Pr\u00e9sentation de l&#8217;intervenant: Alice<\/strong><\/p>\n<p><span data-sheets-root=\"1\"><strong>Son super pouvoir:<\/strong> J&#8217;ai r\u00e9ponse \u00e0 tout (mais je ne garantis pas qu&#8217;on aime la r\u00e9ponse \u00e0 chaque fois)<\/span><\/p>\n<p><strong>Son petit mot:<\/strong> N&#8217;ayez pas peur d&#8217;oser mais ne vous oubliez jamais.<\/p>\n<p>&nbsp;<\/p>\n","protected":false},"featured_media":268749,"template":"","format":"standard","meta":{"_acf_changed":false,"om_disable_all_campaigns":false,"_uf_show_specific_survey":0,"_uf_disable_surveys":false},"product_brand":[],"product_cat":[121],"product_tag":[143],"lieu":[125],"thematiques":[],"class_list":{"0":"post-268754","1":"product","2":"type-product","3":"status-publish","4":"format-standard","5":"has-post-thumbnail","7":"product_cat-coaching","8":"product_tag-en-ligne","9":"lieu-en-ligne","11":"first","12":"instock","13":"virtual","14":"purchasable","15":"product-type-appointment"},"exclude_global_add_ons":[],"addons":[],"acf":[],"yoast_head":"<!-- This site is optimized with the Yoast SEO plugin v24.8 - https:\/\/yoast.com\/wordpress\/plugins\/seo\/ -->\n<title>Coaching - Strat\u00e9gie &amp; prospection commercial<\/title>\n<meta name=\"robots\" content=\"index, follow, max-snippet:-1, max-image-preview:large, max-video-preview:-1\" \/>\n<link rel=\"canonical\" href=\"https:\/\/empow-her.com\/produit\/coaching-strategie-prospection-commercial-3\/\" \/>\n<meta property=\"og:locale\" content=\"es_ES\" \/>\n<meta property=\"og:type\" content=\"article\" \/>\n<meta property=\"og:title\" content=\"Coaching - Strat\u00e9gie &amp; prospection commercial\" \/>\n<meta property=\"og:description\" content=\"1h de coaching pour affiner votre strat\u00e9gie commerciale  Vous avez esquiss\u00e9 une offre bas\u00e9e sur un produit ou un service, mais des questions demeurent : quels sont les bons canaux pour atteindre vos cibles ? Comment diffuser et vendre vos offres de mani\u00e8re optimale ? Ce coaching est con\u00e7u pour vous aider \u00e0 clarifier votre strat\u00e9gie commerciale et \u00e0 trouver des solutions adapt\u00e9es \u00e0 vos besoins.   Ce que nous pouvons aborder :   Analyser votre offre et votre march\u00e9: \u00c9valuer les caract\u00e9ristiques de votre produit ou service et identifier votre audience cible.  D\u00e9terminer les canaux de diffusion: Explorer les plateformes et les strat\u00e9gies les plus efficaces pour toucher vos cibles et maximiser votre port\u00e9e.  D\u00e9velopper des outils de vente: Apprendre des techniques et outils pratiques pour pr\u00e9senter et vendre vos offres de mani\u00e8re convaincante.  \u00c9laborer une feuille de route: Cr\u00e9er un plan d\u2019action concret avec des \u00e9tapes claires pour d\u00e9velopper votre activit\u00e9 et atteindre vos objectifs.  Pr\u00e9paration pour un \u00e9change constructif: Avant la session, n\u2019h\u00e9sitez pas \u00e0 partager vos questions sp\u00e9cifiques ou tout document utile avec l\u2019\u00e9quipe d\u2019accompagnement Empow&#039;Her, afin de pr\u00e9parer au mieux votre \u00e9change.  Pr\u00e9sentation de l&#039;intervenant: Alice  Son super pouvoir: J&#039;ai r\u00e9ponse \u00e0 tout (mais je ne garantis pas qu&#039;on aime la r\u00e9ponse \u00e0 chaque fois)  Son petit mot: N&#039;ayez pas peur d&#039;oser mais ne vous oubliez jamais.  &nbsp;\" \/>\n<meta property=\"og:url\" content=\"https:\/\/empow-her.com\/produit\/coaching-strategie-prospection-commercial-3\/\" \/>\n<meta property=\"og:site_name\" content=\"Empow&#039;Her\" \/>\n<meta property=\"article:modified_time\" content=\"2025-07-29T08:51:10+00:00\" \/>\n<meta property=\"og:image\" content=\"https:\/\/empow-her.com\/wp-content\/uploads\/2025\/07\/COACHING-3.png\" \/>\n\t<meta property=\"og:image:width\" content=\"1080\" \/>\n\t<meta property=\"og:image:height\" content=\"1080\" \/>\n\t<meta property=\"og:image:type\" content=\"image\/png\" \/>\n<meta name=\"twitter:card\" content=\"summary_large_image\" \/>\n<meta name=\"twitter:label1\" content=\"Tiempo de lectura\" \/>\n\t<meta name=\"twitter:data1\" content=\"2 minutos\" \/>\n<script type=\"application\/ld+json\" class=\"yoast-schema-graph\">{\"@context\":\"https:\/\/schema.org\",\"@graph\":[{\"@type\":\"WebPage\",\"@id\":\"https:\/\/empow-her.com\/produit\/coaching-strategie-prospection-commercial-3\/\",\"url\":\"https:\/\/empow-her.com\/produit\/coaching-strategie-prospection-commercial-3\/\",\"name\":\"Coaching - Strat\u00e9gie & prospection commercial\",\"isPartOf\":{\"@id\":\"https:\/\/empow-her.com\/#website\"},\"primaryImageOfPage\":{\"@id\":\"https:\/\/empow-her.com\/produit\/coaching-strategie-prospection-commercial-3\/#primaryimage\"},\"image\":{\"@id\":\"https:\/\/empow-her.com\/produit\/coaching-strategie-prospection-commercial-3\/#primaryimage\"},\"thumbnailUrl\":\"https:\/\/empow-her.com\/wp-content\/uploads\/2025\/07\/COACHING-3.png\",\"datePublished\":\"2025-07-22T19:26:27+00:00\",\"dateModified\":\"2025-07-29T08:51:10+00:00\",\"breadcrumb\":{\"@id\":\"https:\/\/empow-her.com\/produit\/coaching-strategie-prospection-commercial-3\/#breadcrumb\"},\"inLanguage\":\"es\",\"potentialAction\":[{\"@type\":\"ReadAction\",\"target\":[\"https:\/\/empow-her.com\/produit\/coaching-strategie-prospection-commercial-3\/\"]}]},{\"@type\":\"ImageObject\",\"inLanguage\":\"es\",\"@id\":\"https:\/\/empow-her.com\/produit\/coaching-strategie-prospection-commercial-3\/#primaryimage\",\"url\":\"https:\/\/empow-her.com\/wp-content\/uploads\/2025\/07\/COACHING-3.png\",\"contentUrl\":\"https:\/\/empow-her.com\/wp-content\/uploads\/2025\/07\/COACHING-3.png\",\"width\":1080,\"height\":1080},{\"@type\":\"BreadcrumbList\",\"@id\":\"https:\/\/empow-her.com\/produit\/coaching-strategie-prospection-commercial-3\/#breadcrumb\",\"itemListElement\":[{\"@type\":\"ListItem\",\"position\":1,\"name\":\"Accueil\",\"item\":\"https:\/\/empow-her.com\/es\/inicio\/\"},{\"@type\":\"ListItem\",\"position\":2,\"name\":\"LA BOUTIQUE\",\"item\":\"https:\/\/empow-her.com\/boutique\/\"},{\"@type\":\"ListItem\",\"position\":3,\"name\":\"Coaching &#8211; Strat\u00e9gie &#038; prospection commercial\"}]},{\"@type\":\"WebSite\",\"@id\":\"https:\/\/empow-her.com\/#website\",\"url\":\"https:\/\/empow-her.com\/\",\"name\":\"Empow&#039;Her\",\"description\":\"Women Development\",\"potentialAction\":[{\"@type\":\"SearchAction\",\"target\":{\"@type\":\"EntryPoint\",\"urlTemplate\":\"https:\/\/empow-her.com\/?s={search_term_string}\"},\"query-input\":{\"@type\":\"PropertyValueSpecification\",\"valueRequired\":true,\"valueName\":\"search_term_string\"}}],\"inLanguage\":\"es\"}]}<\/script>\n<!-- \/ Yoast SEO plugin. -->","yoast_head_json":{"title":"Coaching - Strat\u00e9gie & prospection commercial","robots":{"index":"index","follow":"follow","max-snippet":"max-snippet:-1","max-image-preview":"max-image-preview:large","max-video-preview":"max-video-preview:-1"},"canonical":"https:\/\/empow-her.com\/produit\/coaching-strategie-prospection-commercial-3\/","og_locale":"es_ES","og_type":"article","og_title":"Coaching - Strat\u00e9gie & prospection commercial","og_description":"1h de coaching pour affiner votre strat\u00e9gie commerciale  Vous avez esquiss\u00e9 une offre bas\u00e9e sur un produit ou un service, mais des questions demeurent : quels sont les bons canaux pour atteindre vos cibles ? Comment diffuser et vendre vos offres de mani\u00e8re optimale ? Ce coaching est con\u00e7u pour vous aider \u00e0 clarifier votre strat\u00e9gie commerciale et \u00e0 trouver des solutions adapt\u00e9es \u00e0 vos besoins.   Ce que nous pouvons aborder :   Analyser votre offre et votre march\u00e9: \u00c9valuer les caract\u00e9ristiques de votre produit ou service et identifier votre audience cible.  D\u00e9terminer les canaux de diffusion: Explorer les plateformes et les strat\u00e9gies les plus efficaces pour toucher vos cibles et maximiser votre port\u00e9e.  D\u00e9velopper des outils de vente: Apprendre des techniques et outils pratiques pour pr\u00e9senter et vendre vos offres de mani\u00e8re convaincante.  \u00c9laborer une feuille de route: Cr\u00e9er un plan d\u2019action concret avec des \u00e9tapes claires pour d\u00e9velopper votre activit\u00e9 et atteindre vos objectifs.  Pr\u00e9paration pour un \u00e9change constructif: Avant la session, n\u2019h\u00e9sitez pas \u00e0 partager vos questions sp\u00e9cifiques ou tout document utile avec l\u2019\u00e9quipe d\u2019accompagnement Empow'Her, afin de pr\u00e9parer au mieux votre \u00e9change.  Pr\u00e9sentation de l'intervenant: Alice  Son super pouvoir: J'ai r\u00e9ponse \u00e0 tout (mais je ne garantis pas qu'on aime la r\u00e9ponse \u00e0 chaque fois)  Son petit mot: N'ayez pas peur d'oser mais ne vous oubliez jamais.  &nbsp;","og_url":"https:\/\/empow-her.com\/produit\/coaching-strategie-prospection-commercial-3\/","og_site_name":"Empow&#039;Her","article_modified_time":"2025-07-29T08:51:10+00:00","og_image":[{"width":1080,"height":1080,"url":"https:\/\/empow-her.com\/wp-content\/uploads\/2025\/07\/COACHING-3.png","type":"image\/png"}],"twitter_card":"summary_large_image","twitter_misc":{"Tiempo de lectura":"2 minutos"},"schema":{"@context":"https:\/\/schema.org","@graph":[{"@type":"WebPage","@id":"https:\/\/empow-her.com\/produit\/coaching-strategie-prospection-commercial-3\/","url":"https:\/\/empow-her.com\/produit\/coaching-strategie-prospection-commercial-3\/","name":"Coaching - Strat\u00e9gie & prospection commercial","isPartOf":{"@id":"https:\/\/empow-her.com\/#website"},"primaryImageOfPage":{"@id":"https:\/\/empow-her.com\/produit\/coaching-strategie-prospection-commercial-3\/#primaryimage"},"image":{"@id":"https:\/\/empow-her.com\/produit\/coaching-strategie-prospection-commercial-3\/#primaryimage"},"thumbnailUrl":"https:\/\/empow-her.com\/wp-content\/uploads\/2025\/07\/COACHING-3.png","datePublished":"2025-07-22T19:26:27+00:00","dateModified":"2025-07-29T08:51:10+00:00","breadcrumb":{"@id":"https:\/\/empow-her.com\/produit\/coaching-strategie-prospection-commercial-3\/#breadcrumb"},"inLanguage":"es","potentialAction":[{"@type":"ReadAction","target":["https:\/\/empow-her.com\/produit\/coaching-strategie-prospection-commercial-3\/"]}]},{"@type":"ImageObject","inLanguage":"es","@id":"https:\/\/empow-her.com\/produit\/coaching-strategie-prospection-commercial-3\/#primaryimage","url":"https:\/\/empow-her.com\/wp-content\/uploads\/2025\/07\/COACHING-3.png","contentUrl":"https:\/\/empow-her.com\/wp-content\/uploads\/2025\/07\/COACHING-3.png","width":1080,"height":1080},{"@type":"BreadcrumbList","@id":"https:\/\/empow-her.com\/produit\/coaching-strategie-prospection-commercial-3\/#breadcrumb","itemListElement":[{"@type":"ListItem","position":1,"name":"Accueil","item":"https:\/\/empow-her.com\/es\/inicio\/"},{"@type":"ListItem","position":2,"name":"LA BOUTIQUE","item":"https:\/\/empow-her.com\/boutique\/"},{"@type":"ListItem","position":3,"name":"Coaching &#8211; Strat\u00e9gie &#038; prospection commercial"}]},{"@type":"WebSite","@id":"https:\/\/empow-her.com\/#website","url":"https:\/\/empow-her.com\/","name":"Empow&#039;Her","description":"Women Development","potentialAction":[{"@type":"SearchAction","target":{"@type":"EntryPoint","urlTemplate":"https:\/\/empow-her.com\/?s={search_term_string}"},"query-input":{"@type":"PropertyValueSpecification","valueRequired":true,"valueName":"search_term_string"}}],"inLanguage":"es"}]}},"_links":{"self":[{"href":"https:\/\/empow-her.com\/es\/wp-json\/wp\/v2\/product\/268754","targetHints":{"allow":["GET"]}}],"collection":[{"href":"https:\/\/empow-her.com\/es\/wp-json\/wp\/v2\/product"}],"about":[{"href":"https:\/\/empow-her.com\/es\/wp-json\/wp\/v2\/types\/product"}],"wp:featuredmedia":[{"embeddable":true,"href":"https:\/\/empow-her.com\/es\/wp-json\/wp\/v2\/media\/268749"}],"wp:attachment":[{"href":"https:\/\/empow-her.com\/es\/wp-json\/wp\/v2\/media?parent=268754"}],"wp:term":[{"taxonomy":"product_brand","embeddable":true,"href":"https:\/\/empow-her.com\/es\/wp-json\/wp\/v2\/product_brand?post=268754"},{"taxonomy":"product_cat","embeddable":true,"href":"https:\/\/empow-her.com\/es\/wp-json\/wp\/v2\/product_cat?post=268754"},{"taxonomy":"product_tag","embeddable":true,"href":"https:\/\/empow-her.com\/es\/wp-json\/wp\/v2\/product_tag?post=268754"},{"taxonomy":"lieu","embeddable":true,"href":"https:\/\/empow-her.com\/es\/wp-json\/wp\/v2\/lieu?post=268754"},{"taxonomy":"thematiques","embeddable":true,"href":"https:\/\/empow-her.com\/es\/wp-json\/wp\/v2\/thematiques?post=268754"}],"curies":[{"name":"wp","href":"https:\/\/api.w.org\/{rel}","templated":true}]}}