{"id":268662,"date":"2025-07-22T16:02:00","date_gmt":"2025-07-22T14:02:00","guid":{"rendered":"https:\/\/empow-her.com\/?post_type=product&#038;p=268662"},"modified":"2025-07-29T10:40:17","modified_gmt":"2025-07-29T08:40:17","slug":"coaching-a-votre-ecoute-copie","status":"publish","type":"product","link":"https:\/\/empow-her.com\/es\/produit\/coaching-a-votre-ecoute-copie\/","title":{"rendered":"Coaching &#8211;  A votre \u00e9coute"},"content":{"rendered":"<p><strong> 1h de coaching pour d\u00e9bloquer une probl\u00e9matique et avancer sereinement<\/strong><\/p>\n<p>Un sujet impacte votre projet ou votre posture entrepreneuriale ? Il peut sembler trop petit, marginal, soudain ou d\u00e9licat\u2026 et vous ne savez pas par o\u00f9 commencer ? Ce coaching vous permet de prendre du recul et d\u2019y voir plus clair.<\/p>\n<p><strong>D\u00e9roul\u00e9 de la s\u00e9ance :<\/strong><\/p>\n<ul>\n<li>Temps d&#8217;\u00e9coute de la probl\u00e9matique<\/li>\n<li><strong>Co-cr\u00e9ation<\/strong> d&#8217;un objectif pour la s\u00e9ance, en lien avec votre besoin<\/li>\n<li>Questionnement, \u00e9changes et introspection pour faire \u00e9merger les ressources qui vous permettront d&#8217;avancer vers votre objectif<\/li>\n<li>Co-construction d&#8217;un plan d&#8217;action avec un premier petit pas pour vous remettre en mouvement<\/li>\n<li>Apports th\u00e9oriques si besoin<\/li>\n<\/ul>\n<p><strong>Une heure pour lever vos freins et reprendre confiance en votre capacit\u00e9 \u00e0 avancer !<\/strong><\/p>\n<p><strong>Pr\u00e9sentation intervenant.e: Laure<\/strong><\/p>\n<p><span data-sheets-root=\"1\">Apr\u00e8s un parcours professionnel dans le monde du livre, je suis attentive aux histoires et aux mots. Aujourd\u2019hui coach, j\u2019aime mettre en lumi\u00e8re les &#8220;p\u00e9pites&#8221; oubli\u00e9es des personnes que j\u2019accompagne, cela pour soutenir le changement qu\u2019elles souhaitent mettre en place dans leurs vies.<\/span><\/p>\n<p><span data-sheets-root=\"1\"> Que je sois en entreprise, en associatif ou aupr\u00e8s de particuliers, j\u2019aime questionner, \u00e9couter, observer les personnes que j\u2019accompagne, pour faire \u00e9merger ce qu\u2019il y a de pr\u00e9cieux et d\u2019unique chez elles ; et qu\u2019\u00e0 leur tour, elles le mettent \u00e0 profit dans leurs vies, leurs m\u00e9tiers et leurs environnements.<\/p>\n<p><strong>Son super pouvoir:<\/strong> Attentive, Accueillante, A l&#8217;\u00e9coute !<\/p>\n<p><strong>Son petit mot:<\/strong> Bravo ! Et comme personne ne l&#8217;a mieux r\u00e9sum\u00e9 qu&#8217;Oscar Wilde, je le cite : &#8220;Soyez vous-m\u00eame, les autres sont d\u00e9j\u00e0 pris !&#8221;<\/span><\/p>\n","protected":false},"excerpt":{"rendered":"<p><strong> 1h de coaching pour d\u00e9bloquer une probl\u00e9matique et avancer sereinement<\/strong><\/p>\n<p>Un sujet impacte votre projet ou votre posture entrepreneuriale ? Il peut sembler trop petit, marginal, soudain ou d\u00e9licat\u2026 et vous ne savez pas par o\u00f9 commencer ? Ce coaching vous permet de prendre du recul et d\u2019y voir plus clair.<\/p>\n<p><strong>D\u00e9roul\u00e9 de la s\u00e9ance :<\/strong><\/p>\n<ul>\n<li>Temps d&#8217;\u00e9coute de la probl\u00e9matique<\/li>\n<li><strong>Co-cr\u00e9ation<\/strong> d&#8217;un objectif pour la s\u00e9ance, en lien avec votre besoin<\/li>\n<li>Questionnement, \u00e9changes et introspection pour faire \u00e9merger les ressources qui vous permettront d&#8217;avancer vers votre objectif<\/li>\n<li>Co-construction d&#8217;un plan d&#8217;action avec un premier petit pas pour vous remettre en mouvement<\/li>\n<li>Apports th\u00e9oriques si besoin<\/li>\n<\/ul>\n<p><strong>Une heure pour lever vos freins et reprendre confiance en votre capacit\u00e9 \u00e0 avancer !<\/strong><\/p>\n<p><strong>Pr\u00e9sentation intervenant.e: Laure<\/strong><\/p>\n<p><span data-sheets-root=\"1\">Apr\u00e8s un parcours professionnel dans le monde du livre, je suis attentive aux histoires et aux mots. Aujourd\u2019hui coach, j\u2019aime mettre en lumi\u00e8re les &#8220;p\u00e9pites&#8221; oubli\u00e9es des personnes que j\u2019accompagne, cela pour soutenir le changement qu\u2019elles souhaitent mettre en place dans leurs vies.<\/span><\/p>\n<p><span data-sheets-root=\"1\"> Que je sois en entreprise, en associatif ou aupr\u00e8s de particuliers, j\u2019aime questionner, \u00e9couter, observer les personnes que j\u2019accompagne, pour faire \u00e9merger ce qu\u2019il y a de pr\u00e9cieux et d\u2019unique chez elles ; et qu\u2019\u00e0 leur tour, elles le mettent \u00e0 profit dans leurs vies, leurs m\u00e9tiers et leurs environnements.<\/p>\n<p><strong>Son super pouvoir:<\/strong> Attentive, Accueillante, A l&#8217;\u00e9coute !<\/p>\n<p><strong>Son petit mot:<\/strong> Bravo ! Et comme personne ne l&#8217;a mieux r\u00e9sum\u00e9 qu&#8217;Oscar Wilde, je le cite : &#8220;Soyez vous-m\u00eame, les autres sont d\u00e9j\u00e0 pris !&#8221;<\/span><\/p>\n","protected":false},"featured_media":268663,"template":"","format":"standard","meta":{"_acf_changed":false,"om_disable_all_campaigns":false,"_uf_show_specific_survey":0,"_uf_disable_surveys":false},"product_brand":[],"product_cat":[121],"product_tag":[143],"lieu":[125],"thematiques":[],"class_list":{"0":"post-268662","1":"product","2":"type-product","3":"status-publish","4":"format-standard","5":"has-post-thumbnail","7":"product_cat-coaching","8":"product_tag-en-ligne","9":"lieu-en-ligne","11":"first","12":"instock","13":"virtual","14":"purchasable","15":"product-type-appointment"},"exclude_global_add_ons":[],"addons":[],"acf":[],"yoast_head":"<!-- This site is optimized with the Yoast SEO plugin v24.8 - https:\/\/yoast.com\/wordpress\/plugins\/seo\/ -->\n<title>Coaching : financement et business plan<\/title>\n<meta name=\"robots\" content=\"index, follow, max-snippet:-1, max-image-preview:large, max-video-preview:-1\" \/>\n<link rel=\"canonical\" href=\"https:\/\/empow-her.com\/produit\/coaching-a-votre-ecoute-copie\/\" \/>\n<meta property=\"og:locale\" content=\"es_ES\" \/>\n<meta property=\"og:type\" content=\"article\" \/>\n<meta property=\"og:title\" content=\"Coaching : financement et business plan\" \/>\n<meta property=\"og:description\" content=\"1h de coaching pour d\u00e9bloquer une probl\u00e9matique et avancer sereinement  Un sujet impacte votre projet ou votre posture entrepreneuriale ? Il peut sembler trop petit, marginal, soudain ou d\u00e9licat\u2026 et vous ne savez pas par o\u00f9 commencer ? Ce coaching vous permet de prendre du recul et d\u2019y voir plus clair.  D\u00e9roul\u00e9 de la s\u00e9ance :   Temps d&#039;\u00e9coute de la probl\u00e9matique  Co-cr\u00e9ation d&#039;un objectif pour la s\u00e9ance, en lien avec votre besoin  Questionnement, \u00e9changes et introspection pour faire \u00e9merger les ressources qui vous permettront d&#039;avancer vers votre objectif  Co-construction d&#039;un plan d&#039;action avec un premier petit pas pour vous remettre en mouvement  Apports th\u00e9oriques si besoin  Une heure pour lever vos freins et reprendre confiance en votre capacit\u00e9 \u00e0 avancer !  Pr\u00e9sentation intervenant.e: Laure  Apr\u00e8s un parcours professionnel dans le monde du livre, je suis attentive aux histoires et aux mots. Aujourd\u2019hui coach, j\u2019aime mettre en lumi\u00e8re les &quot;p\u00e9pites&quot; oubli\u00e9es des personnes que j\u2019accompagne, cela pour soutenir le changement qu\u2019elles souhaitent mettre en place dans leurs vies.   Que je sois en entreprise, en associatif ou aupr\u00e8s de particuliers, j\u2019aime questionner, \u00e9couter, observer les personnes que j\u2019accompagne, pour faire \u00e9merger ce qu\u2019il y a de pr\u00e9cieux et d\u2019unique chez elles ; et qu\u2019\u00e0 leur tour, elles le mettent \u00e0 profit dans leurs vies, leurs m\u00e9tiers et leurs environnements.  Son super pouvoir: Attentive, Accueillante, A l&#039;\u00e9coute !  Son petit mot: Bravo ! Et comme personne ne l&#039;a mieux r\u00e9sum\u00e9 qu&#039;Oscar Wilde, je le cite : &quot;Soyez vous-m\u00eame, les autres sont d\u00e9j\u00e0 pris !&quot;\" \/>\n<meta property=\"og:url\" content=\"https:\/\/empow-her.com\/produit\/coaching-a-votre-ecoute-copie\/\" \/>\n<meta property=\"og:site_name\" content=\"Empow&#039;Her\" \/>\n<meta property=\"article:modified_time\" content=\"2025-07-29T08:40:17+00:00\" \/>\n<meta property=\"og:image\" content=\"https:\/\/empow-her.com\/wp-content\/uploads\/2025\/07\/COACHING-2.png\" \/>\n\t<meta property=\"og:image:width\" content=\"1080\" \/>\n\t<meta property=\"og:image:height\" content=\"1080\" \/>\n\t<meta property=\"og:image:type\" content=\"image\/png\" \/>\n<meta name=\"twitter:card\" content=\"summary_large_image\" \/>\n<meta name=\"twitter:label1\" content=\"Tiempo de lectura\" \/>\n\t<meta name=\"twitter:data1\" content=\"2 minutos\" \/>\n<script type=\"application\/ld+json\" class=\"yoast-schema-graph\">{\"@context\":\"https:\/\/schema.org\",\"@graph\":[{\"@type\":\"WebPage\",\"@id\":\"https:\/\/empow-her.com\/produit\/coaching-a-votre-ecoute-copie\/\",\"url\":\"https:\/\/empow-her.com\/produit\/coaching-a-votre-ecoute-copie\/\",\"name\":\"Coaching : financement et business plan\",\"isPartOf\":{\"@id\":\"https:\/\/empow-her.com\/#website\"},\"primaryImageOfPage\":{\"@id\":\"https:\/\/empow-her.com\/produit\/coaching-a-votre-ecoute-copie\/#primaryimage\"},\"image\":{\"@id\":\"https:\/\/empow-her.com\/produit\/coaching-a-votre-ecoute-copie\/#primaryimage\"},\"thumbnailUrl\":\"https:\/\/empow-her.com\/wp-content\/uploads\/2025\/07\/COACHING-2.png\",\"datePublished\":\"2025-07-22T14:02:00+00:00\",\"dateModified\":\"2025-07-29T08:40:17+00:00\",\"breadcrumb\":{\"@id\":\"https:\/\/empow-her.com\/produit\/coaching-a-votre-ecoute-copie\/#breadcrumb\"},\"inLanguage\":\"es\",\"potentialAction\":[{\"@type\":\"ReadAction\",\"target\":[\"https:\/\/empow-her.com\/produit\/coaching-a-votre-ecoute-copie\/\"]}]},{\"@type\":\"ImageObject\",\"inLanguage\":\"es\",\"@id\":\"https:\/\/empow-her.com\/produit\/coaching-a-votre-ecoute-copie\/#primaryimage\",\"url\":\"https:\/\/empow-her.com\/wp-content\/uploads\/2025\/07\/COACHING-2.png\",\"contentUrl\":\"https:\/\/empow-her.com\/wp-content\/uploads\/2025\/07\/COACHING-2.png\",\"width\":1080,\"height\":1080},{\"@type\":\"BreadcrumbList\",\"@id\":\"https:\/\/empow-her.com\/produit\/coaching-a-votre-ecoute-copie\/#breadcrumb\",\"itemListElement\":[{\"@type\":\"ListItem\",\"position\":1,\"name\":\"Accueil\",\"item\":\"https:\/\/empow-her.com\/es\/inicio\/\"},{\"@type\":\"ListItem\",\"position\":2,\"name\":\"LA BOUTIQUE\",\"item\":\"https:\/\/empow-her.com\/boutique\/\"},{\"@type\":\"ListItem\",\"position\":3,\"name\":\"Coaching &#8211; A votre \u00e9coute\"}]},{\"@type\":\"WebSite\",\"@id\":\"https:\/\/empow-her.com\/#website\",\"url\":\"https:\/\/empow-her.com\/\",\"name\":\"Empow&#039;Her\",\"description\":\"Women Development\",\"potentialAction\":[{\"@type\":\"SearchAction\",\"target\":{\"@type\":\"EntryPoint\",\"urlTemplate\":\"https:\/\/empow-her.com\/?s={search_term_string}\"},\"query-input\":{\"@type\":\"PropertyValueSpecification\",\"valueRequired\":true,\"valueName\":\"search_term_string\"}}],\"inLanguage\":\"es\"}]}<\/script>\n<!-- \/ Yoast SEO plugin. -->","yoast_head_json":{"title":"Coaching : financement et business plan","robots":{"index":"index","follow":"follow","max-snippet":"max-snippet:-1","max-image-preview":"max-image-preview:large","max-video-preview":"max-video-preview:-1"},"canonical":"https:\/\/empow-her.com\/produit\/coaching-a-votre-ecoute-copie\/","og_locale":"es_ES","og_type":"article","og_title":"Coaching : financement et business plan","og_description":"1h de coaching pour d\u00e9bloquer une probl\u00e9matique et avancer sereinement  Un sujet impacte votre projet ou votre posture entrepreneuriale ? Il peut sembler trop petit, marginal, soudain ou d\u00e9licat\u2026 et vous ne savez pas par o\u00f9 commencer ? Ce coaching vous permet de prendre du recul et d\u2019y voir plus clair.  D\u00e9roul\u00e9 de la s\u00e9ance :   Temps d'\u00e9coute de la probl\u00e9matique  Co-cr\u00e9ation d'un objectif pour la s\u00e9ance, en lien avec votre besoin  Questionnement, \u00e9changes et introspection pour faire \u00e9merger les ressources qui vous permettront d'avancer vers votre objectif  Co-construction d'un plan d'action avec un premier petit pas pour vous remettre en mouvement  Apports th\u00e9oriques si besoin  Une heure pour lever vos freins et reprendre confiance en votre capacit\u00e9 \u00e0 avancer !  Pr\u00e9sentation intervenant.e: Laure  Apr\u00e8s un parcours professionnel dans le monde du livre, je suis attentive aux histoires et aux mots. Aujourd\u2019hui coach, j\u2019aime mettre en lumi\u00e8re les \"p\u00e9pites\" oubli\u00e9es des personnes que j\u2019accompagne, cela pour soutenir le changement qu\u2019elles souhaitent mettre en place dans leurs vies.   Que je sois en entreprise, en associatif ou aupr\u00e8s de particuliers, j\u2019aime questionner, \u00e9couter, observer les personnes que j\u2019accompagne, pour faire \u00e9merger ce qu\u2019il y a de pr\u00e9cieux et d\u2019unique chez elles ; et qu\u2019\u00e0 leur tour, elles le mettent \u00e0 profit dans leurs vies, leurs m\u00e9tiers et leurs environnements.  Son super pouvoir: Attentive, Accueillante, A l'\u00e9coute !  Son petit mot: Bravo ! Et comme personne ne l'a mieux r\u00e9sum\u00e9 qu'Oscar Wilde, je le cite : \"Soyez vous-m\u00eame, les autres sont d\u00e9j\u00e0 pris !\"","og_url":"https:\/\/empow-her.com\/produit\/coaching-a-votre-ecoute-copie\/","og_site_name":"Empow&#039;Her","article_modified_time":"2025-07-29T08:40:17+00:00","og_image":[{"width":1080,"height":1080,"url":"https:\/\/empow-her.com\/wp-content\/uploads\/2025\/07\/COACHING-2.png","type":"image\/png"}],"twitter_card":"summary_large_image","twitter_misc":{"Tiempo de lectura":"2 minutos"},"schema":{"@context":"https:\/\/schema.org","@graph":[{"@type":"WebPage","@id":"https:\/\/empow-her.com\/produit\/coaching-a-votre-ecoute-copie\/","url":"https:\/\/empow-her.com\/produit\/coaching-a-votre-ecoute-copie\/","name":"Coaching : financement et business plan","isPartOf":{"@id":"https:\/\/empow-her.com\/#website"},"primaryImageOfPage":{"@id":"https:\/\/empow-her.com\/produit\/coaching-a-votre-ecoute-copie\/#primaryimage"},"image":{"@id":"https:\/\/empow-her.com\/produit\/coaching-a-votre-ecoute-copie\/#primaryimage"},"thumbnailUrl":"https:\/\/empow-her.com\/wp-content\/uploads\/2025\/07\/COACHING-2.png","datePublished":"2025-07-22T14:02:00+00:00","dateModified":"2025-07-29T08:40:17+00:00","breadcrumb":{"@id":"https:\/\/empow-her.com\/produit\/coaching-a-votre-ecoute-copie\/#breadcrumb"},"inLanguage":"es","potentialAction":[{"@type":"ReadAction","target":["https:\/\/empow-her.com\/produit\/coaching-a-votre-ecoute-copie\/"]}]},{"@type":"ImageObject","inLanguage":"es","@id":"https:\/\/empow-her.com\/produit\/coaching-a-votre-ecoute-copie\/#primaryimage","url":"https:\/\/empow-her.com\/wp-content\/uploads\/2025\/07\/COACHING-2.png","contentUrl":"https:\/\/empow-her.com\/wp-content\/uploads\/2025\/07\/COACHING-2.png","width":1080,"height":1080},{"@type":"BreadcrumbList","@id":"https:\/\/empow-her.com\/produit\/coaching-a-votre-ecoute-copie\/#breadcrumb","itemListElement":[{"@type":"ListItem","position":1,"name":"Accueil","item":"https:\/\/empow-her.com\/es\/inicio\/"},{"@type":"ListItem","position":2,"name":"LA BOUTIQUE","item":"https:\/\/empow-her.com\/boutique\/"},{"@type":"ListItem","position":3,"name":"Coaching &#8211; A votre \u00e9coute"}]},{"@type":"WebSite","@id":"https:\/\/empow-her.com\/#website","url":"https:\/\/empow-her.com\/","name":"Empow&#039;Her","description":"Women Development","potentialAction":[{"@type":"SearchAction","target":{"@type":"EntryPoint","urlTemplate":"https:\/\/empow-her.com\/?s={search_term_string}"},"query-input":{"@type":"PropertyValueSpecification","valueRequired":true,"valueName":"search_term_string"}}],"inLanguage":"es"}]}},"_links":{"self":[{"href":"https:\/\/empow-her.com\/es\/wp-json\/wp\/v2\/product\/268662","targetHints":{"allow":["GET"]}}],"collection":[{"href":"https:\/\/empow-her.com\/es\/wp-json\/wp\/v2\/product"}],"about":[{"href":"https:\/\/empow-her.com\/es\/wp-json\/wp\/v2\/types\/product"}],"wp:featuredmedia":[{"embeddable":true,"href":"https:\/\/empow-her.com\/es\/wp-json\/wp\/v2\/media\/268663"}],"wp:attachment":[{"href":"https:\/\/empow-her.com\/es\/wp-json\/wp\/v2\/media?parent=268662"}],"wp:term":[{"taxonomy":"product_brand","embeddable":true,"href":"https:\/\/empow-her.com\/es\/wp-json\/wp\/v2\/product_brand?post=268662"},{"taxonomy":"product_cat","embeddable":true,"href":"https:\/\/empow-her.com\/es\/wp-json\/wp\/v2\/product_cat?post=268662"},{"taxonomy":"product_tag","embeddable":true,"href":"https:\/\/empow-her.com\/es\/wp-json\/wp\/v2\/product_tag?post=268662"},{"taxonomy":"lieu","embeddable":true,"href":"https:\/\/empow-her.com\/es\/wp-json\/wp\/v2\/lieu?post=268662"},{"taxonomy":"thematiques","embeddable":true,"href":"https:\/\/empow-her.com\/es\/wp-json\/wp\/v2\/thematiques?post=268662"}],"curies":[{"name":"wp","href":"https:\/\/api.w.org\/{rel}","templated":true}]}}