{"id":267917,"date":"2025-06-05T12:30:11","date_gmt":"2025-06-05T10:30:11","guid":{"rendered":"https:\/\/empow-her.com\/?post_type=product&#038;p=267917"},"modified":"2025-06-05T12:32:03","modified_gmt":"2025-06-05T10:32:03","slug":"coaching-financement-business-plan-63","status":"publish","type":"product","link":"https:\/\/empow-her.com\/es\/produit\/coaching-financement-business-plan-63\/","title":{"rendered":"Coaching &#8211; Financement &#038; Business Plan"},"content":{"rendered":"<p><span data-sheets-root=\"1\"><strong>&#x1f4e2; 1h de coaching pour comprendre le financement et la gestion financi\u00e8re de votre projet<\/strong><\/span><\/p>\n<p>Vous avez des questions sur le financement, le pr\u00e9visionnel, la comptabilit\u00e9 ou la r\u00e9daction de votre Business Plan ? Vous aimeriez y voir plus clair pour structurer votre projet sereinement ? Ce coaching individuel avec un.e expert.e du financement vous permettra d&#8217;explorer les aspects cl\u00e9s de la gestion financi\u00e8re et d&#8217;identifier les solutions adapt\u00e9es \u00e0 votre projet.<\/p>\n<p><strong>&#x1f4a1; Ce que nous pouvons aborder<\/strong><\/p>\n<p>&#x1f4ca; Affiner vos pr\u00e9visions budg\u00e9taires : D\u00e9terminer les investissements n\u00e9cessaires et structurer votre plan de financement.<\/p>\n<p>&#x1f4dd; R\u00e9diger un Business Plan solide : Construire un pr\u00e9visionnel financier clair et coh\u00e9rent pour convaincre vos partenaires et financeurs.<\/p>\n<p>&#x1f4b0; Explorer les solutions de financement adapt\u00e9es : Identifier les dispositifs les plus pertinents selon votre projet et votre situation.<\/p>\n<p>&#x1f4c2; Comprendre les bases de la comptabilit\u00e9 : D\u00e9couvrir vos obligations comptables en tant qu\u2019entrepreneur.e et apprendre \u00e0 organiser votre gestion financi\u00e8re.<\/p>\n<p>Une heure pour clarifier vos enjeux financiers et avancer avec confiance dans le d\u00e9veloppement de votre projet ! &#x1f680;<\/p>\n<p><strong>Pr\u00e9-requis :<\/strong> <strong>Vous avez suivi un coaching ou particip\u00e9 \u00e0 un atelier sur le mod\u00e8le \u00e9conomique, ou bien vous avez identifi\u00e9 un mod\u00e8le \u00e9conomique<\/strong><span style=\"font-weight: 400;\">.<\/span><\/p>\n<p><strong>Intervenant: Antoine G\u00e9rardin<\/strong><strong>\u00a0de Finetic<\/strong><\/p>\n<p>Passionn\u00e9e par la finance \u00e0 impact, j&#8217;ai eu des exp\u00e9riences en entreprise et en fonds \u00e0 impact. J&#8217;ai rejoins Finetic pour avoir davantage de proximit\u00e9 avec des porteurs de projets \u00e0 fort potentiel d&#8217;impact en les accompagnant dans la structuration de leurs business plans =)<\/p>\n<p><strong>Son super pouvoir : Explorer tous les mod\u00e8les \u00e9conomiques possibles ! <\/strong><\/p>\n<p><strong>Son petit mot : Bravo pour cette d\u00e9marche ! D\u00e9sormais le plus important est de rester obs\u00e9d\u00e9e par votre mission et vos clients !<\/strong><\/p>\n<p><strong>Dur\u00e9e<\/strong>\u00a0<strong>:<\/strong> U<span data-sheets-value=\"{&quot;1&quot;:2,&quot;2&quot;:&quot;Permanence de 4h avec un cr\u00e9neau de 1h par participante (+ 15 minutes entre chaque)&quot;}\" data-sheets-userformat=\"{&quot;2&quot;:7167,&quot;3&quot;:{&quot;1&quot;:0},&quot;4&quot;:{&quot;1&quot;:2,&quot;2&quot;:16777215},&quot;5&quot;:{&quot;1&quot;:[{&quot;1&quot;:2,&quot;2&quot;:0,&quot;5&quot;:{&quot;1&quot;:2,&quot;2&quot;:0}},{&quot;1&quot;:0,&quot;2&quot;:0,&quot;3&quot;:3},{&quot;1&quot;:1,&quot;2&quot;:0,&quot;4&quot;:1}]},&quot;6&quot;:{&quot;1&quot;:[{&quot;1&quot;:2,&quot;2&quot;:0,&quot;5&quot;:{&quot;1&quot;:2,&quot;2&quot;:0}},{&quot;1&quot;:0,&quot;2&quot;:0,&quot;3&quot;:3},{&quot;1&quot;:1,&quot;2&quot;:0,&quot;4&quot;:1}]},&quot;7&quot;:{&quot;1&quot;:[{&quot;1&quot;:2,&quot;2&quot;:0,&quot;5&quot;:{&quot;1&quot;:2,&quot;2&quot;:0}},{&quot;1&quot;:0,&quot;2&quot;:0,&quot;3&quot;:3},{&quot;1&quot;:1,&quot;2&quot;:0,&quot;4&quot;:1}]},&quot;8&quot;:{&quot;1&quot;:[{&quot;1&quot;:2,&quot;2&quot;:0,&quot;5&quot;:{&quot;1&quot;:2,&quot;2&quot;:0}},{&quot;1&quot;:0,&quot;2&quot;:0,&quot;3&quot;:3},{&quot;1&quot;:1,&quot;2&quot;:0,&quot;4&quot;:1}]},&quot;9&quot;:0,&quot;10&quot;:1,&quot;11&quot;:4,&quot;12&quot;:0,&quot;14&quot;:{&quot;1&quot;:2,&quot;2&quot;:0},&quot;15&quot;:&quot;Calibri&quot;}\">n cr\u00e9neau de 1h en individuel<\/span><\/p>\n<p><span data-sheets-value=\"{&quot;1&quot;:2,&quot;2&quot;:&quot;Attention ! \u00a0Veuillez vous pr\u00e9sentez \u00e0 l'heure pour que l'activit\u00e9 puisse commencer \u00e0 temps. Si vous avez du retard veuillez pr\u00e9venir l'intervenant.e. Si vous avez plus de 15 min de retard l'intervenant.e se r\u00e9serve le droit de plus vous accepter pour le coaching ou l'atelier.\u00a0&quot;}\" data-sheets-userformat=\"{&quot;2&quot;:641,&quot;3&quot;:{&quot;1&quot;:0},&quot;10&quot;:1,&quot;12&quot;:0}\"><strong>Attention !<\/strong> \u00a0Veuillez vous pr\u00e9senter \u00e0 l\u2019heure pour que l\u2019activit\u00e9 puisse commencer \u00e0 temps. Si vous avez du retard veuillez pr\u00e9venir l\u2019intervenant.e. Si vous avez plus de 15 min de retard l\u2019intervenant.e se r\u00e9serve le droit de ne plus vous accepter pour le coaching ou l\u2019atelier.\u00a0<\/span><\/p>\n<p>Vous souhaitez vous inscrire \u00e0 ce coaching ? Une fois que vous avez re\u00e7u l\u2019invitation Google Calendrier pour le coaching que vous avez r\u00e9serv\u00e9, envoyez un mail \u00e0 l\u2019experte qui est dans l\u2019invitation avec vous en joignant tous les documents qui lui seraient utiles pour pr\u00e9parer au mieux cette heure.<\/p>\n","protected":false},"excerpt":{"rendered":"<p><span data-sheets-root=\"1\"><strong>&#x1f4e2; 1h de coaching pour comprendre le financement et la gestion financi\u00e8re de votre projet<\/strong><\/span><\/p>\n<p>Vous avez des questions sur le financement, le pr\u00e9visionnel, la comptabilit\u00e9 ou la r\u00e9daction de votre Business Plan ? Vous aimeriez y voir plus clair pour structurer votre projet sereinement ? Ce coaching individuel avec un.e expert.e du financement vous permettra d&#8217;explorer les aspects cl\u00e9s de la gestion financi\u00e8re et d&#8217;identifier les solutions adapt\u00e9es \u00e0 votre projet.<\/p>\n<p><strong>&#x1f4a1; Ce que nous pouvons aborder<\/strong><\/p>\n<p>&#x1f4ca; Affiner vos pr\u00e9visions budg\u00e9taires : D\u00e9terminer les investissements n\u00e9cessaires et structurer votre plan de financement.<\/p>\n<p>&#x1f4dd; R\u00e9diger un Business Plan solide : Construire un pr\u00e9visionnel financier clair et coh\u00e9rent pour convaincre vos partenaires et financeurs.<\/p>\n<p>&#x1f4b0; Explorer les solutions de financement adapt\u00e9es : Identifier les dispositifs les plus pertinents selon votre projet et votre situation.<\/p>\n<p>&#x1f4c2; Comprendre les bases de la comptabilit\u00e9 : D\u00e9couvrir vos obligations comptables en tant qu\u2019entrepreneur.e et apprendre \u00e0 organiser votre gestion financi\u00e8re.<\/p>\n<p>Une heure pour clarifier vos enjeux financiers et avancer avec confiance dans le d\u00e9veloppement de votre projet ! &#x1f680;<\/p>\n<p><strong>Pr\u00e9-requis :<\/strong> <strong>Vous avez suivi un coaching ou particip\u00e9 \u00e0 un atelier sur le mod\u00e8le \u00e9conomique, ou bien vous avez identifi\u00e9 un mod\u00e8le \u00e9conomique<\/strong><span style=\"font-weight: 400;\">.<\/span><\/p>\n<p><strong>Intervenant: Antoine G\u00e9rardin<\/strong><strong>\u00a0de Finetic<\/strong><\/p>\n<p>Passionn\u00e9e par la finance \u00e0 impact, j&#8217;ai eu des exp\u00e9riences en entreprise et en fonds \u00e0 impact. J&#8217;ai rejoins Finetic pour avoir davantage de proximit\u00e9 avec des porteurs de projets \u00e0 fort potentiel d&#8217;impact en les accompagnant dans la structuration de leurs business plans =)<\/p>\n<p><strong>Son super pouvoir : Explorer tous les mod\u00e8les \u00e9conomiques possibles ! <\/strong><\/p>\n<p><strong>Son petit mot : Bravo pour cette d\u00e9marche ! D\u00e9sormais le plus important est de rester obs\u00e9d\u00e9e par votre mission et vos clients !<\/strong><\/p>\n<p><strong>Dur\u00e9e<\/strong>\u00a0<strong>:<\/strong> U<span data-sheets-value=\"{&quot;1&quot;:2,&quot;2&quot;:&quot;Permanence de 4h avec un cr\u00e9neau de 1h par participante (+ 15 minutes entre chaque)&quot;}\" data-sheets-userformat=\"{&quot;2&quot;:7167,&quot;3&quot;:{&quot;1&quot;:0},&quot;4&quot;:{&quot;1&quot;:2,&quot;2&quot;:16777215},&quot;5&quot;:{&quot;1&quot;:[{&quot;1&quot;:2,&quot;2&quot;:0,&quot;5&quot;:{&quot;1&quot;:2,&quot;2&quot;:0}},{&quot;1&quot;:0,&quot;2&quot;:0,&quot;3&quot;:3},{&quot;1&quot;:1,&quot;2&quot;:0,&quot;4&quot;:1}]},&quot;6&quot;:{&quot;1&quot;:[{&quot;1&quot;:2,&quot;2&quot;:0,&quot;5&quot;:{&quot;1&quot;:2,&quot;2&quot;:0}},{&quot;1&quot;:0,&quot;2&quot;:0,&quot;3&quot;:3},{&quot;1&quot;:1,&quot;2&quot;:0,&quot;4&quot;:1}]},&quot;7&quot;:{&quot;1&quot;:[{&quot;1&quot;:2,&quot;2&quot;:0,&quot;5&quot;:{&quot;1&quot;:2,&quot;2&quot;:0}},{&quot;1&quot;:0,&quot;2&quot;:0,&quot;3&quot;:3},{&quot;1&quot;:1,&quot;2&quot;:0,&quot;4&quot;:1}]},&quot;8&quot;:{&quot;1&quot;:[{&quot;1&quot;:2,&quot;2&quot;:0,&quot;5&quot;:{&quot;1&quot;:2,&quot;2&quot;:0}},{&quot;1&quot;:0,&quot;2&quot;:0,&quot;3&quot;:3},{&quot;1&quot;:1,&quot;2&quot;:0,&quot;4&quot;:1}]},&quot;9&quot;:0,&quot;10&quot;:1,&quot;11&quot;:4,&quot;12&quot;:0,&quot;14&quot;:{&quot;1&quot;:2,&quot;2&quot;:0},&quot;15&quot;:&quot;Calibri&quot;}\">n cr\u00e9neau de 1h en individuel<\/span><\/p>\n<p><span data-sheets-value=\"{&quot;1&quot;:2,&quot;2&quot;:&quot;Attention ! \u00a0Veuillez vous pr\u00e9sentez \u00e0 l'heure pour que l'activit\u00e9 puisse commencer \u00e0 temps. Si vous avez du retard veuillez pr\u00e9venir l'intervenant.e. Si vous avez plus de 15 min de retard l'intervenant.e se r\u00e9serve le droit de plus vous accepter pour le coaching ou l'atelier.\u00a0&quot;}\" data-sheets-userformat=\"{&quot;2&quot;:641,&quot;3&quot;:{&quot;1&quot;:0},&quot;10&quot;:1,&quot;12&quot;:0}\"><strong>Attention !<\/strong> \u00a0Veuillez vous pr\u00e9senter \u00e0 l\u2019heure pour que l\u2019activit\u00e9 puisse commencer \u00e0 temps. Si vous avez du retard veuillez pr\u00e9venir l\u2019intervenant.e. Si vous avez plus de 15 min de retard l\u2019intervenant.e se r\u00e9serve le droit de ne plus vous accepter pour le coaching ou l\u2019atelier.\u00a0<\/span><\/p>\n<p>Vous souhaitez vous inscrire \u00e0 ce coaching ? Une fois que vous avez re\u00e7u l\u2019invitation Google Calendrier pour le coaching que vous avez r\u00e9serv\u00e9, envoyez un mail \u00e0 l\u2019experte qui est dans l\u2019invitation avec vous en joignant tous les documents qui lui seraient utiles pour pr\u00e9parer au mieux cette heure.<\/p>\n","protected":false},"featured_media":267918,"template":"","format":"standard","meta":{"_acf_changed":false,"om_disable_all_campaigns":false,"_uf_show_specific_survey":0,"_uf_disable_surveys":false},"product_brand":[],"product_cat":[121],"product_tag":[143],"lieu":[125],"thematiques":[],"class_list":{"0":"post-267917","1":"product","2":"type-product","3":"status-publish","4":"format-standard","5":"has-post-thumbnail","7":"product_cat-coaching","8":"product_tag-en-ligne","9":"lieu-en-ligne","11":"first","12":"instock","13":"virtual","14":"purchasable","15":"product-type-appointment"},"exclude_global_add_ons":[],"addons":[],"acf":[],"yoast_head":"<!-- This site is optimized with the Yoast SEO plugin v24.8 - https:\/\/yoast.com\/wordpress\/plugins\/seo\/ -->\n<title>Coaching : financement et business plan<\/title>\n<meta name=\"robots\" content=\"index, follow, max-snippet:-1, max-image-preview:large, max-video-preview:-1\" \/>\n<link rel=\"canonical\" href=\"https:\/\/empow-her.com\/produit\/coaching-financement-business-plan-63\/\" \/>\n<meta property=\"og:locale\" content=\"es_ES\" \/>\n<meta property=\"og:type\" content=\"article\" \/>\n<meta property=\"og:title\" content=\"Coaching : financement et business plan\" \/>\n<meta property=\"og:description\" content=\"&#x1f4e2; 1h de coaching pour comprendre le financement et la gestion financi\u00e8re de votre projet  Vous avez des questions sur le financement, le pr\u00e9visionnel, la comptabilit\u00e9 ou la r\u00e9daction de votre Business Plan ? Vous aimeriez y voir plus clair pour structurer votre projet sereinement ? Ce coaching individuel avec un.e expert.e du financement vous permettra d&#039;explorer les aspects cl\u00e9s de la gestion financi\u00e8re et d&#039;identifier les solutions adapt\u00e9es \u00e0 votre projet.  &#x1f4a1; Ce que nous pouvons aborder  &#x1f4ca; Affiner vos pr\u00e9visions budg\u00e9taires : D\u00e9terminer les investissements n\u00e9cessaires et structurer votre plan de financement.  &#x1f4dd; R\u00e9diger un Business Plan solide : Construire un pr\u00e9visionnel financier clair et coh\u00e9rent pour convaincre vos partenaires et financeurs.  &#x1f4b0; Explorer les solutions de financement adapt\u00e9es : Identifier les dispositifs les plus pertinents selon votre projet et votre situation.  &#x1f4c2; Comprendre les bases de la comptabilit\u00e9 : D\u00e9couvrir vos obligations comptables en tant qu\u2019entrepreneur.e et apprendre \u00e0 organiser votre gestion financi\u00e8re.  Une heure pour clarifier vos enjeux financiers et avancer avec confiance dans le d\u00e9veloppement de votre projet ! &#x1f680;  Pr\u00e9-requis : Vous avez suivi un coaching ou particip\u00e9 \u00e0 un atelier sur le mod\u00e8le \u00e9conomique, ou bien vous avez identifi\u00e9 un mod\u00e8le \u00e9conomique.  Intervenant: Antoine G\u00e9rardin\u00a0de Finetic  Passionn\u00e9e par la finance \u00e0 impact, j&#039;ai eu des exp\u00e9riences en entreprise et en fonds \u00e0 impact. J&#039;ai rejoins Finetic pour avoir davantage de proximit\u00e9 avec des porteurs de projets \u00e0 fort potentiel d&#039;impact en les accompagnant dans la structuration de leurs business plans =)  Son super pouvoir : Explorer tous les mod\u00e8les \u00e9conomiques possibles !   Son petit mot : Bravo pour cette d\u00e9marche ! D\u00e9sormais le plus important est de rester obs\u00e9d\u00e9e par votre mission et vos clients !  Dur\u00e9e\u00a0: Un cr\u00e9neau de 1h en individuel  Attention ! \u00a0Veuillez vous pr\u00e9senter \u00e0 l\u2019heure pour que l\u2019activit\u00e9 puisse commencer \u00e0 temps. Si vous avez du retard veuillez pr\u00e9venir l\u2019intervenant.e. Si vous avez plus de 15 min de retard l\u2019intervenant.e se r\u00e9serve le droit de ne plus vous accepter pour le coaching ou l\u2019atelier.\u00a0  Vous souhaitez vous inscrire \u00e0 ce coaching ? Une fois que vous avez re\u00e7u l\u2019invitation Google Calendrier pour le coaching que vous avez r\u00e9serv\u00e9, envoyez un mail \u00e0 l\u2019experte qui est dans l\u2019invitation avec vous en joignant tous les documents qui lui seraient utiles pour pr\u00e9parer au mieux cette heure.\" \/>\n<meta property=\"og:url\" content=\"https:\/\/empow-her.com\/produit\/coaching-financement-business-plan-63\/\" \/>\n<meta property=\"og:site_name\" content=\"Empow&#039;Her\" \/>\n<meta property=\"article:modified_time\" content=\"2025-06-05T10:32:03+00:00\" \/>\n<meta property=\"og:image\" content=\"https:\/\/empow-her.com\/wp-content\/uploads\/2025\/06\/Women-Dare-templates-events-91.png\" \/>\n\t<meta property=\"og:image:width\" content=\"1080\" \/>\n\t<meta property=\"og:image:height\" content=\"1080\" \/>\n\t<meta property=\"og:image:type\" content=\"image\/png\" \/>\n<meta name=\"twitter:card\" content=\"summary_large_image\" \/>\n<meta name=\"twitter:label1\" content=\"Tiempo de lectura\" \/>\n\t<meta name=\"twitter:data1\" content=\"3 minutos\" \/>\n<script type=\"application\/ld+json\" class=\"yoast-schema-graph\">{\"@context\":\"https:\/\/schema.org\",\"@graph\":[{\"@type\":\"WebPage\",\"@id\":\"https:\/\/empow-her.com\/produit\/coaching-financement-business-plan-63\/\",\"url\":\"https:\/\/empow-her.com\/produit\/coaching-financement-business-plan-63\/\",\"name\":\"Coaching : financement et business plan\",\"isPartOf\":{\"@id\":\"https:\/\/empow-her.com\/#website\"},\"primaryImageOfPage\":{\"@id\":\"https:\/\/empow-her.com\/produit\/coaching-financement-business-plan-63\/#primaryimage\"},\"image\":{\"@id\":\"https:\/\/empow-her.com\/produit\/coaching-financement-business-plan-63\/#primaryimage\"},\"thumbnailUrl\":\"https:\/\/empow-her.com\/wp-content\/uploads\/2025\/06\/Women-Dare-templates-events-91.png\",\"datePublished\":\"2025-06-05T10:30:11+00:00\",\"dateModified\":\"2025-06-05T10:32:03+00:00\",\"breadcrumb\":{\"@id\":\"https:\/\/empow-her.com\/produit\/coaching-financement-business-plan-63\/#breadcrumb\"},\"inLanguage\":\"es\",\"potentialAction\":[{\"@type\":\"ReadAction\",\"target\":[\"https:\/\/empow-her.com\/produit\/coaching-financement-business-plan-63\/\"]}]},{\"@type\":\"ImageObject\",\"inLanguage\":\"es\",\"@id\":\"https:\/\/empow-her.com\/produit\/coaching-financement-business-plan-63\/#primaryimage\",\"url\":\"https:\/\/empow-her.com\/wp-content\/uploads\/2025\/06\/Women-Dare-templates-events-91.png\",\"contentUrl\":\"https:\/\/empow-her.com\/wp-content\/uploads\/2025\/06\/Women-Dare-templates-events-91.png\",\"width\":1080,\"height\":1080},{\"@type\":\"BreadcrumbList\",\"@id\":\"https:\/\/empow-her.com\/produit\/coaching-financement-business-plan-63\/#breadcrumb\",\"itemListElement\":[{\"@type\":\"ListItem\",\"position\":1,\"name\":\"Accueil\",\"item\":\"https:\/\/empow-her.com\/es\/inicio\/\"},{\"@type\":\"ListItem\",\"position\":2,\"name\":\"LA BOUTIQUE\",\"item\":\"https:\/\/empow-her.com\/boutique\/\"},{\"@type\":\"ListItem\",\"position\":3,\"name\":\"Coaching &#8211; Financement &#038; Business Plan\"}]},{\"@type\":\"WebSite\",\"@id\":\"https:\/\/empow-her.com\/#website\",\"url\":\"https:\/\/empow-her.com\/\",\"name\":\"Empow&#039;Her\",\"description\":\"Women Development\",\"potentialAction\":[{\"@type\":\"SearchAction\",\"target\":{\"@type\":\"EntryPoint\",\"urlTemplate\":\"https:\/\/empow-her.com\/?s={search_term_string}\"},\"query-input\":{\"@type\":\"PropertyValueSpecification\",\"valueRequired\":true,\"valueName\":\"search_term_string\"}}],\"inLanguage\":\"es\"}]}<\/script>\n<!-- \/ Yoast SEO plugin. -->","yoast_head_json":{"title":"Coaching : financement et business plan","robots":{"index":"index","follow":"follow","max-snippet":"max-snippet:-1","max-image-preview":"max-image-preview:large","max-video-preview":"max-video-preview:-1"},"canonical":"https:\/\/empow-her.com\/produit\/coaching-financement-business-plan-63\/","og_locale":"es_ES","og_type":"article","og_title":"Coaching : financement et business plan","og_description":"&#x1f4e2; 1h de coaching pour comprendre le financement et la gestion financi\u00e8re de votre projet  Vous avez des questions sur le financement, le pr\u00e9visionnel, la comptabilit\u00e9 ou la r\u00e9daction de votre Business Plan ? Vous aimeriez y voir plus clair pour structurer votre projet sereinement ? Ce coaching individuel avec un.e expert.e du financement vous permettra d'explorer les aspects cl\u00e9s de la gestion financi\u00e8re et d'identifier les solutions adapt\u00e9es \u00e0 votre projet.  &#x1f4a1; Ce que nous pouvons aborder  &#x1f4ca; Affiner vos pr\u00e9visions budg\u00e9taires : D\u00e9terminer les investissements n\u00e9cessaires et structurer votre plan de financement.  &#x1f4dd; R\u00e9diger un Business Plan solide : Construire un pr\u00e9visionnel financier clair et coh\u00e9rent pour convaincre vos partenaires et financeurs.  &#x1f4b0; Explorer les solutions de financement adapt\u00e9es : Identifier les dispositifs les plus pertinents selon votre projet et votre situation.  &#x1f4c2; Comprendre les bases de la comptabilit\u00e9 : D\u00e9couvrir vos obligations comptables en tant qu\u2019entrepreneur.e et apprendre \u00e0 organiser votre gestion financi\u00e8re.  Une heure pour clarifier vos enjeux financiers et avancer avec confiance dans le d\u00e9veloppement de votre projet ! &#x1f680;  Pr\u00e9-requis : Vous avez suivi un coaching ou particip\u00e9 \u00e0 un atelier sur le mod\u00e8le \u00e9conomique, ou bien vous avez identifi\u00e9 un mod\u00e8le \u00e9conomique.  Intervenant: Antoine G\u00e9rardin\u00a0de Finetic  Passionn\u00e9e par la finance \u00e0 impact, j'ai eu des exp\u00e9riences en entreprise et en fonds \u00e0 impact. J'ai rejoins Finetic pour avoir davantage de proximit\u00e9 avec des porteurs de projets \u00e0 fort potentiel d'impact en les accompagnant dans la structuration de leurs business plans =)  Son super pouvoir : Explorer tous les mod\u00e8les \u00e9conomiques possibles !   Son petit mot : Bravo pour cette d\u00e9marche ! D\u00e9sormais le plus important est de rester obs\u00e9d\u00e9e par votre mission et vos clients !  Dur\u00e9e\u00a0: Un cr\u00e9neau de 1h en individuel  Attention ! \u00a0Veuillez vous pr\u00e9senter \u00e0 l\u2019heure pour que l\u2019activit\u00e9 puisse commencer \u00e0 temps. Si vous avez du retard veuillez pr\u00e9venir l\u2019intervenant.e. Si vous avez plus de 15 min de retard l\u2019intervenant.e se r\u00e9serve le droit de ne plus vous accepter pour le coaching ou l\u2019atelier.\u00a0  Vous souhaitez vous inscrire \u00e0 ce coaching ? Une fois que vous avez re\u00e7u l\u2019invitation Google Calendrier pour le coaching que vous avez r\u00e9serv\u00e9, envoyez un mail \u00e0 l\u2019experte qui est dans l\u2019invitation avec vous en joignant tous les documents qui lui seraient utiles pour pr\u00e9parer au mieux cette heure.","og_url":"https:\/\/empow-her.com\/produit\/coaching-financement-business-plan-63\/","og_site_name":"Empow&#039;Her","article_modified_time":"2025-06-05T10:32:03+00:00","og_image":[{"width":1080,"height":1080,"url":"https:\/\/empow-her.com\/wp-content\/uploads\/2025\/06\/Women-Dare-templates-events-91.png","type":"image\/png"}],"twitter_card":"summary_large_image","twitter_misc":{"Tiempo de lectura":"3 minutos"},"schema":{"@context":"https:\/\/schema.org","@graph":[{"@type":"WebPage","@id":"https:\/\/empow-her.com\/produit\/coaching-financement-business-plan-63\/","url":"https:\/\/empow-her.com\/produit\/coaching-financement-business-plan-63\/","name":"Coaching : financement et business plan","isPartOf":{"@id":"https:\/\/empow-her.com\/#website"},"primaryImageOfPage":{"@id":"https:\/\/empow-her.com\/produit\/coaching-financement-business-plan-63\/#primaryimage"},"image":{"@id":"https:\/\/empow-her.com\/produit\/coaching-financement-business-plan-63\/#primaryimage"},"thumbnailUrl":"https:\/\/empow-her.com\/wp-content\/uploads\/2025\/06\/Women-Dare-templates-events-91.png","datePublished":"2025-06-05T10:30:11+00:00","dateModified":"2025-06-05T10:32:03+00:00","breadcrumb":{"@id":"https:\/\/empow-her.com\/produit\/coaching-financement-business-plan-63\/#breadcrumb"},"inLanguage":"es","potentialAction":[{"@type":"ReadAction","target":["https:\/\/empow-her.com\/produit\/coaching-financement-business-plan-63\/"]}]},{"@type":"ImageObject","inLanguage":"es","@id":"https:\/\/empow-her.com\/produit\/coaching-financement-business-plan-63\/#primaryimage","url":"https:\/\/empow-her.com\/wp-content\/uploads\/2025\/06\/Women-Dare-templates-events-91.png","contentUrl":"https:\/\/empow-her.com\/wp-content\/uploads\/2025\/06\/Women-Dare-templates-events-91.png","width":1080,"height":1080},{"@type":"BreadcrumbList","@id":"https:\/\/empow-her.com\/produit\/coaching-financement-business-plan-63\/#breadcrumb","itemListElement":[{"@type":"ListItem","position":1,"name":"Accueil","item":"https:\/\/empow-her.com\/es\/inicio\/"},{"@type":"ListItem","position":2,"name":"LA BOUTIQUE","item":"https:\/\/empow-her.com\/boutique\/"},{"@type":"ListItem","position":3,"name":"Coaching &#8211; Financement &#038; Business Plan"}]},{"@type":"WebSite","@id":"https:\/\/empow-her.com\/#website","url":"https:\/\/empow-her.com\/","name":"Empow&#039;Her","description":"Women Development","potentialAction":[{"@type":"SearchAction","target":{"@type":"EntryPoint","urlTemplate":"https:\/\/empow-her.com\/?s={search_term_string}"},"query-input":{"@type":"PropertyValueSpecification","valueRequired":true,"valueName":"search_term_string"}}],"inLanguage":"es"}]}},"_links":{"self":[{"href":"https:\/\/empow-her.com\/es\/wp-json\/wp\/v2\/product\/267917","targetHints":{"allow":["GET"]}}],"collection":[{"href":"https:\/\/empow-her.com\/es\/wp-json\/wp\/v2\/product"}],"about":[{"href":"https:\/\/empow-her.com\/es\/wp-json\/wp\/v2\/types\/product"}],"wp:featuredmedia":[{"embeddable":true,"href":"https:\/\/empow-her.com\/es\/wp-json\/wp\/v2\/media\/267918"}],"wp:attachment":[{"href":"https:\/\/empow-her.com\/es\/wp-json\/wp\/v2\/media?parent=267917"}],"wp:term":[{"taxonomy":"product_brand","embeddable":true,"href":"https:\/\/empow-her.com\/es\/wp-json\/wp\/v2\/product_brand?post=267917"},{"taxonomy":"product_cat","embeddable":true,"href":"https:\/\/empow-her.com\/es\/wp-json\/wp\/v2\/product_cat?post=267917"},{"taxonomy":"product_tag","embeddable":true,"href":"https:\/\/empow-her.com\/es\/wp-json\/wp\/v2\/product_tag?post=267917"},{"taxonomy":"lieu","embeddable":true,"href":"https:\/\/empow-her.com\/es\/wp-json\/wp\/v2\/lieu?post=267917"},{"taxonomy":"thematiques","embeddable":true,"href":"https:\/\/empow-her.com\/es\/wp-json\/wp\/v2\/thematiques?post=267917"}],"curies":[{"name":"wp","href":"https:\/\/api.w.org\/{rel}","templated":true}]}}