{"id":267874,"date":"2025-06-04T11:56:05","date_gmt":"2025-06-04T09:56:05","guid":{"rendered":"https:\/\/empow-her.com\/?post_type=product&#038;p=267874"},"modified":"2025-06-04T11:58:55","modified_gmt":"2025-06-04T09:58:55","slug":"coaching-comment-chercher-ses-premiers-financements-2","status":"publish","type":"product","link":"https:\/\/empow-her.com\/es\/produit\/coaching-comment-chercher-ses-premiers-financements-2\/","title":{"rendered":"Coaching &#8211; Comment chercher ses premiers financements"},"content":{"rendered":"<p>&#x1f4e2; Coaching &#8211; chercher ses premiers financements<br \/>\nLancer et d\u00e9velopper son projet n\u00e9cessite des ressources financi\u00e8res adapt\u00e9es. Mais par o\u00f9 commencer ? Quels financements sont accessibles selon l\u2019avancement de votre projet ? Cette session de coaching individuel vous aidera \u00e0 y voir plus clair et \u00e0 identifier les leviers de financement les plus pertinents pour votre activit\u00e9.<\/p>\n<p>&#x1f4a1; Ce que nous pourrons aborder<\/p>\n<p>&#x1f539; Comprendre les 3 grandes cat\u00e9gories de financements<br \/>\nSubventions, dettes, fonds propres : quelles sont leurs sp\u00e9cificit\u00e9s et comment choisir la solution la plus adapt\u00e9e \u00e0 votre projet ?<\/p>\n<p>&#x1f539; Identifier et solliciter les aides adapt\u00e9es<br \/>\nCartographier les subventions et dispositifs existants, et apprendre \u00e0 maximiser ses chances d\u2019obtenir un financement public ou priv\u00e9.<\/p>\n<p>&#x1f539; Explorer les solutions de financement par la dette<br \/>\nPr\u00eats bancaires, pr\u00eats d\u2019honneur, financements alternatifs : quelles sont les conditions et d\u00e9marches pour y acc\u00e9der ?<\/p>\n<p>&#x1f539; Mobiliser des fonds propres et attirer des investisseurs<br \/>\nLove money, business angels, lev\u00e9es de fonds : quelles sont les attentes des financeurs et comment structurer son approche ?<\/p>\n<p>&#x1f4cc; Pr\u00e9-requis<\/p>\n<p>&#x2714; Avoir une id\u00e9e des co\u00fbts cl\u00e9s li\u00e9s \u00e0 son projet (m\u00eame approximative)<br \/>\n&#x2714; Avoir \u00e9bauch\u00e9 une premi\u00e8re offre pour structurer sa recherche de financements<\/p>\n<p>&#x1f4da; Ressources fournies<\/p>\n<p>Liste des aides et d\u00e9marches en \u00cele-de-France<br \/>\nListe d\u2019appels \u00e0 projets de financement<br \/>\nR\u00e9pertoire des investisseurs \u00e0 impact<br \/>\nRessources juridiques (statuts, documentation corporate)<br \/>\nLors de ce coaching, nous avancerons en fonction de votre projet et de vos besoins sp\u00e9cifiques. Vous repartirez avec des pistes concr\u00e8tes pour structurer votre recherche de financements et maximiser vos opportunit\u00e9s.<\/p>\n<p><strong>Intervenant: Aya<\/strong><strong> Inane de Finetic<\/strong><\/p>\n<p>Passionn\u00e9e par la finance \u00e0 impact, j&#8217;ai eu des exp\u00e9riences en entreprise et en fonds \u00e0 impact. J&#8217;ai rejoins Finetic pour avoir davantage de proximit\u00e9 avec des porteurs de projets \u00e0 fort potentiel d&#8217;impact en les accompagnant dans la structuration de leurs business plans =)<\/p>\n<p><strong>Son super pouvoir : Transforme vos id\u00e9es g\u00e9niales en super business plans<\/strong><\/p>\n<p><strong>Son petit mot : L&#8217;entrepreneuriat est un processus d&#8217;apprentissage continu. Si vous doutez, c&#8217;est que vous \u00eates sur la bonne voie !<\/strong><\/p>\n<p><strong>Dur\u00e9e<\/strong>\u00a0<strong>:<\/strong> U<span data-sheets-value=\"{&quot;1&quot;:2,&quot;2&quot;:&quot;Permanence de 4h avec un cr\u00e9neau de 1h par participante (+ 15 minutes entre chaque)&quot;}\" data-sheets-userformat=\"{&quot;2&quot;:7167,&quot;3&quot;:{&quot;1&quot;:0},&quot;4&quot;:{&quot;1&quot;:2,&quot;2&quot;:16777215},&quot;5&quot;:{&quot;1&quot;:[{&quot;1&quot;:2,&quot;2&quot;:0,&quot;5&quot;:{&quot;1&quot;:2,&quot;2&quot;:0}},{&quot;1&quot;:0,&quot;2&quot;:0,&quot;3&quot;:3},{&quot;1&quot;:1,&quot;2&quot;:0,&quot;4&quot;:1}]},&quot;6&quot;:{&quot;1&quot;:[{&quot;1&quot;:2,&quot;2&quot;:0,&quot;5&quot;:{&quot;1&quot;:2,&quot;2&quot;:0}},{&quot;1&quot;:0,&quot;2&quot;:0,&quot;3&quot;:3},{&quot;1&quot;:1,&quot;2&quot;:0,&quot;4&quot;:1}]},&quot;7&quot;:{&quot;1&quot;:[{&quot;1&quot;:2,&quot;2&quot;:0,&quot;5&quot;:{&quot;1&quot;:2,&quot;2&quot;:0}},{&quot;1&quot;:0,&quot;2&quot;:0,&quot;3&quot;:3},{&quot;1&quot;:1,&quot;2&quot;:0,&quot;4&quot;:1}]},&quot;8&quot;:{&quot;1&quot;:[{&quot;1&quot;:2,&quot;2&quot;:0,&quot;5&quot;:{&quot;1&quot;:2,&quot;2&quot;:0}},{&quot;1&quot;:0,&quot;2&quot;:0,&quot;3&quot;:3},{&quot;1&quot;:1,&quot;2&quot;:0,&quot;4&quot;:1}]},&quot;9&quot;:0,&quot;10&quot;:1,&quot;11&quot;:4,&quot;12&quot;:0,&quot;14&quot;:{&quot;1&quot;:2,&quot;2&quot;:0},&quot;15&quot;:&quot;Calibri&quot;}\">n cr\u00e9neau de 1h en individuel<\/span><\/p>\n<p><span data-sheets-value=\"{&quot;1&quot;:2,&quot;2&quot;:&quot;Attention ! \u00a0Veuillez vous pr\u00e9sentez \u00e0 l'heure pour que l'activit\u00e9 puisse commencer \u00e0 temps. Si vous avez du retard veuillez pr\u00e9venir l'intervenant.e. Si vous avez plus de 15 min de retard l'intervenant.e se r\u00e9serve le droit de plus vous accepter pour le coaching ou l'atelier.\u00a0&quot;}\" data-sheets-userformat=\"{&quot;2&quot;:641,&quot;3&quot;:{&quot;1&quot;:0},&quot;10&quot;:1,&quot;12&quot;:0}\"><strong>Attention !<\/strong> \u00a0Veuillez vous pr\u00e9senter \u00e0 l\u2019heure pour que l\u2019activit\u00e9 puisse commencer \u00e0 temps. Si vous avez du retard veuillez pr\u00e9venir l\u2019intervenant.e. Si vous avez plus de 15 min de retard l\u2019intervenant.e se r\u00e9serve le droit de ne plus vous accepter pour le coaching ou l\u2019atelier.\u00a0<\/span><\/p>\n<p>Vous souhaitez vous inscrire \u00e0 ce coaching ? Une fois que vous avez re\u00e7u l\u2019invitation Google Calendrier pour le coaching que vous avez r\u00e9serv\u00e9, envoyez un mail \u00e0 l\u2019experte qui est dans l\u2019invitation avec vous en joignant tous les documents qui lui seraient utiles pour pr\u00e9parer au mieux cette heure.<\/p>\n","protected":false},"excerpt":{"rendered":"<p>&#x1f4e2; Coaching &#8211; chercher ses premiers financements<br \/>\nLancer et d\u00e9velopper son projet n\u00e9cessite des ressources financi\u00e8res adapt\u00e9es. Mais par o\u00f9 commencer ? Quels financements sont accessibles selon l\u2019avancement de votre projet ? Cette session de coaching individuel vous aidera \u00e0 y voir plus clair et \u00e0 identifier les leviers de financement les plus pertinents pour votre activit\u00e9.<\/p>\n<p>&#x1f4a1; Ce que nous pourrons aborder<\/p>\n<p>&#x1f539; Comprendre les 3 grandes cat\u00e9gories de financements<br \/>\nSubventions, dettes, fonds propres : quelles sont leurs sp\u00e9cificit\u00e9s et comment choisir la solution la plus adapt\u00e9e \u00e0 votre projet ?<\/p>\n<p>&#x1f539; Identifier et solliciter les aides adapt\u00e9es<br \/>\nCartographier les subventions et dispositifs existants, et apprendre \u00e0 maximiser ses chances d\u2019obtenir un financement public ou priv\u00e9.<\/p>\n<p>&#x1f539; Explorer les solutions de financement par la dette<br \/>\nPr\u00eats bancaires, pr\u00eats d\u2019honneur, financements alternatifs : quelles sont les conditions et d\u00e9marches pour y acc\u00e9der ?<\/p>\n<p>&#x1f539; Mobiliser des fonds propres et attirer des investisseurs<br \/>\nLove money, business angels, lev\u00e9es de fonds : quelles sont les attentes des financeurs et comment structurer son approche ?<\/p>\n<p>&#x1f4cc; Pr\u00e9-requis<\/p>\n<p>&#x2714; Avoir une id\u00e9e des co\u00fbts cl\u00e9s li\u00e9s \u00e0 son projet (m\u00eame approximative)<br \/>\n&#x2714; Avoir \u00e9bauch\u00e9 une premi\u00e8re offre pour structurer sa recherche de financements<\/p>\n<p>&#x1f4da; Ressources fournies<\/p>\n<p>Liste des aides et d\u00e9marches en \u00cele-de-France<br \/>\nListe d\u2019appels \u00e0 projets de financement<br \/>\nR\u00e9pertoire des investisseurs \u00e0 impact<br \/>\nRessources juridiques (statuts, documentation corporate)<br \/>\nLors de ce coaching, nous avancerons en fonction de votre projet et de vos besoins sp\u00e9cifiques. Vous repartirez avec des pistes concr\u00e8tes pour structurer votre recherche de financements et maximiser vos opportunit\u00e9s.<\/p>\n<p><strong>Intervenant: Aya<\/strong><strong> Inane de Finetic<\/strong><\/p>\n<p>Passionn\u00e9e par la finance \u00e0 impact, j&#8217;ai eu des exp\u00e9riences en entreprise et en fonds \u00e0 impact. J&#8217;ai rejoins Finetic pour avoir davantage de proximit\u00e9 avec des porteurs de projets \u00e0 fort potentiel d&#8217;impact en les accompagnant dans la structuration de leurs business plans =)<\/p>\n<p><strong>Son super pouvoir : Transforme vos id\u00e9es g\u00e9niales en super business plans<\/strong><\/p>\n<p><strong>Son petit mot : L&#8217;entrepreneuriat est un processus d&#8217;apprentissage continu. Si vous doutez, c&#8217;est que vous \u00eates sur la bonne voie !<\/strong><\/p>\n<p><strong>Dur\u00e9e<\/strong>\u00a0<strong>:<\/strong> U<span data-sheets-value=\"{&quot;1&quot;:2,&quot;2&quot;:&quot;Permanence de 4h avec un cr\u00e9neau de 1h par participante (+ 15 minutes entre chaque)&quot;}\" data-sheets-userformat=\"{&quot;2&quot;:7167,&quot;3&quot;:{&quot;1&quot;:0},&quot;4&quot;:{&quot;1&quot;:2,&quot;2&quot;:16777215},&quot;5&quot;:{&quot;1&quot;:[{&quot;1&quot;:2,&quot;2&quot;:0,&quot;5&quot;:{&quot;1&quot;:2,&quot;2&quot;:0}},{&quot;1&quot;:0,&quot;2&quot;:0,&quot;3&quot;:3},{&quot;1&quot;:1,&quot;2&quot;:0,&quot;4&quot;:1}]},&quot;6&quot;:{&quot;1&quot;:[{&quot;1&quot;:2,&quot;2&quot;:0,&quot;5&quot;:{&quot;1&quot;:2,&quot;2&quot;:0}},{&quot;1&quot;:0,&quot;2&quot;:0,&quot;3&quot;:3},{&quot;1&quot;:1,&quot;2&quot;:0,&quot;4&quot;:1}]},&quot;7&quot;:{&quot;1&quot;:[{&quot;1&quot;:2,&quot;2&quot;:0,&quot;5&quot;:{&quot;1&quot;:2,&quot;2&quot;:0}},{&quot;1&quot;:0,&quot;2&quot;:0,&quot;3&quot;:3},{&quot;1&quot;:1,&quot;2&quot;:0,&quot;4&quot;:1}]},&quot;8&quot;:{&quot;1&quot;:[{&quot;1&quot;:2,&quot;2&quot;:0,&quot;5&quot;:{&quot;1&quot;:2,&quot;2&quot;:0}},{&quot;1&quot;:0,&quot;2&quot;:0,&quot;3&quot;:3},{&quot;1&quot;:1,&quot;2&quot;:0,&quot;4&quot;:1}]},&quot;9&quot;:0,&quot;10&quot;:1,&quot;11&quot;:4,&quot;12&quot;:0,&quot;14&quot;:{&quot;1&quot;:2,&quot;2&quot;:0},&quot;15&quot;:&quot;Calibri&quot;}\">n cr\u00e9neau de 1h en individuel<\/span><\/p>\n<p><span data-sheets-value=\"{&quot;1&quot;:2,&quot;2&quot;:&quot;Attention ! \u00a0Veuillez vous pr\u00e9sentez \u00e0 l'heure pour que l'activit\u00e9 puisse commencer \u00e0 temps. Si vous avez du retard veuillez pr\u00e9venir l'intervenant.e. Si vous avez plus de 15 min de retard l'intervenant.e se r\u00e9serve le droit de plus vous accepter pour le coaching ou l'atelier.\u00a0&quot;}\" data-sheets-userformat=\"{&quot;2&quot;:641,&quot;3&quot;:{&quot;1&quot;:0},&quot;10&quot;:1,&quot;12&quot;:0}\"><strong>Attention !<\/strong> \u00a0Veuillez vous pr\u00e9senter \u00e0 l\u2019heure pour que l\u2019activit\u00e9 puisse commencer \u00e0 temps. Si vous avez du retard veuillez pr\u00e9venir l\u2019intervenant.e. Si vous avez plus de 15 min de retard l\u2019intervenant.e se r\u00e9serve le droit de ne plus vous accepter pour le coaching ou l\u2019atelier.\u00a0<\/span><\/p>\n<p>Vous souhaitez vous inscrire \u00e0 ce coaching ? Une fois que vous avez re\u00e7u l\u2019invitation Google Calendrier pour le coaching que vous avez r\u00e9serv\u00e9, envoyez un mail \u00e0 l\u2019experte qui est dans l\u2019invitation avec vous en joignant tous les documents qui lui seraient utiles pour pr\u00e9parer au mieux cette heure.<\/p>\n","protected":false},"featured_media":267875,"template":"","format":"standard","meta":{"_acf_changed":false,"om_disable_all_campaigns":false,"_uf_show_specific_survey":0,"_uf_disable_surveys":false},"product_brand":[],"product_cat":[121],"product_tag":[143],"lieu":[125],"thematiques":[],"class_list":{"0":"post-267874","1":"product","2":"type-product","3":"status-publish","4":"format-standard","5":"has-post-thumbnail","7":"product_cat-coaching","8":"product_tag-en-ligne","9":"lieu-en-ligne","11":"first","12":"instock","13":"virtual","14":"purchasable","15":"product-type-appointment"},"exclude_global_add_ons":[],"addons":[],"acf":[],"yoast_head":"<!-- This site is optimized with the Yoast SEO plugin v24.8 - https:\/\/yoast.com\/wordpress\/plugins\/seo\/ -->\n<title>Coaching : Chercher ses financemenents<\/title>\n<meta name=\"robots\" content=\"index, follow, max-snippet:-1, max-image-preview:large, max-video-preview:-1\" \/>\n<link rel=\"canonical\" href=\"https:\/\/empow-her.com\/produit\/coaching-comment-chercher-ses-premiers-financements-2\/\" \/>\n<meta property=\"og:locale\" content=\"es_ES\" \/>\n<meta property=\"og:type\" content=\"article\" \/>\n<meta property=\"og:title\" content=\"Coaching : Chercher ses financemenents\" \/>\n<meta property=\"og:description\" content=\"&#x1f4e2; Coaching - chercher ses premiers financements Lancer et d\u00e9velopper son projet n\u00e9cessite des ressources financi\u00e8res adapt\u00e9es. Mais par o\u00f9 commencer ? Quels financements sont accessibles selon l\u2019avancement de votre projet ? Cette session de coaching individuel vous aidera \u00e0 y voir plus clair et \u00e0 identifier les leviers de financement les plus pertinents pour votre activit\u00e9.  &#x1f4a1; Ce que nous pourrons aborder  &#x1f539; Comprendre les 3 grandes cat\u00e9gories de financements Subventions, dettes, fonds propres : quelles sont leurs sp\u00e9cificit\u00e9s et comment choisir la solution la plus adapt\u00e9e \u00e0 votre projet ?  &#x1f539; Identifier et solliciter les aides adapt\u00e9es Cartographier les subventions et dispositifs existants, et apprendre \u00e0 maximiser ses chances d\u2019obtenir un financement public ou priv\u00e9.  &#x1f539; Explorer les solutions de financement par la dette Pr\u00eats bancaires, pr\u00eats d\u2019honneur, financements alternatifs : quelles sont les conditions et d\u00e9marches pour y acc\u00e9der ?  &#x1f539; Mobiliser des fonds propres et attirer des investisseurs Love money, business angels, lev\u00e9es de fonds : quelles sont les attentes des financeurs et comment structurer son approche ?  &#x1f4cc; Pr\u00e9-requis  &#x2714; Avoir une id\u00e9e des co\u00fbts cl\u00e9s li\u00e9s \u00e0 son projet (m\u00eame approximative) &#x2714; Avoir \u00e9bauch\u00e9 une premi\u00e8re offre pour structurer sa recherche de financements  &#x1f4da; Ressources fournies  Liste des aides et d\u00e9marches en \u00cele-de-France Liste d\u2019appels \u00e0 projets de financement R\u00e9pertoire des investisseurs \u00e0 impact Ressources juridiques (statuts, documentation corporate) Lors de ce coaching, nous avancerons en fonction de votre projet et de vos besoins sp\u00e9cifiques. Vous repartirez avec des pistes concr\u00e8tes pour structurer votre recherche de financements et maximiser vos opportunit\u00e9s.  Intervenant: Aya Inane de Finetic  Passionn\u00e9e par la finance \u00e0 impact, j&#039;ai eu des exp\u00e9riences en entreprise et en fonds \u00e0 impact. J&#039;ai rejoins Finetic pour avoir davantage de proximit\u00e9 avec des porteurs de projets \u00e0 fort potentiel d&#039;impact en les accompagnant dans la structuration de leurs business plans =)  Son super pouvoir : Transforme vos id\u00e9es g\u00e9niales en super business plans  Son petit mot : L&#039;entrepreneuriat est un processus d&#039;apprentissage continu. Si vous doutez, c&#039;est que vous \u00eates sur la bonne voie !  Dur\u00e9e\u00a0: Un cr\u00e9neau de 1h en individuel  Attention ! \u00a0Veuillez vous pr\u00e9senter \u00e0 l\u2019heure pour que l\u2019activit\u00e9 puisse commencer \u00e0 temps. Si vous avez du retard veuillez pr\u00e9venir l\u2019intervenant.e. Si vous avez plus de 15 min de retard l\u2019intervenant.e se r\u00e9serve le droit de ne plus vous accepter pour le coaching ou l\u2019atelier.\u00a0  Vous souhaitez vous inscrire \u00e0 ce coaching ? Une fois que vous avez re\u00e7u l\u2019invitation Google Calendrier pour le coaching que vous avez r\u00e9serv\u00e9, envoyez un mail \u00e0 l\u2019experte qui est dans l\u2019invitation avec vous en joignant tous les documents qui lui seraient utiles pour pr\u00e9parer au mieux cette heure.\" \/>\n<meta property=\"og:url\" content=\"https:\/\/empow-her.com\/produit\/coaching-comment-chercher-ses-premiers-financements-2\/\" \/>\n<meta property=\"og:site_name\" content=\"Empow&#039;Her\" \/>\n<meta property=\"article:modified_time\" content=\"2025-06-04T09:58:55+00:00\" \/>\n<meta property=\"og:image\" content=\"https:\/\/empow-her.com\/wp-content\/uploads\/2025\/06\/Women-Dare-templates-events-86.png\" \/>\n\t<meta property=\"og:image:width\" content=\"1080\" \/>\n\t<meta property=\"og:image:height\" content=\"1080\" \/>\n\t<meta property=\"og:image:type\" content=\"image\/png\" \/>\n<meta name=\"twitter:card\" content=\"summary_large_image\" \/>\n<meta name=\"twitter:label1\" content=\"Tiempo de lectura\" \/>\n\t<meta name=\"twitter:data1\" content=\"3 minutos\" \/>\n<script type=\"application\/ld+json\" class=\"yoast-schema-graph\">{\"@context\":\"https:\/\/schema.org\",\"@graph\":[{\"@type\":\"WebPage\",\"@id\":\"https:\/\/empow-her.com\/produit\/coaching-comment-chercher-ses-premiers-financements-2\/\",\"url\":\"https:\/\/empow-her.com\/produit\/coaching-comment-chercher-ses-premiers-financements-2\/\",\"name\":\"Coaching : Chercher ses financemenents\",\"isPartOf\":{\"@id\":\"https:\/\/empow-her.com\/#website\"},\"primaryImageOfPage\":{\"@id\":\"https:\/\/empow-her.com\/produit\/coaching-comment-chercher-ses-premiers-financements-2\/#primaryimage\"},\"image\":{\"@id\":\"https:\/\/empow-her.com\/produit\/coaching-comment-chercher-ses-premiers-financements-2\/#primaryimage\"},\"thumbnailUrl\":\"https:\/\/empow-her.com\/wp-content\/uploads\/2025\/06\/Women-Dare-templates-events-86.png\",\"datePublished\":\"2025-06-04T09:56:05+00:00\",\"dateModified\":\"2025-06-04T09:58:55+00:00\",\"breadcrumb\":{\"@id\":\"https:\/\/empow-her.com\/produit\/coaching-comment-chercher-ses-premiers-financements-2\/#breadcrumb\"},\"inLanguage\":\"es\",\"potentialAction\":[{\"@type\":\"ReadAction\",\"target\":[\"https:\/\/empow-her.com\/produit\/coaching-comment-chercher-ses-premiers-financements-2\/\"]}]},{\"@type\":\"ImageObject\",\"inLanguage\":\"es\",\"@id\":\"https:\/\/empow-her.com\/produit\/coaching-comment-chercher-ses-premiers-financements-2\/#primaryimage\",\"url\":\"https:\/\/empow-her.com\/wp-content\/uploads\/2025\/06\/Women-Dare-templates-events-86.png\",\"contentUrl\":\"https:\/\/empow-her.com\/wp-content\/uploads\/2025\/06\/Women-Dare-templates-events-86.png\",\"width\":1080,\"height\":1080},{\"@type\":\"BreadcrumbList\",\"@id\":\"https:\/\/empow-her.com\/produit\/coaching-comment-chercher-ses-premiers-financements-2\/#breadcrumb\",\"itemListElement\":[{\"@type\":\"ListItem\",\"position\":1,\"name\":\"Accueil\",\"item\":\"https:\/\/empow-her.com\/es\/inicio\/\"},{\"@type\":\"ListItem\",\"position\":2,\"name\":\"LA BOUTIQUE\",\"item\":\"https:\/\/empow-her.com\/boutique\/\"},{\"@type\":\"ListItem\",\"position\":3,\"name\":\"Coaching &#8211; Comment chercher ses premiers financements\"}]},{\"@type\":\"WebSite\",\"@id\":\"https:\/\/empow-her.com\/#website\",\"url\":\"https:\/\/empow-her.com\/\",\"name\":\"Empow&#039;Her\",\"description\":\"Women Development\",\"potentialAction\":[{\"@type\":\"SearchAction\",\"target\":{\"@type\":\"EntryPoint\",\"urlTemplate\":\"https:\/\/empow-her.com\/?s={search_term_string}\"},\"query-input\":{\"@type\":\"PropertyValueSpecification\",\"valueRequired\":true,\"valueName\":\"search_term_string\"}}],\"inLanguage\":\"es\"}]}<\/script>\n<!-- \/ Yoast SEO plugin. -->","yoast_head_json":{"title":"Coaching : Chercher ses financemenents","robots":{"index":"index","follow":"follow","max-snippet":"max-snippet:-1","max-image-preview":"max-image-preview:large","max-video-preview":"max-video-preview:-1"},"canonical":"https:\/\/empow-her.com\/produit\/coaching-comment-chercher-ses-premiers-financements-2\/","og_locale":"es_ES","og_type":"article","og_title":"Coaching : Chercher ses financemenents","og_description":"&#x1f4e2; Coaching - chercher ses premiers financements Lancer et d\u00e9velopper son projet n\u00e9cessite des ressources financi\u00e8res adapt\u00e9es. Mais par o\u00f9 commencer ? Quels financements sont accessibles selon l\u2019avancement de votre projet ? Cette session de coaching individuel vous aidera \u00e0 y voir plus clair et \u00e0 identifier les leviers de financement les plus pertinents pour votre activit\u00e9.  &#x1f4a1; Ce que nous pourrons aborder  &#x1f539; Comprendre les 3 grandes cat\u00e9gories de financements Subventions, dettes, fonds propres : quelles sont leurs sp\u00e9cificit\u00e9s et comment choisir la solution la plus adapt\u00e9e \u00e0 votre projet ?  &#x1f539; Identifier et solliciter les aides adapt\u00e9es Cartographier les subventions et dispositifs existants, et apprendre \u00e0 maximiser ses chances d\u2019obtenir un financement public ou priv\u00e9.  &#x1f539; Explorer les solutions de financement par la dette Pr\u00eats bancaires, pr\u00eats d\u2019honneur, financements alternatifs : quelles sont les conditions et d\u00e9marches pour y acc\u00e9der ?  &#x1f539; Mobiliser des fonds propres et attirer des investisseurs Love money, business angels, lev\u00e9es de fonds : quelles sont les attentes des financeurs et comment structurer son approche ?  &#x1f4cc; Pr\u00e9-requis  &#x2714; Avoir une id\u00e9e des co\u00fbts cl\u00e9s li\u00e9s \u00e0 son projet (m\u00eame approximative) &#x2714; Avoir \u00e9bauch\u00e9 une premi\u00e8re offre pour structurer sa recherche de financements  &#x1f4da; Ressources fournies  Liste des aides et d\u00e9marches en \u00cele-de-France Liste d\u2019appels \u00e0 projets de financement R\u00e9pertoire des investisseurs \u00e0 impact Ressources juridiques (statuts, documentation corporate) Lors de ce coaching, nous avancerons en fonction de votre projet et de vos besoins sp\u00e9cifiques. Vous repartirez avec des pistes concr\u00e8tes pour structurer votre recherche de financements et maximiser vos opportunit\u00e9s.  Intervenant: Aya Inane de Finetic  Passionn\u00e9e par la finance \u00e0 impact, j'ai eu des exp\u00e9riences en entreprise et en fonds \u00e0 impact. J'ai rejoins Finetic pour avoir davantage de proximit\u00e9 avec des porteurs de projets \u00e0 fort potentiel d'impact en les accompagnant dans la structuration de leurs business plans =)  Son super pouvoir : Transforme vos id\u00e9es g\u00e9niales en super business plans  Son petit mot : L'entrepreneuriat est un processus d'apprentissage continu. Si vous doutez, c'est que vous \u00eates sur la bonne voie !  Dur\u00e9e\u00a0: Un cr\u00e9neau de 1h en individuel  Attention ! \u00a0Veuillez vous pr\u00e9senter \u00e0 l\u2019heure pour que l\u2019activit\u00e9 puisse commencer \u00e0 temps. Si vous avez du retard veuillez pr\u00e9venir l\u2019intervenant.e. Si vous avez plus de 15 min de retard l\u2019intervenant.e se r\u00e9serve le droit de ne plus vous accepter pour le coaching ou l\u2019atelier.\u00a0  Vous souhaitez vous inscrire \u00e0 ce coaching ? Une fois que vous avez re\u00e7u l\u2019invitation Google Calendrier pour le coaching que vous avez r\u00e9serv\u00e9, envoyez un mail \u00e0 l\u2019experte qui est dans l\u2019invitation avec vous en joignant tous les documents qui lui seraient utiles pour pr\u00e9parer au mieux cette heure.","og_url":"https:\/\/empow-her.com\/produit\/coaching-comment-chercher-ses-premiers-financements-2\/","og_site_name":"Empow&#039;Her","article_modified_time":"2025-06-04T09:58:55+00:00","og_image":[{"width":1080,"height":1080,"url":"https:\/\/empow-her.com\/wp-content\/uploads\/2025\/06\/Women-Dare-templates-events-86.png","type":"image\/png"}],"twitter_card":"summary_large_image","twitter_misc":{"Tiempo de lectura":"3 minutos"},"schema":{"@context":"https:\/\/schema.org","@graph":[{"@type":"WebPage","@id":"https:\/\/empow-her.com\/produit\/coaching-comment-chercher-ses-premiers-financements-2\/","url":"https:\/\/empow-her.com\/produit\/coaching-comment-chercher-ses-premiers-financements-2\/","name":"Coaching : Chercher ses financemenents","isPartOf":{"@id":"https:\/\/empow-her.com\/#website"},"primaryImageOfPage":{"@id":"https:\/\/empow-her.com\/produit\/coaching-comment-chercher-ses-premiers-financements-2\/#primaryimage"},"image":{"@id":"https:\/\/empow-her.com\/produit\/coaching-comment-chercher-ses-premiers-financements-2\/#primaryimage"},"thumbnailUrl":"https:\/\/empow-her.com\/wp-content\/uploads\/2025\/06\/Women-Dare-templates-events-86.png","datePublished":"2025-06-04T09:56:05+00:00","dateModified":"2025-06-04T09:58:55+00:00","breadcrumb":{"@id":"https:\/\/empow-her.com\/produit\/coaching-comment-chercher-ses-premiers-financements-2\/#breadcrumb"},"inLanguage":"es","potentialAction":[{"@type":"ReadAction","target":["https:\/\/empow-her.com\/produit\/coaching-comment-chercher-ses-premiers-financements-2\/"]}]},{"@type":"ImageObject","inLanguage":"es","@id":"https:\/\/empow-her.com\/produit\/coaching-comment-chercher-ses-premiers-financements-2\/#primaryimage","url":"https:\/\/empow-her.com\/wp-content\/uploads\/2025\/06\/Women-Dare-templates-events-86.png","contentUrl":"https:\/\/empow-her.com\/wp-content\/uploads\/2025\/06\/Women-Dare-templates-events-86.png","width":1080,"height":1080},{"@type":"BreadcrumbList","@id":"https:\/\/empow-her.com\/produit\/coaching-comment-chercher-ses-premiers-financements-2\/#breadcrumb","itemListElement":[{"@type":"ListItem","position":1,"name":"Accueil","item":"https:\/\/empow-her.com\/es\/inicio\/"},{"@type":"ListItem","position":2,"name":"LA BOUTIQUE","item":"https:\/\/empow-her.com\/boutique\/"},{"@type":"ListItem","position":3,"name":"Coaching &#8211; Comment chercher ses premiers financements"}]},{"@type":"WebSite","@id":"https:\/\/empow-her.com\/#website","url":"https:\/\/empow-her.com\/","name":"Empow&#039;Her","description":"Women Development","potentialAction":[{"@type":"SearchAction","target":{"@type":"EntryPoint","urlTemplate":"https:\/\/empow-her.com\/?s={search_term_string}"},"query-input":{"@type":"PropertyValueSpecification","valueRequired":true,"valueName":"search_term_string"}}],"inLanguage":"es"}]}},"_links":{"self":[{"href":"https:\/\/empow-her.com\/es\/wp-json\/wp\/v2\/product\/267874","targetHints":{"allow":["GET"]}}],"collection":[{"href":"https:\/\/empow-her.com\/es\/wp-json\/wp\/v2\/product"}],"about":[{"href":"https:\/\/empow-her.com\/es\/wp-json\/wp\/v2\/types\/product"}],"wp:featuredmedia":[{"embeddable":true,"href":"https:\/\/empow-her.com\/es\/wp-json\/wp\/v2\/media\/267875"}],"wp:attachment":[{"href":"https:\/\/empow-her.com\/es\/wp-json\/wp\/v2\/media?parent=267874"}],"wp:term":[{"taxonomy":"product_brand","embeddable":true,"href":"https:\/\/empow-her.com\/es\/wp-json\/wp\/v2\/product_brand?post=267874"},{"taxonomy":"product_cat","embeddable":true,"href":"https:\/\/empow-her.com\/es\/wp-json\/wp\/v2\/product_cat?post=267874"},{"taxonomy":"product_tag","embeddable":true,"href":"https:\/\/empow-her.com\/es\/wp-json\/wp\/v2\/product_tag?post=267874"},{"taxonomy":"lieu","embeddable":true,"href":"https:\/\/empow-her.com\/es\/wp-json\/wp\/v2\/lieu?post=267874"},{"taxonomy":"thematiques","embeddable":true,"href":"https:\/\/empow-her.com\/es\/wp-json\/wp\/v2\/thematiques?post=267874"}],"curies":[{"name":"wp","href":"https:\/\/api.w.org\/{rel}","templated":true}]}}