{"id":267843,"date":"2025-06-04T10:29:33","date_gmt":"2025-06-04T08:29:33","guid":{"rendered":"https:\/\/empow-her.com\/?post_type=product&#038;p=267843"},"modified":"2025-06-04T10:41:34","modified_gmt":"2025-06-04T08:41:34","slug":"coaching-cahier-de-vacances-special-communication","status":"publish","type":"product","link":"https:\/\/empow-her.com\/es\/produit\/coaching-cahier-de-vacances-special-communication\/","title":{"rendered":"Coaching &#8211; Cahier de vacances sp\u00e9cial Communication"},"content":{"rendered":"<p><span data-sheets-root=\"1\">&#x1f4e2; 1h de coaching pour revoir tous tes \u00e9l\u00e9ments de communication !<\/span><\/p>\n<p>&#x1f4a1; Ce que nous pouvons aborder :<br \/>\n&#8211; D\u00e9couvrir ensemble les leviers d&#8217;un bon personal branding<br \/>\n&#8211; Co-construire les piliers de ton personal branding<br \/>\n&#8211; S\u00e9lectionner les bons r\u00e9seaux et communications<br \/>\n&#8211; Travailler des textes existants et les am\u00e9liorer<br \/>\n&#8211; Calendrier edito de publications \u00e0 venir<\/p>\n<p>Ou alors :<br \/>\n&#8211; Co-construire les piliers de ton storytelling<br \/>\n&#8211; D\u00e9couvrir les bons gestes de routine pour assouplir sa plume<br \/>\n&#8211; Travailler des textes existants et les am\u00e9liorer<br \/>\n&#8211; Revoir ensemble des pitch-deck et am\u00e9liorer leur storytelling<\/p>\n<p><strong>Intervenant.e :<\/strong><\/p>\n<p class=\"truncate line-height-3 text-size-large\"><strong>Dargery Laureline :\u00a0<\/strong> Depuis plus de 10 ans je navigue dans le secteur cr\u00e9atif en tant qu&#8217;\u00e9ditrice, agente d&#8217;artistes, experte m\u00e9dia et storyteller en France, au Vietnam et au Canada. Il y a 2 ans, j&#8217;ai lanc\u00e9 mon entreprise pour allier mes comp\u00e9tences en storytelling \u00e0 mes engagements sociaux et environnementaux en accompagnant des ONG et structures \u00e0 impact dans leur mise en r\u00e9cit, leur strat\u00e9gie d&#8217;image et ainsi renforcer leur mise en lumi\u00e8re. En parall\u00e8le, je fais des recherches sur les nouveaux r\u00e9cits et j&#8217;ai cr\u00e9\u00e9 Mirage, le premier podcast d&#8217;enqu\u00eates sur le sujet.<\/p>\n<p><strong>Son petit mot : <\/strong>L&#8217;entrepreneuriat n&#8217;est pas n\u00e9cessairement solitaire, au contraire ! Entourez-vous en rejoignant des collectifs, en choisissant des mentors et pourquoi pas en vous associant si besoin. La cl\u00e9, c&#8217;est le collectif pour challenger vos id\u00e9es et trouver du support \ud83d\ude42<strong><br \/>\n<\/strong><\/p>\n<p><strong>Son super pouvoir :\u00a0<\/strong> Cultivatrice d&#8217;optimisme (et je dialogue avec les oiseaux &#x1f426;&#x200d;&#x2b1b;)<\/p>\n<p><strong>Attention !<\/strong> Veuillez vous pr\u00e9senter \u00e0 l&#8217;heure pour que l&#8217;activit\u00e9 puisse commencer \u00e0 temps. Si vous avez du retard veuillez pr\u00e9venir l&#8217;intervenant.e. Si vous avez plus de 15 min de retard l&#8217;intervenant.e se r\u00e9serve le droit de ne plus vous accepter pour le coaching ou l&#8217;atelier.<\/p>\n","protected":false},"excerpt":{"rendered":"<p><span data-sheets-root=\"1\">&#x1f4e2; 1h de coaching pour revoir tous tes \u00e9l\u00e9ments de communication !<\/span><\/p>\n<p>&#x1f4a1; Ce que nous pouvons aborder :<br \/>\n&#8211; D\u00e9couvrir ensemble les leviers d&#8217;un bon personal branding<br \/>\n&#8211; Co-construire les piliers de ton personal branding<br \/>\n&#8211; S\u00e9lectionner les bons r\u00e9seaux et communications<br \/>\n&#8211; Travailler des textes existants et les am\u00e9liorer<br \/>\n&#8211; Calendrier edito de publications \u00e0 venir<\/p>\n<p>Ou alors :<br \/>\n&#8211; Co-construire les piliers de ton storytelling<br \/>\n&#8211; D\u00e9couvrir les bons gestes de routine pour assouplir sa plume<br \/>\n&#8211; Travailler des textes existants et les am\u00e9liorer<br \/>\n&#8211; Revoir ensemble des pitch-deck et am\u00e9liorer leur storytelling<\/p>\n<p><strong>Intervenant.e :<\/strong><\/p>\n<p class=\"truncate line-height-3 text-size-large\"><strong>Dargery Laureline :\u00a0<\/strong> Depuis plus de 10 ans je navigue dans le secteur cr\u00e9atif en tant qu&#8217;\u00e9ditrice, agente d&#8217;artistes, experte m\u00e9dia et storyteller en France, au Vietnam et au Canada. Il y a 2 ans, j&#8217;ai lanc\u00e9 mon entreprise pour allier mes comp\u00e9tences en storytelling \u00e0 mes engagements sociaux et environnementaux en accompagnant des ONG et structures \u00e0 impact dans leur mise en r\u00e9cit, leur strat\u00e9gie d&#8217;image et ainsi renforcer leur mise en lumi\u00e8re. En parall\u00e8le, je fais des recherches sur les nouveaux r\u00e9cits et j&#8217;ai cr\u00e9\u00e9 Mirage, le premier podcast d&#8217;enqu\u00eates sur le sujet.<\/p>\n<p><strong>Son petit mot : <\/strong>L&#8217;entrepreneuriat n&#8217;est pas n\u00e9cessairement solitaire, au contraire ! Entourez-vous en rejoignant des collectifs, en choisissant des mentors et pourquoi pas en vous associant si besoin. La cl\u00e9, c&#8217;est le collectif pour challenger vos id\u00e9es et trouver du support \ud83d\ude42<strong><br \/>\n<\/strong><\/p>\n<p><strong>Son super pouvoir :\u00a0<\/strong> Cultivatrice d&#8217;optimisme (et je dialogue avec les oiseaux &#x1f426;&#x200d;&#x2b1b;)<\/p>\n<p><strong>Attention !<\/strong> Veuillez vous pr\u00e9senter \u00e0 l&#8217;heure pour que l&#8217;activit\u00e9 puisse commencer \u00e0 temps. Si vous avez du retard veuillez pr\u00e9venir l&#8217;intervenant.e. Si vous avez plus de 15 min de retard l&#8217;intervenant.e se r\u00e9serve le droit de ne plus vous accepter pour le coaching ou l&#8217;atelier.<\/p>\n","protected":false},"featured_media":267849,"template":"","format":"standard","meta":{"_acf_changed":false,"om_disable_all_campaigns":false,"_uf_show_specific_survey":0,"_uf_disable_surveys":false},"product_brand":[],"product_cat":[121],"product_tag":[143],"lieu":[125],"thematiques":[],"class_list":{"0":"post-267843","1":"product","2":"type-product","3":"status-publish","4":"format-standard","5":"has-post-thumbnail","7":"product_cat-coaching","8":"product_tag-en-ligne","9":"lieu-en-ligne","11":"first","12":"instock","13":"virtual","14":"purchasable","15":"product-type-appointment"},"exclude_global_add_ons":[],"addons":[],"acf":[],"yoast_head":"<!-- This site is optimized with the Yoast SEO plugin v24.8 - https:\/\/yoast.com\/wordpress\/plugins\/seo\/ -->\n<title>Coaching : Technique de storytelling &amp; copywritting<\/title>\n<meta name=\"robots\" content=\"index, follow, max-snippet:-1, max-image-preview:large, max-video-preview:-1\" \/>\n<link rel=\"canonical\" href=\"https:\/\/empow-her.com\/produit\/coaching-cahier-de-vacances-special-communication\/\" \/>\n<meta property=\"og:locale\" content=\"es_ES\" \/>\n<meta property=\"og:type\" content=\"article\" \/>\n<meta property=\"og:title\" content=\"Coaching : Technique de storytelling &amp; copywritting\" \/>\n<meta property=\"og:description\" content=\"&#x1f4e2; 1h de coaching pour revoir tous tes \u00e9l\u00e9ments de communication !  &#x1f4a1; Ce que nous pouvons aborder : - D\u00e9couvrir ensemble les leviers d&#039;un bon personal branding - Co-construire les piliers de ton personal branding - S\u00e9lectionner les bons r\u00e9seaux et communications - Travailler des textes existants et les am\u00e9liorer - Calendrier edito de publications \u00e0 venir  Ou alors : - Co-construire les piliers de ton storytelling - D\u00e9couvrir les bons gestes de routine pour assouplir sa plume - Travailler des textes existants et les am\u00e9liorer - Revoir ensemble des pitch-deck et am\u00e9liorer leur storytelling  Intervenant.e : Dargery Laureline :\u00a0 Depuis plus de 10 ans je navigue dans le secteur cr\u00e9atif en tant qu&#039;\u00e9ditrice, agente d&#039;artistes, experte m\u00e9dia et storyteller en France, au Vietnam et au Canada. Il y a 2 ans, j&#039;ai lanc\u00e9 mon entreprise pour allier mes comp\u00e9tences en storytelling \u00e0 mes engagements sociaux et environnementaux en accompagnant des ONG et structures \u00e0 impact dans leur mise en r\u00e9cit, leur strat\u00e9gie d&#039;image et ainsi renforcer leur mise en lumi\u00e8re. En parall\u00e8le, je fais des recherches sur les nouveaux r\u00e9cits et j&#039;ai cr\u00e9\u00e9 Mirage, le premier podcast d&#039;enqu\u00eates sur le sujet. Son petit mot : L&#039;entrepreneuriat n&#039;est pas n\u00e9cessairement solitaire, au contraire ! Entourez-vous en rejoignant des collectifs, en choisissant des mentors et pourquoi pas en vous associant si besoin. La cl\u00e9, c&#039;est le collectif pour challenger vos id\u00e9es et trouver du support :)   Son super pouvoir :\u00a0 Cultivatrice d&#039;optimisme (et je dialogue avec les oiseaux &#x1f426;&#x200d;&#x2b1b;)  Attention ! Veuillez vous pr\u00e9senter \u00e0 l&#039;heure pour que l&#039;activit\u00e9 puisse commencer \u00e0 temps. Si vous avez du retard veuillez pr\u00e9venir l&#039;intervenant.e. Si vous avez plus de 15 min de retard l&#039;intervenant.e se r\u00e9serve le droit de ne plus vous accepter pour le coaching ou l&#039;atelier.\" \/>\n<meta property=\"og:url\" content=\"https:\/\/empow-her.com\/produit\/coaching-cahier-de-vacances-special-communication\/\" \/>\n<meta property=\"og:site_name\" content=\"Empow&#039;Her\" \/>\n<meta property=\"article:modified_time\" content=\"2025-06-04T08:41:34+00:00\" \/>\n<meta property=\"og:image\" content=\"https:\/\/empow-her.com\/wp-content\/uploads\/2025\/06\/Women-Dare-templates-events-80-1.png\" \/>\n\t<meta property=\"og:image:width\" content=\"1080\" \/>\n\t<meta property=\"og:image:height\" content=\"1080\" \/>\n\t<meta property=\"og:image:type\" content=\"image\/png\" \/>\n<meta name=\"twitter:card\" content=\"summary_large_image\" \/>\n<meta name=\"twitter:label1\" content=\"Tiempo de lectura\" \/>\n\t<meta name=\"twitter:data1\" content=\"2 minutos\" \/>\n<script type=\"application\/ld+json\" class=\"yoast-schema-graph\">{\"@context\":\"https:\/\/schema.org\",\"@graph\":[{\"@type\":\"WebPage\",\"@id\":\"https:\/\/empow-her.com\/produit\/coaching-cahier-de-vacances-special-communication\/\",\"url\":\"https:\/\/empow-her.com\/produit\/coaching-cahier-de-vacances-special-communication\/\",\"name\":\"Coaching : Technique de storytelling & copywritting\",\"isPartOf\":{\"@id\":\"https:\/\/empow-her.com\/#website\"},\"primaryImageOfPage\":{\"@id\":\"https:\/\/empow-her.com\/produit\/coaching-cahier-de-vacances-special-communication\/#primaryimage\"},\"image\":{\"@id\":\"https:\/\/empow-her.com\/produit\/coaching-cahier-de-vacances-special-communication\/#primaryimage\"},\"thumbnailUrl\":\"https:\/\/empow-her.com\/wp-content\/uploads\/2025\/06\/Women-Dare-templates-events-80-1.png\",\"datePublished\":\"2025-06-04T08:29:33+00:00\",\"dateModified\":\"2025-06-04T08:41:34+00:00\",\"breadcrumb\":{\"@id\":\"https:\/\/empow-her.com\/produit\/coaching-cahier-de-vacances-special-communication\/#breadcrumb\"},\"inLanguage\":\"es\",\"potentialAction\":[{\"@type\":\"ReadAction\",\"target\":[\"https:\/\/empow-her.com\/produit\/coaching-cahier-de-vacances-special-communication\/\"]}]},{\"@type\":\"ImageObject\",\"inLanguage\":\"es\",\"@id\":\"https:\/\/empow-her.com\/produit\/coaching-cahier-de-vacances-special-communication\/#primaryimage\",\"url\":\"https:\/\/empow-her.com\/wp-content\/uploads\/2025\/06\/Women-Dare-templates-events-80-1.png\",\"contentUrl\":\"https:\/\/empow-her.com\/wp-content\/uploads\/2025\/06\/Women-Dare-templates-events-80-1.png\",\"width\":1080,\"height\":1080},{\"@type\":\"BreadcrumbList\",\"@id\":\"https:\/\/empow-her.com\/produit\/coaching-cahier-de-vacances-special-communication\/#breadcrumb\",\"itemListElement\":[{\"@type\":\"ListItem\",\"position\":1,\"name\":\"Accueil\",\"item\":\"https:\/\/empow-her.com\/es\/inicio\/\"},{\"@type\":\"ListItem\",\"position\":2,\"name\":\"LA BOUTIQUE\",\"item\":\"https:\/\/empow-her.com\/boutique\/\"},{\"@type\":\"ListItem\",\"position\":3,\"name\":\"Coaching &#8211; Cahier de vacances sp\u00e9cial Communication\"}]},{\"@type\":\"WebSite\",\"@id\":\"https:\/\/empow-her.com\/#website\",\"url\":\"https:\/\/empow-her.com\/\",\"name\":\"Empow&#039;Her\",\"description\":\"Women Development\",\"potentialAction\":[{\"@type\":\"SearchAction\",\"target\":{\"@type\":\"EntryPoint\",\"urlTemplate\":\"https:\/\/empow-her.com\/?s={search_term_string}\"},\"query-input\":{\"@type\":\"PropertyValueSpecification\",\"valueRequired\":true,\"valueName\":\"search_term_string\"}}],\"inLanguage\":\"es\"}]}<\/script>\n<!-- \/ Yoast SEO plugin. -->","yoast_head_json":{"title":"Coaching : Technique de storytelling & copywritting","robots":{"index":"index","follow":"follow","max-snippet":"max-snippet:-1","max-image-preview":"max-image-preview:large","max-video-preview":"max-video-preview:-1"},"canonical":"https:\/\/empow-her.com\/produit\/coaching-cahier-de-vacances-special-communication\/","og_locale":"es_ES","og_type":"article","og_title":"Coaching : Technique de storytelling & copywritting","og_description":"&#x1f4e2; 1h de coaching pour revoir tous tes \u00e9l\u00e9ments de communication !  &#x1f4a1; Ce que nous pouvons aborder : - D\u00e9couvrir ensemble les leviers d'un bon personal branding - Co-construire les piliers de ton personal branding - S\u00e9lectionner les bons r\u00e9seaux et communications - Travailler des textes existants et les am\u00e9liorer - Calendrier edito de publications \u00e0 venir  Ou alors : - Co-construire les piliers de ton storytelling - D\u00e9couvrir les bons gestes de routine pour assouplir sa plume - Travailler des textes existants et les am\u00e9liorer - Revoir ensemble des pitch-deck et am\u00e9liorer leur storytelling  Intervenant.e : Dargery Laureline :\u00a0 Depuis plus de 10 ans je navigue dans le secteur cr\u00e9atif en tant qu'\u00e9ditrice, agente d'artistes, experte m\u00e9dia et storyteller en France, au Vietnam et au Canada. Il y a 2 ans, j'ai lanc\u00e9 mon entreprise pour allier mes comp\u00e9tences en storytelling \u00e0 mes engagements sociaux et environnementaux en accompagnant des ONG et structures \u00e0 impact dans leur mise en r\u00e9cit, leur strat\u00e9gie d'image et ainsi renforcer leur mise en lumi\u00e8re. En parall\u00e8le, je fais des recherches sur les nouveaux r\u00e9cits et j'ai cr\u00e9\u00e9 Mirage, le premier podcast d'enqu\u00eates sur le sujet. Son petit mot : L'entrepreneuriat n'est pas n\u00e9cessairement solitaire, au contraire ! Entourez-vous en rejoignant des collectifs, en choisissant des mentors et pourquoi pas en vous associant si besoin. La cl\u00e9, c'est le collectif pour challenger vos id\u00e9es et trouver du support :)   Son super pouvoir :\u00a0 Cultivatrice d'optimisme (et je dialogue avec les oiseaux &#x1f426;&#x200d;&#x2b1b;)  Attention ! Veuillez vous pr\u00e9senter \u00e0 l'heure pour que l'activit\u00e9 puisse commencer \u00e0 temps. Si vous avez du retard veuillez pr\u00e9venir l'intervenant.e. Si vous avez plus de 15 min de retard l'intervenant.e se r\u00e9serve le droit de ne plus vous accepter pour le coaching ou l'atelier.","og_url":"https:\/\/empow-her.com\/produit\/coaching-cahier-de-vacances-special-communication\/","og_site_name":"Empow&#039;Her","article_modified_time":"2025-06-04T08:41:34+00:00","og_image":[{"width":1080,"height":1080,"url":"https:\/\/empow-her.com\/wp-content\/uploads\/2025\/06\/Women-Dare-templates-events-80-1.png","type":"image\/png"}],"twitter_card":"summary_large_image","twitter_misc":{"Tiempo de lectura":"2 minutos"},"schema":{"@context":"https:\/\/schema.org","@graph":[{"@type":"WebPage","@id":"https:\/\/empow-her.com\/produit\/coaching-cahier-de-vacances-special-communication\/","url":"https:\/\/empow-her.com\/produit\/coaching-cahier-de-vacances-special-communication\/","name":"Coaching : Technique de storytelling & copywritting","isPartOf":{"@id":"https:\/\/empow-her.com\/#website"},"primaryImageOfPage":{"@id":"https:\/\/empow-her.com\/produit\/coaching-cahier-de-vacances-special-communication\/#primaryimage"},"image":{"@id":"https:\/\/empow-her.com\/produit\/coaching-cahier-de-vacances-special-communication\/#primaryimage"},"thumbnailUrl":"https:\/\/empow-her.com\/wp-content\/uploads\/2025\/06\/Women-Dare-templates-events-80-1.png","datePublished":"2025-06-04T08:29:33+00:00","dateModified":"2025-06-04T08:41:34+00:00","breadcrumb":{"@id":"https:\/\/empow-her.com\/produit\/coaching-cahier-de-vacances-special-communication\/#breadcrumb"},"inLanguage":"es","potentialAction":[{"@type":"ReadAction","target":["https:\/\/empow-her.com\/produit\/coaching-cahier-de-vacances-special-communication\/"]}]},{"@type":"ImageObject","inLanguage":"es","@id":"https:\/\/empow-her.com\/produit\/coaching-cahier-de-vacances-special-communication\/#primaryimage","url":"https:\/\/empow-her.com\/wp-content\/uploads\/2025\/06\/Women-Dare-templates-events-80-1.png","contentUrl":"https:\/\/empow-her.com\/wp-content\/uploads\/2025\/06\/Women-Dare-templates-events-80-1.png","width":1080,"height":1080},{"@type":"BreadcrumbList","@id":"https:\/\/empow-her.com\/produit\/coaching-cahier-de-vacances-special-communication\/#breadcrumb","itemListElement":[{"@type":"ListItem","position":1,"name":"Accueil","item":"https:\/\/empow-her.com\/es\/inicio\/"},{"@type":"ListItem","position":2,"name":"LA BOUTIQUE","item":"https:\/\/empow-her.com\/boutique\/"},{"@type":"ListItem","position":3,"name":"Coaching &#8211; Cahier de vacances sp\u00e9cial Communication"}]},{"@type":"WebSite","@id":"https:\/\/empow-her.com\/#website","url":"https:\/\/empow-her.com\/","name":"Empow&#039;Her","description":"Women Development","potentialAction":[{"@type":"SearchAction","target":{"@type":"EntryPoint","urlTemplate":"https:\/\/empow-her.com\/?s={search_term_string}"},"query-input":{"@type":"PropertyValueSpecification","valueRequired":true,"valueName":"search_term_string"}}],"inLanguage":"es"}]}},"_links":{"self":[{"href":"https:\/\/empow-her.com\/es\/wp-json\/wp\/v2\/product\/267843","targetHints":{"allow":["GET"]}}],"collection":[{"href":"https:\/\/empow-her.com\/es\/wp-json\/wp\/v2\/product"}],"about":[{"href":"https:\/\/empow-her.com\/es\/wp-json\/wp\/v2\/types\/product"}],"wp:featuredmedia":[{"embeddable":true,"href":"https:\/\/empow-her.com\/es\/wp-json\/wp\/v2\/media\/267849"}],"wp:attachment":[{"href":"https:\/\/empow-her.com\/es\/wp-json\/wp\/v2\/media?parent=267843"}],"wp:term":[{"taxonomy":"product_brand","embeddable":true,"href":"https:\/\/empow-her.com\/es\/wp-json\/wp\/v2\/product_brand?post=267843"},{"taxonomy":"product_cat","embeddable":true,"href":"https:\/\/empow-her.com\/es\/wp-json\/wp\/v2\/product_cat?post=267843"},{"taxonomy":"product_tag","embeddable":true,"href":"https:\/\/empow-her.com\/es\/wp-json\/wp\/v2\/product_tag?post=267843"},{"taxonomy":"lieu","embeddable":true,"href":"https:\/\/empow-her.com\/es\/wp-json\/wp\/v2\/lieu?post=267843"},{"taxonomy":"thematiques","embeddable":true,"href":"https:\/\/empow-her.com\/es\/wp-json\/wp\/v2\/thematiques?post=267843"}],"curies":[{"name":"wp","href":"https:\/\/api.w.org\/{rel}","templated":true}]}}